{"id":27810,"date":"2019-11-07T11:04:11","date_gmt":"2019-11-07T10:04:11","guid":{"rendered":"https:\/\/www.casavio.com\/?page_id=27810"},"modified":"2026-03-25T09:19:38","modified_gmt":"2026-03-25T08:19:38","slug":"sup-yoga","status":"publish","type":"page","link":"https:\/\/www.casavio.com\/da\/aktiviteter-paa-campingpladsen\/sport-og-fitness\/sup-yoga\/","title":{"rendered":"SUP Yoga"},"content":{"rendered":"<p>Pr\u00f8v noget nyt, SUP yoga. Det betyder, at du skal finde din balance og holde din stilling, mens du st\u00e5r p\u00e5 br\u00e6ttet. Det er sjovt og sundt p\u00e5 samme tid.<br \/>\nAktiviteten ffinder sted i <a href=\"https:\/\/www.casavio.com\/da\/faciliteter\/swimmingpools-ca-savio\/\">poolen<\/a> omkring solnedgang, 2 gange om ugen i juli og august. Find flere detaljer om PLUS-animationsprogrammerne omkring campingpladsen.<\/p>\n<p>&nbsp;<\/p>\n","protected":false},"excerpt":{"rendered":"<p>Slap af og find din balance ved at dyrke yoga p\u00e5 SUP.<\/p>\n","protected":false},"author":6,"featured_media":28480,"parent":9557,"menu_order":56,"comment_status":"closed","ping_status":"closed","template":"","meta":{"_acf_changed":false},"class_list":["post-27810","page","type-page","status-publish","has-post-thumbnail","hentry"],"acf":[],"yoast_head":"<!-- This site is optimized with the Yoast SEO plugin v25.3 - https:\/\/yoast.com\/wordpress\/plugins\/seo\/ -->\n<title>SUP Yoga | Sport og Fitness p\u00e5 campingpladsen &#8211; Camping Ca&#039; Savio<\/title>\n<meta name=\"description\" content=\"Slap af og find balancen ved at dyrke yoga p\u00e5 SUP&#039;en.\" \/>\n<meta name=\"robots\" content=\"index, follow, max-snippet:-1, max-image-preview:large, max-video-preview:-1\" \/>\n<link rel=\"canonical\" href=\"https:\/\/www.casavio.com\/da\/aktiviteter-paa-campingpladsen\/sport-og-fitness\/sup-yoga\/\" \/>\n<meta property=\"og:locale\" content=\"da_DK\" \/>\n<meta property=\"og:type\" content=\"article\" \/>\n<meta property=\"og:title\" content=\"SUP Yoga | Sport og Fitness p\u00e5 campingpladsen &#8211; Camping Ca&#039; Savio\" \/>\n<meta property=\"og:description\" content=\"Slap af og find balancen ved at dyrke yoga p\u00e5 SUP&#039;en.\" \/>\n<meta property=\"og:url\" content=\"https:\/\/www.casavio.com\/da\/aktiviteter-paa-campingpladsen\/sport-og-fitness\/sup-yoga\/\" \/>\n<meta property=\"og:site_name\" content=\"Camping Ca&#039; Savio\" \/>\n<meta property=\"article:publisher\" content=\"https:\/\/www.facebook.com\/campingcasavio\" \/>\n<meta property=\"article:modified_time\" content=\"2026-03-25T08:19:38+00:00\" \/>\n<meta property=\"og:image\" content=\"https:\/\/www.casavio.com\/wp-content\/uploads\/2023\/07\/yoga_sup_v41.jpg\" \/>\n\t<meta property=\"og:image:width\" content=\"440\" \/>\n\t<meta property=\"og:image:height\" content=\"600\" \/>\n\t<meta property=\"og:image:type\" content=\"image\/jpeg\" \/>\n<meta name=\"twitter:card\" content=\"summary_large_image\" \/>\n<meta name=\"twitter:label1\" content=\"Estimeret l\u00e6setid\" \/>\n\t<meta name=\"twitter:data1\" content=\"1 minut\" \/>\n<script type=\"application\/ld+json\" class=\"yoast-schema-graph\">{\"@context\":\"https:\/\/schema.org\",\"@graph\":[{\"@type\":\"WebPage\",\"@id\":\"https:\/\/www.casavio.com\/da\/aktiviteter-paa-campingpladsen\/sport-og-fitness\/sup-yoga\/\",\"url\":\"https:\/\/www.casavio.com\/da\/aktiviteter-paa-campingpladsen\/sport-og-fitness\/sup-yoga\/\",\"name\":\"SUP Yoga | Sport og Fitness p\u00e5 campingpladsen &#8211; Camping Ca&#039; Savio\",\"isPartOf\":{\"@id\":\"https:\/\/www.casavio.com\/da\/#website\"},\"primaryImageOfPage\":{\"@id\":\"https:\/\/www.casavio.com\/da\/aktiviteter-paa-campingpladsen\/sport-og-fitness\/sup-yoga\/#primaryimage\"},\"image\":{\"@id\":\"https:\/\/www.casavio.com\/da\/aktiviteter-paa-campingpladsen\/sport-og-fitness\/sup-yoga\/#primaryimage\"},\"thumbnailUrl\":\"https:\/\/www.casavio.com\/wp-content\/uploads\/2023\/07\/yoga_sup_v41.jpg\",\"datePublished\":\"2019-11-07T10:04:11+00:00\",\"dateModified\":\"2026-03-25T08:19:38+00:00\",\"description\":\"Slap af og find balancen ved at dyrke yoga p\u00e5 SUP'en.\",\"breadcrumb\":{\"@id\":\"https:\/\/www.casavio.com\/da\/aktiviteter-paa-campingpladsen\/sport-og-fitness\/sup-yoga\/#breadcrumb\"},\"inLanguage\":\"da-DK\",\"potentialAction\":[{\"@type\":\"ReadAction\",\"target\":[\"https:\/\/www.casavio.com\/da\/aktiviteter-paa-campingpladsen\/sport-og-fitness\/sup-yoga\/\"]}]},{\"@type\":\"ImageObject\",\"inLanguage\":\"da-DK\",\"@id\":\"https:\/\/www.casavio.com\/da\/aktiviteter-paa-campingpladsen\/sport-og-fitness\/sup-yoga\/#primaryimage\",\"url\":\"https:\/\/www.casavio.com\/wp-content\/uploads\/2023\/07\/yoga_sup_v41.jpg\",\"contentUrl\":\"https:\/\/www.casavio.com\/wp-content\/uploads\/2023\/07\/yoga_sup_v41.jpg\",\"width\":440,\"height\":600},{\"@type\":\"BreadcrumbList\",\"@id\":\"https:\/\/www.casavio.com\/da\/aktiviteter-paa-campingpladsen\/sport-og-fitness\/sup-yoga\/#breadcrumb\",\"itemListElement\":[{\"@type\":\"ListItem\",\"position\":1,\"name\":\"Home\",\"item\":\"https:\/\/www.casavio.com\/da\/\"},{\"@type\":\"ListItem\",\"position\":2,\"name\":\"Aktiviteter\",\"item\":\"https:\/\/www.casavio.com\/da\/aktiviteter-paa-campingpladsen\/\"},{\"@type\":\"ListItem\",\"position\":3,\"name\":\"Sport og Fitness\",\"item\":\"https:\/\/www.casavio.com\/da\/aktiviteter-paa-campingpladsen\/sport-og-fitness\/\"},{\"@type\":\"ListItem\",\"position\":4,\"name\":\"SUP Yoga\"}]},{\"@type\":\"WebSite\",\"@id\":\"https:\/\/www.casavio.com\/da\/#website\",\"url\":\"https:\/\/www.casavio.com\/da\/\",\"name\":\"Camping Ca&#039; Savio\",\"description\":\"\",\"publisher\":{\"@id\":\"https:\/\/www.casavio.com\/da\/#organization\"},\"potentialAction\":[{\"@type\":\"SearchAction\",\"target\":{\"@type\":\"EntryPoint\",\"urlTemplate\":\"https:\/\/www.casavio.com\/da\/?s={search_term_string}\"},\"query-input\":{\"@type\":\"PropertyValueSpecification\",\"valueRequired\":true,\"valueName\":\"search_term_string\"}}],\"inLanguage\":\"da-DK\"},{\"@type\":\"Organization\",\"@id\":\"https:\/\/www.casavio.com\/da\/#organization\",\"name\":\"Camping Ca'Savio\",\"url\":\"https:\/\/www.casavio.com\/da\/\",\"logo\":{\"@type\":\"ImageObject\",\"inLanguage\":\"da-DK\",\"@id\":\"https:\/\/www.casavio.com\/da\/#\/schema\/logo\/image\/\",\"url\":\"https:\/\/www.casavio.com\/wp-content\/uploads\/2024\/04\/favicon.png\",\"contentUrl\":\"https:\/\/www.casavio.com\/wp-content\/uploads\/2024\/04\/favicon.png\",\"width\":144,\"height\":144,\"caption\":\"Camping Ca'Savio\"},\"image\":{\"@id\":\"https:\/\/www.casavio.com\/da\/#\/schema\/logo\/image\/\"},\"sameAs\":[\"https:\/\/www.facebook.com\/campingcasavio\",\"https:\/\/www.instagram.com\/campingcasavio\",\"https:\/\/www.youtube.com\/user\/campingcasavio\"]}]}<\/script>\n<!-- \/ Yoast SEO plugin. -->","yoast_head_json":{"title":"SUP Yoga | Sport og Fitness p\u00e5 campingpladsen &#8211; Camping Ca&#039; Savio","description":"Slap af og find balancen ved at dyrke yoga p\u00e5 SUP'en.","robots":{"index":"index","follow":"follow","max-snippet":"max-snippet:-1","max-image-preview":"max-image-preview:large","max-video-preview":"max-video-preview:-1"},"canonical":"https:\/\/www.casavio.com\/da\/aktiviteter-paa-campingpladsen\/sport-og-fitness\/sup-yoga\/","og_locale":"da_DK","og_type":"article","og_title":"SUP Yoga | Sport og Fitness p\u00e5 campingpladsen &#8211; Camping Ca&#039; Savio","og_description":"Slap af og find balancen ved at dyrke yoga p\u00e5 SUP'en.","og_url":"https:\/\/www.casavio.com\/da\/aktiviteter-paa-campingpladsen\/sport-og-fitness\/sup-yoga\/","og_site_name":"Camping Ca&#039; Savio","article_publisher":"https:\/\/www.facebook.com\/campingcasavio","article_modified_time":"2026-03-25T08:19:38+00:00","og_image":[{"width":440,"height":600,"url":"https:\/\/www.casavio.com\/wp-content\/uploads\/2023\/07\/yoga_sup_v41.jpg","type":"image\/jpeg"}],"twitter_card":"summary_large_image","twitter_misc":{"Estimeret l\u00e6setid":"1 minut"},"schema":{"@context":"https:\/\/schema.org","@graph":[{"@type":"WebPage","@id":"https:\/\/www.casavio.com\/da\/aktiviteter-paa-campingpladsen\/sport-og-fitness\/sup-yoga\/","url":"https:\/\/www.casavio.com\/da\/aktiviteter-paa-campingpladsen\/sport-og-fitness\/sup-yoga\/","name":"SUP Yoga | Sport og Fitness p\u00e5 campingpladsen &#8211; Camping Ca&#039; Savio","isPartOf":{"@id":"https:\/\/www.casavio.com\/da\/#website"},"primaryImageOfPage":{"@id":"https:\/\/www.casavio.com\/da\/aktiviteter-paa-campingpladsen\/sport-og-fitness\/sup-yoga\/#primaryimage"},"image":{"@id":"https:\/\/www.casavio.com\/da\/aktiviteter-paa-campingpladsen\/sport-og-fitness\/sup-yoga\/#primaryimage"},"thumbnailUrl":"https:\/\/www.casavio.com\/wp-content\/uploads\/2023\/07\/yoga_sup_v41.jpg","datePublished":"2019-11-07T10:04:11+00:00","dateModified":"2026-03-25T08:19:38+00:00","description":"Slap af og find balancen ved at dyrke yoga p\u00e5 SUP'en.","breadcrumb":{"@id":"https:\/\/www.casavio.com\/da\/aktiviteter-paa-campingpladsen\/sport-og-fitness\/sup-yoga\/#breadcrumb"},"inLanguage":"da-DK","potentialAction":[{"@type":"ReadAction","target":["https:\/\/www.casavio.com\/da\/aktiviteter-paa-campingpladsen\/sport-og-fitness\/sup-yoga\/"]}]},{"@type":"ImageObject","inLanguage":"da-DK","@id":"https:\/\/www.casavio.com\/da\/aktiviteter-paa-campingpladsen\/sport-og-fitness\/sup-yoga\/#primaryimage","url":"https:\/\/www.casavio.com\/wp-content\/uploads\/2023\/07\/yoga_sup_v41.jpg","contentUrl":"https:\/\/www.casavio.com\/wp-content\/uploads\/2023\/07\/yoga_sup_v41.jpg","width":440,"height":600},{"@type":"BreadcrumbList","@id":"https:\/\/www.casavio.com\/da\/aktiviteter-paa-campingpladsen\/sport-og-fitness\/sup-yoga\/#breadcrumb","itemListElement":[{"@type":"ListItem","position":1,"name":"Home","item":"https:\/\/www.casavio.com\/da\/"},{"@type":"ListItem","position":2,"name":"Aktiviteter","item":"https:\/\/www.casavio.com\/da\/aktiviteter-paa-campingpladsen\/"},{"@type":"ListItem","position":3,"name":"Sport og Fitness","item":"https:\/\/www.casavio.com\/da\/aktiviteter-paa-campingpladsen\/sport-og-fitness\/"},{"@type":"ListItem","position":4,"name":"SUP Yoga"}]},{"@type":"WebSite","@id":"https:\/\/www.casavio.com\/da\/#website","url":"https:\/\/www.casavio.com\/da\/","name":"Camping Ca&#039; Savio","description":"","publisher":{"@id":"https:\/\/www.casavio.com\/da\/#organization"},"potentialAction":[{"@type":"SearchAction","target":{"@type":"EntryPoint","urlTemplate":"https:\/\/www.casavio.com\/da\/?s={search_term_string}"},"query-input":{"@type":"PropertyValueSpecification","valueRequired":true,"valueName":"search_term_string"}}],"inLanguage":"da-DK"},{"@type":"Organization","@id":"https:\/\/www.casavio.com\/da\/#organization","name":"Camping Ca'Savio","url":"https:\/\/www.casavio.com\/da\/","logo":{"@type":"ImageObject","inLanguage":"da-DK","@id":"https:\/\/www.casavio.com\/da\/#\/schema\/logo\/image\/","url":"https:\/\/www.casavio.com\/wp-content\/uploads\/2024\/04\/favicon.png","contentUrl":"https:\/\/www.casavio.com\/wp-content\/uploads\/2024\/04\/favicon.png","width":144,"height":144,"caption":"Camping Ca'Savio"},"image":{"@id":"https:\/\/www.casavio.com\/da\/#\/schema\/logo\/image\/"},"sameAs":["https:\/\/www.facebook.com\/campingcasavio","https:\/\/www.instagram.com\/campingcasavio","https:\/\/www.youtube.com\/user\/campingcasavio"]}]}},"_links":{"self":[{"href":"https:\/\/www.casavio.com\/da\/wp-json\/wp\/v2\/pages\/27810","targetHints":{"allow":["GET"]}}],"collection":[{"href":"https:\/\/www.casavio.com\/da\/wp-json\/wp\/v2\/pages"}],"about":[{"href":"https:\/\/www.casavio.com\/da\/wp-json\/wp\/v2\/types\/page"}],"author":[{"embeddable":true,"href":"https:\/\/www.casavio.com\/da\/wp-json\/wp\/v2\/users\/6"}],"replies":[{"embeddable":true,"href":"https:\/\/www.casavio.com\/da\/wp-json\/wp\/v2\/comments?post=27810"}],"version-history":[{"count":2,"href":"https:\/\/www.casavio.com\/da\/wp-json\/wp\/v2\/pages\/27810\/revisions"}],"predecessor-version":[{"id":46201,"href":"https:\/\/www.casavio.com\/da\/wp-json\/wp\/v2\/pages\/27810\/revisions\/46201"}],"up":[{"embeddable":true,"href":"https:\/\/www.casavio.com\/da\/wp-json\/wp\/v2\/pages\/9557"}],"wp:featuredmedia":[{"embeddable":true,"href":"https:\/\/www.casavio.com\/da\/wp-json\/wp\/v2\/media\/28480"}],"wp:attachment":[{"href":"https:\/\/www.casavio.com\/da\/wp-json\/wp\/v2\/media?parent=27810"}],"curies":[{"name":"wp","href":"https:\/\/api.w.org\/{rel}","templated":true}]}}