{"id":32687,"date":"2024-05-29T11:37:32","date_gmt":"2024-05-29T09:37:32","guid":{"rendered":"https:\/\/www.casavio.com\/faciliteter\/ekstra-serviceydelser\/umbrella-and-sun-lounger-rental\/"},"modified":"2026-02-17T12:51:08","modified_gmt":"2026-02-17T11:51:08","slug":"umbrella-and-sun-lounger-rental","status":"publish","type":"page","link":"https:\/\/www.casavio.com\/da\/faciliteter\/ekstra-serviceydelser\/umbrella-and-sun-lounger-rental\/","title":{"rendered":"Udlejning af parasoller og liggestole"},"content":{"rendered":"<p>Tjenesten er tilg\u00e6ngelig fra 08\/06 til 08\/09, og vores personale er til stede p\u00e5 <a href=\"https:\/\/www.casavio.com\/da\/faciliteter\/stranden-ca-savio\/\">stranden<\/a> hver dag fra kl. 9 til 19 for at byde dig velkommen, tildele parasoller og solsenge og yde dig enhver form for assistance.<\/p>\n<p>Tjenesten er dedikeret til dig som <strong>g\u00e6st p\u00e5 campingpladsen<\/strong>, s\u00e5 du kan <a href=\"https:\/\/booking.casavio.com\/contact\" target=\"_blank\" rel=\"noopener\">bestille den p\u00e5 forh\u00e5nd<\/a> ved at tilf\u00f8je gebyret i reservationen eller k\u00f8be den p\u00e5 stedet ved at betale i receptionen eller kundeservicekontoret.<\/p>\n<p>Du kan leje <strong>1 parasol og 2 liggestole<\/strong> til en pris af <strong>21 \u20ac pr. dag<\/strong>, og vi tilbyder en rabatpris p\u00e5 19 \u20ac pr. dag ved leje i mere end 7 dage.<\/p>\n<p>Omr\u00e5det med parasoller og solsenge ligger ved <strong>strandadgang nr. 7<\/strong> og er fuldst\u00e6ndig <strong>r\u00f8gfrit<\/strong>, s\u00e5 du kan nyde alle fordelene ved havluften uden passiv rygning eller cigaretskodder, der ligger p\u00e5 sandet og \u00f8del\u00e6gger milj\u00f8et og forstyrrer dine b\u00f8rns leg.<\/p>\n<p>For at g\u00f8re campingpladsens strand mere tilg\u00e6ngelig og inkluderende kan der lejes et par strandk\u00f8restole til personer med handicap (<a href=\"https:\/\/booking.casavio.com\/contact\" target=\"_blank\" rel=\"noopener\">efter anmodning<\/a> og afh\u00e6ngigt af tilg\u00e6ngelighed) p\u00e5 campingpladsen. K\u00f8restolene har hjul, der er egnet til at k\u00f8re p\u00e5 sand og i vandet.<\/p>\n<p>F\u00e5 mere at vide om vores brede strand og dens faciliteter, s\u00e5 du kan nyde dage ved stranden med afslapning og sjov i fuld frihed, med blot et par vigtige <a href=\"https:\/\/www.casavio.com\/da\/vores-campingplads\/reglement\/\">regler<\/a> for din sikkerhed og respekt for naturen.<\/p>\n","protected":false},"excerpt":{"rendered":"<p>En service dedikeret til dig som g\u00e6st p\u00e5 campingpladsen.<\/p>\n","protected":false},"author":6,"featured_media":39985,"parent":9508,"menu_order":4,"comment_status":"closed","ping_status":"closed","template":"","meta":{"_acf_changed":false},"class_list":["post-32687","page","type-page","status-publish","has-post-thumbnail","hentry"],"acf":[],"yoast_head":"<!-- This site is optimized with the Yoast SEO plugin v25.3 - https:\/\/yoast.com\/wordpress\/plugins\/seo\/ -->\n<title>Udlejning af parasoller og liggestole &#8211; Camping Ca&#039; Savio<\/title>\n<meta name=\"robots\" content=\"index, follow, max-snippet:-1, max-image-preview:large, max-video-preview:-1\" \/>\n<link rel=\"canonical\" href=\"https:\/\/www.casavio.com\/da\/faciliteter\/ekstra-serviceydelser\/umbrella-and-sun-lounger-rental\/\" \/>\n<meta property=\"og:locale\" content=\"da_DK\" \/>\n<meta property=\"og:type\" content=\"article\" \/>\n<meta property=\"og:title\" content=\"Udlejning af parasoller og liggestole &#8211; Camping Ca&#039; Savio\" \/>\n<meta property=\"og:description\" content=\"En service dedikeret til dig som g\u00e6st p\u00e5 campingpladsen.\" \/>\n<meta property=\"og:url\" content=\"https:\/\/www.casavio.com\/da\/faciliteter\/ekstra-serviceydelser\/umbrella-and-sun-lounger-rental\/\" \/>\n<meta property=\"og:site_name\" content=\"Camping Ca&#039; Savio\" \/>\n<meta property=\"article:publisher\" content=\"https:\/\/www.facebook.com\/campingcasavio\" \/>\n<meta property=\"article:modified_time\" content=\"2026-02-17T11:51:08+00:00\" \/>\n<meta property=\"og:image\" content=\"https:\/\/www.casavio.com\/wp-content\/uploads\/2025\/05\/spiaggia-attrezzata_ev.jpg\" \/>\n\t<meta property=\"og:image:width\" content=\"440\" \/>\n\t<meta property=\"og:image:height\" content=\"600\" \/>\n\t<meta property=\"og:image:type\" content=\"image\/jpeg\" \/>\n<meta name=\"twitter:card\" content=\"summary_large_image\" \/>\n<meta name=\"twitter:label1\" content=\"Estimeret l\u00e6setid\" \/>\n\t<meta name=\"twitter:data1\" content=\"2 minutter\" \/>\n<script type=\"application\/ld+json\" class=\"yoast-schema-graph\">{\"@context\":\"https:\/\/schema.org\",\"@graph\":[{\"@type\":\"WebPage\",\"@id\":\"https:\/\/www.casavio.com\/da\/faciliteter\/ekstra-serviceydelser\/umbrella-and-sun-lounger-rental\/\",\"url\":\"https:\/\/www.casavio.com\/da\/faciliteter\/ekstra-serviceydelser\/umbrella-and-sun-lounger-rental\/\",\"name\":\"Udlejning af parasoller og liggestole &#8211; Camping Ca&#039; Savio\",\"isPartOf\":{\"@id\":\"https:\/\/www.casavio.com\/da\/#website\"},\"primaryImageOfPage\":{\"@id\":\"https:\/\/www.casavio.com\/da\/faciliteter\/ekstra-serviceydelser\/umbrella-and-sun-lounger-rental\/#primaryimage\"},\"image\":{\"@id\":\"https:\/\/www.casavio.com\/da\/faciliteter\/ekstra-serviceydelser\/umbrella-and-sun-lounger-rental\/#primaryimage\"},\"thumbnailUrl\":\"https:\/\/www.casavio.com\/wp-content\/uploads\/2025\/05\/spiaggia-attrezzata_ev.jpg\",\"datePublished\":\"2024-05-29T09:37:32+00:00\",\"dateModified\":\"2026-02-17T11:51:08+00:00\",\"breadcrumb\":{\"@id\":\"https:\/\/www.casavio.com\/da\/faciliteter\/ekstra-serviceydelser\/umbrella-and-sun-lounger-rental\/#breadcrumb\"},\"inLanguage\":\"da-DK\",\"potentialAction\":[{\"@type\":\"ReadAction\",\"target\":[\"https:\/\/www.casavio.com\/da\/faciliteter\/ekstra-serviceydelser\/umbrella-and-sun-lounger-rental\/\"]}]},{\"@type\":\"ImageObject\",\"inLanguage\":\"da-DK\",\"@id\":\"https:\/\/www.casavio.com\/da\/faciliteter\/ekstra-serviceydelser\/umbrella-and-sun-lounger-rental\/#primaryimage\",\"url\":\"https:\/\/www.casavio.com\/wp-content\/uploads\/2025\/05\/spiaggia-attrezzata_ev.jpg\",\"contentUrl\":\"https:\/\/www.casavio.com\/wp-content\/uploads\/2025\/05\/spiaggia-attrezzata_ev.jpg\",\"width\":440,\"height\":600},{\"@type\":\"BreadcrumbList\",\"@id\":\"https:\/\/www.casavio.com\/da\/faciliteter\/ekstra-serviceydelser\/umbrella-and-sun-lounger-rental\/#breadcrumb\",\"itemListElement\":[{\"@type\":\"ListItem\",\"position\":1,\"name\":\"Home\",\"item\":\"https:\/\/www.casavio.com\/da\/\"},{\"@type\":\"ListItem\",\"position\":2,\"name\":\"Faciliteter\",\"item\":\"https:\/\/www.casavio.com\/da\/faciliteter\/\"},{\"@type\":\"ListItem\",\"position\":3,\"name\":\"Ekstra serviceydelser\",\"item\":\"https:\/\/www.casavio.com\/da\/faciliteter\/ekstra-serviceydelser\/\"},{\"@type\":\"ListItem\",\"position\":4,\"name\":\"Udlejning af parasoller og liggestole\"}]},{\"@type\":\"WebSite\",\"@id\":\"https:\/\/www.casavio.com\/da\/#website\",\"url\":\"https:\/\/www.casavio.com\/da\/\",\"name\":\"Camping Ca&#039; Savio\",\"description\":\"\",\"publisher\":{\"@id\":\"https:\/\/www.casavio.com\/da\/#organization\"},\"potentialAction\":[{\"@type\":\"SearchAction\",\"target\":{\"@type\":\"EntryPoint\",\"urlTemplate\":\"https:\/\/www.casavio.com\/da\/?s={search_term_string}\"},\"query-input\":{\"@type\":\"PropertyValueSpecification\",\"valueRequired\":true,\"valueName\":\"search_term_string\"}}],\"inLanguage\":\"da-DK\"},{\"@type\":\"Organization\",\"@id\":\"https:\/\/www.casavio.com\/da\/#organization\",\"name\":\"Camping Ca'Savio\",\"url\":\"https:\/\/www.casavio.com\/da\/\",\"logo\":{\"@type\":\"ImageObject\",\"inLanguage\":\"da-DK\",\"@id\":\"https:\/\/www.casavio.com\/da\/#\/schema\/logo\/image\/\",\"url\":\"https:\/\/www.casavio.com\/wp-content\/uploads\/2024\/04\/favicon.png\",\"contentUrl\":\"https:\/\/www.casavio.com\/wp-content\/uploads\/2024\/04\/favicon.png\",\"width\":144,\"height\":144,\"caption\":\"Camping Ca'Savio\"},\"image\":{\"@id\":\"https:\/\/www.casavio.com\/da\/#\/schema\/logo\/image\/\"},\"sameAs\":[\"https:\/\/www.facebook.com\/campingcasavio\",\"https:\/\/www.instagram.com\/campingcasavio\",\"https:\/\/www.youtube.com\/user\/campingcasavio\"]}]}<\/script>\n<!-- \/ Yoast SEO plugin. -->","yoast_head_json":{"title":"Udlejning af parasoller og liggestole &#8211; Camping Ca&#039; Savio","robots":{"index":"index","follow":"follow","max-snippet":"max-snippet:-1","max-image-preview":"max-image-preview:large","max-video-preview":"max-video-preview:-1"},"canonical":"https:\/\/www.casavio.com\/da\/faciliteter\/ekstra-serviceydelser\/umbrella-and-sun-lounger-rental\/","og_locale":"da_DK","og_type":"article","og_title":"Udlejning af parasoller og liggestole &#8211; Camping Ca&#039; Savio","og_description":"En service dedikeret til dig som g\u00e6st p\u00e5 campingpladsen.","og_url":"https:\/\/www.casavio.com\/da\/faciliteter\/ekstra-serviceydelser\/umbrella-and-sun-lounger-rental\/","og_site_name":"Camping Ca&#039; Savio","article_publisher":"https:\/\/www.facebook.com\/campingcasavio","article_modified_time":"2026-02-17T11:51:08+00:00","og_image":[{"width":440,"height":600,"url":"https:\/\/www.casavio.com\/wp-content\/uploads\/2025\/05\/spiaggia-attrezzata_ev.jpg","type":"image\/jpeg"}],"twitter_card":"summary_large_image","twitter_misc":{"Estimeret l\u00e6setid":"2 minutter"},"schema":{"@context":"https:\/\/schema.org","@graph":[{"@type":"WebPage","@id":"https:\/\/www.casavio.com\/da\/faciliteter\/ekstra-serviceydelser\/umbrella-and-sun-lounger-rental\/","url":"https:\/\/www.casavio.com\/da\/faciliteter\/ekstra-serviceydelser\/umbrella-and-sun-lounger-rental\/","name":"Udlejning af parasoller og liggestole &#8211; Camping Ca&#039; Savio","isPartOf":{"@id":"https:\/\/www.casavio.com\/da\/#website"},"primaryImageOfPage":{"@id":"https:\/\/www.casavio.com\/da\/faciliteter\/ekstra-serviceydelser\/umbrella-and-sun-lounger-rental\/#primaryimage"},"image":{"@id":"https:\/\/www.casavio.com\/da\/faciliteter\/ekstra-serviceydelser\/umbrella-and-sun-lounger-rental\/#primaryimage"},"thumbnailUrl":"https:\/\/www.casavio.com\/wp-content\/uploads\/2025\/05\/spiaggia-attrezzata_ev.jpg","datePublished":"2024-05-29T09:37:32+00:00","dateModified":"2026-02-17T11:51:08+00:00","breadcrumb":{"@id":"https:\/\/www.casavio.com\/da\/faciliteter\/ekstra-serviceydelser\/umbrella-and-sun-lounger-rental\/#breadcrumb"},"inLanguage":"da-DK","potentialAction":[{"@type":"ReadAction","target":["https:\/\/www.casavio.com\/da\/faciliteter\/ekstra-serviceydelser\/umbrella-and-sun-lounger-rental\/"]}]},{"@type":"ImageObject","inLanguage":"da-DK","@id":"https:\/\/www.casavio.com\/da\/faciliteter\/ekstra-serviceydelser\/umbrella-and-sun-lounger-rental\/#primaryimage","url":"https:\/\/www.casavio.com\/wp-content\/uploads\/2025\/05\/spiaggia-attrezzata_ev.jpg","contentUrl":"https:\/\/www.casavio.com\/wp-content\/uploads\/2025\/05\/spiaggia-attrezzata_ev.jpg","width":440,"height":600},{"@type":"BreadcrumbList","@id":"https:\/\/www.casavio.com\/da\/faciliteter\/ekstra-serviceydelser\/umbrella-and-sun-lounger-rental\/#breadcrumb","itemListElement":[{"@type":"ListItem","position":1,"name":"Home","item":"https:\/\/www.casavio.com\/da\/"},{"@type":"ListItem","position":2,"name":"Faciliteter","item":"https:\/\/www.casavio.com\/da\/faciliteter\/"},{"@type":"ListItem","position":3,"name":"Ekstra serviceydelser","item":"https:\/\/www.casavio.com\/da\/faciliteter\/ekstra-serviceydelser\/"},{"@type":"ListItem","position":4,"name":"Udlejning af parasoller og liggestole"}]},{"@type":"WebSite","@id":"https:\/\/www.casavio.com\/da\/#website","url":"https:\/\/www.casavio.com\/da\/","name":"Camping Ca&#039; Savio","description":"","publisher":{"@id":"https:\/\/www.casavio.com\/da\/#organization"},"potentialAction":[{"@type":"SearchAction","target":{"@type":"EntryPoint","urlTemplate":"https:\/\/www.casavio.com\/da\/?s={search_term_string}"},"query-input":{"@type":"PropertyValueSpecification","valueRequired":true,"valueName":"search_term_string"}}],"inLanguage":"da-DK"},{"@type":"Organization","@id":"https:\/\/www.casavio.com\/da\/#organization","name":"Camping Ca'Savio","url":"https:\/\/www.casavio.com\/da\/","logo":{"@type":"ImageObject","inLanguage":"da-DK","@id":"https:\/\/www.casavio.com\/da\/#\/schema\/logo\/image\/","url":"https:\/\/www.casavio.com\/wp-content\/uploads\/2024\/04\/favicon.png","contentUrl":"https:\/\/www.casavio.com\/wp-content\/uploads\/2024\/04\/favicon.png","width":144,"height":144,"caption":"Camping Ca'Savio"},"image":{"@id":"https:\/\/www.casavio.com\/da\/#\/schema\/logo\/image\/"},"sameAs":["https:\/\/www.facebook.com\/campingcasavio","https:\/\/www.instagram.com\/campingcasavio","https:\/\/www.youtube.com\/user\/campingcasavio"]}]}},"_links":{"self":[{"href":"https:\/\/www.casavio.com\/da\/wp-json\/wp\/v2\/pages\/32687","targetHints":{"allow":["GET"]}}],"collection":[{"href":"https:\/\/www.casavio.com\/da\/wp-json\/wp\/v2\/pages"}],"about":[{"href":"https:\/\/www.casavio.com\/da\/wp-json\/wp\/v2\/types\/page"}],"author":[{"embeddable":true,"href":"https:\/\/www.casavio.com\/da\/wp-json\/wp\/v2\/users\/6"}],"replies":[{"embeddable":true,"href":"https:\/\/www.casavio.com\/da\/wp-json\/wp\/v2\/comments?post=32687"}],"version-history":[{"count":2,"href":"https:\/\/www.casavio.com\/da\/wp-json\/wp\/v2\/pages\/32687\/revisions"}],"predecessor-version":[{"id":46039,"href":"https:\/\/www.casavio.com\/da\/wp-json\/wp\/v2\/pages\/32687\/revisions\/46039"}],"up":[{"embeddable":true,"href":"https:\/\/www.casavio.com\/da\/wp-json\/wp\/v2\/pages\/9508"}],"wp:featuredmedia":[{"embeddable":true,"href":"https:\/\/www.casavio.com\/da\/wp-json\/wp\/v2\/media\/39985"}],"wp:attachment":[{"href":"https:\/\/www.casavio.com\/da\/wp-json\/wp\/v2\/media?parent=32687"}],"curies":[{"name":"wp","href":"https:\/\/api.w.org\/{rel}","templated":true}]}}