{"id":34939,"date":"2024-07-09T11:37:30","date_gmt":"2024-07-09T09:37:30","guid":{"rendered":"https:\/\/www.casavio.com\/?page_id=34939"},"modified":"2026-04-27T16:25:54","modified_gmt":"2026-04-27T14:25:54","slug":"kort-over-campingpladsen","status":"publish","type":"page","link":"https:\/\/www.casavio.com\/da\/vores-campingplads\/kort-over-campingpladsen\/","title":{"rendered":"Kort over campingpladsen"},"content":{"rendered":"<p>Udforsk campingpladsens omr\u00e5der, find ud af vores <a href=\"https:\/\/www.casavio.com\/da\/aktiviteter-paa-campingpladsen\/\">aktiviteter<\/a>, vores <a href=\"https:\/\/www.casavio.com\/da\/camping\/\">overnatning<\/a>, <a href=\"https:\/\/www.casavio.com\/da\/camping\/standpladser\/\">standpladser<\/a> og vores <a href=\"https:\/\/www.casavio.com\/da\/faciliteter\/\">faciliteter<\/a>.<\/p>\n<p><strong>Klik p\u00e5 de farvede omr\u00e5der for at udforske overnatningsstederne og p\u00e5 ikonerne for de vigtigste tjenester!<\/strong><\/p>\n<p>Download <a href=\"https:\/\/www.casavio.com\/wp-content\/uploads\/2026\/04\/mappa_2026_CampingCasavio.pdf\" target=\"_blank\" rel=\"noopener noreferrer\">kortet i pdf<\/a>.<\/p>\n","protected":false},"excerpt":{"rendered":"<p>Udforsk campingpladsens omr\u00e5der, find ud af vores aktiviteter, vores overnatning, standpladser og vores faciliteter. Klik p\u00e5 de farvede omr\u00e5der for at udforske overnatningsstederne og p\u00e5 ikonerne for de vigtigste tjenester! Download kortet i pdf.<\/p>\n","protected":false},"author":2,"featured_media":0,"parent":9437,"menu_order":4,"comment_status":"closed","ping_status":"closed","template":"templates\/tpl-map.php","meta":{"_acf_changed":false},"class_list":["post-34939","page","type-page","status-publish","hentry"],"acf":[],"yoast_head":"<!-- This site is optimized with the Yoast SEO plugin v25.3 - https:\/\/yoast.com\/wordpress\/plugins\/seo\/ -->\n<title>Kort over campingpladsen &#8211; Camping Ca&#039; Savio<\/title>\n<meta name=\"description\" content=\"Explore the campsite areas, find out our\u00a0activities, our\u00a0accommodations,\u00a0pitches\u00a0and our\u00a0services.\" \/>\n<meta name=\"robots\" content=\"index, follow, max-snippet:-1, max-image-preview:large, max-video-preview:-1\" \/>\n<link rel=\"canonical\" href=\"https:\/\/www.casavio.com\/da\/vores-campingplads\/kort-over-campingpladsen\/\" \/>\n<meta property=\"og:locale\" content=\"da_DK\" \/>\n<meta property=\"og:type\" content=\"article\" \/>\n<meta property=\"og:title\" content=\"Kort over campingpladsen &#8211; Camping Ca&#039; Savio\" \/>\n<meta property=\"og:description\" content=\"Explore the campsite areas, find out our\u00a0activities, our\u00a0accommodations,\u00a0pitches\u00a0and our\u00a0services.\" \/>\n<meta property=\"og:url\" content=\"https:\/\/www.casavio.com\/da\/vores-campingplads\/kort-over-campingpladsen\/\" \/>\n<meta property=\"og:site_name\" content=\"Camping Ca&#039; Savio\" \/>\n<meta property=\"article:publisher\" content=\"https:\/\/www.facebook.com\/campingcasavio\" \/>\n<meta property=\"article:modified_time\" content=\"2026-04-27T14:25:54+00:00\" \/>\n<meta name=\"twitter:card\" content=\"summary_large_image\" \/>\n<meta name=\"twitter:label1\" content=\"Estimeret l\u00e6setid\" \/>\n\t<meta name=\"twitter:data1\" content=\"1 minut\" \/>\n<script type=\"application\/ld+json\" class=\"yoast-schema-graph\">{\"@context\":\"https:\/\/schema.org\",\"@graph\":[{\"@type\":\"WebPage\",\"@id\":\"https:\/\/www.casavio.com\/da\/vores-campingplads\/kort-over-campingpladsen\/\",\"url\":\"https:\/\/www.casavio.com\/da\/vores-campingplads\/kort-over-campingpladsen\/\",\"name\":\"Kort over campingpladsen &#8211; Camping Ca&#039; Savio\",\"isPartOf\":{\"@id\":\"https:\/\/www.casavio.com\/da\/#website\"},\"datePublished\":\"2024-07-09T09:37:30+00:00\",\"dateModified\":\"2026-04-27T14:25:54+00:00\",\"description\":\"Explore the campsite areas, find out our\u00a0activities, our\u00a0accommodations,\u00a0pitches\u00a0and our\u00a0services.\",\"breadcrumb\":{\"@id\":\"https:\/\/www.casavio.com\/da\/vores-campingplads\/kort-over-campingpladsen\/#breadcrumb\"},\"inLanguage\":\"da-DK\",\"potentialAction\":[{\"@type\":\"ReadAction\",\"target\":[\"https:\/\/www.casavio.com\/da\/vores-campingplads\/kort-over-campingpladsen\/\"]}]},{\"@type\":\"BreadcrumbList\",\"@id\":\"https:\/\/www.casavio.com\/da\/vores-campingplads\/kort-over-campingpladsen\/#breadcrumb\",\"itemListElement\":[{\"@type\":\"ListItem\",\"position\":1,\"name\":\"Home\",\"item\":\"https:\/\/www.casavio.com\/da\/\"},{\"@type\":\"ListItem\",\"position\":2,\"name\":\"Vores campingplads\",\"item\":\"https:\/\/www.casavio.com\/da\/vores-campingplads\/\"},{\"@type\":\"ListItem\",\"position\":3,\"name\":\"Kort over campingpladsen\"}]},{\"@type\":\"WebSite\",\"@id\":\"https:\/\/www.casavio.com\/da\/#website\",\"url\":\"https:\/\/www.casavio.com\/da\/\",\"name\":\"Camping Ca&#039; Savio\",\"description\":\"\",\"publisher\":{\"@id\":\"https:\/\/www.casavio.com\/da\/#organization\"},\"potentialAction\":[{\"@type\":\"SearchAction\",\"target\":{\"@type\":\"EntryPoint\",\"urlTemplate\":\"https:\/\/www.casavio.com\/da\/?s={search_term_string}\"},\"query-input\":{\"@type\":\"PropertyValueSpecification\",\"valueRequired\":true,\"valueName\":\"search_term_string\"}}],\"inLanguage\":\"da-DK\"},{\"@type\":\"Organization\",\"@id\":\"https:\/\/www.casavio.com\/da\/#organization\",\"name\":\"Camping Ca'Savio\",\"url\":\"https:\/\/www.casavio.com\/da\/\",\"logo\":{\"@type\":\"ImageObject\",\"inLanguage\":\"da-DK\",\"@id\":\"https:\/\/www.casavio.com\/da\/#\/schema\/logo\/image\/\",\"url\":\"https:\/\/www.casavio.com\/wp-content\/uploads\/2024\/04\/favicon.png\",\"contentUrl\":\"https:\/\/www.casavio.com\/wp-content\/uploads\/2024\/04\/favicon.png\",\"width\":144,\"height\":144,\"caption\":\"Camping Ca'Savio\"},\"image\":{\"@id\":\"https:\/\/www.casavio.com\/da\/#\/schema\/logo\/image\/\"},\"sameAs\":[\"https:\/\/www.facebook.com\/campingcasavio\",\"https:\/\/www.instagram.com\/campingcasavio\",\"https:\/\/www.youtube.com\/user\/campingcasavio\"]}]}<\/script>\n<!-- \/ Yoast SEO plugin. -->","yoast_head_json":{"title":"Kort over campingpladsen &#8211; Camping Ca&#039; Savio","description":"Explore the campsite areas, find out our\u00a0activities, our\u00a0accommodations,\u00a0pitches\u00a0and our\u00a0services.","robots":{"index":"index","follow":"follow","max-snippet":"max-snippet:-1","max-image-preview":"max-image-preview:large","max-video-preview":"max-video-preview:-1"},"canonical":"https:\/\/www.casavio.com\/da\/vores-campingplads\/kort-over-campingpladsen\/","og_locale":"da_DK","og_type":"article","og_title":"Kort over campingpladsen &#8211; Camping Ca&#039; Savio","og_description":"Explore the campsite areas, find out our\u00a0activities, our\u00a0accommodations,\u00a0pitches\u00a0and our\u00a0services.","og_url":"https:\/\/www.casavio.com\/da\/vores-campingplads\/kort-over-campingpladsen\/","og_site_name":"Camping Ca&#039; Savio","article_publisher":"https:\/\/www.facebook.com\/campingcasavio","article_modified_time":"2026-04-27T14:25:54+00:00","twitter_card":"summary_large_image","twitter_misc":{"Estimeret l\u00e6setid":"1 minut"},"schema":{"@context":"https:\/\/schema.org","@graph":[{"@type":"WebPage","@id":"https:\/\/www.casavio.com\/da\/vores-campingplads\/kort-over-campingpladsen\/","url":"https:\/\/www.casavio.com\/da\/vores-campingplads\/kort-over-campingpladsen\/","name":"Kort over campingpladsen &#8211; Camping Ca&#039; Savio","isPartOf":{"@id":"https:\/\/www.casavio.com\/da\/#website"},"datePublished":"2024-07-09T09:37:30+00:00","dateModified":"2026-04-27T14:25:54+00:00","description":"Explore the campsite areas, find out our\u00a0activities, our\u00a0accommodations,\u00a0pitches\u00a0and our\u00a0services.","breadcrumb":{"@id":"https:\/\/www.casavio.com\/da\/vores-campingplads\/kort-over-campingpladsen\/#breadcrumb"},"inLanguage":"da-DK","potentialAction":[{"@type":"ReadAction","target":["https:\/\/www.casavio.com\/da\/vores-campingplads\/kort-over-campingpladsen\/"]}]},{"@type":"BreadcrumbList","@id":"https:\/\/www.casavio.com\/da\/vores-campingplads\/kort-over-campingpladsen\/#breadcrumb","itemListElement":[{"@type":"ListItem","position":1,"name":"Home","item":"https:\/\/www.casavio.com\/da\/"},{"@type":"ListItem","position":2,"name":"Vores campingplads","item":"https:\/\/www.casavio.com\/da\/vores-campingplads\/"},{"@type":"ListItem","position":3,"name":"Kort over campingpladsen"}]},{"@type":"WebSite","@id":"https:\/\/www.casavio.com\/da\/#website","url":"https:\/\/www.casavio.com\/da\/","name":"Camping Ca&#039; Savio","description":"","publisher":{"@id":"https:\/\/www.casavio.com\/da\/#organization"},"potentialAction":[{"@type":"SearchAction","target":{"@type":"EntryPoint","urlTemplate":"https:\/\/www.casavio.com\/da\/?s={search_term_string}"},"query-input":{"@type":"PropertyValueSpecification","valueRequired":true,"valueName":"search_term_string"}}],"inLanguage":"da-DK"},{"@type":"Organization","@id":"https:\/\/www.casavio.com\/da\/#organization","name":"Camping Ca'Savio","url":"https:\/\/www.casavio.com\/da\/","logo":{"@type":"ImageObject","inLanguage":"da-DK","@id":"https:\/\/www.casavio.com\/da\/#\/schema\/logo\/image\/","url":"https:\/\/www.casavio.com\/wp-content\/uploads\/2024\/04\/favicon.png","contentUrl":"https:\/\/www.casavio.com\/wp-content\/uploads\/2024\/04\/favicon.png","width":144,"height":144,"caption":"Camping Ca'Savio"},"image":{"@id":"https:\/\/www.casavio.com\/da\/#\/schema\/logo\/image\/"},"sameAs":["https:\/\/www.facebook.com\/campingcasavio","https:\/\/www.instagram.com\/campingcasavio","https:\/\/www.youtube.com\/user\/campingcasavio"]}]}},"_links":{"self":[{"href":"https:\/\/www.casavio.com\/da\/wp-json\/wp\/v2\/pages\/34939","targetHints":{"allow":["GET"]}}],"collection":[{"href":"https:\/\/www.casavio.com\/da\/wp-json\/wp\/v2\/pages"}],"about":[{"href":"https:\/\/www.casavio.com\/da\/wp-json\/wp\/v2\/types\/page"}],"author":[{"embeddable":true,"href":"https:\/\/www.casavio.com\/da\/wp-json\/wp\/v2\/users\/2"}],"replies":[{"embeddable":true,"href":"https:\/\/www.casavio.com\/da\/wp-json\/wp\/v2\/comments?post=34939"}],"version-history":[{"count":1,"href":"https:\/\/www.casavio.com\/da\/wp-json\/wp\/v2\/pages\/34939\/revisions"}],"predecessor-version":[{"id":46657,"href":"https:\/\/www.casavio.com\/da\/wp-json\/wp\/v2\/pages\/34939\/revisions\/46657"}],"up":[{"embeddable":true,"href":"https:\/\/www.casavio.com\/da\/wp-json\/wp\/v2\/pages\/9437"}],"wp:attachment":[{"href":"https:\/\/www.casavio.com\/da\/wp-json\/wp\/v2\/media?parent=34939"}],"curies":[{"name":"wp","href":"https:\/\/api.w.org\/{rel}","templated":true}]}}