{"id":41823,"date":"2025-03-31T16:36:08","date_gmt":"2025-03-31T14:36:08","guid":{"rendered":"https:\/\/www.casavio.com\/?page_id=41823"},"modified":"2026-02-10T14:38:52","modified_gmt":"2026-02-10T13:38:52","slug":"island-of-s-erasmus-the-flavors-of-the-venice-lagoon","status":"publish","type":"page","link":"https:\/\/www.casavio.com\/da\/aktiviteter-paa-campingpladsen\/udflugter\/island-of-s-erasmus-the-flavors-of-the-venice-lagoon\/","title":{"rendered":"\u00d8en S. Erasmus: smagene fra Venedigs lagune"},"content":{"rendered":"","protected":false},"excerpt":{"rendered":"<p>P\u00e5 cykel, for en autentisk gastronomisk oplevelse.<\/p>\n","protected":false},"author":6,"featured_media":42381,"parent":9591,"menu_order":0,"comment_status":"closed","ping_status":"closed","template":"templates\/tpl-stepping-stones-child.php","meta":{"_acf_changed":false},"class_list":["post-41823","page","type-page","status-publish","has-post-thumbnail","hentry"],"acf":[],"yoast_head":"<!-- This site is optimized with the Yoast SEO plugin v25.3 - https:\/\/yoast.com\/wordpress\/plugins\/seo\/ -->\n<title>\u00d8en S. Erasmus: smagene fra Venedigs lagune &#8211; Camping Ca&#039; Savio<\/title>\n<meta name=\"description\" content=\"Cykeludflugt for en autentisk gastronomisk oplevelse. P\u00e5 S. Erasmo vil du m\u00f8de Silvia, grundl\u00e6ggeren af Experientia, som med sin smagsmenu tilberedt med s\u00e6sonbestemte og \u00f8kologiske r\u00e5varer fra \u00f8ens landm\u00e6nd vil invitere dig til at smage essensen af dette sted.\" \/>\n<meta name=\"robots\" content=\"index, follow, max-snippet:-1, max-image-preview:large, max-video-preview:-1\" \/>\n<link rel=\"canonical\" href=\"https:\/\/www.casavio.com\/da\/aktiviteter-paa-campingpladsen\/udflugter\/island-of-s-erasmus-the-flavors-of-the-venice-lagoon\/\" \/>\n<meta property=\"og:locale\" content=\"da_DK\" \/>\n<meta property=\"og:type\" content=\"article\" \/>\n<meta property=\"og:title\" content=\"\u00d8en S. Erasmus: smagene fra Venedigs lagune &#8211; Camping Ca&#039; Savio\" \/>\n<meta property=\"og:description\" content=\"Cykeludflugt for en autentisk gastronomisk oplevelse. P\u00e5 S. Erasmo vil du m\u00f8de Silvia, grundl\u00e6ggeren af Experientia, som med sin smagsmenu tilberedt med s\u00e6sonbestemte og \u00f8kologiske r\u00e5varer fra \u00f8ens landm\u00e6nd vil invitere dig til at smage essensen af dette sted.\" \/>\n<meta property=\"og:url\" content=\"https:\/\/www.casavio.com\/da\/aktiviteter-paa-campingpladsen\/udflugter\/island-of-s-erasmus-the-flavors-of-the-venice-lagoon\/\" \/>\n<meta property=\"og:site_name\" content=\"Camping Ca&#039; Savio\" \/>\n<meta property=\"article:publisher\" content=\"https:\/\/www.facebook.com\/campingcasavio\" \/>\n<meta property=\"article:modified_time\" content=\"2026-02-10T13:38:52+00:00\" \/>\n<meta property=\"og:image\" content=\"https:\/\/www.casavio.com\/wp-content\/uploads\/2025\/08\/sant-erasmo-esperienza.jpg\" \/>\n\t<meta property=\"og:image:width\" content=\"440\" \/>\n\t<meta property=\"og:image:height\" content=\"600\" \/>\n\t<meta property=\"og:image:type\" content=\"image\/jpeg\" \/>\n<meta name=\"twitter:card\" content=\"summary_large_image\" \/>\n<meta name=\"twitter:label1\" content=\"Estimeret l\u00e6setid\" \/>\n\t<meta name=\"twitter:data1\" content=\"1 minut\" \/>\n<script type=\"application\/ld+json\" class=\"yoast-schema-graph\">{\"@context\":\"https:\/\/schema.org\",\"@graph\":[{\"@type\":\"WebPage\",\"@id\":\"https:\/\/www.casavio.com\/da\/aktiviteter-paa-campingpladsen\/udflugter\/island-of-s-erasmus-the-flavors-of-the-venice-lagoon\/\",\"url\":\"https:\/\/www.casavio.com\/da\/aktiviteter-paa-campingpladsen\/udflugter\/island-of-s-erasmus-the-flavors-of-the-venice-lagoon\/\",\"name\":\"\u00d8en S. Erasmus: smagene fra Venedigs lagune &#8211; Camping Ca&#039; Savio\",\"isPartOf\":{\"@id\":\"https:\/\/www.casavio.com\/da\/#website\"},\"primaryImageOfPage\":{\"@id\":\"https:\/\/www.casavio.com\/da\/aktiviteter-paa-campingpladsen\/udflugter\/island-of-s-erasmus-the-flavors-of-the-venice-lagoon\/#primaryimage\"},\"image\":{\"@id\":\"https:\/\/www.casavio.com\/da\/aktiviteter-paa-campingpladsen\/udflugter\/island-of-s-erasmus-the-flavors-of-the-venice-lagoon\/#primaryimage\"},\"thumbnailUrl\":\"https:\/\/www.casavio.com\/wp-content\/uploads\/2025\/08\/sant-erasmo-esperienza.jpg\",\"datePublished\":\"2025-03-31T14:36:08+00:00\",\"dateModified\":\"2026-02-10T13:38:52+00:00\",\"description\":\"Cykeludflugt for en autentisk gastronomisk oplevelse. P\u00e5 S. Erasmo vil du m\u00f8de Silvia, grundl\u00e6ggeren af Experientia, som med sin smagsmenu tilberedt med s\u00e6sonbestemte og \u00f8kologiske r\u00e5varer fra \u00f8ens landm\u00e6nd vil invitere dig til at smage essensen af dette sted.\",\"breadcrumb\":{\"@id\":\"https:\/\/www.casavio.com\/da\/aktiviteter-paa-campingpladsen\/udflugter\/island-of-s-erasmus-the-flavors-of-the-venice-lagoon\/#breadcrumb\"},\"inLanguage\":\"da-DK\",\"potentialAction\":[{\"@type\":\"ReadAction\",\"target\":[\"https:\/\/www.casavio.com\/da\/aktiviteter-paa-campingpladsen\/udflugter\/island-of-s-erasmus-the-flavors-of-the-venice-lagoon\/\"]}]},{\"@type\":\"ImageObject\",\"inLanguage\":\"da-DK\",\"@id\":\"https:\/\/www.casavio.com\/da\/aktiviteter-paa-campingpladsen\/udflugter\/island-of-s-erasmus-the-flavors-of-the-venice-lagoon\/#primaryimage\",\"url\":\"https:\/\/www.casavio.com\/wp-content\/uploads\/2025\/08\/sant-erasmo-esperienza.jpg\",\"contentUrl\":\"https:\/\/www.casavio.com\/wp-content\/uploads\/2025\/08\/sant-erasmo-esperienza.jpg\",\"width\":440,\"height\":600},{\"@type\":\"BreadcrumbList\",\"@id\":\"https:\/\/www.casavio.com\/da\/aktiviteter-paa-campingpladsen\/udflugter\/island-of-s-erasmus-the-flavors-of-the-venice-lagoon\/#breadcrumb\",\"itemListElement\":[{\"@type\":\"ListItem\",\"position\":1,\"name\":\"Home\",\"item\":\"https:\/\/www.casavio.com\/da\/\"},{\"@type\":\"ListItem\",\"position\":2,\"name\":\"Aktiviteter\",\"item\":\"https:\/\/www.casavio.com\/da\/aktiviteter-paa-campingpladsen\/\"},{\"@type\":\"ListItem\",\"position\":3,\"name\":\"Udflugter\",\"item\":\"https:\/\/www.casavio.com\/da\/aktiviteter-paa-campingpladsen\/udflugter\/\"},{\"@type\":\"ListItem\",\"position\":4,\"name\":\"\u00d8en S. Erasmus: smagene fra Venedigs lagune\"}]},{\"@type\":\"WebSite\",\"@id\":\"https:\/\/www.casavio.com\/da\/#website\",\"url\":\"https:\/\/www.casavio.com\/da\/\",\"name\":\"Camping Ca&#039; Savio\",\"description\":\"\",\"publisher\":{\"@id\":\"https:\/\/www.casavio.com\/da\/#organization\"},\"potentialAction\":[{\"@type\":\"SearchAction\",\"target\":{\"@type\":\"EntryPoint\",\"urlTemplate\":\"https:\/\/www.casavio.com\/da\/?s={search_term_string}\"},\"query-input\":{\"@type\":\"PropertyValueSpecification\",\"valueRequired\":true,\"valueName\":\"search_term_string\"}}],\"inLanguage\":\"da-DK\"},{\"@type\":\"Organization\",\"@id\":\"https:\/\/www.casavio.com\/da\/#organization\",\"name\":\"Camping Ca'Savio\",\"url\":\"https:\/\/www.casavio.com\/da\/\",\"logo\":{\"@type\":\"ImageObject\",\"inLanguage\":\"da-DK\",\"@id\":\"https:\/\/www.casavio.com\/da\/#\/schema\/logo\/image\/\",\"url\":\"https:\/\/www.casavio.com\/wp-content\/uploads\/2024\/04\/favicon.png\",\"contentUrl\":\"https:\/\/www.casavio.com\/wp-content\/uploads\/2024\/04\/favicon.png\",\"width\":144,\"height\":144,\"caption\":\"Camping Ca'Savio\"},\"image\":{\"@id\":\"https:\/\/www.casavio.com\/da\/#\/schema\/logo\/image\/\"},\"sameAs\":[\"https:\/\/www.facebook.com\/campingcasavio\",\"https:\/\/www.instagram.com\/campingcasavio\",\"https:\/\/www.youtube.com\/user\/campingcasavio\"]}]}<\/script>\n<!-- \/ Yoast SEO plugin. -->","yoast_head_json":{"title":"\u00d8en S. Erasmus: smagene fra Venedigs lagune &#8211; Camping Ca&#039; Savio","description":"Cykeludflugt for en autentisk gastronomisk oplevelse. P\u00e5 S. Erasmo vil du m\u00f8de Silvia, grundl\u00e6ggeren af Experientia, som med sin smagsmenu tilberedt med s\u00e6sonbestemte og \u00f8kologiske r\u00e5varer fra \u00f8ens landm\u00e6nd vil invitere dig til at smage essensen af dette sted.","robots":{"index":"index","follow":"follow","max-snippet":"max-snippet:-1","max-image-preview":"max-image-preview:large","max-video-preview":"max-video-preview:-1"},"canonical":"https:\/\/www.casavio.com\/da\/aktiviteter-paa-campingpladsen\/udflugter\/island-of-s-erasmus-the-flavors-of-the-venice-lagoon\/","og_locale":"da_DK","og_type":"article","og_title":"\u00d8en S. Erasmus: smagene fra Venedigs lagune &#8211; Camping Ca&#039; Savio","og_description":"Cykeludflugt for en autentisk gastronomisk oplevelse. P\u00e5 S. Erasmo vil du m\u00f8de Silvia, grundl\u00e6ggeren af Experientia, som med sin smagsmenu tilberedt med s\u00e6sonbestemte og \u00f8kologiske r\u00e5varer fra \u00f8ens landm\u00e6nd vil invitere dig til at smage essensen af dette sted.","og_url":"https:\/\/www.casavio.com\/da\/aktiviteter-paa-campingpladsen\/udflugter\/island-of-s-erasmus-the-flavors-of-the-venice-lagoon\/","og_site_name":"Camping Ca&#039; Savio","article_publisher":"https:\/\/www.facebook.com\/campingcasavio","article_modified_time":"2026-02-10T13:38:52+00:00","og_image":[{"width":440,"height":600,"url":"https:\/\/www.casavio.com\/wp-content\/uploads\/2025\/08\/sant-erasmo-esperienza.jpg","type":"image\/jpeg"}],"twitter_card":"summary_large_image","twitter_misc":{"Estimeret l\u00e6setid":"1 minut"},"schema":{"@context":"https:\/\/schema.org","@graph":[{"@type":"WebPage","@id":"https:\/\/www.casavio.com\/da\/aktiviteter-paa-campingpladsen\/udflugter\/island-of-s-erasmus-the-flavors-of-the-venice-lagoon\/","url":"https:\/\/www.casavio.com\/da\/aktiviteter-paa-campingpladsen\/udflugter\/island-of-s-erasmus-the-flavors-of-the-venice-lagoon\/","name":"\u00d8en S. Erasmus: smagene fra Venedigs lagune &#8211; Camping Ca&#039; Savio","isPartOf":{"@id":"https:\/\/www.casavio.com\/da\/#website"},"primaryImageOfPage":{"@id":"https:\/\/www.casavio.com\/da\/aktiviteter-paa-campingpladsen\/udflugter\/island-of-s-erasmus-the-flavors-of-the-venice-lagoon\/#primaryimage"},"image":{"@id":"https:\/\/www.casavio.com\/da\/aktiviteter-paa-campingpladsen\/udflugter\/island-of-s-erasmus-the-flavors-of-the-venice-lagoon\/#primaryimage"},"thumbnailUrl":"https:\/\/www.casavio.com\/wp-content\/uploads\/2025\/08\/sant-erasmo-esperienza.jpg","datePublished":"2025-03-31T14:36:08+00:00","dateModified":"2026-02-10T13:38:52+00:00","description":"Cykeludflugt for en autentisk gastronomisk oplevelse. P\u00e5 S. Erasmo vil du m\u00f8de Silvia, grundl\u00e6ggeren af Experientia, som med sin smagsmenu tilberedt med s\u00e6sonbestemte og \u00f8kologiske r\u00e5varer fra \u00f8ens landm\u00e6nd vil invitere dig til at smage essensen af dette sted.","breadcrumb":{"@id":"https:\/\/www.casavio.com\/da\/aktiviteter-paa-campingpladsen\/udflugter\/island-of-s-erasmus-the-flavors-of-the-venice-lagoon\/#breadcrumb"},"inLanguage":"da-DK","potentialAction":[{"@type":"ReadAction","target":["https:\/\/www.casavio.com\/da\/aktiviteter-paa-campingpladsen\/udflugter\/island-of-s-erasmus-the-flavors-of-the-venice-lagoon\/"]}]},{"@type":"ImageObject","inLanguage":"da-DK","@id":"https:\/\/www.casavio.com\/da\/aktiviteter-paa-campingpladsen\/udflugter\/island-of-s-erasmus-the-flavors-of-the-venice-lagoon\/#primaryimage","url":"https:\/\/www.casavio.com\/wp-content\/uploads\/2025\/08\/sant-erasmo-esperienza.jpg","contentUrl":"https:\/\/www.casavio.com\/wp-content\/uploads\/2025\/08\/sant-erasmo-esperienza.jpg","width":440,"height":600},{"@type":"BreadcrumbList","@id":"https:\/\/www.casavio.com\/da\/aktiviteter-paa-campingpladsen\/udflugter\/island-of-s-erasmus-the-flavors-of-the-venice-lagoon\/#breadcrumb","itemListElement":[{"@type":"ListItem","position":1,"name":"Home","item":"https:\/\/www.casavio.com\/da\/"},{"@type":"ListItem","position":2,"name":"Aktiviteter","item":"https:\/\/www.casavio.com\/da\/aktiviteter-paa-campingpladsen\/"},{"@type":"ListItem","position":3,"name":"Udflugter","item":"https:\/\/www.casavio.com\/da\/aktiviteter-paa-campingpladsen\/udflugter\/"},{"@type":"ListItem","position":4,"name":"\u00d8en S. Erasmus: smagene fra Venedigs lagune"}]},{"@type":"WebSite","@id":"https:\/\/www.casavio.com\/da\/#website","url":"https:\/\/www.casavio.com\/da\/","name":"Camping Ca&#039; Savio","description":"","publisher":{"@id":"https:\/\/www.casavio.com\/da\/#organization"},"potentialAction":[{"@type":"SearchAction","target":{"@type":"EntryPoint","urlTemplate":"https:\/\/www.casavio.com\/da\/?s={search_term_string}"},"query-input":{"@type":"PropertyValueSpecification","valueRequired":true,"valueName":"search_term_string"}}],"inLanguage":"da-DK"},{"@type":"Organization","@id":"https:\/\/www.casavio.com\/da\/#organization","name":"Camping Ca'Savio","url":"https:\/\/www.casavio.com\/da\/","logo":{"@type":"ImageObject","inLanguage":"da-DK","@id":"https:\/\/www.casavio.com\/da\/#\/schema\/logo\/image\/","url":"https:\/\/www.casavio.com\/wp-content\/uploads\/2024\/04\/favicon.png","contentUrl":"https:\/\/www.casavio.com\/wp-content\/uploads\/2024\/04\/favicon.png","width":144,"height":144,"caption":"Camping Ca'Savio"},"image":{"@id":"https:\/\/www.casavio.com\/da\/#\/schema\/logo\/image\/"},"sameAs":["https:\/\/www.facebook.com\/campingcasavio","https:\/\/www.instagram.com\/campingcasavio","https:\/\/www.youtube.com\/user\/campingcasavio"]}]}},"_links":{"self":[{"href":"https:\/\/www.casavio.com\/da\/wp-json\/wp\/v2\/pages\/41823","targetHints":{"allow":["GET"]}}],"collection":[{"href":"https:\/\/www.casavio.com\/da\/wp-json\/wp\/v2\/pages"}],"about":[{"href":"https:\/\/www.casavio.com\/da\/wp-json\/wp\/v2\/types\/page"}],"author":[{"embeddable":true,"href":"https:\/\/www.casavio.com\/da\/wp-json\/wp\/v2\/users\/6"}],"replies":[{"embeddable":true,"href":"https:\/\/www.casavio.com\/da\/wp-json\/wp\/v2\/comments?post=41823"}],"version-history":[{"count":2,"href":"https:\/\/www.casavio.com\/da\/wp-json\/wp\/v2\/pages\/41823\/revisions"}],"predecessor-version":[{"id":45971,"href":"https:\/\/www.casavio.com\/da\/wp-json\/wp\/v2\/pages\/41823\/revisions\/45971"}],"up":[{"embeddable":true,"href":"https:\/\/www.casavio.com\/da\/wp-json\/wp\/v2\/pages\/9591"}],"wp:featuredmedia":[{"embeddable":true,"href":"https:\/\/www.casavio.com\/da\/wp-json\/wp\/v2\/media\/42381"}],"wp:attachment":[{"href":"https:\/\/www.casavio.com\/da\/wp-json\/wp\/v2\/media?parent=41823"}],"curies":[{"name":"wp","href":"https:\/\/api.w.org\/{rel}","templated":true}]}}