{"id":9437,"date":"2019-10-11T11:59:34","date_gmt":"2019-10-11T09:59:34","guid":{"rendered":"https:\/\/www.casavio.com\/il-nostro-campeggio\/"},"modified":"2025-09-17T10:51:57","modified_gmt":"2025-09-17T08:51:57","slug":"vores-campingplads","status":"publish","type":"page","link":"https:\/\/www.casavio.com\/da\/vores-campingplads\/","title":{"rendered":"Vores campingplads"},"content":{"rendered":"<p>Vores campingplads er et sted, hvor du kan genskabe forbindelsen med dig selv og genopdage betydningen af tid. Derfor repr\u00e6senterer Camping Ca&#8217; Savio noget s\u00e6rligt for hver enkelt af jer. Det er stedet, hvor du er fri til at v\u00e6re dig selv og g\u00e5, n\u00e5r du vil fra en dynamisk ferie p\u00e5 stranden til \u00f8jeblikke af refleksion eller ro i kontakt med naturen.<\/p>\n","protected":false},"excerpt":{"rendered":"<p>Vores campingplads er et sted, hvor du kan genskabe forbindelsen med dig selv og genopdage betydningen af tid. Derfor repr\u00e6senterer Camping Ca&#8217; Savio noget s\u00e6rligt for hver enkelt af jer. Det er stedet, hvor du er fri til at v\u00e6re dig selv og g\u00e5, n\u00e5r du vil fra en dynamisk ferie p\u00e5 stranden til \u00f8jeblikke [&hellip;]<\/p>\n","protected":false},"author":2,"featured_media":0,"parent":0,"menu_order":1,"comment_status":"closed","ping_status":"closed","template":"templates\/tpl-dynamic-layout.php","meta":{"_acf_changed":false},"class_list":["post-9437","page","type-page","status-publish","hentry"],"acf":[],"yoast_head":"<!-- This site is optimized with the Yoast SEO plugin v25.3 - https:\/\/yoast.com\/wordpress\/plugins\/seo\/ -->\n<title>Vores campingplads: filosofi og historie &#8211; Camping Ca&#039; Savio<\/title>\n<meta name=\"description\" content=\"Camping Ca&#039; Savio i Cavallino Treporti er de ideelle omgivelser for familier med store legeomr\u00e5der, og for de unge er underholdning og herudover mange faciliteter. Se detaljer\" \/>\n<meta name=\"robots\" content=\"index, follow, max-snippet:-1, max-image-preview:large, max-video-preview:-1\" \/>\n<link rel=\"canonical\" href=\"https:\/\/www.casavio.com\/da\/vores-campingplads\/\" \/>\n<meta property=\"og:locale\" content=\"da_DK\" \/>\n<meta property=\"og:type\" content=\"article\" \/>\n<meta property=\"og:title\" content=\"Vores campingplads: filosofi og historie &#8211; Camping Ca&#039; Savio\" \/>\n<meta property=\"og:description\" content=\"Camping Ca&#039; Savio i Cavallino Treporti er de ideelle omgivelser for familier med store legeomr\u00e5der, og for de unge er underholdning og herudover mange faciliteter. Se detaljer\" \/>\n<meta property=\"og:url\" content=\"https:\/\/www.casavio.com\/da\/vores-campingplads\/\" \/>\n<meta property=\"og:site_name\" content=\"Camping Ca&#039; Savio\" \/>\n<meta property=\"article:publisher\" content=\"https:\/\/www.facebook.com\/campingcasavio\" \/>\n<meta property=\"article:modified_time\" content=\"2025-09-17T08:51:57+00:00\" \/>\n<meta property=\"og:image\" content=\"https:\/\/www.casavio.com\/wp-content\/uploads\/2019\/11\/ca-savio-nostro-campeggio-header.jpg\" \/>\n\t<meta property=\"og:image:width\" content=\"1440\" \/>\n\t<meta property=\"og:image:height\" content=\"500\" \/>\n\t<meta property=\"og:image:type\" content=\"image\/jpeg\" \/>\n<meta name=\"twitter:card\" content=\"summary_large_image\" \/>\n<meta name=\"twitter:label1\" content=\"Estimeret l\u00e6setid\" \/>\n\t<meta name=\"twitter:data1\" content=\"1 minut\" \/>\n<script type=\"application\/ld+json\" class=\"yoast-schema-graph\">{\"@context\":\"https:\/\/schema.org\",\"@graph\":[{\"@type\":\"WebPage\",\"@id\":\"https:\/\/www.casavio.com\/da\/vores-campingplads\/\",\"url\":\"https:\/\/www.casavio.com\/da\/vores-campingplads\/\",\"name\":\"Vores campingplads: filosofi og historie &#8211; Camping Ca&#039; Savio\",\"isPartOf\":{\"@id\":\"https:\/\/www.casavio.com\/da\/#website\"},\"datePublished\":\"2019-10-11T09:59:34+00:00\",\"dateModified\":\"2025-09-17T08:51:57+00:00\",\"description\":\"Camping Ca' Savio i Cavallino Treporti er de ideelle omgivelser for familier med store legeomr\u00e5der, og for de unge er underholdning og herudover mange faciliteter. Se detaljer\",\"breadcrumb\":{\"@id\":\"https:\/\/www.casavio.com\/da\/vores-campingplads\/#breadcrumb\"},\"inLanguage\":\"da-DK\",\"potentialAction\":[{\"@type\":\"ReadAction\",\"target\":[\"https:\/\/www.casavio.com\/da\/vores-campingplads\/\"]}]},{\"@type\":\"BreadcrumbList\",\"@id\":\"https:\/\/www.casavio.com\/da\/vores-campingplads\/#breadcrumb\",\"itemListElement\":[{\"@type\":\"ListItem\",\"position\":1,\"name\":\"Home\",\"item\":\"https:\/\/www.casavio.com\/da\/\"},{\"@type\":\"ListItem\",\"position\":2,\"name\":\"Vores campingplads\"}]},{\"@type\":\"WebSite\",\"@id\":\"https:\/\/www.casavio.com\/da\/#website\",\"url\":\"https:\/\/www.casavio.com\/da\/\",\"name\":\"Camping Ca&#039; Savio\",\"description\":\"\",\"publisher\":{\"@id\":\"https:\/\/www.casavio.com\/da\/#organization\"},\"potentialAction\":[{\"@type\":\"SearchAction\",\"target\":{\"@type\":\"EntryPoint\",\"urlTemplate\":\"https:\/\/www.casavio.com\/da\/?s={search_term_string}\"},\"query-input\":{\"@type\":\"PropertyValueSpecification\",\"valueRequired\":true,\"valueName\":\"search_term_string\"}}],\"inLanguage\":\"da-DK\"},{\"@type\":\"Organization\",\"@id\":\"https:\/\/www.casavio.com\/da\/#organization\",\"name\":\"Camping Ca'Savio\",\"url\":\"https:\/\/www.casavio.com\/da\/\",\"logo\":{\"@type\":\"ImageObject\",\"inLanguage\":\"da-DK\",\"@id\":\"https:\/\/www.casavio.com\/da\/#\/schema\/logo\/image\/\",\"url\":\"https:\/\/www.casavio.com\/wp-content\/uploads\/2024\/04\/favicon.png\",\"contentUrl\":\"https:\/\/www.casavio.com\/wp-content\/uploads\/2024\/04\/favicon.png\",\"width\":144,\"height\":144,\"caption\":\"Camping Ca'Savio\"},\"image\":{\"@id\":\"https:\/\/www.casavio.com\/da\/#\/schema\/logo\/image\/\"},\"sameAs\":[\"https:\/\/www.facebook.com\/campingcasavio\",\"https:\/\/www.instagram.com\/campingcasavio\",\"https:\/\/www.youtube.com\/user\/campingcasavio\"]}]}<\/script>\n<!-- \/ Yoast SEO plugin. -->","yoast_head_json":{"title":"Vores campingplads: filosofi og historie &#8211; Camping Ca&#039; Savio","description":"Camping Ca' Savio i Cavallino Treporti er de ideelle omgivelser for familier med store legeomr\u00e5der, og for de unge er underholdning og herudover mange faciliteter. Se detaljer","robots":{"index":"index","follow":"follow","max-snippet":"max-snippet:-1","max-image-preview":"max-image-preview:large","max-video-preview":"max-video-preview:-1"},"canonical":"https:\/\/www.casavio.com\/da\/vores-campingplads\/","og_locale":"da_DK","og_type":"article","og_title":"Vores campingplads: filosofi og historie &#8211; Camping Ca&#039; Savio","og_description":"Camping Ca' Savio i Cavallino Treporti er de ideelle omgivelser for familier med store legeomr\u00e5der, og for de unge er underholdning og herudover mange faciliteter. Se detaljer","og_url":"https:\/\/www.casavio.com\/da\/vores-campingplads\/","og_site_name":"Camping Ca&#039; Savio","article_publisher":"https:\/\/www.facebook.com\/campingcasavio","article_modified_time":"2025-09-17T08:51:57+00:00","og_image":[{"width":1440,"height":500,"url":"https:\/\/www.casavio.com\/wp-content\/uploads\/2019\/11\/ca-savio-nostro-campeggio-header.jpg","type":"image\/jpeg"}],"twitter_card":"summary_large_image","twitter_misc":{"Estimeret l\u00e6setid":"1 minut"},"schema":{"@context":"https:\/\/schema.org","@graph":[{"@type":"WebPage","@id":"https:\/\/www.casavio.com\/da\/vores-campingplads\/","url":"https:\/\/www.casavio.com\/da\/vores-campingplads\/","name":"Vores campingplads: filosofi og historie &#8211; Camping Ca&#039; Savio","isPartOf":{"@id":"https:\/\/www.casavio.com\/da\/#website"},"datePublished":"2019-10-11T09:59:34+00:00","dateModified":"2025-09-17T08:51:57+00:00","description":"Camping Ca' Savio i Cavallino Treporti er de ideelle omgivelser for familier med store legeomr\u00e5der, og for de unge er underholdning og herudover mange faciliteter. Se detaljer","breadcrumb":{"@id":"https:\/\/www.casavio.com\/da\/vores-campingplads\/#breadcrumb"},"inLanguage":"da-DK","potentialAction":[{"@type":"ReadAction","target":["https:\/\/www.casavio.com\/da\/vores-campingplads\/"]}]},{"@type":"BreadcrumbList","@id":"https:\/\/www.casavio.com\/da\/vores-campingplads\/#breadcrumb","itemListElement":[{"@type":"ListItem","position":1,"name":"Home","item":"https:\/\/www.casavio.com\/da\/"},{"@type":"ListItem","position":2,"name":"Vores campingplads"}]},{"@type":"WebSite","@id":"https:\/\/www.casavio.com\/da\/#website","url":"https:\/\/www.casavio.com\/da\/","name":"Camping Ca&#039; Savio","description":"","publisher":{"@id":"https:\/\/www.casavio.com\/da\/#organization"},"potentialAction":[{"@type":"SearchAction","target":{"@type":"EntryPoint","urlTemplate":"https:\/\/www.casavio.com\/da\/?s={search_term_string}"},"query-input":{"@type":"PropertyValueSpecification","valueRequired":true,"valueName":"search_term_string"}}],"inLanguage":"da-DK"},{"@type":"Organization","@id":"https:\/\/www.casavio.com\/da\/#organization","name":"Camping Ca'Savio","url":"https:\/\/www.casavio.com\/da\/","logo":{"@type":"ImageObject","inLanguage":"da-DK","@id":"https:\/\/www.casavio.com\/da\/#\/schema\/logo\/image\/","url":"https:\/\/www.casavio.com\/wp-content\/uploads\/2024\/04\/favicon.png","contentUrl":"https:\/\/www.casavio.com\/wp-content\/uploads\/2024\/04\/favicon.png","width":144,"height":144,"caption":"Camping Ca'Savio"},"image":{"@id":"https:\/\/www.casavio.com\/da\/#\/schema\/logo\/image\/"},"sameAs":["https:\/\/www.facebook.com\/campingcasavio","https:\/\/www.instagram.com\/campingcasavio","https:\/\/www.youtube.com\/user\/campingcasavio"]}]}},"_links":{"self":[{"href":"https:\/\/www.casavio.com\/da\/wp-json\/wp\/v2\/pages\/9437","targetHints":{"allow":["GET"]}}],"collection":[{"href":"https:\/\/www.casavio.com\/da\/wp-json\/wp\/v2\/pages"}],"about":[{"href":"https:\/\/www.casavio.com\/da\/wp-json\/wp\/v2\/types\/page"}],"author":[{"embeddable":true,"href":"https:\/\/www.casavio.com\/da\/wp-json\/wp\/v2\/users\/2"}],"replies":[{"embeddable":true,"href":"https:\/\/www.casavio.com\/da\/wp-json\/wp\/v2\/comments?post=9437"}],"version-history":[{"count":2,"href":"https:\/\/www.casavio.com\/da\/wp-json\/wp\/v2\/pages\/9437\/revisions"}],"predecessor-version":[{"id":43622,"href":"https:\/\/www.casavio.com\/da\/wp-json\/wp\/v2\/pages\/9437\/revisions\/43622"}],"wp:attachment":[{"href":"https:\/\/www.casavio.com\/da\/wp-json\/wp\/v2\/media?parent=9437"}],"curies":[{"name":"wp","href":"https:\/\/api.w.org\/{rel}","templated":true}]}}