{"id":9441,"date":"2019-10-21T15:24:44","date_gmt":"2019-10-21T13:24:44","guid":{"rendered":"https:\/\/www.casavio.com\/vores-campingplads\/filosofia\/"},"modified":"2022-09-27T12:15:49","modified_gmt":"2022-09-27T10:15:49","slug":"filosofi","status":"publish","type":"page","link":"https:\/\/www.casavio.com\/da\/vores-campingplads\/filosofi\/","title":{"rendered":"Vores filosofi"},"content":{"rendered":"<p>Ferien er meget mere end en destination, for os betyder det <strong>frihed, <\/strong>tid til at finde dig selv, at komme v\u00e6k fra det hektiske hverdagsliv og v\u00e6re sammen med familie eller venner i en <strong>afslappet<\/strong> og <strong>uformel <\/strong>sammenh\u00e6ng. At v\u00e6re omgivet af <strong>naturen, <\/strong>lytte til lyden af b\u00f8lgerne og f\u00f8lelsen af, at vi tager os af <strong>dig, <\/strong>det er nemlig vores vigtigste ingredienser til at f\u00e5 dig til at leve en autentisk ferie under \u00e5ben himmel.<\/p>\n<p>We believe in our philosophy and values, they are our guideline to keep providing our guests with holidays that make memories. In order to be able to continue this for many years, we have together with our <a href=\"https:\/\/www.casavio.com\/da\/blog\/news\/exciting-partnership-announcement\/\"><b>partner Monviso Institute<\/b><\/a> rephrased our most important values:<\/p>\n<ol>\n<li aria-level=\"1\">We want to co-create and share unique experiences with our guests.<\/li>\n<li aria-level=\"1\">Our guests are at the centre of everything we do and we create a culture of warmth and belonging, where everyone is welcome.<\/li>\n<li aria-level=\"1\">We know we leave a footprint on nature and the local communities \u2013 we aim to make it as much of a <b>positive footprint<\/b> as possible.<\/li>\n<li aria-level=\"1\">One of our long-term goals is <b>to preserve the natural and social environment here<\/b>, and to <b>design a regenerative campsite<\/b>.<\/li>\n<li aria-level=\"1\">We share the<b> Global Sustainable Development Goals <\/b>and we aim to make them part of our culture.<\/li>\n<\/ol>\n<p>A Ca\u2019Savio experience in close connection with the campsite, with nature and the people is done together and we would like all of us to collaborate on the <b>journey to sustain this campsite and make us <a href=\"https:\/\/www.casavio.com\/da\/vores-campingplads\/on-a-journey-towards-a-future-ready-campsite-tourism\/\">future-ready<\/a><\/b>.<\/p>\n","protected":false},"excerpt":{"rendered":"<p>Ferien er meget mere end en destination og en campingplads, i dag er det en m\u00e5de at udtrykke og genopdage dig selv p\u00e5, at l\u00e6re og f\u00e5 nye oplevelser. Camping Ca&#8217; Savio \u00f8nsker at v\u00e6re en integreret del af denne rejse. <br \/>\nVi mener, at det at opbygge et <strong>st\u00e6rkt forhold til naturen<\/strong> og tage sig af vores g\u00e6ster er den bedste m\u00e5de at tilbyde en autentisk ferieoplevelse. Her finder du b\u00e5de <strong>velkomst<\/strong> og <strong>venlighed<\/strong>, hvor alle f\u00f8ler sig velkomne og kan finde den bedst mulige m\u00e5de til at komme v\u00e6k fra hverdagen og finde sig selv igen.<\/p>\n","protected":false},"author":2,"featured_media":7845,"parent":9437,"menu_order":3,"comment_status":"closed","ping_status":"closed","template":"","meta":{"_acf_changed":false},"class_list":["post-9441","page","type-page","status-publish","has-post-thumbnail","hentry"],"acf":[],"yoast_head":"<!-- This site is optimized with the Yoast SEO plugin v25.3 - https:\/\/yoast.com\/wordpress\/plugins\/seo\/ -->\n<title>Filosofien p\u00e5 vores campingplads &#8211; Camping Ca&#039; Savio<\/title>\n<meta name=\"description\" content=\"Vores filosofi kan sammenfattes i nogle enkle begreber: frihed, afslapning, forhold til naturen og tid til at v\u00e6re sammen.\" \/>\n<meta name=\"robots\" content=\"index, follow, max-snippet:-1, max-image-preview:large, max-video-preview:-1\" \/>\n<link rel=\"canonical\" href=\"https:\/\/www.casavio.com\/da\/vores-campingplads\/filosofi\/\" \/>\n<meta property=\"og:locale\" content=\"da_DK\" \/>\n<meta property=\"og:type\" content=\"article\" \/>\n<meta property=\"og:title\" content=\"Filosofien p\u00e5 vores campingplads &#8211; Camping Ca&#039; Savio\" \/>\n<meta property=\"og:description\" content=\"Vores filosofi kan sammenfattes i nogle enkle begreber: frihed, afslapning, forhold til naturen og tid til at v\u00e6re sammen.\" \/>\n<meta property=\"og:url\" content=\"https:\/\/www.casavio.com\/da\/vores-campingplads\/filosofi\/\" \/>\n<meta property=\"og:site_name\" content=\"Camping Ca&#039; Savio\" \/>\n<meta property=\"article:publisher\" content=\"https:\/\/www.facebook.com\/campingcasavio\" \/>\n<meta property=\"article:modified_time\" content=\"2022-09-27T10:15:49+00:00\" \/>\n<meta property=\"og:image\" content=\"https:\/\/www.casavio.com\/wp-content\/uploads\/2020\/02\/00.-Home_La-nostra-_filosofia_-900x600-copy.jpg\" \/>\n\t<meta property=\"og:image:width\" content=\"900\" \/>\n\t<meta property=\"og:image:height\" content=\"600\" \/>\n\t<meta property=\"og:image:type\" content=\"image\/jpeg\" \/>\n<meta name=\"twitter:card\" content=\"summary_large_image\" \/>\n<meta name=\"twitter:label1\" content=\"Estimeret l\u00e6setid\" \/>\n\t<meta name=\"twitter:data1\" content=\"2 minutter\" \/>\n<script type=\"application\/ld+json\" class=\"yoast-schema-graph\">{\"@context\":\"https:\/\/schema.org\",\"@graph\":[{\"@type\":\"WebPage\",\"@id\":\"https:\/\/www.casavio.com\/da\/vores-campingplads\/filosofi\/\",\"url\":\"https:\/\/www.casavio.com\/da\/vores-campingplads\/filosofi\/\",\"name\":\"Filosofien p\u00e5 vores campingplads &#8211; Camping Ca&#039; Savio\",\"isPartOf\":{\"@id\":\"https:\/\/www.casavio.com\/da\/#website\"},\"primaryImageOfPage\":{\"@id\":\"https:\/\/www.casavio.com\/da\/vores-campingplads\/filosofi\/#primaryimage\"},\"image\":{\"@id\":\"https:\/\/www.casavio.com\/da\/vores-campingplads\/filosofi\/#primaryimage\"},\"thumbnailUrl\":\"https:\/\/www.casavio.com\/wp-content\/uploads\/2020\/02\/00.-Home_La-nostra-_filosofia_-900x600-copy.jpg\",\"datePublished\":\"2019-10-21T13:24:44+00:00\",\"dateModified\":\"2022-09-27T10:15:49+00:00\",\"description\":\"Vores filosofi kan sammenfattes i nogle enkle begreber: frihed, afslapning, forhold til naturen og tid til at v\u00e6re sammen.\",\"breadcrumb\":{\"@id\":\"https:\/\/www.casavio.com\/da\/vores-campingplads\/filosofi\/#breadcrumb\"},\"inLanguage\":\"da-DK\",\"potentialAction\":[{\"@type\":\"ReadAction\",\"target\":[\"https:\/\/www.casavio.com\/da\/vores-campingplads\/filosofi\/\"]}]},{\"@type\":\"ImageObject\",\"inLanguage\":\"da-DK\",\"@id\":\"https:\/\/www.casavio.com\/da\/vores-campingplads\/filosofi\/#primaryimage\",\"url\":\"https:\/\/www.casavio.com\/wp-content\/uploads\/2020\/02\/00.-Home_La-nostra-_filosofia_-900x600-copy.jpg\",\"contentUrl\":\"https:\/\/www.casavio.com\/wp-content\/uploads\/2020\/02\/00.-Home_La-nostra-_filosofia_-900x600-copy.jpg\",\"width\":900,\"height\":600},{\"@type\":\"BreadcrumbList\",\"@id\":\"https:\/\/www.casavio.com\/da\/vores-campingplads\/filosofi\/#breadcrumb\",\"itemListElement\":[{\"@type\":\"ListItem\",\"position\":1,\"name\":\"Home\",\"item\":\"https:\/\/www.casavio.com\/da\/\"},{\"@type\":\"ListItem\",\"position\":2,\"name\":\"Vores campingplads\",\"item\":\"https:\/\/www.casavio.com\/da\/vores-campingplads\/\"},{\"@type\":\"ListItem\",\"position\":3,\"name\":\"Vores filosofi\"}]},{\"@type\":\"WebSite\",\"@id\":\"https:\/\/www.casavio.com\/da\/#website\",\"url\":\"https:\/\/www.casavio.com\/da\/\",\"name\":\"Camping Ca&#039; Savio\",\"description\":\"\",\"publisher\":{\"@id\":\"https:\/\/www.casavio.com\/da\/#organization\"},\"potentialAction\":[{\"@type\":\"SearchAction\",\"target\":{\"@type\":\"EntryPoint\",\"urlTemplate\":\"https:\/\/www.casavio.com\/da\/?s={search_term_string}\"},\"query-input\":{\"@type\":\"PropertyValueSpecification\",\"valueRequired\":true,\"valueName\":\"search_term_string\"}}],\"inLanguage\":\"da-DK\"},{\"@type\":\"Organization\",\"@id\":\"https:\/\/www.casavio.com\/da\/#organization\",\"name\":\"Camping Ca'Savio\",\"url\":\"https:\/\/www.casavio.com\/da\/\",\"logo\":{\"@type\":\"ImageObject\",\"inLanguage\":\"da-DK\",\"@id\":\"https:\/\/www.casavio.com\/da\/#\/schema\/logo\/image\/\",\"url\":\"https:\/\/www.casavio.com\/wp-content\/uploads\/2024\/04\/favicon.png\",\"contentUrl\":\"https:\/\/www.casavio.com\/wp-content\/uploads\/2024\/04\/favicon.png\",\"width\":144,\"height\":144,\"caption\":\"Camping Ca'Savio\"},\"image\":{\"@id\":\"https:\/\/www.casavio.com\/da\/#\/schema\/logo\/image\/\"},\"sameAs\":[\"https:\/\/www.facebook.com\/campingcasavio\",\"https:\/\/www.instagram.com\/campingcasavio\",\"https:\/\/www.youtube.com\/user\/campingcasavio\"]}]}<\/script>\n<!-- \/ Yoast SEO plugin. -->","yoast_head_json":{"title":"Filosofien p\u00e5 vores campingplads &#8211; Camping Ca&#039; Savio","description":"Vores filosofi kan sammenfattes i nogle enkle begreber: frihed, afslapning, forhold til naturen og tid til at v\u00e6re sammen.","robots":{"index":"index","follow":"follow","max-snippet":"max-snippet:-1","max-image-preview":"max-image-preview:large","max-video-preview":"max-video-preview:-1"},"canonical":"https:\/\/www.casavio.com\/da\/vores-campingplads\/filosofi\/","og_locale":"da_DK","og_type":"article","og_title":"Filosofien p\u00e5 vores campingplads &#8211; Camping Ca&#039; Savio","og_description":"Vores filosofi kan sammenfattes i nogle enkle begreber: frihed, afslapning, forhold til naturen og tid til at v\u00e6re sammen.","og_url":"https:\/\/www.casavio.com\/da\/vores-campingplads\/filosofi\/","og_site_name":"Camping Ca&#039; Savio","article_publisher":"https:\/\/www.facebook.com\/campingcasavio","article_modified_time":"2022-09-27T10:15:49+00:00","og_image":[{"width":900,"height":600,"url":"https:\/\/www.casavio.com\/wp-content\/uploads\/2020\/02\/00.-Home_La-nostra-_filosofia_-900x600-copy.jpg","type":"image\/jpeg"}],"twitter_card":"summary_large_image","twitter_misc":{"Estimeret l\u00e6setid":"2 minutter"},"schema":{"@context":"https:\/\/schema.org","@graph":[{"@type":"WebPage","@id":"https:\/\/www.casavio.com\/da\/vores-campingplads\/filosofi\/","url":"https:\/\/www.casavio.com\/da\/vores-campingplads\/filosofi\/","name":"Filosofien p\u00e5 vores campingplads &#8211; Camping Ca&#039; Savio","isPartOf":{"@id":"https:\/\/www.casavio.com\/da\/#website"},"primaryImageOfPage":{"@id":"https:\/\/www.casavio.com\/da\/vores-campingplads\/filosofi\/#primaryimage"},"image":{"@id":"https:\/\/www.casavio.com\/da\/vores-campingplads\/filosofi\/#primaryimage"},"thumbnailUrl":"https:\/\/www.casavio.com\/wp-content\/uploads\/2020\/02\/00.-Home_La-nostra-_filosofia_-900x600-copy.jpg","datePublished":"2019-10-21T13:24:44+00:00","dateModified":"2022-09-27T10:15:49+00:00","description":"Vores filosofi kan sammenfattes i nogle enkle begreber: frihed, afslapning, forhold til naturen og tid til at v\u00e6re sammen.","breadcrumb":{"@id":"https:\/\/www.casavio.com\/da\/vores-campingplads\/filosofi\/#breadcrumb"},"inLanguage":"da-DK","potentialAction":[{"@type":"ReadAction","target":["https:\/\/www.casavio.com\/da\/vores-campingplads\/filosofi\/"]}]},{"@type":"ImageObject","inLanguage":"da-DK","@id":"https:\/\/www.casavio.com\/da\/vores-campingplads\/filosofi\/#primaryimage","url":"https:\/\/www.casavio.com\/wp-content\/uploads\/2020\/02\/00.-Home_La-nostra-_filosofia_-900x600-copy.jpg","contentUrl":"https:\/\/www.casavio.com\/wp-content\/uploads\/2020\/02\/00.-Home_La-nostra-_filosofia_-900x600-copy.jpg","width":900,"height":600},{"@type":"BreadcrumbList","@id":"https:\/\/www.casavio.com\/da\/vores-campingplads\/filosofi\/#breadcrumb","itemListElement":[{"@type":"ListItem","position":1,"name":"Home","item":"https:\/\/www.casavio.com\/da\/"},{"@type":"ListItem","position":2,"name":"Vores campingplads","item":"https:\/\/www.casavio.com\/da\/vores-campingplads\/"},{"@type":"ListItem","position":3,"name":"Vores filosofi"}]},{"@type":"WebSite","@id":"https:\/\/www.casavio.com\/da\/#website","url":"https:\/\/www.casavio.com\/da\/","name":"Camping Ca&#039; Savio","description":"","publisher":{"@id":"https:\/\/www.casavio.com\/da\/#organization"},"potentialAction":[{"@type":"SearchAction","target":{"@type":"EntryPoint","urlTemplate":"https:\/\/www.casavio.com\/da\/?s={search_term_string}"},"query-input":{"@type":"PropertyValueSpecification","valueRequired":true,"valueName":"search_term_string"}}],"inLanguage":"da-DK"},{"@type":"Organization","@id":"https:\/\/www.casavio.com\/da\/#organization","name":"Camping Ca'Savio","url":"https:\/\/www.casavio.com\/da\/","logo":{"@type":"ImageObject","inLanguage":"da-DK","@id":"https:\/\/www.casavio.com\/da\/#\/schema\/logo\/image\/","url":"https:\/\/www.casavio.com\/wp-content\/uploads\/2024\/04\/favicon.png","contentUrl":"https:\/\/www.casavio.com\/wp-content\/uploads\/2024\/04\/favicon.png","width":144,"height":144,"caption":"Camping Ca'Savio"},"image":{"@id":"https:\/\/www.casavio.com\/da\/#\/schema\/logo\/image\/"},"sameAs":["https:\/\/www.facebook.com\/campingcasavio","https:\/\/www.instagram.com\/campingcasavio","https:\/\/www.youtube.com\/user\/campingcasavio"]}]}},"_links":{"self":[{"href":"https:\/\/www.casavio.com\/da\/wp-json\/wp\/v2\/pages\/9441","targetHints":{"allow":["GET"]}}],"collection":[{"href":"https:\/\/www.casavio.com\/da\/wp-json\/wp\/v2\/pages"}],"about":[{"href":"https:\/\/www.casavio.com\/da\/wp-json\/wp\/v2\/types\/page"}],"author":[{"embeddable":true,"href":"https:\/\/www.casavio.com\/da\/wp-json\/wp\/v2\/users\/2"}],"replies":[{"embeddable":true,"href":"https:\/\/www.casavio.com\/da\/wp-json\/wp\/v2\/comments?post=9441"}],"version-history":[{"count":2,"href":"https:\/\/www.casavio.com\/da\/wp-json\/wp\/v2\/pages\/9441\/revisions"}],"predecessor-version":[{"id":25530,"href":"https:\/\/www.casavio.com\/da\/wp-json\/wp\/v2\/pages\/9441\/revisions\/25530"}],"up":[{"embeddable":true,"href":"https:\/\/www.casavio.com\/da\/wp-json\/wp\/v2\/pages\/9437"}],"wp:featuredmedia":[{"embeddable":true,"href":"https:\/\/www.casavio.com\/da\/wp-json\/wp\/v2\/media\/7845"}],"wp:attachment":[{"href":"https:\/\/www.casavio.com\/da\/wp-json\/wp\/v2\/media?parent=9441"}],"curies":[{"name":"wp","href":"https:\/\/api.w.org\/{rel}","templated":true}]}}