{"id":9447,"date":"2019-11-07T10:14:34","date_gmt":"2019-11-07T09:14:34","guid":{"rendered":"https:\/\/www.casavio.com\/vores-campingplads\/regolamento\/"},"modified":"2026-03-06T10:50:13","modified_gmt":"2026-03-06T09:50:13","slug":"reglement","status":"publish","type":"page","link":"https:\/\/www.casavio.com\/da\/vores-campingplads\/reglement\/","title":{"rendered":"Reglement"},"content":{"rendered":"","protected":false},"excerpt":{"rendered":"<p>F\u00e5 og enkle regler p\u00e5 din ferie.<\/p>\n","protected":false},"author":3,"featured_media":4129,"parent":9437,"menu_order":4,"comment_status":"closed","ping_status":"closed","template":"templates\/tpl-regulation.php","meta":{"_acf_changed":false},"class_list":["post-9447","page","type-page","status-publish","has-post-thumbnail","hentry"],"acf":[],"yoast_head":"<!-- This site is optimized with the Yoast SEO plugin v25.3 - https:\/\/yoast.com\/wordpress\/plugins\/seo\/ -->\n<title>Reglement p\u00e5 Camping Ca&#039; Savio i Cavallino Treporti, Venedig &#8211; Camping Ca&#039; Savio<\/title>\n<meta name=\"description\" content=\"L\u00e6s reglementet for Camping Ca&#039; Savio. Langt de fleste af campingpladsens g\u00e6ster l\u00e6ser og overholder reglerne for god sameksistens. Og det siger personalet tak for!\" \/>\n<meta name=\"robots\" content=\"index, follow, max-snippet:-1, max-image-preview:large, max-video-preview:-1\" \/>\n<link rel=\"canonical\" href=\"https:\/\/www.casavio.com\/da\/vores-campingplads\/reglement\/\" \/>\n<meta property=\"og:locale\" content=\"da_DK\" \/>\n<meta property=\"og:type\" content=\"article\" \/>\n<meta property=\"og:title\" content=\"Reglement p\u00e5 Camping Ca&#039; Savio i Cavallino Treporti, Venedig &#8211; Camping Ca&#039; Savio\" \/>\n<meta property=\"og:description\" content=\"L\u00e6s reglementet for Camping Ca&#039; Savio. Langt de fleste af campingpladsens g\u00e6ster l\u00e6ser og overholder reglerne for god sameksistens. Og det siger personalet tak for!\" \/>\n<meta property=\"og:url\" content=\"https:\/\/www.casavio.com\/da\/vores-campingplads\/reglement\/\" \/>\n<meta property=\"og:site_name\" content=\"Camping Ca&#039; Savio\" \/>\n<meta property=\"article:publisher\" content=\"https:\/\/www.facebook.com\/campingcasavio\" \/>\n<meta property=\"article:modified_time\" content=\"2026-03-06T09:50:13+00:00\" \/>\n<meta property=\"og:image\" content=\"https:\/\/www.casavio.com\/wp-content\/uploads\/2019\/11\/ca-savio-nostro-campeggio-regolamento.jpg\" \/>\n\t<meta property=\"og:image:width\" content=\"440\" \/>\n\t<meta property=\"og:image:height\" content=\"600\" \/>\n\t<meta property=\"og:image:type\" content=\"image\/jpeg\" \/>\n<meta name=\"twitter:card\" content=\"summary_large_image\" \/>\n<meta name=\"twitter:label1\" content=\"Estimeret l\u00e6setid\" \/>\n\t<meta name=\"twitter:data1\" content=\"1 minut\" \/>\n<script type=\"application\/ld+json\" class=\"yoast-schema-graph\">{\"@context\":\"https:\/\/schema.org\",\"@graph\":[{\"@type\":\"WebPage\",\"@id\":\"https:\/\/www.casavio.com\/da\/vores-campingplads\/reglement\/\",\"url\":\"https:\/\/www.casavio.com\/da\/vores-campingplads\/reglement\/\",\"name\":\"Reglement p\u00e5 Camping Ca' Savio i Cavallino Treporti, Venedig &#8211; Camping Ca&#039; Savio\",\"isPartOf\":{\"@id\":\"https:\/\/www.casavio.com\/da\/#website\"},\"primaryImageOfPage\":{\"@id\":\"https:\/\/www.casavio.com\/da\/vores-campingplads\/reglement\/#primaryimage\"},\"image\":{\"@id\":\"https:\/\/www.casavio.com\/da\/vores-campingplads\/reglement\/#primaryimage\"},\"thumbnailUrl\":\"https:\/\/www.casavio.com\/wp-content\/uploads\/2019\/11\/ca-savio-nostro-campeggio-regolamento.jpg\",\"datePublished\":\"2019-11-07T09:14:34+00:00\",\"dateModified\":\"2026-03-06T09:50:13+00:00\",\"description\":\"L\u00e6s reglementet for Camping Ca' Savio. Langt de fleste af campingpladsens g\u00e6ster l\u00e6ser og overholder reglerne for god sameksistens. Og det siger personalet tak for!\",\"breadcrumb\":{\"@id\":\"https:\/\/www.casavio.com\/da\/vores-campingplads\/reglement\/#breadcrumb\"},\"inLanguage\":\"da-DK\",\"potentialAction\":[{\"@type\":\"ReadAction\",\"target\":[\"https:\/\/www.casavio.com\/da\/vores-campingplads\/reglement\/\"]}]},{\"@type\":\"ImageObject\",\"inLanguage\":\"da-DK\",\"@id\":\"https:\/\/www.casavio.com\/da\/vores-campingplads\/reglement\/#primaryimage\",\"url\":\"https:\/\/www.casavio.com\/wp-content\/uploads\/2019\/11\/ca-savio-nostro-campeggio-regolamento.jpg\",\"contentUrl\":\"https:\/\/www.casavio.com\/wp-content\/uploads\/2019\/11\/ca-savio-nostro-campeggio-regolamento.jpg\",\"width\":440,\"height\":600},{\"@type\":\"BreadcrumbList\",\"@id\":\"https:\/\/www.casavio.com\/da\/vores-campingplads\/reglement\/#breadcrumb\",\"itemListElement\":[{\"@type\":\"ListItem\",\"position\":1,\"name\":\"Home\",\"item\":\"https:\/\/www.casavio.com\/da\/\"},{\"@type\":\"ListItem\",\"position\":2,\"name\":\"Vores campingplads\",\"item\":\"https:\/\/www.casavio.com\/da\/vores-campingplads\/\"},{\"@type\":\"ListItem\",\"position\":3,\"name\":\"Reglement\"}]},{\"@type\":\"WebSite\",\"@id\":\"https:\/\/www.casavio.com\/da\/#website\",\"url\":\"https:\/\/www.casavio.com\/da\/\",\"name\":\"Camping Ca&#039; Savio\",\"description\":\"\",\"publisher\":{\"@id\":\"https:\/\/www.casavio.com\/da\/#organization\"},\"potentialAction\":[{\"@type\":\"SearchAction\",\"target\":{\"@type\":\"EntryPoint\",\"urlTemplate\":\"https:\/\/www.casavio.com\/da\/?s={search_term_string}\"},\"query-input\":{\"@type\":\"PropertyValueSpecification\",\"valueRequired\":true,\"valueName\":\"search_term_string\"}}],\"inLanguage\":\"da-DK\"},{\"@type\":\"Organization\",\"@id\":\"https:\/\/www.casavio.com\/da\/#organization\",\"name\":\"Camping Ca'Savio\",\"url\":\"https:\/\/www.casavio.com\/da\/\",\"logo\":{\"@type\":\"ImageObject\",\"inLanguage\":\"da-DK\",\"@id\":\"https:\/\/www.casavio.com\/da\/#\/schema\/logo\/image\/\",\"url\":\"https:\/\/www.casavio.com\/wp-content\/uploads\/2024\/04\/favicon.png\",\"contentUrl\":\"https:\/\/www.casavio.com\/wp-content\/uploads\/2024\/04\/favicon.png\",\"width\":144,\"height\":144,\"caption\":\"Camping Ca'Savio\"},\"image\":{\"@id\":\"https:\/\/www.casavio.com\/da\/#\/schema\/logo\/image\/\"},\"sameAs\":[\"https:\/\/www.facebook.com\/campingcasavio\",\"https:\/\/www.instagram.com\/campingcasavio\",\"https:\/\/www.youtube.com\/user\/campingcasavio\"]}]}<\/script>\n<!-- \/ Yoast SEO plugin. -->","yoast_head_json":{"title":"Reglement p\u00e5 Camping Ca' Savio i Cavallino Treporti, Venedig &#8211; Camping Ca&#039; Savio","description":"L\u00e6s reglementet for Camping Ca' Savio. Langt de fleste af campingpladsens g\u00e6ster l\u00e6ser og overholder reglerne for god sameksistens. Og det siger personalet tak for!","robots":{"index":"index","follow":"follow","max-snippet":"max-snippet:-1","max-image-preview":"max-image-preview:large","max-video-preview":"max-video-preview:-1"},"canonical":"https:\/\/www.casavio.com\/da\/vores-campingplads\/reglement\/","og_locale":"da_DK","og_type":"article","og_title":"Reglement p\u00e5 Camping Ca' Savio i Cavallino Treporti, Venedig &#8211; Camping Ca&#039; Savio","og_description":"L\u00e6s reglementet for Camping Ca' Savio. Langt de fleste af campingpladsens g\u00e6ster l\u00e6ser og overholder reglerne for god sameksistens. Og det siger personalet tak for!","og_url":"https:\/\/www.casavio.com\/da\/vores-campingplads\/reglement\/","og_site_name":"Camping Ca&#039; Savio","article_publisher":"https:\/\/www.facebook.com\/campingcasavio","article_modified_time":"2026-03-06T09:50:13+00:00","og_image":[{"width":440,"height":600,"url":"https:\/\/www.casavio.com\/wp-content\/uploads\/2019\/11\/ca-savio-nostro-campeggio-regolamento.jpg","type":"image\/jpeg"}],"twitter_card":"summary_large_image","twitter_misc":{"Estimeret l\u00e6setid":"1 minut"},"schema":{"@context":"https:\/\/schema.org","@graph":[{"@type":"WebPage","@id":"https:\/\/www.casavio.com\/da\/vores-campingplads\/reglement\/","url":"https:\/\/www.casavio.com\/da\/vores-campingplads\/reglement\/","name":"Reglement p\u00e5 Camping Ca' Savio i Cavallino Treporti, Venedig &#8211; Camping Ca&#039; Savio","isPartOf":{"@id":"https:\/\/www.casavio.com\/da\/#website"},"primaryImageOfPage":{"@id":"https:\/\/www.casavio.com\/da\/vores-campingplads\/reglement\/#primaryimage"},"image":{"@id":"https:\/\/www.casavio.com\/da\/vores-campingplads\/reglement\/#primaryimage"},"thumbnailUrl":"https:\/\/www.casavio.com\/wp-content\/uploads\/2019\/11\/ca-savio-nostro-campeggio-regolamento.jpg","datePublished":"2019-11-07T09:14:34+00:00","dateModified":"2026-03-06T09:50:13+00:00","description":"L\u00e6s reglementet for Camping Ca' Savio. Langt de fleste af campingpladsens g\u00e6ster l\u00e6ser og overholder reglerne for god sameksistens. Og det siger personalet tak for!","breadcrumb":{"@id":"https:\/\/www.casavio.com\/da\/vores-campingplads\/reglement\/#breadcrumb"},"inLanguage":"da-DK","potentialAction":[{"@type":"ReadAction","target":["https:\/\/www.casavio.com\/da\/vores-campingplads\/reglement\/"]}]},{"@type":"ImageObject","inLanguage":"da-DK","@id":"https:\/\/www.casavio.com\/da\/vores-campingplads\/reglement\/#primaryimage","url":"https:\/\/www.casavio.com\/wp-content\/uploads\/2019\/11\/ca-savio-nostro-campeggio-regolamento.jpg","contentUrl":"https:\/\/www.casavio.com\/wp-content\/uploads\/2019\/11\/ca-savio-nostro-campeggio-regolamento.jpg","width":440,"height":600},{"@type":"BreadcrumbList","@id":"https:\/\/www.casavio.com\/da\/vores-campingplads\/reglement\/#breadcrumb","itemListElement":[{"@type":"ListItem","position":1,"name":"Home","item":"https:\/\/www.casavio.com\/da\/"},{"@type":"ListItem","position":2,"name":"Vores campingplads","item":"https:\/\/www.casavio.com\/da\/vores-campingplads\/"},{"@type":"ListItem","position":3,"name":"Reglement"}]},{"@type":"WebSite","@id":"https:\/\/www.casavio.com\/da\/#website","url":"https:\/\/www.casavio.com\/da\/","name":"Camping Ca&#039; Savio","description":"","publisher":{"@id":"https:\/\/www.casavio.com\/da\/#organization"},"potentialAction":[{"@type":"SearchAction","target":{"@type":"EntryPoint","urlTemplate":"https:\/\/www.casavio.com\/da\/?s={search_term_string}"},"query-input":{"@type":"PropertyValueSpecification","valueRequired":true,"valueName":"search_term_string"}}],"inLanguage":"da-DK"},{"@type":"Organization","@id":"https:\/\/www.casavio.com\/da\/#organization","name":"Camping Ca'Savio","url":"https:\/\/www.casavio.com\/da\/","logo":{"@type":"ImageObject","inLanguage":"da-DK","@id":"https:\/\/www.casavio.com\/da\/#\/schema\/logo\/image\/","url":"https:\/\/www.casavio.com\/wp-content\/uploads\/2024\/04\/favicon.png","contentUrl":"https:\/\/www.casavio.com\/wp-content\/uploads\/2024\/04\/favicon.png","width":144,"height":144,"caption":"Camping Ca'Savio"},"image":{"@id":"https:\/\/www.casavio.com\/da\/#\/schema\/logo\/image\/"},"sameAs":["https:\/\/www.facebook.com\/campingcasavio","https:\/\/www.instagram.com\/campingcasavio","https:\/\/www.youtube.com\/user\/campingcasavio"]}]}},"_links":{"self":[{"href":"https:\/\/www.casavio.com\/da\/wp-json\/wp\/v2\/pages\/9447","targetHints":{"allow":["GET"]}}],"collection":[{"href":"https:\/\/www.casavio.com\/da\/wp-json\/wp\/v2\/pages"}],"about":[{"href":"https:\/\/www.casavio.com\/da\/wp-json\/wp\/v2\/types\/page"}],"author":[{"embeddable":true,"href":"https:\/\/www.casavio.com\/da\/wp-json\/wp\/v2\/users\/3"}],"replies":[{"embeddable":true,"href":"https:\/\/www.casavio.com\/da\/wp-json\/wp\/v2\/comments?post=9447"}],"version-history":[{"count":1,"href":"https:\/\/www.casavio.com\/da\/wp-json\/wp\/v2\/pages\/9447\/revisions"}],"predecessor-version":[{"id":46172,"href":"https:\/\/www.casavio.com\/da\/wp-json\/wp\/v2\/pages\/9447\/revisions\/46172"}],"up":[{"embeddable":true,"href":"https:\/\/www.casavio.com\/da\/wp-json\/wp\/v2\/pages\/9437"}],"wp:featuredmedia":[{"embeddable":true,"href":"https:\/\/www.casavio.com\/da\/wp-json\/wp\/v2\/media\/4129"}],"wp:attachment":[{"href":"https:\/\/www.casavio.com\/da\/wp-json\/wp\/v2\/media?parent=9447"}],"curies":[{"name":"wp","href":"https:\/\/api.w.org\/{rel}","templated":true}]}}