{"id":9483,"date":"2019-11-07T10:48:31","date_gmt":"2019-11-07T09:48:31","guid":{"rendered":"https:\/\/www.casavio.com\/faciliteter\/inkluderede-serviceydelser\/sorveglianza-notturna\/"},"modified":"2022-11-21T11:03:02","modified_gmt":"2022-11-21T10:03:02","slug":"nattevagter","status":"publish","type":"page","link":"https:\/\/www.casavio.com\/da\/faciliteter\/inkluderede-serviceydelser\/nattevagter\/","title":{"rendered":"Nattevagter"},"content":{"rendered":"<p>Selv om natten, n\u00e5r receptionen er lukket, vil du finde et venligt og hj\u00e6lpsomt personale, der kan yde hj\u00e6lp og st\u00f8tte under din\u00a0 ferie p\u00e5 Camping Ca&#8217;Savio.<\/p>\n<p>Hvis du er ankommet sent, efter lukketid for <a href=\"https:\/\/www.casavio.com\/da\/faciliteter\/inkluderede-serviceydelser\/reception\/\"><u>receptionen<\/u><\/a>, finder du ved indgangen vores personale, som vil byde dig velkommen, tjekke din reservation, foretage en hurtig check-in og hj\u00e6lpe dig med at n\u00e5 den reserverede indkvartering.<\/p>\n","protected":false},"excerpt":{"rendered":"<p>En service om natten med et personale til din r\u00e5dighed, selv n\u00e5r receptionen er lukket.<\/p>\n","protected":false},"author":3,"featured_media":14975,"parent":9476,"menu_order":34,"comment_status":"closed","ping_status":"closed","template":"","meta":{"_acf_changed":false},"class_list":["post-9483","page","type-page","status-publish","has-post-thumbnail","hentry"],"acf":[],"yoast_head":"<!-- This site is optimized with the Yoast SEO plugin v25.3 - https:\/\/yoast.com\/wordpress\/plugins\/seo\/ -->\n<title>Nattevagter af Campingpladsen &#8211; Camping Ca&#039; Savio<\/title>\n<meta name=\"description\" content=\"Selv om natten, n\u00e5r receptionen er lukket, vil du finde et venligt og hj\u00e6lpsomt personale, der kan yde hj\u00e6lp og st\u00f8tte under din ferie p\u00e5 Camping Ca&#039; Savio.\" \/>\n<meta name=\"robots\" content=\"index, follow, max-snippet:-1, max-image-preview:large, max-video-preview:-1\" \/>\n<link rel=\"canonical\" href=\"https:\/\/www.casavio.com\/da\/faciliteter\/inkluderede-serviceydelser\/nattevagter\/\" \/>\n<meta property=\"og:locale\" content=\"da_DK\" \/>\n<meta property=\"og:type\" content=\"article\" \/>\n<meta property=\"og:title\" content=\"Nattevagter af Campingpladsen &#8211; Camping Ca&#039; Savio\" \/>\n<meta property=\"og:description\" content=\"Selv om natten, n\u00e5r receptionen er lukket, vil du finde et venligt og hj\u00e6lpsomt personale, der kan yde hj\u00e6lp og st\u00f8tte under din ferie p\u00e5 Camping Ca&#039; Savio.\" \/>\n<meta property=\"og:url\" content=\"https:\/\/www.casavio.com\/da\/faciliteter\/inkluderede-serviceydelser\/nattevagter\/\" \/>\n<meta property=\"og:site_name\" content=\"Camping Ca&#039; Savio\" \/>\n<meta property=\"article:publisher\" content=\"https:\/\/www.facebook.com\/campingcasavio\" \/>\n<meta property=\"article:modified_time\" content=\"2022-11-21T10:03:02+00:00\" \/>\n<meta property=\"og:image\" content=\"https:\/\/www.casavio.com\/wp-content\/uploads\/2020\/10\/ca-savio-sorveglianza-notturna-box-dx.jpg\" \/>\n\t<meta property=\"og:image:width\" content=\"440\" \/>\n\t<meta property=\"og:image:height\" content=\"600\" \/>\n\t<meta property=\"og:image:type\" content=\"image\/jpeg\" \/>\n<meta name=\"twitter:card\" content=\"summary_large_image\" \/>\n<script type=\"application\/ld+json\" class=\"yoast-schema-graph\">{\"@context\":\"https:\/\/schema.org\",\"@graph\":[{\"@type\":\"WebPage\",\"@id\":\"https:\/\/www.casavio.com\/da\/faciliteter\/inkluderede-serviceydelser\/nattevagter\/\",\"url\":\"https:\/\/www.casavio.com\/da\/faciliteter\/inkluderede-serviceydelser\/nattevagter\/\",\"name\":\"Nattevagter af Campingpladsen &#8211; Camping Ca&#039; Savio\",\"isPartOf\":{\"@id\":\"https:\/\/www.casavio.com\/da\/#website\"},\"primaryImageOfPage\":{\"@id\":\"https:\/\/www.casavio.com\/da\/faciliteter\/inkluderede-serviceydelser\/nattevagter\/#primaryimage\"},\"image\":{\"@id\":\"https:\/\/www.casavio.com\/da\/faciliteter\/inkluderede-serviceydelser\/nattevagter\/#primaryimage\"},\"thumbnailUrl\":\"https:\/\/www.casavio.com\/wp-content\/uploads\/2020\/10\/ca-savio-sorveglianza-notturna-box-dx.jpg\",\"datePublished\":\"2019-11-07T09:48:31+00:00\",\"dateModified\":\"2022-11-21T10:03:02+00:00\",\"description\":\"Selv om natten, n\u00e5r receptionen er lukket, vil du finde et venligt og hj\u00e6lpsomt personale, der kan yde hj\u00e6lp og st\u00f8tte under din ferie p\u00e5 Camping Ca' Savio.\",\"breadcrumb\":{\"@id\":\"https:\/\/www.casavio.com\/da\/faciliteter\/inkluderede-serviceydelser\/nattevagter\/#breadcrumb\"},\"inLanguage\":\"da-DK\",\"potentialAction\":[{\"@type\":\"ReadAction\",\"target\":[\"https:\/\/www.casavio.com\/da\/faciliteter\/inkluderede-serviceydelser\/nattevagter\/\"]}]},{\"@type\":\"ImageObject\",\"inLanguage\":\"da-DK\",\"@id\":\"https:\/\/www.casavio.com\/da\/faciliteter\/inkluderede-serviceydelser\/nattevagter\/#primaryimage\",\"url\":\"https:\/\/www.casavio.com\/wp-content\/uploads\/2020\/10\/ca-savio-sorveglianza-notturna-box-dx.jpg\",\"contentUrl\":\"https:\/\/www.casavio.com\/wp-content\/uploads\/2020\/10\/ca-savio-sorveglianza-notturna-box-dx.jpg\",\"width\":440,\"height\":600},{\"@type\":\"BreadcrumbList\",\"@id\":\"https:\/\/www.casavio.com\/da\/faciliteter\/inkluderede-serviceydelser\/nattevagter\/#breadcrumb\",\"itemListElement\":[{\"@type\":\"ListItem\",\"position\":1,\"name\":\"Home\",\"item\":\"https:\/\/www.casavio.com\/da\/\"},{\"@type\":\"ListItem\",\"position\":2,\"name\":\"Faciliteter\",\"item\":\"https:\/\/www.casavio.com\/da\/faciliteter\/\"},{\"@type\":\"ListItem\",\"position\":3,\"name\":\"Inkluderede serviceydelser\",\"item\":\"https:\/\/www.casavio.com\/da\/faciliteter\/inkluderede-serviceydelser\/\"},{\"@type\":\"ListItem\",\"position\":4,\"name\":\"Nattevagter\"}]},{\"@type\":\"WebSite\",\"@id\":\"https:\/\/www.casavio.com\/da\/#website\",\"url\":\"https:\/\/www.casavio.com\/da\/\",\"name\":\"Camping Ca&#039; Savio\",\"description\":\"\",\"publisher\":{\"@id\":\"https:\/\/www.casavio.com\/da\/#organization\"},\"potentialAction\":[{\"@type\":\"SearchAction\",\"target\":{\"@type\":\"EntryPoint\",\"urlTemplate\":\"https:\/\/www.casavio.com\/da\/?s={search_term_string}\"},\"query-input\":{\"@type\":\"PropertyValueSpecification\",\"valueRequired\":true,\"valueName\":\"search_term_string\"}}],\"inLanguage\":\"da-DK\"},{\"@type\":\"Organization\",\"@id\":\"https:\/\/www.casavio.com\/da\/#organization\",\"name\":\"Camping Ca'Savio\",\"url\":\"https:\/\/www.casavio.com\/da\/\",\"logo\":{\"@type\":\"ImageObject\",\"inLanguage\":\"da-DK\",\"@id\":\"https:\/\/www.casavio.com\/da\/#\/schema\/logo\/image\/\",\"url\":\"https:\/\/www.casavio.com\/wp-content\/uploads\/2024\/04\/favicon.png\",\"contentUrl\":\"https:\/\/www.casavio.com\/wp-content\/uploads\/2024\/04\/favicon.png\",\"width\":144,\"height\":144,\"caption\":\"Camping Ca'Savio\"},\"image\":{\"@id\":\"https:\/\/www.casavio.com\/da\/#\/schema\/logo\/image\/\"},\"sameAs\":[\"https:\/\/www.facebook.com\/campingcasavio\",\"https:\/\/www.instagram.com\/campingcasavio\",\"https:\/\/www.youtube.com\/user\/campingcasavio\"]}]}<\/script>\n<!-- \/ Yoast SEO plugin. -->","yoast_head_json":{"title":"Nattevagter af Campingpladsen &#8211; Camping Ca&#039; Savio","description":"Selv om natten, n\u00e5r receptionen er lukket, vil du finde et venligt og hj\u00e6lpsomt personale, der kan yde hj\u00e6lp og st\u00f8tte under din ferie p\u00e5 Camping Ca' Savio.","robots":{"index":"index","follow":"follow","max-snippet":"max-snippet:-1","max-image-preview":"max-image-preview:large","max-video-preview":"max-video-preview:-1"},"canonical":"https:\/\/www.casavio.com\/da\/faciliteter\/inkluderede-serviceydelser\/nattevagter\/","og_locale":"da_DK","og_type":"article","og_title":"Nattevagter af Campingpladsen &#8211; Camping Ca&#039; Savio","og_description":"Selv om natten, n\u00e5r receptionen er lukket, vil du finde et venligt og hj\u00e6lpsomt personale, der kan yde hj\u00e6lp og st\u00f8tte under din ferie p\u00e5 Camping Ca' Savio.","og_url":"https:\/\/www.casavio.com\/da\/faciliteter\/inkluderede-serviceydelser\/nattevagter\/","og_site_name":"Camping Ca&#039; Savio","article_publisher":"https:\/\/www.facebook.com\/campingcasavio","article_modified_time":"2022-11-21T10:03:02+00:00","og_image":[{"width":440,"height":600,"url":"https:\/\/www.casavio.com\/wp-content\/uploads\/2020\/10\/ca-savio-sorveglianza-notturna-box-dx.jpg","type":"image\/jpeg"}],"twitter_card":"summary_large_image","schema":{"@context":"https:\/\/schema.org","@graph":[{"@type":"WebPage","@id":"https:\/\/www.casavio.com\/da\/faciliteter\/inkluderede-serviceydelser\/nattevagter\/","url":"https:\/\/www.casavio.com\/da\/faciliteter\/inkluderede-serviceydelser\/nattevagter\/","name":"Nattevagter af Campingpladsen &#8211; Camping Ca&#039; Savio","isPartOf":{"@id":"https:\/\/www.casavio.com\/da\/#website"},"primaryImageOfPage":{"@id":"https:\/\/www.casavio.com\/da\/faciliteter\/inkluderede-serviceydelser\/nattevagter\/#primaryimage"},"image":{"@id":"https:\/\/www.casavio.com\/da\/faciliteter\/inkluderede-serviceydelser\/nattevagter\/#primaryimage"},"thumbnailUrl":"https:\/\/www.casavio.com\/wp-content\/uploads\/2020\/10\/ca-savio-sorveglianza-notturna-box-dx.jpg","datePublished":"2019-11-07T09:48:31+00:00","dateModified":"2022-11-21T10:03:02+00:00","description":"Selv om natten, n\u00e5r receptionen er lukket, vil du finde et venligt og hj\u00e6lpsomt personale, der kan yde hj\u00e6lp og st\u00f8tte under din ferie p\u00e5 Camping Ca' Savio.","breadcrumb":{"@id":"https:\/\/www.casavio.com\/da\/faciliteter\/inkluderede-serviceydelser\/nattevagter\/#breadcrumb"},"inLanguage":"da-DK","potentialAction":[{"@type":"ReadAction","target":["https:\/\/www.casavio.com\/da\/faciliteter\/inkluderede-serviceydelser\/nattevagter\/"]}]},{"@type":"ImageObject","inLanguage":"da-DK","@id":"https:\/\/www.casavio.com\/da\/faciliteter\/inkluderede-serviceydelser\/nattevagter\/#primaryimage","url":"https:\/\/www.casavio.com\/wp-content\/uploads\/2020\/10\/ca-savio-sorveglianza-notturna-box-dx.jpg","contentUrl":"https:\/\/www.casavio.com\/wp-content\/uploads\/2020\/10\/ca-savio-sorveglianza-notturna-box-dx.jpg","width":440,"height":600},{"@type":"BreadcrumbList","@id":"https:\/\/www.casavio.com\/da\/faciliteter\/inkluderede-serviceydelser\/nattevagter\/#breadcrumb","itemListElement":[{"@type":"ListItem","position":1,"name":"Home","item":"https:\/\/www.casavio.com\/da\/"},{"@type":"ListItem","position":2,"name":"Faciliteter","item":"https:\/\/www.casavio.com\/da\/faciliteter\/"},{"@type":"ListItem","position":3,"name":"Inkluderede serviceydelser","item":"https:\/\/www.casavio.com\/da\/faciliteter\/inkluderede-serviceydelser\/"},{"@type":"ListItem","position":4,"name":"Nattevagter"}]},{"@type":"WebSite","@id":"https:\/\/www.casavio.com\/da\/#website","url":"https:\/\/www.casavio.com\/da\/","name":"Camping Ca&#039; Savio","description":"","publisher":{"@id":"https:\/\/www.casavio.com\/da\/#organization"},"potentialAction":[{"@type":"SearchAction","target":{"@type":"EntryPoint","urlTemplate":"https:\/\/www.casavio.com\/da\/?s={search_term_string}"},"query-input":{"@type":"PropertyValueSpecification","valueRequired":true,"valueName":"search_term_string"}}],"inLanguage":"da-DK"},{"@type":"Organization","@id":"https:\/\/www.casavio.com\/da\/#organization","name":"Camping Ca'Savio","url":"https:\/\/www.casavio.com\/da\/","logo":{"@type":"ImageObject","inLanguage":"da-DK","@id":"https:\/\/www.casavio.com\/da\/#\/schema\/logo\/image\/","url":"https:\/\/www.casavio.com\/wp-content\/uploads\/2024\/04\/favicon.png","contentUrl":"https:\/\/www.casavio.com\/wp-content\/uploads\/2024\/04\/favicon.png","width":144,"height":144,"caption":"Camping Ca'Savio"},"image":{"@id":"https:\/\/www.casavio.com\/da\/#\/schema\/logo\/image\/"},"sameAs":["https:\/\/www.facebook.com\/campingcasavio","https:\/\/www.instagram.com\/campingcasavio","https:\/\/www.youtube.com\/user\/campingcasavio"]}]}},"_links":{"self":[{"href":"https:\/\/www.casavio.com\/da\/wp-json\/wp\/v2\/pages\/9483","targetHints":{"allow":["GET"]}}],"collection":[{"href":"https:\/\/www.casavio.com\/da\/wp-json\/wp\/v2\/pages"}],"about":[{"href":"https:\/\/www.casavio.com\/da\/wp-json\/wp\/v2\/types\/page"}],"author":[{"embeddable":true,"href":"https:\/\/www.casavio.com\/da\/wp-json\/wp\/v2\/users\/3"}],"replies":[{"embeddable":true,"href":"https:\/\/www.casavio.com\/da\/wp-json\/wp\/v2\/comments?post=9483"}],"version-history":[{"count":2,"href":"https:\/\/www.casavio.com\/da\/wp-json\/wp\/v2\/pages\/9483\/revisions"}],"predecessor-version":[{"id":26006,"href":"https:\/\/www.casavio.com\/da\/wp-json\/wp\/v2\/pages\/9483\/revisions\/26006"}],"up":[{"embeddable":true,"href":"https:\/\/www.casavio.com\/da\/wp-json\/wp\/v2\/pages\/9476"}],"wp:featuredmedia":[{"embeddable":true,"href":"https:\/\/www.casavio.com\/da\/wp-json\/wp\/v2\/media\/14975"}],"wp:attachment":[{"href":"https:\/\/www.casavio.com\/da\/wp-json\/wp\/v2\/media?parent=9483"}],"curies":[{"name":"wp","href":"https:\/\/api.w.org\/{rel}","templated":true}]}}