{"id":9501,"date":"2019-11-07T10:50:22","date_gmt":"2019-11-07T09:50:22","guid":{"rendered":"https:\/\/www.casavio.com\/faciliteter\/inkluderede-serviceydelser\/customer-care\/"},"modified":"2024-11-13T14:51:21","modified_gmt":"2024-11-13T13:51:21","slug":"customer-care","status":"publish","type":"page","link":"https:\/\/www.casavio.com\/da\/faciliteter\/inkluderede-serviceydelser\/customer-care\/","title":{"rendered":"Customer Care Kontor"},"content":{"rendered":"<p><strong>Kundeservicekontoret<\/strong> ligger i hovedbygningen og omfatter byder ogs\u00e5 <a href=\"https:\/\/www.casavio.com\/da\/faciliteter\/inkluderede-serviceydelser\/reception\/\">receptionen<\/a> og er referencepunktet for alle vores kunder under ferien.<\/p>\n<p>Et roligt og uformelt sted, hvor vores <strong>flersproget <\/strong><strong>personale, <\/strong>opm\u00e6rksomme og kompetente, vil v\u00e6re til din r\u00e5dighed for ethvert behov eller for at hj\u00e6lpe dig med at v\u00e6lge mellem de mange tilbud og det mest egnede til dine behov, s\u00e5 du kan tilbringe en uforglemmelig ferie.<\/p>\n<p>Se alle serviceydelser, der tilbydes af vores kontorer&#8230;<\/p>\n","protected":false},"excerpt":{"rendered":"<p>Kundeservicekontoret med flersproget personale, opm\u00e6rksomt og kompetent, vil v\u00e6re dit referencepunkt i l\u00f8bet af ferien.<\/p>\n","protected":false},"author":3,"featured_media":2772,"parent":9476,"menu_order":38,"comment_status":"closed","ping_status":"closed","template":"","meta":{"_acf_changed":false},"class_list":["post-9501","page","type-page","status-publish","has-post-thumbnail","hentry"],"acf":[],"yoast_head":"<!-- This site is optimized with the Yoast SEO plugin v25.3 - https:\/\/yoast.com\/wordpress\/plugins\/seo\/ -->\n<title>Customer Care Kontor &#8211; Camping Ca&#039; Savio<\/title>\n<meta name=\"description\" content=\"Et roligt og uformelt sted, hvor vores flersproget personale, opm\u00e6rksomme og kompetente, vil v\u00e6re til din r\u00e5dighed for ethvert behov eller for at hj\u00e6lpe dig med at v\u00e6lge mellem de mange tilbud og det mest egnede til dine behov, s\u00e5 du kan tilbringe en uforglemmelig ferie.\" \/>\n<meta name=\"robots\" content=\"index, follow, max-snippet:-1, max-image-preview:large, max-video-preview:-1\" \/>\n<link rel=\"canonical\" href=\"https:\/\/www.casavio.com\/da\/faciliteter\/inkluderede-serviceydelser\/customer-care\/\" \/>\n<meta property=\"og:locale\" content=\"da_DK\" \/>\n<meta property=\"og:type\" content=\"article\" \/>\n<meta property=\"og:title\" content=\"Customer Care Kontor &#8211; Camping Ca&#039; Savio\" \/>\n<meta property=\"og:description\" content=\"Et roligt og uformelt sted, hvor vores flersproget personale, opm\u00e6rksomme og kompetente, vil v\u00e6re til din r\u00e5dighed for ethvert behov eller for at hj\u00e6lpe dig med at v\u00e6lge mellem de mange tilbud og det mest egnede til dine behov, s\u00e5 du kan tilbringe en uforglemmelig ferie.\" \/>\n<meta property=\"og:url\" content=\"https:\/\/www.casavio.com\/da\/faciliteter\/inkluderede-serviceydelser\/customer-care\/\" \/>\n<meta property=\"og:site_name\" content=\"Camping Ca&#039; Savio\" \/>\n<meta property=\"article:publisher\" content=\"https:\/\/www.facebook.com\/campingcasavio\" \/>\n<meta property=\"article:modified_time\" content=\"2024-11-13T13:51:21+00:00\" \/>\n<meta property=\"og:image\" content=\"https:\/\/www.casavio.com\/wp-content\/uploads\/2019\/11\/ca-savio-customer-care-box.jpg\" \/>\n\t<meta property=\"og:image:width\" content=\"440\" \/>\n\t<meta property=\"og:image:height\" content=\"600\" \/>\n\t<meta property=\"og:image:type\" content=\"image\/jpeg\" \/>\n<meta name=\"twitter:card\" content=\"summary_large_image\" \/>\n<meta name=\"twitter:label1\" content=\"Estimeret l\u00e6setid\" \/>\n\t<meta name=\"twitter:data1\" content=\"1 minut\" \/>\n<script type=\"application\/ld+json\" class=\"yoast-schema-graph\">{\"@context\":\"https:\/\/schema.org\",\"@graph\":[{\"@type\":\"WebPage\",\"@id\":\"https:\/\/www.casavio.com\/da\/faciliteter\/inkluderede-serviceydelser\/customer-care\/\",\"url\":\"https:\/\/www.casavio.com\/da\/faciliteter\/inkluderede-serviceydelser\/customer-care\/\",\"name\":\"Customer Care Kontor &#8211; Camping Ca&#039; Savio\",\"isPartOf\":{\"@id\":\"https:\/\/www.casavio.com\/da\/#website\"},\"primaryImageOfPage\":{\"@id\":\"https:\/\/www.casavio.com\/da\/faciliteter\/inkluderede-serviceydelser\/customer-care\/#primaryimage\"},\"image\":{\"@id\":\"https:\/\/www.casavio.com\/da\/faciliteter\/inkluderede-serviceydelser\/customer-care\/#primaryimage\"},\"thumbnailUrl\":\"https:\/\/www.casavio.com\/wp-content\/uploads\/2019\/11\/ca-savio-customer-care-box.jpg\",\"datePublished\":\"2019-11-07T09:50:22+00:00\",\"dateModified\":\"2024-11-13T13:51:21+00:00\",\"description\":\"Et roligt og uformelt sted, hvor vores flersproget personale, opm\u00e6rksomme og kompetente, vil v\u00e6re til din r\u00e5dighed for ethvert behov eller for at hj\u00e6lpe dig med at v\u00e6lge mellem de mange tilbud og det mest egnede til dine behov, s\u00e5 du kan tilbringe en uforglemmelig ferie.\",\"breadcrumb\":{\"@id\":\"https:\/\/www.casavio.com\/da\/faciliteter\/inkluderede-serviceydelser\/customer-care\/#breadcrumb\"},\"inLanguage\":\"da-DK\",\"potentialAction\":[{\"@type\":\"ReadAction\",\"target\":[\"https:\/\/www.casavio.com\/da\/faciliteter\/inkluderede-serviceydelser\/customer-care\/\"]}]},{\"@type\":\"ImageObject\",\"inLanguage\":\"da-DK\",\"@id\":\"https:\/\/www.casavio.com\/da\/faciliteter\/inkluderede-serviceydelser\/customer-care\/#primaryimage\",\"url\":\"https:\/\/www.casavio.com\/wp-content\/uploads\/2019\/11\/ca-savio-customer-care-box.jpg\",\"contentUrl\":\"https:\/\/www.casavio.com\/wp-content\/uploads\/2019\/11\/ca-savio-customer-care-box.jpg\",\"width\":440,\"height\":600},{\"@type\":\"BreadcrumbList\",\"@id\":\"https:\/\/www.casavio.com\/da\/faciliteter\/inkluderede-serviceydelser\/customer-care\/#breadcrumb\",\"itemListElement\":[{\"@type\":\"ListItem\",\"position\":1,\"name\":\"Home\",\"item\":\"https:\/\/www.casavio.com\/da\/\"},{\"@type\":\"ListItem\",\"position\":2,\"name\":\"Faciliteter\",\"item\":\"https:\/\/www.casavio.com\/da\/faciliteter\/\"},{\"@type\":\"ListItem\",\"position\":3,\"name\":\"Inkluderede serviceydelser\",\"item\":\"https:\/\/www.casavio.com\/da\/faciliteter\/inkluderede-serviceydelser\/\"},{\"@type\":\"ListItem\",\"position\":4,\"name\":\"Customer Care Kontor\"}]},{\"@type\":\"WebSite\",\"@id\":\"https:\/\/www.casavio.com\/da\/#website\",\"url\":\"https:\/\/www.casavio.com\/da\/\",\"name\":\"Camping Ca&#039; Savio\",\"description\":\"\",\"publisher\":{\"@id\":\"https:\/\/www.casavio.com\/da\/#organization\"},\"potentialAction\":[{\"@type\":\"SearchAction\",\"target\":{\"@type\":\"EntryPoint\",\"urlTemplate\":\"https:\/\/www.casavio.com\/da\/?s={search_term_string}\"},\"query-input\":{\"@type\":\"PropertyValueSpecification\",\"valueRequired\":true,\"valueName\":\"search_term_string\"}}],\"inLanguage\":\"da-DK\"},{\"@type\":\"Organization\",\"@id\":\"https:\/\/www.casavio.com\/da\/#organization\",\"name\":\"Camping Ca'Savio\",\"url\":\"https:\/\/www.casavio.com\/da\/\",\"logo\":{\"@type\":\"ImageObject\",\"inLanguage\":\"da-DK\",\"@id\":\"https:\/\/www.casavio.com\/da\/#\/schema\/logo\/image\/\",\"url\":\"https:\/\/www.casavio.com\/wp-content\/uploads\/2024\/04\/favicon.png\",\"contentUrl\":\"https:\/\/www.casavio.com\/wp-content\/uploads\/2024\/04\/favicon.png\",\"width\":144,\"height\":144,\"caption\":\"Camping Ca'Savio\"},\"image\":{\"@id\":\"https:\/\/www.casavio.com\/da\/#\/schema\/logo\/image\/\"},\"sameAs\":[\"https:\/\/www.facebook.com\/campingcasavio\",\"https:\/\/www.instagram.com\/campingcasavio\",\"https:\/\/www.youtube.com\/user\/campingcasavio\"]}]}<\/script>\n<!-- \/ Yoast SEO plugin. -->","yoast_head_json":{"title":"Customer Care Kontor &#8211; Camping Ca&#039; Savio","description":"Et roligt og uformelt sted, hvor vores flersproget personale, opm\u00e6rksomme og kompetente, vil v\u00e6re til din r\u00e5dighed for ethvert behov eller for at hj\u00e6lpe dig med at v\u00e6lge mellem de mange tilbud og det mest egnede til dine behov, s\u00e5 du kan tilbringe en uforglemmelig ferie.","robots":{"index":"index","follow":"follow","max-snippet":"max-snippet:-1","max-image-preview":"max-image-preview:large","max-video-preview":"max-video-preview:-1"},"canonical":"https:\/\/www.casavio.com\/da\/faciliteter\/inkluderede-serviceydelser\/customer-care\/","og_locale":"da_DK","og_type":"article","og_title":"Customer Care Kontor &#8211; Camping Ca&#039; Savio","og_description":"Et roligt og uformelt sted, hvor vores flersproget personale, opm\u00e6rksomme og kompetente, vil v\u00e6re til din r\u00e5dighed for ethvert behov eller for at hj\u00e6lpe dig med at v\u00e6lge mellem de mange tilbud og det mest egnede til dine behov, s\u00e5 du kan tilbringe en uforglemmelig ferie.","og_url":"https:\/\/www.casavio.com\/da\/faciliteter\/inkluderede-serviceydelser\/customer-care\/","og_site_name":"Camping Ca&#039; Savio","article_publisher":"https:\/\/www.facebook.com\/campingcasavio","article_modified_time":"2024-11-13T13:51:21+00:00","og_image":[{"width":440,"height":600,"url":"https:\/\/www.casavio.com\/wp-content\/uploads\/2019\/11\/ca-savio-customer-care-box.jpg","type":"image\/jpeg"}],"twitter_card":"summary_large_image","twitter_misc":{"Estimeret l\u00e6setid":"1 minut"},"schema":{"@context":"https:\/\/schema.org","@graph":[{"@type":"WebPage","@id":"https:\/\/www.casavio.com\/da\/faciliteter\/inkluderede-serviceydelser\/customer-care\/","url":"https:\/\/www.casavio.com\/da\/faciliteter\/inkluderede-serviceydelser\/customer-care\/","name":"Customer Care Kontor &#8211; Camping Ca&#039; Savio","isPartOf":{"@id":"https:\/\/www.casavio.com\/da\/#website"},"primaryImageOfPage":{"@id":"https:\/\/www.casavio.com\/da\/faciliteter\/inkluderede-serviceydelser\/customer-care\/#primaryimage"},"image":{"@id":"https:\/\/www.casavio.com\/da\/faciliteter\/inkluderede-serviceydelser\/customer-care\/#primaryimage"},"thumbnailUrl":"https:\/\/www.casavio.com\/wp-content\/uploads\/2019\/11\/ca-savio-customer-care-box.jpg","datePublished":"2019-11-07T09:50:22+00:00","dateModified":"2024-11-13T13:51:21+00:00","description":"Et roligt og uformelt sted, hvor vores flersproget personale, opm\u00e6rksomme og kompetente, vil v\u00e6re til din r\u00e5dighed for ethvert behov eller for at hj\u00e6lpe dig med at v\u00e6lge mellem de mange tilbud og det mest egnede til dine behov, s\u00e5 du kan tilbringe en uforglemmelig ferie.","breadcrumb":{"@id":"https:\/\/www.casavio.com\/da\/faciliteter\/inkluderede-serviceydelser\/customer-care\/#breadcrumb"},"inLanguage":"da-DK","potentialAction":[{"@type":"ReadAction","target":["https:\/\/www.casavio.com\/da\/faciliteter\/inkluderede-serviceydelser\/customer-care\/"]}]},{"@type":"ImageObject","inLanguage":"da-DK","@id":"https:\/\/www.casavio.com\/da\/faciliteter\/inkluderede-serviceydelser\/customer-care\/#primaryimage","url":"https:\/\/www.casavio.com\/wp-content\/uploads\/2019\/11\/ca-savio-customer-care-box.jpg","contentUrl":"https:\/\/www.casavio.com\/wp-content\/uploads\/2019\/11\/ca-savio-customer-care-box.jpg","width":440,"height":600},{"@type":"BreadcrumbList","@id":"https:\/\/www.casavio.com\/da\/faciliteter\/inkluderede-serviceydelser\/customer-care\/#breadcrumb","itemListElement":[{"@type":"ListItem","position":1,"name":"Home","item":"https:\/\/www.casavio.com\/da\/"},{"@type":"ListItem","position":2,"name":"Faciliteter","item":"https:\/\/www.casavio.com\/da\/faciliteter\/"},{"@type":"ListItem","position":3,"name":"Inkluderede serviceydelser","item":"https:\/\/www.casavio.com\/da\/faciliteter\/inkluderede-serviceydelser\/"},{"@type":"ListItem","position":4,"name":"Customer Care Kontor"}]},{"@type":"WebSite","@id":"https:\/\/www.casavio.com\/da\/#website","url":"https:\/\/www.casavio.com\/da\/","name":"Camping Ca&#039; Savio","description":"","publisher":{"@id":"https:\/\/www.casavio.com\/da\/#organization"},"potentialAction":[{"@type":"SearchAction","target":{"@type":"EntryPoint","urlTemplate":"https:\/\/www.casavio.com\/da\/?s={search_term_string}"},"query-input":{"@type":"PropertyValueSpecification","valueRequired":true,"valueName":"search_term_string"}}],"inLanguage":"da-DK"},{"@type":"Organization","@id":"https:\/\/www.casavio.com\/da\/#organization","name":"Camping Ca'Savio","url":"https:\/\/www.casavio.com\/da\/","logo":{"@type":"ImageObject","inLanguage":"da-DK","@id":"https:\/\/www.casavio.com\/da\/#\/schema\/logo\/image\/","url":"https:\/\/www.casavio.com\/wp-content\/uploads\/2024\/04\/favicon.png","contentUrl":"https:\/\/www.casavio.com\/wp-content\/uploads\/2024\/04\/favicon.png","width":144,"height":144,"caption":"Camping Ca'Savio"},"image":{"@id":"https:\/\/www.casavio.com\/da\/#\/schema\/logo\/image\/"},"sameAs":["https:\/\/www.facebook.com\/campingcasavio","https:\/\/www.instagram.com\/campingcasavio","https:\/\/www.youtube.com\/user\/campingcasavio"]}]}},"_links":{"self":[{"href":"https:\/\/www.casavio.com\/da\/wp-json\/wp\/v2\/pages\/9501","targetHints":{"allow":["GET"]}}],"collection":[{"href":"https:\/\/www.casavio.com\/da\/wp-json\/wp\/v2\/pages"}],"about":[{"href":"https:\/\/www.casavio.com\/da\/wp-json\/wp\/v2\/types\/page"}],"author":[{"embeddable":true,"href":"https:\/\/www.casavio.com\/da\/wp-json\/wp\/v2\/users\/3"}],"replies":[{"embeddable":true,"href":"https:\/\/www.casavio.com\/da\/wp-json\/wp\/v2\/comments?post=9501"}],"version-history":[{"count":2,"href":"https:\/\/www.casavio.com\/da\/wp-json\/wp\/v2\/pages\/9501\/revisions"}],"predecessor-version":[{"id":9503,"href":"https:\/\/www.casavio.com\/da\/wp-json\/wp\/v2\/pages\/9501\/revisions\/9503"}],"up":[{"embeddable":true,"href":"https:\/\/www.casavio.com\/da\/wp-json\/wp\/v2\/pages\/9476"}],"wp:featuredmedia":[{"embeddable":true,"href":"https:\/\/www.casavio.com\/da\/wp-json\/wp\/v2\/media\/2772"}],"wp:attachment":[{"href":"https:\/\/www.casavio.com\/da\/wp-json\/wp\/v2\/media?parent=9501"}],"curies":[{"name":"wp","href":"https:\/\/api.w.org\/{rel}","templated":true}]}}