{"id":9511,"date":"2019-11-28T17:10:30","date_gmt":"2019-11-28T16:10:30","guid":{"rendered":"https:\/\/www.casavio.com\/faciliteter\/ekstra-serviceydelser\/transfer-aeroporto\/"},"modified":"2026-02-17T12:44:47","modified_gmt":"2026-02-17T11:44:47","slug":"lufthavnstransfer","status":"publish","type":"page","link":"https:\/\/www.casavio.com\/da\/faciliteter\/ekstra-serviceydelser\/lufthavnstransfer\/","title":{"rendered":"Lufthavnstransfer (Venedig og Treviso)"},"content":{"rendered":"<p>S\u00e6rlige priser for under hos Camping Ca\u2019Savio<\/p>\n<p><strong>Lufthavn \u201cMarco Polo\u201d (Venedig)<\/strong> &#8211; Camping Ca\u2019Savio, eller Camping Ca\u2019Savio &#8211; Lufthavn \u201cMarco Polo\u201d (Venedig):<\/p>\n<ul>\n<li>Taxa indtil 4 personer \u20ac 105,00<\/li>\n<li>Taxa 5 personer \u20ac 110,00<\/li>\n<li>Taxa 6 personer \u20ac 115,00<\/li>\n<li>Taxa 7 personer \u20ac 120,00<\/li>\n<li>Taxa 8 personer \u20ac 125,00.<\/li>\n<\/ul>\n<p><strong>Lufthavn Treviso &#8211; Camping Ca\u2019Savio<\/strong>, eller Camping Ca\u2019Savio &#8211; Lufthavn Treviso:<\/p>\n<ul>\n<li>Taxa indtil 4 personer \u20ac 120,00<\/li>\n<li>Taxa 5 personer \u20ac 125,00<\/li>\n<li>Taxa 6 personer \u20ac 130,00<\/li>\n<li>Taxa 7 personer \u20ac 135,00<\/li>\n<li>Taxa 8 personer \u20ac 140,00.<\/li>\n<\/ul>\n<p>Barnes\u00e6der kan is\u00e6ttes <a href=\"https:\/\/booking.casavio.com\/contact\" target=\"_blank\" rel=\"noopener noreferrer\">efter anmodning<\/a>.<\/p>\n<p>Transport mellem kl. 22.00 og 07.00, s\u00f8ndage og helligdage: 20 % till\u00e6g.<br \/>\n1 stk. bagage pr. person er inkluderet i prisen. Ekstra bagage: 3 \u20ac.<\/p>\n<p>Chauff\u00f8ren venter p\u00e5 jer i lufthavnen.<br \/>\nBetaling sker p\u00e5 stedet direkte til chauff\u00f8ren.<\/p>\n<p>Sp\u00f8rg efter denne service mindst 3 dage f\u00f8r din ankomst i lufthavnen og f\u00e5 et svar indenfor 48 timer (dog ikke i weekenderne i vinterm\u00e5nederne: oktober-april).<\/p>\n<p>&nbsp;<\/p>\n","protected":false},"excerpt":{"rendered":"<p>S\u00e6rlige priser for taxatransport til og fra Venedig Marco Polo Lufthavn og Treviso Canova Lufthavn.<\/p>\n","protected":false},"author":3,"featured_media":5338,"parent":9508,"menu_order":10,"comment_status":"closed","ping_status":"closed","template":"templates\/tpl-taxi-transfer.php","meta":{"_acf_changed":false},"class_list":["post-9511","page","type-page","status-publish","has-post-thumbnail","hentry"],"acf":[],"yoast_head":"<!-- This site is optimized with the Yoast SEO plugin v25.3 - https:\/\/yoast.com\/wordpress\/plugins\/seo\/ -->\n<title>Transfer til lufthavne i Venedig og Treviso &#8211; Camping Ca&#039; Savio<\/title>\n<meta name=\"description\" content=\"G\u00e5 ikke glip af priserne reserveret til dig for transporten frem og tilbage til lufthavnen i Venedig eller Treviso. Se transportaftalerne med Camping Ca&#039; Savio ved Cavallino Treporti.\" \/>\n<meta name=\"robots\" content=\"index, follow, max-snippet:-1, max-image-preview:large, max-video-preview:-1\" \/>\n<link rel=\"canonical\" href=\"https:\/\/www.casavio.com\/da\/faciliteter\/ekstra-serviceydelser\/lufthavnstransfer\/\" \/>\n<meta property=\"og:locale\" content=\"da_DK\" \/>\n<meta property=\"og:type\" content=\"article\" \/>\n<meta property=\"og:title\" content=\"Transfer til lufthavne i Venedig og Treviso &#8211; Camping Ca&#039; Savio\" \/>\n<meta property=\"og:description\" content=\"G\u00e5 ikke glip af priserne reserveret til dig for transporten frem og tilbage til lufthavnen i Venedig eller Treviso. Se transportaftalerne med Camping Ca&#039; Savio ved Cavallino Treporti.\" \/>\n<meta property=\"og:url\" content=\"https:\/\/www.casavio.com\/da\/faciliteter\/ekstra-serviceydelser\/lufthavnstransfer\/\" \/>\n<meta property=\"og:site_name\" content=\"Camping Ca&#039; Savio\" \/>\n<meta property=\"article:publisher\" content=\"https:\/\/www.facebook.com\/campingcasavio\" \/>\n<meta property=\"article:modified_time\" content=\"2026-02-17T11:44:47+00:00\" \/>\n<meta property=\"og:image\" content=\"https:\/\/www.casavio.com\/wp-content\/uploads\/2019\/11\/ca-savio-transfer-aeroporto.jpg\" \/>\n\t<meta property=\"og:image:width\" content=\"440\" \/>\n\t<meta property=\"og:image:height\" content=\"600\" \/>\n\t<meta property=\"og:image:type\" content=\"image\/jpeg\" \/>\n<meta name=\"twitter:card\" content=\"summary_large_image\" \/>\n<meta name=\"twitter:label1\" content=\"Estimeret l\u00e6setid\" \/>\n\t<meta name=\"twitter:data1\" content=\"1 minut\" \/>\n<script type=\"application\/ld+json\" class=\"yoast-schema-graph\">{\"@context\":\"https:\/\/schema.org\",\"@graph\":[{\"@type\":\"WebPage\",\"@id\":\"https:\/\/www.casavio.com\/da\/faciliteter\/ekstra-serviceydelser\/lufthavnstransfer\/\",\"url\":\"https:\/\/www.casavio.com\/da\/faciliteter\/ekstra-serviceydelser\/lufthavnstransfer\/\",\"name\":\"Transfer til lufthavne i Venedig og Treviso &#8211; Camping Ca&#039; Savio\",\"isPartOf\":{\"@id\":\"https:\/\/www.casavio.com\/da\/#website\"},\"primaryImageOfPage\":{\"@id\":\"https:\/\/www.casavio.com\/da\/faciliteter\/ekstra-serviceydelser\/lufthavnstransfer\/#primaryimage\"},\"image\":{\"@id\":\"https:\/\/www.casavio.com\/da\/faciliteter\/ekstra-serviceydelser\/lufthavnstransfer\/#primaryimage\"},\"thumbnailUrl\":\"https:\/\/www.casavio.com\/wp-content\/uploads\/2019\/11\/ca-savio-transfer-aeroporto.jpg\",\"datePublished\":\"2019-11-28T16:10:30+00:00\",\"dateModified\":\"2026-02-17T11:44:47+00:00\",\"description\":\"G\u00e5 ikke glip af priserne reserveret til dig for transporten frem og tilbage til lufthavnen i Venedig eller Treviso. Se transportaftalerne med Camping Ca' Savio ved Cavallino Treporti.\",\"breadcrumb\":{\"@id\":\"https:\/\/www.casavio.com\/da\/faciliteter\/ekstra-serviceydelser\/lufthavnstransfer\/#breadcrumb\"},\"inLanguage\":\"da-DK\",\"potentialAction\":[{\"@type\":\"ReadAction\",\"target\":[\"https:\/\/www.casavio.com\/da\/faciliteter\/ekstra-serviceydelser\/lufthavnstransfer\/\"]}]},{\"@type\":\"ImageObject\",\"inLanguage\":\"da-DK\",\"@id\":\"https:\/\/www.casavio.com\/da\/faciliteter\/ekstra-serviceydelser\/lufthavnstransfer\/#primaryimage\",\"url\":\"https:\/\/www.casavio.com\/wp-content\/uploads\/2019\/11\/ca-savio-transfer-aeroporto.jpg\",\"contentUrl\":\"https:\/\/www.casavio.com\/wp-content\/uploads\/2019\/11\/ca-savio-transfer-aeroporto.jpg\",\"width\":440,\"height\":600},{\"@type\":\"BreadcrumbList\",\"@id\":\"https:\/\/www.casavio.com\/da\/faciliteter\/ekstra-serviceydelser\/lufthavnstransfer\/#breadcrumb\",\"itemListElement\":[{\"@type\":\"ListItem\",\"position\":1,\"name\":\"Home\",\"item\":\"https:\/\/www.casavio.com\/da\/\"},{\"@type\":\"ListItem\",\"position\":2,\"name\":\"Faciliteter\",\"item\":\"https:\/\/www.casavio.com\/da\/faciliteter\/\"},{\"@type\":\"ListItem\",\"position\":3,\"name\":\"Ekstra serviceydelser\",\"item\":\"https:\/\/www.casavio.com\/da\/faciliteter\/ekstra-serviceydelser\/\"},{\"@type\":\"ListItem\",\"position\":4,\"name\":\"Lufthavnstransfer (Venedig og Treviso)\"}]},{\"@type\":\"WebSite\",\"@id\":\"https:\/\/www.casavio.com\/da\/#website\",\"url\":\"https:\/\/www.casavio.com\/da\/\",\"name\":\"Camping Ca&#039; Savio\",\"description\":\"\",\"publisher\":{\"@id\":\"https:\/\/www.casavio.com\/da\/#organization\"},\"potentialAction\":[{\"@type\":\"SearchAction\",\"target\":{\"@type\":\"EntryPoint\",\"urlTemplate\":\"https:\/\/www.casavio.com\/da\/?s={search_term_string}\"},\"query-input\":{\"@type\":\"PropertyValueSpecification\",\"valueRequired\":true,\"valueName\":\"search_term_string\"}}],\"inLanguage\":\"da-DK\"},{\"@type\":\"Organization\",\"@id\":\"https:\/\/www.casavio.com\/da\/#organization\",\"name\":\"Camping Ca'Savio\",\"url\":\"https:\/\/www.casavio.com\/da\/\",\"logo\":{\"@type\":\"ImageObject\",\"inLanguage\":\"da-DK\",\"@id\":\"https:\/\/www.casavio.com\/da\/#\/schema\/logo\/image\/\",\"url\":\"https:\/\/www.casavio.com\/wp-content\/uploads\/2024\/04\/favicon.png\",\"contentUrl\":\"https:\/\/www.casavio.com\/wp-content\/uploads\/2024\/04\/favicon.png\",\"width\":144,\"height\":144,\"caption\":\"Camping Ca'Savio\"},\"image\":{\"@id\":\"https:\/\/www.casavio.com\/da\/#\/schema\/logo\/image\/\"},\"sameAs\":[\"https:\/\/www.facebook.com\/campingcasavio\",\"https:\/\/www.instagram.com\/campingcasavio\",\"https:\/\/www.youtube.com\/user\/campingcasavio\"]}]}<\/script>\n<!-- \/ Yoast SEO plugin. -->","yoast_head_json":{"title":"Transfer til lufthavne i Venedig og Treviso &#8211; Camping Ca&#039; Savio","description":"G\u00e5 ikke glip af priserne reserveret til dig for transporten frem og tilbage til lufthavnen i Venedig eller Treviso. Se transportaftalerne med Camping Ca' Savio ved Cavallino Treporti.","robots":{"index":"index","follow":"follow","max-snippet":"max-snippet:-1","max-image-preview":"max-image-preview:large","max-video-preview":"max-video-preview:-1"},"canonical":"https:\/\/www.casavio.com\/da\/faciliteter\/ekstra-serviceydelser\/lufthavnstransfer\/","og_locale":"da_DK","og_type":"article","og_title":"Transfer til lufthavne i Venedig og Treviso &#8211; Camping Ca&#039; Savio","og_description":"G\u00e5 ikke glip af priserne reserveret til dig for transporten frem og tilbage til lufthavnen i Venedig eller Treviso. Se transportaftalerne med Camping Ca' Savio ved Cavallino Treporti.","og_url":"https:\/\/www.casavio.com\/da\/faciliteter\/ekstra-serviceydelser\/lufthavnstransfer\/","og_site_name":"Camping Ca&#039; Savio","article_publisher":"https:\/\/www.facebook.com\/campingcasavio","article_modified_time":"2026-02-17T11:44:47+00:00","og_image":[{"width":440,"height":600,"url":"https:\/\/www.casavio.com\/wp-content\/uploads\/2019\/11\/ca-savio-transfer-aeroporto.jpg","type":"image\/jpeg"}],"twitter_card":"summary_large_image","twitter_misc":{"Estimeret l\u00e6setid":"1 minut"},"schema":{"@context":"https:\/\/schema.org","@graph":[{"@type":"WebPage","@id":"https:\/\/www.casavio.com\/da\/faciliteter\/ekstra-serviceydelser\/lufthavnstransfer\/","url":"https:\/\/www.casavio.com\/da\/faciliteter\/ekstra-serviceydelser\/lufthavnstransfer\/","name":"Transfer til lufthavne i Venedig og Treviso &#8211; Camping Ca&#039; Savio","isPartOf":{"@id":"https:\/\/www.casavio.com\/da\/#website"},"primaryImageOfPage":{"@id":"https:\/\/www.casavio.com\/da\/faciliteter\/ekstra-serviceydelser\/lufthavnstransfer\/#primaryimage"},"image":{"@id":"https:\/\/www.casavio.com\/da\/faciliteter\/ekstra-serviceydelser\/lufthavnstransfer\/#primaryimage"},"thumbnailUrl":"https:\/\/www.casavio.com\/wp-content\/uploads\/2019\/11\/ca-savio-transfer-aeroporto.jpg","datePublished":"2019-11-28T16:10:30+00:00","dateModified":"2026-02-17T11:44:47+00:00","description":"G\u00e5 ikke glip af priserne reserveret til dig for transporten frem og tilbage til lufthavnen i Venedig eller Treviso. Se transportaftalerne med Camping Ca' Savio ved Cavallino Treporti.","breadcrumb":{"@id":"https:\/\/www.casavio.com\/da\/faciliteter\/ekstra-serviceydelser\/lufthavnstransfer\/#breadcrumb"},"inLanguage":"da-DK","potentialAction":[{"@type":"ReadAction","target":["https:\/\/www.casavio.com\/da\/faciliteter\/ekstra-serviceydelser\/lufthavnstransfer\/"]}]},{"@type":"ImageObject","inLanguage":"da-DK","@id":"https:\/\/www.casavio.com\/da\/faciliteter\/ekstra-serviceydelser\/lufthavnstransfer\/#primaryimage","url":"https:\/\/www.casavio.com\/wp-content\/uploads\/2019\/11\/ca-savio-transfer-aeroporto.jpg","contentUrl":"https:\/\/www.casavio.com\/wp-content\/uploads\/2019\/11\/ca-savio-transfer-aeroporto.jpg","width":440,"height":600},{"@type":"BreadcrumbList","@id":"https:\/\/www.casavio.com\/da\/faciliteter\/ekstra-serviceydelser\/lufthavnstransfer\/#breadcrumb","itemListElement":[{"@type":"ListItem","position":1,"name":"Home","item":"https:\/\/www.casavio.com\/da\/"},{"@type":"ListItem","position":2,"name":"Faciliteter","item":"https:\/\/www.casavio.com\/da\/faciliteter\/"},{"@type":"ListItem","position":3,"name":"Ekstra serviceydelser","item":"https:\/\/www.casavio.com\/da\/faciliteter\/ekstra-serviceydelser\/"},{"@type":"ListItem","position":4,"name":"Lufthavnstransfer (Venedig og Treviso)"}]},{"@type":"WebSite","@id":"https:\/\/www.casavio.com\/da\/#website","url":"https:\/\/www.casavio.com\/da\/","name":"Camping Ca&#039; Savio","description":"","publisher":{"@id":"https:\/\/www.casavio.com\/da\/#organization"},"potentialAction":[{"@type":"SearchAction","target":{"@type":"EntryPoint","urlTemplate":"https:\/\/www.casavio.com\/da\/?s={search_term_string}"},"query-input":{"@type":"PropertyValueSpecification","valueRequired":true,"valueName":"search_term_string"}}],"inLanguage":"da-DK"},{"@type":"Organization","@id":"https:\/\/www.casavio.com\/da\/#organization","name":"Camping Ca'Savio","url":"https:\/\/www.casavio.com\/da\/","logo":{"@type":"ImageObject","inLanguage":"da-DK","@id":"https:\/\/www.casavio.com\/da\/#\/schema\/logo\/image\/","url":"https:\/\/www.casavio.com\/wp-content\/uploads\/2024\/04\/favicon.png","contentUrl":"https:\/\/www.casavio.com\/wp-content\/uploads\/2024\/04\/favicon.png","width":144,"height":144,"caption":"Camping Ca'Savio"},"image":{"@id":"https:\/\/www.casavio.com\/da\/#\/schema\/logo\/image\/"},"sameAs":["https:\/\/www.facebook.com\/campingcasavio","https:\/\/www.instagram.com\/campingcasavio","https:\/\/www.youtube.com\/user\/campingcasavio"]}]}},"_links":{"self":[{"href":"https:\/\/www.casavio.com\/da\/wp-json\/wp\/v2\/pages\/9511","targetHints":{"allow":["GET"]}}],"collection":[{"href":"https:\/\/www.casavio.com\/da\/wp-json\/wp\/v2\/pages"}],"about":[{"href":"https:\/\/www.casavio.com\/da\/wp-json\/wp\/v2\/types\/page"}],"author":[{"embeddable":true,"href":"https:\/\/www.casavio.com\/da\/wp-json\/wp\/v2\/users\/3"}],"replies":[{"embeddable":true,"href":"https:\/\/www.casavio.com\/da\/wp-json\/wp\/v2\/comments?post=9511"}],"version-history":[{"count":1,"href":"https:\/\/www.casavio.com\/da\/wp-json\/wp\/v2\/pages\/9511\/revisions"}],"predecessor-version":[{"id":46038,"href":"https:\/\/www.casavio.com\/da\/wp-json\/wp\/v2\/pages\/9511\/revisions\/46038"}],"up":[{"embeddable":true,"href":"https:\/\/www.casavio.com\/da\/wp-json\/wp\/v2\/pages\/9508"}],"wp:featuredmedia":[{"embeddable":true,"href":"https:\/\/www.casavio.com\/da\/wp-json\/wp\/v2\/media\/5338"}],"wp:attachment":[{"href":"https:\/\/www.casavio.com\/da\/wp-json\/wp\/v2\/media?parent=9511"}],"curies":[{"name":"wp","href":"https:\/\/api.w.org\/{rel}","templated":true}]}}