{"id":9514,"date":"2019-11-07T10:51:15","date_gmt":"2019-11-07T09:51:15","guid":{"rendered":"https:\/\/www.casavio.com\/faciliteter\/ekstra-serviceydelser\/noleggio-biciclette\/"},"modified":"2025-12-09T11:41:25","modified_gmt":"2025-12-09T10:41:25","slug":"leje-af-cykler","status":"publish","type":"page","link":"https:\/\/www.casavio.com\/da\/faciliteter\/ekstra-serviceydelser\/leje-af-cykler\/","title":{"rendered":"Leje af cykler og tr\u00e6kvogne"},"content":{"rendered":"<p>Cykeludlejningen for\u00a0<strong>voksne<\/strong>\u00a0(modellen \u201cHolland\u201d i forskellige st\u00f8rrelser) og\u00a0<strong>b\u00f8rn\u00a0<\/strong>samt af vogne af tr\u00e6 er disponibel hver dag\u00a0<strong>fra kl. 9.00 til kl. 13.00<\/strong>\u00a0et\u00a0<strong>fra kl. 16.00 til kl. 18.45<\/strong> (fra Pinse til midten af september).<\/p>\n<p>Minimum lejetid er 24 timer.<\/p>\n<p><strong>Priser for voksencycler<\/strong><\/p>\n<ul>\n<li>\u00a01 dag: 10 \u20ac<\/li>\n<li>\u00a02 dage: 17 \u20ac<\/li>\n<li>\u00a03 dage: 23 \u20ac<\/li>\n<li>\u00a07 dage: 36 \u20ac.<\/li>\n<\/ul>\n<p><strong>Priser for b\u00f8rnecycler *<\/strong><\/p>\n<ul>\n<li>\u00a01 dag: 9 \u20ac<\/li>\n<li>\u00a02 dage: 14 \u20ac<\/li>\n<li>\u00a03 dage: 17 \u20ac<\/li>\n<li>\u00a07 dage: 29 \u20ac.<\/li>\n<\/ul>\n<p>* Klubben r\u00e5der over et begr\u00e6nset antal hjelme og b\u00f8rnes\u00e6der, der dog kan l\u00e5nes gratis.<\/p>\n<p><strong>Balance bike<\/strong>: 5 \u20ac pr. dag + 50 \u20ac i depositum.<\/p>\n<p><strong>Tr\u00e6kvogne<\/strong>: 5 \u20ac pr. dag + 50 \u20ac i depositum.<\/p>\n<p>Stang: 70 cm<br \/>\nHjul: 850 x 550 x 530mm<br \/>\nBredde: \u00d8 250 x 85 mm.<\/p>\n","protected":false},"excerpt":{"rendered":"<p>Cykling er den ideelle m\u00e5de til at opleve det flotte omkringliggende lagundeomr\u00e5de.<\/p>\n","protected":false},"author":3,"featured_media":14496,"parent":9508,"menu_order":3,"comment_status":"closed","ping_status":"closed","template":"","meta":{"_acf_changed":false},"class_list":["post-9514","page","type-page","status-publish","has-post-thumbnail","hentry"],"acf":[],"yoast_head":"<!-- This site is optimized with the Yoast SEO plugin v25.3 - https:\/\/yoast.com\/wordpress\/plugins\/seo\/ -->\n<title>Cykelleje Cavallino Treporti Campingplads &#8211; Camping Ca&#039; Savio<\/title>\n<meta name=\"description\" content=\"Benyt dig af cykeludlejningen p\u00e5 Camping Ca&#039; Savio ved Cavallino Treporti. Kom hurtigt ned til stranden, og bev\u00e6g dig nemt rundt p\u00e5 campingpladsen!\" \/>\n<meta name=\"robots\" content=\"index, follow, max-snippet:-1, max-image-preview:large, max-video-preview:-1\" \/>\n<link rel=\"canonical\" href=\"https:\/\/www.casavio.com\/da\/faciliteter\/ekstra-serviceydelser\/leje-af-cykler\/\" \/>\n<meta property=\"og:locale\" content=\"da_DK\" \/>\n<meta property=\"og:type\" content=\"article\" \/>\n<meta property=\"og:title\" content=\"Cykelleje Cavallino Treporti Campingplads &#8211; Camping Ca&#039; Savio\" \/>\n<meta property=\"og:description\" content=\"Benyt dig af cykeludlejningen p\u00e5 Camping Ca&#039; Savio ved Cavallino Treporti. Kom hurtigt ned til stranden, og bev\u00e6g dig nemt rundt p\u00e5 campingpladsen!\" \/>\n<meta property=\"og:url\" content=\"https:\/\/www.casavio.com\/da\/faciliteter\/ekstra-serviceydelser\/leje-af-cykler\/\" \/>\n<meta property=\"og:site_name\" content=\"Camping Ca&#039; Savio\" \/>\n<meta property=\"article:publisher\" content=\"https:\/\/www.facebook.com\/campingcasavio\" \/>\n<meta property=\"article:modified_time\" content=\"2025-12-09T10:41:25+00:00\" \/>\n<meta property=\"og:image\" content=\"https:\/\/www.casavio.com\/wp-content\/uploads\/2020\/10\/ca-savio-noleggio-biciclette-1.jpg\" \/>\n\t<meta property=\"og:image:width\" content=\"440\" \/>\n\t<meta property=\"og:image:height\" content=\"600\" \/>\n\t<meta property=\"og:image:type\" content=\"image\/jpeg\" \/>\n<meta name=\"twitter:card\" content=\"summary_large_image\" \/>\n<meta name=\"twitter:label1\" content=\"Estimeret l\u00e6setid\" \/>\n\t<meta name=\"twitter:data1\" content=\"1 minut\" \/>\n<script type=\"application\/ld+json\" class=\"yoast-schema-graph\">{\"@context\":\"https:\/\/schema.org\",\"@graph\":[{\"@type\":\"WebPage\",\"@id\":\"https:\/\/www.casavio.com\/da\/faciliteter\/ekstra-serviceydelser\/leje-af-cykler\/\",\"url\":\"https:\/\/www.casavio.com\/da\/faciliteter\/ekstra-serviceydelser\/leje-af-cykler\/\",\"name\":\"Cykelleje Cavallino Treporti Campingplads &#8211; Camping Ca&#039; Savio\",\"isPartOf\":{\"@id\":\"https:\/\/www.casavio.com\/da\/#website\"},\"primaryImageOfPage\":{\"@id\":\"https:\/\/www.casavio.com\/da\/faciliteter\/ekstra-serviceydelser\/leje-af-cykler\/#primaryimage\"},\"image\":{\"@id\":\"https:\/\/www.casavio.com\/da\/faciliteter\/ekstra-serviceydelser\/leje-af-cykler\/#primaryimage\"},\"thumbnailUrl\":\"https:\/\/www.casavio.com\/wp-content\/uploads\/2020\/10\/ca-savio-noleggio-biciclette-1.jpg\",\"datePublished\":\"2019-11-07T09:51:15+00:00\",\"dateModified\":\"2025-12-09T10:41:25+00:00\",\"description\":\"Benyt dig af cykeludlejningen p\u00e5 Camping Ca' Savio ved Cavallino Treporti. Kom hurtigt ned til stranden, og bev\u00e6g dig nemt rundt p\u00e5 campingpladsen!\",\"breadcrumb\":{\"@id\":\"https:\/\/www.casavio.com\/da\/faciliteter\/ekstra-serviceydelser\/leje-af-cykler\/#breadcrumb\"},\"inLanguage\":\"da-DK\",\"potentialAction\":[{\"@type\":\"ReadAction\",\"target\":[\"https:\/\/www.casavio.com\/da\/faciliteter\/ekstra-serviceydelser\/leje-af-cykler\/\"]}]},{\"@type\":\"ImageObject\",\"inLanguage\":\"da-DK\",\"@id\":\"https:\/\/www.casavio.com\/da\/faciliteter\/ekstra-serviceydelser\/leje-af-cykler\/#primaryimage\",\"url\":\"https:\/\/www.casavio.com\/wp-content\/uploads\/2020\/10\/ca-savio-noleggio-biciclette-1.jpg\",\"contentUrl\":\"https:\/\/www.casavio.com\/wp-content\/uploads\/2020\/10\/ca-savio-noleggio-biciclette-1.jpg\",\"width\":440,\"height\":600},{\"@type\":\"BreadcrumbList\",\"@id\":\"https:\/\/www.casavio.com\/da\/faciliteter\/ekstra-serviceydelser\/leje-af-cykler\/#breadcrumb\",\"itemListElement\":[{\"@type\":\"ListItem\",\"position\":1,\"name\":\"Home\",\"item\":\"https:\/\/www.casavio.com\/da\/\"},{\"@type\":\"ListItem\",\"position\":2,\"name\":\"Faciliteter\",\"item\":\"https:\/\/www.casavio.com\/da\/faciliteter\/\"},{\"@type\":\"ListItem\",\"position\":3,\"name\":\"Ekstra serviceydelser\",\"item\":\"https:\/\/www.casavio.com\/da\/faciliteter\/ekstra-serviceydelser\/\"},{\"@type\":\"ListItem\",\"position\":4,\"name\":\"Leje af cykler og tr\u00e6kvogne\"}]},{\"@type\":\"WebSite\",\"@id\":\"https:\/\/www.casavio.com\/da\/#website\",\"url\":\"https:\/\/www.casavio.com\/da\/\",\"name\":\"Camping Ca&#039; Savio\",\"description\":\"\",\"publisher\":{\"@id\":\"https:\/\/www.casavio.com\/da\/#organization\"},\"potentialAction\":[{\"@type\":\"SearchAction\",\"target\":{\"@type\":\"EntryPoint\",\"urlTemplate\":\"https:\/\/www.casavio.com\/da\/?s={search_term_string}\"},\"query-input\":{\"@type\":\"PropertyValueSpecification\",\"valueRequired\":true,\"valueName\":\"search_term_string\"}}],\"inLanguage\":\"da-DK\"},{\"@type\":\"Organization\",\"@id\":\"https:\/\/www.casavio.com\/da\/#organization\",\"name\":\"Camping Ca'Savio\",\"url\":\"https:\/\/www.casavio.com\/da\/\",\"logo\":{\"@type\":\"ImageObject\",\"inLanguage\":\"da-DK\",\"@id\":\"https:\/\/www.casavio.com\/da\/#\/schema\/logo\/image\/\",\"url\":\"https:\/\/www.casavio.com\/wp-content\/uploads\/2024\/04\/favicon.png\",\"contentUrl\":\"https:\/\/www.casavio.com\/wp-content\/uploads\/2024\/04\/favicon.png\",\"width\":144,\"height\":144,\"caption\":\"Camping Ca'Savio\"},\"image\":{\"@id\":\"https:\/\/www.casavio.com\/da\/#\/schema\/logo\/image\/\"},\"sameAs\":[\"https:\/\/www.facebook.com\/campingcasavio\",\"https:\/\/www.instagram.com\/campingcasavio\",\"https:\/\/www.youtube.com\/user\/campingcasavio\"]}]}<\/script>\n<!-- \/ Yoast SEO plugin. -->","yoast_head_json":{"title":"Cykelleje Cavallino Treporti Campingplads &#8211; Camping Ca&#039; Savio","description":"Benyt dig af cykeludlejningen p\u00e5 Camping Ca' Savio ved Cavallino Treporti. Kom hurtigt ned til stranden, og bev\u00e6g dig nemt rundt p\u00e5 campingpladsen!","robots":{"index":"index","follow":"follow","max-snippet":"max-snippet:-1","max-image-preview":"max-image-preview:large","max-video-preview":"max-video-preview:-1"},"canonical":"https:\/\/www.casavio.com\/da\/faciliteter\/ekstra-serviceydelser\/leje-af-cykler\/","og_locale":"da_DK","og_type":"article","og_title":"Cykelleje Cavallino Treporti Campingplads &#8211; Camping Ca&#039; Savio","og_description":"Benyt dig af cykeludlejningen p\u00e5 Camping Ca' Savio ved Cavallino Treporti. Kom hurtigt ned til stranden, og bev\u00e6g dig nemt rundt p\u00e5 campingpladsen!","og_url":"https:\/\/www.casavio.com\/da\/faciliteter\/ekstra-serviceydelser\/leje-af-cykler\/","og_site_name":"Camping Ca&#039; Savio","article_publisher":"https:\/\/www.facebook.com\/campingcasavio","article_modified_time":"2025-12-09T10:41:25+00:00","og_image":[{"width":440,"height":600,"url":"https:\/\/www.casavio.com\/wp-content\/uploads\/2020\/10\/ca-savio-noleggio-biciclette-1.jpg","type":"image\/jpeg"}],"twitter_card":"summary_large_image","twitter_misc":{"Estimeret l\u00e6setid":"1 minut"},"schema":{"@context":"https:\/\/schema.org","@graph":[{"@type":"WebPage","@id":"https:\/\/www.casavio.com\/da\/faciliteter\/ekstra-serviceydelser\/leje-af-cykler\/","url":"https:\/\/www.casavio.com\/da\/faciliteter\/ekstra-serviceydelser\/leje-af-cykler\/","name":"Cykelleje Cavallino Treporti Campingplads &#8211; Camping Ca&#039; Savio","isPartOf":{"@id":"https:\/\/www.casavio.com\/da\/#website"},"primaryImageOfPage":{"@id":"https:\/\/www.casavio.com\/da\/faciliteter\/ekstra-serviceydelser\/leje-af-cykler\/#primaryimage"},"image":{"@id":"https:\/\/www.casavio.com\/da\/faciliteter\/ekstra-serviceydelser\/leje-af-cykler\/#primaryimage"},"thumbnailUrl":"https:\/\/www.casavio.com\/wp-content\/uploads\/2020\/10\/ca-savio-noleggio-biciclette-1.jpg","datePublished":"2019-11-07T09:51:15+00:00","dateModified":"2025-12-09T10:41:25+00:00","description":"Benyt dig af cykeludlejningen p\u00e5 Camping Ca' Savio ved Cavallino Treporti. Kom hurtigt ned til stranden, og bev\u00e6g dig nemt rundt p\u00e5 campingpladsen!","breadcrumb":{"@id":"https:\/\/www.casavio.com\/da\/faciliteter\/ekstra-serviceydelser\/leje-af-cykler\/#breadcrumb"},"inLanguage":"da-DK","potentialAction":[{"@type":"ReadAction","target":["https:\/\/www.casavio.com\/da\/faciliteter\/ekstra-serviceydelser\/leje-af-cykler\/"]}]},{"@type":"ImageObject","inLanguage":"da-DK","@id":"https:\/\/www.casavio.com\/da\/faciliteter\/ekstra-serviceydelser\/leje-af-cykler\/#primaryimage","url":"https:\/\/www.casavio.com\/wp-content\/uploads\/2020\/10\/ca-savio-noleggio-biciclette-1.jpg","contentUrl":"https:\/\/www.casavio.com\/wp-content\/uploads\/2020\/10\/ca-savio-noleggio-biciclette-1.jpg","width":440,"height":600},{"@type":"BreadcrumbList","@id":"https:\/\/www.casavio.com\/da\/faciliteter\/ekstra-serviceydelser\/leje-af-cykler\/#breadcrumb","itemListElement":[{"@type":"ListItem","position":1,"name":"Home","item":"https:\/\/www.casavio.com\/da\/"},{"@type":"ListItem","position":2,"name":"Faciliteter","item":"https:\/\/www.casavio.com\/da\/faciliteter\/"},{"@type":"ListItem","position":3,"name":"Ekstra serviceydelser","item":"https:\/\/www.casavio.com\/da\/faciliteter\/ekstra-serviceydelser\/"},{"@type":"ListItem","position":4,"name":"Leje af cykler og tr\u00e6kvogne"}]},{"@type":"WebSite","@id":"https:\/\/www.casavio.com\/da\/#website","url":"https:\/\/www.casavio.com\/da\/","name":"Camping Ca&#039; Savio","description":"","publisher":{"@id":"https:\/\/www.casavio.com\/da\/#organization"},"potentialAction":[{"@type":"SearchAction","target":{"@type":"EntryPoint","urlTemplate":"https:\/\/www.casavio.com\/da\/?s={search_term_string}"},"query-input":{"@type":"PropertyValueSpecification","valueRequired":true,"valueName":"search_term_string"}}],"inLanguage":"da-DK"},{"@type":"Organization","@id":"https:\/\/www.casavio.com\/da\/#organization","name":"Camping Ca'Savio","url":"https:\/\/www.casavio.com\/da\/","logo":{"@type":"ImageObject","inLanguage":"da-DK","@id":"https:\/\/www.casavio.com\/da\/#\/schema\/logo\/image\/","url":"https:\/\/www.casavio.com\/wp-content\/uploads\/2024\/04\/favicon.png","contentUrl":"https:\/\/www.casavio.com\/wp-content\/uploads\/2024\/04\/favicon.png","width":144,"height":144,"caption":"Camping Ca'Savio"},"image":{"@id":"https:\/\/www.casavio.com\/da\/#\/schema\/logo\/image\/"},"sameAs":["https:\/\/www.facebook.com\/campingcasavio","https:\/\/www.instagram.com\/campingcasavio","https:\/\/www.youtube.com\/user\/campingcasavio"]}]}},"_links":{"self":[{"href":"https:\/\/www.casavio.com\/da\/wp-json\/wp\/v2\/pages\/9514","targetHints":{"allow":["GET"]}}],"collection":[{"href":"https:\/\/www.casavio.com\/da\/wp-json\/wp\/v2\/pages"}],"about":[{"href":"https:\/\/www.casavio.com\/da\/wp-json\/wp\/v2\/types\/page"}],"author":[{"embeddable":true,"href":"https:\/\/www.casavio.com\/da\/wp-json\/wp\/v2\/users\/3"}],"replies":[{"embeddable":true,"href":"https:\/\/www.casavio.com\/da\/wp-json\/wp\/v2\/comments?post=9514"}],"version-history":[{"count":2,"href":"https:\/\/www.casavio.com\/da\/wp-json\/wp\/v2\/pages\/9514\/revisions"}],"predecessor-version":[{"id":44695,"href":"https:\/\/www.casavio.com\/da\/wp-json\/wp\/v2\/pages\/9514\/revisions\/44695"}],"up":[{"embeddable":true,"href":"https:\/\/www.casavio.com\/da\/wp-json\/wp\/v2\/pages\/9508"}],"wp:featuredmedia":[{"embeddable":true,"href":"https:\/\/www.casavio.com\/da\/wp-json\/wp\/v2\/media\/14496"}],"wp:attachment":[{"href":"https:\/\/www.casavio.com\/da\/wp-json\/wp\/v2\/media?parent=9514"}],"curies":[{"name":"wp","href":"https:\/\/api.w.org\/{rel}","templated":true}]}}