{"id":9533,"date":"2019-11-07T10:53:49","date_gmt":"2019-11-07T09:53:49","guid":{"rendered":"https:\/\/www.casavio.com\/faciliteter\/ekstra-serviceydelser\/aria-condizionata\/"},"modified":"2023-01-11T12:09:42","modified_gmt":"2023-01-11T11:09:42","slug":"aircondition","status":"publish","type":"page","link":"https:\/\/www.casavio.com\/da\/faciliteter\/ekstra-serviceydelser\/aircondition\/","title":{"rendered":"Aircondition"},"content":{"rendered":"<p>Vi er af den mening at det er vigtigt at v\u00e6re med til at udbrede en st\u00f8rre respekt for omgivelserne og en bredere forst\u00e5else af virkningen af energiforbruget: af samme \u00e5rsag har vi ustyret en del af vores\u00a0<a href=\"https:\/\/www.casavio.com\/da\/camping\/mobile-homes-da\/\">mobile home<\/a>\u00a0og en del af\u00a0<a href=\"https:\/\/www.casavio.com\/da\/camping\/bungalow-chalet\/\">bungalows\/chalets<\/a>\u00a0med et airconditionanl\u00e6g som kun kan aktiveres med et\u00a0<strong>k\u00f8bekort<\/strong>.<\/p>\n<p>Vi har nemlig besluttet ikke at kr\u00e6ve h\u00f8jere priser for boligerne med aircondition, men at de kunder som benytter sig heraf betaler herfor og\u00a0<strong>i forhold til deres forbrug<\/strong>.<\/p>\n<p>Ved k\u00f8b af et klimakort af en v\u00e6rdi p\u00e5 12,00\u20ac eller 24,00\u20ac hos vores <a href=\"https:\/\/www.casavio.com\/da\/faciliteter\/inkluderede-serviceydelser\/customer-care\/\"><u>Customer Care kontor<\/u><\/a> kan man benytte sig henholdsvis i 20 eller 40 timer af airconditionanl\u00e6gget (0,60\u20ac pr. time).<\/p>\n","protected":false},"excerpt":{"rendered":"<p>Alle oplysninger p\u00e5 kortet, der giver dig mulighed for at aktivere aircondition, som findes i de fleste bungalows \/ chalet-hytter og mobile homes.<\/p>\n","protected":false},"author":3,"featured_media":7887,"parent":9508,"menu_order":7,"comment_status":"closed","ping_status":"closed","template":"","meta":{"_acf_changed":false},"class_list":["post-9533","page","type-page","status-publish","has-post-thumbnail","hentry"],"acf":[],"yoast_head":"<!-- This site is optimized with the Yoast SEO plugin v25.3 - https:\/\/yoast.com\/wordpress\/plugins\/seo\/ -->\n<title>Aircondition p\u00e5 campingpladsen &#8211; Camping Ca&#039; Savio<\/title>\n<meta name=\"description\" content=\"I boligenhederne p\u00e5 Camping Ca&#039; Savio ved Cavallino Treporti kan man ogs\u00e5 f\u00e5 aircondition. Find ud af mere, og bestil straks din ferie.\" \/>\n<meta name=\"robots\" content=\"index, follow, max-snippet:-1, max-image-preview:large, max-video-preview:-1\" \/>\n<link rel=\"canonical\" href=\"https:\/\/www.casavio.com\/da\/faciliteter\/ekstra-serviceydelser\/aircondition\/\" \/>\n<meta property=\"og:locale\" content=\"da_DK\" \/>\n<meta property=\"og:type\" content=\"article\" \/>\n<meta property=\"og:title\" content=\"Aircondition p\u00e5 campingpladsen &#8211; Camping Ca&#039; Savio\" \/>\n<meta property=\"og:description\" content=\"I boligenhederne p\u00e5 Camping Ca&#039; Savio ved Cavallino Treporti kan man ogs\u00e5 f\u00e5 aircondition. Find ud af mere, og bestil straks din ferie.\" \/>\n<meta property=\"og:url\" content=\"https:\/\/www.casavio.com\/da\/faciliteter\/ekstra-serviceydelser\/aircondition\/\" \/>\n<meta property=\"og:site_name\" content=\"Camping Ca&#039; Savio\" \/>\n<meta property=\"article:publisher\" content=\"https:\/\/www.facebook.com\/campingcasavio\" \/>\n<meta property=\"article:modified_time\" content=\"2023-01-11T11:09:42+00:00\" \/>\n<meta property=\"og:image\" content=\"https:\/\/www.casavio.com\/wp-content\/uploads\/2020\/02\/Anteprima_Aria-condizionata-440-x-600-copy.jpg\" \/>\n\t<meta property=\"og:image:width\" content=\"440\" \/>\n\t<meta property=\"og:image:height\" content=\"600\" \/>\n\t<meta property=\"og:image:type\" content=\"image\/jpeg\" \/>\n<meta name=\"twitter:card\" content=\"summary_large_image\" \/>\n<meta name=\"twitter:label1\" content=\"Estimeret l\u00e6setid\" \/>\n\t<meta name=\"twitter:data1\" content=\"1 minut\" \/>\n<script type=\"application\/ld+json\" class=\"yoast-schema-graph\">{\"@context\":\"https:\/\/schema.org\",\"@graph\":[{\"@type\":\"WebPage\",\"@id\":\"https:\/\/www.casavio.com\/da\/faciliteter\/ekstra-serviceydelser\/aircondition\/\",\"url\":\"https:\/\/www.casavio.com\/da\/faciliteter\/ekstra-serviceydelser\/aircondition\/\",\"name\":\"Aircondition p\u00e5 campingpladsen &#8211; Camping Ca&#039; Savio\",\"isPartOf\":{\"@id\":\"https:\/\/www.casavio.com\/da\/#website\"},\"primaryImageOfPage\":{\"@id\":\"https:\/\/www.casavio.com\/da\/faciliteter\/ekstra-serviceydelser\/aircondition\/#primaryimage\"},\"image\":{\"@id\":\"https:\/\/www.casavio.com\/da\/faciliteter\/ekstra-serviceydelser\/aircondition\/#primaryimage\"},\"thumbnailUrl\":\"https:\/\/www.casavio.com\/wp-content\/uploads\/2020\/02\/Anteprima_Aria-condizionata-440-x-600-copy.jpg\",\"datePublished\":\"2019-11-07T09:53:49+00:00\",\"dateModified\":\"2023-01-11T11:09:42+00:00\",\"description\":\"I boligenhederne p\u00e5 Camping Ca' Savio ved Cavallino Treporti kan man ogs\u00e5 f\u00e5 aircondition. Find ud af mere, og bestil straks din ferie.\",\"breadcrumb\":{\"@id\":\"https:\/\/www.casavio.com\/da\/faciliteter\/ekstra-serviceydelser\/aircondition\/#breadcrumb\"},\"inLanguage\":\"da-DK\",\"potentialAction\":[{\"@type\":\"ReadAction\",\"target\":[\"https:\/\/www.casavio.com\/da\/faciliteter\/ekstra-serviceydelser\/aircondition\/\"]}]},{\"@type\":\"ImageObject\",\"inLanguage\":\"da-DK\",\"@id\":\"https:\/\/www.casavio.com\/da\/faciliteter\/ekstra-serviceydelser\/aircondition\/#primaryimage\",\"url\":\"https:\/\/www.casavio.com\/wp-content\/uploads\/2020\/02\/Anteprima_Aria-condizionata-440-x-600-copy.jpg\",\"contentUrl\":\"https:\/\/www.casavio.com\/wp-content\/uploads\/2020\/02\/Anteprima_Aria-condizionata-440-x-600-copy.jpg\",\"width\":440,\"height\":600},{\"@type\":\"BreadcrumbList\",\"@id\":\"https:\/\/www.casavio.com\/da\/faciliteter\/ekstra-serviceydelser\/aircondition\/#breadcrumb\",\"itemListElement\":[{\"@type\":\"ListItem\",\"position\":1,\"name\":\"Home\",\"item\":\"https:\/\/www.casavio.com\/da\/\"},{\"@type\":\"ListItem\",\"position\":2,\"name\":\"Faciliteter\",\"item\":\"https:\/\/www.casavio.com\/da\/faciliteter\/\"},{\"@type\":\"ListItem\",\"position\":3,\"name\":\"Ekstra serviceydelser\",\"item\":\"https:\/\/www.casavio.com\/da\/faciliteter\/ekstra-serviceydelser\/\"},{\"@type\":\"ListItem\",\"position\":4,\"name\":\"Aircondition\"}]},{\"@type\":\"WebSite\",\"@id\":\"https:\/\/www.casavio.com\/da\/#website\",\"url\":\"https:\/\/www.casavio.com\/da\/\",\"name\":\"Camping Ca&#039; Savio\",\"description\":\"\",\"publisher\":{\"@id\":\"https:\/\/www.casavio.com\/da\/#organization\"},\"potentialAction\":[{\"@type\":\"SearchAction\",\"target\":{\"@type\":\"EntryPoint\",\"urlTemplate\":\"https:\/\/www.casavio.com\/da\/?s={search_term_string}\"},\"query-input\":{\"@type\":\"PropertyValueSpecification\",\"valueRequired\":true,\"valueName\":\"search_term_string\"}}],\"inLanguage\":\"da-DK\"},{\"@type\":\"Organization\",\"@id\":\"https:\/\/www.casavio.com\/da\/#organization\",\"name\":\"Camping Ca'Savio\",\"url\":\"https:\/\/www.casavio.com\/da\/\",\"logo\":{\"@type\":\"ImageObject\",\"inLanguage\":\"da-DK\",\"@id\":\"https:\/\/www.casavio.com\/da\/#\/schema\/logo\/image\/\",\"url\":\"https:\/\/www.casavio.com\/wp-content\/uploads\/2024\/04\/favicon.png\",\"contentUrl\":\"https:\/\/www.casavio.com\/wp-content\/uploads\/2024\/04\/favicon.png\",\"width\":144,\"height\":144,\"caption\":\"Camping Ca'Savio\"},\"image\":{\"@id\":\"https:\/\/www.casavio.com\/da\/#\/schema\/logo\/image\/\"},\"sameAs\":[\"https:\/\/www.facebook.com\/campingcasavio\",\"https:\/\/www.instagram.com\/campingcasavio\",\"https:\/\/www.youtube.com\/user\/campingcasavio\"]}]}<\/script>\n<!-- \/ Yoast SEO plugin. -->","yoast_head_json":{"title":"Aircondition p\u00e5 campingpladsen &#8211; Camping Ca&#039; Savio","description":"I boligenhederne p\u00e5 Camping Ca' Savio ved Cavallino Treporti kan man ogs\u00e5 f\u00e5 aircondition. Find ud af mere, og bestil straks din ferie.","robots":{"index":"index","follow":"follow","max-snippet":"max-snippet:-1","max-image-preview":"max-image-preview:large","max-video-preview":"max-video-preview:-1"},"canonical":"https:\/\/www.casavio.com\/da\/faciliteter\/ekstra-serviceydelser\/aircondition\/","og_locale":"da_DK","og_type":"article","og_title":"Aircondition p\u00e5 campingpladsen &#8211; Camping Ca&#039; Savio","og_description":"I boligenhederne p\u00e5 Camping Ca' Savio ved Cavallino Treporti kan man ogs\u00e5 f\u00e5 aircondition. Find ud af mere, og bestil straks din ferie.","og_url":"https:\/\/www.casavio.com\/da\/faciliteter\/ekstra-serviceydelser\/aircondition\/","og_site_name":"Camping Ca&#039; Savio","article_publisher":"https:\/\/www.facebook.com\/campingcasavio","article_modified_time":"2023-01-11T11:09:42+00:00","og_image":[{"width":440,"height":600,"url":"https:\/\/www.casavio.com\/wp-content\/uploads\/2020\/02\/Anteprima_Aria-condizionata-440-x-600-copy.jpg","type":"image\/jpeg"}],"twitter_card":"summary_large_image","twitter_misc":{"Estimeret l\u00e6setid":"1 minut"},"schema":{"@context":"https:\/\/schema.org","@graph":[{"@type":"WebPage","@id":"https:\/\/www.casavio.com\/da\/faciliteter\/ekstra-serviceydelser\/aircondition\/","url":"https:\/\/www.casavio.com\/da\/faciliteter\/ekstra-serviceydelser\/aircondition\/","name":"Aircondition p\u00e5 campingpladsen &#8211; Camping Ca&#039; Savio","isPartOf":{"@id":"https:\/\/www.casavio.com\/da\/#website"},"primaryImageOfPage":{"@id":"https:\/\/www.casavio.com\/da\/faciliteter\/ekstra-serviceydelser\/aircondition\/#primaryimage"},"image":{"@id":"https:\/\/www.casavio.com\/da\/faciliteter\/ekstra-serviceydelser\/aircondition\/#primaryimage"},"thumbnailUrl":"https:\/\/www.casavio.com\/wp-content\/uploads\/2020\/02\/Anteprima_Aria-condizionata-440-x-600-copy.jpg","datePublished":"2019-11-07T09:53:49+00:00","dateModified":"2023-01-11T11:09:42+00:00","description":"I boligenhederne p\u00e5 Camping Ca' Savio ved Cavallino Treporti kan man ogs\u00e5 f\u00e5 aircondition. Find ud af mere, og bestil straks din ferie.","breadcrumb":{"@id":"https:\/\/www.casavio.com\/da\/faciliteter\/ekstra-serviceydelser\/aircondition\/#breadcrumb"},"inLanguage":"da-DK","potentialAction":[{"@type":"ReadAction","target":["https:\/\/www.casavio.com\/da\/faciliteter\/ekstra-serviceydelser\/aircondition\/"]}]},{"@type":"ImageObject","inLanguage":"da-DK","@id":"https:\/\/www.casavio.com\/da\/faciliteter\/ekstra-serviceydelser\/aircondition\/#primaryimage","url":"https:\/\/www.casavio.com\/wp-content\/uploads\/2020\/02\/Anteprima_Aria-condizionata-440-x-600-copy.jpg","contentUrl":"https:\/\/www.casavio.com\/wp-content\/uploads\/2020\/02\/Anteprima_Aria-condizionata-440-x-600-copy.jpg","width":440,"height":600},{"@type":"BreadcrumbList","@id":"https:\/\/www.casavio.com\/da\/faciliteter\/ekstra-serviceydelser\/aircondition\/#breadcrumb","itemListElement":[{"@type":"ListItem","position":1,"name":"Home","item":"https:\/\/www.casavio.com\/da\/"},{"@type":"ListItem","position":2,"name":"Faciliteter","item":"https:\/\/www.casavio.com\/da\/faciliteter\/"},{"@type":"ListItem","position":3,"name":"Ekstra serviceydelser","item":"https:\/\/www.casavio.com\/da\/faciliteter\/ekstra-serviceydelser\/"},{"@type":"ListItem","position":4,"name":"Aircondition"}]},{"@type":"WebSite","@id":"https:\/\/www.casavio.com\/da\/#website","url":"https:\/\/www.casavio.com\/da\/","name":"Camping Ca&#039; Savio","description":"","publisher":{"@id":"https:\/\/www.casavio.com\/da\/#organization"},"potentialAction":[{"@type":"SearchAction","target":{"@type":"EntryPoint","urlTemplate":"https:\/\/www.casavio.com\/da\/?s={search_term_string}"},"query-input":{"@type":"PropertyValueSpecification","valueRequired":true,"valueName":"search_term_string"}}],"inLanguage":"da-DK"},{"@type":"Organization","@id":"https:\/\/www.casavio.com\/da\/#organization","name":"Camping Ca'Savio","url":"https:\/\/www.casavio.com\/da\/","logo":{"@type":"ImageObject","inLanguage":"da-DK","@id":"https:\/\/www.casavio.com\/da\/#\/schema\/logo\/image\/","url":"https:\/\/www.casavio.com\/wp-content\/uploads\/2024\/04\/favicon.png","contentUrl":"https:\/\/www.casavio.com\/wp-content\/uploads\/2024\/04\/favicon.png","width":144,"height":144,"caption":"Camping Ca'Savio"},"image":{"@id":"https:\/\/www.casavio.com\/da\/#\/schema\/logo\/image\/"},"sameAs":["https:\/\/www.facebook.com\/campingcasavio","https:\/\/www.instagram.com\/campingcasavio","https:\/\/www.youtube.com\/user\/campingcasavio"]}]}},"_links":{"self":[{"href":"https:\/\/www.casavio.com\/da\/wp-json\/wp\/v2\/pages\/9533","targetHints":{"allow":["GET"]}}],"collection":[{"href":"https:\/\/www.casavio.com\/da\/wp-json\/wp\/v2\/pages"}],"about":[{"href":"https:\/\/www.casavio.com\/da\/wp-json\/wp\/v2\/types\/page"}],"author":[{"embeddable":true,"href":"https:\/\/www.casavio.com\/da\/wp-json\/wp\/v2\/users\/3"}],"replies":[{"embeddable":true,"href":"https:\/\/www.casavio.com\/da\/wp-json\/wp\/v2\/comments?post=9533"}],"version-history":[{"count":1,"href":"https:\/\/www.casavio.com\/da\/wp-json\/wp\/v2\/pages\/9533\/revisions"}],"predecessor-version":[{"id":26220,"href":"https:\/\/www.casavio.com\/da\/wp-json\/wp\/v2\/pages\/9533\/revisions\/26220"}],"up":[{"embeddable":true,"href":"https:\/\/www.casavio.com\/da\/wp-json\/wp\/v2\/pages\/9508"}],"wp:featuredmedia":[{"embeddable":true,"href":"https:\/\/www.casavio.com\/da\/wp-json\/wp\/v2\/media\/7887"}],"wp:attachment":[{"href":"https:\/\/www.casavio.com\/da\/wp-json\/wp\/v2\/media?parent=9533"}],"curies":[{"name":"wp","href":"https:\/\/api.w.org\/{rel}","templated":true}]}}