{"id":9536,"date":"2019-11-07T10:54:18","date_gmt":"2019-11-07T09:54:18","guid":{"rendered":"https:\/\/www.casavio.com\/faciliteter\/ekstra-serviceydelser\/assistenza-medica\/"},"modified":"2025-08-01T10:48:22","modified_gmt":"2025-08-01T08:48:22","slug":"laegehjaelp","status":"publish","type":"page","link":"https:\/\/www.casavio.com\/da\/faciliteter\/ekstra-serviceydelser\/laegehjaelp\/","title":{"rendered":"L\u00e6gehj\u00e6lp ved camping"},"content":{"rendered":"<p>Campingpladsen Ca\u2019 Savio stiller i m\u00e5nederne juni, juli og august en\u00a0<strong>privat l\u00e6ge<\/strong>\u00a0til r\u00e5dighed som foretager <strong>konsultation mod betaling<\/strong>. Tidrummet hvor l\u00e6gen er tilstede er anf\u00f8rt og kan oplyses i <a href=\"https:\/\/www.casavio.com\/da\/faciliteter\/inkluderede-serviceydelser\/reception\/\"><u>receptionen<\/u> <\/a>og p\u00e5 <a href=\"https:\/\/www.casavio.com\/da\/faciliteter\/inkluderede-serviceydelser\/customer-care\/\"><u>Customer Care kontoret<\/u><\/a>.<\/p>\n<p>Hvis du leder efter en <strong>campingplads Adriaterhavet<\/strong> med gode faciliteter, er du p\u00e5 det rette sted.<br \/>\nI <strong>centrum af Ca&#8217;Savio<\/strong>, ca. 1,5 km fra campingpladsen, er der ogs\u00e5 en <strong>f\u00f8rstehj\u00e6lpspost<\/strong>, som er \u00e5ben fra maj til september kl. 24 og fra oktober til april med reducerede \u00e5bningstider.<\/p>\n<p>De\u00a0<strong>hospitaler<\/strong>\u00a0der ligger t\u00e6ttest p\u00e5 er i Jesolo Lido, i via Levantina 104, ca. 20 km fra campingpladsen, samt hospitalet i Venedig der kan n\u00e5s med b\u00e5d.<\/p>\n<p><strong>Apoteker i Cavallino-Treporti<\/strong><\/p>\n<p>I omr\u00e5det Cavallino-Treporti ligger der <strong>fire apoteker<\/strong>. Et i\u00a0<strong>centrum af Ca\u2019 Savio<\/strong>, ca. 1,5<strong> km fra campingpladsen<\/strong> og 10-15 minutter i g\u00e5afstand, og i centrum af <strong>Treporti<\/strong> (ca. 3 km fra campingpladsen), og to der ligger henholdsvis i\u00a0<strong>Ca\u2019Ballarin<\/strong>\u00a0og i centrum af\u00a0<strong>Cavallino<\/strong>.<\/p>\n<p>P\u00e5 <a href=\"https:\/\/www.casavio.com\/da\/faciliteter\/inkluderede-serviceydelser\/customer-care\/\"><u>Customer Care kontoret<\/u><\/a> p\u00e5 campingpladsen kan I f\u00e5 oplyst apotekernes \u00e5bningstider fra mandag til fredag, samt hvilket af apotekerne der holder weekend\u00e5bent.<\/p>\n","protected":false},"excerpt":{"rendered":"<p>Alle oplysninger om l\u00e6gehj\u00e6lp p\u00e5 campingpladsen og i Cavallino-Treporti-omr\u00e5det.<\/p>\n","protected":false},"author":3,"featured_media":3028,"parent":9508,"menu_order":8,"comment_status":"closed","ping_status":"closed","template":"","meta":{"_acf_changed":false},"class_list":["post-9536","page","type-page","status-publish","has-post-thumbnail","hentry"],"acf":[],"yoast_head":"<!-- This site is optimized with the Yoast SEO plugin v25.3 - https:\/\/yoast.com\/wordpress\/plugins\/seo\/ -->\n<title>L\u00e6gehj\u00e6lp p\u00e5 campingplads ved Adriaterhavet, t\u00e6t p\u00e5 Venedig<\/title>\n<meta name=\"description\" content=\"F\u00e5 l\u00e6gehj\u00e6lp p\u00e5 campingplads ved Adriaterhavet t\u00e6t p\u00e5 Venedig. Privat l\u00e6ge til r\u00e5dighed hele sommeren og apoteker i n\u00e6rheden for tryg ferie i Italien.\" \/>\n<meta name=\"robots\" content=\"index, follow, max-snippet:-1, max-image-preview:large, max-video-preview:-1\" \/>\n<link rel=\"canonical\" href=\"https:\/\/www.casavio.com\/da\/faciliteter\/ekstra-serviceydelser\/laegehjaelp\/\" \/>\n<meta property=\"og:locale\" content=\"da_DK\" \/>\n<meta property=\"og:type\" content=\"article\" \/>\n<meta property=\"og:title\" content=\"L\u00e6gehj\u00e6lp p\u00e5 campingplads ved Adriaterhavet, t\u00e6t p\u00e5 Venedig\" \/>\n<meta property=\"og:description\" content=\"F\u00e5 l\u00e6gehj\u00e6lp p\u00e5 campingplads ved Adriaterhavet t\u00e6t p\u00e5 Venedig. Privat l\u00e6ge til r\u00e5dighed hele sommeren og apoteker i n\u00e6rheden for tryg ferie i Italien.\" \/>\n<meta property=\"og:url\" content=\"https:\/\/www.casavio.com\/da\/faciliteter\/ekstra-serviceydelser\/laegehjaelp\/\" \/>\n<meta property=\"og:site_name\" content=\"Camping Ca&#039; Savio\" \/>\n<meta property=\"article:publisher\" content=\"https:\/\/www.facebook.com\/campingcasavio\" \/>\n<meta property=\"article:modified_time\" content=\"2025-08-01T08:48:22+00:00\" \/>\n<meta property=\"og:image\" content=\"https:\/\/www.casavio.com\/wp-content\/uploads\/2019\/11\/ca-savio-assistenza-medica.jpg\" \/>\n\t<meta property=\"og:image:width\" content=\"440\" \/>\n\t<meta property=\"og:image:height\" content=\"600\" \/>\n\t<meta property=\"og:image:type\" content=\"image\/jpeg\" \/>\n<meta name=\"twitter:card\" content=\"summary_large_image\" \/>\n<meta name=\"twitter:label1\" content=\"Estimeret l\u00e6setid\" \/>\n\t<meta name=\"twitter:data1\" content=\"2 minutter\" \/>\n<script type=\"application\/ld+json\" class=\"yoast-schema-graph\">{\"@context\":\"https:\/\/schema.org\",\"@graph\":[{\"@type\":\"WebPage\",\"@id\":\"https:\/\/www.casavio.com\/da\/faciliteter\/ekstra-serviceydelser\/laegehjaelp\/\",\"url\":\"https:\/\/www.casavio.com\/da\/faciliteter\/ekstra-serviceydelser\/laegehjaelp\/\",\"name\":\"L\u00e6gehj\u00e6lp p\u00e5 campingplads ved Adriaterhavet, t\u00e6t p\u00e5 Venedig\",\"isPartOf\":{\"@id\":\"https:\/\/www.casavio.com\/da\/#website\"},\"primaryImageOfPage\":{\"@id\":\"https:\/\/www.casavio.com\/da\/faciliteter\/ekstra-serviceydelser\/laegehjaelp\/#primaryimage\"},\"image\":{\"@id\":\"https:\/\/www.casavio.com\/da\/faciliteter\/ekstra-serviceydelser\/laegehjaelp\/#primaryimage\"},\"thumbnailUrl\":\"https:\/\/www.casavio.com\/wp-content\/uploads\/2019\/11\/ca-savio-assistenza-medica.jpg\",\"datePublished\":\"2019-11-07T09:54:18+00:00\",\"dateModified\":\"2025-08-01T08:48:22+00:00\",\"description\":\"F\u00e5 l\u00e6gehj\u00e6lp p\u00e5 campingplads ved Adriaterhavet t\u00e6t p\u00e5 Venedig. Privat l\u00e6ge til r\u00e5dighed hele sommeren og apoteker i n\u00e6rheden for tryg ferie i Italien.\",\"breadcrumb\":{\"@id\":\"https:\/\/www.casavio.com\/da\/faciliteter\/ekstra-serviceydelser\/laegehjaelp\/#breadcrumb\"},\"inLanguage\":\"da-DK\",\"potentialAction\":[{\"@type\":\"ReadAction\",\"target\":[\"https:\/\/www.casavio.com\/da\/faciliteter\/ekstra-serviceydelser\/laegehjaelp\/\"]}]},{\"@type\":\"ImageObject\",\"inLanguage\":\"da-DK\",\"@id\":\"https:\/\/www.casavio.com\/da\/faciliteter\/ekstra-serviceydelser\/laegehjaelp\/#primaryimage\",\"url\":\"https:\/\/www.casavio.com\/wp-content\/uploads\/2019\/11\/ca-savio-assistenza-medica.jpg\",\"contentUrl\":\"https:\/\/www.casavio.com\/wp-content\/uploads\/2019\/11\/ca-savio-assistenza-medica.jpg\",\"width\":440,\"height\":600},{\"@type\":\"BreadcrumbList\",\"@id\":\"https:\/\/www.casavio.com\/da\/faciliteter\/ekstra-serviceydelser\/laegehjaelp\/#breadcrumb\",\"itemListElement\":[{\"@type\":\"ListItem\",\"position\":1,\"name\":\"Home\",\"item\":\"https:\/\/www.casavio.com\/da\/\"},{\"@type\":\"ListItem\",\"position\":2,\"name\":\"Faciliteter\",\"item\":\"https:\/\/www.casavio.com\/da\/faciliteter\/\"},{\"@type\":\"ListItem\",\"position\":3,\"name\":\"Ekstra serviceydelser\",\"item\":\"https:\/\/www.casavio.com\/da\/faciliteter\/ekstra-serviceydelser\/\"},{\"@type\":\"ListItem\",\"position\":4,\"name\":\"L\u00e6gehj\u00e6lp ved camping\"}]},{\"@type\":\"WebSite\",\"@id\":\"https:\/\/www.casavio.com\/da\/#website\",\"url\":\"https:\/\/www.casavio.com\/da\/\",\"name\":\"Camping Ca&#039; Savio\",\"description\":\"\",\"publisher\":{\"@id\":\"https:\/\/www.casavio.com\/da\/#organization\"},\"potentialAction\":[{\"@type\":\"SearchAction\",\"target\":{\"@type\":\"EntryPoint\",\"urlTemplate\":\"https:\/\/www.casavio.com\/da\/?s={search_term_string}\"},\"query-input\":{\"@type\":\"PropertyValueSpecification\",\"valueRequired\":true,\"valueName\":\"search_term_string\"}}],\"inLanguage\":\"da-DK\"},{\"@type\":\"Organization\",\"@id\":\"https:\/\/www.casavio.com\/da\/#organization\",\"name\":\"Camping Ca'Savio\",\"url\":\"https:\/\/www.casavio.com\/da\/\",\"logo\":{\"@type\":\"ImageObject\",\"inLanguage\":\"da-DK\",\"@id\":\"https:\/\/www.casavio.com\/da\/#\/schema\/logo\/image\/\",\"url\":\"https:\/\/www.casavio.com\/wp-content\/uploads\/2024\/04\/favicon.png\",\"contentUrl\":\"https:\/\/www.casavio.com\/wp-content\/uploads\/2024\/04\/favicon.png\",\"width\":144,\"height\":144,\"caption\":\"Camping Ca'Savio\"},\"image\":{\"@id\":\"https:\/\/www.casavio.com\/da\/#\/schema\/logo\/image\/\"},\"sameAs\":[\"https:\/\/www.facebook.com\/campingcasavio\",\"https:\/\/www.instagram.com\/campingcasavio\",\"https:\/\/www.youtube.com\/user\/campingcasavio\"]}]}<\/script>\n<!-- \/ Yoast SEO plugin. -->","yoast_head_json":{"title":"L\u00e6gehj\u00e6lp p\u00e5 campingplads ved Adriaterhavet, t\u00e6t p\u00e5 Venedig","description":"F\u00e5 l\u00e6gehj\u00e6lp p\u00e5 campingplads ved Adriaterhavet t\u00e6t p\u00e5 Venedig. Privat l\u00e6ge til r\u00e5dighed hele sommeren og apoteker i n\u00e6rheden for tryg ferie i Italien.","robots":{"index":"index","follow":"follow","max-snippet":"max-snippet:-1","max-image-preview":"max-image-preview:large","max-video-preview":"max-video-preview:-1"},"canonical":"https:\/\/www.casavio.com\/da\/faciliteter\/ekstra-serviceydelser\/laegehjaelp\/","og_locale":"da_DK","og_type":"article","og_title":"L\u00e6gehj\u00e6lp p\u00e5 campingplads ved Adriaterhavet, t\u00e6t p\u00e5 Venedig","og_description":"F\u00e5 l\u00e6gehj\u00e6lp p\u00e5 campingplads ved Adriaterhavet t\u00e6t p\u00e5 Venedig. Privat l\u00e6ge til r\u00e5dighed hele sommeren og apoteker i n\u00e6rheden for tryg ferie i Italien.","og_url":"https:\/\/www.casavio.com\/da\/faciliteter\/ekstra-serviceydelser\/laegehjaelp\/","og_site_name":"Camping Ca&#039; Savio","article_publisher":"https:\/\/www.facebook.com\/campingcasavio","article_modified_time":"2025-08-01T08:48:22+00:00","og_image":[{"width":440,"height":600,"url":"https:\/\/www.casavio.com\/wp-content\/uploads\/2019\/11\/ca-savio-assistenza-medica.jpg","type":"image\/jpeg"}],"twitter_card":"summary_large_image","twitter_misc":{"Estimeret l\u00e6setid":"2 minutter"},"schema":{"@context":"https:\/\/schema.org","@graph":[{"@type":"WebPage","@id":"https:\/\/www.casavio.com\/da\/faciliteter\/ekstra-serviceydelser\/laegehjaelp\/","url":"https:\/\/www.casavio.com\/da\/faciliteter\/ekstra-serviceydelser\/laegehjaelp\/","name":"L\u00e6gehj\u00e6lp p\u00e5 campingplads ved Adriaterhavet, t\u00e6t p\u00e5 Venedig","isPartOf":{"@id":"https:\/\/www.casavio.com\/da\/#website"},"primaryImageOfPage":{"@id":"https:\/\/www.casavio.com\/da\/faciliteter\/ekstra-serviceydelser\/laegehjaelp\/#primaryimage"},"image":{"@id":"https:\/\/www.casavio.com\/da\/faciliteter\/ekstra-serviceydelser\/laegehjaelp\/#primaryimage"},"thumbnailUrl":"https:\/\/www.casavio.com\/wp-content\/uploads\/2019\/11\/ca-savio-assistenza-medica.jpg","datePublished":"2019-11-07T09:54:18+00:00","dateModified":"2025-08-01T08:48:22+00:00","description":"F\u00e5 l\u00e6gehj\u00e6lp p\u00e5 campingplads ved Adriaterhavet t\u00e6t p\u00e5 Venedig. Privat l\u00e6ge til r\u00e5dighed hele sommeren og apoteker i n\u00e6rheden for tryg ferie i Italien.","breadcrumb":{"@id":"https:\/\/www.casavio.com\/da\/faciliteter\/ekstra-serviceydelser\/laegehjaelp\/#breadcrumb"},"inLanguage":"da-DK","potentialAction":[{"@type":"ReadAction","target":["https:\/\/www.casavio.com\/da\/faciliteter\/ekstra-serviceydelser\/laegehjaelp\/"]}]},{"@type":"ImageObject","inLanguage":"da-DK","@id":"https:\/\/www.casavio.com\/da\/faciliteter\/ekstra-serviceydelser\/laegehjaelp\/#primaryimage","url":"https:\/\/www.casavio.com\/wp-content\/uploads\/2019\/11\/ca-savio-assistenza-medica.jpg","contentUrl":"https:\/\/www.casavio.com\/wp-content\/uploads\/2019\/11\/ca-savio-assistenza-medica.jpg","width":440,"height":600},{"@type":"BreadcrumbList","@id":"https:\/\/www.casavio.com\/da\/faciliteter\/ekstra-serviceydelser\/laegehjaelp\/#breadcrumb","itemListElement":[{"@type":"ListItem","position":1,"name":"Home","item":"https:\/\/www.casavio.com\/da\/"},{"@type":"ListItem","position":2,"name":"Faciliteter","item":"https:\/\/www.casavio.com\/da\/faciliteter\/"},{"@type":"ListItem","position":3,"name":"Ekstra serviceydelser","item":"https:\/\/www.casavio.com\/da\/faciliteter\/ekstra-serviceydelser\/"},{"@type":"ListItem","position":4,"name":"L\u00e6gehj\u00e6lp ved camping"}]},{"@type":"WebSite","@id":"https:\/\/www.casavio.com\/da\/#website","url":"https:\/\/www.casavio.com\/da\/","name":"Camping Ca&#039; Savio","description":"","publisher":{"@id":"https:\/\/www.casavio.com\/da\/#organization"},"potentialAction":[{"@type":"SearchAction","target":{"@type":"EntryPoint","urlTemplate":"https:\/\/www.casavio.com\/da\/?s={search_term_string}"},"query-input":{"@type":"PropertyValueSpecification","valueRequired":true,"valueName":"search_term_string"}}],"inLanguage":"da-DK"},{"@type":"Organization","@id":"https:\/\/www.casavio.com\/da\/#organization","name":"Camping Ca'Savio","url":"https:\/\/www.casavio.com\/da\/","logo":{"@type":"ImageObject","inLanguage":"da-DK","@id":"https:\/\/www.casavio.com\/da\/#\/schema\/logo\/image\/","url":"https:\/\/www.casavio.com\/wp-content\/uploads\/2024\/04\/favicon.png","contentUrl":"https:\/\/www.casavio.com\/wp-content\/uploads\/2024\/04\/favicon.png","width":144,"height":144,"caption":"Camping Ca'Savio"},"image":{"@id":"https:\/\/www.casavio.com\/da\/#\/schema\/logo\/image\/"},"sameAs":["https:\/\/www.facebook.com\/campingcasavio","https:\/\/www.instagram.com\/campingcasavio","https:\/\/www.youtube.com\/user\/campingcasavio"]}]}},"_links":{"self":[{"href":"https:\/\/www.casavio.com\/da\/wp-json\/wp\/v2\/pages\/9536","targetHints":{"allow":["GET"]}}],"collection":[{"href":"https:\/\/www.casavio.com\/da\/wp-json\/wp\/v2\/pages"}],"about":[{"href":"https:\/\/www.casavio.com\/da\/wp-json\/wp\/v2\/types\/page"}],"author":[{"embeddable":true,"href":"https:\/\/www.casavio.com\/da\/wp-json\/wp\/v2\/users\/3"}],"replies":[{"embeddable":true,"href":"https:\/\/www.casavio.com\/da\/wp-json\/wp\/v2\/comments?post=9536"}],"version-history":[{"count":2,"href":"https:\/\/www.casavio.com\/da\/wp-json\/wp\/v2\/pages\/9536\/revisions"}],"predecessor-version":[{"id":42359,"href":"https:\/\/www.casavio.com\/da\/wp-json\/wp\/v2\/pages\/9536\/revisions\/42359"}],"up":[{"embeddable":true,"href":"https:\/\/www.casavio.com\/da\/wp-json\/wp\/v2\/pages\/9508"}],"wp:featuredmedia":[{"embeddable":true,"href":"https:\/\/www.casavio.com\/da\/wp-json\/wp\/v2\/media\/3028"}],"wp:attachment":[{"href":"https:\/\/www.casavio.com\/da\/wp-json\/wp\/v2\/media?parent=9536"}],"curies":[{"name":"wp","href":"https:\/\/api.w.org\/{rel}","templated":true}]}}