{"id":9549,"date":"2019-11-07T10:57:16","date_gmt":"2019-11-07T09:57:16","guid":{"rendered":"https:\/\/www.casavio.com\/faciliteter\/ristoranti-ca-savio\/"},"modified":"2026-02-19T15:03:50","modified_gmt":"2026-02-19T14:03:50","slug":"restauranter-ca-savio","status":"publish","type":"page","link":"https:\/\/www.casavio.com\/da\/faciliteter\/restauranter-ca-savio\/","title":{"rendered":"Restauranter"},"content":{"rendered":"<p>P\u00e5 campingpladsen er b\u00e5de frokost og middag et p\u00e5skud for at blive udend\u00f8rs, i en afslappet atmosf\u00e6re, hvor du kan nyde enkle retter, og det er pr\u00e6cis den atmosf\u00e6re, du finder i vores restauranttilbud.<\/p>\n<p>Her er de forskellige spisemuligheder til stede p\u00e5 Camping Ca&#8217; Savio: en mere traditionel restaurant, en kiosk en kort g\u00e5tur fra poolen p\u00e5 vej 13 med snacks og street food, eller et stort udend\u00f8rs omr\u00e5de til en take-away middag med pizza og andre varme og kolde retter perfekt til sommer og ogs\u00e5 en caf\u00e9 p\u00e5 et torv til udend\u00f8rs morgenmad eller et ishus t\u00e6t p\u00e5 den udend\u00f8rs aftenunderholdning.<\/p>\n","protected":false},"excerpt":{"rendered":"<p>Pizza, f\u00e6rdigretter og italienske og internationale specialiteter. Alt hvad du beh\u00f8ver, uden at forlade campingpladsen.<\/p>\n","protected":false},"author":3,"featured_media":13706,"parent":9473,"menu_order":51,"comment_status":"closed","ping_status":"closed","template":"","meta":{"_acf_changed":false},"class_list":["post-9549","page","type-page","status-publish","has-post-thumbnail","hentry"],"acf":[],"yoast_head":"<!-- This site is optimized with the Yoast SEO plugin v25.3 - https:\/\/yoast.com\/wordpress\/plugins\/seo\/ -->\n<title>Restauranter i Cavallino Treporti &#8211; Camping Ca&#039; Savio<\/title>\n<meta name=\"description\" content=\"En traditionel restaurant, en kiosk et stenkast fra swimmingpoolen med snacks og gademad eller et udend\u00f8rs omr\u00e5de til en takeaway-middag med pizza og andre retter.\" \/>\n<meta name=\"robots\" content=\"index, follow, max-snippet:-1, max-image-preview:large, max-video-preview:-1\" \/>\n<link rel=\"canonical\" href=\"https:\/\/www.casavio.com\/da\/faciliteter\/restauranter-ca-savio\/\" \/>\n<meta property=\"og:locale\" content=\"da_DK\" \/>\n<meta property=\"og:type\" content=\"article\" \/>\n<meta property=\"og:title\" content=\"Restauranter i Cavallino Treporti &#8211; Camping Ca&#039; Savio\" \/>\n<meta property=\"og:description\" content=\"En traditionel restaurant, en kiosk et stenkast fra swimmingpoolen med snacks og gademad eller et udend\u00f8rs omr\u00e5de til en takeaway-middag med pizza og andre retter.\" \/>\n<meta property=\"og:url\" content=\"https:\/\/www.casavio.com\/da\/faciliteter\/restauranter-ca-savio\/\" \/>\n<meta property=\"og:site_name\" content=\"Camping Ca&#039; Savio\" \/>\n<meta property=\"article:publisher\" content=\"https:\/\/www.facebook.com\/campingcasavio\" \/>\n<meta property=\"article:modified_time\" content=\"2026-02-19T14:03:50+00:00\" \/>\n<meta property=\"og:image\" content=\"https:\/\/www.casavio.com\/wp-content\/uploads\/2020\/10\/2020_Ca-Savio-Restaurant-353.jpg\" \/>\n\t<meta property=\"og:image:width\" content=\"440\" \/>\n\t<meta property=\"og:image:height\" content=\"600\" \/>\n\t<meta property=\"og:image:type\" content=\"image\/jpeg\" \/>\n<meta name=\"twitter:card\" content=\"summary_large_image\" \/>\n<meta name=\"twitter:label1\" content=\"Estimeret l\u00e6setid\" \/>\n\t<meta name=\"twitter:data1\" content=\"1 minut\" \/>\n<script type=\"application\/ld+json\" class=\"yoast-schema-graph\">{\"@context\":\"https:\/\/schema.org\",\"@graph\":[{\"@type\":\"WebPage\",\"@id\":\"https:\/\/www.casavio.com\/da\/faciliteter\/restauranter-ca-savio\/\",\"url\":\"https:\/\/www.casavio.com\/da\/faciliteter\/restauranter-ca-savio\/\",\"name\":\"Restauranter i Cavallino Treporti &#8211; Camping Ca&#039; Savio\",\"isPartOf\":{\"@id\":\"https:\/\/www.casavio.com\/da\/#website\"},\"primaryImageOfPage\":{\"@id\":\"https:\/\/www.casavio.com\/da\/faciliteter\/restauranter-ca-savio\/#primaryimage\"},\"image\":{\"@id\":\"https:\/\/www.casavio.com\/da\/faciliteter\/restauranter-ca-savio\/#primaryimage\"},\"thumbnailUrl\":\"https:\/\/www.casavio.com\/wp-content\/uploads\/2020\/10\/2020_Ca-Savio-Restaurant-353.jpg\",\"datePublished\":\"2019-11-07T09:57:16+00:00\",\"dateModified\":\"2026-02-19T14:03:50+00:00\",\"description\":\"En traditionel restaurant, en kiosk et stenkast fra swimmingpoolen med snacks og gademad eller et udend\u00f8rs omr\u00e5de til en takeaway-middag med pizza og andre retter.\",\"breadcrumb\":{\"@id\":\"https:\/\/www.casavio.com\/da\/faciliteter\/restauranter-ca-savio\/#breadcrumb\"},\"inLanguage\":\"da-DK\",\"potentialAction\":[{\"@type\":\"ReadAction\",\"target\":[\"https:\/\/www.casavio.com\/da\/faciliteter\/restauranter-ca-savio\/\"]}]},{\"@type\":\"ImageObject\",\"inLanguage\":\"da-DK\",\"@id\":\"https:\/\/www.casavio.com\/da\/faciliteter\/restauranter-ca-savio\/#primaryimage\",\"url\":\"https:\/\/www.casavio.com\/wp-content\/uploads\/2020\/10\/2020_Ca-Savio-Restaurant-353.jpg\",\"contentUrl\":\"https:\/\/www.casavio.com\/wp-content\/uploads\/2020\/10\/2020_Ca-Savio-Restaurant-353.jpg\",\"width\":440,\"height\":600},{\"@type\":\"BreadcrumbList\",\"@id\":\"https:\/\/www.casavio.com\/da\/faciliteter\/restauranter-ca-savio\/#breadcrumb\",\"itemListElement\":[{\"@type\":\"ListItem\",\"position\":1,\"name\":\"Home\",\"item\":\"https:\/\/www.casavio.com\/da\/\"},{\"@type\":\"ListItem\",\"position\":2,\"name\":\"Faciliteter\",\"item\":\"https:\/\/www.casavio.com\/da\/faciliteter\/\"},{\"@type\":\"ListItem\",\"position\":3,\"name\":\"Restauranter\"}]},{\"@type\":\"WebSite\",\"@id\":\"https:\/\/www.casavio.com\/da\/#website\",\"url\":\"https:\/\/www.casavio.com\/da\/\",\"name\":\"Camping Ca&#039; Savio\",\"description\":\"\",\"publisher\":{\"@id\":\"https:\/\/www.casavio.com\/da\/#organization\"},\"potentialAction\":[{\"@type\":\"SearchAction\",\"target\":{\"@type\":\"EntryPoint\",\"urlTemplate\":\"https:\/\/www.casavio.com\/da\/?s={search_term_string}\"},\"query-input\":{\"@type\":\"PropertyValueSpecification\",\"valueRequired\":true,\"valueName\":\"search_term_string\"}}],\"inLanguage\":\"da-DK\"},{\"@type\":\"Organization\",\"@id\":\"https:\/\/www.casavio.com\/da\/#organization\",\"name\":\"Camping Ca'Savio\",\"url\":\"https:\/\/www.casavio.com\/da\/\",\"logo\":{\"@type\":\"ImageObject\",\"inLanguage\":\"da-DK\",\"@id\":\"https:\/\/www.casavio.com\/da\/#\/schema\/logo\/image\/\",\"url\":\"https:\/\/www.casavio.com\/wp-content\/uploads\/2024\/04\/favicon.png\",\"contentUrl\":\"https:\/\/www.casavio.com\/wp-content\/uploads\/2024\/04\/favicon.png\",\"width\":144,\"height\":144,\"caption\":\"Camping Ca'Savio\"},\"image\":{\"@id\":\"https:\/\/www.casavio.com\/da\/#\/schema\/logo\/image\/\"},\"sameAs\":[\"https:\/\/www.facebook.com\/campingcasavio\",\"https:\/\/www.instagram.com\/campingcasavio\",\"https:\/\/www.youtube.com\/user\/campingcasavio\"]}]}<\/script>\n<!-- \/ Yoast SEO plugin. -->","yoast_head_json":{"title":"Restauranter i Cavallino Treporti &#8211; Camping Ca&#039; Savio","description":"En traditionel restaurant, en kiosk et stenkast fra swimmingpoolen med snacks og gademad eller et udend\u00f8rs omr\u00e5de til en takeaway-middag med pizza og andre retter.","robots":{"index":"index","follow":"follow","max-snippet":"max-snippet:-1","max-image-preview":"max-image-preview:large","max-video-preview":"max-video-preview:-1"},"canonical":"https:\/\/www.casavio.com\/da\/faciliteter\/restauranter-ca-savio\/","og_locale":"da_DK","og_type":"article","og_title":"Restauranter i Cavallino Treporti &#8211; Camping Ca&#039; Savio","og_description":"En traditionel restaurant, en kiosk et stenkast fra swimmingpoolen med snacks og gademad eller et udend\u00f8rs omr\u00e5de til en takeaway-middag med pizza og andre retter.","og_url":"https:\/\/www.casavio.com\/da\/faciliteter\/restauranter-ca-savio\/","og_site_name":"Camping Ca&#039; Savio","article_publisher":"https:\/\/www.facebook.com\/campingcasavio","article_modified_time":"2026-02-19T14:03:50+00:00","og_image":[{"width":440,"height":600,"url":"https:\/\/www.casavio.com\/wp-content\/uploads\/2020\/10\/2020_Ca-Savio-Restaurant-353.jpg","type":"image\/jpeg"}],"twitter_card":"summary_large_image","twitter_misc":{"Estimeret l\u00e6setid":"1 minut"},"schema":{"@context":"https:\/\/schema.org","@graph":[{"@type":"WebPage","@id":"https:\/\/www.casavio.com\/da\/faciliteter\/restauranter-ca-savio\/","url":"https:\/\/www.casavio.com\/da\/faciliteter\/restauranter-ca-savio\/","name":"Restauranter i Cavallino Treporti &#8211; Camping Ca&#039; Savio","isPartOf":{"@id":"https:\/\/www.casavio.com\/da\/#website"},"primaryImageOfPage":{"@id":"https:\/\/www.casavio.com\/da\/faciliteter\/restauranter-ca-savio\/#primaryimage"},"image":{"@id":"https:\/\/www.casavio.com\/da\/faciliteter\/restauranter-ca-savio\/#primaryimage"},"thumbnailUrl":"https:\/\/www.casavio.com\/wp-content\/uploads\/2020\/10\/2020_Ca-Savio-Restaurant-353.jpg","datePublished":"2019-11-07T09:57:16+00:00","dateModified":"2026-02-19T14:03:50+00:00","description":"En traditionel restaurant, en kiosk et stenkast fra swimmingpoolen med snacks og gademad eller et udend\u00f8rs omr\u00e5de til en takeaway-middag med pizza og andre retter.","breadcrumb":{"@id":"https:\/\/www.casavio.com\/da\/faciliteter\/restauranter-ca-savio\/#breadcrumb"},"inLanguage":"da-DK","potentialAction":[{"@type":"ReadAction","target":["https:\/\/www.casavio.com\/da\/faciliteter\/restauranter-ca-savio\/"]}]},{"@type":"ImageObject","inLanguage":"da-DK","@id":"https:\/\/www.casavio.com\/da\/faciliteter\/restauranter-ca-savio\/#primaryimage","url":"https:\/\/www.casavio.com\/wp-content\/uploads\/2020\/10\/2020_Ca-Savio-Restaurant-353.jpg","contentUrl":"https:\/\/www.casavio.com\/wp-content\/uploads\/2020\/10\/2020_Ca-Savio-Restaurant-353.jpg","width":440,"height":600},{"@type":"BreadcrumbList","@id":"https:\/\/www.casavio.com\/da\/faciliteter\/restauranter-ca-savio\/#breadcrumb","itemListElement":[{"@type":"ListItem","position":1,"name":"Home","item":"https:\/\/www.casavio.com\/da\/"},{"@type":"ListItem","position":2,"name":"Faciliteter","item":"https:\/\/www.casavio.com\/da\/faciliteter\/"},{"@type":"ListItem","position":3,"name":"Restauranter"}]},{"@type":"WebSite","@id":"https:\/\/www.casavio.com\/da\/#website","url":"https:\/\/www.casavio.com\/da\/","name":"Camping Ca&#039; Savio","description":"","publisher":{"@id":"https:\/\/www.casavio.com\/da\/#organization"},"potentialAction":[{"@type":"SearchAction","target":{"@type":"EntryPoint","urlTemplate":"https:\/\/www.casavio.com\/da\/?s={search_term_string}"},"query-input":{"@type":"PropertyValueSpecification","valueRequired":true,"valueName":"search_term_string"}}],"inLanguage":"da-DK"},{"@type":"Organization","@id":"https:\/\/www.casavio.com\/da\/#organization","name":"Camping Ca'Savio","url":"https:\/\/www.casavio.com\/da\/","logo":{"@type":"ImageObject","inLanguage":"da-DK","@id":"https:\/\/www.casavio.com\/da\/#\/schema\/logo\/image\/","url":"https:\/\/www.casavio.com\/wp-content\/uploads\/2024\/04\/favicon.png","contentUrl":"https:\/\/www.casavio.com\/wp-content\/uploads\/2024\/04\/favicon.png","width":144,"height":144,"caption":"Camping Ca'Savio"},"image":{"@id":"https:\/\/www.casavio.com\/da\/#\/schema\/logo\/image\/"},"sameAs":["https:\/\/www.facebook.com\/campingcasavio","https:\/\/www.instagram.com\/campingcasavio","https:\/\/www.youtube.com\/user\/campingcasavio"]}]}},"_links":{"self":[{"href":"https:\/\/www.casavio.com\/da\/wp-json\/wp\/v2\/pages\/9549","targetHints":{"allow":["GET"]}}],"collection":[{"href":"https:\/\/www.casavio.com\/da\/wp-json\/wp\/v2\/pages"}],"about":[{"href":"https:\/\/www.casavio.com\/da\/wp-json\/wp\/v2\/types\/page"}],"author":[{"embeddable":true,"href":"https:\/\/www.casavio.com\/da\/wp-json\/wp\/v2\/users\/3"}],"replies":[{"embeddable":true,"href":"https:\/\/www.casavio.com\/da\/wp-json\/wp\/v2\/comments?post=9549"}],"version-history":[{"count":2,"href":"https:\/\/www.casavio.com\/da\/wp-json\/wp\/v2\/pages\/9549\/revisions"}],"predecessor-version":[{"id":46095,"href":"https:\/\/www.casavio.com\/da\/wp-json\/wp\/v2\/pages\/9549\/revisions\/46095"}],"up":[{"embeddable":true,"href":"https:\/\/www.casavio.com\/da\/wp-json\/wp\/v2\/pages\/9473"}],"wp:featuredmedia":[{"embeddable":true,"href":"https:\/\/www.casavio.com\/da\/wp-json\/wp\/v2\/media\/13706"}],"wp:attachment":[{"href":"https:\/\/www.casavio.com\/da\/wp-json\/wp\/v2\/media?parent=9549"}],"curies":[{"name":"wp","href":"https:\/\/api.w.org\/{rel}","templated":true}]}}