{"id":9562,"date":"2019-11-07T11:03:46","date_gmt":"2019-11-07T10:03:46","guid":{"rendered":"https:\/\/www.casavio.com\/aktiviteter-paa-campingpladsen\/sport-og-fitness\/scuola-calcio\/"},"modified":"2025-03-28T12:10:18","modified_gmt":"2025-03-28T11:10:18","slug":"fodbold-skole","status":"publish","type":"page","link":"https:\/\/www.casavio.com\/da\/aktiviteter-paa-campingpladsen\/sport-og-fitness\/fodbold-skole\/","title":{"rendered":"Fodbold-skole"},"content":{"rendered":"<p>For vores unge fodbold-elskende g\u00e6ster er en af de sjoveste \u00f8jeblikke at i <strong>Ca&#8217; Savio<\/strong> <strong>fodbold Camp<\/strong> i hele ferien og en mulighed for at ud\u00f8ve sport selv om sommeren i selskab med mange nye venner.<\/p>\n<p>En uforglemmelig oplevelse dedikeret til <strong>drenge i<\/strong> <strong>alderen fra 7 til 14<\/strong>, der kan spille fodbold p\u00e5 en <strong>almindelig fodboldbane<\/strong> i en hel uge sammen med fodboldtr\u00e6nere.<\/p>\n<p>Vil du vide mere om programmet for Ca&#8217; Savio Football Camp?<\/p>\n","protected":false},"excerpt":{"rendered":"<p>For unge fodboldfans, en unik mulighed for at ud\u00f8ve den foretrukne sport selv p\u00e5 ferie.<\/p>\n","protected":false},"author":3,"featured_media":3224,"parent":9557,"menu_order":55,"comment_status":"closed","ping_status":"closed","template":"","meta":{"_acf_changed":false},"class_list":["post-9562","page","type-page","status-publish","has-post-thumbnail","hentry"],"acf":[],"yoast_head":"<!-- This site is optimized with the Yoast SEO plugin v25.3 - https:\/\/yoast.com\/wordpress\/plugins\/seo\/ -->\n<title>Fodbold-undervisning | Sport og Fitness p\u00e5 campingpladsen &#8211; Camping Ca&#039; Savio<\/title>\n<meta name=\"description\" content=\"En uforglemmelig oplevelse for b\u00f8rn og unge fra 7 til 14 \u00e5r, som kan spille fodbold p\u00e5 en bane i en hel uge sammen med vores dygtige tr\u00e6nere. Se detaljer.\" \/>\n<meta name=\"robots\" content=\"index, follow, max-snippet:-1, max-image-preview:large, max-video-preview:-1\" \/>\n<link rel=\"canonical\" href=\"https:\/\/www.casavio.com\/da\/aktiviteter-paa-campingpladsen\/sport-og-fitness\/fodbold-skole\/\" \/>\n<meta property=\"og:locale\" content=\"da_DK\" \/>\n<meta property=\"og:type\" content=\"article\" \/>\n<meta property=\"og:title\" content=\"Fodbold-undervisning | Sport og Fitness p\u00e5 campingpladsen &#8211; Camping Ca&#039; Savio\" \/>\n<meta property=\"og:description\" content=\"En uforglemmelig oplevelse for b\u00f8rn og unge fra 7 til 14 \u00e5r, som kan spille fodbold p\u00e5 en bane i en hel uge sammen med vores dygtige tr\u00e6nere. Se detaljer.\" \/>\n<meta property=\"og:url\" content=\"https:\/\/www.casavio.com\/da\/aktiviteter-paa-campingpladsen\/sport-og-fitness\/fodbold-skole\/\" \/>\n<meta property=\"og:site_name\" content=\"Camping Ca&#039; Savio\" \/>\n<meta property=\"article:publisher\" content=\"https:\/\/www.facebook.com\/campingcasavio\" \/>\n<meta property=\"article:modified_time\" content=\"2025-03-28T11:10:18+00:00\" \/>\n<meta property=\"og:image\" content=\"https:\/\/www.casavio.com\/wp-content\/uploads\/2019\/11\/ca-savio-sport-fitness-scuola-calcio.jpg\" \/>\n\t<meta property=\"og:image:width\" content=\"440\" \/>\n\t<meta property=\"og:image:height\" content=\"600\" \/>\n\t<meta property=\"og:image:type\" content=\"image\/jpeg\" \/>\n<meta name=\"twitter:card\" content=\"summary_large_image\" \/>\n<meta name=\"twitter:label1\" content=\"Estimeret l\u00e6setid\" \/>\n\t<meta name=\"twitter:data1\" content=\"1 minut\" \/>\n<script type=\"application\/ld+json\" class=\"yoast-schema-graph\">{\"@context\":\"https:\/\/schema.org\",\"@graph\":[{\"@type\":\"WebPage\",\"@id\":\"https:\/\/www.casavio.com\/da\/aktiviteter-paa-campingpladsen\/sport-og-fitness\/fodbold-skole\/\",\"url\":\"https:\/\/www.casavio.com\/da\/aktiviteter-paa-campingpladsen\/sport-og-fitness\/fodbold-skole\/\",\"name\":\"Fodbold-undervisning | Sport og Fitness p\u00e5 campingpladsen &#8211; Camping Ca&#039; Savio\",\"isPartOf\":{\"@id\":\"https:\/\/www.casavio.com\/da\/#website\"},\"primaryImageOfPage\":{\"@id\":\"https:\/\/www.casavio.com\/da\/aktiviteter-paa-campingpladsen\/sport-og-fitness\/fodbold-skole\/#primaryimage\"},\"image\":{\"@id\":\"https:\/\/www.casavio.com\/da\/aktiviteter-paa-campingpladsen\/sport-og-fitness\/fodbold-skole\/#primaryimage\"},\"thumbnailUrl\":\"https:\/\/www.casavio.com\/wp-content\/uploads\/2019\/11\/ca-savio-sport-fitness-scuola-calcio.jpg\",\"datePublished\":\"2019-11-07T10:03:46+00:00\",\"dateModified\":\"2025-03-28T11:10:18+00:00\",\"description\":\"En uforglemmelig oplevelse for b\u00f8rn og unge fra 7 til 14 \u00e5r, som kan spille fodbold p\u00e5 en bane i en hel uge sammen med vores dygtige tr\u00e6nere. Se detaljer.\",\"breadcrumb\":{\"@id\":\"https:\/\/www.casavio.com\/da\/aktiviteter-paa-campingpladsen\/sport-og-fitness\/fodbold-skole\/#breadcrumb\"},\"inLanguage\":\"da-DK\",\"potentialAction\":[{\"@type\":\"ReadAction\",\"target\":[\"https:\/\/www.casavio.com\/da\/aktiviteter-paa-campingpladsen\/sport-og-fitness\/fodbold-skole\/\"]}]},{\"@type\":\"ImageObject\",\"inLanguage\":\"da-DK\",\"@id\":\"https:\/\/www.casavio.com\/da\/aktiviteter-paa-campingpladsen\/sport-og-fitness\/fodbold-skole\/#primaryimage\",\"url\":\"https:\/\/www.casavio.com\/wp-content\/uploads\/2019\/11\/ca-savio-sport-fitness-scuola-calcio.jpg\",\"contentUrl\":\"https:\/\/www.casavio.com\/wp-content\/uploads\/2019\/11\/ca-savio-sport-fitness-scuola-calcio.jpg\",\"width\":440,\"height\":600},{\"@type\":\"BreadcrumbList\",\"@id\":\"https:\/\/www.casavio.com\/da\/aktiviteter-paa-campingpladsen\/sport-og-fitness\/fodbold-skole\/#breadcrumb\",\"itemListElement\":[{\"@type\":\"ListItem\",\"position\":1,\"name\":\"Home\",\"item\":\"https:\/\/www.casavio.com\/da\/\"},{\"@type\":\"ListItem\",\"position\":2,\"name\":\"Aktiviteter\",\"item\":\"https:\/\/www.casavio.com\/da\/aktiviteter-paa-campingpladsen\/\"},{\"@type\":\"ListItem\",\"position\":3,\"name\":\"Sport og Fitness\",\"item\":\"https:\/\/www.casavio.com\/da\/aktiviteter-paa-campingpladsen\/sport-og-fitness\/\"},{\"@type\":\"ListItem\",\"position\":4,\"name\":\"Fodbold-skole\"}]},{\"@type\":\"WebSite\",\"@id\":\"https:\/\/www.casavio.com\/da\/#website\",\"url\":\"https:\/\/www.casavio.com\/da\/\",\"name\":\"Camping Ca&#039; Savio\",\"description\":\"\",\"publisher\":{\"@id\":\"https:\/\/www.casavio.com\/da\/#organization\"},\"potentialAction\":[{\"@type\":\"SearchAction\",\"target\":{\"@type\":\"EntryPoint\",\"urlTemplate\":\"https:\/\/www.casavio.com\/da\/?s={search_term_string}\"},\"query-input\":{\"@type\":\"PropertyValueSpecification\",\"valueRequired\":true,\"valueName\":\"search_term_string\"}}],\"inLanguage\":\"da-DK\"},{\"@type\":\"Organization\",\"@id\":\"https:\/\/www.casavio.com\/da\/#organization\",\"name\":\"Camping Ca'Savio\",\"url\":\"https:\/\/www.casavio.com\/da\/\",\"logo\":{\"@type\":\"ImageObject\",\"inLanguage\":\"da-DK\",\"@id\":\"https:\/\/www.casavio.com\/da\/#\/schema\/logo\/image\/\",\"url\":\"https:\/\/www.casavio.com\/wp-content\/uploads\/2024\/04\/favicon.png\",\"contentUrl\":\"https:\/\/www.casavio.com\/wp-content\/uploads\/2024\/04\/favicon.png\",\"width\":144,\"height\":144,\"caption\":\"Camping Ca'Savio\"},\"image\":{\"@id\":\"https:\/\/www.casavio.com\/da\/#\/schema\/logo\/image\/\"},\"sameAs\":[\"https:\/\/www.facebook.com\/campingcasavio\",\"https:\/\/www.instagram.com\/campingcasavio\",\"https:\/\/www.youtube.com\/user\/campingcasavio\"]}]}<\/script>\n<!-- \/ Yoast SEO plugin. -->","yoast_head_json":{"title":"Fodbold-undervisning | Sport og Fitness p\u00e5 campingpladsen &#8211; Camping Ca&#039; Savio","description":"En uforglemmelig oplevelse for b\u00f8rn og unge fra 7 til 14 \u00e5r, som kan spille fodbold p\u00e5 en bane i en hel uge sammen med vores dygtige tr\u00e6nere. Se detaljer.","robots":{"index":"index","follow":"follow","max-snippet":"max-snippet:-1","max-image-preview":"max-image-preview:large","max-video-preview":"max-video-preview:-1"},"canonical":"https:\/\/www.casavio.com\/da\/aktiviteter-paa-campingpladsen\/sport-og-fitness\/fodbold-skole\/","og_locale":"da_DK","og_type":"article","og_title":"Fodbold-undervisning | Sport og Fitness p\u00e5 campingpladsen &#8211; Camping Ca&#039; Savio","og_description":"En uforglemmelig oplevelse for b\u00f8rn og unge fra 7 til 14 \u00e5r, som kan spille fodbold p\u00e5 en bane i en hel uge sammen med vores dygtige tr\u00e6nere. Se detaljer.","og_url":"https:\/\/www.casavio.com\/da\/aktiviteter-paa-campingpladsen\/sport-og-fitness\/fodbold-skole\/","og_site_name":"Camping Ca&#039; Savio","article_publisher":"https:\/\/www.facebook.com\/campingcasavio","article_modified_time":"2025-03-28T11:10:18+00:00","og_image":[{"width":440,"height":600,"url":"https:\/\/www.casavio.com\/wp-content\/uploads\/2019\/11\/ca-savio-sport-fitness-scuola-calcio.jpg","type":"image\/jpeg"}],"twitter_card":"summary_large_image","twitter_misc":{"Estimeret l\u00e6setid":"1 minut"},"schema":{"@context":"https:\/\/schema.org","@graph":[{"@type":"WebPage","@id":"https:\/\/www.casavio.com\/da\/aktiviteter-paa-campingpladsen\/sport-og-fitness\/fodbold-skole\/","url":"https:\/\/www.casavio.com\/da\/aktiviteter-paa-campingpladsen\/sport-og-fitness\/fodbold-skole\/","name":"Fodbold-undervisning | Sport og Fitness p\u00e5 campingpladsen &#8211; Camping Ca&#039; Savio","isPartOf":{"@id":"https:\/\/www.casavio.com\/da\/#website"},"primaryImageOfPage":{"@id":"https:\/\/www.casavio.com\/da\/aktiviteter-paa-campingpladsen\/sport-og-fitness\/fodbold-skole\/#primaryimage"},"image":{"@id":"https:\/\/www.casavio.com\/da\/aktiviteter-paa-campingpladsen\/sport-og-fitness\/fodbold-skole\/#primaryimage"},"thumbnailUrl":"https:\/\/www.casavio.com\/wp-content\/uploads\/2019\/11\/ca-savio-sport-fitness-scuola-calcio.jpg","datePublished":"2019-11-07T10:03:46+00:00","dateModified":"2025-03-28T11:10:18+00:00","description":"En uforglemmelig oplevelse for b\u00f8rn og unge fra 7 til 14 \u00e5r, som kan spille fodbold p\u00e5 en bane i en hel uge sammen med vores dygtige tr\u00e6nere. Se detaljer.","breadcrumb":{"@id":"https:\/\/www.casavio.com\/da\/aktiviteter-paa-campingpladsen\/sport-og-fitness\/fodbold-skole\/#breadcrumb"},"inLanguage":"da-DK","potentialAction":[{"@type":"ReadAction","target":["https:\/\/www.casavio.com\/da\/aktiviteter-paa-campingpladsen\/sport-og-fitness\/fodbold-skole\/"]}]},{"@type":"ImageObject","inLanguage":"da-DK","@id":"https:\/\/www.casavio.com\/da\/aktiviteter-paa-campingpladsen\/sport-og-fitness\/fodbold-skole\/#primaryimage","url":"https:\/\/www.casavio.com\/wp-content\/uploads\/2019\/11\/ca-savio-sport-fitness-scuola-calcio.jpg","contentUrl":"https:\/\/www.casavio.com\/wp-content\/uploads\/2019\/11\/ca-savio-sport-fitness-scuola-calcio.jpg","width":440,"height":600},{"@type":"BreadcrumbList","@id":"https:\/\/www.casavio.com\/da\/aktiviteter-paa-campingpladsen\/sport-og-fitness\/fodbold-skole\/#breadcrumb","itemListElement":[{"@type":"ListItem","position":1,"name":"Home","item":"https:\/\/www.casavio.com\/da\/"},{"@type":"ListItem","position":2,"name":"Aktiviteter","item":"https:\/\/www.casavio.com\/da\/aktiviteter-paa-campingpladsen\/"},{"@type":"ListItem","position":3,"name":"Sport og Fitness","item":"https:\/\/www.casavio.com\/da\/aktiviteter-paa-campingpladsen\/sport-og-fitness\/"},{"@type":"ListItem","position":4,"name":"Fodbold-skole"}]},{"@type":"WebSite","@id":"https:\/\/www.casavio.com\/da\/#website","url":"https:\/\/www.casavio.com\/da\/","name":"Camping Ca&#039; Savio","description":"","publisher":{"@id":"https:\/\/www.casavio.com\/da\/#organization"},"potentialAction":[{"@type":"SearchAction","target":{"@type":"EntryPoint","urlTemplate":"https:\/\/www.casavio.com\/da\/?s={search_term_string}"},"query-input":{"@type":"PropertyValueSpecification","valueRequired":true,"valueName":"search_term_string"}}],"inLanguage":"da-DK"},{"@type":"Organization","@id":"https:\/\/www.casavio.com\/da\/#organization","name":"Camping Ca'Savio","url":"https:\/\/www.casavio.com\/da\/","logo":{"@type":"ImageObject","inLanguage":"da-DK","@id":"https:\/\/www.casavio.com\/da\/#\/schema\/logo\/image\/","url":"https:\/\/www.casavio.com\/wp-content\/uploads\/2024\/04\/favicon.png","contentUrl":"https:\/\/www.casavio.com\/wp-content\/uploads\/2024\/04\/favicon.png","width":144,"height":144,"caption":"Camping Ca'Savio"},"image":{"@id":"https:\/\/www.casavio.com\/da\/#\/schema\/logo\/image\/"},"sameAs":["https:\/\/www.facebook.com\/campingcasavio","https:\/\/www.instagram.com\/campingcasavio","https:\/\/www.youtube.com\/user\/campingcasavio"]}]}},"_links":{"self":[{"href":"https:\/\/www.casavio.com\/da\/wp-json\/wp\/v2\/pages\/9562","targetHints":{"allow":["GET"]}}],"collection":[{"href":"https:\/\/www.casavio.com\/da\/wp-json\/wp\/v2\/pages"}],"about":[{"href":"https:\/\/www.casavio.com\/da\/wp-json\/wp\/v2\/types\/page"}],"author":[{"embeddable":true,"href":"https:\/\/www.casavio.com\/da\/wp-json\/wp\/v2\/users\/3"}],"replies":[{"embeddable":true,"href":"https:\/\/www.casavio.com\/da\/wp-json\/wp\/v2\/comments?post=9562"}],"version-history":[{"count":2,"href":"https:\/\/www.casavio.com\/da\/wp-json\/wp\/v2\/pages\/9562\/revisions"}],"predecessor-version":[{"id":38279,"href":"https:\/\/www.casavio.com\/da\/wp-json\/wp\/v2\/pages\/9562\/revisions\/38279"}],"up":[{"embeddable":true,"href":"https:\/\/www.casavio.com\/da\/wp-json\/wp\/v2\/pages\/9557"}],"wp:featuredmedia":[{"embeddable":true,"href":"https:\/\/www.casavio.com\/da\/wp-json\/wp\/v2\/media\/3224"}],"wp:attachment":[{"href":"https:\/\/www.casavio.com\/da\/wp-json\/wp\/v2\/media?parent=9562"}],"curies":[{"name":"wp","href":"https:\/\/api.w.org\/{rel}","templated":true}]}}