{"id":9584,"date":"2019-11-07T11:05:57","date_gmt":"2019-11-07T10:05:57","guid":{"rendered":"https:\/\/www.casavio.com\/aktiviteter-paa-campingpladsen\/underholdning\/minigolf-ping-pong\/"},"modified":"2024-03-21T14:56:34","modified_gmt":"2024-03-21T13:56:34","slug":"minigolf-og-bordtennis","status":"publish","type":"page","link":"https:\/\/www.casavio.com\/da\/aktiviteter-paa-campingpladsen\/underholdning\/minigolf-og-bordtennis\/","title":{"rendered":"Minigolf og Bordtennis"},"content":{"rendered":"<p>Campingpladsens forlystelsespark ligger en kort g\u00e5tur fra <a href=\"https:\/\/www.casavio.com\/da\/faciliteter\/restauranter-ca-savio\/\">hovedrestauranten<\/a> og tilbyder en bred vifte af underholdningsmuligheder for hele familien. Et omr\u00e5de dedikeret til leg og sjov for b\u00f8rn og voksne, hvor du kan tilbringe nogle timers sjove stunder selv efter middagen.<\/p>\n","protected":false},"excerpt":{"rendered":"<p>Sjov af hele familien. Hvem vinder?<\/p>\n","protected":false},"author":3,"featured_media":3497,"parent":9577,"menu_order":62,"comment_status":"closed","ping_status":"closed","template":"","meta":{"_acf_changed":false},"class_list":["post-9584","page","type-page","status-publish","has-post-thumbnail","hentry"],"acf":[],"yoast_head":"<!-- This site is optimized with the Yoast SEO plugin v25.3 - https:\/\/yoast.com\/wordpress\/plugins\/seo\/ -->\n<title>Minigolf og Bordtennis p\u00e5 campingpladsen &#8211; Camping Ca&#039; Savio<\/title>\n<meta name=\"description\" content=\"Campingpladsens forlystelsespark ligger en kort g\u00e5tur fra hovedrestauranten og tilbyder en bred vifte af underholdningsmuligheder for hele familien. Et omr\u00e5de dedikeret til leg og sjov for b\u00f8rn og voksne, hvor du kan tilbringe nogle timers sjove stunder selv efter middagen.\" \/>\n<meta name=\"robots\" content=\"index, follow, max-snippet:-1, max-image-preview:large, max-video-preview:-1\" \/>\n<link rel=\"canonical\" href=\"https:\/\/www.casavio.com\/da\/aktiviteter-paa-campingpladsen\/underholdning\/minigolf-og-bordtennis\/\" \/>\n<meta property=\"og:locale\" content=\"da_DK\" \/>\n<meta property=\"og:type\" content=\"article\" \/>\n<meta property=\"og:title\" content=\"Minigolf og Bordtennis p\u00e5 campingpladsen &#8211; Camping Ca&#039; Savio\" \/>\n<meta property=\"og:description\" content=\"Campingpladsens forlystelsespark ligger en kort g\u00e5tur fra hovedrestauranten og tilbyder en bred vifte af underholdningsmuligheder for hele familien. Et omr\u00e5de dedikeret til leg og sjov for b\u00f8rn og voksne, hvor du kan tilbringe nogle timers sjove stunder selv efter middagen.\" \/>\n<meta property=\"og:url\" content=\"https:\/\/www.casavio.com\/da\/aktiviteter-paa-campingpladsen\/underholdning\/minigolf-og-bordtennis\/\" \/>\n<meta property=\"og:site_name\" content=\"Camping Ca&#039; Savio\" \/>\n<meta property=\"article:publisher\" content=\"https:\/\/www.facebook.com\/campingcasavio\" \/>\n<meta property=\"article:modified_time\" content=\"2024-03-21T13:56:34+00:00\" \/>\n<meta property=\"og:image\" content=\"https:\/\/www.casavio.com\/wp-content\/uploads\/2019\/11\/ca-savio-giochi-animazione-minigolf-box.jpg\" \/>\n\t<meta property=\"og:image:width\" content=\"440\" \/>\n\t<meta property=\"og:image:height\" content=\"600\" \/>\n\t<meta property=\"og:image:type\" content=\"image\/jpeg\" \/>\n<meta name=\"twitter:card\" content=\"summary_large_image\" \/>\n<meta name=\"twitter:label1\" content=\"Estimeret l\u00e6setid\" \/>\n\t<meta name=\"twitter:data1\" content=\"1 minut\" \/>\n<script type=\"application\/ld+json\" class=\"yoast-schema-graph\">{\"@context\":\"https:\/\/schema.org\",\"@graph\":[{\"@type\":\"WebPage\",\"@id\":\"https:\/\/www.casavio.com\/da\/aktiviteter-paa-campingpladsen\/underholdning\/minigolf-og-bordtennis\/\",\"url\":\"https:\/\/www.casavio.com\/da\/aktiviteter-paa-campingpladsen\/underholdning\/minigolf-og-bordtennis\/\",\"name\":\"Minigolf og Bordtennis p\u00e5 campingpladsen &#8211; Camping Ca&#039; Savio\",\"isPartOf\":{\"@id\":\"https:\/\/www.casavio.com\/da\/#website\"},\"primaryImageOfPage\":{\"@id\":\"https:\/\/www.casavio.com\/da\/aktiviteter-paa-campingpladsen\/underholdning\/minigolf-og-bordtennis\/#primaryimage\"},\"image\":{\"@id\":\"https:\/\/www.casavio.com\/da\/aktiviteter-paa-campingpladsen\/underholdning\/minigolf-og-bordtennis\/#primaryimage\"},\"thumbnailUrl\":\"https:\/\/www.casavio.com\/wp-content\/uploads\/2019\/11\/ca-savio-giochi-animazione-minigolf-box.jpg\",\"datePublished\":\"2019-11-07T10:05:57+00:00\",\"dateModified\":\"2024-03-21T13:56:34+00:00\",\"description\":\"Campingpladsens forlystelsespark ligger en kort g\u00e5tur fra hovedrestauranten og tilbyder en bred vifte af underholdningsmuligheder for hele familien. Et omr\u00e5de dedikeret til leg og sjov for b\u00f8rn og voksne, hvor du kan tilbringe nogle timers sjove stunder selv efter middagen.\",\"breadcrumb\":{\"@id\":\"https:\/\/www.casavio.com\/da\/aktiviteter-paa-campingpladsen\/underholdning\/minigolf-og-bordtennis\/#breadcrumb\"},\"inLanguage\":\"da-DK\",\"potentialAction\":[{\"@type\":\"ReadAction\",\"target\":[\"https:\/\/www.casavio.com\/da\/aktiviteter-paa-campingpladsen\/underholdning\/minigolf-og-bordtennis\/\"]}]},{\"@type\":\"ImageObject\",\"inLanguage\":\"da-DK\",\"@id\":\"https:\/\/www.casavio.com\/da\/aktiviteter-paa-campingpladsen\/underholdning\/minigolf-og-bordtennis\/#primaryimage\",\"url\":\"https:\/\/www.casavio.com\/wp-content\/uploads\/2019\/11\/ca-savio-giochi-animazione-minigolf-box.jpg\",\"contentUrl\":\"https:\/\/www.casavio.com\/wp-content\/uploads\/2019\/11\/ca-savio-giochi-animazione-minigolf-box.jpg\",\"width\":440,\"height\":600},{\"@type\":\"BreadcrumbList\",\"@id\":\"https:\/\/www.casavio.com\/da\/aktiviteter-paa-campingpladsen\/underholdning\/minigolf-og-bordtennis\/#breadcrumb\",\"itemListElement\":[{\"@type\":\"ListItem\",\"position\":1,\"name\":\"Home\",\"item\":\"https:\/\/www.casavio.com\/da\/\"},{\"@type\":\"ListItem\",\"position\":2,\"name\":\"Aktiviteter\",\"item\":\"https:\/\/www.casavio.com\/da\/aktiviteter-paa-campingpladsen\/\"},{\"@type\":\"ListItem\",\"position\":3,\"name\":\"Leg og underholdning\",\"item\":\"https:\/\/www.casavio.com\/da\/aktiviteter-paa-campingpladsen\/underholdning\/\"},{\"@type\":\"ListItem\",\"position\":4,\"name\":\"Minigolf og Bordtennis\"}]},{\"@type\":\"WebSite\",\"@id\":\"https:\/\/www.casavio.com\/da\/#website\",\"url\":\"https:\/\/www.casavio.com\/da\/\",\"name\":\"Camping Ca&#039; Savio\",\"description\":\"\",\"publisher\":{\"@id\":\"https:\/\/www.casavio.com\/da\/#organization\"},\"potentialAction\":[{\"@type\":\"SearchAction\",\"target\":{\"@type\":\"EntryPoint\",\"urlTemplate\":\"https:\/\/www.casavio.com\/da\/?s={search_term_string}\"},\"query-input\":{\"@type\":\"PropertyValueSpecification\",\"valueRequired\":true,\"valueName\":\"search_term_string\"}}],\"inLanguage\":\"da-DK\"},{\"@type\":\"Organization\",\"@id\":\"https:\/\/www.casavio.com\/da\/#organization\",\"name\":\"Camping Ca'Savio\",\"url\":\"https:\/\/www.casavio.com\/da\/\",\"logo\":{\"@type\":\"ImageObject\",\"inLanguage\":\"da-DK\",\"@id\":\"https:\/\/www.casavio.com\/da\/#\/schema\/logo\/image\/\",\"url\":\"https:\/\/www.casavio.com\/wp-content\/uploads\/2024\/04\/favicon.png\",\"contentUrl\":\"https:\/\/www.casavio.com\/wp-content\/uploads\/2024\/04\/favicon.png\",\"width\":144,\"height\":144,\"caption\":\"Camping Ca'Savio\"},\"image\":{\"@id\":\"https:\/\/www.casavio.com\/da\/#\/schema\/logo\/image\/\"},\"sameAs\":[\"https:\/\/www.facebook.com\/campingcasavio\",\"https:\/\/www.instagram.com\/campingcasavio\",\"https:\/\/www.youtube.com\/user\/campingcasavio\"]}]}<\/script>\n<!-- \/ Yoast SEO plugin. -->","yoast_head_json":{"title":"Minigolf og Bordtennis p\u00e5 campingpladsen &#8211; Camping Ca&#039; Savio","description":"Campingpladsens forlystelsespark ligger en kort g\u00e5tur fra hovedrestauranten og tilbyder en bred vifte af underholdningsmuligheder for hele familien. Et omr\u00e5de dedikeret til leg og sjov for b\u00f8rn og voksne, hvor du kan tilbringe nogle timers sjove stunder selv efter middagen.","robots":{"index":"index","follow":"follow","max-snippet":"max-snippet:-1","max-image-preview":"max-image-preview:large","max-video-preview":"max-video-preview:-1"},"canonical":"https:\/\/www.casavio.com\/da\/aktiviteter-paa-campingpladsen\/underholdning\/minigolf-og-bordtennis\/","og_locale":"da_DK","og_type":"article","og_title":"Minigolf og Bordtennis p\u00e5 campingpladsen &#8211; Camping Ca&#039; Savio","og_description":"Campingpladsens forlystelsespark ligger en kort g\u00e5tur fra hovedrestauranten og tilbyder en bred vifte af underholdningsmuligheder for hele familien. Et omr\u00e5de dedikeret til leg og sjov for b\u00f8rn og voksne, hvor du kan tilbringe nogle timers sjove stunder selv efter middagen.","og_url":"https:\/\/www.casavio.com\/da\/aktiviteter-paa-campingpladsen\/underholdning\/minigolf-og-bordtennis\/","og_site_name":"Camping Ca&#039; Savio","article_publisher":"https:\/\/www.facebook.com\/campingcasavio","article_modified_time":"2024-03-21T13:56:34+00:00","og_image":[{"width":440,"height":600,"url":"https:\/\/www.casavio.com\/wp-content\/uploads\/2019\/11\/ca-savio-giochi-animazione-minigolf-box.jpg","type":"image\/jpeg"}],"twitter_card":"summary_large_image","twitter_misc":{"Estimeret l\u00e6setid":"1 minut"},"schema":{"@context":"https:\/\/schema.org","@graph":[{"@type":"WebPage","@id":"https:\/\/www.casavio.com\/da\/aktiviteter-paa-campingpladsen\/underholdning\/minigolf-og-bordtennis\/","url":"https:\/\/www.casavio.com\/da\/aktiviteter-paa-campingpladsen\/underholdning\/minigolf-og-bordtennis\/","name":"Minigolf og Bordtennis p\u00e5 campingpladsen &#8211; Camping Ca&#039; Savio","isPartOf":{"@id":"https:\/\/www.casavio.com\/da\/#website"},"primaryImageOfPage":{"@id":"https:\/\/www.casavio.com\/da\/aktiviteter-paa-campingpladsen\/underholdning\/minigolf-og-bordtennis\/#primaryimage"},"image":{"@id":"https:\/\/www.casavio.com\/da\/aktiviteter-paa-campingpladsen\/underholdning\/minigolf-og-bordtennis\/#primaryimage"},"thumbnailUrl":"https:\/\/www.casavio.com\/wp-content\/uploads\/2019\/11\/ca-savio-giochi-animazione-minigolf-box.jpg","datePublished":"2019-11-07T10:05:57+00:00","dateModified":"2024-03-21T13:56:34+00:00","description":"Campingpladsens forlystelsespark ligger en kort g\u00e5tur fra hovedrestauranten og tilbyder en bred vifte af underholdningsmuligheder for hele familien. Et omr\u00e5de dedikeret til leg og sjov for b\u00f8rn og voksne, hvor du kan tilbringe nogle timers sjove stunder selv efter middagen.","breadcrumb":{"@id":"https:\/\/www.casavio.com\/da\/aktiviteter-paa-campingpladsen\/underholdning\/minigolf-og-bordtennis\/#breadcrumb"},"inLanguage":"da-DK","potentialAction":[{"@type":"ReadAction","target":["https:\/\/www.casavio.com\/da\/aktiviteter-paa-campingpladsen\/underholdning\/minigolf-og-bordtennis\/"]}]},{"@type":"ImageObject","inLanguage":"da-DK","@id":"https:\/\/www.casavio.com\/da\/aktiviteter-paa-campingpladsen\/underholdning\/minigolf-og-bordtennis\/#primaryimage","url":"https:\/\/www.casavio.com\/wp-content\/uploads\/2019\/11\/ca-savio-giochi-animazione-minigolf-box.jpg","contentUrl":"https:\/\/www.casavio.com\/wp-content\/uploads\/2019\/11\/ca-savio-giochi-animazione-minigolf-box.jpg","width":440,"height":600},{"@type":"BreadcrumbList","@id":"https:\/\/www.casavio.com\/da\/aktiviteter-paa-campingpladsen\/underholdning\/minigolf-og-bordtennis\/#breadcrumb","itemListElement":[{"@type":"ListItem","position":1,"name":"Home","item":"https:\/\/www.casavio.com\/da\/"},{"@type":"ListItem","position":2,"name":"Aktiviteter","item":"https:\/\/www.casavio.com\/da\/aktiviteter-paa-campingpladsen\/"},{"@type":"ListItem","position":3,"name":"Leg og underholdning","item":"https:\/\/www.casavio.com\/da\/aktiviteter-paa-campingpladsen\/underholdning\/"},{"@type":"ListItem","position":4,"name":"Minigolf og Bordtennis"}]},{"@type":"WebSite","@id":"https:\/\/www.casavio.com\/da\/#website","url":"https:\/\/www.casavio.com\/da\/","name":"Camping Ca&#039; Savio","description":"","publisher":{"@id":"https:\/\/www.casavio.com\/da\/#organization"},"potentialAction":[{"@type":"SearchAction","target":{"@type":"EntryPoint","urlTemplate":"https:\/\/www.casavio.com\/da\/?s={search_term_string}"},"query-input":{"@type":"PropertyValueSpecification","valueRequired":true,"valueName":"search_term_string"}}],"inLanguage":"da-DK"},{"@type":"Organization","@id":"https:\/\/www.casavio.com\/da\/#organization","name":"Camping Ca'Savio","url":"https:\/\/www.casavio.com\/da\/","logo":{"@type":"ImageObject","inLanguage":"da-DK","@id":"https:\/\/www.casavio.com\/da\/#\/schema\/logo\/image\/","url":"https:\/\/www.casavio.com\/wp-content\/uploads\/2024\/04\/favicon.png","contentUrl":"https:\/\/www.casavio.com\/wp-content\/uploads\/2024\/04\/favicon.png","width":144,"height":144,"caption":"Camping Ca'Savio"},"image":{"@id":"https:\/\/www.casavio.com\/da\/#\/schema\/logo\/image\/"},"sameAs":["https:\/\/www.facebook.com\/campingcasavio","https:\/\/www.instagram.com\/campingcasavio","https:\/\/www.youtube.com\/user\/campingcasavio"]}]}},"_links":{"self":[{"href":"https:\/\/www.casavio.com\/da\/wp-json\/wp\/v2\/pages\/9584","targetHints":{"allow":["GET"]}}],"collection":[{"href":"https:\/\/www.casavio.com\/da\/wp-json\/wp\/v2\/pages"}],"about":[{"href":"https:\/\/www.casavio.com\/da\/wp-json\/wp\/v2\/types\/page"}],"author":[{"embeddable":true,"href":"https:\/\/www.casavio.com\/da\/wp-json\/wp\/v2\/users\/3"}],"replies":[{"embeddable":true,"href":"https:\/\/www.casavio.com\/da\/wp-json\/wp\/v2\/comments?post=9584"}],"version-history":[{"count":2,"href":"https:\/\/www.casavio.com\/da\/wp-json\/wp\/v2\/pages\/9584\/revisions"}],"predecessor-version":[{"id":9585,"href":"https:\/\/www.casavio.com\/da\/wp-json\/wp\/v2\/pages\/9584\/revisions\/9585"}],"up":[{"embeddable":true,"href":"https:\/\/www.casavio.com\/da\/wp-json\/wp\/v2\/pages\/9577"}],"wp:featuredmedia":[{"embeddable":true,"href":"https:\/\/www.casavio.com\/da\/wp-json\/wp\/v2\/media\/3497"}],"wp:attachment":[{"href":"https:\/\/www.casavio.com\/da\/wp-json\/wp\/v2\/media?parent=9584"}],"curies":[{"name":"wp","href":"https:\/\/api.w.org\/{rel}","templated":true}]}}