{"id":9587,"date":"2019-11-07T11:08:55","date_gmt":"2019-11-07T10:08:55","guid":{"rendered":"https:\/\/www.casavio.com\/aktiviteter-paa-campingpladsen\/underholdning\/happy-disco\/"},"modified":"2026-02-10T12:11:53","modified_gmt":"2026-02-10T11:11:53","slug":"happy-disco","status":"publish","type":"page","link":"https:\/\/www.casavio.com\/da\/aktiviteter-paa-campingpladsen\/underholdning\/happy-disco\/","title":{"rendered":"Happy disco"},"content":{"rendered":"<p><strong>Scenen<\/strong>, der ligger i n\u00e6rheden af hovedrestauranten og <u><a href=\"https:\/\/www.casavio.com\/da\/aktiviteter-paa-campingpladsen\/underholdning\/miniclub\/\">MiniClub<\/a>,<\/u> er aftensamlingspunktet for mange familier, som samles her efter middagen for at tilbringe et par timer i selskab. Er du klar til at have det sjovt med vores erfarne <strong>flersprogede animatorer?<\/strong> \u00a0Masser af aktiviteter venter dig&#8230;<\/p>\n","protected":false},"excerpt":{"rendered":"<p>Kom og dans med os og vores playliste!<\/p>\n","protected":false},"author":3,"featured_media":14241,"parent":9577,"menu_order":63,"comment_status":"closed","ping_status":"closed","template":"","meta":{"_acf_changed":false},"class_list":["post-9587","page","type-page","status-publish","has-post-thumbnail","hentry"],"acf":[],"yoast_head":"<!-- This site is optimized with the Yoast SEO plugin v25.3 - https:\/\/yoast.com\/wordpress\/plugins\/seo\/ -->\n<title>Happy Disco: showene p\u00e5 campingpladsen &#8211; Camping Ca&#039; Savio<\/title>\n<meta name=\"description\" content=\"Happy Disco f\u00f8r aftenshowet er helt sikkert det foretrukne \u00f8jeblik for vores sm\u00e5 g\u00e6ster. Det m\u00e5 de ikke g\u00e5 glip af, for her kan de sl\u00e5 sig l\u00f8s til rytmen af musik og danse til alle sangene p\u00e5 vores playliste mens mor og far kigger p\u00e5.\" \/>\n<meta name=\"robots\" content=\"index, follow, max-snippet:-1, max-image-preview:large, max-video-preview:-1\" \/>\n<link rel=\"canonical\" href=\"https:\/\/www.casavio.com\/da\/aktiviteter-paa-campingpladsen\/underholdning\/happy-disco\/\" \/>\n<meta property=\"og:locale\" content=\"da_DK\" \/>\n<meta property=\"og:type\" content=\"article\" \/>\n<meta property=\"og:title\" content=\"Happy Disco: showene p\u00e5 campingpladsen &#8211; Camping Ca&#039; Savio\" \/>\n<meta property=\"og:description\" content=\"Happy Disco f\u00f8r aftenshowet er helt sikkert det foretrukne \u00f8jeblik for vores sm\u00e5 g\u00e6ster. Det m\u00e5 de ikke g\u00e5 glip af, for her kan de sl\u00e5 sig l\u00f8s til rytmen af musik og danse til alle sangene p\u00e5 vores playliste mens mor og far kigger p\u00e5.\" \/>\n<meta property=\"og:url\" content=\"https:\/\/www.casavio.com\/da\/aktiviteter-paa-campingpladsen\/underholdning\/happy-disco\/\" \/>\n<meta property=\"og:site_name\" content=\"Camping Ca&#039; Savio\" \/>\n<meta property=\"article:publisher\" content=\"https:\/\/www.facebook.com\/campingcasavio\" \/>\n<meta property=\"article:modified_time\" content=\"2026-02-10T11:11:53+00:00\" \/>\n<meta property=\"og:image\" content=\"https:\/\/www.casavio.com\/wp-content\/uploads\/2020\/10\/ca-savio-giochi-animazione-happydisco.jpg\" \/>\n\t<meta property=\"og:image:width\" content=\"440\" \/>\n\t<meta property=\"og:image:height\" content=\"600\" \/>\n\t<meta property=\"og:image:type\" content=\"image\/jpeg\" \/>\n<meta name=\"twitter:card\" content=\"summary_large_image\" \/>\n<meta name=\"twitter:label1\" content=\"Estimeret l\u00e6setid\" \/>\n\t<meta name=\"twitter:data1\" content=\"1 minut\" \/>\n<script type=\"application\/ld+json\" class=\"yoast-schema-graph\">{\"@context\":\"https:\/\/schema.org\",\"@graph\":[{\"@type\":\"WebPage\",\"@id\":\"https:\/\/www.casavio.com\/da\/aktiviteter-paa-campingpladsen\/underholdning\/happy-disco\/\",\"url\":\"https:\/\/www.casavio.com\/da\/aktiviteter-paa-campingpladsen\/underholdning\/happy-disco\/\",\"name\":\"Happy Disco: showene p\u00e5 campingpladsen &#8211; Camping Ca&#039; Savio\",\"isPartOf\":{\"@id\":\"https:\/\/www.casavio.com\/da\/#website\"},\"primaryImageOfPage\":{\"@id\":\"https:\/\/www.casavio.com\/da\/aktiviteter-paa-campingpladsen\/underholdning\/happy-disco\/#primaryimage\"},\"image\":{\"@id\":\"https:\/\/www.casavio.com\/da\/aktiviteter-paa-campingpladsen\/underholdning\/happy-disco\/#primaryimage\"},\"thumbnailUrl\":\"https:\/\/www.casavio.com\/wp-content\/uploads\/2020\/10\/ca-savio-giochi-animazione-happydisco.jpg\",\"datePublished\":\"2019-11-07T10:08:55+00:00\",\"dateModified\":\"2026-02-10T11:11:53+00:00\",\"description\":\"Happy Disco f\u00f8r aftenshowet er helt sikkert det foretrukne \u00f8jeblik for vores sm\u00e5 g\u00e6ster. Det m\u00e5 de ikke g\u00e5 glip af, for her kan de sl\u00e5 sig l\u00f8s til rytmen af musik og danse til alle sangene p\u00e5 vores playliste mens mor og far kigger p\u00e5.\",\"breadcrumb\":{\"@id\":\"https:\/\/www.casavio.com\/da\/aktiviteter-paa-campingpladsen\/underholdning\/happy-disco\/#breadcrumb\"},\"inLanguage\":\"da-DK\",\"potentialAction\":[{\"@type\":\"ReadAction\",\"target\":[\"https:\/\/www.casavio.com\/da\/aktiviteter-paa-campingpladsen\/underholdning\/happy-disco\/\"]}]},{\"@type\":\"ImageObject\",\"inLanguage\":\"da-DK\",\"@id\":\"https:\/\/www.casavio.com\/da\/aktiviteter-paa-campingpladsen\/underholdning\/happy-disco\/#primaryimage\",\"url\":\"https:\/\/www.casavio.com\/wp-content\/uploads\/2020\/10\/ca-savio-giochi-animazione-happydisco.jpg\",\"contentUrl\":\"https:\/\/www.casavio.com\/wp-content\/uploads\/2020\/10\/ca-savio-giochi-animazione-happydisco.jpg\",\"width\":440,\"height\":600},{\"@type\":\"BreadcrumbList\",\"@id\":\"https:\/\/www.casavio.com\/da\/aktiviteter-paa-campingpladsen\/underholdning\/happy-disco\/#breadcrumb\",\"itemListElement\":[{\"@type\":\"ListItem\",\"position\":1,\"name\":\"Home\",\"item\":\"https:\/\/www.casavio.com\/da\/\"},{\"@type\":\"ListItem\",\"position\":2,\"name\":\"Aktiviteter\",\"item\":\"https:\/\/www.casavio.com\/da\/aktiviteter-paa-campingpladsen\/\"},{\"@type\":\"ListItem\",\"position\":3,\"name\":\"Leg og underholdning\",\"item\":\"https:\/\/www.casavio.com\/da\/aktiviteter-paa-campingpladsen\/underholdning\/\"},{\"@type\":\"ListItem\",\"position\":4,\"name\":\"Happy disco\"}]},{\"@type\":\"WebSite\",\"@id\":\"https:\/\/www.casavio.com\/da\/#website\",\"url\":\"https:\/\/www.casavio.com\/da\/\",\"name\":\"Camping Ca&#039; Savio\",\"description\":\"\",\"publisher\":{\"@id\":\"https:\/\/www.casavio.com\/da\/#organization\"},\"potentialAction\":[{\"@type\":\"SearchAction\",\"target\":{\"@type\":\"EntryPoint\",\"urlTemplate\":\"https:\/\/www.casavio.com\/da\/?s={search_term_string}\"},\"query-input\":{\"@type\":\"PropertyValueSpecification\",\"valueRequired\":true,\"valueName\":\"search_term_string\"}}],\"inLanguage\":\"da-DK\"},{\"@type\":\"Organization\",\"@id\":\"https:\/\/www.casavio.com\/da\/#organization\",\"name\":\"Camping Ca'Savio\",\"url\":\"https:\/\/www.casavio.com\/da\/\",\"logo\":{\"@type\":\"ImageObject\",\"inLanguage\":\"da-DK\",\"@id\":\"https:\/\/www.casavio.com\/da\/#\/schema\/logo\/image\/\",\"url\":\"https:\/\/www.casavio.com\/wp-content\/uploads\/2024\/04\/favicon.png\",\"contentUrl\":\"https:\/\/www.casavio.com\/wp-content\/uploads\/2024\/04\/favicon.png\",\"width\":144,\"height\":144,\"caption\":\"Camping Ca'Savio\"},\"image\":{\"@id\":\"https:\/\/www.casavio.com\/da\/#\/schema\/logo\/image\/\"},\"sameAs\":[\"https:\/\/www.facebook.com\/campingcasavio\",\"https:\/\/www.instagram.com\/campingcasavio\",\"https:\/\/www.youtube.com\/user\/campingcasavio\"]}]}<\/script>\n<!-- \/ Yoast SEO plugin. -->","yoast_head_json":{"title":"Happy Disco: showene p\u00e5 campingpladsen &#8211; Camping Ca&#039; Savio","description":"Happy Disco f\u00f8r aftenshowet er helt sikkert det foretrukne \u00f8jeblik for vores sm\u00e5 g\u00e6ster. Det m\u00e5 de ikke g\u00e5 glip af, for her kan de sl\u00e5 sig l\u00f8s til rytmen af musik og danse til alle sangene p\u00e5 vores playliste mens mor og far kigger p\u00e5.","robots":{"index":"index","follow":"follow","max-snippet":"max-snippet:-1","max-image-preview":"max-image-preview:large","max-video-preview":"max-video-preview:-1"},"canonical":"https:\/\/www.casavio.com\/da\/aktiviteter-paa-campingpladsen\/underholdning\/happy-disco\/","og_locale":"da_DK","og_type":"article","og_title":"Happy Disco: showene p\u00e5 campingpladsen &#8211; Camping Ca&#039; Savio","og_description":"Happy Disco f\u00f8r aftenshowet er helt sikkert det foretrukne \u00f8jeblik for vores sm\u00e5 g\u00e6ster. Det m\u00e5 de ikke g\u00e5 glip af, for her kan de sl\u00e5 sig l\u00f8s til rytmen af musik og danse til alle sangene p\u00e5 vores playliste mens mor og far kigger p\u00e5.","og_url":"https:\/\/www.casavio.com\/da\/aktiviteter-paa-campingpladsen\/underholdning\/happy-disco\/","og_site_name":"Camping Ca&#039; Savio","article_publisher":"https:\/\/www.facebook.com\/campingcasavio","article_modified_time":"2026-02-10T11:11:53+00:00","og_image":[{"width":440,"height":600,"url":"https:\/\/www.casavio.com\/wp-content\/uploads\/2020\/10\/ca-savio-giochi-animazione-happydisco.jpg","type":"image\/jpeg"}],"twitter_card":"summary_large_image","twitter_misc":{"Estimeret l\u00e6setid":"1 minut"},"schema":{"@context":"https:\/\/schema.org","@graph":[{"@type":"WebPage","@id":"https:\/\/www.casavio.com\/da\/aktiviteter-paa-campingpladsen\/underholdning\/happy-disco\/","url":"https:\/\/www.casavio.com\/da\/aktiviteter-paa-campingpladsen\/underholdning\/happy-disco\/","name":"Happy Disco: showene p\u00e5 campingpladsen &#8211; Camping Ca&#039; Savio","isPartOf":{"@id":"https:\/\/www.casavio.com\/da\/#website"},"primaryImageOfPage":{"@id":"https:\/\/www.casavio.com\/da\/aktiviteter-paa-campingpladsen\/underholdning\/happy-disco\/#primaryimage"},"image":{"@id":"https:\/\/www.casavio.com\/da\/aktiviteter-paa-campingpladsen\/underholdning\/happy-disco\/#primaryimage"},"thumbnailUrl":"https:\/\/www.casavio.com\/wp-content\/uploads\/2020\/10\/ca-savio-giochi-animazione-happydisco.jpg","datePublished":"2019-11-07T10:08:55+00:00","dateModified":"2026-02-10T11:11:53+00:00","description":"Happy Disco f\u00f8r aftenshowet er helt sikkert det foretrukne \u00f8jeblik for vores sm\u00e5 g\u00e6ster. Det m\u00e5 de ikke g\u00e5 glip af, for her kan de sl\u00e5 sig l\u00f8s til rytmen af musik og danse til alle sangene p\u00e5 vores playliste mens mor og far kigger p\u00e5.","breadcrumb":{"@id":"https:\/\/www.casavio.com\/da\/aktiviteter-paa-campingpladsen\/underholdning\/happy-disco\/#breadcrumb"},"inLanguage":"da-DK","potentialAction":[{"@type":"ReadAction","target":["https:\/\/www.casavio.com\/da\/aktiviteter-paa-campingpladsen\/underholdning\/happy-disco\/"]}]},{"@type":"ImageObject","inLanguage":"da-DK","@id":"https:\/\/www.casavio.com\/da\/aktiviteter-paa-campingpladsen\/underholdning\/happy-disco\/#primaryimage","url":"https:\/\/www.casavio.com\/wp-content\/uploads\/2020\/10\/ca-savio-giochi-animazione-happydisco.jpg","contentUrl":"https:\/\/www.casavio.com\/wp-content\/uploads\/2020\/10\/ca-savio-giochi-animazione-happydisco.jpg","width":440,"height":600},{"@type":"BreadcrumbList","@id":"https:\/\/www.casavio.com\/da\/aktiviteter-paa-campingpladsen\/underholdning\/happy-disco\/#breadcrumb","itemListElement":[{"@type":"ListItem","position":1,"name":"Home","item":"https:\/\/www.casavio.com\/da\/"},{"@type":"ListItem","position":2,"name":"Aktiviteter","item":"https:\/\/www.casavio.com\/da\/aktiviteter-paa-campingpladsen\/"},{"@type":"ListItem","position":3,"name":"Leg og underholdning","item":"https:\/\/www.casavio.com\/da\/aktiviteter-paa-campingpladsen\/underholdning\/"},{"@type":"ListItem","position":4,"name":"Happy disco"}]},{"@type":"WebSite","@id":"https:\/\/www.casavio.com\/da\/#website","url":"https:\/\/www.casavio.com\/da\/","name":"Camping Ca&#039; Savio","description":"","publisher":{"@id":"https:\/\/www.casavio.com\/da\/#organization"},"potentialAction":[{"@type":"SearchAction","target":{"@type":"EntryPoint","urlTemplate":"https:\/\/www.casavio.com\/da\/?s={search_term_string}"},"query-input":{"@type":"PropertyValueSpecification","valueRequired":true,"valueName":"search_term_string"}}],"inLanguage":"da-DK"},{"@type":"Organization","@id":"https:\/\/www.casavio.com\/da\/#organization","name":"Camping Ca'Savio","url":"https:\/\/www.casavio.com\/da\/","logo":{"@type":"ImageObject","inLanguage":"da-DK","@id":"https:\/\/www.casavio.com\/da\/#\/schema\/logo\/image\/","url":"https:\/\/www.casavio.com\/wp-content\/uploads\/2024\/04\/favicon.png","contentUrl":"https:\/\/www.casavio.com\/wp-content\/uploads\/2024\/04\/favicon.png","width":144,"height":144,"caption":"Camping Ca'Savio"},"image":{"@id":"https:\/\/www.casavio.com\/da\/#\/schema\/logo\/image\/"},"sameAs":["https:\/\/www.facebook.com\/campingcasavio","https:\/\/www.instagram.com\/campingcasavio","https:\/\/www.youtube.com\/user\/campingcasavio"]}]}},"_links":{"self":[{"href":"https:\/\/www.casavio.com\/da\/wp-json\/wp\/v2\/pages\/9587","targetHints":{"allow":["GET"]}}],"collection":[{"href":"https:\/\/www.casavio.com\/da\/wp-json\/wp\/v2\/pages"}],"about":[{"href":"https:\/\/www.casavio.com\/da\/wp-json\/wp\/v2\/types\/page"}],"author":[{"embeddable":true,"href":"https:\/\/www.casavio.com\/da\/wp-json\/wp\/v2\/users\/3"}],"replies":[{"embeddable":true,"href":"https:\/\/www.casavio.com\/da\/wp-json\/wp\/v2\/comments?post=9587"}],"version-history":[{"count":2,"href":"https:\/\/www.casavio.com\/da\/wp-json\/wp\/v2\/pages\/9587\/revisions"}],"predecessor-version":[{"id":45952,"href":"https:\/\/www.casavio.com\/da\/wp-json\/wp\/v2\/pages\/9587\/revisions\/45952"}],"up":[{"embeddable":true,"href":"https:\/\/www.casavio.com\/da\/wp-json\/wp\/v2\/pages\/9577"}],"wp:featuredmedia":[{"embeddable":true,"href":"https:\/\/www.casavio.com\/da\/wp-json\/wp\/v2\/media\/14241"}],"wp:attachment":[{"href":"https:\/\/www.casavio.com\/da\/wp-json\/wp\/v2\/media?parent=9587"}],"curies":[{"name":"wp","href":"https:\/\/api.w.org\/{rel}","templated":true}]}}