{"id":9614,"date":"2019-11-07T11:12:54","date_gmt":"2019-11-07T10:12:54","guid":{"rendered":"https:\/\/www.casavio.com\/aktiviteter-paa-campingpladsen\/udflugter\/parco-acquatico-caribe-bay\/"},"modified":"2023-06-19T11:46:56","modified_gmt":"2023-06-19T09:46:56","slug":"caribe-bay-vandland","status":"publish","type":"page","link":"https:\/\/www.casavio.com\/da\/aktiviteter-paa-campingpladsen\/udflugter\/caribe-bay-vandland\/","title":{"rendered":"Caribe Bay Vandland"},"content":{"rendered":"<p><strong>Caribe Bay<\/strong> i Jesolo er blevet pr\u00e6mieret mange gange som den &#8220;bedste vandforlystelsespark i Italien&#8221;, og det er en \u00e6gte caribisk \u00f8 t\u00e6t p\u00e5 Venedig, en oase af sjov p\u00e5 s\u00e5 meget som 80.000 kvadratmeter, hvor du kan f\u00e5 en 360-graders underholdningsoplevelse, der passer til enhver alder (fra b\u00f8rn, til unge, til familier).<\/p>\n<p>I Caribe Bay finder du ikke det s\u00e6dvanlige vandland, men meget mere&#8230;<\/p>\n","protected":false},"excerpt":{"rendered":"<p>Den er blevet pr\u00e6mieret mange gange som den &#8220;bedste vandforlystelsespark i Italien&#8221;, og den er en \u00e6gte caribisk \u00f8 t\u00e6t p\u00e5 Venedig.<\/p>\n","protected":false},"author":3,"featured_media":23823,"parent":9591,"menu_order":71,"comment_status":"closed","ping_status":"closed","template":"","meta":{"_acf_changed":false},"class_list":["post-9614","page","type-page","status-publish","has-post-thumbnail","hentry"],"acf":[],"yoast_head":"<!-- This site is optimized with the Yoast SEO plugin v25.3 - https:\/\/yoast.com\/wordpress\/plugins\/seo\/ -->\n<title>Caribe Bay Vandland (Aqualandia): Billetrabat &#8211; Camping Ca&#039; Savio<\/title>\n<meta name=\"description\" content=\"Camping Ca&#039; Savio arrangerer udflugter til Caribe Bay (Aqualandia) til gl\u00e6de for dine b\u00f8rn. F\u00e5 en gratis adgangsbillet, se her hvordan! Kontakt os.\" \/>\n<meta name=\"robots\" content=\"index, follow, max-snippet:-1, max-image-preview:large, max-video-preview:-1\" \/>\n<link rel=\"canonical\" href=\"https:\/\/www.casavio.com\/da\/aktiviteter-paa-campingpladsen\/udflugter\/caribe-bay-vandland\/\" \/>\n<meta property=\"og:locale\" content=\"da_DK\" \/>\n<meta property=\"og:type\" content=\"article\" \/>\n<meta property=\"og:title\" content=\"Caribe Bay Vandland (Aqualandia): Billetrabat &#8211; Camping Ca&#039; Savio\" \/>\n<meta property=\"og:description\" content=\"Camping Ca&#039; Savio arrangerer udflugter til Caribe Bay (Aqualandia) til gl\u00e6de for dine b\u00f8rn. F\u00e5 en gratis adgangsbillet, se her hvordan! Kontakt os.\" \/>\n<meta property=\"og:url\" content=\"https:\/\/www.casavio.com\/da\/aktiviteter-paa-campingpladsen\/udflugter\/caribe-bay-vandland\/\" \/>\n<meta property=\"og:site_name\" content=\"Camping Ca&#039; Savio\" \/>\n<meta property=\"article:publisher\" content=\"https:\/\/www.facebook.com\/campingcasavio\" \/>\n<meta property=\"article:modified_time\" content=\"2023-06-19T09:46:56+00:00\" \/>\n<meta property=\"og:image\" content=\"https:\/\/www.casavio.com\/wp-content\/uploads\/2022\/06\/caribe-bay.jpg\" \/>\n\t<meta property=\"og:image:width\" content=\"440\" \/>\n\t<meta property=\"og:image:height\" content=\"600\" \/>\n\t<meta property=\"og:image:type\" content=\"image\/jpeg\" \/>\n<meta name=\"twitter:card\" content=\"summary_large_image\" \/>\n<meta name=\"twitter:label1\" content=\"Estimeret l\u00e6setid\" \/>\n\t<meta name=\"twitter:data1\" content=\"1 minut\" \/>\n<script type=\"application\/ld+json\" class=\"yoast-schema-graph\">{\"@context\":\"https:\/\/schema.org\",\"@graph\":[{\"@type\":\"WebPage\",\"@id\":\"https:\/\/www.casavio.com\/da\/aktiviteter-paa-campingpladsen\/udflugter\/caribe-bay-vandland\/\",\"url\":\"https:\/\/www.casavio.com\/da\/aktiviteter-paa-campingpladsen\/udflugter\/caribe-bay-vandland\/\",\"name\":\"Caribe Bay Vandland (Aqualandia): Billetrabat &#8211; Camping Ca&#039; Savio\",\"isPartOf\":{\"@id\":\"https:\/\/www.casavio.com\/da\/#website\"},\"primaryImageOfPage\":{\"@id\":\"https:\/\/www.casavio.com\/da\/aktiviteter-paa-campingpladsen\/udflugter\/caribe-bay-vandland\/#primaryimage\"},\"image\":{\"@id\":\"https:\/\/www.casavio.com\/da\/aktiviteter-paa-campingpladsen\/udflugter\/caribe-bay-vandland\/#primaryimage\"},\"thumbnailUrl\":\"https:\/\/www.casavio.com\/wp-content\/uploads\/2022\/06\/caribe-bay.jpg\",\"datePublished\":\"2019-11-07T10:12:54+00:00\",\"dateModified\":\"2023-06-19T09:46:56+00:00\",\"description\":\"Camping Ca' Savio arrangerer udflugter til Caribe Bay (Aqualandia) til gl\u00e6de for dine b\u00f8rn. F\u00e5 en gratis adgangsbillet, se her hvordan! Kontakt os.\",\"breadcrumb\":{\"@id\":\"https:\/\/www.casavio.com\/da\/aktiviteter-paa-campingpladsen\/udflugter\/caribe-bay-vandland\/#breadcrumb\"},\"inLanguage\":\"da-DK\",\"potentialAction\":[{\"@type\":\"ReadAction\",\"target\":[\"https:\/\/www.casavio.com\/da\/aktiviteter-paa-campingpladsen\/udflugter\/caribe-bay-vandland\/\"]}]},{\"@type\":\"ImageObject\",\"inLanguage\":\"da-DK\",\"@id\":\"https:\/\/www.casavio.com\/da\/aktiviteter-paa-campingpladsen\/udflugter\/caribe-bay-vandland\/#primaryimage\",\"url\":\"https:\/\/www.casavio.com\/wp-content\/uploads\/2022\/06\/caribe-bay.jpg\",\"contentUrl\":\"https:\/\/www.casavio.com\/wp-content\/uploads\/2022\/06\/caribe-bay.jpg\",\"width\":440,\"height\":600},{\"@type\":\"BreadcrumbList\",\"@id\":\"https:\/\/www.casavio.com\/da\/aktiviteter-paa-campingpladsen\/udflugter\/caribe-bay-vandland\/#breadcrumb\",\"itemListElement\":[{\"@type\":\"ListItem\",\"position\":1,\"name\":\"Home\",\"item\":\"https:\/\/www.casavio.com\/da\/\"},{\"@type\":\"ListItem\",\"position\":2,\"name\":\"Aktiviteter\",\"item\":\"https:\/\/www.casavio.com\/da\/aktiviteter-paa-campingpladsen\/\"},{\"@type\":\"ListItem\",\"position\":3,\"name\":\"Udflugter\",\"item\":\"https:\/\/www.casavio.com\/da\/aktiviteter-paa-campingpladsen\/udflugter\/\"},{\"@type\":\"ListItem\",\"position\":4,\"name\":\"Caribe Bay Vandland\"}]},{\"@type\":\"WebSite\",\"@id\":\"https:\/\/www.casavio.com\/da\/#website\",\"url\":\"https:\/\/www.casavio.com\/da\/\",\"name\":\"Camping Ca&#039; Savio\",\"description\":\"\",\"publisher\":{\"@id\":\"https:\/\/www.casavio.com\/da\/#organization\"},\"potentialAction\":[{\"@type\":\"SearchAction\",\"target\":{\"@type\":\"EntryPoint\",\"urlTemplate\":\"https:\/\/www.casavio.com\/da\/?s={search_term_string}\"},\"query-input\":{\"@type\":\"PropertyValueSpecification\",\"valueRequired\":true,\"valueName\":\"search_term_string\"}}],\"inLanguage\":\"da-DK\"},{\"@type\":\"Organization\",\"@id\":\"https:\/\/www.casavio.com\/da\/#organization\",\"name\":\"Camping Ca'Savio\",\"url\":\"https:\/\/www.casavio.com\/da\/\",\"logo\":{\"@type\":\"ImageObject\",\"inLanguage\":\"da-DK\",\"@id\":\"https:\/\/www.casavio.com\/da\/#\/schema\/logo\/image\/\",\"url\":\"https:\/\/www.casavio.com\/wp-content\/uploads\/2024\/04\/favicon.png\",\"contentUrl\":\"https:\/\/www.casavio.com\/wp-content\/uploads\/2024\/04\/favicon.png\",\"width\":144,\"height\":144,\"caption\":\"Camping Ca'Savio\"},\"image\":{\"@id\":\"https:\/\/www.casavio.com\/da\/#\/schema\/logo\/image\/\"},\"sameAs\":[\"https:\/\/www.facebook.com\/campingcasavio\",\"https:\/\/www.instagram.com\/campingcasavio\",\"https:\/\/www.youtube.com\/user\/campingcasavio\"]}]}<\/script>\n<!-- \/ Yoast SEO plugin. -->","yoast_head_json":{"title":"Caribe Bay Vandland (Aqualandia): Billetrabat &#8211; Camping Ca&#039; Savio","description":"Camping Ca' Savio arrangerer udflugter til Caribe Bay (Aqualandia) til gl\u00e6de for dine b\u00f8rn. F\u00e5 en gratis adgangsbillet, se her hvordan! Kontakt os.","robots":{"index":"index","follow":"follow","max-snippet":"max-snippet:-1","max-image-preview":"max-image-preview:large","max-video-preview":"max-video-preview:-1"},"canonical":"https:\/\/www.casavio.com\/da\/aktiviteter-paa-campingpladsen\/udflugter\/caribe-bay-vandland\/","og_locale":"da_DK","og_type":"article","og_title":"Caribe Bay Vandland (Aqualandia): Billetrabat &#8211; Camping Ca&#039; Savio","og_description":"Camping Ca' Savio arrangerer udflugter til Caribe Bay (Aqualandia) til gl\u00e6de for dine b\u00f8rn. F\u00e5 en gratis adgangsbillet, se her hvordan! Kontakt os.","og_url":"https:\/\/www.casavio.com\/da\/aktiviteter-paa-campingpladsen\/udflugter\/caribe-bay-vandland\/","og_site_name":"Camping Ca&#039; Savio","article_publisher":"https:\/\/www.facebook.com\/campingcasavio","article_modified_time":"2023-06-19T09:46:56+00:00","og_image":[{"width":440,"height":600,"url":"https:\/\/www.casavio.com\/wp-content\/uploads\/2022\/06\/caribe-bay.jpg","type":"image\/jpeg"}],"twitter_card":"summary_large_image","twitter_misc":{"Estimeret l\u00e6setid":"1 minut"},"schema":{"@context":"https:\/\/schema.org","@graph":[{"@type":"WebPage","@id":"https:\/\/www.casavio.com\/da\/aktiviteter-paa-campingpladsen\/udflugter\/caribe-bay-vandland\/","url":"https:\/\/www.casavio.com\/da\/aktiviteter-paa-campingpladsen\/udflugter\/caribe-bay-vandland\/","name":"Caribe Bay Vandland (Aqualandia): Billetrabat &#8211; Camping Ca&#039; Savio","isPartOf":{"@id":"https:\/\/www.casavio.com\/da\/#website"},"primaryImageOfPage":{"@id":"https:\/\/www.casavio.com\/da\/aktiviteter-paa-campingpladsen\/udflugter\/caribe-bay-vandland\/#primaryimage"},"image":{"@id":"https:\/\/www.casavio.com\/da\/aktiviteter-paa-campingpladsen\/udflugter\/caribe-bay-vandland\/#primaryimage"},"thumbnailUrl":"https:\/\/www.casavio.com\/wp-content\/uploads\/2022\/06\/caribe-bay.jpg","datePublished":"2019-11-07T10:12:54+00:00","dateModified":"2023-06-19T09:46:56+00:00","description":"Camping Ca' Savio arrangerer udflugter til Caribe Bay (Aqualandia) til gl\u00e6de for dine b\u00f8rn. F\u00e5 en gratis adgangsbillet, se her hvordan! Kontakt os.","breadcrumb":{"@id":"https:\/\/www.casavio.com\/da\/aktiviteter-paa-campingpladsen\/udflugter\/caribe-bay-vandland\/#breadcrumb"},"inLanguage":"da-DK","potentialAction":[{"@type":"ReadAction","target":["https:\/\/www.casavio.com\/da\/aktiviteter-paa-campingpladsen\/udflugter\/caribe-bay-vandland\/"]}]},{"@type":"ImageObject","inLanguage":"da-DK","@id":"https:\/\/www.casavio.com\/da\/aktiviteter-paa-campingpladsen\/udflugter\/caribe-bay-vandland\/#primaryimage","url":"https:\/\/www.casavio.com\/wp-content\/uploads\/2022\/06\/caribe-bay.jpg","contentUrl":"https:\/\/www.casavio.com\/wp-content\/uploads\/2022\/06\/caribe-bay.jpg","width":440,"height":600},{"@type":"BreadcrumbList","@id":"https:\/\/www.casavio.com\/da\/aktiviteter-paa-campingpladsen\/udflugter\/caribe-bay-vandland\/#breadcrumb","itemListElement":[{"@type":"ListItem","position":1,"name":"Home","item":"https:\/\/www.casavio.com\/da\/"},{"@type":"ListItem","position":2,"name":"Aktiviteter","item":"https:\/\/www.casavio.com\/da\/aktiviteter-paa-campingpladsen\/"},{"@type":"ListItem","position":3,"name":"Udflugter","item":"https:\/\/www.casavio.com\/da\/aktiviteter-paa-campingpladsen\/udflugter\/"},{"@type":"ListItem","position":4,"name":"Caribe Bay Vandland"}]},{"@type":"WebSite","@id":"https:\/\/www.casavio.com\/da\/#website","url":"https:\/\/www.casavio.com\/da\/","name":"Camping Ca&#039; Savio","description":"","publisher":{"@id":"https:\/\/www.casavio.com\/da\/#organization"},"potentialAction":[{"@type":"SearchAction","target":{"@type":"EntryPoint","urlTemplate":"https:\/\/www.casavio.com\/da\/?s={search_term_string}"},"query-input":{"@type":"PropertyValueSpecification","valueRequired":true,"valueName":"search_term_string"}}],"inLanguage":"da-DK"},{"@type":"Organization","@id":"https:\/\/www.casavio.com\/da\/#organization","name":"Camping Ca'Savio","url":"https:\/\/www.casavio.com\/da\/","logo":{"@type":"ImageObject","inLanguage":"da-DK","@id":"https:\/\/www.casavio.com\/da\/#\/schema\/logo\/image\/","url":"https:\/\/www.casavio.com\/wp-content\/uploads\/2024\/04\/favicon.png","contentUrl":"https:\/\/www.casavio.com\/wp-content\/uploads\/2024\/04\/favicon.png","width":144,"height":144,"caption":"Camping Ca'Savio"},"image":{"@id":"https:\/\/www.casavio.com\/da\/#\/schema\/logo\/image\/"},"sameAs":["https:\/\/www.facebook.com\/campingcasavio","https:\/\/www.instagram.com\/campingcasavio","https:\/\/www.youtube.com\/user\/campingcasavio"]}]}},"_links":{"self":[{"href":"https:\/\/www.casavio.com\/da\/wp-json\/wp\/v2\/pages\/9614","targetHints":{"allow":["GET"]}}],"collection":[{"href":"https:\/\/www.casavio.com\/da\/wp-json\/wp\/v2\/pages"}],"about":[{"href":"https:\/\/www.casavio.com\/da\/wp-json\/wp\/v2\/types\/page"}],"author":[{"embeddable":true,"href":"https:\/\/www.casavio.com\/da\/wp-json\/wp\/v2\/users\/3"}],"replies":[{"embeddable":true,"href":"https:\/\/www.casavio.com\/da\/wp-json\/wp\/v2\/comments?post=9614"}],"version-history":[{"count":2,"href":"https:\/\/www.casavio.com\/da\/wp-json\/wp\/v2\/pages\/9614\/revisions"}],"predecessor-version":[{"id":27953,"href":"https:\/\/www.casavio.com\/da\/wp-json\/wp\/v2\/pages\/9614\/revisions\/27953"}],"up":[{"embeddable":true,"href":"https:\/\/www.casavio.com\/da\/wp-json\/wp\/v2\/pages\/9591"}],"wp:featuredmedia":[{"embeddable":true,"href":"https:\/\/www.casavio.com\/da\/wp-json\/wp\/v2\/media\/23823"}],"wp:attachment":[{"href":"https:\/\/www.casavio.com\/da\/wp-json\/wp\/v2\/media?parent=9614"}],"curies":[{"name":"wp","href":"https:\/\/api.w.org\/{rel}","templated":true}]}}