{"id":9623,"date":"2019-11-07T11:13:48","date_gmt":"2019-11-07T10:13:48","guid":{"rendered":"https:\/\/www.casavio.com\/aktiviteter-paa-campingpladsen\/cykelture\/percorsi-semplici\/"},"modified":"2026-01-29T09:25:12","modified_gmt":"2026-01-29T08:25:12","slug":"simple-ruter","status":"publish","type":"page","link":"https:\/\/www.casavio.com\/da\/aktiviteter-paa-campingpladsen\/cykelture\/simple-ruter\/","title":{"rendered":"Simple ruter"},"content":{"rendered":"<p>I umiddelbar n\u00e6rhed af Camping Ca&#8217; Savio er der talrige cykelruter med <strong>en temmelig kort rute og lav sv\u00e6rhedsgrad, <\/strong>perfekt til at cykle selv med sm\u00e5b\u00f8rn. Ruterne er bygget p\u00e5 helt asfalterede veje, s\u00e5 du beh\u00f8ver ikke at bruge en mountainbike, men kun en bycykel. Hvis du foretr\u00e6kker det, kan du <a href=\"https:\/\/www.casavio.com\/da\/faciliteter\/ekstra-serviceydelser\/leje-af-cykler\/\">leje en cykel<\/a> p\u00e5 campingpladsen.<\/p>\n","protected":false},"excerpt":{"rendered":"<p>Meget enkle ruter, perfekt til hele familien.<\/p>\n","protected":false},"author":3,"featured_media":36099,"parent":9620,"menu_order":74,"comment_status":"closed","ping_status":"closed","template":"templates\/tpl-routes.php","meta":{"_acf_changed":false},"class_list":["post-9623","page","type-page","status-publish","has-post-thumbnail","hentry"],"acf":[],"yoast_head":"<!-- This site is optimized with the Yoast SEO plugin v25.3 - https:\/\/yoast.com\/wordpress\/plugins\/seo\/ -->\n<title>Nemme ruter, perfekt til hele familien &#8211; Camping Ca&#039; Savio<\/title>\n<meta name=\"description\" content=\"Omgivelserne til Camping Ca &#039;Savio tilbyder mange ret korte og lette rejseplaner, perfekt selv med b\u00f8rn.\" \/>\n<meta name=\"robots\" content=\"index, follow, max-snippet:-1, max-image-preview:large, max-video-preview:-1\" \/>\n<link rel=\"canonical\" href=\"https:\/\/www.casavio.com\/da\/aktiviteter-paa-campingpladsen\/cykelture\/simple-ruter\/\" \/>\n<meta property=\"og:locale\" content=\"da_DK\" \/>\n<meta property=\"og:type\" content=\"article\" \/>\n<meta property=\"og:title\" content=\"Nemme ruter, perfekt til hele familien &#8211; Camping Ca&#039; Savio\" \/>\n<meta property=\"og:description\" content=\"Omgivelserne til Camping Ca &#039;Savio tilbyder mange ret korte og lette rejseplaner, perfekt selv med b\u00f8rn.\" \/>\n<meta property=\"og:url\" content=\"https:\/\/www.casavio.com\/da\/aktiviteter-paa-campingpladsen\/cykelture\/simple-ruter\/\" \/>\n<meta property=\"og:site_name\" content=\"Camping Ca&#039; Savio\" \/>\n<meta property=\"article:publisher\" content=\"https:\/\/www.facebook.com\/campingcasavio\" \/>\n<meta property=\"article:modified_time\" content=\"2026-01-29T08:25:12+00:00\" \/>\n<meta property=\"og:image\" content=\"https:\/\/www.casavio.com\/wp-content\/uploads\/2024\/10\/cicloturismo_v.jpg\" \/>\n\t<meta property=\"og:image:width\" content=\"440\" \/>\n\t<meta property=\"og:image:height\" content=\"600\" \/>\n\t<meta property=\"og:image:type\" content=\"image\/jpeg\" \/>\n<meta name=\"twitter:card\" content=\"summary_large_image\" \/>\n<meta name=\"twitter:label1\" content=\"Estimeret l\u00e6setid\" \/>\n\t<meta name=\"twitter:data1\" content=\"1 minut\" \/>\n<script type=\"application\/ld+json\" class=\"yoast-schema-graph\">{\"@context\":\"https:\/\/schema.org\",\"@graph\":[{\"@type\":\"WebPage\",\"@id\":\"https:\/\/www.casavio.com\/da\/aktiviteter-paa-campingpladsen\/cykelture\/simple-ruter\/\",\"url\":\"https:\/\/www.casavio.com\/da\/aktiviteter-paa-campingpladsen\/cykelture\/simple-ruter\/\",\"name\":\"Nemme ruter, perfekt til hele familien &#8211; Camping Ca&#039; Savio\",\"isPartOf\":{\"@id\":\"https:\/\/www.casavio.com\/da\/#website\"},\"primaryImageOfPage\":{\"@id\":\"https:\/\/www.casavio.com\/da\/aktiviteter-paa-campingpladsen\/cykelture\/simple-ruter\/#primaryimage\"},\"image\":{\"@id\":\"https:\/\/www.casavio.com\/da\/aktiviteter-paa-campingpladsen\/cykelture\/simple-ruter\/#primaryimage\"},\"thumbnailUrl\":\"https:\/\/www.casavio.com\/wp-content\/uploads\/2024\/10\/cicloturismo_v.jpg\",\"datePublished\":\"2019-11-07T10:13:48+00:00\",\"dateModified\":\"2026-01-29T08:25:12+00:00\",\"description\":\"Omgivelserne til Camping Ca 'Savio tilbyder mange ret korte og lette rejseplaner, perfekt selv med b\u00f8rn.\",\"breadcrumb\":{\"@id\":\"https:\/\/www.casavio.com\/da\/aktiviteter-paa-campingpladsen\/cykelture\/simple-ruter\/#breadcrumb\"},\"inLanguage\":\"da-DK\",\"potentialAction\":[{\"@type\":\"ReadAction\",\"target\":[\"https:\/\/www.casavio.com\/da\/aktiviteter-paa-campingpladsen\/cykelture\/simple-ruter\/\"]}]},{\"@type\":\"ImageObject\",\"inLanguage\":\"da-DK\",\"@id\":\"https:\/\/www.casavio.com\/da\/aktiviteter-paa-campingpladsen\/cykelture\/simple-ruter\/#primaryimage\",\"url\":\"https:\/\/www.casavio.com\/wp-content\/uploads\/2024\/10\/cicloturismo_v.jpg\",\"contentUrl\":\"https:\/\/www.casavio.com\/wp-content\/uploads\/2024\/10\/cicloturismo_v.jpg\",\"width\":440,\"height\":600},{\"@type\":\"BreadcrumbList\",\"@id\":\"https:\/\/www.casavio.com\/da\/aktiviteter-paa-campingpladsen\/cykelture\/simple-ruter\/#breadcrumb\",\"itemListElement\":[{\"@type\":\"ListItem\",\"position\":1,\"name\":\"Home\",\"item\":\"https:\/\/www.casavio.com\/da\/\"},{\"@type\":\"ListItem\",\"position\":2,\"name\":\"Aktiviteter\",\"item\":\"https:\/\/www.casavio.com\/da\/aktiviteter-paa-campingpladsen\/\"},{\"@type\":\"ListItem\",\"position\":3,\"name\":\"Cykelture\",\"item\":\"https:\/\/www.casavio.com\/da\/aktiviteter-paa-campingpladsen\/cykelture\/\"},{\"@type\":\"ListItem\",\"position\":4,\"name\":\"Simple ruter\"}]},{\"@type\":\"WebSite\",\"@id\":\"https:\/\/www.casavio.com\/da\/#website\",\"url\":\"https:\/\/www.casavio.com\/da\/\",\"name\":\"Camping Ca&#039; Savio\",\"description\":\"\",\"publisher\":{\"@id\":\"https:\/\/www.casavio.com\/da\/#organization\"},\"potentialAction\":[{\"@type\":\"SearchAction\",\"target\":{\"@type\":\"EntryPoint\",\"urlTemplate\":\"https:\/\/www.casavio.com\/da\/?s={search_term_string}\"},\"query-input\":{\"@type\":\"PropertyValueSpecification\",\"valueRequired\":true,\"valueName\":\"search_term_string\"}}],\"inLanguage\":\"da-DK\"},{\"@type\":\"Organization\",\"@id\":\"https:\/\/www.casavio.com\/da\/#organization\",\"name\":\"Camping Ca'Savio\",\"url\":\"https:\/\/www.casavio.com\/da\/\",\"logo\":{\"@type\":\"ImageObject\",\"inLanguage\":\"da-DK\",\"@id\":\"https:\/\/www.casavio.com\/da\/#\/schema\/logo\/image\/\",\"url\":\"https:\/\/www.casavio.com\/wp-content\/uploads\/2024\/04\/favicon.png\",\"contentUrl\":\"https:\/\/www.casavio.com\/wp-content\/uploads\/2024\/04\/favicon.png\",\"width\":144,\"height\":144,\"caption\":\"Camping Ca'Savio\"},\"image\":{\"@id\":\"https:\/\/www.casavio.com\/da\/#\/schema\/logo\/image\/\"},\"sameAs\":[\"https:\/\/www.facebook.com\/campingcasavio\",\"https:\/\/www.instagram.com\/campingcasavio\",\"https:\/\/www.youtube.com\/user\/campingcasavio\"]}]}<\/script>\n<!-- \/ Yoast SEO plugin. -->","yoast_head_json":{"title":"Nemme ruter, perfekt til hele familien &#8211; Camping Ca&#039; Savio","description":"Omgivelserne til Camping Ca 'Savio tilbyder mange ret korte og lette rejseplaner, perfekt selv med b\u00f8rn.","robots":{"index":"index","follow":"follow","max-snippet":"max-snippet:-1","max-image-preview":"max-image-preview:large","max-video-preview":"max-video-preview:-1"},"canonical":"https:\/\/www.casavio.com\/da\/aktiviteter-paa-campingpladsen\/cykelture\/simple-ruter\/","og_locale":"da_DK","og_type":"article","og_title":"Nemme ruter, perfekt til hele familien &#8211; Camping Ca&#039; Savio","og_description":"Omgivelserne til Camping Ca 'Savio tilbyder mange ret korte og lette rejseplaner, perfekt selv med b\u00f8rn.","og_url":"https:\/\/www.casavio.com\/da\/aktiviteter-paa-campingpladsen\/cykelture\/simple-ruter\/","og_site_name":"Camping Ca&#039; Savio","article_publisher":"https:\/\/www.facebook.com\/campingcasavio","article_modified_time":"2026-01-29T08:25:12+00:00","og_image":[{"width":440,"height":600,"url":"https:\/\/www.casavio.com\/wp-content\/uploads\/2024\/10\/cicloturismo_v.jpg","type":"image\/jpeg"}],"twitter_card":"summary_large_image","twitter_misc":{"Estimeret l\u00e6setid":"1 minut"},"schema":{"@context":"https:\/\/schema.org","@graph":[{"@type":"WebPage","@id":"https:\/\/www.casavio.com\/da\/aktiviteter-paa-campingpladsen\/cykelture\/simple-ruter\/","url":"https:\/\/www.casavio.com\/da\/aktiviteter-paa-campingpladsen\/cykelture\/simple-ruter\/","name":"Nemme ruter, perfekt til hele familien &#8211; Camping Ca&#039; Savio","isPartOf":{"@id":"https:\/\/www.casavio.com\/da\/#website"},"primaryImageOfPage":{"@id":"https:\/\/www.casavio.com\/da\/aktiviteter-paa-campingpladsen\/cykelture\/simple-ruter\/#primaryimage"},"image":{"@id":"https:\/\/www.casavio.com\/da\/aktiviteter-paa-campingpladsen\/cykelture\/simple-ruter\/#primaryimage"},"thumbnailUrl":"https:\/\/www.casavio.com\/wp-content\/uploads\/2024\/10\/cicloturismo_v.jpg","datePublished":"2019-11-07T10:13:48+00:00","dateModified":"2026-01-29T08:25:12+00:00","description":"Omgivelserne til Camping Ca 'Savio tilbyder mange ret korte og lette rejseplaner, perfekt selv med b\u00f8rn.","breadcrumb":{"@id":"https:\/\/www.casavio.com\/da\/aktiviteter-paa-campingpladsen\/cykelture\/simple-ruter\/#breadcrumb"},"inLanguage":"da-DK","potentialAction":[{"@type":"ReadAction","target":["https:\/\/www.casavio.com\/da\/aktiviteter-paa-campingpladsen\/cykelture\/simple-ruter\/"]}]},{"@type":"ImageObject","inLanguage":"da-DK","@id":"https:\/\/www.casavio.com\/da\/aktiviteter-paa-campingpladsen\/cykelture\/simple-ruter\/#primaryimage","url":"https:\/\/www.casavio.com\/wp-content\/uploads\/2024\/10\/cicloturismo_v.jpg","contentUrl":"https:\/\/www.casavio.com\/wp-content\/uploads\/2024\/10\/cicloturismo_v.jpg","width":440,"height":600},{"@type":"BreadcrumbList","@id":"https:\/\/www.casavio.com\/da\/aktiviteter-paa-campingpladsen\/cykelture\/simple-ruter\/#breadcrumb","itemListElement":[{"@type":"ListItem","position":1,"name":"Home","item":"https:\/\/www.casavio.com\/da\/"},{"@type":"ListItem","position":2,"name":"Aktiviteter","item":"https:\/\/www.casavio.com\/da\/aktiviteter-paa-campingpladsen\/"},{"@type":"ListItem","position":3,"name":"Cykelture","item":"https:\/\/www.casavio.com\/da\/aktiviteter-paa-campingpladsen\/cykelture\/"},{"@type":"ListItem","position":4,"name":"Simple ruter"}]},{"@type":"WebSite","@id":"https:\/\/www.casavio.com\/da\/#website","url":"https:\/\/www.casavio.com\/da\/","name":"Camping Ca&#039; Savio","description":"","publisher":{"@id":"https:\/\/www.casavio.com\/da\/#organization"},"potentialAction":[{"@type":"SearchAction","target":{"@type":"EntryPoint","urlTemplate":"https:\/\/www.casavio.com\/da\/?s={search_term_string}"},"query-input":{"@type":"PropertyValueSpecification","valueRequired":true,"valueName":"search_term_string"}}],"inLanguage":"da-DK"},{"@type":"Organization","@id":"https:\/\/www.casavio.com\/da\/#organization","name":"Camping Ca'Savio","url":"https:\/\/www.casavio.com\/da\/","logo":{"@type":"ImageObject","inLanguage":"da-DK","@id":"https:\/\/www.casavio.com\/da\/#\/schema\/logo\/image\/","url":"https:\/\/www.casavio.com\/wp-content\/uploads\/2024\/04\/favicon.png","contentUrl":"https:\/\/www.casavio.com\/wp-content\/uploads\/2024\/04\/favicon.png","width":144,"height":144,"caption":"Camping Ca'Savio"},"image":{"@id":"https:\/\/www.casavio.com\/da\/#\/schema\/logo\/image\/"},"sameAs":["https:\/\/www.facebook.com\/campingcasavio","https:\/\/www.instagram.com\/campingcasavio","https:\/\/www.youtube.com\/user\/campingcasavio"]}]}},"_links":{"self":[{"href":"https:\/\/www.casavio.com\/da\/wp-json\/wp\/v2\/pages\/9623","targetHints":{"allow":["GET"]}}],"collection":[{"href":"https:\/\/www.casavio.com\/da\/wp-json\/wp\/v2\/pages"}],"about":[{"href":"https:\/\/www.casavio.com\/da\/wp-json\/wp\/v2\/types\/page"}],"author":[{"embeddable":true,"href":"https:\/\/www.casavio.com\/da\/wp-json\/wp\/v2\/users\/3"}],"replies":[{"embeddable":true,"href":"https:\/\/www.casavio.com\/da\/wp-json\/wp\/v2\/comments?post=9623"}],"version-history":[{"count":1,"href":"https:\/\/www.casavio.com\/da\/wp-json\/wp\/v2\/pages\/9623\/revisions"}],"predecessor-version":[{"id":45627,"href":"https:\/\/www.casavio.com\/da\/wp-json\/wp\/v2\/pages\/9623\/revisions\/45627"}],"up":[{"embeddable":true,"href":"https:\/\/www.casavio.com\/da\/wp-json\/wp\/v2\/pages\/9620"}],"wp:featuredmedia":[{"embeddable":true,"href":"https:\/\/www.casavio.com\/da\/wp-json\/wp\/v2\/media\/36099"}],"wp:attachment":[{"href":"https:\/\/www.casavio.com\/da\/wp-json\/wp\/v2\/media?parent=9623"}],"curies":[{"name":"wp","href":"https:\/\/api.w.org\/{rel}","templated":true}]}}