{"id":9626,"date":"2019-11-07T11:14:36","date_gmt":"2019-11-07T10:14:36","guid":{"rendered":"https:\/\/www.casavio.com\/aktiviteter-paa-campingpladsen\/cykelture\/percorsi-difficolta-media\/"},"modified":"2026-01-21T11:44:21","modified_gmt":"2026-01-21T10:44:21","slug":"medium-lav-svaerhedsgrad-ruter","status":"publish","type":"page","link":"https:\/\/www.casavio.com\/da\/aktiviteter-paa-campingpladsen\/cykelture\/medium-lav-svaerhedsgrad-ruter\/","title":{"rendered":"Medium-lav sv\u00e6rhedsgrad ruter"},"content":{"rendered":"<p>Der er mange cykelruter, der snor sig p\u00e5 grusveje langs floderne i omr\u00e5det, s\u00e5 cyklisten <strong>fuldt ud kan at opleve naturen.<\/strong><\/p>\n<p>Vanskeligheden ved de foresl\u00e5ede cykelruter er stadig medium-lav og er velegnet til familier med b\u00f8rn og unge, der er sikre p\u00e5 cyklen.<\/p>\n<p>Hvis du foretr\u00e6kker det, kan du <a href=\"https:\/\/www.casavio.com\/da\/faciliteter\/ekstra-serviceydelser\/leje-af-cykler\/\">leje en cykel<\/a> p\u00e5 campingpladsen.<\/p>\n<p>&nbsp;<\/p>\n<p>&nbsp;<\/p>\n","protected":false},"excerpt":{"rendered":"<p>Medium-lav sv\u00e6rhedsgrad ruter, for familier med \u00e6ldre b\u00f8rn.<\/p>\n","protected":false},"author":3,"featured_media":36115,"parent":9620,"menu_order":75,"comment_status":"closed","ping_status":"closed","template":"templates\/tpl-routes.php","meta":{"_acf_changed":false},"class_list":["post-9626","page","type-page","status-publish","has-post-thumbnail","hentry"],"acf":[],"yoast_head":"<!-- This site is optimized with the Yoast SEO plugin v25.3 - https:\/\/yoast.com\/wordpress\/plugins\/seo\/ -->\n<title>Mellemlange vanskeligheder for familier med \u00e6ldre b\u00f8rn &#8211; Camping Ca&#039; Savio<\/title>\n<meta name=\"description\" content=\"De foresl\u00e5ede rejseplaner er velegnede til familier med b\u00f8rn og b\u00f8rn, der er helt bekendt med cyklen.\" \/>\n<meta name=\"robots\" content=\"index, follow, max-snippet:-1, max-image-preview:large, max-video-preview:-1\" \/>\n<link rel=\"canonical\" href=\"https:\/\/www.casavio.com\/da\/aktiviteter-paa-campingpladsen\/cykelture\/medium-lav-svaerhedsgrad-ruter\/\" \/>\n<meta property=\"og:locale\" content=\"da_DK\" \/>\n<meta property=\"og:type\" content=\"article\" \/>\n<meta property=\"og:title\" content=\"Mellemlange vanskeligheder for familier med \u00e6ldre b\u00f8rn &#8211; Camping Ca&#039; Savio\" \/>\n<meta property=\"og:description\" content=\"De foresl\u00e5ede rejseplaner er velegnede til familier med b\u00f8rn og b\u00f8rn, der er helt bekendt med cyklen.\" \/>\n<meta property=\"og:url\" content=\"https:\/\/www.casavio.com\/da\/aktiviteter-paa-campingpladsen\/cykelture\/medium-lav-svaerhedsgrad-ruter\/\" \/>\n<meta property=\"og:site_name\" content=\"Camping Ca&#039; Savio\" \/>\n<meta property=\"article:publisher\" content=\"https:\/\/www.facebook.com\/campingcasavio\" \/>\n<meta property=\"article:modified_time\" content=\"2026-01-21T10:44:21+00:00\" \/>\n<meta property=\"og:image\" content=\"https:\/\/www.casavio.com\/wp-content\/uploads\/2024\/10\/cicloturismo_cavallino.jpg\" \/>\n\t<meta property=\"og:image:width\" content=\"440\" \/>\n\t<meta property=\"og:image:height\" content=\"600\" \/>\n\t<meta property=\"og:image:type\" content=\"image\/jpeg\" \/>\n<meta name=\"twitter:card\" content=\"summary_large_image\" \/>\n<meta name=\"twitter:label1\" content=\"Estimeret l\u00e6setid\" \/>\n\t<meta name=\"twitter:data1\" content=\"1 minut\" \/>\n<script type=\"application\/ld+json\" class=\"yoast-schema-graph\">{\"@context\":\"https:\/\/schema.org\",\"@graph\":[{\"@type\":\"WebPage\",\"@id\":\"https:\/\/www.casavio.com\/da\/aktiviteter-paa-campingpladsen\/cykelture\/medium-lav-svaerhedsgrad-ruter\/\",\"url\":\"https:\/\/www.casavio.com\/da\/aktiviteter-paa-campingpladsen\/cykelture\/medium-lav-svaerhedsgrad-ruter\/\",\"name\":\"Mellemlange vanskeligheder for familier med \u00e6ldre b\u00f8rn &#8211; Camping Ca&#039; Savio\",\"isPartOf\":{\"@id\":\"https:\/\/www.casavio.com\/da\/#website\"},\"primaryImageOfPage\":{\"@id\":\"https:\/\/www.casavio.com\/da\/aktiviteter-paa-campingpladsen\/cykelture\/medium-lav-svaerhedsgrad-ruter\/#primaryimage\"},\"image\":{\"@id\":\"https:\/\/www.casavio.com\/da\/aktiviteter-paa-campingpladsen\/cykelture\/medium-lav-svaerhedsgrad-ruter\/#primaryimage\"},\"thumbnailUrl\":\"https:\/\/www.casavio.com\/wp-content\/uploads\/2024\/10\/cicloturismo_cavallino.jpg\",\"datePublished\":\"2019-11-07T10:14:36+00:00\",\"dateModified\":\"2026-01-21T10:44:21+00:00\",\"description\":\"De foresl\u00e5ede rejseplaner er velegnede til familier med b\u00f8rn og b\u00f8rn, der er helt bekendt med cyklen.\",\"breadcrumb\":{\"@id\":\"https:\/\/www.casavio.com\/da\/aktiviteter-paa-campingpladsen\/cykelture\/medium-lav-svaerhedsgrad-ruter\/#breadcrumb\"},\"inLanguage\":\"da-DK\",\"potentialAction\":[{\"@type\":\"ReadAction\",\"target\":[\"https:\/\/www.casavio.com\/da\/aktiviteter-paa-campingpladsen\/cykelture\/medium-lav-svaerhedsgrad-ruter\/\"]}]},{\"@type\":\"ImageObject\",\"inLanguage\":\"da-DK\",\"@id\":\"https:\/\/www.casavio.com\/da\/aktiviteter-paa-campingpladsen\/cykelture\/medium-lav-svaerhedsgrad-ruter\/#primaryimage\",\"url\":\"https:\/\/www.casavio.com\/wp-content\/uploads\/2024\/10\/cicloturismo_cavallino.jpg\",\"contentUrl\":\"https:\/\/www.casavio.com\/wp-content\/uploads\/2024\/10\/cicloturismo_cavallino.jpg\",\"width\":440,\"height\":600},{\"@type\":\"BreadcrumbList\",\"@id\":\"https:\/\/www.casavio.com\/da\/aktiviteter-paa-campingpladsen\/cykelture\/medium-lav-svaerhedsgrad-ruter\/#breadcrumb\",\"itemListElement\":[{\"@type\":\"ListItem\",\"position\":1,\"name\":\"Home\",\"item\":\"https:\/\/www.casavio.com\/da\/\"},{\"@type\":\"ListItem\",\"position\":2,\"name\":\"Aktiviteter\",\"item\":\"https:\/\/www.casavio.com\/da\/aktiviteter-paa-campingpladsen\/\"},{\"@type\":\"ListItem\",\"position\":3,\"name\":\"Cykelture\",\"item\":\"https:\/\/www.casavio.com\/da\/aktiviteter-paa-campingpladsen\/cykelture\/\"},{\"@type\":\"ListItem\",\"position\":4,\"name\":\"Medium-lav sv\u00e6rhedsgrad ruter\"}]},{\"@type\":\"WebSite\",\"@id\":\"https:\/\/www.casavio.com\/da\/#website\",\"url\":\"https:\/\/www.casavio.com\/da\/\",\"name\":\"Camping Ca&#039; Savio\",\"description\":\"\",\"publisher\":{\"@id\":\"https:\/\/www.casavio.com\/da\/#organization\"},\"potentialAction\":[{\"@type\":\"SearchAction\",\"target\":{\"@type\":\"EntryPoint\",\"urlTemplate\":\"https:\/\/www.casavio.com\/da\/?s={search_term_string}\"},\"query-input\":{\"@type\":\"PropertyValueSpecification\",\"valueRequired\":true,\"valueName\":\"search_term_string\"}}],\"inLanguage\":\"da-DK\"},{\"@type\":\"Organization\",\"@id\":\"https:\/\/www.casavio.com\/da\/#organization\",\"name\":\"Camping Ca'Savio\",\"url\":\"https:\/\/www.casavio.com\/da\/\",\"logo\":{\"@type\":\"ImageObject\",\"inLanguage\":\"da-DK\",\"@id\":\"https:\/\/www.casavio.com\/da\/#\/schema\/logo\/image\/\",\"url\":\"https:\/\/www.casavio.com\/wp-content\/uploads\/2024\/04\/favicon.png\",\"contentUrl\":\"https:\/\/www.casavio.com\/wp-content\/uploads\/2024\/04\/favicon.png\",\"width\":144,\"height\":144,\"caption\":\"Camping Ca'Savio\"},\"image\":{\"@id\":\"https:\/\/www.casavio.com\/da\/#\/schema\/logo\/image\/\"},\"sameAs\":[\"https:\/\/www.facebook.com\/campingcasavio\",\"https:\/\/www.instagram.com\/campingcasavio\",\"https:\/\/www.youtube.com\/user\/campingcasavio\"]}]}<\/script>\n<!-- \/ Yoast SEO plugin. -->","yoast_head_json":{"title":"Mellemlange vanskeligheder for familier med \u00e6ldre b\u00f8rn &#8211; Camping Ca&#039; Savio","description":"De foresl\u00e5ede rejseplaner er velegnede til familier med b\u00f8rn og b\u00f8rn, der er helt bekendt med cyklen.","robots":{"index":"index","follow":"follow","max-snippet":"max-snippet:-1","max-image-preview":"max-image-preview:large","max-video-preview":"max-video-preview:-1"},"canonical":"https:\/\/www.casavio.com\/da\/aktiviteter-paa-campingpladsen\/cykelture\/medium-lav-svaerhedsgrad-ruter\/","og_locale":"da_DK","og_type":"article","og_title":"Mellemlange vanskeligheder for familier med \u00e6ldre b\u00f8rn &#8211; Camping Ca&#039; Savio","og_description":"De foresl\u00e5ede rejseplaner er velegnede til familier med b\u00f8rn og b\u00f8rn, der er helt bekendt med cyklen.","og_url":"https:\/\/www.casavio.com\/da\/aktiviteter-paa-campingpladsen\/cykelture\/medium-lav-svaerhedsgrad-ruter\/","og_site_name":"Camping Ca&#039; Savio","article_publisher":"https:\/\/www.facebook.com\/campingcasavio","article_modified_time":"2026-01-21T10:44:21+00:00","og_image":[{"width":440,"height":600,"url":"https:\/\/www.casavio.com\/wp-content\/uploads\/2024\/10\/cicloturismo_cavallino.jpg","type":"image\/jpeg"}],"twitter_card":"summary_large_image","twitter_misc":{"Estimeret l\u00e6setid":"1 minut"},"schema":{"@context":"https:\/\/schema.org","@graph":[{"@type":"WebPage","@id":"https:\/\/www.casavio.com\/da\/aktiviteter-paa-campingpladsen\/cykelture\/medium-lav-svaerhedsgrad-ruter\/","url":"https:\/\/www.casavio.com\/da\/aktiviteter-paa-campingpladsen\/cykelture\/medium-lav-svaerhedsgrad-ruter\/","name":"Mellemlange vanskeligheder for familier med \u00e6ldre b\u00f8rn &#8211; Camping Ca&#039; Savio","isPartOf":{"@id":"https:\/\/www.casavio.com\/da\/#website"},"primaryImageOfPage":{"@id":"https:\/\/www.casavio.com\/da\/aktiviteter-paa-campingpladsen\/cykelture\/medium-lav-svaerhedsgrad-ruter\/#primaryimage"},"image":{"@id":"https:\/\/www.casavio.com\/da\/aktiviteter-paa-campingpladsen\/cykelture\/medium-lav-svaerhedsgrad-ruter\/#primaryimage"},"thumbnailUrl":"https:\/\/www.casavio.com\/wp-content\/uploads\/2024\/10\/cicloturismo_cavallino.jpg","datePublished":"2019-11-07T10:14:36+00:00","dateModified":"2026-01-21T10:44:21+00:00","description":"De foresl\u00e5ede rejseplaner er velegnede til familier med b\u00f8rn og b\u00f8rn, der er helt bekendt med cyklen.","breadcrumb":{"@id":"https:\/\/www.casavio.com\/da\/aktiviteter-paa-campingpladsen\/cykelture\/medium-lav-svaerhedsgrad-ruter\/#breadcrumb"},"inLanguage":"da-DK","potentialAction":[{"@type":"ReadAction","target":["https:\/\/www.casavio.com\/da\/aktiviteter-paa-campingpladsen\/cykelture\/medium-lav-svaerhedsgrad-ruter\/"]}]},{"@type":"ImageObject","inLanguage":"da-DK","@id":"https:\/\/www.casavio.com\/da\/aktiviteter-paa-campingpladsen\/cykelture\/medium-lav-svaerhedsgrad-ruter\/#primaryimage","url":"https:\/\/www.casavio.com\/wp-content\/uploads\/2024\/10\/cicloturismo_cavallino.jpg","contentUrl":"https:\/\/www.casavio.com\/wp-content\/uploads\/2024\/10\/cicloturismo_cavallino.jpg","width":440,"height":600},{"@type":"BreadcrumbList","@id":"https:\/\/www.casavio.com\/da\/aktiviteter-paa-campingpladsen\/cykelture\/medium-lav-svaerhedsgrad-ruter\/#breadcrumb","itemListElement":[{"@type":"ListItem","position":1,"name":"Home","item":"https:\/\/www.casavio.com\/da\/"},{"@type":"ListItem","position":2,"name":"Aktiviteter","item":"https:\/\/www.casavio.com\/da\/aktiviteter-paa-campingpladsen\/"},{"@type":"ListItem","position":3,"name":"Cykelture","item":"https:\/\/www.casavio.com\/da\/aktiviteter-paa-campingpladsen\/cykelture\/"},{"@type":"ListItem","position":4,"name":"Medium-lav sv\u00e6rhedsgrad ruter"}]},{"@type":"WebSite","@id":"https:\/\/www.casavio.com\/da\/#website","url":"https:\/\/www.casavio.com\/da\/","name":"Camping Ca&#039; Savio","description":"","publisher":{"@id":"https:\/\/www.casavio.com\/da\/#organization"},"potentialAction":[{"@type":"SearchAction","target":{"@type":"EntryPoint","urlTemplate":"https:\/\/www.casavio.com\/da\/?s={search_term_string}"},"query-input":{"@type":"PropertyValueSpecification","valueRequired":true,"valueName":"search_term_string"}}],"inLanguage":"da-DK"},{"@type":"Organization","@id":"https:\/\/www.casavio.com\/da\/#organization","name":"Camping Ca'Savio","url":"https:\/\/www.casavio.com\/da\/","logo":{"@type":"ImageObject","inLanguage":"da-DK","@id":"https:\/\/www.casavio.com\/da\/#\/schema\/logo\/image\/","url":"https:\/\/www.casavio.com\/wp-content\/uploads\/2024\/04\/favicon.png","contentUrl":"https:\/\/www.casavio.com\/wp-content\/uploads\/2024\/04\/favicon.png","width":144,"height":144,"caption":"Camping Ca'Savio"},"image":{"@id":"https:\/\/www.casavio.com\/da\/#\/schema\/logo\/image\/"},"sameAs":["https:\/\/www.facebook.com\/campingcasavio","https:\/\/www.instagram.com\/campingcasavio","https:\/\/www.youtube.com\/user\/campingcasavio"]}]}},"_links":{"self":[{"href":"https:\/\/www.casavio.com\/da\/wp-json\/wp\/v2\/pages\/9626","targetHints":{"allow":["GET"]}}],"collection":[{"href":"https:\/\/www.casavio.com\/da\/wp-json\/wp\/v2\/pages"}],"about":[{"href":"https:\/\/www.casavio.com\/da\/wp-json\/wp\/v2\/types\/page"}],"author":[{"embeddable":true,"href":"https:\/\/www.casavio.com\/da\/wp-json\/wp\/v2\/users\/3"}],"replies":[{"embeddable":true,"href":"https:\/\/www.casavio.com\/da\/wp-json\/wp\/v2\/comments?post=9626"}],"version-history":[{"count":2,"href":"https:\/\/www.casavio.com\/da\/wp-json\/wp\/v2\/pages\/9626\/revisions"}],"predecessor-version":[{"id":45579,"href":"https:\/\/www.casavio.com\/da\/wp-json\/wp\/v2\/pages\/9626\/revisions\/45579"}],"up":[{"embeddable":true,"href":"https:\/\/www.casavio.com\/da\/wp-json\/wp\/v2\/pages\/9620"}],"wp:featuredmedia":[{"embeddable":true,"href":"https:\/\/www.casavio.com\/da\/wp-json\/wp\/v2\/media\/36115"}],"wp:attachment":[{"href":"https:\/\/www.casavio.com\/da\/wp-json\/wp\/v2\/media?parent=9626"}],"curies":[{"name":"wp","href":"https:\/\/api.w.org\/{rel}","templated":true}]}}