{"id":9635,"date":"2019-11-07T11:17:29","date_gmt":"2019-11-07T10:17:29","guid":{"rendered":"https:\/\/www.casavio.com\/i-naerheden\/cavallino-e-laguna\/"},"modified":"2020-03-11T16:40:40","modified_gmt":"2020-03-11T15:40:40","slug":"cavallino-treporti-og-lagunen","status":"publish","type":"page","link":"https:\/\/www.casavio.com\/da\/i-naerheden\/cavallino-treporti-og-lagunen\/","title":{"rendered":"Cavallino-Treporti og lagunen"},"content":{"rendered":"<p>En tynd stribe jord mellem havet og lagunen, hvis s\u00e6regenhed skal opleves. Her giver vi dig nogle retningslinjer for at udforske dette s\u00e6rlige omr\u00e5de, fra de \u00e6ldste traditioner til de h\u00f8jt elskede begivenheder i dag, s\u00e5som Beach on Fire.<\/p>\n","protected":false},"excerpt":{"rendered":"<p>Suggestive landsbyer p\u00e5 gr\u00e6nsen mellem lagunen og landet med markeder og typiske produkter.<\/p>\n","protected":false},"author":3,"featured_media":4437,"parent":9632,"menu_order":78,"comment_status":"closed","ping_status":"closed","template":"templates\/tpl-children-with-intro.php","meta":{"_acf_changed":false},"class_list":["post-9635","page","type-page","status-publish","has-post-thumbnail","hentry"],"acf":[],"yoast_head":"<!-- This site is optimized with the Yoast SEO plugin v25.3 - https:\/\/yoast.com\/wordpress\/plugins\/seo\/ -->\n<title>Bes\u00f8g Cavallino Treporti. Oplevelser og historie &#8211; Camping Ca&#039; Savio<\/title>\n<meta name=\"description\" content=\"Cavallino Treporti er ogs\u00e5 kultur, historie og tradition. Udflugter og bes\u00f8g for at l\u00e6re dit feriested bedre at kende. F\u00e5 oplysninger i receptionen.\" \/>\n<meta name=\"robots\" content=\"index, follow, max-snippet:-1, max-image-preview:large, max-video-preview:-1\" \/>\n<link rel=\"canonical\" href=\"https:\/\/www.casavio.com\/da\/i-naerheden\/cavallino-treporti-og-lagunen\/\" \/>\n<meta property=\"og:locale\" content=\"da_DK\" \/>\n<meta property=\"og:type\" content=\"article\" \/>\n<meta property=\"og:title\" content=\"Bes\u00f8g Cavallino Treporti. Oplevelser og historie &#8211; Camping Ca&#039; Savio\" \/>\n<meta property=\"og:description\" content=\"Cavallino Treporti er ogs\u00e5 kultur, historie og tradition. Udflugter og bes\u00f8g for at l\u00e6re dit feriested bedre at kende. F\u00e5 oplysninger i receptionen.\" \/>\n<meta property=\"og:url\" content=\"https:\/\/www.casavio.com\/da\/i-naerheden\/cavallino-treporti-og-lagunen\/\" \/>\n<meta property=\"og:site_name\" content=\"Camping Ca&#039; Savio\" \/>\n<meta property=\"article:publisher\" content=\"https:\/\/www.facebook.com\/campingcasavio\" \/>\n<meta property=\"article:modified_time\" content=\"2020-03-11T15:40:40+00:00\" \/>\n<meta property=\"og:image\" content=\"https:\/\/www.casavio.com\/wp-content\/uploads\/2019\/11\/ca-savio-territorio-cavallino.jpg\" \/>\n\t<meta property=\"og:image:width\" content=\"440\" \/>\n\t<meta property=\"og:image:height\" content=\"600\" \/>\n\t<meta property=\"og:image:type\" content=\"image\/jpeg\" \/>\n<meta name=\"twitter:card\" content=\"summary_large_image\" \/>\n<script type=\"application\/ld+json\" class=\"yoast-schema-graph\">{\"@context\":\"https:\/\/schema.org\",\"@graph\":[{\"@type\":\"WebPage\",\"@id\":\"https:\/\/www.casavio.com\/da\/i-naerheden\/cavallino-treporti-og-lagunen\/\",\"url\":\"https:\/\/www.casavio.com\/da\/i-naerheden\/cavallino-treporti-og-lagunen\/\",\"name\":\"Bes\u00f8g Cavallino Treporti. Oplevelser og historie &#8211; Camping Ca&#039; Savio\",\"isPartOf\":{\"@id\":\"https:\/\/www.casavio.com\/da\/#website\"},\"primaryImageOfPage\":{\"@id\":\"https:\/\/www.casavio.com\/da\/i-naerheden\/cavallino-treporti-og-lagunen\/#primaryimage\"},\"image\":{\"@id\":\"https:\/\/www.casavio.com\/da\/i-naerheden\/cavallino-treporti-og-lagunen\/#primaryimage\"},\"thumbnailUrl\":\"https:\/\/www.casavio.com\/wp-content\/uploads\/2019\/11\/ca-savio-territorio-cavallino.jpg\",\"datePublished\":\"2019-11-07T10:17:29+00:00\",\"dateModified\":\"2020-03-11T15:40:40+00:00\",\"description\":\"Cavallino Treporti er ogs\u00e5 kultur, historie og tradition. Udflugter og bes\u00f8g for at l\u00e6re dit feriested bedre at kende. F\u00e5 oplysninger i receptionen.\",\"breadcrumb\":{\"@id\":\"https:\/\/www.casavio.com\/da\/i-naerheden\/cavallino-treporti-og-lagunen\/#breadcrumb\"},\"inLanguage\":\"da-DK\",\"potentialAction\":[{\"@type\":\"ReadAction\",\"target\":[\"https:\/\/www.casavio.com\/da\/i-naerheden\/cavallino-treporti-og-lagunen\/\"]}]},{\"@type\":\"ImageObject\",\"inLanguage\":\"da-DK\",\"@id\":\"https:\/\/www.casavio.com\/da\/i-naerheden\/cavallino-treporti-og-lagunen\/#primaryimage\",\"url\":\"https:\/\/www.casavio.com\/wp-content\/uploads\/2019\/11\/ca-savio-territorio-cavallino.jpg\",\"contentUrl\":\"https:\/\/www.casavio.com\/wp-content\/uploads\/2019\/11\/ca-savio-territorio-cavallino.jpg\",\"width\":440,\"height\":600},{\"@type\":\"BreadcrumbList\",\"@id\":\"https:\/\/www.casavio.com\/da\/i-naerheden\/cavallino-treporti-og-lagunen\/#breadcrumb\",\"itemListElement\":[{\"@type\":\"ListItem\",\"position\":1,\"name\":\"Home\",\"item\":\"https:\/\/www.casavio.com\/da\/\"},{\"@type\":\"ListItem\",\"position\":2,\"name\":\"I n\u00e6rheden\",\"item\":\"https:\/\/www.casavio.com\/da\/i-naerheden\/\"},{\"@type\":\"ListItem\",\"position\":3,\"name\":\"Cavallino-Treporti og lagunen\"}]},{\"@type\":\"WebSite\",\"@id\":\"https:\/\/www.casavio.com\/da\/#website\",\"url\":\"https:\/\/www.casavio.com\/da\/\",\"name\":\"Camping Ca&#039; Savio\",\"description\":\"\",\"publisher\":{\"@id\":\"https:\/\/www.casavio.com\/da\/#organization\"},\"potentialAction\":[{\"@type\":\"SearchAction\",\"target\":{\"@type\":\"EntryPoint\",\"urlTemplate\":\"https:\/\/www.casavio.com\/da\/?s={search_term_string}\"},\"query-input\":{\"@type\":\"PropertyValueSpecification\",\"valueRequired\":true,\"valueName\":\"search_term_string\"}}],\"inLanguage\":\"da-DK\"},{\"@type\":\"Organization\",\"@id\":\"https:\/\/www.casavio.com\/da\/#organization\",\"name\":\"Camping Ca'Savio\",\"url\":\"https:\/\/www.casavio.com\/da\/\",\"logo\":{\"@type\":\"ImageObject\",\"inLanguage\":\"da-DK\",\"@id\":\"https:\/\/www.casavio.com\/da\/#\/schema\/logo\/image\/\",\"url\":\"https:\/\/www.casavio.com\/wp-content\/uploads\/2024\/04\/favicon.png\",\"contentUrl\":\"https:\/\/www.casavio.com\/wp-content\/uploads\/2024\/04\/favicon.png\",\"width\":144,\"height\":144,\"caption\":\"Camping Ca'Savio\"},\"image\":{\"@id\":\"https:\/\/www.casavio.com\/da\/#\/schema\/logo\/image\/\"},\"sameAs\":[\"https:\/\/www.facebook.com\/campingcasavio\",\"https:\/\/www.instagram.com\/campingcasavio\",\"https:\/\/www.youtube.com\/user\/campingcasavio\"]}]}<\/script>\n<!-- \/ Yoast SEO plugin. -->","yoast_head_json":{"title":"Bes\u00f8g Cavallino Treporti. Oplevelser og historie &#8211; Camping Ca&#039; Savio","description":"Cavallino Treporti er ogs\u00e5 kultur, historie og tradition. Udflugter og bes\u00f8g for at l\u00e6re dit feriested bedre at kende. F\u00e5 oplysninger i receptionen.","robots":{"index":"index","follow":"follow","max-snippet":"max-snippet:-1","max-image-preview":"max-image-preview:large","max-video-preview":"max-video-preview:-1"},"canonical":"https:\/\/www.casavio.com\/da\/i-naerheden\/cavallino-treporti-og-lagunen\/","og_locale":"da_DK","og_type":"article","og_title":"Bes\u00f8g Cavallino Treporti. Oplevelser og historie &#8211; Camping Ca&#039; Savio","og_description":"Cavallino Treporti er ogs\u00e5 kultur, historie og tradition. Udflugter og bes\u00f8g for at l\u00e6re dit feriested bedre at kende. F\u00e5 oplysninger i receptionen.","og_url":"https:\/\/www.casavio.com\/da\/i-naerheden\/cavallino-treporti-og-lagunen\/","og_site_name":"Camping Ca&#039; Savio","article_publisher":"https:\/\/www.facebook.com\/campingcasavio","article_modified_time":"2020-03-11T15:40:40+00:00","og_image":[{"width":440,"height":600,"url":"https:\/\/www.casavio.com\/wp-content\/uploads\/2019\/11\/ca-savio-territorio-cavallino.jpg","type":"image\/jpeg"}],"twitter_card":"summary_large_image","schema":{"@context":"https:\/\/schema.org","@graph":[{"@type":"WebPage","@id":"https:\/\/www.casavio.com\/da\/i-naerheden\/cavallino-treporti-og-lagunen\/","url":"https:\/\/www.casavio.com\/da\/i-naerheden\/cavallino-treporti-og-lagunen\/","name":"Bes\u00f8g Cavallino Treporti. Oplevelser og historie &#8211; Camping Ca&#039; Savio","isPartOf":{"@id":"https:\/\/www.casavio.com\/da\/#website"},"primaryImageOfPage":{"@id":"https:\/\/www.casavio.com\/da\/i-naerheden\/cavallino-treporti-og-lagunen\/#primaryimage"},"image":{"@id":"https:\/\/www.casavio.com\/da\/i-naerheden\/cavallino-treporti-og-lagunen\/#primaryimage"},"thumbnailUrl":"https:\/\/www.casavio.com\/wp-content\/uploads\/2019\/11\/ca-savio-territorio-cavallino.jpg","datePublished":"2019-11-07T10:17:29+00:00","dateModified":"2020-03-11T15:40:40+00:00","description":"Cavallino Treporti er ogs\u00e5 kultur, historie og tradition. Udflugter og bes\u00f8g for at l\u00e6re dit feriested bedre at kende. F\u00e5 oplysninger i receptionen.","breadcrumb":{"@id":"https:\/\/www.casavio.com\/da\/i-naerheden\/cavallino-treporti-og-lagunen\/#breadcrumb"},"inLanguage":"da-DK","potentialAction":[{"@type":"ReadAction","target":["https:\/\/www.casavio.com\/da\/i-naerheden\/cavallino-treporti-og-lagunen\/"]}]},{"@type":"ImageObject","inLanguage":"da-DK","@id":"https:\/\/www.casavio.com\/da\/i-naerheden\/cavallino-treporti-og-lagunen\/#primaryimage","url":"https:\/\/www.casavio.com\/wp-content\/uploads\/2019\/11\/ca-savio-territorio-cavallino.jpg","contentUrl":"https:\/\/www.casavio.com\/wp-content\/uploads\/2019\/11\/ca-savio-territorio-cavallino.jpg","width":440,"height":600},{"@type":"BreadcrumbList","@id":"https:\/\/www.casavio.com\/da\/i-naerheden\/cavallino-treporti-og-lagunen\/#breadcrumb","itemListElement":[{"@type":"ListItem","position":1,"name":"Home","item":"https:\/\/www.casavio.com\/da\/"},{"@type":"ListItem","position":2,"name":"I n\u00e6rheden","item":"https:\/\/www.casavio.com\/da\/i-naerheden\/"},{"@type":"ListItem","position":3,"name":"Cavallino-Treporti og lagunen"}]},{"@type":"WebSite","@id":"https:\/\/www.casavio.com\/da\/#website","url":"https:\/\/www.casavio.com\/da\/","name":"Camping Ca&#039; Savio","description":"","publisher":{"@id":"https:\/\/www.casavio.com\/da\/#organization"},"potentialAction":[{"@type":"SearchAction","target":{"@type":"EntryPoint","urlTemplate":"https:\/\/www.casavio.com\/da\/?s={search_term_string}"},"query-input":{"@type":"PropertyValueSpecification","valueRequired":true,"valueName":"search_term_string"}}],"inLanguage":"da-DK"},{"@type":"Organization","@id":"https:\/\/www.casavio.com\/da\/#organization","name":"Camping Ca'Savio","url":"https:\/\/www.casavio.com\/da\/","logo":{"@type":"ImageObject","inLanguage":"da-DK","@id":"https:\/\/www.casavio.com\/da\/#\/schema\/logo\/image\/","url":"https:\/\/www.casavio.com\/wp-content\/uploads\/2024\/04\/favicon.png","contentUrl":"https:\/\/www.casavio.com\/wp-content\/uploads\/2024\/04\/favicon.png","width":144,"height":144,"caption":"Camping Ca'Savio"},"image":{"@id":"https:\/\/www.casavio.com\/da\/#\/schema\/logo\/image\/"},"sameAs":["https:\/\/www.facebook.com\/campingcasavio","https:\/\/www.instagram.com\/campingcasavio","https:\/\/www.youtube.com\/user\/campingcasavio"]}]}},"_links":{"self":[{"href":"https:\/\/www.casavio.com\/da\/wp-json\/wp\/v2\/pages\/9635","targetHints":{"allow":["GET"]}}],"collection":[{"href":"https:\/\/www.casavio.com\/da\/wp-json\/wp\/v2\/pages"}],"about":[{"href":"https:\/\/www.casavio.com\/da\/wp-json\/wp\/v2\/types\/page"}],"author":[{"embeddable":true,"href":"https:\/\/www.casavio.com\/da\/wp-json\/wp\/v2\/users\/3"}],"replies":[{"embeddable":true,"href":"https:\/\/www.casavio.com\/da\/wp-json\/wp\/v2\/comments?post=9635"}],"version-history":[{"count":1,"href":"https:\/\/www.casavio.com\/da\/wp-json\/wp\/v2\/pages\/9635\/revisions"}],"predecessor-version":[{"id":9636,"href":"https:\/\/www.casavio.com\/da\/wp-json\/wp\/v2\/pages\/9635\/revisions\/9636"}],"up":[{"embeddable":true,"href":"https:\/\/www.casavio.com\/da\/wp-json\/wp\/v2\/pages\/9632"}],"wp:featuredmedia":[{"embeddable":true,"href":"https:\/\/www.casavio.com\/da\/wp-json\/wp\/v2\/media\/4437"}],"wp:attachment":[{"href":"https:\/\/www.casavio.com\/da\/wp-json\/wp\/v2\/media?parent=9635"}],"curies":[{"name":"wp","href":"https:\/\/api.w.org\/{rel}","templated":true}]}}