{"id":9637,"date":"2019-11-26T11:53:00","date_gmt":"2019-11-26T10:53:00","guid":{"rendered":"https:\/\/www.casavio.com\/i-naerheden\/cavallino-treporti-og-lagunen\/beach-on-fire-al-ca-savio\/"},"modified":"2025-04-03T10:55:59","modified_gmt":"2025-04-03T08:55:59","slug":"beach-on-fire-paa-ca-savio","status":"publish","type":"page","link":"https:\/\/www.casavio.com\/da\/i-naerheden\/cavallino-treporti-og-lagunen\/beach-on-fire-paa-ca-savio\/","title":{"rendered":"Beach on Fire p\u00e5 Ca&#8217; Savio"},"content":{"rendered":"<p>Cavallino Treportis mest popul\u00e6re begivenhed om sommeren er absolut Beach on Fire.<\/p>\n<p>Beach on Fire er meget mere end blot fyrv\u00e6rkeri, det er en reel begivenhed, der ikke findes andre steder, og som tiltr\u00e6kker tusindvis af bes\u00f8gende fra alle hj\u00f8rner af Italien og Europa.<\/p>\n<p>Beach on Fire er et sp\u00e6ndende, atmosf\u00e6risk show og&#8230; lige til Guinness rekordbog (det er ikke for ingenting er det kendt som <strong>det l\u00e6ngste fyrv\u00e6rkerishow i verden).<\/strong> \u00a0Himlen <strong>over den 13 km kystlinje Cavallino Treporti<\/strong> er oplyst af tusinder og atter tusinder af fyrv\u00e6rkeri \/ raketter, i perfekt synkroni, af et dusin stationer spredt i en r\u00e6kke strategiske punkter mellem Punta Sabbioni og Fyrt\u00e5rnet i Cavallino. Resultatet af dette utrolige synkrone fyrv\u00e6rkeri er forbl\u00f8ffende for at sige det mildt. Himlen i Cavallino Treporti bliver til et l\u00e6rred om natten med vidunderlige lyssekvenser og stemningsfulde spil af lys.<\/p>\n<p>Beach on Fire er en af de mest popul\u00e6re og elskede begivenheder p\u00e5 den venetianske kyst: mange turister v\u00e6lger endda deres sommerferie efter, hvorn\u00e5r showet afholdes. Og under alle omst\u00e6ndigheder er det da ogs\u00e5 den bedste m\u00e5de at tilbringe nogle dage ved stranden.<\/p>\n<p>Ogs\u00e5 i \u00e5r, som s\u00e6dvanlig, vil Beach on Fire finde sted i slutningen af august (denne udgave for <strong>2025<\/strong> er l\u00f8rdag <strong>23 August<\/strong>). I betragtning af den s\u00e6rlige naturlige form af kysten ved Cavallino &#8211; Treporti vil du v\u00e6re i stand til at beundre synet, i al sin pragt, fra hvert hj\u00f8rne af lagunen. Det foretrukne sted for mange bes\u00f8gende er stranden, men dem, der \u00f8nsker at beundre showet fra et us\u00e6dvanligt perspektiv kan beslutte at nyde showet fra havet, m\u00e5ske leje en b\u00e5d. Fra en b\u00e5d er fyrv\u00e6rkerishowet s\u00e6rligt spektakul\u00e6rt og romantisk: sv\u00e6rt ikke at lade sig imponere af alle farverne, der kaster sig ud i havet og skaber ubeskrivelige nuancer.<\/p>\n<p><strong>Camping Ca&#8217; Savio er det perfekte sted<\/strong> at nyde showet med sit store areal og en kilometer lang <strong>strand<\/strong> til r\u00e5dighed for sine g\u00e6ster.<\/p>\n<p>Beach on Fire er arrangeret af nogle af de st\u00f8rste eksperter i pyrotekniske shows. Arrangementet promoveres af Cavallino-Treporti Tourist Park (stor sammenslutning af turistindkvarteringer) i et v\u00e6rdifuldt samarbejde med kommunen, Assocamping og flere kystselskaber.<\/p>\n","protected":false},"excerpt":{"rendered":"<p>Den mest popul\u00e6re begivenhed p\u00e5 kysten.<\/p>\n","protected":false},"author":4,"featured_media":4471,"parent":9635,"menu_order":0,"comment_status":"closed","ping_status":"closed","template":"","meta":{"_acf_changed":false},"class_list":["post-9637","page","type-page","status-publish","has-post-thumbnail","hentry"],"acf":[],"yoast_head":"<!-- This site is optimized with the Yoast SEO plugin v25.3 - https:\/\/yoast.com\/wordpress\/plugins\/seo\/ -->\n<title>Beach on Fire: lo spettacolo pirotecnico di Cavallino &#8211; Camping Ca&#039; Savio<\/title>\n<meta name=\"description\" content=\"L&#039;evento pi\u00f9 atteso dell&#039;estate di Cavallino \u00e8 sicuramente il Beach on Fire: la spiaggia di Cavallino si illumina di fuochi d&#039;artificio. Vieni a vederlo al Camping Ca&#039; Savio\" \/>\n<meta name=\"robots\" content=\"index, follow, max-snippet:-1, max-image-preview:large, max-video-preview:-1\" \/>\n<link rel=\"canonical\" href=\"https:\/\/www.casavio.com\/da\/i-naerheden\/cavallino-treporti-og-lagunen\/beach-on-fire-paa-ca-savio\/\" \/>\n<meta property=\"og:locale\" content=\"da_DK\" \/>\n<meta property=\"og:type\" content=\"article\" \/>\n<meta property=\"og:title\" content=\"Beach on Fire: lo spettacolo pirotecnico di Cavallino &#8211; Camping Ca&#039; Savio\" \/>\n<meta property=\"og:description\" content=\"L&#039;evento pi\u00f9 atteso dell&#039;estate di Cavallino \u00e8 sicuramente il Beach on Fire: la spiaggia di Cavallino si illumina di fuochi d&#039;artificio. Vieni a vederlo al Camping Ca&#039; Savio\" \/>\n<meta property=\"og:url\" content=\"https:\/\/www.casavio.com\/da\/i-naerheden\/cavallino-treporti-og-lagunen\/beach-on-fire-paa-ca-savio\/\" \/>\n<meta property=\"og:site_name\" content=\"Camping Ca&#039; Savio\" \/>\n<meta property=\"article:publisher\" content=\"https:\/\/www.facebook.com\/campingcasavio\" \/>\n<meta property=\"article:modified_time\" content=\"2025-04-03T08:55:59+00:00\" \/>\n<meta property=\"og:image\" content=\"https:\/\/www.casavio.com\/wp-content\/uploads\/2019\/11\/ca-savio-cavallino-treporti-beach-on-fire-box-1.jpg\" \/>\n\t<meta property=\"og:image:width\" content=\"440\" \/>\n\t<meta property=\"og:image:height\" content=\"600\" \/>\n\t<meta property=\"og:image:type\" content=\"image\/jpeg\" \/>\n<meta name=\"twitter:card\" content=\"summary_large_image\" \/>\n<meta name=\"twitter:label1\" content=\"Estimeret l\u00e6setid\" \/>\n\t<meta name=\"twitter:data1\" content=\"3 minutter\" \/>\n<script type=\"application\/ld+json\" class=\"yoast-schema-graph\">{\"@context\":\"https:\/\/schema.org\",\"@graph\":[{\"@type\":\"WebPage\",\"@id\":\"https:\/\/www.casavio.com\/da\/i-naerheden\/cavallino-treporti-og-lagunen\/beach-on-fire-paa-ca-savio\/\",\"url\":\"https:\/\/www.casavio.com\/da\/i-naerheden\/cavallino-treporti-og-lagunen\/beach-on-fire-paa-ca-savio\/\",\"name\":\"Beach on Fire: lo spettacolo pirotecnico di Cavallino &#8211; Camping Ca&#039; Savio\",\"isPartOf\":{\"@id\":\"https:\/\/www.casavio.com\/da\/#website\"},\"primaryImageOfPage\":{\"@id\":\"https:\/\/www.casavio.com\/da\/i-naerheden\/cavallino-treporti-og-lagunen\/beach-on-fire-paa-ca-savio\/#primaryimage\"},\"image\":{\"@id\":\"https:\/\/www.casavio.com\/da\/i-naerheden\/cavallino-treporti-og-lagunen\/beach-on-fire-paa-ca-savio\/#primaryimage\"},\"thumbnailUrl\":\"https:\/\/www.casavio.com\/wp-content\/uploads\/2019\/11\/ca-savio-cavallino-treporti-beach-on-fire-box-1.jpg\",\"datePublished\":\"2019-11-26T10:53:00+00:00\",\"dateModified\":\"2025-04-03T08:55:59+00:00\",\"description\":\"L'evento pi\u00f9 atteso dell'estate di Cavallino \u00e8 sicuramente il Beach on Fire: la spiaggia di Cavallino si illumina di fuochi d'artificio. Vieni a vederlo al Camping Ca' Savio\",\"breadcrumb\":{\"@id\":\"https:\/\/www.casavio.com\/da\/i-naerheden\/cavallino-treporti-og-lagunen\/beach-on-fire-paa-ca-savio\/#breadcrumb\"},\"inLanguage\":\"da-DK\",\"potentialAction\":[{\"@type\":\"ReadAction\",\"target\":[\"https:\/\/www.casavio.com\/da\/i-naerheden\/cavallino-treporti-og-lagunen\/beach-on-fire-paa-ca-savio\/\"]}]},{\"@type\":\"ImageObject\",\"inLanguage\":\"da-DK\",\"@id\":\"https:\/\/www.casavio.com\/da\/i-naerheden\/cavallino-treporti-og-lagunen\/beach-on-fire-paa-ca-savio\/#primaryimage\",\"url\":\"https:\/\/www.casavio.com\/wp-content\/uploads\/2019\/11\/ca-savio-cavallino-treporti-beach-on-fire-box-1.jpg\",\"contentUrl\":\"https:\/\/www.casavio.com\/wp-content\/uploads\/2019\/11\/ca-savio-cavallino-treporti-beach-on-fire-box-1.jpg\",\"width\":440,\"height\":600},{\"@type\":\"BreadcrumbList\",\"@id\":\"https:\/\/www.casavio.com\/da\/i-naerheden\/cavallino-treporti-og-lagunen\/beach-on-fire-paa-ca-savio\/#breadcrumb\",\"itemListElement\":[{\"@type\":\"ListItem\",\"position\":1,\"name\":\"Home\",\"item\":\"https:\/\/www.casavio.com\/da\/\"},{\"@type\":\"ListItem\",\"position\":2,\"name\":\"I n\u00e6rheden\",\"item\":\"https:\/\/www.casavio.com\/da\/i-naerheden\/\"},{\"@type\":\"ListItem\",\"position\":3,\"name\":\"Cavallino-Treporti og lagunen\",\"item\":\"https:\/\/www.casavio.com\/da\/i-naerheden\/cavallino-treporti-og-lagunen\/\"},{\"@type\":\"ListItem\",\"position\":4,\"name\":\"Beach on Fire p\u00e5 Ca&#8217; Savio\"}]},{\"@type\":\"WebSite\",\"@id\":\"https:\/\/www.casavio.com\/da\/#website\",\"url\":\"https:\/\/www.casavio.com\/da\/\",\"name\":\"Camping Ca&#039; Savio\",\"description\":\"\",\"publisher\":{\"@id\":\"https:\/\/www.casavio.com\/da\/#organization\"},\"potentialAction\":[{\"@type\":\"SearchAction\",\"target\":{\"@type\":\"EntryPoint\",\"urlTemplate\":\"https:\/\/www.casavio.com\/da\/?s={search_term_string}\"},\"query-input\":{\"@type\":\"PropertyValueSpecification\",\"valueRequired\":true,\"valueName\":\"search_term_string\"}}],\"inLanguage\":\"da-DK\"},{\"@type\":\"Organization\",\"@id\":\"https:\/\/www.casavio.com\/da\/#organization\",\"name\":\"Camping Ca'Savio\",\"url\":\"https:\/\/www.casavio.com\/da\/\",\"logo\":{\"@type\":\"ImageObject\",\"inLanguage\":\"da-DK\",\"@id\":\"https:\/\/www.casavio.com\/da\/#\/schema\/logo\/image\/\",\"url\":\"https:\/\/www.casavio.com\/wp-content\/uploads\/2024\/04\/favicon.png\",\"contentUrl\":\"https:\/\/www.casavio.com\/wp-content\/uploads\/2024\/04\/favicon.png\",\"width\":144,\"height\":144,\"caption\":\"Camping Ca'Savio\"},\"image\":{\"@id\":\"https:\/\/www.casavio.com\/da\/#\/schema\/logo\/image\/\"},\"sameAs\":[\"https:\/\/www.facebook.com\/campingcasavio\",\"https:\/\/www.instagram.com\/campingcasavio\",\"https:\/\/www.youtube.com\/user\/campingcasavio\"]}]}<\/script>\n<!-- \/ Yoast SEO plugin. -->","yoast_head_json":{"title":"Beach on Fire: lo spettacolo pirotecnico di Cavallino &#8211; Camping Ca&#039; Savio","description":"L'evento pi\u00f9 atteso dell'estate di Cavallino \u00e8 sicuramente il Beach on Fire: la spiaggia di Cavallino si illumina di fuochi d'artificio. Vieni a vederlo al Camping Ca' Savio","robots":{"index":"index","follow":"follow","max-snippet":"max-snippet:-1","max-image-preview":"max-image-preview:large","max-video-preview":"max-video-preview:-1"},"canonical":"https:\/\/www.casavio.com\/da\/i-naerheden\/cavallino-treporti-og-lagunen\/beach-on-fire-paa-ca-savio\/","og_locale":"da_DK","og_type":"article","og_title":"Beach on Fire: lo spettacolo pirotecnico di Cavallino &#8211; Camping Ca&#039; Savio","og_description":"L'evento pi\u00f9 atteso dell'estate di Cavallino \u00e8 sicuramente il Beach on Fire: la spiaggia di Cavallino si illumina di fuochi d'artificio. Vieni a vederlo al Camping Ca' Savio","og_url":"https:\/\/www.casavio.com\/da\/i-naerheden\/cavallino-treporti-og-lagunen\/beach-on-fire-paa-ca-savio\/","og_site_name":"Camping Ca&#039; Savio","article_publisher":"https:\/\/www.facebook.com\/campingcasavio","article_modified_time":"2025-04-03T08:55:59+00:00","og_image":[{"width":440,"height":600,"url":"https:\/\/www.casavio.com\/wp-content\/uploads\/2019\/11\/ca-savio-cavallino-treporti-beach-on-fire-box-1.jpg","type":"image\/jpeg"}],"twitter_card":"summary_large_image","twitter_misc":{"Estimeret l\u00e6setid":"3 minutter"},"schema":{"@context":"https:\/\/schema.org","@graph":[{"@type":"WebPage","@id":"https:\/\/www.casavio.com\/da\/i-naerheden\/cavallino-treporti-og-lagunen\/beach-on-fire-paa-ca-savio\/","url":"https:\/\/www.casavio.com\/da\/i-naerheden\/cavallino-treporti-og-lagunen\/beach-on-fire-paa-ca-savio\/","name":"Beach on Fire: lo spettacolo pirotecnico di Cavallino &#8211; Camping Ca&#039; Savio","isPartOf":{"@id":"https:\/\/www.casavio.com\/da\/#website"},"primaryImageOfPage":{"@id":"https:\/\/www.casavio.com\/da\/i-naerheden\/cavallino-treporti-og-lagunen\/beach-on-fire-paa-ca-savio\/#primaryimage"},"image":{"@id":"https:\/\/www.casavio.com\/da\/i-naerheden\/cavallino-treporti-og-lagunen\/beach-on-fire-paa-ca-savio\/#primaryimage"},"thumbnailUrl":"https:\/\/www.casavio.com\/wp-content\/uploads\/2019\/11\/ca-savio-cavallino-treporti-beach-on-fire-box-1.jpg","datePublished":"2019-11-26T10:53:00+00:00","dateModified":"2025-04-03T08:55:59+00:00","description":"L'evento pi\u00f9 atteso dell'estate di Cavallino \u00e8 sicuramente il Beach on Fire: la spiaggia di Cavallino si illumina di fuochi d'artificio. Vieni a vederlo al Camping Ca' Savio","breadcrumb":{"@id":"https:\/\/www.casavio.com\/da\/i-naerheden\/cavallino-treporti-og-lagunen\/beach-on-fire-paa-ca-savio\/#breadcrumb"},"inLanguage":"da-DK","potentialAction":[{"@type":"ReadAction","target":["https:\/\/www.casavio.com\/da\/i-naerheden\/cavallino-treporti-og-lagunen\/beach-on-fire-paa-ca-savio\/"]}]},{"@type":"ImageObject","inLanguage":"da-DK","@id":"https:\/\/www.casavio.com\/da\/i-naerheden\/cavallino-treporti-og-lagunen\/beach-on-fire-paa-ca-savio\/#primaryimage","url":"https:\/\/www.casavio.com\/wp-content\/uploads\/2019\/11\/ca-savio-cavallino-treporti-beach-on-fire-box-1.jpg","contentUrl":"https:\/\/www.casavio.com\/wp-content\/uploads\/2019\/11\/ca-savio-cavallino-treporti-beach-on-fire-box-1.jpg","width":440,"height":600},{"@type":"BreadcrumbList","@id":"https:\/\/www.casavio.com\/da\/i-naerheden\/cavallino-treporti-og-lagunen\/beach-on-fire-paa-ca-savio\/#breadcrumb","itemListElement":[{"@type":"ListItem","position":1,"name":"Home","item":"https:\/\/www.casavio.com\/da\/"},{"@type":"ListItem","position":2,"name":"I n\u00e6rheden","item":"https:\/\/www.casavio.com\/da\/i-naerheden\/"},{"@type":"ListItem","position":3,"name":"Cavallino-Treporti og lagunen","item":"https:\/\/www.casavio.com\/da\/i-naerheden\/cavallino-treporti-og-lagunen\/"},{"@type":"ListItem","position":4,"name":"Beach on Fire p\u00e5 Ca&#8217; Savio"}]},{"@type":"WebSite","@id":"https:\/\/www.casavio.com\/da\/#website","url":"https:\/\/www.casavio.com\/da\/","name":"Camping Ca&#039; Savio","description":"","publisher":{"@id":"https:\/\/www.casavio.com\/da\/#organization"},"potentialAction":[{"@type":"SearchAction","target":{"@type":"EntryPoint","urlTemplate":"https:\/\/www.casavio.com\/da\/?s={search_term_string}"},"query-input":{"@type":"PropertyValueSpecification","valueRequired":true,"valueName":"search_term_string"}}],"inLanguage":"da-DK"},{"@type":"Organization","@id":"https:\/\/www.casavio.com\/da\/#organization","name":"Camping Ca'Savio","url":"https:\/\/www.casavio.com\/da\/","logo":{"@type":"ImageObject","inLanguage":"da-DK","@id":"https:\/\/www.casavio.com\/da\/#\/schema\/logo\/image\/","url":"https:\/\/www.casavio.com\/wp-content\/uploads\/2024\/04\/favicon.png","contentUrl":"https:\/\/www.casavio.com\/wp-content\/uploads\/2024\/04\/favicon.png","width":144,"height":144,"caption":"Camping Ca'Savio"},"image":{"@id":"https:\/\/www.casavio.com\/da\/#\/schema\/logo\/image\/"},"sameAs":["https:\/\/www.facebook.com\/campingcasavio","https:\/\/www.instagram.com\/campingcasavio","https:\/\/www.youtube.com\/user\/campingcasavio"]}]}},"_links":{"self":[{"href":"https:\/\/www.casavio.com\/da\/wp-json\/wp\/v2\/pages\/9637","targetHints":{"allow":["GET"]}}],"collection":[{"href":"https:\/\/www.casavio.com\/da\/wp-json\/wp\/v2\/pages"}],"about":[{"href":"https:\/\/www.casavio.com\/da\/wp-json\/wp\/v2\/types\/page"}],"author":[{"embeddable":true,"href":"https:\/\/www.casavio.com\/da\/wp-json\/wp\/v2\/users\/4"}],"replies":[{"embeddable":true,"href":"https:\/\/www.casavio.com\/da\/wp-json\/wp\/v2\/comments?post=9637"}],"version-history":[{"count":2,"href":"https:\/\/www.casavio.com\/da\/wp-json\/wp\/v2\/pages\/9637\/revisions"}],"predecessor-version":[{"id":38630,"href":"https:\/\/www.casavio.com\/da\/wp-json\/wp\/v2\/pages\/9637\/revisions\/38630"}],"up":[{"embeddable":true,"href":"https:\/\/www.casavio.com\/da\/wp-json\/wp\/v2\/pages\/9635"}],"wp:featuredmedia":[{"embeddable":true,"href":"https:\/\/www.casavio.com\/da\/wp-json\/wp\/v2\/media\/4471"}],"wp:attachment":[{"href":"https:\/\/www.casavio.com\/da\/wp-json\/wp\/v2\/media?parent=9637"}],"curies":[{"name":"wp","href":"https:\/\/api.w.org\/{rel}","templated":true}]}}