{"id":9645,"date":"2019-11-26T12:06:38","date_gmt":"2019-11-26T11:06:38","guid":{"rendered":"https:\/\/www.casavio.com\/i-naerheden\/cavallino-treporti-og-lagunen\/mercati-settimanali-a-cavallino-treporti\/"},"modified":"2025-12-12T10:26:42","modified_gmt":"2025-12-12T09:26:42","slug":"ugentlige-markeder-i-cavallino-treporti","status":"publish","type":"page","link":"https:\/\/www.casavio.com\/da\/i-naerheden\/cavallino-treporti-og-lagunen\/ugentlige-markeder-i-cavallino-treporti\/","title":{"rendered":"Ugentlige markeder i Cavallino-Treporti"},"content":{"rendered":"<p>Omgivet af den autentiske atmosf\u00e6re i det lokale liv er de <strong>ugentlige markeder i Cavallino Treporti<\/strong> et must for alle, der \u00f8nsker at udforske traditionerne og smagene i dette fascinerende kystomr\u00e5de.<\/p>\n<p>De <strong>tre vigtigste markeder i omr\u00e5det<\/strong>, der bes\u00f8ges af b\u00e5de lokale og mange turister, der er fascineret af denne tradition, ligger i <strong>Cavallino, Treporti <\/strong>og<strong> Ca&#8217;Savio<\/strong>, og hvert marked har sine egne karakteristika og s\u00e6rlige produkter.<\/p>\n<p>Alle tre omr\u00e5der kan n\u00e5s <strong>med bus eller cykel<\/strong> ad cykelstien i Via Fausta til Cavallino eller ad cykelstien i Via Treportina, der f\u00f8rer til centrum af Treporti og videre til Ricevitoria, hvor man kan nyde en fantastisk udsigt over lagunen.<\/p>\n","protected":false},"excerpt":{"rendered":"<p>Alle praktiske oplysninger om shopping i n\u00e6rheden af campingpladsen.<\/p>\n","protected":false},"author":4,"featured_media":4556,"parent":9635,"menu_order":0,"comment_status":"closed","ping_status":"closed","template":"","meta":{"_acf_changed":false},"class_list":["post-9645","page","type-page","status-publish","has-post-thumbnail","hentry"],"acf":[],"yoast_head":"<!-- This site is optimized with the Yoast SEO plugin v25.3 - https:\/\/yoast.com\/wordpress\/plugins\/seo\/ -->\n<title>Ugentlige markeder i Cavallino-Treporti &#8211; Camping Ca&#039; Savio<\/title>\n<meta name=\"description\" content=\"Her kan I k\u00f8be typiske gr\u00f8ntsager og frugter fra omr\u00e5det omkring Cavallino-Treporti, s\u00e5 som tomater, peberfrugter, squash, salat osv., som landmanden kun lige har h\u00f8stet.\" \/>\n<meta name=\"robots\" content=\"index, follow, max-snippet:-1, max-image-preview:large, max-video-preview:-1\" \/>\n<link rel=\"canonical\" href=\"https:\/\/www.casavio.com\/da\/i-naerheden\/cavallino-treporti-og-lagunen\/ugentlige-markeder-i-cavallino-treporti\/\" \/>\n<meta property=\"og:locale\" content=\"da_DK\" \/>\n<meta property=\"og:type\" content=\"article\" \/>\n<meta property=\"og:title\" content=\"Ugentlige markeder i Cavallino-Treporti &#8211; Camping Ca&#039; Savio\" \/>\n<meta property=\"og:description\" content=\"Her kan I k\u00f8be typiske gr\u00f8ntsager og frugter fra omr\u00e5det omkring Cavallino-Treporti, s\u00e5 som tomater, peberfrugter, squash, salat osv., som landmanden kun lige har h\u00f8stet.\" \/>\n<meta property=\"og:url\" content=\"https:\/\/www.casavio.com\/da\/i-naerheden\/cavallino-treporti-og-lagunen\/ugentlige-markeder-i-cavallino-treporti\/\" \/>\n<meta property=\"og:site_name\" content=\"Camping Ca&#039; Savio\" \/>\n<meta property=\"article:publisher\" content=\"https:\/\/www.facebook.com\/campingcasavio\" \/>\n<meta property=\"article:modified_time\" content=\"2025-12-12T09:26:42+00:00\" \/>\n<meta property=\"og:image\" content=\"https:\/\/www.casavio.com\/wp-content\/uploads\/2019\/11\/ca-savio-cavallino-treporti-shopping-box-1.jpg\" \/>\n\t<meta property=\"og:image:width\" content=\"440\" \/>\n\t<meta property=\"og:image:height\" content=\"600\" \/>\n\t<meta property=\"og:image:type\" content=\"image\/jpeg\" \/>\n<meta name=\"twitter:card\" content=\"summary_large_image\" \/>\n<meta name=\"twitter:label1\" content=\"Estimeret l\u00e6setid\" \/>\n\t<meta name=\"twitter:data1\" content=\"1 minut\" \/>\n<script type=\"application\/ld+json\" class=\"yoast-schema-graph\">{\"@context\":\"https:\/\/schema.org\",\"@graph\":[{\"@type\":\"WebPage\",\"@id\":\"https:\/\/www.casavio.com\/da\/i-naerheden\/cavallino-treporti-og-lagunen\/ugentlige-markeder-i-cavallino-treporti\/\",\"url\":\"https:\/\/www.casavio.com\/da\/i-naerheden\/cavallino-treporti-og-lagunen\/ugentlige-markeder-i-cavallino-treporti\/\",\"name\":\"Ugentlige markeder i Cavallino-Treporti &#8211; Camping Ca&#039; Savio\",\"isPartOf\":{\"@id\":\"https:\/\/www.casavio.com\/da\/#website\"},\"primaryImageOfPage\":{\"@id\":\"https:\/\/www.casavio.com\/da\/i-naerheden\/cavallino-treporti-og-lagunen\/ugentlige-markeder-i-cavallino-treporti\/#primaryimage\"},\"image\":{\"@id\":\"https:\/\/www.casavio.com\/da\/i-naerheden\/cavallino-treporti-og-lagunen\/ugentlige-markeder-i-cavallino-treporti\/#primaryimage\"},\"thumbnailUrl\":\"https:\/\/www.casavio.com\/wp-content\/uploads\/2019\/11\/ca-savio-cavallino-treporti-shopping-box-1.jpg\",\"datePublished\":\"2019-11-26T11:06:38+00:00\",\"dateModified\":\"2025-12-12T09:26:42+00:00\",\"description\":\"Her kan I k\u00f8be typiske gr\u00f8ntsager og frugter fra omr\u00e5det omkring Cavallino-Treporti, s\u00e5 som tomater, peberfrugter, squash, salat osv., som landmanden kun lige har h\u00f8stet.\",\"breadcrumb\":{\"@id\":\"https:\/\/www.casavio.com\/da\/i-naerheden\/cavallino-treporti-og-lagunen\/ugentlige-markeder-i-cavallino-treporti\/#breadcrumb\"},\"inLanguage\":\"da-DK\",\"potentialAction\":[{\"@type\":\"ReadAction\",\"target\":[\"https:\/\/www.casavio.com\/da\/i-naerheden\/cavallino-treporti-og-lagunen\/ugentlige-markeder-i-cavallino-treporti\/\"]}]},{\"@type\":\"ImageObject\",\"inLanguage\":\"da-DK\",\"@id\":\"https:\/\/www.casavio.com\/da\/i-naerheden\/cavallino-treporti-og-lagunen\/ugentlige-markeder-i-cavallino-treporti\/#primaryimage\",\"url\":\"https:\/\/www.casavio.com\/wp-content\/uploads\/2019\/11\/ca-savio-cavallino-treporti-shopping-box-1.jpg\",\"contentUrl\":\"https:\/\/www.casavio.com\/wp-content\/uploads\/2019\/11\/ca-savio-cavallino-treporti-shopping-box-1.jpg\",\"width\":440,\"height\":600},{\"@type\":\"BreadcrumbList\",\"@id\":\"https:\/\/www.casavio.com\/da\/i-naerheden\/cavallino-treporti-og-lagunen\/ugentlige-markeder-i-cavallino-treporti\/#breadcrumb\",\"itemListElement\":[{\"@type\":\"ListItem\",\"position\":1,\"name\":\"Home\",\"item\":\"https:\/\/www.casavio.com\/da\/\"},{\"@type\":\"ListItem\",\"position\":2,\"name\":\"I n\u00e6rheden\",\"item\":\"https:\/\/www.casavio.com\/da\/i-naerheden\/\"},{\"@type\":\"ListItem\",\"position\":3,\"name\":\"Cavallino-Treporti og lagunen\",\"item\":\"https:\/\/www.casavio.com\/da\/i-naerheden\/cavallino-treporti-og-lagunen\/\"},{\"@type\":\"ListItem\",\"position\":4,\"name\":\"Ugentlige markeder i Cavallino-Treporti\"}]},{\"@type\":\"WebSite\",\"@id\":\"https:\/\/www.casavio.com\/da\/#website\",\"url\":\"https:\/\/www.casavio.com\/da\/\",\"name\":\"Camping Ca&#039; Savio\",\"description\":\"\",\"publisher\":{\"@id\":\"https:\/\/www.casavio.com\/da\/#organization\"},\"potentialAction\":[{\"@type\":\"SearchAction\",\"target\":{\"@type\":\"EntryPoint\",\"urlTemplate\":\"https:\/\/www.casavio.com\/da\/?s={search_term_string}\"},\"query-input\":{\"@type\":\"PropertyValueSpecification\",\"valueRequired\":true,\"valueName\":\"search_term_string\"}}],\"inLanguage\":\"da-DK\"},{\"@type\":\"Organization\",\"@id\":\"https:\/\/www.casavio.com\/da\/#organization\",\"name\":\"Camping Ca'Savio\",\"url\":\"https:\/\/www.casavio.com\/da\/\",\"logo\":{\"@type\":\"ImageObject\",\"inLanguage\":\"da-DK\",\"@id\":\"https:\/\/www.casavio.com\/da\/#\/schema\/logo\/image\/\",\"url\":\"https:\/\/www.casavio.com\/wp-content\/uploads\/2024\/04\/favicon.png\",\"contentUrl\":\"https:\/\/www.casavio.com\/wp-content\/uploads\/2024\/04\/favicon.png\",\"width\":144,\"height\":144,\"caption\":\"Camping Ca'Savio\"},\"image\":{\"@id\":\"https:\/\/www.casavio.com\/da\/#\/schema\/logo\/image\/\"},\"sameAs\":[\"https:\/\/www.facebook.com\/campingcasavio\",\"https:\/\/www.instagram.com\/campingcasavio\",\"https:\/\/www.youtube.com\/user\/campingcasavio\"]}]}<\/script>\n<!-- \/ Yoast SEO plugin. -->","yoast_head_json":{"title":"Ugentlige markeder i Cavallino-Treporti &#8211; Camping Ca&#039; Savio","description":"Her kan I k\u00f8be typiske gr\u00f8ntsager og frugter fra omr\u00e5det omkring Cavallino-Treporti, s\u00e5 som tomater, peberfrugter, squash, salat osv., som landmanden kun lige har h\u00f8stet.","robots":{"index":"index","follow":"follow","max-snippet":"max-snippet:-1","max-image-preview":"max-image-preview:large","max-video-preview":"max-video-preview:-1"},"canonical":"https:\/\/www.casavio.com\/da\/i-naerheden\/cavallino-treporti-og-lagunen\/ugentlige-markeder-i-cavallino-treporti\/","og_locale":"da_DK","og_type":"article","og_title":"Ugentlige markeder i Cavallino-Treporti &#8211; Camping Ca&#039; Savio","og_description":"Her kan I k\u00f8be typiske gr\u00f8ntsager og frugter fra omr\u00e5det omkring Cavallino-Treporti, s\u00e5 som tomater, peberfrugter, squash, salat osv., som landmanden kun lige har h\u00f8stet.","og_url":"https:\/\/www.casavio.com\/da\/i-naerheden\/cavallino-treporti-og-lagunen\/ugentlige-markeder-i-cavallino-treporti\/","og_site_name":"Camping Ca&#039; Savio","article_publisher":"https:\/\/www.facebook.com\/campingcasavio","article_modified_time":"2025-12-12T09:26:42+00:00","og_image":[{"width":440,"height":600,"url":"https:\/\/www.casavio.com\/wp-content\/uploads\/2019\/11\/ca-savio-cavallino-treporti-shopping-box-1.jpg","type":"image\/jpeg"}],"twitter_card":"summary_large_image","twitter_misc":{"Estimeret l\u00e6setid":"1 minut"},"schema":{"@context":"https:\/\/schema.org","@graph":[{"@type":"WebPage","@id":"https:\/\/www.casavio.com\/da\/i-naerheden\/cavallino-treporti-og-lagunen\/ugentlige-markeder-i-cavallino-treporti\/","url":"https:\/\/www.casavio.com\/da\/i-naerheden\/cavallino-treporti-og-lagunen\/ugentlige-markeder-i-cavallino-treporti\/","name":"Ugentlige markeder i Cavallino-Treporti &#8211; Camping Ca&#039; Savio","isPartOf":{"@id":"https:\/\/www.casavio.com\/da\/#website"},"primaryImageOfPage":{"@id":"https:\/\/www.casavio.com\/da\/i-naerheden\/cavallino-treporti-og-lagunen\/ugentlige-markeder-i-cavallino-treporti\/#primaryimage"},"image":{"@id":"https:\/\/www.casavio.com\/da\/i-naerheden\/cavallino-treporti-og-lagunen\/ugentlige-markeder-i-cavallino-treporti\/#primaryimage"},"thumbnailUrl":"https:\/\/www.casavio.com\/wp-content\/uploads\/2019\/11\/ca-savio-cavallino-treporti-shopping-box-1.jpg","datePublished":"2019-11-26T11:06:38+00:00","dateModified":"2025-12-12T09:26:42+00:00","description":"Her kan I k\u00f8be typiske gr\u00f8ntsager og frugter fra omr\u00e5det omkring Cavallino-Treporti, s\u00e5 som tomater, peberfrugter, squash, salat osv., som landmanden kun lige har h\u00f8stet.","breadcrumb":{"@id":"https:\/\/www.casavio.com\/da\/i-naerheden\/cavallino-treporti-og-lagunen\/ugentlige-markeder-i-cavallino-treporti\/#breadcrumb"},"inLanguage":"da-DK","potentialAction":[{"@type":"ReadAction","target":["https:\/\/www.casavio.com\/da\/i-naerheden\/cavallino-treporti-og-lagunen\/ugentlige-markeder-i-cavallino-treporti\/"]}]},{"@type":"ImageObject","inLanguage":"da-DK","@id":"https:\/\/www.casavio.com\/da\/i-naerheden\/cavallino-treporti-og-lagunen\/ugentlige-markeder-i-cavallino-treporti\/#primaryimage","url":"https:\/\/www.casavio.com\/wp-content\/uploads\/2019\/11\/ca-savio-cavallino-treporti-shopping-box-1.jpg","contentUrl":"https:\/\/www.casavio.com\/wp-content\/uploads\/2019\/11\/ca-savio-cavallino-treporti-shopping-box-1.jpg","width":440,"height":600},{"@type":"BreadcrumbList","@id":"https:\/\/www.casavio.com\/da\/i-naerheden\/cavallino-treporti-og-lagunen\/ugentlige-markeder-i-cavallino-treporti\/#breadcrumb","itemListElement":[{"@type":"ListItem","position":1,"name":"Home","item":"https:\/\/www.casavio.com\/da\/"},{"@type":"ListItem","position":2,"name":"I n\u00e6rheden","item":"https:\/\/www.casavio.com\/da\/i-naerheden\/"},{"@type":"ListItem","position":3,"name":"Cavallino-Treporti og lagunen","item":"https:\/\/www.casavio.com\/da\/i-naerheden\/cavallino-treporti-og-lagunen\/"},{"@type":"ListItem","position":4,"name":"Ugentlige markeder i Cavallino-Treporti"}]},{"@type":"WebSite","@id":"https:\/\/www.casavio.com\/da\/#website","url":"https:\/\/www.casavio.com\/da\/","name":"Camping Ca&#039; Savio","description":"","publisher":{"@id":"https:\/\/www.casavio.com\/da\/#organization"},"potentialAction":[{"@type":"SearchAction","target":{"@type":"EntryPoint","urlTemplate":"https:\/\/www.casavio.com\/da\/?s={search_term_string}"},"query-input":{"@type":"PropertyValueSpecification","valueRequired":true,"valueName":"search_term_string"}}],"inLanguage":"da-DK"},{"@type":"Organization","@id":"https:\/\/www.casavio.com\/da\/#organization","name":"Camping Ca'Savio","url":"https:\/\/www.casavio.com\/da\/","logo":{"@type":"ImageObject","inLanguage":"da-DK","@id":"https:\/\/www.casavio.com\/da\/#\/schema\/logo\/image\/","url":"https:\/\/www.casavio.com\/wp-content\/uploads\/2024\/04\/favicon.png","contentUrl":"https:\/\/www.casavio.com\/wp-content\/uploads\/2024\/04\/favicon.png","width":144,"height":144,"caption":"Camping Ca'Savio"},"image":{"@id":"https:\/\/www.casavio.com\/da\/#\/schema\/logo\/image\/"},"sameAs":["https:\/\/www.facebook.com\/campingcasavio","https:\/\/www.instagram.com\/campingcasavio","https:\/\/www.youtube.com\/user\/campingcasavio"]}]}},"_links":{"self":[{"href":"https:\/\/www.casavio.com\/da\/wp-json\/wp\/v2\/pages\/9645","targetHints":{"allow":["GET"]}}],"collection":[{"href":"https:\/\/www.casavio.com\/da\/wp-json\/wp\/v2\/pages"}],"about":[{"href":"https:\/\/www.casavio.com\/da\/wp-json\/wp\/v2\/types\/page"}],"author":[{"embeddable":true,"href":"https:\/\/www.casavio.com\/da\/wp-json\/wp\/v2\/users\/4"}],"replies":[{"embeddable":true,"href":"https:\/\/www.casavio.com\/da\/wp-json\/wp\/v2\/comments?post=9645"}],"version-history":[{"count":2,"href":"https:\/\/www.casavio.com\/da\/wp-json\/wp\/v2\/pages\/9645\/revisions"}],"predecessor-version":[{"id":9646,"href":"https:\/\/www.casavio.com\/da\/wp-json\/wp\/v2\/pages\/9645\/revisions\/9646"}],"up":[{"embeddable":true,"href":"https:\/\/www.casavio.com\/da\/wp-json\/wp\/v2\/pages\/9635"}],"wp:featuredmedia":[{"embeddable":true,"href":"https:\/\/www.casavio.com\/da\/wp-json\/wp\/v2\/media\/4556"}],"wp:attachment":[{"href":"https:\/\/www.casavio.com\/da\/wp-json\/wp\/v2\/media?parent=9645"}],"curies":[{"name":"wp","href":"https:\/\/api.w.org\/{rel}","templated":true}]}}