{"id":9651,"date":"2019-11-26T12:54:43","date_gmt":"2019-11-26T11:54:43","guid":{"rendered":"https:\/\/www.casavio.com\/i-naerheden\/venedig-og-oeerne\/come-raggiungere-le-isole\/"},"modified":"2023-11-29T11:38:59","modified_gmt":"2023-11-29T10:38:59","slug":"hvordan-man-kommer-til-oeerne","status":"publish","type":"page","link":"https:\/\/www.casavio.com\/da\/i-naerheden\/venedig-og-oeerne\/hvordan-man-kommer-til-oeerne\/","title":{"rendered":"Hvordan man kommer til \u00f8erne"},"content":{"rendered":"<p><strong>Treporti kajen\u00a0<\/strong>(Omkring 5 km fra campingpladsen)<br \/>\nHerfra kan De komme til:\u00a0<strong>Vignole \u2013 Sant\u2019 Erasmo, Burano, Mazzorbo\u00a0<\/strong>og<strong>\u00a0Murano<\/strong>.<\/p>\n<p>De kan komme til de to afgangssteder med\u00a0<a href=\"https:\/\/www.casavio.com\/da\/faciliteter\/ekstra-serviceydelser\/leje-af-cykler\/\">cykel<\/a>, bil eller bus.<\/p>\n<p><strong>Rute<\/strong>:<\/p>\n<p>P\u00e5 cykel, k\u00f8r langs Via di Ca\u2019 Savio, helt til enden, k\u00f8r over Treporti broen og f\u00f8lg skiltene til &#8220;<strong>Ricevitoria<\/strong>&#8220;.<br \/>\nAlternativt kan De tage bussen, som k\u00f8rer fra parkeringspladsen udenfor campingpladsen.<\/p>\n<p><strong>Billetter<\/strong>:<\/p>\n<p>De kan k\u00f8be billetter direkte fra <a href=\"https:\/\/www.casavio.com\/da\/faciliteter\/inkluderede-serviceydelser\/customer-care\/\">campingpladsens kundekontor<\/a>.<\/p>\n<ul>\n<li>B\u00f8rn op til 6 \u00e5r: gratis<\/li>\n<li>Dagsbillet 24 timer for bus+b\u00e5d+vandbus: 30\u20ac<\/li>\n<\/ul>\n<p>Hvis De foretr\u00e6kker at k\u00f8re selv, eller cycle, skal De selv k\u00f8be billetten ved\u00a0ACTV\u00a0salgskontoret, direkte i Punta Sabbioni.<\/p>\n<ul>\n<li>Envejsbillet: 9.50 \u20ac.<\/li>\n<\/ul>\n<p><strong>Arrangerede udflugter<\/strong>:<\/p>\n<p><a href=\"https:\/\/www.casavio.com\/da\/aktiviteter-paa-campingpladsen\/udflugter\/dag-i-venedig-og-paa-oeerne\/\"><u>Heldagsudflugt til Venedig og \u00f8erne i Lagunen<\/u><\/a><\/p>\n","protected":false},"excerpt":{"rendered":"<p>Alle oplysninger for at n\u00e5 til Burano, Murano og Torcello.<\/p>\n","protected":false},"author":4,"featured_media":4662,"parent":9648,"menu_order":0,"comment_status":"closed","ping_status":"closed","template":"","meta":{"_acf_changed":false},"class_list":["post-9651","page","type-page","status-publish","has-post-thumbnail","hentry"],"acf":[],"yoast_head":"<!-- This site is optimized with the Yoast SEO plugin v25.3 - https:\/\/yoast.com\/wordpress\/plugins\/seo\/ -->\n<title>S\u00e5dan n\u00e5r du til \u00f8erne i den venatianske lagune &#8211; Camping Ca&#039; Savio<\/title>\n<meta name=\"description\" content=\"Bes\u00f8g Murano, Burano og Torcello. Tag hele familien med for at beundre alle de sk\u00f8nne steder p\u00e5 disse tre ber\u00f8mte venetianske \u00f8er!\" \/>\n<meta name=\"robots\" content=\"index, follow, max-snippet:-1, max-image-preview:large, max-video-preview:-1\" \/>\n<link rel=\"canonical\" href=\"https:\/\/www.casavio.com\/da\/i-naerheden\/venedig-og-oeerne\/hvordan-man-kommer-til-oeerne\/\" \/>\n<meta property=\"og:locale\" content=\"da_DK\" \/>\n<meta property=\"og:type\" content=\"article\" \/>\n<meta property=\"og:title\" content=\"S\u00e5dan n\u00e5r du til \u00f8erne i den venatianske lagune &#8211; Camping Ca&#039; Savio\" \/>\n<meta property=\"og:description\" content=\"Bes\u00f8g Murano, Burano og Torcello. Tag hele familien med for at beundre alle de sk\u00f8nne steder p\u00e5 disse tre ber\u00f8mte venetianske \u00f8er!\" \/>\n<meta property=\"og:url\" content=\"https:\/\/www.casavio.com\/da\/i-naerheden\/venedig-og-oeerne\/hvordan-man-kommer-til-oeerne\/\" \/>\n<meta property=\"og:site_name\" content=\"Camping Ca&#039; Savio\" \/>\n<meta property=\"article:publisher\" content=\"https:\/\/www.facebook.com\/campingcasavio\" \/>\n<meta property=\"article:modified_time\" content=\"2023-11-29T10:38:59+00:00\" \/>\n<meta property=\"og:image\" content=\"https:\/\/www.casavio.com\/wp-content\/uploads\/2019\/11\/ca-savio-territorio-venezia-raggiungere-isole.jpg\" \/>\n\t<meta property=\"og:image:width\" content=\"440\" \/>\n\t<meta property=\"og:image:height\" content=\"600\" \/>\n\t<meta property=\"og:image:type\" content=\"image\/jpeg\" \/>\n<meta name=\"twitter:card\" content=\"summary_large_image\" \/>\n<meta name=\"twitter:label1\" content=\"Estimeret l\u00e6setid\" \/>\n\t<meta name=\"twitter:data1\" content=\"1 minut\" \/>\n<script type=\"application\/ld+json\" class=\"yoast-schema-graph\">{\"@context\":\"https:\/\/schema.org\",\"@graph\":[{\"@type\":\"WebPage\",\"@id\":\"https:\/\/www.casavio.com\/da\/i-naerheden\/venedig-og-oeerne\/hvordan-man-kommer-til-oeerne\/\",\"url\":\"https:\/\/www.casavio.com\/da\/i-naerheden\/venedig-og-oeerne\/hvordan-man-kommer-til-oeerne\/\",\"name\":\"S\u00e5dan n\u00e5r du til \u00f8erne i den venatianske lagune &#8211; Camping Ca&#039; Savio\",\"isPartOf\":{\"@id\":\"https:\/\/www.casavio.com\/da\/#website\"},\"primaryImageOfPage\":{\"@id\":\"https:\/\/www.casavio.com\/da\/i-naerheden\/venedig-og-oeerne\/hvordan-man-kommer-til-oeerne\/#primaryimage\"},\"image\":{\"@id\":\"https:\/\/www.casavio.com\/da\/i-naerheden\/venedig-og-oeerne\/hvordan-man-kommer-til-oeerne\/#primaryimage\"},\"thumbnailUrl\":\"https:\/\/www.casavio.com\/wp-content\/uploads\/2019\/11\/ca-savio-territorio-venezia-raggiungere-isole.jpg\",\"datePublished\":\"2019-11-26T11:54:43+00:00\",\"dateModified\":\"2023-11-29T10:38:59+00:00\",\"description\":\"Bes\u00f8g Murano, Burano og Torcello. Tag hele familien med for at beundre alle de sk\u00f8nne steder p\u00e5 disse tre ber\u00f8mte venetianske \u00f8er!\",\"breadcrumb\":{\"@id\":\"https:\/\/www.casavio.com\/da\/i-naerheden\/venedig-og-oeerne\/hvordan-man-kommer-til-oeerne\/#breadcrumb\"},\"inLanguage\":\"da-DK\",\"potentialAction\":[{\"@type\":\"ReadAction\",\"target\":[\"https:\/\/www.casavio.com\/da\/i-naerheden\/venedig-og-oeerne\/hvordan-man-kommer-til-oeerne\/\"]}]},{\"@type\":\"ImageObject\",\"inLanguage\":\"da-DK\",\"@id\":\"https:\/\/www.casavio.com\/da\/i-naerheden\/venedig-og-oeerne\/hvordan-man-kommer-til-oeerne\/#primaryimage\",\"url\":\"https:\/\/www.casavio.com\/wp-content\/uploads\/2019\/11\/ca-savio-territorio-venezia-raggiungere-isole.jpg\",\"contentUrl\":\"https:\/\/www.casavio.com\/wp-content\/uploads\/2019\/11\/ca-savio-territorio-venezia-raggiungere-isole.jpg\",\"width\":440,\"height\":600},{\"@type\":\"BreadcrumbList\",\"@id\":\"https:\/\/www.casavio.com\/da\/i-naerheden\/venedig-og-oeerne\/hvordan-man-kommer-til-oeerne\/#breadcrumb\",\"itemListElement\":[{\"@type\":\"ListItem\",\"position\":1,\"name\":\"Home\",\"item\":\"https:\/\/www.casavio.com\/da\/\"},{\"@type\":\"ListItem\",\"position\":2,\"name\":\"I n\u00e6rheden\",\"item\":\"https:\/\/www.casavio.com\/da\/i-naerheden\/\"},{\"@type\":\"ListItem\",\"position\":3,\"name\":\"Venedig og \u00f8erne\",\"item\":\"https:\/\/www.casavio.com\/da\/i-naerheden\/venedig-og-oeerne\/\"},{\"@type\":\"ListItem\",\"position\":4,\"name\":\"Hvordan man kommer til \u00f8erne\"}]},{\"@type\":\"WebSite\",\"@id\":\"https:\/\/www.casavio.com\/da\/#website\",\"url\":\"https:\/\/www.casavio.com\/da\/\",\"name\":\"Camping Ca&#039; Savio\",\"description\":\"\",\"publisher\":{\"@id\":\"https:\/\/www.casavio.com\/da\/#organization\"},\"potentialAction\":[{\"@type\":\"SearchAction\",\"target\":{\"@type\":\"EntryPoint\",\"urlTemplate\":\"https:\/\/www.casavio.com\/da\/?s={search_term_string}\"},\"query-input\":{\"@type\":\"PropertyValueSpecification\",\"valueRequired\":true,\"valueName\":\"search_term_string\"}}],\"inLanguage\":\"da-DK\"},{\"@type\":\"Organization\",\"@id\":\"https:\/\/www.casavio.com\/da\/#organization\",\"name\":\"Camping Ca'Savio\",\"url\":\"https:\/\/www.casavio.com\/da\/\",\"logo\":{\"@type\":\"ImageObject\",\"inLanguage\":\"da-DK\",\"@id\":\"https:\/\/www.casavio.com\/da\/#\/schema\/logo\/image\/\",\"url\":\"https:\/\/www.casavio.com\/wp-content\/uploads\/2024\/04\/favicon.png\",\"contentUrl\":\"https:\/\/www.casavio.com\/wp-content\/uploads\/2024\/04\/favicon.png\",\"width\":144,\"height\":144,\"caption\":\"Camping Ca'Savio\"},\"image\":{\"@id\":\"https:\/\/www.casavio.com\/da\/#\/schema\/logo\/image\/\"},\"sameAs\":[\"https:\/\/www.facebook.com\/campingcasavio\",\"https:\/\/www.instagram.com\/campingcasavio\",\"https:\/\/www.youtube.com\/user\/campingcasavio\"]}]}<\/script>\n<!-- \/ Yoast SEO plugin. -->","yoast_head_json":{"title":"S\u00e5dan n\u00e5r du til \u00f8erne i den venatianske lagune &#8211; Camping Ca&#039; Savio","description":"Bes\u00f8g Murano, Burano og Torcello. Tag hele familien med for at beundre alle de sk\u00f8nne steder p\u00e5 disse tre ber\u00f8mte venetianske \u00f8er!","robots":{"index":"index","follow":"follow","max-snippet":"max-snippet:-1","max-image-preview":"max-image-preview:large","max-video-preview":"max-video-preview:-1"},"canonical":"https:\/\/www.casavio.com\/da\/i-naerheden\/venedig-og-oeerne\/hvordan-man-kommer-til-oeerne\/","og_locale":"da_DK","og_type":"article","og_title":"S\u00e5dan n\u00e5r du til \u00f8erne i den venatianske lagune &#8211; Camping Ca&#039; Savio","og_description":"Bes\u00f8g Murano, Burano og Torcello. Tag hele familien med for at beundre alle de sk\u00f8nne steder p\u00e5 disse tre ber\u00f8mte venetianske \u00f8er!","og_url":"https:\/\/www.casavio.com\/da\/i-naerheden\/venedig-og-oeerne\/hvordan-man-kommer-til-oeerne\/","og_site_name":"Camping Ca&#039; Savio","article_publisher":"https:\/\/www.facebook.com\/campingcasavio","article_modified_time":"2023-11-29T10:38:59+00:00","og_image":[{"width":440,"height":600,"url":"https:\/\/www.casavio.com\/wp-content\/uploads\/2019\/11\/ca-savio-territorio-venezia-raggiungere-isole.jpg","type":"image\/jpeg"}],"twitter_card":"summary_large_image","twitter_misc":{"Estimeret l\u00e6setid":"1 minut"},"schema":{"@context":"https:\/\/schema.org","@graph":[{"@type":"WebPage","@id":"https:\/\/www.casavio.com\/da\/i-naerheden\/venedig-og-oeerne\/hvordan-man-kommer-til-oeerne\/","url":"https:\/\/www.casavio.com\/da\/i-naerheden\/venedig-og-oeerne\/hvordan-man-kommer-til-oeerne\/","name":"S\u00e5dan n\u00e5r du til \u00f8erne i den venatianske lagune &#8211; Camping Ca&#039; Savio","isPartOf":{"@id":"https:\/\/www.casavio.com\/da\/#website"},"primaryImageOfPage":{"@id":"https:\/\/www.casavio.com\/da\/i-naerheden\/venedig-og-oeerne\/hvordan-man-kommer-til-oeerne\/#primaryimage"},"image":{"@id":"https:\/\/www.casavio.com\/da\/i-naerheden\/venedig-og-oeerne\/hvordan-man-kommer-til-oeerne\/#primaryimage"},"thumbnailUrl":"https:\/\/www.casavio.com\/wp-content\/uploads\/2019\/11\/ca-savio-territorio-venezia-raggiungere-isole.jpg","datePublished":"2019-11-26T11:54:43+00:00","dateModified":"2023-11-29T10:38:59+00:00","description":"Bes\u00f8g Murano, Burano og Torcello. Tag hele familien med for at beundre alle de sk\u00f8nne steder p\u00e5 disse tre ber\u00f8mte venetianske \u00f8er!","breadcrumb":{"@id":"https:\/\/www.casavio.com\/da\/i-naerheden\/venedig-og-oeerne\/hvordan-man-kommer-til-oeerne\/#breadcrumb"},"inLanguage":"da-DK","potentialAction":[{"@type":"ReadAction","target":["https:\/\/www.casavio.com\/da\/i-naerheden\/venedig-og-oeerne\/hvordan-man-kommer-til-oeerne\/"]}]},{"@type":"ImageObject","inLanguage":"da-DK","@id":"https:\/\/www.casavio.com\/da\/i-naerheden\/venedig-og-oeerne\/hvordan-man-kommer-til-oeerne\/#primaryimage","url":"https:\/\/www.casavio.com\/wp-content\/uploads\/2019\/11\/ca-savio-territorio-venezia-raggiungere-isole.jpg","contentUrl":"https:\/\/www.casavio.com\/wp-content\/uploads\/2019\/11\/ca-savio-territorio-venezia-raggiungere-isole.jpg","width":440,"height":600},{"@type":"BreadcrumbList","@id":"https:\/\/www.casavio.com\/da\/i-naerheden\/venedig-og-oeerne\/hvordan-man-kommer-til-oeerne\/#breadcrumb","itemListElement":[{"@type":"ListItem","position":1,"name":"Home","item":"https:\/\/www.casavio.com\/da\/"},{"@type":"ListItem","position":2,"name":"I n\u00e6rheden","item":"https:\/\/www.casavio.com\/da\/i-naerheden\/"},{"@type":"ListItem","position":3,"name":"Venedig og \u00f8erne","item":"https:\/\/www.casavio.com\/da\/i-naerheden\/venedig-og-oeerne\/"},{"@type":"ListItem","position":4,"name":"Hvordan man kommer til \u00f8erne"}]},{"@type":"WebSite","@id":"https:\/\/www.casavio.com\/da\/#website","url":"https:\/\/www.casavio.com\/da\/","name":"Camping Ca&#039; Savio","description":"","publisher":{"@id":"https:\/\/www.casavio.com\/da\/#organization"},"potentialAction":[{"@type":"SearchAction","target":{"@type":"EntryPoint","urlTemplate":"https:\/\/www.casavio.com\/da\/?s={search_term_string}"},"query-input":{"@type":"PropertyValueSpecification","valueRequired":true,"valueName":"search_term_string"}}],"inLanguage":"da-DK"},{"@type":"Organization","@id":"https:\/\/www.casavio.com\/da\/#organization","name":"Camping Ca'Savio","url":"https:\/\/www.casavio.com\/da\/","logo":{"@type":"ImageObject","inLanguage":"da-DK","@id":"https:\/\/www.casavio.com\/da\/#\/schema\/logo\/image\/","url":"https:\/\/www.casavio.com\/wp-content\/uploads\/2024\/04\/favicon.png","contentUrl":"https:\/\/www.casavio.com\/wp-content\/uploads\/2024\/04\/favicon.png","width":144,"height":144,"caption":"Camping Ca'Savio"},"image":{"@id":"https:\/\/www.casavio.com\/da\/#\/schema\/logo\/image\/"},"sameAs":["https:\/\/www.facebook.com\/campingcasavio","https:\/\/www.instagram.com\/campingcasavio","https:\/\/www.youtube.com\/user\/campingcasavio"]}]}},"_links":{"self":[{"href":"https:\/\/www.casavio.com\/da\/wp-json\/wp\/v2\/pages\/9651","targetHints":{"allow":["GET"]}}],"collection":[{"href":"https:\/\/www.casavio.com\/da\/wp-json\/wp\/v2\/pages"}],"about":[{"href":"https:\/\/www.casavio.com\/da\/wp-json\/wp\/v2\/types\/page"}],"author":[{"embeddable":true,"href":"https:\/\/www.casavio.com\/da\/wp-json\/wp\/v2\/users\/4"}],"replies":[{"embeddable":true,"href":"https:\/\/www.casavio.com\/da\/wp-json\/wp\/v2\/comments?post=9651"}],"version-history":[{"count":2,"href":"https:\/\/www.casavio.com\/da\/wp-json\/wp\/v2\/pages\/9651\/revisions"}],"predecessor-version":[{"id":29438,"href":"https:\/\/www.casavio.com\/da\/wp-json\/wp\/v2\/pages\/9651\/revisions\/29438"}],"up":[{"embeddable":true,"href":"https:\/\/www.casavio.com\/da\/wp-json\/wp\/v2\/pages\/9648"}],"wp:featuredmedia":[{"embeddable":true,"href":"https:\/\/www.casavio.com\/da\/wp-json\/wp\/v2\/media\/4662"}],"wp:attachment":[{"href":"https:\/\/www.casavio.com\/da\/wp-json\/wp\/v2\/media?parent=9651"}],"curies":[{"name":"wp","href":"https:\/\/api.w.org\/{rel}","templated":true}]}}