{"id":9654,"date":"2019-11-27T09:38:20","date_gmt":"2019-11-27T08:38:20","guid":{"rendered":"https:\/\/www.casavio.com\/i-naerheden\/venedig-og-oeerne\/come-raggiungere-venezia\/"},"modified":"2024-07-18T15:45:55","modified_gmt":"2024-07-18T13:45:55","slug":"hvordan-man-kommer-til-venedig","status":"publish","type":"page","link":"https:\/\/www.casavio.com\/da\/i-naerheden\/venedig-og-oeerne\/hvordan-man-kommer-til-venedig\/","title":{"rendered":"Hvordan man kommer til Venedig"},"content":{"rendered":"<p><strong>Tag hen til f\u00e6rgehavnen i Punta Sabbioni\u00a0<\/strong>(cirka\u00a0<strong>5 km<\/strong> fra campingpladsen) hvorfra der g\u00e5r en direkte f\u00e6rge til Veneziahver halve time (Protokol 0 og 30). Der g\u00e5r en b\u00e5d fra Punta Sabbioni, direkte til Venedig hver halve time (5 over, og 5 over halv). Turen tager ca 40 minutter and sejler forbi &#8220;Giardini delle Biennale&#8221; haverne, over Sankt Markus&#8217; brede basin, som huser Sankt Georgs\u2019 \u00d8 langt mod venstre, og l\u00e6gger til n\u00e6r Doge paladset.<\/p>\n<p>Fra campingpladsen Ca\u2019Savio kan man komme til Punta Sabbioni:<\/p>\n<ul>\n<li>med\u00a0<strong>bus<\/strong>: stoppestedet er i Ca&#8217;Savio centrum, f\u00e5 meter fra hovedrundk\u00f8rslen, det tager kun 10 minutter at g\u00e5 dertil.<\/li>\n<li>p\u00e5\u00a0<a href=\"https:\/\/www.casavio.com\/da\/faciliteter\/ekstra-serviceydelser\/leje-af-cykler\/\"><strong>cykel<\/strong><\/a>: ved at k\u00f8re langs via Ca\u2019Savio til rundk\u00f8rslen, dreje til venstre og k\u00f8re af via Fausta mod Punta Sabbioni. Cykelstien l\u00f8ber frem til f\u00e6rgehavnen<\/li>\n<li>med\u00a0<strong>bil<\/strong>: k\u00f8r langs via Ca\u2019Savio og drej til venstre i via Brenta, forts\u00e6t og drej til h\u00f8jre ved via Tagliamento og herefter til venstre, n\u00e5r denne oversk\u00e6res af via Fausta, i retning af Punta Sabbioni. Bilen kan parkeres p\u00e5 en af betalingsparkeringspladserne i n\u00e6rheden af f\u00e6rgehavnen.<\/li>\n<\/ul>\n<p><strong>Billetter:<\/strong><\/p>\n<p>Man kan k\u00f8be billetter direkte i campingpladsens\u00a0<a href=\"https:\/\/www.casavio.com\/da\/faciliteter\/inkluderede-serviceydelser\/customer-care\/\">Customer Care kontor<\/a>.<\/p>\n<ul>\n<li>B\u00f8rn op til 6 \u00e5r er gratis.<\/li>\n<li>Returbillet for bus og b\u00e5d: 24 \u20ac<\/li>\n<li>Dagsbillet 24 timer for bus+b\u00e5d+vandbus i Venedig: 30 \u20ac.<\/li>\n<\/ul>\n<p>Hvis De foretr\u00e6kker at k\u00f8re selv, eller cycle, skal De selv k\u00f8be billetten ved ACTV salgskontoret, direkte i Punta Sabbioni.<\/p>\n<ul>\n<li>Envejsbillet: 9.50 \u20ac.<\/li>\n<\/ul>\n","protected":false},"excerpt":{"rendered":"<p>Information til at n\u00e5 lagunebyen.<\/p>\n","protected":false},"author":4,"featured_media":4681,"parent":9648,"menu_order":0,"comment_status":"closed","ping_status":"closed","template":"","meta":{"_acf_changed":false},"class_list":["post-9654","page","type-page","status-publish","has-post-thumbnail","hentry"],"acf":[],"yoast_head":"<!-- This site is optimized with the Yoast SEO plugin v25.3 - https:\/\/yoast.com\/wordpress\/plugins\/seo\/ -->\n<title>Hvordan Kommer man til Venedig fra Camping Ca&#039;Savio med b\u00e5d &#8211; Camping Ca&#039; Savio<\/title>\n<meta name=\"description\" content=\"Nyttige oplysninger til dig, der gerne vil til Venedig med afgang fra Camping Ca&#039; Savio. Der afg\u00e5r en motorb\u00e5d hver halve time. Sp\u00f8rg i receptionen, n\u00e5r du ankommer.\" \/>\n<meta name=\"robots\" content=\"index, follow, max-snippet:-1, max-image-preview:large, max-video-preview:-1\" \/>\n<link rel=\"canonical\" href=\"https:\/\/www.casavio.com\/da\/i-naerheden\/venedig-og-oeerne\/hvordan-man-kommer-til-venedig\/\" \/>\n<meta property=\"og:locale\" content=\"da_DK\" \/>\n<meta property=\"og:type\" content=\"article\" \/>\n<meta property=\"og:title\" content=\"Hvordan Kommer man til Venedig fra Camping Ca&#039;Savio med b\u00e5d &#8211; Camping Ca&#039; Savio\" \/>\n<meta property=\"og:description\" content=\"Nyttige oplysninger til dig, der gerne vil til Venedig med afgang fra Camping Ca&#039; Savio. Der afg\u00e5r en motorb\u00e5d hver halve time. Sp\u00f8rg i receptionen, n\u00e5r du ankommer.\" \/>\n<meta property=\"og:url\" content=\"https:\/\/www.casavio.com\/da\/i-naerheden\/venedig-og-oeerne\/hvordan-man-kommer-til-venedig\/\" \/>\n<meta property=\"og:site_name\" content=\"Camping Ca&#039; Savio\" \/>\n<meta property=\"article:publisher\" content=\"https:\/\/www.facebook.com\/campingcasavio\" \/>\n<meta property=\"article:modified_time\" content=\"2024-07-18T13:45:55+00:00\" \/>\n<meta property=\"og:image\" content=\"https:\/\/www.casavio.com\/wp-content\/uploads\/2019\/11\/ca-savio-territorio-venezia-raggiungere-venezia.jpg\" \/>\n\t<meta property=\"og:image:width\" content=\"440\" \/>\n\t<meta property=\"og:image:height\" content=\"600\" \/>\n\t<meta property=\"og:image:type\" content=\"image\/jpeg\" \/>\n<meta name=\"twitter:card\" content=\"summary_large_image\" \/>\n<meta name=\"twitter:label1\" content=\"Estimeret l\u00e6setid\" \/>\n\t<meta name=\"twitter:data1\" content=\"2 minutter\" \/>\n<script type=\"application\/ld+json\" class=\"yoast-schema-graph\">{\"@context\":\"https:\/\/schema.org\",\"@graph\":[{\"@type\":\"WebPage\",\"@id\":\"https:\/\/www.casavio.com\/da\/i-naerheden\/venedig-og-oeerne\/hvordan-man-kommer-til-venedig\/\",\"url\":\"https:\/\/www.casavio.com\/da\/i-naerheden\/venedig-og-oeerne\/hvordan-man-kommer-til-venedig\/\",\"name\":\"Hvordan Kommer man til Venedig fra Camping Ca'Savio med b\u00e5d &#8211; Camping Ca&#039; Savio\",\"isPartOf\":{\"@id\":\"https:\/\/www.casavio.com\/da\/#website\"},\"primaryImageOfPage\":{\"@id\":\"https:\/\/www.casavio.com\/da\/i-naerheden\/venedig-og-oeerne\/hvordan-man-kommer-til-venedig\/#primaryimage\"},\"image\":{\"@id\":\"https:\/\/www.casavio.com\/da\/i-naerheden\/venedig-og-oeerne\/hvordan-man-kommer-til-venedig\/#primaryimage\"},\"thumbnailUrl\":\"https:\/\/www.casavio.com\/wp-content\/uploads\/2019\/11\/ca-savio-territorio-venezia-raggiungere-venezia.jpg\",\"datePublished\":\"2019-11-27T08:38:20+00:00\",\"dateModified\":\"2024-07-18T13:45:55+00:00\",\"description\":\"Nyttige oplysninger til dig, der gerne vil til Venedig med afgang fra Camping Ca' Savio. Der afg\u00e5r en motorb\u00e5d hver halve time. Sp\u00f8rg i receptionen, n\u00e5r du ankommer.\",\"breadcrumb\":{\"@id\":\"https:\/\/www.casavio.com\/da\/i-naerheden\/venedig-og-oeerne\/hvordan-man-kommer-til-venedig\/#breadcrumb\"},\"inLanguage\":\"da-DK\",\"potentialAction\":[{\"@type\":\"ReadAction\",\"target\":[\"https:\/\/www.casavio.com\/da\/i-naerheden\/venedig-og-oeerne\/hvordan-man-kommer-til-venedig\/\"]}]},{\"@type\":\"ImageObject\",\"inLanguage\":\"da-DK\",\"@id\":\"https:\/\/www.casavio.com\/da\/i-naerheden\/venedig-og-oeerne\/hvordan-man-kommer-til-venedig\/#primaryimage\",\"url\":\"https:\/\/www.casavio.com\/wp-content\/uploads\/2019\/11\/ca-savio-territorio-venezia-raggiungere-venezia.jpg\",\"contentUrl\":\"https:\/\/www.casavio.com\/wp-content\/uploads\/2019\/11\/ca-savio-territorio-venezia-raggiungere-venezia.jpg\",\"width\":440,\"height\":600},{\"@type\":\"BreadcrumbList\",\"@id\":\"https:\/\/www.casavio.com\/da\/i-naerheden\/venedig-og-oeerne\/hvordan-man-kommer-til-venedig\/#breadcrumb\",\"itemListElement\":[{\"@type\":\"ListItem\",\"position\":1,\"name\":\"Home\",\"item\":\"https:\/\/www.casavio.com\/da\/\"},{\"@type\":\"ListItem\",\"position\":2,\"name\":\"I n\u00e6rheden\",\"item\":\"https:\/\/www.casavio.com\/da\/i-naerheden\/\"},{\"@type\":\"ListItem\",\"position\":3,\"name\":\"Venedig og \u00f8erne\",\"item\":\"https:\/\/www.casavio.com\/da\/i-naerheden\/venedig-og-oeerne\/\"},{\"@type\":\"ListItem\",\"position\":4,\"name\":\"Hvordan man kommer til Venedig\"}]},{\"@type\":\"WebSite\",\"@id\":\"https:\/\/www.casavio.com\/da\/#website\",\"url\":\"https:\/\/www.casavio.com\/da\/\",\"name\":\"Camping Ca&#039; Savio\",\"description\":\"\",\"publisher\":{\"@id\":\"https:\/\/www.casavio.com\/da\/#organization\"},\"potentialAction\":[{\"@type\":\"SearchAction\",\"target\":{\"@type\":\"EntryPoint\",\"urlTemplate\":\"https:\/\/www.casavio.com\/da\/?s={search_term_string}\"},\"query-input\":{\"@type\":\"PropertyValueSpecification\",\"valueRequired\":true,\"valueName\":\"search_term_string\"}}],\"inLanguage\":\"da-DK\"},{\"@type\":\"Organization\",\"@id\":\"https:\/\/www.casavio.com\/da\/#organization\",\"name\":\"Camping Ca'Savio\",\"url\":\"https:\/\/www.casavio.com\/da\/\",\"logo\":{\"@type\":\"ImageObject\",\"inLanguage\":\"da-DK\",\"@id\":\"https:\/\/www.casavio.com\/da\/#\/schema\/logo\/image\/\",\"url\":\"https:\/\/www.casavio.com\/wp-content\/uploads\/2024\/04\/favicon.png\",\"contentUrl\":\"https:\/\/www.casavio.com\/wp-content\/uploads\/2024\/04\/favicon.png\",\"width\":144,\"height\":144,\"caption\":\"Camping Ca'Savio\"},\"image\":{\"@id\":\"https:\/\/www.casavio.com\/da\/#\/schema\/logo\/image\/\"},\"sameAs\":[\"https:\/\/www.facebook.com\/campingcasavio\",\"https:\/\/www.instagram.com\/campingcasavio\",\"https:\/\/www.youtube.com\/user\/campingcasavio\"]}]}<\/script>\n<!-- \/ Yoast SEO plugin. -->","yoast_head_json":{"title":"Hvordan Kommer man til Venedig fra Camping Ca'Savio med b\u00e5d &#8211; Camping Ca&#039; Savio","description":"Nyttige oplysninger til dig, der gerne vil til Venedig med afgang fra Camping Ca' Savio. Der afg\u00e5r en motorb\u00e5d hver halve time. Sp\u00f8rg i receptionen, n\u00e5r du ankommer.","robots":{"index":"index","follow":"follow","max-snippet":"max-snippet:-1","max-image-preview":"max-image-preview:large","max-video-preview":"max-video-preview:-1"},"canonical":"https:\/\/www.casavio.com\/da\/i-naerheden\/venedig-og-oeerne\/hvordan-man-kommer-til-venedig\/","og_locale":"da_DK","og_type":"article","og_title":"Hvordan Kommer man til Venedig fra Camping Ca'Savio med b\u00e5d &#8211; Camping Ca&#039; Savio","og_description":"Nyttige oplysninger til dig, der gerne vil til Venedig med afgang fra Camping Ca' Savio. Der afg\u00e5r en motorb\u00e5d hver halve time. Sp\u00f8rg i receptionen, n\u00e5r du ankommer.","og_url":"https:\/\/www.casavio.com\/da\/i-naerheden\/venedig-og-oeerne\/hvordan-man-kommer-til-venedig\/","og_site_name":"Camping Ca&#039; Savio","article_publisher":"https:\/\/www.facebook.com\/campingcasavio","article_modified_time":"2024-07-18T13:45:55+00:00","og_image":[{"width":440,"height":600,"url":"https:\/\/www.casavio.com\/wp-content\/uploads\/2019\/11\/ca-savio-territorio-venezia-raggiungere-venezia.jpg","type":"image\/jpeg"}],"twitter_card":"summary_large_image","twitter_misc":{"Estimeret l\u00e6setid":"2 minutter"},"schema":{"@context":"https:\/\/schema.org","@graph":[{"@type":"WebPage","@id":"https:\/\/www.casavio.com\/da\/i-naerheden\/venedig-og-oeerne\/hvordan-man-kommer-til-venedig\/","url":"https:\/\/www.casavio.com\/da\/i-naerheden\/venedig-og-oeerne\/hvordan-man-kommer-til-venedig\/","name":"Hvordan Kommer man til Venedig fra Camping Ca'Savio med b\u00e5d &#8211; Camping Ca&#039; Savio","isPartOf":{"@id":"https:\/\/www.casavio.com\/da\/#website"},"primaryImageOfPage":{"@id":"https:\/\/www.casavio.com\/da\/i-naerheden\/venedig-og-oeerne\/hvordan-man-kommer-til-venedig\/#primaryimage"},"image":{"@id":"https:\/\/www.casavio.com\/da\/i-naerheden\/venedig-og-oeerne\/hvordan-man-kommer-til-venedig\/#primaryimage"},"thumbnailUrl":"https:\/\/www.casavio.com\/wp-content\/uploads\/2019\/11\/ca-savio-territorio-venezia-raggiungere-venezia.jpg","datePublished":"2019-11-27T08:38:20+00:00","dateModified":"2024-07-18T13:45:55+00:00","description":"Nyttige oplysninger til dig, der gerne vil til Venedig med afgang fra Camping Ca' Savio. Der afg\u00e5r en motorb\u00e5d hver halve time. Sp\u00f8rg i receptionen, n\u00e5r du ankommer.","breadcrumb":{"@id":"https:\/\/www.casavio.com\/da\/i-naerheden\/venedig-og-oeerne\/hvordan-man-kommer-til-venedig\/#breadcrumb"},"inLanguage":"da-DK","potentialAction":[{"@type":"ReadAction","target":["https:\/\/www.casavio.com\/da\/i-naerheden\/venedig-og-oeerne\/hvordan-man-kommer-til-venedig\/"]}]},{"@type":"ImageObject","inLanguage":"da-DK","@id":"https:\/\/www.casavio.com\/da\/i-naerheden\/venedig-og-oeerne\/hvordan-man-kommer-til-venedig\/#primaryimage","url":"https:\/\/www.casavio.com\/wp-content\/uploads\/2019\/11\/ca-savio-territorio-venezia-raggiungere-venezia.jpg","contentUrl":"https:\/\/www.casavio.com\/wp-content\/uploads\/2019\/11\/ca-savio-territorio-venezia-raggiungere-venezia.jpg","width":440,"height":600},{"@type":"BreadcrumbList","@id":"https:\/\/www.casavio.com\/da\/i-naerheden\/venedig-og-oeerne\/hvordan-man-kommer-til-venedig\/#breadcrumb","itemListElement":[{"@type":"ListItem","position":1,"name":"Home","item":"https:\/\/www.casavio.com\/da\/"},{"@type":"ListItem","position":2,"name":"I n\u00e6rheden","item":"https:\/\/www.casavio.com\/da\/i-naerheden\/"},{"@type":"ListItem","position":3,"name":"Venedig og \u00f8erne","item":"https:\/\/www.casavio.com\/da\/i-naerheden\/venedig-og-oeerne\/"},{"@type":"ListItem","position":4,"name":"Hvordan man kommer til Venedig"}]},{"@type":"WebSite","@id":"https:\/\/www.casavio.com\/da\/#website","url":"https:\/\/www.casavio.com\/da\/","name":"Camping Ca&#039; Savio","description":"","publisher":{"@id":"https:\/\/www.casavio.com\/da\/#organization"},"potentialAction":[{"@type":"SearchAction","target":{"@type":"EntryPoint","urlTemplate":"https:\/\/www.casavio.com\/da\/?s={search_term_string}"},"query-input":{"@type":"PropertyValueSpecification","valueRequired":true,"valueName":"search_term_string"}}],"inLanguage":"da-DK"},{"@type":"Organization","@id":"https:\/\/www.casavio.com\/da\/#organization","name":"Camping Ca'Savio","url":"https:\/\/www.casavio.com\/da\/","logo":{"@type":"ImageObject","inLanguage":"da-DK","@id":"https:\/\/www.casavio.com\/da\/#\/schema\/logo\/image\/","url":"https:\/\/www.casavio.com\/wp-content\/uploads\/2024\/04\/favicon.png","contentUrl":"https:\/\/www.casavio.com\/wp-content\/uploads\/2024\/04\/favicon.png","width":144,"height":144,"caption":"Camping Ca'Savio"},"image":{"@id":"https:\/\/www.casavio.com\/da\/#\/schema\/logo\/image\/"},"sameAs":["https:\/\/www.facebook.com\/campingcasavio","https:\/\/www.instagram.com\/campingcasavio","https:\/\/www.youtube.com\/user\/campingcasavio"]}]}},"_links":{"self":[{"href":"https:\/\/www.casavio.com\/da\/wp-json\/wp\/v2\/pages\/9654","targetHints":{"allow":["GET"]}}],"collection":[{"href":"https:\/\/www.casavio.com\/da\/wp-json\/wp\/v2\/pages"}],"about":[{"href":"https:\/\/www.casavio.com\/da\/wp-json\/wp\/v2\/types\/page"}],"author":[{"embeddable":true,"href":"https:\/\/www.casavio.com\/da\/wp-json\/wp\/v2\/users\/4"}],"replies":[{"embeddable":true,"href":"https:\/\/www.casavio.com\/da\/wp-json\/wp\/v2\/comments?post=9654"}],"version-history":[{"count":2,"href":"https:\/\/www.casavio.com\/da\/wp-json\/wp\/v2\/pages\/9654\/revisions"}],"predecessor-version":[{"id":29430,"href":"https:\/\/www.casavio.com\/da\/wp-json\/wp\/v2\/pages\/9654\/revisions\/29430"}],"up":[{"embeddable":true,"href":"https:\/\/www.casavio.com\/da\/wp-json\/wp\/v2\/pages\/9648"}],"wp:featuredmedia":[{"embeddable":true,"href":"https:\/\/www.casavio.com\/da\/wp-json\/wp\/v2\/media\/4681"}],"wp:attachment":[{"href":"https:\/\/www.casavio.com\/da\/wp-json\/wp\/v2\/media?parent=9654"}],"curies":[{"name":"wp","href":"https:\/\/api.w.org\/{rel}","templated":true}]}}