{"id":9682,"date":"2019-11-07T11:32:36","date_gmt":"2019-11-07T10:32:36","guid":{"rendered":"https:\/\/www.casavio.com\/kontakter\/come-prenotare\/"},"modified":"2020-04-29T12:21:53","modified_gmt":"2020-04-29T10:21:53","slug":"saadan-booker-du","status":"publish","type":"page","link":"https:\/\/www.casavio.com\/da\/kontakter\/saadan-booker-du\/","title":{"rendered":"S\u00e5dan booker du"},"content":{"rendered":"<p>Vil du booke en rejse til Camping Ca&#8217; Savio? S\u00e5dan g\u00f8r du!<\/p>\n<h4><a href=\"https:\/\/booking.casavio.com\/\" target=\"_blank\" rel=\"noopener noreferrer\">Online<\/a><\/h4>\n<p>Kontroller hurtigt og nemt, om din foretrukne beboelsesenhed eller standplads er ledig, book dit ophold med blot et <strong>par klik<\/strong>, betal den p\u00e5kr\u00e6vede udbetaling sikkert <strong>med kreditkort\/PayPal<\/strong> og din booking vil <strong>straks blive bekr\u00e6ftet<\/strong>. Hvis du v\u00e6lger <strong>bankoverf\u00f8rsel<\/strong> som din betalingsmetode, vil du modtage en <strong>e-mail<\/strong> med bel\u00f8b, betalingsfrist og detaljer for at foretage betalingen.<\/p>\n<h4><a href=\"https:\/\/booking.casavio.com\/contact\" target=\"_blank\" rel=\"noopener noreferrer\">Foresp\u00f8rgsel via <u>formular<\/u><\/a><\/h4>\n<p>Hvis du foretr\u00e6kker at modtage et ikke bindende tilbud eller flere oplysninger fra vores medarbejdere, skal du udfylde formularen og angive antallet af personer, beboelsestype eller standplads.<\/p>\n<p>Hvis du beslutter dig for at booke, vil vi tjekke ledige pladser og g\u00f8re tilbuddet til en reservation, som du kan bekr\u00e6fte med betalingsmetoden efter eget valg.<\/p>\n<p>Bem\u00e6rk venligst, at:<\/p>\n<ul>\n<li>Den <strong>n\u00f8dvendige udbetaling<\/strong> for at bekr\u00e6fte din reservation er <strong>30% af den samlede v\u00e6rdi <\/strong>af ferien, og du vil betale saldoen direkte p\u00e5 campingpladsen under dit ophold.<\/li>\n<li>I tilf\u00e6lde af <strong>bankoverf\u00f8rsler<\/strong> til Vianello Vittorio S.p.A. bankkonto, afh\u00e6nger eventuelle provisionsomkostninger for transaktionen af din bank.<\/li>\n<li><strong>Brugernavn og adgangskode<\/strong>, der bruges til bookingen, er strengt personlige og kan knyttes til et enkelt reservationsnavn\/-ansvarlig.<\/li>\n<li>Brugernavn og adgangskode vil ogs\u00e5 v\u00e6re nyttige i fremtiden for andre bookinger og for at f\u00e5 adgang til det <a href=\"https:\/\/booking.casavio.com\" target=\"_blank\" rel=\"noopener noreferrer\">reserverede omr\u00e5de<\/a>, hvor du kan opdatere din profil, se detaljerne i dine bookinger og \u00e6ndre den tidligere valgte betalingsmetode, fra bankoverf\u00f8rsel til kreditkort\/PayPal og omvendt.<\/li>\n<\/ul>\n","protected":false},"excerpt":{"rendered":"<p>Alle indikationer, trin for trin.<\/p>\n","protected":false},"author":3,"featured_media":4384,"parent":9678,"menu_order":89,"comment_status":"closed","ping_status":"closed","template":"","meta":{"_acf_changed":false},"class_list":["post-9682","page","type-page","status-publish","has-post-thumbnail","hentry"],"acf":[],"yoast_head":"<!-- This site is optimized with the Yoast SEO plugin v25.3 - https:\/\/yoast.com\/wordpress\/plugins\/seo\/ -->\n<title>Book camping online &#8211; Camping Ca&#039; Savio<\/title>\n<meta name=\"description\" content=\"Sparer tid og omkostninger for din ferie. Begynd at spare ved at bestille campingpladsen ved Cavallino Treporti online. Tjek, om der er ledig plads, og f\u00e5 bekr\u00e6ftelse med nogle f\u00e5 klik!\" \/>\n<meta name=\"robots\" content=\"index, follow, max-snippet:-1, max-image-preview:large, max-video-preview:-1\" \/>\n<link rel=\"canonical\" href=\"https:\/\/www.casavio.com\/da\/kontakter\/saadan-booker-du\/\" \/>\n<meta property=\"og:locale\" content=\"da_DK\" \/>\n<meta property=\"og:type\" content=\"article\" \/>\n<meta property=\"og:title\" content=\"Book camping online &#8211; Camping Ca&#039; Savio\" \/>\n<meta property=\"og:description\" content=\"Sparer tid og omkostninger for din ferie. Begynd at spare ved at bestille campingpladsen ved Cavallino Treporti online. Tjek, om der er ledig plads, og f\u00e5 bekr\u00e6ftelse med nogle f\u00e5 klik!\" \/>\n<meta property=\"og:url\" content=\"https:\/\/www.casavio.com\/da\/kontakter\/saadan-booker-du\/\" \/>\n<meta property=\"og:site_name\" content=\"Camping Ca&#039; Savio\" \/>\n<meta property=\"article:publisher\" content=\"https:\/\/www.facebook.com\/campingcasavio\" \/>\n<meta property=\"article:modified_time\" content=\"2020-04-29T10:21:53+00:00\" \/>\n<meta property=\"og:image\" content=\"https:\/\/www.casavio.com\/wp-content\/uploads\/2019\/11\/ca-savio-contatti-come-prenotare.jpg\" \/>\n\t<meta property=\"og:image:width\" content=\"440\" \/>\n\t<meta property=\"og:image:height\" content=\"600\" \/>\n\t<meta property=\"og:image:type\" content=\"image\/jpeg\" \/>\n<meta name=\"twitter:card\" content=\"summary_large_image\" \/>\n<meta name=\"twitter:label1\" content=\"Estimeret l\u00e6setid\" \/>\n\t<meta name=\"twitter:data1\" content=\"1 minut\" \/>\n<script type=\"application\/ld+json\" class=\"yoast-schema-graph\">{\"@context\":\"https:\/\/schema.org\",\"@graph\":[{\"@type\":\"WebPage\",\"@id\":\"https:\/\/www.casavio.com\/da\/kontakter\/saadan-booker-du\/\",\"url\":\"https:\/\/www.casavio.com\/da\/kontakter\/saadan-booker-du\/\",\"name\":\"Book camping online &#8211; Camping Ca&#039; Savio\",\"isPartOf\":{\"@id\":\"https:\/\/www.casavio.com\/da\/#website\"},\"primaryImageOfPage\":{\"@id\":\"https:\/\/www.casavio.com\/da\/kontakter\/saadan-booker-du\/#primaryimage\"},\"image\":{\"@id\":\"https:\/\/www.casavio.com\/da\/kontakter\/saadan-booker-du\/#primaryimage\"},\"thumbnailUrl\":\"https:\/\/www.casavio.com\/wp-content\/uploads\/2019\/11\/ca-savio-contatti-come-prenotare.jpg\",\"datePublished\":\"2019-11-07T10:32:36+00:00\",\"dateModified\":\"2020-04-29T10:21:53+00:00\",\"description\":\"Sparer tid og omkostninger for din ferie. Begynd at spare ved at bestille campingpladsen ved Cavallino Treporti online. Tjek, om der er ledig plads, og f\u00e5 bekr\u00e6ftelse med nogle f\u00e5 klik!\",\"breadcrumb\":{\"@id\":\"https:\/\/www.casavio.com\/da\/kontakter\/saadan-booker-du\/#breadcrumb\"},\"inLanguage\":\"da-DK\",\"potentialAction\":[{\"@type\":\"ReadAction\",\"target\":[\"https:\/\/www.casavio.com\/da\/kontakter\/saadan-booker-du\/\"]}]},{\"@type\":\"ImageObject\",\"inLanguage\":\"da-DK\",\"@id\":\"https:\/\/www.casavio.com\/da\/kontakter\/saadan-booker-du\/#primaryimage\",\"url\":\"https:\/\/www.casavio.com\/wp-content\/uploads\/2019\/11\/ca-savio-contatti-come-prenotare.jpg\",\"contentUrl\":\"https:\/\/www.casavio.com\/wp-content\/uploads\/2019\/11\/ca-savio-contatti-come-prenotare.jpg\",\"width\":440,\"height\":600},{\"@type\":\"BreadcrumbList\",\"@id\":\"https:\/\/www.casavio.com\/da\/kontakter\/saadan-booker-du\/#breadcrumb\",\"itemListElement\":[{\"@type\":\"ListItem\",\"position\":1,\"name\":\"Home\",\"item\":\"https:\/\/www.casavio.com\/da\/\"},{\"@type\":\"ListItem\",\"position\":2,\"name\":\"Kontakter\",\"item\":\"https:\/\/www.casavio.com\/da\/kontakter\/\"},{\"@type\":\"ListItem\",\"position\":3,\"name\":\"S\u00e5dan booker du\"}]},{\"@type\":\"WebSite\",\"@id\":\"https:\/\/www.casavio.com\/da\/#website\",\"url\":\"https:\/\/www.casavio.com\/da\/\",\"name\":\"Camping Ca&#039; Savio\",\"description\":\"\",\"publisher\":{\"@id\":\"https:\/\/www.casavio.com\/da\/#organization\"},\"potentialAction\":[{\"@type\":\"SearchAction\",\"target\":{\"@type\":\"EntryPoint\",\"urlTemplate\":\"https:\/\/www.casavio.com\/da\/?s={search_term_string}\"},\"query-input\":{\"@type\":\"PropertyValueSpecification\",\"valueRequired\":true,\"valueName\":\"search_term_string\"}}],\"inLanguage\":\"da-DK\"},{\"@type\":\"Organization\",\"@id\":\"https:\/\/www.casavio.com\/da\/#organization\",\"name\":\"Camping Ca'Savio\",\"url\":\"https:\/\/www.casavio.com\/da\/\",\"logo\":{\"@type\":\"ImageObject\",\"inLanguage\":\"da-DK\",\"@id\":\"https:\/\/www.casavio.com\/da\/#\/schema\/logo\/image\/\",\"url\":\"https:\/\/www.casavio.com\/wp-content\/uploads\/2024\/04\/favicon.png\",\"contentUrl\":\"https:\/\/www.casavio.com\/wp-content\/uploads\/2024\/04\/favicon.png\",\"width\":144,\"height\":144,\"caption\":\"Camping Ca'Savio\"},\"image\":{\"@id\":\"https:\/\/www.casavio.com\/da\/#\/schema\/logo\/image\/\"},\"sameAs\":[\"https:\/\/www.facebook.com\/campingcasavio\",\"https:\/\/www.instagram.com\/campingcasavio\",\"https:\/\/www.youtube.com\/user\/campingcasavio\"]}]}<\/script>\n<!-- \/ Yoast SEO plugin. -->","yoast_head_json":{"title":"Book camping online &#8211; Camping Ca&#039; Savio","description":"Sparer tid og omkostninger for din ferie. Begynd at spare ved at bestille campingpladsen ved Cavallino Treporti online. Tjek, om der er ledig plads, og f\u00e5 bekr\u00e6ftelse med nogle f\u00e5 klik!","robots":{"index":"index","follow":"follow","max-snippet":"max-snippet:-1","max-image-preview":"max-image-preview:large","max-video-preview":"max-video-preview:-1"},"canonical":"https:\/\/www.casavio.com\/da\/kontakter\/saadan-booker-du\/","og_locale":"da_DK","og_type":"article","og_title":"Book camping online &#8211; Camping Ca&#039; Savio","og_description":"Sparer tid og omkostninger for din ferie. Begynd at spare ved at bestille campingpladsen ved Cavallino Treporti online. Tjek, om der er ledig plads, og f\u00e5 bekr\u00e6ftelse med nogle f\u00e5 klik!","og_url":"https:\/\/www.casavio.com\/da\/kontakter\/saadan-booker-du\/","og_site_name":"Camping Ca&#039; Savio","article_publisher":"https:\/\/www.facebook.com\/campingcasavio","article_modified_time":"2020-04-29T10:21:53+00:00","og_image":[{"width":440,"height":600,"url":"https:\/\/www.casavio.com\/wp-content\/uploads\/2019\/11\/ca-savio-contatti-come-prenotare.jpg","type":"image\/jpeg"}],"twitter_card":"summary_large_image","twitter_misc":{"Estimeret l\u00e6setid":"1 minut"},"schema":{"@context":"https:\/\/schema.org","@graph":[{"@type":"WebPage","@id":"https:\/\/www.casavio.com\/da\/kontakter\/saadan-booker-du\/","url":"https:\/\/www.casavio.com\/da\/kontakter\/saadan-booker-du\/","name":"Book camping online &#8211; Camping Ca&#039; Savio","isPartOf":{"@id":"https:\/\/www.casavio.com\/da\/#website"},"primaryImageOfPage":{"@id":"https:\/\/www.casavio.com\/da\/kontakter\/saadan-booker-du\/#primaryimage"},"image":{"@id":"https:\/\/www.casavio.com\/da\/kontakter\/saadan-booker-du\/#primaryimage"},"thumbnailUrl":"https:\/\/www.casavio.com\/wp-content\/uploads\/2019\/11\/ca-savio-contatti-come-prenotare.jpg","datePublished":"2019-11-07T10:32:36+00:00","dateModified":"2020-04-29T10:21:53+00:00","description":"Sparer tid og omkostninger for din ferie. Begynd at spare ved at bestille campingpladsen ved Cavallino Treporti online. Tjek, om der er ledig plads, og f\u00e5 bekr\u00e6ftelse med nogle f\u00e5 klik!","breadcrumb":{"@id":"https:\/\/www.casavio.com\/da\/kontakter\/saadan-booker-du\/#breadcrumb"},"inLanguage":"da-DK","potentialAction":[{"@type":"ReadAction","target":["https:\/\/www.casavio.com\/da\/kontakter\/saadan-booker-du\/"]}]},{"@type":"ImageObject","inLanguage":"da-DK","@id":"https:\/\/www.casavio.com\/da\/kontakter\/saadan-booker-du\/#primaryimage","url":"https:\/\/www.casavio.com\/wp-content\/uploads\/2019\/11\/ca-savio-contatti-come-prenotare.jpg","contentUrl":"https:\/\/www.casavio.com\/wp-content\/uploads\/2019\/11\/ca-savio-contatti-come-prenotare.jpg","width":440,"height":600},{"@type":"BreadcrumbList","@id":"https:\/\/www.casavio.com\/da\/kontakter\/saadan-booker-du\/#breadcrumb","itemListElement":[{"@type":"ListItem","position":1,"name":"Home","item":"https:\/\/www.casavio.com\/da\/"},{"@type":"ListItem","position":2,"name":"Kontakter","item":"https:\/\/www.casavio.com\/da\/kontakter\/"},{"@type":"ListItem","position":3,"name":"S\u00e5dan booker du"}]},{"@type":"WebSite","@id":"https:\/\/www.casavio.com\/da\/#website","url":"https:\/\/www.casavio.com\/da\/","name":"Camping Ca&#039; Savio","description":"","publisher":{"@id":"https:\/\/www.casavio.com\/da\/#organization"},"potentialAction":[{"@type":"SearchAction","target":{"@type":"EntryPoint","urlTemplate":"https:\/\/www.casavio.com\/da\/?s={search_term_string}"},"query-input":{"@type":"PropertyValueSpecification","valueRequired":true,"valueName":"search_term_string"}}],"inLanguage":"da-DK"},{"@type":"Organization","@id":"https:\/\/www.casavio.com\/da\/#organization","name":"Camping Ca'Savio","url":"https:\/\/www.casavio.com\/da\/","logo":{"@type":"ImageObject","inLanguage":"da-DK","@id":"https:\/\/www.casavio.com\/da\/#\/schema\/logo\/image\/","url":"https:\/\/www.casavio.com\/wp-content\/uploads\/2024\/04\/favicon.png","contentUrl":"https:\/\/www.casavio.com\/wp-content\/uploads\/2024\/04\/favicon.png","width":144,"height":144,"caption":"Camping Ca'Savio"},"image":{"@id":"https:\/\/www.casavio.com\/da\/#\/schema\/logo\/image\/"},"sameAs":["https:\/\/www.facebook.com\/campingcasavio","https:\/\/www.instagram.com\/campingcasavio","https:\/\/www.youtube.com\/user\/campingcasavio"]}]}},"_links":{"self":[{"href":"https:\/\/www.casavio.com\/da\/wp-json\/wp\/v2\/pages\/9682","targetHints":{"allow":["GET"]}}],"collection":[{"href":"https:\/\/www.casavio.com\/da\/wp-json\/wp\/v2\/pages"}],"about":[{"href":"https:\/\/www.casavio.com\/da\/wp-json\/wp\/v2\/types\/page"}],"author":[{"embeddable":true,"href":"https:\/\/www.casavio.com\/da\/wp-json\/wp\/v2\/users\/3"}],"replies":[{"embeddable":true,"href":"https:\/\/www.casavio.com\/da\/wp-json\/wp\/v2\/comments?post=9682"}],"version-history":[{"count":2,"href":"https:\/\/www.casavio.com\/da\/wp-json\/wp\/v2\/pages\/9682\/revisions"}],"predecessor-version":[{"id":10771,"href":"https:\/\/www.casavio.com\/da\/wp-json\/wp\/v2\/pages\/9682\/revisions\/10771"}],"up":[{"embeddable":true,"href":"https:\/\/www.casavio.com\/da\/wp-json\/wp\/v2\/pages\/9678"}],"wp:featuredmedia":[{"embeddable":true,"href":"https:\/\/www.casavio.com\/da\/wp-json\/wp\/v2\/media\/4384"}],"wp:attachment":[{"href":"https:\/\/www.casavio.com\/da\/wp-json\/wp\/v2\/media?parent=9682"}],"curies":[{"name":"wp","href":"https:\/\/api.w.org\/{rel}","templated":true}]}}