{"id":9690,"date":"2019-11-27T11:33:15","date_gmt":"2019-11-27T10:33:15","guid":{"rendered":"https:\/\/www.casavio.com\/her-er-vi\/come-raggiungerci-in-aereo\/"},"modified":"2026-02-05T12:49:25","modified_gmt":"2026-02-05T11:49:25","slug":"saadan-finder-du-os-paa-flyet","status":"publish","type":"page","link":"https:\/\/www.casavio.com\/da\/her-er-vi\/saadan-finder-du-os-paa-flyet\/","title":{"rendered":"P\u00e5 flyet"},"content":{"rendered":"<p>Fra lufthavnen\u00a0Venice \u201cMarco Polo\u201d\u00a0(cirka 50 km) eller fra lufthavnen\u00a0Treviso\u00a0(cirka 60 km) kan man komme frem til campingpladsen p\u00e5 f\u00f8lgende m\u00e5de:<\/p>\n<h4><strong>1. Bus: forbindelse lufthavn Venice &#8211; campingplads<br \/>\n<\/strong><\/h4>\n<p>Fra lufthavnen i\u00a0<strong>Venedig<\/strong> skal man tage bussen direkte til Jesolo og ved sidste stoppested (Bus Station) change e skifte til bus nr. 5 til Punta Sabbioni og st\u00e5 af i centrum Ca\u2019Savio.<\/p>\n<h4><strong>2. Bus: service fra Treviso lufthavn til campingpladsen<\/strong><\/h4>\n<p>Fra Treviso lufthavn kan campingpladsen n\u00e5s med et busskift i Mestre FS og Jesolo. Ved Mestre togstation skal du tage den direkte bus til Jesolo. Ved sidste stop (busstationen) skal du skifte til bus nr. 5 til Punta Sabbioni og st\u00e5 af i centrum af Ca&#8217;Savio.<\/p>\n<p>Inden afrejse anbefaler vi, at du tjekker de opdaterede priser og k\u00f8replaner p\u00e5 transportselskabet <a href=\"https:\/\/www.atvo.it\/index.php?lingua=en&amp;area=menustandard&amp;idpadre=25&amp;idmenu=25\" target=\"_blank\" rel=\"noopener\">ATVO<\/a>&#8216;s officielle hjemmeside.<\/p>\n<h4><strong>3. Taxi<\/strong><\/h4>\n<p>Vi har tegnet en kontrakt om <a href=\"https:\/\/www.casavio.com\/da\/faciliteter\/ekstra-serviceydelser\/lufthavnstransfer\/\">transfer<\/a> til campingpladsen Ca\u2019Savio med lufthavnstransfer.<\/p>\n","protected":false},"excerpt":{"rendered":"<p>Fra Marco Polo Lufthavn i Venedig og Treviso Lufthavn.<\/p>\n","protected":false},"author":4,"featured_media":6892,"parent":9685,"menu_order":0,"comment_status":"closed","ping_status":"closed","template":"","meta":{"_acf_changed":false},"class_list":["post-9690","page","type-page","status-publish","has-post-thumbnail","hentry"],"acf":[],"yoast_head":"<!-- This site is optimized with the Yoast SEO plugin v25.3 - https:\/\/yoast.com\/wordpress\/plugins\/seo\/ -->\n<title>Her er vi og s\u00e5dan kommer du frem med fly &#8211; Camping Ca&#039; Savio<\/title>\n<meta name=\"description\" content=\"Oplysninger om, hvordan du finder os, n\u00e5r du lander i Venedig eller Treviso. Se de serviceydelser og rabatter, der kun g\u00e6lder for campingpladsens g\u00e6ster.\" \/>\n<meta name=\"robots\" content=\"index, follow, max-snippet:-1, max-image-preview:large, max-video-preview:-1\" \/>\n<link rel=\"canonical\" href=\"https:\/\/www.casavio.com\/da\/her-er-vi\/saadan-finder-du-os-paa-flyet\/\" \/>\n<meta property=\"og:locale\" content=\"da_DK\" \/>\n<meta property=\"og:type\" content=\"article\" \/>\n<meta property=\"og:title\" content=\"Her er vi og s\u00e5dan kommer du frem med fly &#8211; Camping Ca&#039; Savio\" \/>\n<meta property=\"og:description\" content=\"Oplysninger om, hvordan du finder os, n\u00e5r du lander i Venedig eller Treviso. Se de serviceydelser og rabatter, der kun g\u00e6lder for campingpladsens g\u00e6ster.\" \/>\n<meta property=\"og:url\" content=\"https:\/\/www.casavio.com\/da\/her-er-vi\/saadan-finder-du-os-paa-flyet\/\" \/>\n<meta property=\"og:site_name\" content=\"Camping Ca&#039; Savio\" \/>\n<meta property=\"article:publisher\" content=\"https:\/\/www.facebook.com\/campingcasavio\" \/>\n<meta property=\"article:modified_time\" content=\"2026-02-05T11:49:25+00:00\" \/>\n<meta property=\"og:image\" content=\"https:\/\/www.casavio.com\/wp-content\/uploads\/2020\/01\/ca-savio-dove-siamo-in-aereo-box-2.jpg\" \/>\n\t<meta property=\"og:image:width\" content=\"440\" \/>\n\t<meta property=\"og:image:height\" content=\"600\" \/>\n\t<meta property=\"og:image:type\" content=\"image\/jpeg\" \/>\n<meta name=\"twitter:card\" content=\"summary_large_image\" \/>\n<meta name=\"twitter:label1\" content=\"Estimeret l\u00e6setid\" \/>\n\t<meta name=\"twitter:data1\" content=\"1 minut\" \/>\n<script type=\"application\/ld+json\" class=\"yoast-schema-graph\">{\"@context\":\"https:\/\/schema.org\",\"@graph\":[{\"@type\":\"WebPage\",\"@id\":\"https:\/\/www.casavio.com\/da\/her-er-vi\/saadan-finder-du-os-paa-flyet\/\",\"url\":\"https:\/\/www.casavio.com\/da\/her-er-vi\/saadan-finder-du-os-paa-flyet\/\",\"name\":\"Her er vi og s\u00e5dan kommer du frem med fly &#8211; Camping Ca&#039; Savio\",\"isPartOf\":{\"@id\":\"https:\/\/www.casavio.com\/da\/#website\"},\"primaryImageOfPage\":{\"@id\":\"https:\/\/www.casavio.com\/da\/her-er-vi\/saadan-finder-du-os-paa-flyet\/#primaryimage\"},\"image\":{\"@id\":\"https:\/\/www.casavio.com\/da\/her-er-vi\/saadan-finder-du-os-paa-flyet\/#primaryimage\"},\"thumbnailUrl\":\"https:\/\/www.casavio.com\/wp-content\/uploads\/2020\/01\/ca-savio-dove-siamo-in-aereo-box-2.jpg\",\"datePublished\":\"2019-11-27T10:33:15+00:00\",\"dateModified\":\"2026-02-05T11:49:25+00:00\",\"description\":\"Oplysninger om, hvordan du finder os, n\u00e5r du lander i Venedig eller Treviso. Se de serviceydelser og rabatter, der kun g\u00e6lder for campingpladsens g\u00e6ster.\",\"breadcrumb\":{\"@id\":\"https:\/\/www.casavio.com\/da\/her-er-vi\/saadan-finder-du-os-paa-flyet\/#breadcrumb\"},\"inLanguage\":\"da-DK\",\"potentialAction\":[{\"@type\":\"ReadAction\",\"target\":[\"https:\/\/www.casavio.com\/da\/her-er-vi\/saadan-finder-du-os-paa-flyet\/\"]}]},{\"@type\":\"ImageObject\",\"inLanguage\":\"da-DK\",\"@id\":\"https:\/\/www.casavio.com\/da\/her-er-vi\/saadan-finder-du-os-paa-flyet\/#primaryimage\",\"url\":\"https:\/\/www.casavio.com\/wp-content\/uploads\/2020\/01\/ca-savio-dove-siamo-in-aereo-box-2.jpg\",\"contentUrl\":\"https:\/\/www.casavio.com\/wp-content\/uploads\/2020\/01\/ca-savio-dove-siamo-in-aereo-box-2.jpg\",\"width\":440,\"height\":600},{\"@type\":\"BreadcrumbList\",\"@id\":\"https:\/\/www.casavio.com\/da\/her-er-vi\/saadan-finder-du-os-paa-flyet\/#breadcrumb\",\"itemListElement\":[{\"@type\":\"ListItem\",\"position\":1,\"name\":\"Home\",\"item\":\"https:\/\/www.casavio.com\/da\/\"},{\"@type\":\"ListItem\",\"position\":2,\"name\":\"Her er vi\",\"item\":\"https:\/\/www.casavio.com\/da\/her-er-vi\/\"},{\"@type\":\"ListItem\",\"position\":3,\"name\":\"P\u00e5 flyet\"}]},{\"@type\":\"WebSite\",\"@id\":\"https:\/\/www.casavio.com\/da\/#website\",\"url\":\"https:\/\/www.casavio.com\/da\/\",\"name\":\"Camping Ca&#039; Savio\",\"description\":\"\",\"publisher\":{\"@id\":\"https:\/\/www.casavio.com\/da\/#organization\"},\"potentialAction\":[{\"@type\":\"SearchAction\",\"target\":{\"@type\":\"EntryPoint\",\"urlTemplate\":\"https:\/\/www.casavio.com\/da\/?s={search_term_string}\"},\"query-input\":{\"@type\":\"PropertyValueSpecification\",\"valueRequired\":true,\"valueName\":\"search_term_string\"}}],\"inLanguage\":\"da-DK\"},{\"@type\":\"Organization\",\"@id\":\"https:\/\/www.casavio.com\/da\/#organization\",\"name\":\"Camping Ca'Savio\",\"url\":\"https:\/\/www.casavio.com\/da\/\",\"logo\":{\"@type\":\"ImageObject\",\"inLanguage\":\"da-DK\",\"@id\":\"https:\/\/www.casavio.com\/da\/#\/schema\/logo\/image\/\",\"url\":\"https:\/\/www.casavio.com\/wp-content\/uploads\/2024\/04\/favicon.png\",\"contentUrl\":\"https:\/\/www.casavio.com\/wp-content\/uploads\/2024\/04\/favicon.png\",\"width\":144,\"height\":144,\"caption\":\"Camping Ca'Savio\"},\"image\":{\"@id\":\"https:\/\/www.casavio.com\/da\/#\/schema\/logo\/image\/\"},\"sameAs\":[\"https:\/\/www.facebook.com\/campingcasavio\",\"https:\/\/www.instagram.com\/campingcasavio\",\"https:\/\/www.youtube.com\/user\/campingcasavio\"]}]}<\/script>\n<!-- \/ Yoast SEO plugin. -->","yoast_head_json":{"title":"Her er vi og s\u00e5dan kommer du frem med fly &#8211; Camping Ca&#039; Savio","description":"Oplysninger om, hvordan du finder os, n\u00e5r du lander i Venedig eller Treviso. Se de serviceydelser og rabatter, der kun g\u00e6lder for campingpladsens g\u00e6ster.","robots":{"index":"index","follow":"follow","max-snippet":"max-snippet:-1","max-image-preview":"max-image-preview:large","max-video-preview":"max-video-preview:-1"},"canonical":"https:\/\/www.casavio.com\/da\/her-er-vi\/saadan-finder-du-os-paa-flyet\/","og_locale":"da_DK","og_type":"article","og_title":"Her er vi og s\u00e5dan kommer du frem med fly &#8211; Camping Ca&#039; Savio","og_description":"Oplysninger om, hvordan du finder os, n\u00e5r du lander i Venedig eller Treviso. Se de serviceydelser og rabatter, der kun g\u00e6lder for campingpladsens g\u00e6ster.","og_url":"https:\/\/www.casavio.com\/da\/her-er-vi\/saadan-finder-du-os-paa-flyet\/","og_site_name":"Camping Ca&#039; Savio","article_publisher":"https:\/\/www.facebook.com\/campingcasavio","article_modified_time":"2026-02-05T11:49:25+00:00","og_image":[{"width":440,"height":600,"url":"https:\/\/www.casavio.com\/wp-content\/uploads\/2020\/01\/ca-savio-dove-siamo-in-aereo-box-2.jpg","type":"image\/jpeg"}],"twitter_card":"summary_large_image","twitter_misc":{"Estimeret l\u00e6setid":"1 minut"},"schema":{"@context":"https:\/\/schema.org","@graph":[{"@type":"WebPage","@id":"https:\/\/www.casavio.com\/da\/her-er-vi\/saadan-finder-du-os-paa-flyet\/","url":"https:\/\/www.casavio.com\/da\/her-er-vi\/saadan-finder-du-os-paa-flyet\/","name":"Her er vi og s\u00e5dan kommer du frem med fly &#8211; Camping Ca&#039; Savio","isPartOf":{"@id":"https:\/\/www.casavio.com\/da\/#website"},"primaryImageOfPage":{"@id":"https:\/\/www.casavio.com\/da\/her-er-vi\/saadan-finder-du-os-paa-flyet\/#primaryimage"},"image":{"@id":"https:\/\/www.casavio.com\/da\/her-er-vi\/saadan-finder-du-os-paa-flyet\/#primaryimage"},"thumbnailUrl":"https:\/\/www.casavio.com\/wp-content\/uploads\/2020\/01\/ca-savio-dove-siamo-in-aereo-box-2.jpg","datePublished":"2019-11-27T10:33:15+00:00","dateModified":"2026-02-05T11:49:25+00:00","description":"Oplysninger om, hvordan du finder os, n\u00e5r du lander i Venedig eller Treviso. Se de serviceydelser og rabatter, der kun g\u00e6lder for campingpladsens g\u00e6ster.","breadcrumb":{"@id":"https:\/\/www.casavio.com\/da\/her-er-vi\/saadan-finder-du-os-paa-flyet\/#breadcrumb"},"inLanguage":"da-DK","potentialAction":[{"@type":"ReadAction","target":["https:\/\/www.casavio.com\/da\/her-er-vi\/saadan-finder-du-os-paa-flyet\/"]}]},{"@type":"ImageObject","inLanguage":"da-DK","@id":"https:\/\/www.casavio.com\/da\/her-er-vi\/saadan-finder-du-os-paa-flyet\/#primaryimage","url":"https:\/\/www.casavio.com\/wp-content\/uploads\/2020\/01\/ca-savio-dove-siamo-in-aereo-box-2.jpg","contentUrl":"https:\/\/www.casavio.com\/wp-content\/uploads\/2020\/01\/ca-savio-dove-siamo-in-aereo-box-2.jpg","width":440,"height":600},{"@type":"BreadcrumbList","@id":"https:\/\/www.casavio.com\/da\/her-er-vi\/saadan-finder-du-os-paa-flyet\/#breadcrumb","itemListElement":[{"@type":"ListItem","position":1,"name":"Home","item":"https:\/\/www.casavio.com\/da\/"},{"@type":"ListItem","position":2,"name":"Her er vi","item":"https:\/\/www.casavio.com\/da\/her-er-vi\/"},{"@type":"ListItem","position":3,"name":"P\u00e5 flyet"}]},{"@type":"WebSite","@id":"https:\/\/www.casavio.com\/da\/#website","url":"https:\/\/www.casavio.com\/da\/","name":"Camping Ca&#039; Savio","description":"","publisher":{"@id":"https:\/\/www.casavio.com\/da\/#organization"},"potentialAction":[{"@type":"SearchAction","target":{"@type":"EntryPoint","urlTemplate":"https:\/\/www.casavio.com\/da\/?s={search_term_string}"},"query-input":{"@type":"PropertyValueSpecification","valueRequired":true,"valueName":"search_term_string"}}],"inLanguage":"da-DK"},{"@type":"Organization","@id":"https:\/\/www.casavio.com\/da\/#organization","name":"Camping Ca'Savio","url":"https:\/\/www.casavio.com\/da\/","logo":{"@type":"ImageObject","inLanguage":"da-DK","@id":"https:\/\/www.casavio.com\/da\/#\/schema\/logo\/image\/","url":"https:\/\/www.casavio.com\/wp-content\/uploads\/2024\/04\/favicon.png","contentUrl":"https:\/\/www.casavio.com\/wp-content\/uploads\/2024\/04\/favicon.png","width":144,"height":144,"caption":"Camping Ca'Savio"},"image":{"@id":"https:\/\/www.casavio.com\/da\/#\/schema\/logo\/image\/"},"sameAs":["https:\/\/www.facebook.com\/campingcasavio","https:\/\/www.instagram.com\/campingcasavio","https:\/\/www.youtube.com\/user\/campingcasavio"]}]}},"_links":{"self":[{"href":"https:\/\/www.casavio.com\/da\/wp-json\/wp\/v2\/pages\/9690","targetHints":{"allow":["GET"]}}],"collection":[{"href":"https:\/\/www.casavio.com\/da\/wp-json\/wp\/v2\/pages"}],"about":[{"href":"https:\/\/www.casavio.com\/da\/wp-json\/wp\/v2\/types\/page"}],"author":[{"embeddable":true,"href":"https:\/\/www.casavio.com\/da\/wp-json\/wp\/v2\/users\/4"}],"replies":[{"embeddable":true,"href":"https:\/\/www.casavio.com\/da\/wp-json\/wp\/v2\/comments?post=9690"}],"version-history":[{"count":2,"href":"https:\/\/www.casavio.com\/da\/wp-json\/wp\/v2\/pages\/9690\/revisions"}],"predecessor-version":[{"id":27355,"href":"https:\/\/www.casavio.com\/da\/wp-json\/wp\/v2\/pages\/9690\/revisions\/27355"}],"up":[{"embeddable":true,"href":"https:\/\/www.casavio.com\/da\/wp-json\/wp\/v2\/pages\/9685"}],"wp:featuredmedia":[{"embeddable":true,"href":"https:\/\/www.casavio.com\/da\/wp-json\/wp\/v2\/media\/6892"}],"wp:attachment":[{"href":"https:\/\/www.casavio.com\/da\/wp-json\/wp\/v2\/media?parent=9690"}],"curies":[{"name":"wp","href":"https:\/\/api.w.org\/{rel}","templated":true}]}}