{"id":9699,"date":"2019-11-27T11:54:29","date_gmt":"2019-11-27T10:54:29","guid":{"rendered":"https:\/\/www.casavio.com\/her-er-vi\/come-raggiungerci-in-treno\/"},"modified":"2026-02-05T12:56:59","modified_gmt":"2026-02-05T11:56:59","slug":"saadan-finder-du-os-med-tog","status":"publish","type":"page","link":"https:\/\/www.casavio.com\/da\/her-er-vi\/saadan-finder-du-os-med-tog\/","title":{"rendered":"Med tog"},"content":{"rendered":"<p>V\u00e6lg toget for at komme til Camping Ca\u2019Savio: det er en af de mest milj\u00f8venlige m\u00e5der at komme hertil p\u00e5. Du hj\u00e6lper os med at st\u00f8tte vores engagement i regenerativ turisme, og du f\u00e5r en afslappet rejse.<\/p>\n<p><strong>S\u00e5dan kommer du til Camping Ca\u2019Savio med tog<\/strong><\/p>\n<p>Der er to togstationer i n\u00e6rheden: <strong>Venezia Santa Lucia <\/strong>og<strong> Venezia-Mestre<\/strong>.<\/p>\n<p>Det er mere attraktivt at tage til Venedig St. Lucia, men du skal skifte to gange med b\u00e5d og derefter tage bussen til campingpladsen.<br \/>\n<strong>Venice-Mestre<\/strong> togstation er bestemt mere praktisk, <strong>og vi anbefaler den<\/strong>.<\/p>\n<p>N\u00e5r du ankommer til Venice-Mestre togstation, kan du komme hertil med <strong>offentlig transport<\/strong>:<\/p>\n<ul>\n<li>Tag bussen fra selskabet\u00a0ATVO\u00a0(i retning af Jesolo Lido) ved stoppestedet foran stationen, p\u00e5 samme side af vejen, og k\u00f8r med den til sidste stoppested (<strong>Jesolo Lido bus station<\/strong>)<\/li>\n<li>Herfra tager man bus nummer 5 (igen fra selskabet ATVO) til\u00a0<strong>Punta Sabbioni<\/strong> og st\u00e5r af i centrum af Ca\u2019Savio<\/li>\n<li>Campingpladsen ligger i retning af stranden, cirka\u00a0<strong>800m<\/strong>\u00a0fra centrum af Ca\u2019Savio, hvilket svarer til en g\u00e5afstand p\u00e5 cirka 10 minutter.<\/li>\n<\/ul>\n<p>Alternativt kan vi arrangere en <strong>taxatransport<\/strong> fra <strong>Venice-Mestre togstation til campingpladsen<\/strong>. Anmod om denne service ved at udfylde nedenst\u00e5ende formular.<\/p>\n","protected":false},"excerpt":{"rendered":"<p>Fra stationen i Venedig Mestre og Venedig St. Lucia.<\/p>\n","protected":false},"author":4,"featured_media":29758,"parent":9685,"menu_order":0,"comment_status":"closed","ping_status":"closed","template":"templates\/tpl-taxi-transfer-train.php","meta":{"_acf_changed":false},"class_list":["post-9699","page","type-page","status-publish","has-post-thumbnail","hentry"],"acf":[],"yoast_head":"<!-- This site is optimized with the Yoast SEO plugin v25.3 - https:\/\/yoast.com\/wordpress\/plugins\/seo\/ -->\n<title>Her er vi og S\u00e5dan kommer du frem med tog &#8211; Camping Ca&#039; Savio<\/title>\n<meta name=\"description\" content=\"Oplysninger om, hvordan du finder os, hvis du kommer med toget. Ca&#039; Savio st\u00e5r til din r\u00e5dighed med den n\u00f8dvendige hj\u00e6lp. Kontakt os for flere oplysninger.\" \/>\n<meta name=\"robots\" content=\"index, follow, max-snippet:-1, max-image-preview:large, max-video-preview:-1\" \/>\n<link rel=\"canonical\" href=\"https:\/\/www.casavio.com\/da\/her-er-vi\/saadan-finder-du-os-med-tog\/\" \/>\n<meta property=\"og:locale\" content=\"da_DK\" \/>\n<meta property=\"og:type\" content=\"article\" \/>\n<meta property=\"og:title\" content=\"Her er vi og S\u00e5dan kommer du frem med tog &#8211; Camping Ca&#039; Savio\" \/>\n<meta property=\"og:description\" content=\"Oplysninger om, hvordan du finder os, hvis du kommer med toget. Ca&#039; Savio st\u00e5r til din r\u00e5dighed med den n\u00f8dvendige hj\u00e6lp. Kontakt os for flere oplysninger.\" \/>\n<meta property=\"og:url\" content=\"https:\/\/www.casavio.com\/da\/her-er-vi\/saadan-finder-du-os-med-tog\/\" \/>\n<meta property=\"og:site_name\" content=\"Camping Ca&#039; Savio\" \/>\n<meta property=\"article:publisher\" content=\"https:\/\/www.facebook.com\/campingcasavio\" \/>\n<meta property=\"article:modified_time\" content=\"2026-02-05T11:56:59+00:00\" \/>\n<meta property=\"og:image\" content=\"https:\/\/www.casavio.com\/wp-content\/uploads\/2024\/02\/treno_v.jpg\" \/>\n\t<meta property=\"og:image:width\" content=\"440\" \/>\n\t<meta property=\"og:image:height\" content=\"600\" \/>\n\t<meta property=\"og:image:type\" content=\"image\/jpeg\" \/>\n<meta name=\"twitter:card\" content=\"summary_large_image\" \/>\n<meta name=\"twitter:label1\" content=\"Estimeret l\u00e6setid\" \/>\n\t<meta name=\"twitter:data1\" content=\"2 minutter\" \/>\n<script type=\"application\/ld+json\" class=\"yoast-schema-graph\">{\"@context\":\"https:\/\/schema.org\",\"@graph\":[{\"@type\":\"WebPage\",\"@id\":\"https:\/\/www.casavio.com\/da\/her-er-vi\/saadan-finder-du-os-med-tog\/\",\"url\":\"https:\/\/www.casavio.com\/da\/her-er-vi\/saadan-finder-du-os-med-tog\/\",\"name\":\"Her er vi og S\u00e5dan kommer du frem med tog &#8211; Camping Ca&#039; Savio\",\"isPartOf\":{\"@id\":\"https:\/\/www.casavio.com\/da\/#website\"},\"primaryImageOfPage\":{\"@id\":\"https:\/\/www.casavio.com\/da\/her-er-vi\/saadan-finder-du-os-med-tog\/#primaryimage\"},\"image\":{\"@id\":\"https:\/\/www.casavio.com\/da\/her-er-vi\/saadan-finder-du-os-med-tog\/#primaryimage\"},\"thumbnailUrl\":\"https:\/\/www.casavio.com\/wp-content\/uploads\/2024\/02\/treno_v.jpg\",\"datePublished\":\"2019-11-27T10:54:29+00:00\",\"dateModified\":\"2026-02-05T11:56:59+00:00\",\"description\":\"Oplysninger om, hvordan du finder os, hvis du kommer med toget. Ca' Savio st\u00e5r til din r\u00e5dighed med den n\u00f8dvendige hj\u00e6lp. Kontakt os for flere oplysninger.\",\"breadcrumb\":{\"@id\":\"https:\/\/www.casavio.com\/da\/her-er-vi\/saadan-finder-du-os-med-tog\/#breadcrumb\"},\"inLanguage\":\"da-DK\",\"potentialAction\":[{\"@type\":\"ReadAction\",\"target\":[\"https:\/\/www.casavio.com\/da\/her-er-vi\/saadan-finder-du-os-med-tog\/\"]}]},{\"@type\":\"ImageObject\",\"inLanguage\":\"da-DK\",\"@id\":\"https:\/\/www.casavio.com\/da\/her-er-vi\/saadan-finder-du-os-med-tog\/#primaryimage\",\"url\":\"https:\/\/www.casavio.com\/wp-content\/uploads\/2024\/02\/treno_v.jpg\",\"contentUrl\":\"https:\/\/www.casavio.com\/wp-content\/uploads\/2024\/02\/treno_v.jpg\",\"width\":440,\"height\":600},{\"@type\":\"BreadcrumbList\",\"@id\":\"https:\/\/www.casavio.com\/da\/her-er-vi\/saadan-finder-du-os-med-tog\/#breadcrumb\",\"itemListElement\":[{\"@type\":\"ListItem\",\"position\":1,\"name\":\"Home\",\"item\":\"https:\/\/www.casavio.com\/da\/\"},{\"@type\":\"ListItem\",\"position\":2,\"name\":\"Her er vi\",\"item\":\"https:\/\/www.casavio.com\/da\/her-er-vi\/\"},{\"@type\":\"ListItem\",\"position\":3,\"name\":\"Med tog\"}]},{\"@type\":\"WebSite\",\"@id\":\"https:\/\/www.casavio.com\/da\/#website\",\"url\":\"https:\/\/www.casavio.com\/da\/\",\"name\":\"Camping Ca&#039; Savio\",\"description\":\"\",\"publisher\":{\"@id\":\"https:\/\/www.casavio.com\/da\/#organization\"},\"potentialAction\":[{\"@type\":\"SearchAction\",\"target\":{\"@type\":\"EntryPoint\",\"urlTemplate\":\"https:\/\/www.casavio.com\/da\/?s={search_term_string}\"},\"query-input\":{\"@type\":\"PropertyValueSpecification\",\"valueRequired\":true,\"valueName\":\"search_term_string\"}}],\"inLanguage\":\"da-DK\"},{\"@type\":\"Organization\",\"@id\":\"https:\/\/www.casavio.com\/da\/#organization\",\"name\":\"Camping Ca'Savio\",\"url\":\"https:\/\/www.casavio.com\/da\/\",\"logo\":{\"@type\":\"ImageObject\",\"inLanguage\":\"da-DK\",\"@id\":\"https:\/\/www.casavio.com\/da\/#\/schema\/logo\/image\/\",\"url\":\"https:\/\/www.casavio.com\/wp-content\/uploads\/2024\/04\/favicon.png\",\"contentUrl\":\"https:\/\/www.casavio.com\/wp-content\/uploads\/2024\/04\/favicon.png\",\"width\":144,\"height\":144,\"caption\":\"Camping Ca'Savio\"},\"image\":{\"@id\":\"https:\/\/www.casavio.com\/da\/#\/schema\/logo\/image\/\"},\"sameAs\":[\"https:\/\/www.facebook.com\/campingcasavio\",\"https:\/\/www.instagram.com\/campingcasavio\",\"https:\/\/www.youtube.com\/user\/campingcasavio\"]}]}<\/script>\n<!-- \/ Yoast SEO plugin. -->","yoast_head_json":{"title":"Her er vi og S\u00e5dan kommer du frem med tog &#8211; Camping Ca&#039; Savio","description":"Oplysninger om, hvordan du finder os, hvis du kommer med toget. Ca' Savio st\u00e5r til din r\u00e5dighed med den n\u00f8dvendige hj\u00e6lp. Kontakt os for flere oplysninger.","robots":{"index":"index","follow":"follow","max-snippet":"max-snippet:-1","max-image-preview":"max-image-preview:large","max-video-preview":"max-video-preview:-1"},"canonical":"https:\/\/www.casavio.com\/da\/her-er-vi\/saadan-finder-du-os-med-tog\/","og_locale":"da_DK","og_type":"article","og_title":"Her er vi og S\u00e5dan kommer du frem med tog &#8211; Camping Ca&#039; Savio","og_description":"Oplysninger om, hvordan du finder os, hvis du kommer med toget. Ca' Savio st\u00e5r til din r\u00e5dighed med den n\u00f8dvendige hj\u00e6lp. Kontakt os for flere oplysninger.","og_url":"https:\/\/www.casavio.com\/da\/her-er-vi\/saadan-finder-du-os-med-tog\/","og_site_name":"Camping Ca&#039; Savio","article_publisher":"https:\/\/www.facebook.com\/campingcasavio","article_modified_time":"2026-02-05T11:56:59+00:00","og_image":[{"width":440,"height":600,"url":"https:\/\/www.casavio.com\/wp-content\/uploads\/2024\/02\/treno_v.jpg","type":"image\/jpeg"}],"twitter_card":"summary_large_image","twitter_misc":{"Estimeret l\u00e6setid":"2 minutter"},"schema":{"@context":"https:\/\/schema.org","@graph":[{"@type":"WebPage","@id":"https:\/\/www.casavio.com\/da\/her-er-vi\/saadan-finder-du-os-med-tog\/","url":"https:\/\/www.casavio.com\/da\/her-er-vi\/saadan-finder-du-os-med-tog\/","name":"Her er vi og S\u00e5dan kommer du frem med tog &#8211; Camping Ca&#039; Savio","isPartOf":{"@id":"https:\/\/www.casavio.com\/da\/#website"},"primaryImageOfPage":{"@id":"https:\/\/www.casavio.com\/da\/her-er-vi\/saadan-finder-du-os-med-tog\/#primaryimage"},"image":{"@id":"https:\/\/www.casavio.com\/da\/her-er-vi\/saadan-finder-du-os-med-tog\/#primaryimage"},"thumbnailUrl":"https:\/\/www.casavio.com\/wp-content\/uploads\/2024\/02\/treno_v.jpg","datePublished":"2019-11-27T10:54:29+00:00","dateModified":"2026-02-05T11:56:59+00:00","description":"Oplysninger om, hvordan du finder os, hvis du kommer med toget. Ca' Savio st\u00e5r til din r\u00e5dighed med den n\u00f8dvendige hj\u00e6lp. Kontakt os for flere oplysninger.","breadcrumb":{"@id":"https:\/\/www.casavio.com\/da\/her-er-vi\/saadan-finder-du-os-med-tog\/#breadcrumb"},"inLanguage":"da-DK","potentialAction":[{"@type":"ReadAction","target":["https:\/\/www.casavio.com\/da\/her-er-vi\/saadan-finder-du-os-med-tog\/"]}]},{"@type":"ImageObject","inLanguage":"da-DK","@id":"https:\/\/www.casavio.com\/da\/her-er-vi\/saadan-finder-du-os-med-tog\/#primaryimage","url":"https:\/\/www.casavio.com\/wp-content\/uploads\/2024\/02\/treno_v.jpg","contentUrl":"https:\/\/www.casavio.com\/wp-content\/uploads\/2024\/02\/treno_v.jpg","width":440,"height":600},{"@type":"BreadcrumbList","@id":"https:\/\/www.casavio.com\/da\/her-er-vi\/saadan-finder-du-os-med-tog\/#breadcrumb","itemListElement":[{"@type":"ListItem","position":1,"name":"Home","item":"https:\/\/www.casavio.com\/da\/"},{"@type":"ListItem","position":2,"name":"Her er vi","item":"https:\/\/www.casavio.com\/da\/her-er-vi\/"},{"@type":"ListItem","position":3,"name":"Med tog"}]},{"@type":"WebSite","@id":"https:\/\/www.casavio.com\/da\/#website","url":"https:\/\/www.casavio.com\/da\/","name":"Camping Ca&#039; Savio","description":"","publisher":{"@id":"https:\/\/www.casavio.com\/da\/#organization"},"potentialAction":[{"@type":"SearchAction","target":{"@type":"EntryPoint","urlTemplate":"https:\/\/www.casavio.com\/da\/?s={search_term_string}"},"query-input":{"@type":"PropertyValueSpecification","valueRequired":true,"valueName":"search_term_string"}}],"inLanguage":"da-DK"},{"@type":"Organization","@id":"https:\/\/www.casavio.com\/da\/#organization","name":"Camping Ca'Savio","url":"https:\/\/www.casavio.com\/da\/","logo":{"@type":"ImageObject","inLanguage":"da-DK","@id":"https:\/\/www.casavio.com\/da\/#\/schema\/logo\/image\/","url":"https:\/\/www.casavio.com\/wp-content\/uploads\/2024\/04\/favicon.png","contentUrl":"https:\/\/www.casavio.com\/wp-content\/uploads\/2024\/04\/favicon.png","width":144,"height":144,"caption":"Camping Ca'Savio"},"image":{"@id":"https:\/\/www.casavio.com\/da\/#\/schema\/logo\/image\/"},"sameAs":["https:\/\/www.facebook.com\/campingcasavio","https:\/\/www.instagram.com\/campingcasavio","https:\/\/www.youtube.com\/user\/campingcasavio"]}]}},"_links":{"self":[{"href":"https:\/\/www.casavio.com\/da\/wp-json\/wp\/v2\/pages\/9699","targetHints":{"allow":["GET"]}}],"collection":[{"href":"https:\/\/www.casavio.com\/da\/wp-json\/wp\/v2\/pages"}],"about":[{"href":"https:\/\/www.casavio.com\/da\/wp-json\/wp\/v2\/types\/page"}],"author":[{"embeddable":true,"href":"https:\/\/www.casavio.com\/da\/wp-json\/wp\/v2\/users\/4"}],"replies":[{"embeddable":true,"href":"https:\/\/www.casavio.com\/da\/wp-json\/wp\/v2\/comments?post=9699"}],"version-history":[{"count":2,"href":"https:\/\/www.casavio.com\/da\/wp-json\/wp\/v2\/pages\/9699\/revisions"}],"predecessor-version":[{"id":45844,"href":"https:\/\/www.casavio.com\/da\/wp-json\/wp\/v2\/pages\/9699\/revisions\/45844"}],"up":[{"embeddable":true,"href":"https:\/\/www.casavio.com\/da\/wp-json\/wp\/v2\/pages\/9685"}],"wp:featuredmedia":[{"embeddable":true,"href":"https:\/\/www.casavio.com\/da\/wp-json\/wp\/v2\/media\/29758"}],"wp:attachment":[{"href":"https:\/\/www.casavio.com\/da\/wp-json\/wp\/v2\/media?parent=9699"}],"curies":[{"name":"wp","href":"https:\/\/api.w.org\/{rel}","templated":true}]}}