{"id":9717,"date":"2019-11-27T11:59:47","date_gmt":"2019-11-27T10:59:47","guid":{"rendered":"https:\/\/www.casavio.com\/come-raggiungere-il-campeggio-casavio-evitando-il-traffico\/"},"modified":"2022-11-21T12:34:37","modified_gmt":"2022-11-21T11:34:37","slug":"undgaa-trafikken-paa-vej-til-campingpladsen-ca-savio","status":"publish","type":"page","link":"https:\/\/www.casavio.com\/da\/undgaa-trafikken-paa-vej-til-campingpladsen-ca-savio\/","title":{"rendered":"Undg\u00e5 trafikken p\u00e5 vej til campingpladsen Ca\u2019 Savio"},"content":{"rendered":"<p>Campingpladsen Ca&#8217; Savio ligger p\u00e5 halv\u00f8en Cavallino-Treporti som man kan k\u00f8re til i bil.<br \/>\nFra motorvejsafk\u00f8rslen skal I f\u00f8rst til\u00a0<strong>Jesolo Lido<\/strong>\u00a0og derefter forts\u00e6tte mod Cavallino-Treporti.<\/p>\n<p>I\u00a0<strong>weekenderne<\/strong>\u00a0kan der forekomme t\u00e6t trafik og k\u00f8 ved Jesolo. Hvis der er t\u00e6t <strong>trafik<\/strong> r\u00e5der vi jer til, i stedet for at k\u00f8re ad Via Roma Destra mod Punta Sabbioni, at v\u00e6lge den parallelle vej som fra Piazza Brescia og langs Viale Padania, leder helt frem til\u00a0<strong>broen<\/strong>\u00a0der forbinder Jesolo med Cavallino.<\/p>\n<p><strong>Efter Cavallino-Treporti-broen<\/strong><\/p>\n<p>N\u00e5r I har krydset broen over Sile-floden kan I v\u00e6lge at k\u00f8re ad\u00a0<strong>via Fausta<\/strong>, all\u00e9en med tr\u00e6er der l\u00f8ber p\u00e5 langs af hele halv\u00f8en og som g\u00e5r forbi Ca\u2019 Ballarin, Ca\u2019 Di Valle og Ca\u2019 Pasquali, helt frem til Punta Sabbioni.<\/p>\n<p>Alternativt foresl\u00e5r vi at k\u00f8re ad\u00a0<strong>via Pordelio<\/strong>, som l\u00f8ber langs lagunen til Treporti.<\/p>\n<p>Denne vej, der har en betagende udsigt, er relativt smal og kan v\u00e6re upraktisk hvis I k\u00f8rer i autocamper eller med campingvogn, men den er s\u00e6dvanligvis mindre trafikeret.<\/p>\n<p><strong>Ankomsttidspunkt<\/strong><\/p>\n<p>Vi frar\u00e5der at ankomme om l\u00f8rdagen, men hvis I er n\u00f8dt til at rejse i weekenden er det at foretr\u00e6kke at ankomme om morgenen.<\/p>\n<p>For netop at sikre vores g\u00e6ster den st\u00f8rst mulig frihed i planl\u00e6gningen af rejsen, har det i mange \u00e5r v\u00e6ret muligt at ankomme til campingpladsen\u00a0<strong>alle ugens dage<\/strong>\u00a0og ikke kun om l\u00f8rdagen!<\/p>\n<p>Endvidere er <a href=\"https:\/\/www.casavio.com\/da\/faciliteter\/inkluderede-serviceydelser\/reception\/\">campingpladsens\u00a0reception<\/a>\u00a0\u00e5ben<strong> fra kl. 7.00 om morgenen<\/strong>\u00a0og I kan s\u00e5ledes checke ind allerede fra morgenstunden og straks begynde at nyde jeres ferie.<\/p>\n<p><strong>Klar til ferie!<\/strong><\/p>\n<p>Mens du venter p\u00e5 at komme ind i din <a href=\"https:\/\/www.casavio.com\/da\/camping\/bungalow-chalet\/\">bungalows<\/a>, <a href=\"https:\/\/www.casavio.com\/da\/camping\/bungalow-chalet\/chalet-canova\/\">chalet-hytte<\/a>, <a href=\"https:\/\/www.casavio.com\/da\/camping\/mobile-homes-da\/\">mobile home<\/a>, <a href=\"https:\/\/www.casavio.com\/da\/camping\/lodge-da\/\">lodge<\/a>, <a href=\"https:\/\/www.casavio.com\/da\/camping\/glamping\/\">glamping<\/a> telt og <a href=\"https:\/\/www.casavio.com\/da\/camping\/glamping\/airstream\/\">Airstream<\/a>, kan du sv\u00f8mme ved <a href=\"https:\/\/www.casavio.com\/da\/faciliteter\/swimmingpools-ca-savio\/\">poolen<\/a> eller tage en tur p\u00e5 <a href=\"https:\/\/www.casavio.com\/da\/faciliteter\/stranden-ca-savio\/\">stranden<\/a>, f\u00e5 en cappuccino i baren eller spise frokost i <a href=\"https:\/\/www.casavio.com\/da\/faciliteter\/restauranter-ca-savio\/\">restauranten<\/a>&#8230;<\/p>\n","protected":false},"excerpt":{"rendered":"<p>Her er alle indikationer og nogle tips til at undg\u00e5 trafik.<\/p>\n","protected":false},"author":4,"featured_media":4897,"parent":0,"menu_order":305,"comment_status":"closed","ping_status":"closed","template":"","meta":{"_acf_changed":false},"class_list":["post-9717","page","type-page","status-publish","has-post-thumbnail","hentry"],"acf":[],"yoast_head":"<!-- This site is optimized with the Yoast SEO plugin v25.3 - https:\/\/yoast.com\/wordpress\/plugins\/seo\/ -->\n<title>Kom frem til Camping Ca\u2019 Savio ogs\u00e5 selvom der er trafik. Her er en vejledning! &#8211; Camping Ca&#039; Savio<\/title>\n<meta name=\"description\" content=\"Skulle der v\u00e6re t\u00e6t trafik ved Jesolo i weekenden, kan du komme frem til vores campingplads ved Venedig ved at f\u00f8lge vores vejledning. Vi ses!\" \/>\n<meta name=\"robots\" content=\"index, follow, max-snippet:-1, max-image-preview:large, max-video-preview:-1\" \/>\n<link rel=\"canonical\" href=\"https:\/\/www.casavio.com\/da\/undgaa-trafikken-paa-vej-til-campingpladsen-ca-savio\/\" \/>\n<meta property=\"og:locale\" content=\"da_DK\" \/>\n<meta property=\"og:type\" content=\"article\" \/>\n<meta property=\"og:title\" content=\"Kom frem til Camping Ca\u2019 Savio ogs\u00e5 selvom der er trafik. Her er en vejledning! &#8211; Camping Ca&#039; Savio\" \/>\n<meta property=\"og:description\" content=\"Skulle der v\u00e6re t\u00e6t trafik ved Jesolo i weekenden, kan du komme frem til vores campingplads ved Venedig ved at f\u00f8lge vores vejledning. Vi ses!\" \/>\n<meta property=\"og:url\" content=\"https:\/\/www.casavio.com\/da\/undgaa-trafikken-paa-vej-til-campingpladsen-ca-savio\/\" \/>\n<meta property=\"og:site_name\" content=\"Camping Ca&#039; Savio\" \/>\n<meta property=\"article:publisher\" content=\"https:\/\/www.facebook.com\/campingcasavio\" \/>\n<meta property=\"article:modified_time\" content=\"2022-11-21T11:34:37+00:00\" \/>\n<meta property=\"og:image\" content=\"https:\/\/www.casavio.com\/wp-content\/uploads\/2019\/11\/ca-savio-evita-traffico-box.jpg\" \/>\n\t<meta property=\"og:image:width\" content=\"440\" \/>\n\t<meta property=\"og:image:height\" content=\"600\" \/>\n\t<meta property=\"og:image:type\" content=\"image\/jpeg\" \/>\n<meta name=\"twitter:card\" content=\"summary_large_image\" \/>\n<meta name=\"twitter:label1\" content=\"Estimeret l\u00e6setid\" \/>\n\t<meta name=\"twitter:data1\" content=\"2 minutter\" \/>\n<script type=\"application\/ld+json\" class=\"yoast-schema-graph\">{\"@context\":\"https:\/\/schema.org\",\"@graph\":[{\"@type\":\"WebPage\",\"@id\":\"https:\/\/www.casavio.com\/da\/undgaa-trafikken-paa-vej-til-campingpladsen-ca-savio\/\",\"url\":\"https:\/\/www.casavio.com\/da\/undgaa-trafikken-paa-vej-til-campingpladsen-ca-savio\/\",\"name\":\"Kom frem til Camping Ca\u2019 Savio ogs\u00e5 selvom der er trafik. Her er en vejledning! &#8211; Camping Ca&#039; Savio\",\"isPartOf\":{\"@id\":\"https:\/\/www.casavio.com\/da\/#website\"},\"primaryImageOfPage\":{\"@id\":\"https:\/\/www.casavio.com\/da\/undgaa-trafikken-paa-vej-til-campingpladsen-ca-savio\/#primaryimage\"},\"image\":{\"@id\":\"https:\/\/www.casavio.com\/da\/undgaa-trafikken-paa-vej-til-campingpladsen-ca-savio\/#primaryimage\"},\"thumbnailUrl\":\"https:\/\/www.casavio.com\/wp-content\/uploads\/2019\/11\/ca-savio-evita-traffico-box.jpg\",\"datePublished\":\"2019-11-27T10:59:47+00:00\",\"dateModified\":\"2022-11-21T11:34:37+00:00\",\"description\":\"Skulle der v\u00e6re t\u00e6t trafik ved Jesolo i weekenden, kan du komme frem til vores campingplads ved Venedig ved at f\u00f8lge vores vejledning. Vi ses!\",\"breadcrumb\":{\"@id\":\"https:\/\/www.casavio.com\/da\/undgaa-trafikken-paa-vej-til-campingpladsen-ca-savio\/#breadcrumb\"},\"inLanguage\":\"da-DK\",\"potentialAction\":[{\"@type\":\"ReadAction\",\"target\":[\"https:\/\/www.casavio.com\/da\/undgaa-trafikken-paa-vej-til-campingpladsen-ca-savio\/\"]}]},{\"@type\":\"ImageObject\",\"inLanguage\":\"da-DK\",\"@id\":\"https:\/\/www.casavio.com\/da\/undgaa-trafikken-paa-vej-til-campingpladsen-ca-savio\/#primaryimage\",\"url\":\"https:\/\/www.casavio.com\/wp-content\/uploads\/2019\/11\/ca-savio-evita-traffico-box.jpg\",\"contentUrl\":\"https:\/\/www.casavio.com\/wp-content\/uploads\/2019\/11\/ca-savio-evita-traffico-box.jpg\",\"width\":440,\"height\":600},{\"@type\":\"BreadcrumbList\",\"@id\":\"https:\/\/www.casavio.com\/da\/undgaa-trafikken-paa-vej-til-campingpladsen-ca-savio\/#breadcrumb\",\"itemListElement\":[{\"@type\":\"ListItem\",\"position\":1,\"name\":\"Home\",\"item\":\"https:\/\/www.casavio.com\/da\/\"},{\"@type\":\"ListItem\",\"position\":2,\"name\":\"Undg\u00e5 trafikken p\u00e5 vej til campingpladsen Ca\u2019 Savio\"}]},{\"@type\":\"WebSite\",\"@id\":\"https:\/\/www.casavio.com\/da\/#website\",\"url\":\"https:\/\/www.casavio.com\/da\/\",\"name\":\"Camping Ca&#039; Savio\",\"description\":\"\",\"publisher\":{\"@id\":\"https:\/\/www.casavio.com\/da\/#organization\"},\"potentialAction\":[{\"@type\":\"SearchAction\",\"target\":{\"@type\":\"EntryPoint\",\"urlTemplate\":\"https:\/\/www.casavio.com\/da\/?s={search_term_string}\"},\"query-input\":{\"@type\":\"PropertyValueSpecification\",\"valueRequired\":true,\"valueName\":\"search_term_string\"}}],\"inLanguage\":\"da-DK\"},{\"@type\":\"Organization\",\"@id\":\"https:\/\/www.casavio.com\/da\/#organization\",\"name\":\"Camping Ca'Savio\",\"url\":\"https:\/\/www.casavio.com\/da\/\",\"logo\":{\"@type\":\"ImageObject\",\"inLanguage\":\"da-DK\",\"@id\":\"https:\/\/www.casavio.com\/da\/#\/schema\/logo\/image\/\",\"url\":\"https:\/\/www.casavio.com\/wp-content\/uploads\/2024\/04\/favicon.png\",\"contentUrl\":\"https:\/\/www.casavio.com\/wp-content\/uploads\/2024\/04\/favicon.png\",\"width\":144,\"height\":144,\"caption\":\"Camping Ca'Savio\"},\"image\":{\"@id\":\"https:\/\/www.casavio.com\/da\/#\/schema\/logo\/image\/\"},\"sameAs\":[\"https:\/\/www.facebook.com\/campingcasavio\",\"https:\/\/www.instagram.com\/campingcasavio\",\"https:\/\/www.youtube.com\/user\/campingcasavio\"]}]}<\/script>\n<!-- \/ Yoast SEO plugin. -->","yoast_head_json":{"title":"Kom frem til Camping Ca\u2019 Savio ogs\u00e5 selvom der er trafik. Her er en vejledning! &#8211; Camping Ca&#039; Savio","description":"Skulle der v\u00e6re t\u00e6t trafik ved Jesolo i weekenden, kan du komme frem til vores campingplads ved Venedig ved at f\u00f8lge vores vejledning. Vi ses!","robots":{"index":"index","follow":"follow","max-snippet":"max-snippet:-1","max-image-preview":"max-image-preview:large","max-video-preview":"max-video-preview:-1"},"canonical":"https:\/\/www.casavio.com\/da\/undgaa-trafikken-paa-vej-til-campingpladsen-ca-savio\/","og_locale":"da_DK","og_type":"article","og_title":"Kom frem til Camping Ca\u2019 Savio ogs\u00e5 selvom der er trafik. Her er en vejledning! &#8211; Camping Ca&#039; Savio","og_description":"Skulle der v\u00e6re t\u00e6t trafik ved Jesolo i weekenden, kan du komme frem til vores campingplads ved Venedig ved at f\u00f8lge vores vejledning. Vi ses!","og_url":"https:\/\/www.casavio.com\/da\/undgaa-trafikken-paa-vej-til-campingpladsen-ca-savio\/","og_site_name":"Camping Ca&#039; Savio","article_publisher":"https:\/\/www.facebook.com\/campingcasavio","article_modified_time":"2022-11-21T11:34:37+00:00","og_image":[{"width":440,"height":600,"url":"https:\/\/www.casavio.com\/wp-content\/uploads\/2019\/11\/ca-savio-evita-traffico-box.jpg","type":"image\/jpeg"}],"twitter_card":"summary_large_image","twitter_misc":{"Estimeret l\u00e6setid":"2 minutter"},"schema":{"@context":"https:\/\/schema.org","@graph":[{"@type":"WebPage","@id":"https:\/\/www.casavio.com\/da\/undgaa-trafikken-paa-vej-til-campingpladsen-ca-savio\/","url":"https:\/\/www.casavio.com\/da\/undgaa-trafikken-paa-vej-til-campingpladsen-ca-savio\/","name":"Kom frem til Camping Ca\u2019 Savio ogs\u00e5 selvom der er trafik. Her er en vejledning! &#8211; Camping Ca&#039; Savio","isPartOf":{"@id":"https:\/\/www.casavio.com\/da\/#website"},"primaryImageOfPage":{"@id":"https:\/\/www.casavio.com\/da\/undgaa-trafikken-paa-vej-til-campingpladsen-ca-savio\/#primaryimage"},"image":{"@id":"https:\/\/www.casavio.com\/da\/undgaa-trafikken-paa-vej-til-campingpladsen-ca-savio\/#primaryimage"},"thumbnailUrl":"https:\/\/www.casavio.com\/wp-content\/uploads\/2019\/11\/ca-savio-evita-traffico-box.jpg","datePublished":"2019-11-27T10:59:47+00:00","dateModified":"2022-11-21T11:34:37+00:00","description":"Skulle der v\u00e6re t\u00e6t trafik ved Jesolo i weekenden, kan du komme frem til vores campingplads ved Venedig ved at f\u00f8lge vores vejledning. Vi ses!","breadcrumb":{"@id":"https:\/\/www.casavio.com\/da\/undgaa-trafikken-paa-vej-til-campingpladsen-ca-savio\/#breadcrumb"},"inLanguage":"da-DK","potentialAction":[{"@type":"ReadAction","target":["https:\/\/www.casavio.com\/da\/undgaa-trafikken-paa-vej-til-campingpladsen-ca-savio\/"]}]},{"@type":"ImageObject","inLanguage":"da-DK","@id":"https:\/\/www.casavio.com\/da\/undgaa-trafikken-paa-vej-til-campingpladsen-ca-savio\/#primaryimage","url":"https:\/\/www.casavio.com\/wp-content\/uploads\/2019\/11\/ca-savio-evita-traffico-box.jpg","contentUrl":"https:\/\/www.casavio.com\/wp-content\/uploads\/2019\/11\/ca-savio-evita-traffico-box.jpg","width":440,"height":600},{"@type":"BreadcrumbList","@id":"https:\/\/www.casavio.com\/da\/undgaa-trafikken-paa-vej-til-campingpladsen-ca-savio\/#breadcrumb","itemListElement":[{"@type":"ListItem","position":1,"name":"Home","item":"https:\/\/www.casavio.com\/da\/"},{"@type":"ListItem","position":2,"name":"Undg\u00e5 trafikken p\u00e5 vej til campingpladsen Ca\u2019 Savio"}]},{"@type":"WebSite","@id":"https:\/\/www.casavio.com\/da\/#website","url":"https:\/\/www.casavio.com\/da\/","name":"Camping Ca&#039; Savio","description":"","publisher":{"@id":"https:\/\/www.casavio.com\/da\/#organization"},"potentialAction":[{"@type":"SearchAction","target":{"@type":"EntryPoint","urlTemplate":"https:\/\/www.casavio.com\/da\/?s={search_term_string}"},"query-input":{"@type":"PropertyValueSpecification","valueRequired":true,"valueName":"search_term_string"}}],"inLanguage":"da-DK"},{"@type":"Organization","@id":"https:\/\/www.casavio.com\/da\/#organization","name":"Camping Ca'Savio","url":"https:\/\/www.casavio.com\/da\/","logo":{"@type":"ImageObject","inLanguage":"da-DK","@id":"https:\/\/www.casavio.com\/da\/#\/schema\/logo\/image\/","url":"https:\/\/www.casavio.com\/wp-content\/uploads\/2024\/04\/favicon.png","contentUrl":"https:\/\/www.casavio.com\/wp-content\/uploads\/2024\/04\/favicon.png","width":144,"height":144,"caption":"Camping Ca'Savio"},"image":{"@id":"https:\/\/www.casavio.com\/da\/#\/schema\/logo\/image\/"},"sameAs":["https:\/\/www.facebook.com\/campingcasavio","https:\/\/www.instagram.com\/campingcasavio","https:\/\/www.youtube.com\/user\/campingcasavio"]}]}},"_links":{"self":[{"href":"https:\/\/www.casavio.com\/da\/wp-json\/wp\/v2\/pages\/9717","targetHints":{"allow":["GET"]}}],"collection":[{"href":"https:\/\/www.casavio.com\/da\/wp-json\/wp\/v2\/pages"}],"about":[{"href":"https:\/\/www.casavio.com\/da\/wp-json\/wp\/v2\/types\/page"}],"author":[{"embeddable":true,"href":"https:\/\/www.casavio.com\/da\/wp-json\/wp\/v2\/users\/4"}],"replies":[{"embeddable":true,"href":"https:\/\/www.casavio.com\/da\/wp-json\/wp\/v2\/comments?post=9717"}],"version-history":[{"count":2,"href":"https:\/\/www.casavio.com\/da\/wp-json\/wp\/v2\/pages\/9717\/revisions"}],"predecessor-version":[{"id":26058,"href":"https:\/\/www.casavio.com\/da\/wp-json\/wp\/v2\/pages\/9717\/revisions\/26058"}],"wp:featuredmedia":[{"embeddable":true,"href":"https:\/\/www.casavio.com\/da\/wp-json\/wp\/v2\/media\/4897"}],"wp:attachment":[{"href":"https:\/\/www.casavio.com\/da\/wp-json\/wp\/v2\/media?parent=9717"}],"curies":[{"name":"wp","href":"https:\/\/api.w.org\/{rel}","templated":true}]}}