{"id":26749,"date":"2019-11-07T10:53:49","date_gmt":"2019-11-07T09:53:49","guid":{"rendered":"https:\/\/www.casavio.com\/?page_id=26749"},"modified":"2023-03-07T12:35:45","modified_gmt":"2023-03-07T11:35:45","slug":"garten","status":"publish","type":"page","link":"https:\/\/www.casavio.com\/de\/unser-campingplatz\/garten\/","title":{"rendered":"Garten"},"content":{"rendered":"<h3><strong>Viel mehr als nur ein Garten<\/strong><\/h3>\n<p>Es ist weder ein endloser Park noch eine kleine Gartenecke mit Blumenbeeten. Unser Garten ist ein Ort, in dem Sie Hunderte von Stauden, bl\u00fchende Rasenfl\u00e4chen, B\u00e4ume mit \u00fcppigem gr\u00fcnem Laub und knorrigen \u00c4sten und viel Licht finden. Selbst wenn Sie ihn nur mit dem Fahrrad durchqueren, k\u00f6nnen Sie die Energie der Natur sp\u00fcren. Aber erst wenn Sie langsamer werden und barfu\u00df durch den Garten laufen, entdecken Sie seine Essenz.<\/p>\n<p>Es ist eine <strong>Symphonie aus Farben und D\u00fcften<\/strong>, reich an <strong>Biodiversit\u00e4t <\/strong>und voller Leben, mit Bienen und Schmetterlingen, die hier und da fliegen. Ein <strong>Ort<\/strong>, in den Sie eintauchen k\u00f6nnen, um Ihre <strong>Perspektive zu \u00e4ndern<\/strong>, um nachzudenken und sich wieder als Kind zu f\u00fchlen. Hier gibt es keine geraden Pfade und auch nicht nur einen Eingang oder einen Ausgang. Stattdessen finden Sie einen <strong>gewundenen Pfad<\/strong>, der Sie einl\u00e4dt, zu entdecken, was hinter jeder Kurve liegt, in andere Richtungen zu schauen, in einer Abfolge von Stopps, die Anlass sind, eine immer neue Geschichte zu schreiben. Der Garten erkennt Sie, ob Erwachsener oder Kind, er <strong>\u00fcberrascht <\/strong>Sie mit einem Kunstwerk, das Sie an einen anderen Ort f\u00fchrt, er <strong>erz\u00e4hlt <\/strong>Ihnen von der Vergangenheit durch die Stimmen der B\u00e4ume, die Zeuge des Landschafts sind, er l\u00e4dt Sie ein, die Schatten zu beobachten, um das Geflecht von <strong>Beziehungen <\/strong>zwischen Ihnen und der <strong>Natur<\/strong> zu entdecken.<\/p>\n","protected":false},"excerpt":{"rendered":"<p>Centaines de plantes vivaces, des pelouses fleuries, des arbres au feuillage vert luxuriant et aux branches noueuses, et beaucoup de lumi\u00e8re.<\/p>\n","protected":false},"author":6,"featured_media":26761,"parent":7982,"menu_order":46,"comment_status":"closed","ping_status":"closed","template":"","meta":{"_acf_changed":false},"class_list":["post-26749","page","type-page","status-publish","has-post-thumbnail","hentry"],"acf":[],"yoast_head":"<!-- This site is optimized with the Yoast SEO plugin v25.3 - https:\/\/yoast.com\/wordpress\/plugins\/seo\/ -->\n<title>Garten &#8211; Camping Ca&#039; Savio<\/title>\n<meta name=\"description\" content=\"Unser Garten ist ein Ort, in dem Sie Hunderte von Stauden, bl\u00fchende Rasenfl\u00e4chen, B\u00e4ume mit \u00fcppigem gr\u00fcnem Laub und knorrigen \u00c4sten und viel Licht finden.\" \/>\n<meta name=\"robots\" content=\"index, follow, max-snippet:-1, max-image-preview:large, max-video-preview:-1\" \/>\n<link rel=\"canonical\" href=\"https:\/\/www.casavio.com\/de\/unser-campingplatz\/garten\/\" \/>\n<meta property=\"og:locale\" content=\"de_DE\" \/>\n<meta property=\"og:type\" content=\"article\" \/>\n<meta property=\"og:title\" content=\"Garten &#8211; Camping Ca&#039; Savio\" \/>\n<meta property=\"og:description\" content=\"Unser Garten ist ein Ort, in dem Sie Hunderte von Stauden, bl\u00fchende Rasenfl\u00e4chen, B\u00e4ume mit \u00fcppigem gr\u00fcnem Laub und knorrigen \u00c4sten und viel Licht finden.\" \/>\n<meta property=\"og:url\" content=\"https:\/\/www.casavio.com\/de\/unser-campingplatz\/garten\/\" \/>\n<meta property=\"og:site_name\" content=\"Camping Ca&#039; Savio\" \/>\n<meta property=\"article:publisher\" content=\"https:\/\/www.facebook.com\/campingcasavio\" \/>\n<meta property=\"article:modified_time\" content=\"2023-03-07T11:35:45+00:00\" \/>\n<meta property=\"og:image\" content=\"https:\/\/www.casavio.com\/wp-content\/uploads\/2023\/02\/Camping-Ca-Savio-Sett2022_46_ev.jpg\" \/>\n\t<meta property=\"og:image:width\" content=\"440\" \/>\n\t<meta property=\"og:image:height\" content=\"600\" \/>\n\t<meta property=\"og:image:type\" content=\"image\/jpeg\" \/>\n<meta name=\"twitter:card\" content=\"summary_large_image\" \/>\n<meta name=\"twitter:label1\" content=\"Gesch\u00e4tzte Lesezeit\" \/>\n\t<meta name=\"twitter:data1\" content=\"2\u00a0Minuten\" \/>\n<script type=\"application\/ld+json\" class=\"yoast-schema-graph\">{\"@context\":\"https:\/\/schema.org\",\"@graph\":[{\"@type\":\"WebPage\",\"@id\":\"https:\/\/www.casavio.com\/de\/unser-campingplatz\/garten\/\",\"url\":\"https:\/\/www.casavio.com\/de\/unser-campingplatz\/garten\/\",\"name\":\"Garten &#8211; Camping Ca&#039; Savio\",\"isPartOf\":{\"@id\":\"https:\/\/www.casavio.com\/de\/#website\"},\"primaryImageOfPage\":{\"@id\":\"https:\/\/www.casavio.com\/de\/unser-campingplatz\/garten\/#primaryimage\"},\"image\":{\"@id\":\"https:\/\/www.casavio.com\/de\/unser-campingplatz\/garten\/#primaryimage\"},\"thumbnailUrl\":\"https:\/\/www.casavio.com\/wp-content\/uploads\/2023\/02\/Camping-Ca-Savio-Sett2022_46_ev.jpg\",\"datePublished\":\"2019-11-07T09:53:49+00:00\",\"dateModified\":\"2023-03-07T11:35:45+00:00\",\"description\":\"Unser Garten ist ein Ort, in dem Sie Hunderte von Stauden, bl\u00fchende Rasenfl\u00e4chen, B\u00e4ume mit \u00fcppigem gr\u00fcnem Laub und knorrigen \u00c4sten und viel Licht finden.\",\"breadcrumb\":{\"@id\":\"https:\/\/www.casavio.com\/de\/unser-campingplatz\/garten\/#breadcrumb\"},\"inLanguage\":\"de\",\"potentialAction\":[{\"@type\":\"ReadAction\",\"target\":[\"https:\/\/www.casavio.com\/de\/unser-campingplatz\/garten\/\"]}]},{\"@type\":\"ImageObject\",\"inLanguage\":\"de\",\"@id\":\"https:\/\/www.casavio.com\/de\/unser-campingplatz\/garten\/#primaryimage\",\"url\":\"https:\/\/www.casavio.com\/wp-content\/uploads\/2023\/02\/Camping-Ca-Savio-Sett2022_46_ev.jpg\",\"contentUrl\":\"https:\/\/www.casavio.com\/wp-content\/uploads\/2023\/02\/Camping-Ca-Savio-Sett2022_46_ev.jpg\",\"width\":440,\"height\":600},{\"@type\":\"BreadcrumbList\",\"@id\":\"https:\/\/www.casavio.com\/de\/unser-campingplatz\/garten\/#breadcrumb\",\"itemListElement\":[{\"@type\":\"ListItem\",\"position\":1,\"name\":\"Home\",\"item\":\"https:\/\/www.casavio.com\/de\/\"},{\"@type\":\"ListItem\",\"position\":2,\"name\":\"Unser Campingplatz\",\"item\":\"https:\/\/www.casavio.com\/de\/unser-campingplatz\/\"},{\"@type\":\"ListItem\",\"position\":3,\"name\":\"Garten\"}]},{\"@type\":\"WebSite\",\"@id\":\"https:\/\/www.casavio.com\/de\/#website\",\"url\":\"https:\/\/www.casavio.com\/de\/\",\"name\":\"Camping Ca&#039; Savio\",\"description\":\"\",\"publisher\":{\"@id\":\"https:\/\/www.casavio.com\/de\/#organization\"},\"potentialAction\":[{\"@type\":\"SearchAction\",\"target\":{\"@type\":\"EntryPoint\",\"urlTemplate\":\"https:\/\/www.casavio.com\/de\/?s={search_term_string}\"},\"query-input\":{\"@type\":\"PropertyValueSpecification\",\"valueRequired\":true,\"valueName\":\"search_term_string\"}}],\"inLanguage\":\"de\"},{\"@type\":\"Organization\",\"@id\":\"https:\/\/www.casavio.com\/de\/#organization\",\"name\":\"Camping Ca'Savio\",\"url\":\"https:\/\/www.casavio.com\/de\/\",\"logo\":{\"@type\":\"ImageObject\",\"inLanguage\":\"de\",\"@id\":\"https:\/\/www.casavio.com\/de\/#\/schema\/logo\/image\/\",\"url\":\"https:\/\/www.casavio.com\/wp-content\/uploads\/2024\/04\/favicon.png\",\"contentUrl\":\"https:\/\/www.casavio.com\/wp-content\/uploads\/2024\/04\/favicon.png\",\"width\":144,\"height\":144,\"caption\":\"Camping Ca'Savio\"},\"image\":{\"@id\":\"https:\/\/www.casavio.com\/de\/#\/schema\/logo\/image\/\"},\"sameAs\":[\"https:\/\/www.facebook.com\/campingcasavio\",\"https:\/\/www.instagram.com\/campingcasavio\",\"https:\/\/www.youtube.com\/user\/campingcasavio\"]}]}<\/script>\n<!-- \/ Yoast SEO plugin. -->","yoast_head_json":{"title":"Garten &#8211; Camping Ca&#039; Savio","description":"Unser Garten ist ein Ort, in dem Sie Hunderte von Stauden, bl\u00fchende Rasenfl\u00e4chen, B\u00e4ume mit \u00fcppigem gr\u00fcnem Laub und knorrigen \u00c4sten und viel Licht finden.","robots":{"index":"index","follow":"follow","max-snippet":"max-snippet:-1","max-image-preview":"max-image-preview:large","max-video-preview":"max-video-preview:-1"},"canonical":"https:\/\/www.casavio.com\/de\/unser-campingplatz\/garten\/","og_locale":"de_DE","og_type":"article","og_title":"Garten &#8211; Camping Ca&#039; Savio","og_description":"Unser Garten ist ein Ort, in dem Sie Hunderte von Stauden, bl\u00fchende Rasenfl\u00e4chen, B\u00e4ume mit \u00fcppigem gr\u00fcnem Laub und knorrigen \u00c4sten und viel Licht finden.","og_url":"https:\/\/www.casavio.com\/de\/unser-campingplatz\/garten\/","og_site_name":"Camping Ca&#039; Savio","article_publisher":"https:\/\/www.facebook.com\/campingcasavio","article_modified_time":"2023-03-07T11:35:45+00:00","og_image":[{"width":440,"height":600,"url":"https:\/\/www.casavio.com\/wp-content\/uploads\/2023\/02\/Camping-Ca-Savio-Sett2022_46_ev.jpg","type":"image\/jpeg"}],"twitter_card":"summary_large_image","twitter_misc":{"Gesch\u00e4tzte Lesezeit":"2\u00a0Minuten"},"schema":{"@context":"https:\/\/schema.org","@graph":[{"@type":"WebPage","@id":"https:\/\/www.casavio.com\/de\/unser-campingplatz\/garten\/","url":"https:\/\/www.casavio.com\/de\/unser-campingplatz\/garten\/","name":"Garten &#8211; Camping Ca&#039; Savio","isPartOf":{"@id":"https:\/\/www.casavio.com\/de\/#website"},"primaryImageOfPage":{"@id":"https:\/\/www.casavio.com\/de\/unser-campingplatz\/garten\/#primaryimage"},"image":{"@id":"https:\/\/www.casavio.com\/de\/unser-campingplatz\/garten\/#primaryimage"},"thumbnailUrl":"https:\/\/www.casavio.com\/wp-content\/uploads\/2023\/02\/Camping-Ca-Savio-Sett2022_46_ev.jpg","datePublished":"2019-11-07T09:53:49+00:00","dateModified":"2023-03-07T11:35:45+00:00","description":"Unser Garten ist ein Ort, in dem Sie Hunderte von Stauden, bl\u00fchende Rasenfl\u00e4chen, B\u00e4ume mit \u00fcppigem gr\u00fcnem Laub und knorrigen \u00c4sten und viel Licht finden.","breadcrumb":{"@id":"https:\/\/www.casavio.com\/de\/unser-campingplatz\/garten\/#breadcrumb"},"inLanguage":"de","potentialAction":[{"@type":"ReadAction","target":["https:\/\/www.casavio.com\/de\/unser-campingplatz\/garten\/"]}]},{"@type":"ImageObject","inLanguage":"de","@id":"https:\/\/www.casavio.com\/de\/unser-campingplatz\/garten\/#primaryimage","url":"https:\/\/www.casavio.com\/wp-content\/uploads\/2023\/02\/Camping-Ca-Savio-Sett2022_46_ev.jpg","contentUrl":"https:\/\/www.casavio.com\/wp-content\/uploads\/2023\/02\/Camping-Ca-Savio-Sett2022_46_ev.jpg","width":440,"height":600},{"@type":"BreadcrumbList","@id":"https:\/\/www.casavio.com\/de\/unser-campingplatz\/garten\/#breadcrumb","itemListElement":[{"@type":"ListItem","position":1,"name":"Home","item":"https:\/\/www.casavio.com\/de\/"},{"@type":"ListItem","position":2,"name":"Unser Campingplatz","item":"https:\/\/www.casavio.com\/de\/unser-campingplatz\/"},{"@type":"ListItem","position":3,"name":"Garten"}]},{"@type":"WebSite","@id":"https:\/\/www.casavio.com\/de\/#website","url":"https:\/\/www.casavio.com\/de\/","name":"Camping Ca&#039; Savio","description":"","publisher":{"@id":"https:\/\/www.casavio.com\/de\/#organization"},"potentialAction":[{"@type":"SearchAction","target":{"@type":"EntryPoint","urlTemplate":"https:\/\/www.casavio.com\/de\/?s={search_term_string}"},"query-input":{"@type":"PropertyValueSpecification","valueRequired":true,"valueName":"search_term_string"}}],"inLanguage":"de"},{"@type":"Organization","@id":"https:\/\/www.casavio.com\/de\/#organization","name":"Camping Ca'Savio","url":"https:\/\/www.casavio.com\/de\/","logo":{"@type":"ImageObject","inLanguage":"de","@id":"https:\/\/www.casavio.com\/de\/#\/schema\/logo\/image\/","url":"https:\/\/www.casavio.com\/wp-content\/uploads\/2024\/04\/favicon.png","contentUrl":"https:\/\/www.casavio.com\/wp-content\/uploads\/2024\/04\/favicon.png","width":144,"height":144,"caption":"Camping Ca'Savio"},"image":{"@id":"https:\/\/www.casavio.com\/de\/#\/schema\/logo\/image\/"},"sameAs":["https:\/\/www.facebook.com\/campingcasavio","https:\/\/www.instagram.com\/campingcasavio","https:\/\/www.youtube.com\/user\/campingcasavio"]}]}},"_links":{"self":[{"href":"https:\/\/www.casavio.com\/de\/wp-json\/wp\/v2\/pages\/26749","targetHints":{"allow":["GET"]}}],"collection":[{"href":"https:\/\/www.casavio.com\/de\/wp-json\/wp\/v2\/pages"}],"about":[{"href":"https:\/\/www.casavio.com\/de\/wp-json\/wp\/v2\/types\/page"}],"author":[{"embeddable":true,"href":"https:\/\/www.casavio.com\/de\/wp-json\/wp\/v2\/users\/6"}],"replies":[{"embeddable":true,"href":"https:\/\/www.casavio.com\/de\/wp-json\/wp\/v2\/comments?post=26749"}],"version-history":[{"count":2,"href":"https:\/\/www.casavio.com\/de\/wp-json\/wp\/v2\/pages\/26749\/revisions"}],"predecessor-version":[{"id":27066,"href":"https:\/\/www.casavio.com\/de\/wp-json\/wp\/v2\/pages\/26749\/revisions\/27066"}],"up":[{"embeddable":true,"href":"https:\/\/www.casavio.com\/de\/wp-json\/wp\/v2\/pages\/7982"}],"wp:featuredmedia":[{"embeddable":true,"href":"https:\/\/www.casavio.com\/de\/wp-json\/wp\/v2\/media\/26761"}],"wp:attachment":[{"href":"https:\/\/www.casavio.com\/de\/wp-json\/wp\/v2\/media?parent=26749"}],"curies":[{"name":"wp","href":"https:\/\/api.w.org\/{rel}","templated":true}]}}