{"id":40883,"date":"2025-03-31T16:36:08","date_gmt":"2025-03-31T14:36:08","guid":{"rendered":"https:\/\/www.casavio.com\/?page_id=40883"},"modified":"2026-03-25T11:09:21","modified_gmt":"2026-03-25T10:09:21","slug":"venedig-wasser-holz-und-stein","status":"publish","type":"page","link":"https:\/\/www.casavio.com\/de\/camping-aktivitaeten\/ausfluege\/venedig-wasser-holz-und-stein\/","title":{"rendered":"Venedig \u201eWasser, Holz und Stein\u201c"},"content":{"rendered":"","protected":false},"excerpt":{"rendered":"<p>Auf der Entdeckung der 3 Elemente, die die Stadt Venedig geformt haben.<\/p>\n","protected":false},"author":6,"featured_media":41352,"parent":8138,"menu_order":0,"comment_status":"closed","ping_status":"closed","template":"templates\/tpl-stepping-stones-child.php","meta":{"_acf_changed":false},"class_list":["post-40883","page","type-page","status-publish","has-post-thumbnail","hentry"],"acf":[],"yoast_head":"<!-- This site is optimized with the Yoast SEO plugin v25.3 - https:\/\/yoast.com\/wordpress\/plugins\/seo\/ -->\n<title>Venedig \u201eWasser, Holz und Stein\u201c &#8211; Camping Ca&#039; Savio<\/title>\n<meta name=\"description\" content=\"Ausgehend von der Beobachtung nat\u00fcrlicher Elemente begeben wir uns auf eine Reise, um das urspr\u00fcngliche Venedig zu entdecken, das von terrestrischen Kr\u00e4ften und menschlicher Genialit\u00e4t gepr\u00e4gt wurde.\" \/>\n<meta name=\"robots\" content=\"index, follow, max-snippet:-1, max-image-preview:large, max-video-preview:-1\" \/>\n<link rel=\"canonical\" href=\"https:\/\/www.casavio.com\/de\/camping-aktivitaeten\/ausfluege\/venedig-wasser-holz-und-stein\/\" \/>\n<meta property=\"og:locale\" content=\"de_DE\" \/>\n<meta property=\"og:type\" content=\"article\" \/>\n<meta property=\"og:title\" content=\"Venedig \u201eWasser, Holz und Stein\u201c &#8211; Camping Ca&#039; Savio\" \/>\n<meta property=\"og:description\" content=\"Ausgehend von der Beobachtung nat\u00fcrlicher Elemente begeben wir uns auf eine Reise, um das urspr\u00fcngliche Venedig zu entdecken, das von terrestrischen Kr\u00e4ften und menschlicher Genialit\u00e4t gepr\u00e4gt wurde.\" \/>\n<meta property=\"og:url\" content=\"https:\/\/www.casavio.com\/de\/camping-aktivitaeten\/ausfluege\/venedig-wasser-holz-und-stein\/\" \/>\n<meta property=\"og:site_name\" content=\"Camping Ca&#039; Savio\" \/>\n<meta property=\"article:publisher\" content=\"https:\/\/www.facebook.com\/campingcasavio\" \/>\n<meta property=\"article:modified_time\" content=\"2026-03-25T10:09:21+00:00\" \/>\n<meta property=\"og:image\" content=\"https:\/\/www.casavio.com\/wp-content\/uploads\/2025\/06\/venezia-pietra-legno-acqua_e.jpg\" \/>\n\t<meta property=\"og:image:width\" content=\"440\" \/>\n\t<meta property=\"og:image:height\" content=\"600\" \/>\n\t<meta property=\"og:image:type\" content=\"image\/jpeg\" \/>\n<meta name=\"twitter:card\" content=\"summary_large_image\" \/>\n<meta name=\"twitter:label1\" content=\"Gesch\u00e4tzte Lesezeit\" \/>\n\t<meta name=\"twitter:data1\" content=\"1\u00a0Minute\" \/>\n<script type=\"application\/ld+json\" class=\"yoast-schema-graph\">{\"@context\":\"https:\/\/schema.org\",\"@graph\":[{\"@type\":\"WebPage\",\"@id\":\"https:\/\/www.casavio.com\/de\/camping-aktivitaeten\/ausfluege\/venedig-wasser-holz-und-stein\/\",\"url\":\"https:\/\/www.casavio.com\/de\/camping-aktivitaeten\/ausfluege\/venedig-wasser-holz-und-stein\/\",\"name\":\"Venedig \u201eWasser, Holz und Stein\u201c &#8211; Camping Ca&#039; Savio\",\"isPartOf\":{\"@id\":\"https:\/\/www.casavio.com\/de\/#website\"},\"primaryImageOfPage\":{\"@id\":\"https:\/\/www.casavio.com\/de\/camping-aktivitaeten\/ausfluege\/venedig-wasser-holz-und-stein\/#primaryimage\"},\"image\":{\"@id\":\"https:\/\/www.casavio.com\/de\/camping-aktivitaeten\/ausfluege\/venedig-wasser-holz-und-stein\/#primaryimage\"},\"thumbnailUrl\":\"https:\/\/www.casavio.com\/wp-content\/uploads\/2025\/06\/venezia-pietra-legno-acqua_e.jpg\",\"datePublished\":\"2025-03-31T14:36:08+00:00\",\"dateModified\":\"2026-03-25T10:09:21+00:00\",\"description\":\"Ausgehend von der Beobachtung nat\u00fcrlicher Elemente begeben wir uns auf eine Reise, um das urspr\u00fcngliche Venedig zu entdecken, das von terrestrischen Kr\u00e4ften und menschlicher Genialit\u00e4t gepr\u00e4gt wurde.\",\"breadcrumb\":{\"@id\":\"https:\/\/www.casavio.com\/de\/camping-aktivitaeten\/ausfluege\/venedig-wasser-holz-und-stein\/#breadcrumb\"},\"inLanguage\":\"de\",\"potentialAction\":[{\"@type\":\"ReadAction\",\"target\":[\"https:\/\/www.casavio.com\/de\/camping-aktivitaeten\/ausfluege\/venedig-wasser-holz-und-stein\/\"]}]},{\"@type\":\"ImageObject\",\"inLanguage\":\"de\",\"@id\":\"https:\/\/www.casavio.com\/de\/camping-aktivitaeten\/ausfluege\/venedig-wasser-holz-und-stein\/#primaryimage\",\"url\":\"https:\/\/www.casavio.com\/wp-content\/uploads\/2025\/06\/venezia-pietra-legno-acqua_e.jpg\",\"contentUrl\":\"https:\/\/www.casavio.com\/wp-content\/uploads\/2025\/06\/venezia-pietra-legno-acqua_e.jpg\",\"width\":440,\"height\":600},{\"@type\":\"BreadcrumbList\",\"@id\":\"https:\/\/www.casavio.com\/de\/camping-aktivitaeten\/ausfluege\/venedig-wasser-holz-und-stein\/#breadcrumb\",\"itemListElement\":[{\"@type\":\"ListItem\",\"position\":1,\"name\":\"Home\",\"item\":\"https:\/\/www.casavio.com\/de\/\"},{\"@type\":\"ListItem\",\"position\":2,\"name\":\"Aktivit\u00e4ten\",\"item\":\"https:\/\/www.casavio.com\/de\/camping-aktivitaeten\/\"},{\"@type\":\"ListItem\",\"position\":3,\"name\":\"Ausfl\u00fcge\",\"item\":\"https:\/\/www.casavio.com\/de\/camping-aktivitaeten\/ausfluege\/\"},{\"@type\":\"ListItem\",\"position\":4,\"name\":\"Venedig \u201eWasser, Holz und Stein\u201c\"}]},{\"@type\":\"WebSite\",\"@id\":\"https:\/\/www.casavio.com\/de\/#website\",\"url\":\"https:\/\/www.casavio.com\/de\/\",\"name\":\"Camping Ca&#039; Savio\",\"description\":\"\",\"publisher\":{\"@id\":\"https:\/\/www.casavio.com\/de\/#organization\"},\"potentialAction\":[{\"@type\":\"SearchAction\",\"target\":{\"@type\":\"EntryPoint\",\"urlTemplate\":\"https:\/\/www.casavio.com\/de\/?s={search_term_string}\"},\"query-input\":{\"@type\":\"PropertyValueSpecification\",\"valueRequired\":true,\"valueName\":\"search_term_string\"}}],\"inLanguage\":\"de\"},{\"@type\":\"Organization\",\"@id\":\"https:\/\/www.casavio.com\/de\/#organization\",\"name\":\"Camping Ca'Savio\",\"url\":\"https:\/\/www.casavio.com\/de\/\",\"logo\":{\"@type\":\"ImageObject\",\"inLanguage\":\"de\",\"@id\":\"https:\/\/www.casavio.com\/de\/#\/schema\/logo\/image\/\",\"url\":\"https:\/\/www.casavio.com\/wp-content\/uploads\/2024\/04\/favicon.png\",\"contentUrl\":\"https:\/\/www.casavio.com\/wp-content\/uploads\/2024\/04\/favicon.png\",\"width\":144,\"height\":144,\"caption\":\"Camping Ca'Savio\"},\"image\":{\"@id\":\"https:\/\/www.casavio.com\/de\/#\/schema\/logo\/image\/\"},\"sameAs\":[\"https:\/\/www.facebook.com\/campingcasavio\",\"https:\/\/www.instagram.com\/campingcasavio\",\"https:\/\/www.youtube.com\/user\/campingcasavio\"]}]}<\/script>\n<!-- \/ Yoast SEO plugin. -->","yoast_head_json":{"title":"Venedig \u201eWasser, Holz und Stein\u201c &#8211; Camping Ca&#039; Savio","description":"Ausgehend von der Beobachtung nat\u00fcrlicher Elemente begeben wir uns auf eine Reise, um das urspr\u00fcngliche Venedig zu entdecken, das von terrestrischen Kr\u00e4ften und menschlicher Genialit\u00e4t gepr\u00e4gt wurde.","robots":{"index":"index","follow":"follow","max-snippet":"max-snippet:-1","max-image-preview":"max-image-preview:large","max-video-preview":"max-video-preview:-1"},"canonical":"https:\/\/www.casavio.com\/de\/camping-aktivitaeten\/ausfluege\/venedig-wasser-holz-und-stein\/","og_locale":"de_DE","og_type":"article","og_title":"Venedig \u201eWasser, Holz und Stein\u201c &#8211; Camping Ca&#039; Savio","og_description":"Ausgehend von der Beobachtung nat\u00fcrlicher Elemente begeben wir uns auf eine Reise, um das urspr\u00fcngliche Venedig zu entdecken, das von terrestrischen Kr\u00e4ften und menschlicher Genialit\u00e4t gepr\u00e4gt wurde.","og_url":"https:\/\/www.casavio.com\/de\/camping-aktivitaeten\/ausfluege\/venedig-wasser-holz-und-stein\/","og_site_name":"Camping Ca&#039; Savio","article_publisher":"https:\/\/www.facebook.com\/campingcasavio","article_modified_time":"2026-03-25T10:09:21+00:00","og_image":[{"width":440,"height":600,"url":"https:\/\/www.casavio.com\/wp-content\/uploads\/2025\/06\/venezia-pietra-legno-acqua_e.jpg","type":"image\/jpeg"}],"twitter_card":"summary_large_image","twitter_misc":{"Gesch\u00e4tzte Lesezeit":"1\u00a0Minute"},"schema":{"@context":"https:\/\/schema.org","@graph":[{"@type":"WebPage","@id":"https:\/\/www.casavio.com\/de\/camping-aktivitaeten\/ausfluege\/venedig-wasser-holz-und-stein\/","url":"https:\/\/www.casavio.com\/de\/camping-aktivitaeten\/ausfluege\/venedig-wasser-holz-und-stein\/","name":"Venedig \u201eWasser, Holz und Stein\u201c &#8211; Camping Ca&#039; Savio","isPartOf":{"@id":"https:\/\/www.casavio.com\/de\/#website"},"primaryImageOfPage":{"@id":"https:\/\/www.casavio.com\/de\/camping-aktivitaeten\/ausfluege\/venedig-wasser-holz-und-stein\/#primaryimage"},"image":{"@id":"https:\/\/www.casavio.com\/de\/camping-aktivitaeten\/ausfluege\/venedig-wasser-holz-und-stein\/#primaryimage"},"thumbnailUrl":"https:\/\/www.casavio.com\/wp-content\/uploads\/2025\/06\/venezia-pietra-legno-acqua_e.jpg","datePublished":"2025-03-31T14:36:08+00:00","dateModified":"2026-03-25T10:09:21+00:00","description":"Ausgehend von der Beobachtung nat\u00fcrlicher Elemente begeben wir uns auf eine Reise, um das urspr\u00fcngliche Venedig zu entdecken, das von terrestrischen Kr\u00e4ften und menschlicher Genialit\u00e4t gepr\u00e4gt wurde.","breadcrumb":{"@id":"https:\/\/www.casavio.com\/de\/camping-aktivitaeten\/ausfluege\/venedig-wasser-holz-und-stein\/#breadcrumb"},"inLanguage":"de","potentialAction":[{"@type":"ReadAction","target":["https:\/\/www.casavio.com\/de\/camping-aktivitaeten\/ausfluege\/venedig-wasser-holz-und-stein\/"]}]},{"@type":"ImageObject","inLanguage":"de","@id":"https:\/\/www.casavio.com\/de\/camping-aktivitaeten\/ausfluege\/venedig-wasser-holz-und-stein\/#primaryimage","url":"https:\/\/www.casavio.com\/wp-content\/uploads\/2025\/06\/venezia-pietra-legno-acqua_e.jpg","contentUrl":"https:\/\/www.casavio.com\/wp-content\/uploads\/2025\/06\/venezia-pietra-legno-acqua_e.jpg","width":440,"height":600},{"@type":"BreadcrumbList","@id":"https:\/\/www.casavio.com\/de\/camping-aktivitaeten\/ausfluege\/venedig-wasser-holz-und-stein\/#breadcrumb","itemListElement":[{"@type":"ListItem","position":1,"name":"Home","item":"https:\/\/www.casavio.com\/de\/"},{"@type":"ListItem","position":2,"name":"Aktivit\u00e4ten","item":"https:\/\/www.casavio.com\/de\/camping-aktivitaeten\/"},{"@type":"ListItem","position":3,"name":"Ausfl\u00fcge","item":"https:\/\/www.casavio.com\/de\/camping-aktivitaeten\/ausfluege\/"},{"@type":"ListItem","position":4,"name":"Venedig \u201eWasser, Holz und Stein\u201c"}]},{"@type":"WebSite","@id":"https:\/\/www.casavio.com\/de\/#website","url":"https:\/\/www.casavio.com\/de\/","name":"Camping Ca&#039; Savio","description":"","publisher":{"@id":"https:\/\/www.casavio.com\/de\/#organization"},"potentialAction":[{"@type":"SearchAction","target":{"@type":"EntryPoint","urlTemplate":"https:\/\/www.casavio.com\/de\/?s={search_term_string}"},"query-input":{"@type":"PropertyValueSpecification","valueRequired":true,"valueName":"search_term_string"}}],"inLanguage":"de"},{"@type":"Organization","@id":"https:\/\/www.casavio.com\/de\/#organization","name":"Camping Ca'Savio","url":"https:\/\/www.casavio.com\/de\/","logo":{"@type":"ImageObject","inLanguage":"de","@id":"https:\/\/www.casavio.com\/de\/#\/schema\/logo\/image\/","url":"https:\/\/www.casavio.com\/wp-content\/uploads\/2024\/04\/favicon.png","contentUrl":"https:\/\/www.casavio.com\/wp-content\/uploads\/2024\/04\/favicon.png","width":144,"height":144,"caption":"Camping Ca'Savio"},"image":{"@id":"https:\/\/www.casavio.com\/de\/#\/schema\/logo\/image\/"},"sameAs":["https:\/\/www.facebook.com\/campingcasavio","https:\/\/www.instagram.com\/campingcasavio","https:\/\/www.youtube.com\/user\/campingcasavio"]}]}},"_links":{"self":[{"href":"https:\/\/www.casavio.com\/de\/wp-json\/wp\/v2\/pages\/40883","targetHints":{"allow":["GET"]}}],"collection":[{"href":"https:\/\/www.casavio.com\/de\/wp-json\/wp\/v2\/pages"}],"about":[{"href":"https:\/\/www.casavio.com\/de\/wp-json\/wp\/v2\/types\/page"}],"author":[{"embeddable":true,"href":"https:\/\/www.casavio.com\/de\/wp-json\/wp\/v2\/users\/6"}],"replies":[{"embeddable":true,"href":"https:\/\/www.casavio.com\/de\/wp-json\/wp\/v2\/comments?post=40883"}],"version-history":[{"count":2,"href":"https:\/\/www.casavio.com\/de\/wp-json\/wp\/v2\/pages\/40883\/revisions"}],"predecessor-version":[{"id":46229,"href":"https:\/\/www.casavio.com\/de\/wp-json\/wp\/v2\/pages\/40883\/revisions\/46229"}],"up":[{"embeddable":true,"href":"https:\/\/www.casavio.com\/de\/wp-json\/wp\/v2\/pages\/8138"}],"wp:featuredmedia":[{"embeddable":true,"href":"https:\/\/www.casavio.com\/de\/wp-json\/wp\/v2\/media\/41352"}],"wp:attachment":[{"href":"https:\/\/www.casavio.com\/de\/wp-json\/wp\/v2\/media?parent=40883"}],"curies":[{"name":"wp","href":"https:\/\/api.w.org\/{rel}","templated":true}]}}