{"id":41068,"date":"2025-03-31T16:36:08","date_gmt":"2025-03-31T14:36:08","guid":{"rendered":"https:\/\/www.casavio.com\/?page_id=41068"},"modified":"2026-03-25T11:22:28","modified_gmt":"2026-03-25T10:22:28","slug":"burano-und-mazzorbo","status":"publish","type":"page","link":"https:\/\/www.casavio.com\/de\/camping-aktivitaeten\/ausfluege\/burano-und-mazzorbo\/","title":{"rendered":"Burano und Mazzorbo: ein Traum in Farben"},"content":{"rendered":"","protected":false},"excerpt":{"rendered":"<p>Lassen Sie sich auf eine zauberhafte Reise zwischen den Inseln Burano und Mazzorbo entf\u00fchren, wo die Zeit still zu stehen scheint. Wir schlendern zwischen bunten H\u00e4usern, die sich in stillen Kan\u00e4len spiegeln, und tauchen ein in eine m\u00e4rchenhafte Atmosph\u00e4re.<\/p>\n","protected":false},"author":6,"featured_media":41106,"parent":8138,"menu_order":0,"comment_status":"closed","ping_status":"closed","template":"templates\/tpl-stepping-stones-child.php","meta":{"_acf_changed":false},"class_list":["post-41068","page","type-page","status-publish","has-post-thumbnail","hentry"],"acf":[],"yoast_head":"<!-- This site is optimized with the Yoast SEO plugin v25.3 - https:\/\/yoast.com\/wordpress\/plugins\/seo\/ -->\n<title>Burano und Mazzorbo: ein Traum in Farben &#8211; Camping Ca&#039; Savio<\/title>\n<meta name=\"description\" content=\"Lassen Sie sich auf eine zauberhafte Reise zwischen den Inseln Burano und Mazzorbo entf\u00fchren, wo die Zeit still zu stehen scheint. Wir schlendern zwischen bunten H\u00e4usern, die sich in stillen Kan\u00e4len spiegeln, und tauchen ein in eine m\u00e4rchenhafte Atmosph\u00e4re.\" \/>\n<meta name=\"robots\" content=\"index, follow, max-snippet:-1, max-image-preview:large, max-video-preview:-1\" \/>\n<link rel=\"canonical\" href=\"https:\/\/www.casavio.com\/de\/camping-aktivitaeten\/ausfluege\/burano-und-mazzorbo\/\" \/>\n<meta property=\"og:locale\" content=\"de_DE\" \/>\n<meta property=\"og:type\" content=\"article\" \/>\n<meta property=\"og:title\" content=\"Burano und Mazzorbo: ein Traum in Farben &#8211; Camping Ca&#039; Savio\" \/>\n<meta property=\"og:description\" content=\"Lassen Sie sich auf eine zauberhafte Reise zwischen den Inseln Burano und Mazzorbo entf\u00fchren, wo die Zeit still zu stehen scheint. Wir schlendern zwischen bunten H\u00e4usern, die sich in stillen Kan\u00e4len spiegeln, und tauchen ein in eine m\u00e4rchenhafte Atmosph\u00e4re.\" \/>\n<meta property=\"og:url\" content=\"https:\/\/www.casavio.com\/de\/camping-aktivitaeten\/ausfluege\/burano-und-mazzorbo\/\" \/>\n<meta property=\"og:site_name\" content=\"Camping Ca&#039; Savio\" \/>\n<meta property=\"article:publisher\" content=\"https:\/\/www.facebook.com\/campingcasavio\" \/>\n<meta property=\"article:modified_time\" content=\"2026-03-25T10:22:28+00:00\" \/>\n<meta property=\"og:image\" content=\"https:\/\/www.casavio.com\/wp-content\/uploads\/2025\/06\/Burano-campanile.jpg\" \/>\n\t<meta property=\"og:image:width\" content=\"440\" \/>\n\t<meta property=\"og:image:height\" content=\"600\" \/>\n\t<meta property=\"og:image:type\" content=\"image\/jpeg\" \/>\n<meta name=\"twitter:card\" content=\"summary_large_image\" \/>\n<meta name=\"twitter:label1\" content=\"Gesch\u00e4tzte Lesezeit\" \/>\n\t<meta name=\"twitter:data1\" content=\"1\u00a0Minute\" \/>\n<script type=\"application\/ld+json\" class=\"yoast-schema-graph\">{\"@context\":\"https:\/\/schema.org\",\"@graph\":[{\"@type\":\"WebPage\",\"@id\":\"https:\/\/www.casavio.com\/de\/camping-aktivitaeten\/ausfluege\/burano-und-mazzorbo\/\",\"url\":\"https:\/\/www.casavio.com\/de\/camping-aktivitaeten\/ausfluege\/burano-und-mazzorbo\/\",\"name\":\"Burano und Mazzorbo: ein Traum in Farben &#8211; Camping Ca&#039; Savio\",\"isPartOf\":{\"@id\":\"https:\/\/www.casavio.com\/de\/#website\"},\"primaryImageOfPage\":{\"@id\":\"https:\/\/www.casavio.com\/de\/camping-aktivitaeten\/ausfluege\/burano-und-mazzorbo\/#primaryimage\"},\"image\":{\"@id\":\"https:\/\/www.casavio.com\/de\/camping-aktivitaeten\/ausfluege\/burano-und-mazzorbo\/#primaryimage\"},\"thumbnailUrl\":\"https:\/\/www.casavio.com\/wp-content\/uploads\/2025\/06\/Burano-campanile.jpg\",\"datePublished\":\"2025-03-31T14:36:08+00:00\",\"dateModified\":\"2026-03-25T10:22:28+00:00\",\"description\":\"Lassen Sie sich auf eine zauberhafte Reise zwischen den Inseln Burano und Mazzorbo entf\u00fchren, wo die Zeit still zu stehen scheint. Wir schlendern zwischen bunten H\u00e4usern, die sich in stillen Kan\u00e4len spiegeln, und tauchen ein in eine m\u00e4rchenhafte Atmosph\u00e4re.\",\"breadcrumb\":{\"@id\":\"https:\/\/www.casavio.com\/de\/camping-aktivitaeten\/ausfluege\/burano-und-mazzorbo\/#breadcrumb\"},\"inLanguage\":\"de\",\"potentialAction\":[{\"@type\":\"ReadAction\",\"target\":[\"https:\/\/www.casavio.com\/de\/camping-aktivitaeten\/ausfluege\/burano-und-mazzorbo\/\"]}]},{\"@type\":\"ImageObject\",\"inLanguage\":\"de\",\"@id\":\"https:\/\/www.casavio.com\/de\/camping-aktivitaeten\/ausfluege\/burano-und-mazzorbo\/#primaryimage\",\"url\":\"https:\/\/www.casavio.com\/wp-content\/uploads\/2025\/06\/Burano-campanile.jpg\",\"contentUrl\":\"https:\/\/www.casavio.com\/wp-content\/uploads\/2025\/06\/Burano-campanile.jpg\",\"width\":440,\"height\":600},{\"@type\":\"BreadcrumbList\",\"@id\":\"https:\/\/www.casavio.com\/de\/camping-aktivitaeten\/ausfluege\/burano-und-mazzorbo\/#breadcrumb\",\"itemListElement\":[{\"@type\":\"ListItem\",\"position\":1,\"name\":\"Home\",\"item\":\"https:\/\/www.casavio.com\/de\/\"},{\"@type\":\"ListItem\",\"position\":2,\"name\":\"Aktivit\u00e4ten\",\"item\":\"https:\/\/www.casavio.com\/de\/camping-aktivitaeten\/\"},{\"@type\":\"ListItem\",\"position\":3,\"name\":\"Ausfl\u00fcge\",\"item\":\"https:\/\/www.casavio.com\/de\/camping-aktivitaeten\/ausfluege\/\"},{\"@type\":\"ListItem\",\"position\":4,\"name\":\"Burano und Mazzorbo: ein Traum in Farben\"}]},{\"@type\":\"WebSite\",\"@id\":\"https:\/\/www.casavio.com\/de\/#website\",\"url\":\"https:\/\/www.casavio.com\/de\/\",\"name\":\"Camping Ca&#039; Savio\",\"description\":\"\",\"publisher\":{\"@id\":\"https:\/\/www.casavio.com\/de\/#organization\"},\"potentialAction\":[{\"@type\":\"SearchAction\",\"target\":{\"@type\":\"EntryPoint\",\"urlTemplate\":\"https:\/\/www.casavio.com\/de\/?s={search_term_string}\"},\"query-input\":{\"@type\":\"PropertyValueSpecification\",\"valueRequired\":true,\"valueName\":\"search_term_string\"}}],\"inLanguage\":\"de\"},{\"@type\":\"Organization\",\"@id\":\"https:\/\/www.casavio.com\/de\/#organization\",\"name\":\"Camping Ca'Savio\",\"url\":\"https:\/\/www.casavio.com\/de\/\",\"logo\":{\"@type\":\"ImageObject\",\"inLanguage\":\"de\",\"@id\":\"https:\/\/www.casavio.com\/de\/#\/schema\/logo\/image\/\",\"url\":\"https:\/\/www.casavio.com\/wp-content\/uploads\/2024\/04\/favicon.png\",\"contentUrl\":\"https:\/\/www.casavio.com\/wp-content\/uploads\/2024\/04\/favicon.png\",\"width\":144,\"height\":144,\"caption\":\"Camping Ca'Savio\"},\"image\":{\"@id\":\"https:\/\/www.casavio.com\/de\/#\/schema\/logo\/image\/\"},\"sameAs\":[\"https:\/\/www.facebook.com\/campingcasavio\",\"https:\/\/www.instagram.com\/campingcasavio\",\"https:\/\/www.youtube.com\/user\/campingcasavio\"]}]}<\/script>\n<!-- \/ Yoast SEO plugin. -->","yoast_head_json":{"title":"Burano und Mazzorbo: ein Traum in Farben &#8211; Camping Ca&#039; Savio","description":"Lassen Sie sich auf eine zauberhafte Reise zwischen den Inseln Burano und Mazzorbo entf\u00fchren, wo die Zeit still zu stehen scheint. Wir schlendern zwischen bunten H\u00e4usern, die sich in stillen Kan\u00e4len spiegeln, und tauchen ein in eine m\u00e4rchenhafte Atmosph\u00e4re.","robots":{"index":"index","follow":"follow","max-snippet":"max-snippet:-1","max-image-preview":"max-image-preview:large","max-video-preview":"max-video-preview:-1"},"canonical":"https:\/\/www.casavio.com\/de\/camping-aktivitaeten\/ausfluege\/burano-und-mazzorbo\/","og_locale":"de_DE","og_type":"article","og_title":"Burano und Mazzorbo: ein Traum in Farben &#8211; Camping Ca&#039; Savio","og_description":"Lassen Sie sich auf eine zauberhafte Reise zwischen den Inseln Burano und Mazzorbo entf\u00fchren, wo die Zeit still zu stehen scheint. Wir schlendern zwischen bunten H\u00e4usern, die sich in stillen Kan\u00e4len spiegeln, und tauchen ein in eine m\u00e4rchenhafte Atmosph\u00e4re.","og_url":"https:\/\/www.casavio.com\/de\/camping-aktivitaeten\/ausfluege\/burano-und-mazzorbo\/","og_site_name":"Camping Ca&#039; Savio","article_publisher":"https:\/\/www.facebook.com\/campingcasavio","article_modified_time":"2026-03-25T10:22:28+00:00","og_image":[{"width":440,"height":600,"url":"https:\/\/www.casavio.com\/wp-content\/uploads\/2025\/06\/Burano-campanile.jpg","type":"image\/jpeg"}],"twitter_card":"summary_large_image","twitter_misc":{"Gesch\u00e4tzte Lesezeit":"1\u00a0Minute"},"schema":{"@context":"https:\/\/schema.org","@graph":[{"@type":"WebPage","@id":"https:\/\/www.casavio.com\/de\/camping-aktivitaeten\/ausfluege\/burano-und-mazzorbo\/","url":"https:\/\/www.casavio.com\/de\/camping-aktivitaeten\/ausfluege\/burano-und-mazzorbo\/","name":"Burano und Mazzorbo: ein Traum in Farben &#8211; Camping Ca&#039; Savio","isPartOf":{"@id":"https:\/\/www.casavio.com\/de\/#website"},"primaryImageOfPage":{"@id":"https:\/\/www.casavio.com\/de\/camping-aktivitaeten\/ausfluege\/burano-und-mazzorbo\/#primaryimage"},"image":{"@id":"https:\/\/www.casavio.com\/de\/camping-aktivitaeten\/ausfluege\/burano-und-mazzorbo\/#primaryimage"},"thumbnailUrl":"https:\/\/www.casavio.com\/wp-content\/uploads\/2025\/06\/Burano-campanile.jpg","datePublished":"2025-03-31T14:36:08+00:00","dateModified":"2026-03-25T10:22:28+00:00","description":"Lassen Sie sich auf eine zauberhafte Reise zwischen den Inseln Burano und Mazzorbo entf\u00fchren, wo die Zeit still zu stehen scheint. Wir schlendern zwischen bunten H\u00e4usern, die sich in stillen Kan\u00e4len spiegeln, und tauchen ein in eine m\u00e4rchenhafte Atmosph\u00e4re.","breadcrumb":{"@id":"https:\/\/www.casavio.com\/de\/camping-aktivitaeten\/ausfluege\/burano-und-mazzorbo\/#breadcrumb"},"inLanguage":"de","potentialAction":[{"@type":"ReadAction","target":["https:\/\/www.casavio.com\/de\/camping-aktivitaeten\/ausfluege\/burano-und-mazzorbo\/"]}]},{"@type":"ImageObject","inLanguage":"de","@id":"https:\/\/www.casavio.com\/de\/camping-aktivitaeten\/ausfluege\/burano-und-mazzorbo\/#primaryimage","url":"https:\/\/www.casavio.com\/wp-content\/uploads\/2025\/06\/Burano-campanile.jpg","contentUrl":"https:\/\/www.casavio.com\/wp-content\/uploads\/2025\/06\/Burano-campanile.jpg","width":440,"height":600},{"@type":"BreadcrumbList","@id":"https:\/\/www.casavio.com\/de\/camping-aktivitaeten\/ausfluege\/burano-und-mazzorbo\/#breadcrumb","itemListElement":[{"@type":"ListItem","position":1,"name":"Home","item":"https:\/\/www.casavio.com\/de\/"},{"@type":"ListItem","position":2,"name":"Aktivit\u00e4ten","item":"https:\/\/www.casavio.com\/de\/camping-aktivitaeten\/"},{"@type":"ListItem","position":3,"name":"Ausfl\u00fcge","item":"https:\/\/www.casavio.com\/de\/camping-aktivitaeten\/ausfluege\/"},{"@type":"ListItem","position":4,"name":"Burano und Mazzorbo: ein Traum in Farben"}]},{"@type":"WebSite","@id":"https:\/\/www.casavio.com\/de\/#website","url":"https:\/\/www.casavio.com\/de\/","name":"Camping Ca&#039; Savio","description":"","publisher":{"@id":"https:\/\/www.casavio.com\/de\/#organization"},"potentialAction":[{"@type":"SearchAction","target":{"@type":"EntryPoint","urlTemplate":"https:\/\/www.casavio.com\/de\/?s={search_term_string}"},"query-input":{"@type":"PropertyValueSpecification","valueRequired":true,"valueName":"search_term_string"}}],"inLanguage":"de"},{"@type":"Organization","@id":"https:\/\/www.casavio.com\/de\/#organization","name":"Camping Ca'Savio","url":"https:\/\/www.casavio.com\/de\/","logo":{"@type":"ImageObject","inLanguage":"de","@id":"https:\/\/www.casavio.com\/de\/#\/schema\/logo\/image\/","url":"https:\/\/www.casavio.com\/wp-content\/uploads\/2024\/04\/favicon.png","contentUrl":"https:\/\/www.casavio.com\/wp-content\/uploads\/2024\/04\/favicon.png","width":144,"height":144,"caption":"Camping Ca'Savio"},"image":{"@id":"https:\/\/www.casavio.com\/de\/#\/schema\/logo\/image\/"},"sameAs":["https:\/\/www.facebook.com\/campingcasavio","https:\/\/www.instagram.com\/campingcasavio","https:\/\/www.youtube.com\/user\/campingcasavio"]}]}},"_links":{"self":[{"href":"https:\/\/www.casavio.com\/de\/wp-json\/wp\/v2\/pages\/41068","targetHints":{"allow":["GET"]}}],"collection":[{"href":"https:\/\/www.casavio.com\/de\/wp-json\/wp\/v2\/pages"}],"about":[{"href":"https:\/\/www.casavio.com\/de\/wp-json\/wp\/v2\/types\/page"}],"author":[{"embeddable":true,"href":"https:\/\/www.casavio.com\/de\/wp-json\/wp\/v2\/users\/6"}],"replies":[{"embeddable":true,"href":"https:\/\/www.casavio.com\/de\/wp-json\/wp\/v2\/comments?post=41068"}],"version-history":[{"count":2,"href":"https:\/\/www.casavio.com\/de\/wp-json\/wp\/v2\/pages\/41068\/revisions"}],"predecessor-version":[{"id":46242,"href":"https:\/\/www.casavio.com\/de\/wp-json\/wp\/v2\/pages\/41068\/revisions\/46242"}],"up":[{"embeddable":true,"href":"https:\/\/www.casavio.com\/de\/wp-json\/wp\/v2\/pages\/8138"}],"wp:featuredmedia":[{"embeddable":true,"href":"https:\/\/www.casavio.com\/de\/wp-json\/wp\/v2\/media\/41106"}],"wp:attachment":[{"href":"https:\/\/www.casavio.com\/de\/wp-json\/wp\/v2\/media?parent=41068"}],"curies":[{"name":"wp","href":"https:\/\/api.w.org\/{rel}","templated":true}]}}