{"id":41824,"date":"2025-03-31T16:36:08","date_gmt":"2025-03-31T14:36:08","guid":{"rendered":"https:\/\/www.casavio.com\/?page_id=41824"},"modified":"2026-02-10T14:33:53","modified_gmt":"2026-02-10T13:33:53","slug":"die-insel-santerasmo-die-aromen-der-lagune-von-venedig","status":"publish","type":"page","link":"https:\/\/www.casavio.com\/de\/camping-aktivitaeten\/ausfluege\/die-insel-santerasmo-die-aromen-der-lagune-von-venedig\/","title":{"rendered":"Die Insel Sant&#8217;Erasmo: Die Aromen der Lagune von Venedig"},"content":{"rendered":"","protected":false},"excerpt":{"rendered":"<p>Mit dem Fahrrad \u2013 f\u00fcr eine kulinarisches Erlebnis <\/p>\n","protected":false},"author":6,"featured_media":42385,"parent":8138,"menu_order":0,"comment_status":"closed","ping_status":"closed","template":"templates\/tpl-stepping-stones-child.php","meta":{"_acf_changed":false},"class_list":["post-41824","page","type-page","status-publish","has-post-thumbnail","hentry"],"acf":[],"yoast_head":"<!-- This site is optimized with the Yoast SEO plugin v25.3 - https:\/\/yoast.com\/wordpress\/plugins\/seo\/ -->\n<title>Die Insel Sant&#039;Erasmo: Die Aromen der Lagune von Venedig &#8211; Camping Ca&#039; Savio<\/title>\n<meta name=\"description\" content=\"Das gastronomische ErlebnisIn S. Erasmo lernen Sie Silvia kennen, die Gr\u00fcnderin von \u201eExperientia\u201c, die Sie mit ihrem Degustationsmen\u00fc aus saisonalen und biologischen Zutaten von den Bauern der Insel einl\u00e4dt, die Essenz dieses Ortes zu genie\u00dfen\" \/>\n<meta name=\"robots\" content=\"index, follow, max-snippet:-1, max-image-preview:large, max-video-preview:-1\" \/>\n<link rel=\"canonical\" href=\"https:\/\/www.casavio.com\/de\/camping-aktivitaeten\/ausfluege\/die-insel-santerasmo-die-aromen-der-lagune-von-venedig\/\" \/>\n<meta property=\"og:locale\" content=\"de_DE\" \/>\n<meta property=\"og:type\" content=\"article\" \/>\n<meta property=\"og:title\" content=\"Die Insel Sant&#039;Erasmo: Die Aromen der Lagune von Venedig &#8211; Camping Ca&#039; Savio\" \/>\n<meta property=\"og:description\" content=\"Das gastronomische ErlebnisIn S. Erasmo lernen Sie Silvia kennen, die Gr\u00fcnderin von \u201eExperientia\u201c, die Sie mit ihrem Degustationsmen\u00fc aus saisonalen und biologischen Zutaten von den Bauern der Insel einl\u00e4dt, die Essenz dieses Ortes zu genie\u00dfen\" \/>\n<meta property=\"og:url\" content=\"https:\/\/www.casavio.com\/de\/camping-aktivitaeten\/ausfluege\/die-insel-santerasmo-die-aromen-der-lagune-von-venedig\/\" \/>\n<meta property=\"og:site_name\" content=\"Camping Ca&#039; Savio\" \/>\n<meta property=\"article:publisher\" content=\"https:\/\/www.facebook.com\/campingcasavio\" \/>\n<meta property=\"article:modified_time\" content=\"2026-02-10T13:33:53+00:00\" \/>\n<meta property=\"og:image\" content=\"https:\/\/www.casavio.com\/wp-content\/uploads\/2025\/08\/sant-erasmo-esperienza.jpg\" \/>\n\t<meta property=\"og:image:width\" content=\"440\" \/>\n\t<meta property=\"og:image:height\" content=\"600\" \/>\n\t<meta property=\"og:image:type\" content=\"image\/jpeg\" \/>\n<meta name=\"twitter:card\" content=\"summary_large_image\" \/>\n<meta name=\"twitter:label1\" content=\"Gesch\u00e4tzte Lesezeit\" \/>\n\t<meta name=\"twitter:data1\" content=\"1\u00a0Minute\" \/>\n<script type=\"application\/ld+json\" class=\"yoast-schema-graph\">{\"@context\":\"https:\/\/schema.org\",\"@graph\":[{\"@type\":\"WebPage\",\"@id\":\"https:\/\/www.casavio.com\/de\/camping-aktivitaeten\/ausfluege\/die-insel-santerasmo-die-aromen-der-lagune-von-venedig\/\",\"url\":\"https:\/\/www.casavio.com\/de\/camping-aktivitaeten\/ausfluege\/die-insel-santerasmo-die-aromen-der-lagune-von-venedig\/\",\"name\":\"Die Insel Sant'Erasmo: Die Aromen der Lagune von Venedig &#8211; Camping Ca&#039; Savio\",\"isPartOf\":{\"@id\":\"https:\/\/www.casavio.com\/de\/#website\"},\"primaryImageOfPage\":{\"@id\":\"https:\/\/www.casavio.com\/de\/camping-aktivitaeten\/ausfluege\/die-insel-santerasmo-die-aromen-der-lagune-von-venedig\/#primaryimage\"},\"image\":{\"@id\":\"https:\/\/www.casavio.com\/de\/camping-aktivitaeten\/ausfluege\/die-insel-santerasmo-die-aromen-der-lagune-von-venedig\/#primaryimage\"},\"thumbnailUrl\":\"https:\/\/www.casavio.com\/wp-content\/uploads\/2025\/08\/sant-erasmo-esperienza.jpg\",\"datePublished\":\"2025-03-31T14:36:08+00:00\",\"dateModified\":\"2026-02-10T13:33:53+00:00\",\"description\":\"Das gastronomische ErlebnisIn S. Erasmo lernen Sie Silvia kennen, die Gr\u00fcnderin von \u201eExperientia\u201c, die Sie mit ihrem Degustationsmen\u00fc aus saisonalen und biologischen Zutaten von den Bauern der Insel einl\u00e4dt, die Essenz dieses Ortes zu genie\u00dfen\",\"breadcrumb\":{\"@id\":\"https:\/\/www.casavio.com\/de\/camping-aktivitaeten\/ausfluege\/die-insel-santerasmo-die-aromen-der-lagune-von-venedig\/#breadcrumb\"},\"inLanguage\":\"de\",\"potentialAction\":[{\"@type\":\"ReadAction\",\"target\":[\"https:\/\/www.casavio.com\/de\/camping-aktivitaeten\/ausfluege\/die-insel-santerasmo-die-aromen-der-lagune-von-venedig\/\"]}]},{\"@type\":\"ImageObject\",\"inLanguage\":\"de\",\"@id\":\"https:\/\/www.casavio.com\/de\/camping-aktivitaeten\/ausfluege\/die-insel-santerasmo-die-aromen-der-lagune-von-venedig\/#primaryimage\",\"url\":\"https:\/\/www.casavio.com\/wp-content\/uploads\/2025\/08\/sant-erasmo-esperienza.jpg\",\"contentUrl\":\"https:\/\/www.casavio.com\/wp-content\/uploads\/2025\/08\/sant-erasmo-esperienza.jpg\",\"width\":440,\"height\":600},{\"@type\":\"BreadcrumbList\",\"@id\":\"https:\/\/www.casavio.com\/de\/camping-aktivitaeten\/ausfluege\/die-insel-santerasmo-die-aromen-der-lagune-von-venedig\/#breadcrumb\",\"itemListElement\":[{\"@type\":\"ListItem\",\"position\":1,\"name\":\"Home\",\"item\":\"https:\/\/www.casavio.com\/de\/\"},{\"@type\":\"ListItem\",\"position\":2,\"name\":\"Aktivit\u00e4ten\",\"item\":\"https:\/\/www.casavio.com\/de\/camping-aktivitaeten\/\"},{\"@type\":\"ListItem\",\"position\":3,\"name\":\"Ausfl\u00fcge\",\"item\":\"https:\/\/www.casavio.com\/de\/camping-aktivitaeten\/ausfluege\/\"},{\"@type\":\"ListItem\",\"position\":4,\"name\":\"Die Insel Sant&#8217;Erasmo: Die Aromen der Lagune von Venedig\"}]},{\"@type\":\"WebSite\",\"@id\":\"https:\/\/www.casavio.com\/de\/#website\",\"url\":\"https:\/\/www.casavio.com\/de\/\",\"name\":\"Camping Ca&#039; Savio\",\"description\":\"\",\"publisher\":{\"@id\":\"https:\/\/www.casavio.com\/de\/#organization\"},\"potentialAction\":[{\"@type\":\"SearchAction\",\"target\":{\"@type\":\"EntryPoint\",\"urlTemplate\":\"https:\/\/www.casavio.com\/de\/?s={search_term_string}\"},\"query-input\":{\"@type\":\"PropertyValueSpecification\",\"valueRequired\":true,\"valueName\":\"search_term_string\"}}],\"inLanguage\":\"de\"},{\"@type\":\"Organization\",\"@id\":\"https:\/\/www.casavio.com\/de\/#organization\",\"name\":\"Camping Ca'Savio\",\"url\":\"https:\/\/www.casavio.com\/de\/\",\"logo\":{\"@type\":\"ImageObject\",\"inLanguage\":\"de\",\"@id\":\"https:\/\/www.casavio.com\/de\/#\/schema\/logo\/image\/\",\"url\":\"https:\/\/www.casavio.com\/wp-content\/uploads\/2024\/04\/favicon.png\",\"contentUrl\":\"https:\/\/www.casavio.com\/wp-content\/uploads\/2024\/04\/favicon.png\",\"width\":144,\"height\":144,\"caption\":\"Camping Ca'Savio\"},\"image\":{\"@id\":\"https:\/\/www.casavio.com\/de\/#\/schema\/logo\/image\/\"},\"sameAs\":[\"https:\/\/www.facebook.com\/campingcasavio\",\"https:\/\/www.instagram.com\/campingcasavio\",\"https:\/\/www.youtube.com\/user\/campingcasavio\"]}]}<\/script>\n<!-- \/ Yoast SEO plugin. -->","yoast_head_json":{"title":"Die Insel Sant'Erasmo: Die Aromen der Lagune von Venedig &#8211; Camping Ca&#039; Savio","description":"Das gastronomische ErlebnisIn S. Erasmo lernen Sie Silvia kennen, die Gr\u00fcnderin von \u201eExperientia\u201c, die Sie mit ihrem Degustationsmen\u00fc aus saisonalen und biologischen Zutaten von den Bauern der Insel einl\u00e4dt, die Essenz dieses Ortes zu genie\u00dfen","robots":{"index":"index","follow":"follow","max-snippet":"max-snippet:-1","max-image-preview":"max-image-preview:large","max-video-preview":"max-video-preview:-1"},"canonical":"https:\/\/www.casavio.com\/de\/camping-aktivitaeten\/ausfluege\/die-insel-santerasmo-die-aromen-der-lagune-von-venedig\/","og_locale":"de_DE","og_type":"article","og_title":"Die Insel Sant'Erasmo: Die Aromen der Lagune von Venedig &#8211; Camping Ca&#039; Savio","og_description":"Das gastronomische ErlebnisIn S. Erasmo lernen Sie Silvia kennen, die Gr\u00fcnderin von \u201eExperientia\u201c, die Sie mit ihrem Degustationsmen\u00fc aus saisonalen und biologischen Zutaten von den Bauern der Insel einl\u00e4dt, die Essenz dieses Ortes zu genie\u00dfen","og_url":"https:\/\/www.casavio.com\/de\/camping-aktivitaeten\/ausfluege\/die-insel-santerasmo-die-aromen-der-lagune-von-venedig\/","og_site_name":"Camping Ca&#039; Savio","article_publisher":"https:\/\/www.facebook.com\/campingcasavio","article_modified_time":"2026-02-10T13:33:53+00:00","og_image":[{"width":440,"height":600,"url":"https:\/\/www.casavio.com\/wp-content\/uploads\/2025\/08\/sant-erasmo-esperienza.jpg","type":"image\/jpeg"}],"twitter_card":"summary_large_image","twitter_misc":{"Gesch\u00e4tzte Lesezeit":"1\u00a0Minute"},"schema":{"@context":"https:\/\/schema.org","@graph":[{"@type":"WebPage","@id":"https:\/\/www.casavio.com\/de\/camping-aktivitaeten\/ausfluege\/die-insel-santerasmo-die-aromen-der-lagune-von-venedig\/","url":"https:\/\/www.casavio.com\/de\/camping-aktivitaeten\/ausfluege\/die-insel-santerasmo-die-aromen-der-lagune-von-venedig\/","name":"Die Insel Sant'Erasmo: Die Aromen der Lagune von Venedig &#8211; Camping Ca&#039; Savio","isPartOf":{"@id":"https:\/\/www.casavio.com\/de\/#website"},"primaryImageOfPage":{"@id":"https:\/\/www.casavio.com\/de\/camping-aktivitaeten\/ausfluege\/die-insel-santerasmo-die-aromen-der-lagune-von-venedig\/#primaryimage"},"image":{"@id":"https:\/\/www.casavio.com\/de\/camping-aktivitaeten\/ausfluege\/die-insel-santerasmo-die-aromen-der-lagune-von-venedig\/#primaryimage"},"thumbnailUrl":"https:\/\/www.casavio.com\/wp-content\/uploads\/2025\/08\/sant-erasmo-esperienza.jpg","datePublished":"2025-03-31T14:36:08+00:00","dateModified":"2026-02-10T13:33:53+00:00","description":"Das gastronomische ErlebnisIn S. Erasmo lernen Sie Silvia kennen, die Gr\u00fcnderin von \u201eExperientia\u201c, die Sie mit ihrem Degustationsmen\u00fc aus saisonalen und biologischen Zutaten von den Bauern der Insel einl\u00e4dt, die Essenz dieses Ortes zu genie\u00dfen","breadcrumb":{"@id":"https:\/\/www.casavio.com\/de\/camping-aktivitaeten\/ausfluege\/die-insel-santerasmo-die-aromen-der-lagune-von-venedig\/#breadcrumb"},"inLanguage":"de","potentialAction":[{"@type":"ReadAction","target":["https:\/\/www.casavio.com\/de\/camping-aktivitaeten\/ausfluege\/die-insel-santerasmo-die-aromen-der-lagune-von-venedig\/"]}]},{"@type":"ImageObject","inLanguage":"de","@id":"https:\/\/www.casavio.com\/de\/camping-aktivitaeten\/ausfluege\/die-insel-santerasmo-die-aromen-der-lagune-von-venedig\/#primaryimage","url":"https:\/\/www.casavio.com\/wp-content\/uploads\/2025\/08\/sant-erasmo-esperienza.jpg","contentUrl":"https:\/\/www.casavio.com\/wp-content\/uploads\/2025\/08\/sant-erasmo-esperienza.jpg","width":440,"height":600},{"@type":"BreadcrumbList","@id":"https:\/\/www.casavio.com\/de\/camping-aktivitaeten\/ausfluege\/die-insel-santerasmo-die-aromen-der-lagune-von-venedig\/#breadcrumb","itemListElement":[{"@type":"ListItem","position":1,"name":"Home","item":"https:\/\/www.casavio.com\/de\/"},{"@type":"ListItem","position":2,"name":"Aktivit\u00e4ten","item":"https:\/\/www.casavio.com\/de\/camping-aktivitaeten\/"},{"@type":"ListItem","position":3,"name":"Ausfl\u00fcge","item":"https:\/\/www.casavio.com\/de\/camping-aktivitaeten\/ausfluege\/"},{"@type":"ListItem","position":4,"name":"Die Insel Sant&#8217;Erasmo: Die Aromen der Lagune von Venedig"}]},{"@type":"WebSite","@id":"https:\/\/www.casavio.com\/de\/#website","url":"https:\/\/www.casavio.com\/de\/","name":"Camping Ca&#039; Savio","description":"","publisher":{"@id":"https:\/\/www.casavio.com\/de\/#organization"},"potentialAction":[{"@type":"SearchAction","target":{"@type":"EntryPoint","urlTemplate":"https:\/\/www.casavio.com\/de\/?s={search_term_string}"},"query-input":{"@type":"PropertyValueSpecification","valueRequired":true,"valueName":"search_term_string"}}],"inLanguage":"de"},{"@type":"Organization","@id":"https:\/\/www.casavio.com\/de\/#organization","name":"Camping Ca'Savio","url":"https:\/\/www.casavio.com\/de\/","logo":{"@type":"ImageObject","inLanguage":"de","@id":"https:\/\/www.casavio.com\/de\/#\/schema\/logo\/image\/","url":"https:\/\/www.casavio.com\/wp-content\/uploads\/2024\/04\/favicon.png","contentUrl":"https:\/\/www.casavio.com\/wp-content\/uploads\/2024\/04\/favicon.png","width":144,"height":144,"caption":"Camping Ca'Savio"},"image":{"@id":"https:\/\/www.casavio.com\/de\/#\/schema\/logo\/image\/"},"sameAs":["https:\/\/www.facebook.com\/campingcasavio","https:\/\/www.instagram.com\/campingcasavio","https:\/\/www.youtube.com\/user\/campingcasavio"]}]}},"_links":{"self":[{"href":"https:\/\/www.casavio.com\/de\/wp-json\/wp\/v2\/pages\/41824","targetHints":{"allow":["GET"]}}],"collection":[{"href":"https:\/\/www.casavio.com\/de\/wp-json\/wp\/v2\/pages"}],"about":[{"href":"https:\/\/www.casavio.com\/de\/wp-json\/wp\/v2\/types\/page"}],"author":[{"embeddable":true,"href":"https:\/\/www.casavio.com\/de\/wp-json\/wp\/v2\/users\/6"}],"replies":[{"embeddable":true,"href":"https:\/\/www.casavio.com\/de\/wp-json\/wp\/v2\/comments?post=41824"}],"version-history":[{"count":2,"href":"https:\/\/www.casavio.com\/de\/wp-json\/wp\/v2\/pages\/41824\/revisions"}],"predecessor-version":[{"id":45969,"href":"https:\/\/www.casavio.com\/de\/wp-json\/wp\/v2\/pages\/41824\/revisions\/45969"}],"up":[{"embeddable":true,"href":"https:\/\/www.casavio.com\/de\/wp-json\/wp\/v2\/pages\/8138"}],"wp:featuredmedia":[{"embeddable":true,"href":"https:\/\/www.casavio.com\/de\/wp-json\/wp\/v2\/media\/42385"}],"wp:attachment":[{"href":"https:\/\/www.casavio.com\/de\/wp-json\/wp\/v2\/media?parent=41824"}],"curies":[{"name":"wp","href":"https:\/\/api.w.org\/{rel}","templated":true}]}}