{"id":6839,"date":"2019-10-01T15:00:17","date_gmt":"2019-10-01T13:00:17","guid":{"rendered":"https:\/\/www.casavio.com\/home\/"},"modified":"2026-04-10T10:13:43","modified_gmt":"2026-04-10T08:13:43","slug":"home","status":"publish","type":"page","link":"https:\/\/www.casavio.com\/de\/","title":{"rendered":"Home"},"content":{"rendered":"<h1>Camping f\u00fcr Familien in Cavallino<\/h1>\n<p>Der ideale Campingplatz f\u00fcr Ihren Urlaub in der Natur mit Familie und Freunden. Auf Camping Ca\u2019Savio k\u00f6nnen Sie barfu\u00df auf dem Strand spazieren, im Schatten unseres Pinienwaldes sich entspannen, die einzigartige Umgebung der Lagune entdecken oder Venedig und seine Inseln besichtigen. Hier ist Ihr Open-Air-Urlaub mit allem Komfort, den Sie m\u00f6chten!<\/p>\n","protected":false},"excerpt":{"rendered":"<p>Camping f\u00fcr Familien in Cavallino Der ideale Campingplatz f\u00fcr Ihren Urlaub in der Natur mit Familie und Freunden. Auf Camping Ca\u2019Savio k\u00f6nnen Sie barfu\u00df auf dem Strand spazieren, im Schatten unseres Pinienwaldes sich entspannen, die einzigartige Umgebung der Lagune entdecken oder Venedig und seine Inseln besichtigen. Hier ist Ihr Open-Air-Urlaub mit allem Komfort, den Sie [&hellip;]<\/p>\n","protected":false},"author":2,"featured_media":0,"parent":0,"menu_order":0,"comment_status":"closed","ping_status":"closed","template":"templates\/tpl-homepage.php","meta":{"_acf_changed":false},"class_list":["post-6839","page","type-page","status-publish","hentry"],"acf":[],"yoast_head":"<!-- This site is optimized with the Yoast SEO plugin v25.3 - https:\/\/yoast.com\/wordpress\/plugins\/seo\/ -->\n<title>Camping Ca&#039; Savio - Campingplatz in Cavalino, Jesolo, Italien<\/title>\n<meta name=\"description\" content=\"Willkommen auf dem Campingplatz Ca&#039; Savio in Cavallino Treporti! Campingplatz n\u00e4he Venedig. W\u00e4hlen Sie zwischen Stellpl\u00e4tzen im Kiefernwald, Bungalows in Meeresn\u00e4he und vielem mehr!\" \/>\n<meta name=\"robots\" content=\"index, follow, max-snippet:-1, max-image-preview:large, max-video-preview:-1\" \/>\n<link rel=\"canonical\" href=\"https:\/\/www.casavio.com\/de\/\" \/>\n<meta property=\"og:locale\" content=\"de_DE\" \/>\n<meta property=\"og:type\" content=\"article\" \/>\n<meta property=\"og:title\" content=\"Camping Ca&#039; Savio - Campingplatz in Cavalino, Jesolo, Italien\" \/>\n<meta property=\"og:description\" content=\"Willkommen auf dem Campingplatz Ca&#039; Savio in Cavallino Treporti! Campingplatz n\u00e4he Venedig. W\u00e4hlen Sie zwischen Stellpl\u00e4tzen im Kiefernwald, Bungalows in Meeresn\u00e4he und vielem mehr!\" \/>\n<meta property=\"og:url\" content=\"https:\/\/www.casavio.com\/de\/\" \/>\n<meta property=\"og:site_name\" content=\"Camping Ca&#039; Savio\" \/>\n<meta property=\"article:publisher\" content=\"https:\/\/www.facebook.com\/campingcasavio\" \/>\n<meta property=\"article:modified_time\" content=\"2026-04-10T08:13:43+00:00\" \/>\n<meta property=\"og:image\" content=\"https:\/\/www.casavio.com\/wp-content\/uploads\/2019\/11\/ca-savio-home-1-chi-siamo.jpg\" \/>\n\t<meta property=\"og:image:width\" content=\"1440\" \/>\n\t<meta property=\"og:image:height\" content=\"740\" \/>\n\t<meta property=\"og:image:type\" content=\"image\/jpeg\" \/>\n<meta name=\"twitter:card\" content=\"summary_large_image\" \/>\n<meta name=\"twitter:label1\" content=\"Gesch\u00e4tzte Lesezeit\" \/>\n\t<meta name=\"twitter:data1\" content=\"1\u00a0Minute\" \/>\n<script type=\"application\/ld+json\" class=\"yoast-schema-graph\">{\"@context\":\"https:\/\/schema.org\",\"@graph\":[{\"@type\":\"WebPage\",\"@id\":\"https:\/\/www.casavio.com\/de\/\",\"url\":\"https:\/\/www.casavio.com\/de\/\",\"name\":\"Camping Ca' Savio - Campingplatz in Cavalino, Jesolo, Italien\",\"isPartOf\":{\"@id\":\"https:\/\/www.casavio.com\/de\/#website\"},\"datePublished\":\"2019-10-01T13:00:17+00:00\",\"dateModified\":\"2026-04-10T08:13:43+00:00\",\"description\":\"Willkommen auf dem Campingplatz Ca' Savio in Cavallino Treporti! Campingplatz n\u00e4he Venedig. W\u00e4hlen Sie zwischen Stellpl\u00e4tzen im Kiefernwald, Bungalows in Meeresn\u00e4he und vielem mehr!\",\"breadcrumb\":{\"@id\":\"https:\/\/www.casavio.com\/de\/#breadcrumb\"},\"inLanguage\":\"de\",\"potentialAction\":[{\"@type\":\"ReadAction\",\"target\":[\"https:\/\/www.casavio.com\/de\/\"]}]},{\"@type\":\"BreadcrumbList\",\"@id\":\"https:\/\/www.casavio.com\/de\/#breadcrumb\",\"itemListElement\":[{\"@type\":\"ListItem\",\"position\":1,\"name\":\"Home\",\"item\":\"https:\/\/www.casavio.com\/de\/\"},{\"@type\":\"ListItem\",\"position\":2,\"name\":\"Home\"}]},{\"@type\":\"WebSite\",\"@id\":\"https:\/\/www.casavio.com\/de\/#website\",\"url\":\"https:\/\/www.casavio.com\/de\/\",\"name\":\"Camping Ca&#039; Savio\",\"description\":\"\",\"publisher\":{\"@id\":\"https:\/\/www.casavio.com\/de\/#organization\"},\"potentialAction\":[{\"@type\":\"SearchAction\",\"target\":{\"@type\":\"EntryPoint\",\"urlTemplate\":\"https:\/\/www.casavio.com\/de\/?s={search_term_string}\"},\"query-input\":{\"@type\":\"PropertyValueSpecification\",\"valueRequired\":true,\"valueName\":\"search_term_string\"}}],\"inLanguage\":\"de\"},{\"@type\":\"Organization\",\"@id\":\"https:\/\/www.casavio.com\/de\/#organization\",\"name\":\"Camping Ca'Savio\",\"url\":\"https:\/\/www.casavio.com\/de\/\",\"logo\":{\"@type\":\"ImageObject\",\"inLanguage\":\"de\",\"@id\":\"https:\/\/www.casavio.com\/de\/#\/schema\/logo\/image\/\",\"url\":\"https:\/\/www.casavio.com\/wp-content\/uploads\/2024\/04\/favicon.png\",\"contentUrl\":\"https:\/\/www.casavio.com\/wp-content\/uploads\/2024\/04\/favicon.png\",\"width\":144,\"height\":144,\"caption\":\"Camping Ca'Savio\"},\"image\":{\"@id\":\"https:\/\/www.casavio.com\/de\/#\/schema\/logo\/image\/\"},\"sameAs\":[\"https:\/\/www.facebook.com\/campingcasavio\",\"https:\/\/www.instagram.com\/campingcasavio\",\"https:\/\/www.youtube.com\/user\/campingcasavio\"]}]}<\/script>\n<!-- \/ Yoast SEO plugin. -->","yoast_head_json":{"title":"Camping Ca' Savio - Campingplatz in Cavalino, Jesolo, Italien","description":"Willkommen auf dem Campingplatz Ca' Savio in Cavallino Treporti! Campingplatz n\u00e4he Venedig. W\u00e4hlen Sie zwischen Stellpl\u00e4tzen im Kiefernwald, Bungalows in Meeresn\u00e4he und vielem mehr!","robots":{"index":"index","follow":"follow","max-snippet":"max-snippet:-1","max-image-preview":"max-image-preview:large","max-video-preview":"max-video-preview:-1"},"canonical":"https:\/\/www.casavio.com\/de\/","og_locale":"de_DE","og_type":"article","og_title":"Camping Ca' Savio - Campingplatz in Cavalino, Jesolo, Italien","og_description":"Willkommen auf dem Campingplatz Ca' Savio in Cavallino Treporti! Campingplatz n\u00e4he Venedig. W\u00e4hlen Sie zwischen Stellpl\u00e4tzen im Kiefernwald, Bungalows in Meeresn\u00e4he und vielem mehr!","og_url":"https:\/\/www.casavio.com\/de\/","og_site_name":"Camping Ca&#039; Savio","article_publisher":"https:\/\/www.facebook.com\/campingcasavio","article_modified_time":"2026-04-10T08:13:43+00:00","og_image":[{"width":1440,"height":740,"url":"https:\/\/www.casavio.com\/wp-content\/uploads\/2019\/11\/ca-savio-home-1-chi-siamo.jpg","type":"image\/jpeg"}],"twitter_card":"summary_large_image","twitter_misc":{"Gesch\u00e4tzte Lesezeit":"1\u00a0Minute"},"schema":{"@context":"https:\/\/schema.org","@graph":[{"@type":"WebPage","@id":"https:\/\/www.casavio.com\/de\/","url":"https:\/\/www.casavio.com\/de\/","name":"Camping Ca' Savio - Campingplatz in Cavalino, Jesolo, Italien","isPartOf":{"@id":"https:\/\/www.casavio.com\/de\/#website"},"datePublished":"2019-10-01T13:00:17+00:00","dateModified":"2026-04-10T08:13:43+00:00","description":"Willkommen auf dem Campingplatz Ca' Savio in Cavallino Treporti! Campingplatz n\u00e4he Venedig. W\u00e4hlen Sie zwischen Stellpl\u00e4tzen im Kiefernwald, Bungalows in Meeresn\u00e4he und vielem mehr!","breadcrumb":{"@id":"https:\/\/www.casavio.com\/de\/#breadcrumb"},"inLanguage":"de","potentialAction":[{"@type":"ReadAction","target":["https:\/\/www.casavio.com\/de\/"]}]},{"@type":"BreadcrumbList","@id":"https:\/\/www.casavio.com\/de\/#breadcrumb","itemListElement":[{"@type":"ListItem","position":1,"name":"Home","item":"https:\/\/www.casavio.com\/de\/"},{"@type":"ListItem","position":2,"name":"Home"}]},{"@type":"WebSite","@id":"https:\/\/www.casavio.com\/de\/#website","url":"https:\/\/www.casavio.com\/de\/","name":"Camping Ca&#039; Savio","description":"","publisher":{"@id":"https:\/\/www.casavio.com\/de\/#organization"},"potentialAction":[{"@type":"SearchAction","target":{"@type":"EntryPoint","urlTemplate":"https:\/\/www.casavio.com\/de\/?s={search_term_string}"},"query-input":{"@type":"PropertyValueSpecification","valueRequired":true,"valueName":"search_term_string"}}],"inLanguage":"de"},{"@type":"Organization","@id":"https:\/\/www.casavio.com\/de\/#organization","name":"Camping Ca'Savio","url":"https:\/\/www.casavio.com\/de\/","logo":{"@type":"ImageObject","inLanguage":"de","@id":"https:\/\/www.casavio.com\/de\/#\/schema\/logo\/image\/","url":"https:\/\/www.casavio.com\/wp-content\/uploads\/2024\/04\/favicon.png","contentUrl":"https:\/\/www.casavio.com\/wp-content\/uploads\/2024\/04\/favicon.png","width":144,"height":144,"caption":"Camping Ca'Savio"},"image":{"@id":"https:\/\/www.casavio.com\/de\/#\/schema\/logo\/image\/"},"sameAs":["https:\/\/www.facebook.com\/campingcasavio","https:\/\/www.instagram.com\/campingcasavio","https:\/\/www.youtube.com\/user\/campingcasavio"]}]}},"_links":{"self":[{"href":"https:\/\/www.casavio.com\/de\/wp-json\/wp\/v2\/pages\/6839","targetHints":{"allow":["GET"]}}],"collection":[{"href":"https:\/\/www.casavio.com\/de\/wp-json\/wp\/v2\/pages"}],"about":[{"href":"https:\/\/www.casavio.com\/de\/wp-json\/wp\/v2\/types\/page"}],"author":[{"embeddable":true,"href":"https:\/\/www.casavio.com\/de\/wp-json\/wp\/v2\/users\/2"}],"replies":[{"embeddable":true,"href":"https:\/\/www.casavio.com\/de\/wp-json\/wp\/v2\/comments?post=6839"}],"version-history":[{"count":1,"href":"https:\/\/www.casavio.com\/de\/wp-json\/wp\/v2\/pages\/6839\/revisions"}],"predecessor-version":[{"id":46412,"href":"https:\/\/www.casavio.com\/de\/wp-json\/wp\/v2\/pages\/6839\/revisions\/46412"}],"wp:attachment":[{"href":"https:\/\/www.casavio.com\/de\/wp-json\/wp\/v2\/media?parent=6839"}],"curies":[{"name":"wp","href":"https:\/\/api.w.org\/{rel}","templated":true}]}}