{"id":7982,"date":"2019-10-11T11:59:34","date_gmt":"2019-10-11T09:59:34","guid":{"rendered":"https:\/\/www.casavio.com\/il-nostro-campeggio\/"},"modified":"2025-09-11T17:13:42","modified_gmt":"2025-09-11T15:13:42","slug":"unser-campingplatz","status":"publish","type":"page","link":"https:\/\/www.casavio.com\/de\/unser-campingplatz\/","title":{"rendered":"Unser Campingplatz"},"content":{"rendered":"<p>Unser Campingplatz ist der perfekte Ort, in dem Sie sich selbst wieder finden k\u00f6nnen und die Wichtigkeit entdecken, Zeit f\u00fcr Sie zu nehmen. Genau aus diesem Grund ist Camping Ca&#8217;Savio f\u00fcr unsere G\u00e4ste etwas ganz Besonderes. Hier k\u00f6nnen Sie frei sein und einen dynamischen und gleichzeitig erholsamen Urlaub in Kontakt mit der Natur verbringen.<\/p>\n","protected":false},"excerpt":{"rendered":"<p>Unser Campingplatz ist der perfekte Ort, in dem Sie sich selbst wieder finden k\u00f6nnen und die Wichtigkeit entdecken, Zeit f\u00fcr Sie zu nehmen. Genau aus diesem Grund ist Camping Ca&#8217;Savio f\u00fcr unsere G\u00e4ste etwas ganz Besonderes. Hier k\u00f6nnen Sie frei sein und einen dynamischen und gleichzeitig erholsamen Urlaub in Kontakt mit der Natur verbringen.<\/p>\n","protected":false},"author":2,"featured_media":0,"parent":0,"menu_order":1,"comment_status":"closed","ping_status":"closed","template":"templates\/tpl-dynamic-layout.php","meta":{"_acf_changed":false},"class_list":["post-7982","page","type-page","status-publish","hentry"],"acf":[],"yoast_head":"<!-- This site is optimized with the Yoast SEO plugin v25.3 - https:\/\/yoast.com\/wordpress\/plugins\/seo\/ -->\n<title>Unser Campingplatz: Philosophie und Geschichte &#8211; Camping Ca&#039; Savio<\/title>\n<meta name=\"description\" content=\"Der Campingplatz Ca&#039; Savio in Cavallino Treporti in Italien ist dank der gro\u00dfen Spielbereiche und der jungen Leute f\u00fcr Unterhaltung und viele Dienstleistungen die ideale Umgebung f\u00fcr Familien. Finde die Details heraus.\" \/>\n<meta name=\"robots\" content=\"index, follow, max-snippet:-1, max-image-preview:large, max-video-preview:-1\" \/>\n<link rel=\"canonical\" href=\"https:\/\/www.casavio.com\/de\/unser-campingplatz\/\" \/>\n<meta property=\"og:locale\" content=\"de_DE\" \/>\n<meta property=\"og:type\" content=\"article\" \/>\n<meta property=\"og:title\" content=\"Unser Campingplatz: Philosophie und Geschichte &#8211; Camping Ca&#039; Savio\" \/>\n<meta property=\"og:description\" content=\"Der Campingplatz Ca&#039; Savio in Cavallino Treporti in Italien ist dank der gro\u00dfen Spielbereiche und der jungen Leute f\u00fcr Unterhaltung und viele Dienstleistungen die ideale Umgebung f\u00fcr Familien. Finde die Details heraus.\" \/>\n<meta property=\"og:url\" content=\"https:\/\/www.casavio.com\/de\/unser-campingplatz\/\" \/>\n<meta property=\"og:site_name\" content=\"Camping Ca&#039; Savio\" \/>\n<meta property=\"article:publisher\" content=\"https:\/\/www.facebook.com\/campingcasavio\" \/>\n<meta property=\"article:modified_time\" content=\"2025-09-11T15:13:42+00:00\" \/>\n<meta property=\"og:image\" content=\"https:\/\/www.casavio.com\/wp-content\/uploads\/2019\/11\/ca-savio-nostro-campeggio-header.jpg\" \/>\n\t<meta property=\"og:image:width\" content=\"1440\" \/>\n\t<meta property=\"og:image:height\" content=\"500\" \/>\n\t<meta property=\"og:image:type\" content=\"image\/jpeg\" \/>\n<meta name=\"twitter:card\" content=\"summary_large_image\" \/>\n<meta name=\"twitter:label1\" content=\"Gesch\u00e4tzte Lesezeit\" \/>\n\t<meta name=\"twitter:data1\" content=\"1\u00a0Minute\" \/>\n<script type=\"application\/ld+json\" class=\"yoast-schema-graph\">{\"@context\":\"https:\/\/schema.org\",\"@graph\":[{\"@type\":\"WebPage\",\"@id\":\"https:\/\/www.casavio.com\/de\/unser-campingplatz\/\",\"url\":\"https:\/\/www.casavio.com\/de\/unser-campingplatz\/\",\"name\":\"Unser Campingplatz: Philosophie und Geschichte &#8211; Camping Ca&#039; Savio\",\"isPartOf\":{\"@id\":\"https:\/\/www.casavio.com\/de\/#website\"},\"datePublished\":\"2019-10-11T09:59:34+00:00\",\"dateModified\":\"2025-09-11T15:13:42+00:00\",\"description\":\"Der Campingplatz Ca' Savio in Cavallino Treporti in Italien ist dank der gro\u00dfen Spielbereiche und der jungen Leute f\u00fcr Unterhaltung und viele Dienstleistungen die ideale Umgebung f\u00fcr Familien. Finde die Details heraus.\",\"breadcrumb\":{\"@id\":\"https:\/\/www.casavio.com\/de\/unser-campingplatz\/#breadcrumb\"},\"inLanguage\":\"de\",\"potentialAction\":[{\"@type\":\"ReadAction\",\"target\":[\"https:\/\/www.casavio.com\/de\/unser-campingplatz\/\"]}]},{\"@type\":\"BreadcrumbList\",\"@id\":\"https:\/\/www.casavio.com\/de\/unser-campingplatz\/#breadcrumb\",\"itemListElement\":[{\"@type\":\"ListItem\",\"position\":1,\"name\":\"Home\",\"item\":\"https:\/\/www.casavio.com\/de\/\"},{\"@type\":\"ListItem\",\"position\":2,\"name\":\"Unser Campingplatz\"}]},{\"@type\":\"WebSite\",\"@id\":\"https:\/\/www.casavio.com\/de\/#website\",\"url\":\"https:\/\/www.casavio.com\/de\/\",\"name\":\"Camping Ca&#039; Savio\",\"description\":\"\",\"publisher\":{\"@id\":\"https:\/\/www.casavio.com\/de\/#organization\"},\"potentialAction\":[{\"@type\":\"SearchAction\",\"target\":{\"@type\":\"EntryPoint\",\"urlTemplate\":\"https:\/\/www.casavio.com\/de\/?s={search_term_string}\"},\"query-input\":{\"@type\":\"PropertyValueSpecification\",\"valueRequired\":true,\"valueName\":\"search_term_string\"}}],\"inLanguage\":\"de\"},{\"@type\":\"Organization\",\"@id\":\"https:\/\/www.casavio.com\/de\/#organization\",\"name\":\"Camping Ca'Savio\",\"url\":\"https:\/\/www.casavio.com\/de\/\",\"logo\":{\"@type\":\"ImageObject\",\"inLanguage\":\"de\",\"@id\":\"https:\/\/www.casavio.com\/de\/#\/schema\/logo\/image\/\",\"url\":\"https:\/\/www.casavio.com\/wp-content\/uploads\/2024\/04\/favicon.png\",\"contentUrl\":\"https:\/\/www.casavio.com\/wp-content\/uploads\/2024\/04\/favicon.png\",\"width\":144,\"height\":144,\"caption\":\"Camping Ca'Savio\"},\"image\":{\"@id\":\"https:\/\/www.casavio.com\/de\/#\/schema\/logo\/image\/\"},\"sameAs\":[\"https:\/\/www.facebook.com\/campingcasavio\",\"https:\/\/www.instagram.com\/campingcasavio\",\"https:\/\/www.youtube.com\/user\/campingcasavio\"]}]}<\/script>\n<!-- \/ Yoast SEO plugin. -->","yoast_head_json":{"title":"Unser Campingplatz: Philosophie und Geschichte &#8211; Camping Ca&#039; Savio","description":"Der Campingplatz Ca' Savio in Cavallino Treporti in Italien ist dank der gro\u00dfen Spielbereiche und der jungen Leute f\u00fcr Unterhaltung und viele Dienstleistungen die ideale Umgebung f\u00fcr Familien. Finde die Details heraus.","robots":{"index":"index","follow":"follow","max-snippet":"max-snippet:-1","max-image-preview":"max-image-preview:large","max-video-preview":"max-video-preview:-1"},"canonical":"https:\/\/www.casavio.com\/de\/unser-campingplatz\/","og_locale":"de_DE","og_type":"article","og_title":"Unser Campingplatz: Philosophie und Geschichte &#8211; Camping Ca&#039; Savio","og_description":"Der Campingplatz Ca' Savio in Cavallino Treporti in Italien ist dank der gro\u00dfen Spielbereiche und der jungen Leute f\u00fcr Unterhaltung und viele Dienstleistungen die ideale Umgebung f\u00fcr Familien. Finde die Details heraus.","og_url":"https:\/\/www.casavio.com\/de\/unser-campingplatz\/","og_site_name":"Camping Ca&#039; Savio","article_publisher":"https:\/\/www.facebook.com\/campingcasavio","article_modified_time":"2025-09-11T15:13:42+00:00","og_image":[{"width":1440,"height":500,"url":"https:\/\/www.casavio.com\/wp-content\/uploads\/2019\/11\/ca-savio-nostro-campeggio-header.jpg","type":"image\/jpeg"}],"twitter_card":"summary_large_image","twitter_misc":{"Gesch\u00e4tzte Lesezeit":"1\u00a0Minute"},"schema":{"@context":"https:\/\/schema.org","@graph":[{"@type":"WebPage","@id":"https:\/\/www.casavio.com\/de\/unser-campingplatz\/","url":"https:\/\/www.casavio.com\/de\/unser-campingplatz\/","name":"Unser Campingplatz: Philosophie und Geschichte &#8211; Camping Ca&#039; Savio","isPartOf":{"@id":"https:\/\/www.casavio.com\/de\/#website"},"datePublished":"2019-10-11T09:59:34+00:00","dateModified":"2025-09-11T15:13:42+00:00","description":"Der Campingplatz Ca' Savio in Cavallino Treporti in Italien ist dank der gro\u00dfen Spielbereiche und der jungen Leute f\u00fcr Unterhaltung und viele Dienstleistungen die ideale Umgebung f\u00fcr Familien. Finde die Details heraus.","breadcrumb":{"@id":"https:\/\/www.casavio.com\/de\/unser-campingplatz\/#breadcrumb"},"inLanguage":"de","potentialAction":[{"@type":"ReadAction","target":["https:\/\/www.casavio.com\/de\/unser-campingplatz\/"]}]},{"@type":"BreadcrumbList","@id":"https:\/\/www.casavio.com\/de\/unser-campingplatz\/#breadcrumb","itemListElement":[{"@type":"ListItem","position":1,"name":"Home","item":"https:\/\/www.casavio.com\/de\/"},{"@type":"ListItem","position":2,"name":"Unser Campingplatz"}]},{"@type":"WebSite","@id":"https:\/\/www.casavio.com\/de\/#website","url":"https:\/\/www.casavio.com\/de\/","name":"Camping Ca&#039; Savio","description":"","publisher":{"@id":"https:\/\/www.casavio.com\/de\/#organization"},"potentialAction":[{"@type":"SearchAction","target":{"@type":"EntryPoint","urlTemplate":"https:\/\/www.casavio.com\/de\/?s={search_term_string}"},"query-input":{"@type":"PropertyValueSpecification","valueRequired":true,"valueName":"search_term_string"}}],"inLanguage":"de"},{"@type":"Organization","@id":"https:\/\/www.casavio.com\/de\/#organization","name":"Camping Ca'Savio","url":"https:\/\/www.casavio.com\/de\/","logo":{"@type":"ImageObject","inLanguage":"de","@id":"https:\/\/www.casavio.com\/de\/#\/schema\/logo\/image\/","url":"https:\/\/www.casavio.com\/wp-content\/uploads\/2024\/04\/favicon.png","contentUrl":"https:\/\/www.casavio.com\/wp-content\/uploads\/2024\/04\/favicon.png","width":144,"height":144,"caption":"Camping Ca'Savio"},"image":{"@id":"https:\/\/www.casavio.com\/de\/#\/schema\/logo\/image\/"},"sameAs":["https:\/\/www.facebook.com\/campingcasavio","https:\/\/www.instagram.com\/campingcasavio","https:\/\/www.youtube.com\/user\/campingcasavio"]}]}},"_links":{"self":[{"href":"https:\/\/www.casavio.com\/de\/wp-json\/wp\/v2\/pages\/7982","targetHints":{"allow":["GET"]}}],"collection":[{"href":"https:\/\/www.casavio.com\/de\/wp-json\/wp\/v2\/pages"}],"about":[{"href":"https:\/\/www.casavio.com\/de\/wp-json\/wp\/v2\/types\/page"}],"author":[{"embeddable":true,"href":"https:\/\/www.casavio.com\/de\/wp-json\/wp\/v2\/users\/2"}],"replies":[{"embeddable":true,"href":"https:\/\/www.casavio.com\/de\/wp-json\/wp\/v2\/comments?post=7982"}],"version-history":[{"count":2,"href":"https:\/\/www.casavio.com\/de\/wp-json\/wp\/v2\/pages\/7982\/revisions"}],"predecessor-version":[{"id":43500,"href":"https:\/\/www.casavio.com\/de\/wp-json\/wp\/v2\/pages\/7982\/revisions\/43500"}],"wp:attachment":[{"href":"https:\/\/www.casavio.com\/de\/wp-json\/wp\/v2\/media?parent=7982"}],"curies":[{"name":"wp","href":"https:\/\/api.w.org\/{rel}","templated":true}]}}