{"id":7985,"date":"2019-10-21T15:24:44","date_gmt":"2019-10-21T13:24:44","guid":{"rendered":"https:\/\/www.casavio.com\/unser-campingplatz\/filosofia\/"},"modified":"2022-09-27T12:16:49","modified_gmt":"2022-09-27T10:16:49","slug":"philosophie","status":"publish","type":"page","link":"https:\/\/www.casavio.com\/de\/unser-campingplatz\/philosophie\/","title":{"rendered":"Unsere Philosophie"},"content":{"rendered":"<p>Ein Urlaub bedeutet viel mehr als nur die Wahl eines Landes und eines Campingplatzes. Es ist eine M\u00f6glichkeit, uns auszudr\u00fccken und unsere Identit\u00e4t wiederzuentdecken. Der Camping Ca&#8216; Savio glaubt, dass ein Urlaub bedeutet, <b>Freiheit <\/b>und die M\u00f6glichkeit zu haben, <b>die Zeit vergessen<\/b> zu k\u00f6nnen. Von der <b>Natur <\/b>umgeben zu sein und die <b>frische Luft des Meeres<\/b> zu atmen, regeneriert den Geist, aber auch die Seele. Verpassen Sie nicht die Gelegenheit, <b>sich <\/b>w\u00e4hrend Ihres Ca&#8217;Savio Erlebnis <b>zu entspannen und aufzuladen<\/b>.<\/p>\n<p>Unsere Werte und Philosophie liegen uns am Herzen: sie sind unser Leitsatz, damit wir unseren G\u00e4sten auch weiterhin Ferien anbieten k\u00f6nnen, die Erinnerungen schaffen. Damit wir dies \u00fcber viele Jahre hinweg fortf\u00fchren k\u00f6nnen, gemeinsam mit unserem <a href=\"https:\/\/www.casavio.com\/de\/blog\/news\/eine-spannende-partnerschaft\/\">Partner Monviso Institute<\/a>, haben wir unsere wichtigsten Werte neu formuliert:<\/p>\n<ol>\n<li aria-level=\"1\">Wir m\u00f6chten einzigartige Erlebnisse schaffen und sie mit unseren G\u00e4sten teilen<\/li>\n<li aria-level=\"1\">Unsere G\u00e4ste stehen im Mittelpunkt unseres Handelns und wir schaffen eine Kultur der Herzlichkeit und Zugeh\u00f6rigkeit, in der jeder willkommen ist<\/li>\n<li aria-level=\"1\">Wir wissen, dass wir einen Fu\u00dfabdruck in der Natur und den lokalen Gemeinschaften hinterlassen \u2013 unser Ziel ist es, einen so <b>positiven Fu\u00dfabdruck<\/b> wie m\u00f6glich zu gestalten<\/li>\n<li aria-level=\"1\">Eines unserer langfristigen Ziele ist <b>unsere nat\u00fcrliche und soziale Umwelt zu bewahren<\/b> und <b>einen regenerativen Campingplatz zu schaffen<\/b><\/li>\n<li aria-level=\"1\">Wir teilen die <b>Global Sustainable Development Goals<\/b> (Globale Ziele f\u00fcr nachhaltige Entwicklung) und m\u00f6chten, dass sie sich in unsere Kultur integrieren.<\/li>\n<\/ol>\n<p>Eine Ca&#8217;Savio-Erlebnis in enger Verbindung mit dem Campingplatz, der Natur und den Menschen wird gemeinsam geschafft und wir m\u00f6chten alle auf der <b>Reise <\/b>zusammenarbeiten, <b>um unseren Campingplatz zu unterst\u00fctzen und uns <a href=\"https:\/\/www.casavio.com\/de\/unser-campingplatz\/unsere-reise-zu-einem-zukunftsfaehigen-campingplatz\/\">f\u00fcr die Zukunft vorzubereiten<\/a>.<\/b><\/p>\n","protected":false},"excerpt":{"rendered":"<p>Der Urlaub bedeutet viel mehr als zu einem Ort oder Campingplatz zu fahren. Heute bedeutet er die M\u00f6glichkeit, sich selbst zu sein und wieder zu finden und neue Erfahrungen zu erleben. Der Camping Ca&#8217;Savio m\u00f6chte einen wichtigen Teil dieser Reise darstellen. Ein starkes Verh\u00e4ltnis zur Natur und die Betreuung unserer G\u00e4ste ist f\u00fcr uns die beste Weise, ein authentisches Urlaubserlebnis anzubieten. Hier werden Sie sich wie zu Hause f\u00fchlen und k\u00f6nnen dem Alltag entfliehen und sich wieder finden.<\/p>\n","protected":false},"author":2,"featured_media":7849,"parent":7982,"menu_order":3,"comment_status":"closed","ping_status":"closed","template":"","meta":{"_acf_changed":false},"class_list":["post-7985","page","type-page","status-publish","has-post-thumbnail","hentry"],"acf":[],"yoast_head":"<!-- This site is optimized with the Yoast SEO plugin v25.3 - https:\/\/yoast.com\/wordpress\/plugins\/seo\/ -->\n<title>Die Philosophie unseres Campingplatzes &#8211; Camping Ca&#039; Savio<\/title>\n<meta name=\"description\" content=\"Unsere Philosophie ist in einigen einfachen Konzepten zusammengefasst: Freiheit, Entspannung, Natur und Selbstpflege.\" \/>\n<meta name=\"robots\" content=\"index, follow, max-snippet:-1, max-image-preview:large, max-video-preview:-1\" \/>\n<link rel=\"canonical\" href=\"https:\/\/www.casavio.com\/de\/unser-campingplatz\/philosophie\/\" \/>\n<meta property=\"og:locale\" content=\"de_DE\" \/>\n<meta property=\"og:type\" content=\"article\" \/>\n<meta property=\"og:title\" content=\"Die Philosophie unseres Campingplatzes &#8211; Camping Ca&#039; Savio\" \/>\n<meta property=\"og:description\" content=\"Unsere Philosophie ist in einigen einfachen Konzepten zusammengefasst: Freiheit, Entspannung, Natur und Selbstpflege.\" \/>\n<meta property=\"og:url\" content=\"https:\/\/www.casavio.com\/de\/unser-campingplatz\/philosophie\/\" \/>\n<meta property=\"og:site_name\" content=\"Camping Ca&#039; Savio\" \/>\n<meta property=\"article:publisher\" content=\"https:\/\/www.facebook.com\/campingcasavio\" \/>\n<meta property=\"article:modified_time\" content=\"2022-09-27T10:16:49+00:00\" \/>\n<meta property=\"og:image\" content=\"https:\/\/www.casavio.com\/wp-content\/uploads\/2020\/02\/00.-Home_La-nostra-_filosofia_-900x600-copy.jpg\" \/>\n\t<meta property=\"og:image:width\" content=\"900\" \/>\n\t<meta property=\"og:image:height\" content=\"600\" \/>\n\t<meta property=\"og:image:type\" content=\"image\/jpeg\" \/>\n<meta name=\"twitter:card\" content=\"summary_large_image\" \/>\n<meta name=\"twitter:label1\" content=\"Gesch\u00e4tzte Lesezeit\" \/>\n\t<meta name=\"twitter:data1\" content=\"2\u00a0Minuten\" \/>\n<script type=\"application\/ld+json\" class=\"yoast-schema-graph\">{\"@context\":\"https:\/\/schema.org\",\"@graph\":[{\"@type\":\"WebPage\",\"@id\":\"https:\/\/www.casavio.com\/de\/unser-campingplatz\/philosophie\/\",\"url\":\"https:\/\/www.casavio.com\/de\/unser-campingplatz\/philosophie\/\",\"name\":\"Die Philosophie unseres Campingplatzes &#8211; Camping Ca&#039; Savio\",\"isPartOf\":{\"@id\":\"https:\/\/www.casavio.com\/de\/#website\"},\"primaryImageOfPage\":{\"@id\":\"https:\/\/www.casavio.com\/de\/unser-campingplatz\/philosophie\/#primaryimage\"},\"image\":{\"@id\":\"https:\/\/www.casavio.com\/de\/unser-campingplatz\/philosophie\/#primaryimage\"},\"thumbnailUrl\":\"https:\/\/www.casavio.com\/wp-content\/uploads\/2020\/02\/00.-Home_La-nostra-_filosofia_-900x600-copy.jpg\",\"datePublished\":\"2019-10-21T13:24:44+00:00\",\"dateModified\":\"2022-09-27T10:16:49+00:00\",\"description\":\"Unsere Philosophie ist in einigen einfachen Konzepten zusammengefasst: Freiheit, Entspannung, Natur und Selbstpflege.\",\"breadcrumb\":{\"@id\":\"https:\/\/www.casavio.com\/de\/unser-campingplatz\/philosophie\/#breadcrumb\"},\"inLanguage\":\"de\",\"potentialAction\":[{\"@type\":\"ReadAction\",\"target\":[\"https:\/\/www.casavio.com\/de\/unser-campingplatz\/philosophie\/\"]}]},{\"@type\":\"ImageObject\",\"inLanguage\":\"de\",\"@id\":\"https:\/\/www.casavio.com\/de\/unser-campingplatz\/philosophie\/#primaryimage\",\"url\":\"https:\/\/www.casavio.com\/wp-content\/uploads\/2020\/02\/00.-Home_La-nostra-_filosofia_-900x600-copy.jpg\",\"contentUrl\":\"https:\/\/www.casavio.com\/wp-content\/uploads\/2020\/02\/00.-Home_La-nostra-_filosofia_-900x600-copy.jpg\",\"width\":900,\"height\":600},{\"@type\":\"BreadcrumbList\",\"@id\":\"https:\/\/www.casavio.com\/de\/unser-campingplatz\/philosophie\/#breadcrumb\",\"itemListElement\":[{\"@type\":\"ListItem\",\"position\":1,\"name\":\"Home\",\"item\":\"https:\/\/www.casavio.com\/de\/\"},{\"@type\":\"ListItem\",\"position\":2,\"name\":\"Unser Campingplatz\",\"item\":\"https:\/\/www.casavio.com\/de\/unser-campingplatz\/\"},{\"@type\":\"ListItem\",\"position\":3,\"name\":\"Unsere Philosophie\"}]},{\"@type\":\"WebSite\",\"@id\":\"https:\/\/www.casavio.com\/de\/#website\",\"url\":\"https:\/\/www.casavio.com\/de\/\",\"name\":\"Camping Ca&#039; Savio\",\"description\":\"\",\"publisher\":{\"@id\":\"https:\/\/www.casavio.com\/de\/#organization\"},\"potentialAction\":[{\"@type\":\"SearchAction\",\"target\":{\"@type\":\"EntryPoint\",\"urlTemplate\":\"https:\/\/www.casavio.com\/de\/?s={search_term_string}\"},\"query-input\":{\"@type\":\"PropertyValueSpecification\",\"valueRequired\":true,\"valueName\":\"search_term_string\"}}],\"inLanguage\":\"de\"},{\"@type\":\"Organization\",\"@id\":\"https:\/\/www.casavio.com\/de\/#organization\",\"name\":\"Camping Ca'Savio\",\"url\":\"https:\/\/www.casavio.com\/de\/\",\"logo\":{\"@type\":\"ImageObject\",\"inLanguage\":\"de\",\"@id\":\"https:\/\/www.casavio.com\/de\/#\/schema\/logo\/image\/\",\"url\":\"https:\/\/www.casavio.com\/wp-content\/uploads\/2024\/04\/favicon.png\",\"contentUrl\":\"https:\/\/www.casavio.com\/wp-content\/uploads\/2024\/04\/favicon.png\",\"width\":144,\"height\":144,\"caption\":\"Camping Ca'Savio\"},\"image\":{\"@id\":\"https:\/\/www.casavio.com\/de\/#\/schema\/logo\/image\/\"},\"sameAs\":[\"https:\/\/www.facebook.com\/campingcasavio\",\"https:\/\/www.instagram.com\/campingcasavio\",\"https:\/\/www.youtube.com\/user\/campingcasavio\"]}]}<\/script>\n<!-- \/ Yoast SEO plugin. -->","yoast_head_json":{"title":"Die Philosophie unseres Campingplatzes &#8211; Camping Ca&#039; Savio","description":"Unsere Philosophie ist in einigen einfachen Konzepten zusammengefasst: Freiheit, Entspannung, Natur und Selbstpflege.","robots":{"index":"index","follow":"follow","max-snippet":"max-snippet:-1","max-image-preview":"max-image-preview:large","max-video-preview":"max-video-preview:-1"},"canonical":"https:\/\/www.casavio.com\/de\/unser-campingplatz\/philosophie\/","og_locale":"de_DE","og_type":"article","og_title":"Die Philosophie unseres Campingplatzes &#8211; Camping Ca&#039; Savio","og_description":"Unsere Philosophie ist in einigen einfachen Konzepten zusammengefasst: Freiheit, Entspannung, Natur und Selbstpflege.","og_url":"https:\/\/www.casavio.com\/de\/unser-campingplatz\/philosophie\/","og_site_name":"Camping Ca&#039; Savio","article_publisher":"https:\/\/www.facebook.com\/campingcasavio","article_modified_time":"2022-09-27T10:16:49+00:00","og_image":[{"width":900,"height":600,"url":"https:\/\/www.casavio.com\/wp-content\/uploads\/2020\/02\/00.-Home_La-nostra-_filosofia_-900x600-copy.jpg","type":"image\/jpeg"}],"twitter_card":"summary_large_image","twitter_misc":{"Gesch\u00e4tzte Lesezeit":"2\u00a0Minuten"},"schema":{"@context":"https:\/\/schema.org","@graph":[{"@type":"WebPage","@id":"https:\/\/www.casavio.com\/de\/unser-campingplatz\/philosophie\/","url":"https:\/\/www.casavio.com\/de\/unser-campingplatz\/philosophie\/","name":"Die Philosophie unseres Campingplatzes &#8211; Camping Ca&#039; Savio","isPartOf":{"@id":"https:\/\/www.casavio.com\/de\/#website"},"primaryImageOfPage":{"@id":"https:\/\/www.casavio.com\/de\/unser-campingplatz\/philosophie\/#primaryimage"},"image":{"@id":"https:\/\/www.casavio.com\/de\/unser-campingplatz\/philosophie\/#primaryimage"},"thumbnailUrl":"https:\/\/www.casavio.com\/wp-content\/uploads\/2020\/02\/00.-Home_La-nostra-_filosofia_-900x600-copy.jpg","datePublished":"2019-10-21T13:24:44+00:00","dateModified":"2022-09-27T10:16:49+00:00","description":"Unsere Philosophie ist in einigen einfachen Konzepten zusammengefasst: Freiheit, Entspannung, Natur und Selbstpflege.","breadcrumb":{"@id":"https:\/\/www.casavio.com\/de\/unser-campingplatz\/philosophie\/#breadcrumb"},"inLanguage":"de","potentialAction":[{"@type":"ReadAction","target":["https:\/\/www.casavio.com\/de\/unser-campingplatz\/philosophie\/"]}]},{"@type":"ImageObject","inLanguage":"de","@id":"https:\/\/www.casavio.com\/de\/unser-campingplatz\/philosophie\/#primaryimage","url":"https:\/\/www.casavio.com\/wp-content\/uploads\/2020\/02\/00.-Home_La-nostra-_filosofia_-900x600-copy.jpg","contentUrl":"https:\/\/www.casavio.com\/wp-content\/uploads\/2020\/02\/00.-Home_La-nostra-_filosofia_-900x600-copy.jpg","width":900,"height":600},{"@type":"BreadcrumbList","@id":"https:\/\/www.casavio.com\/de\/unser-campingplatz\/philosophie\/#breadcrumb","itemListElement":[{"@type":"ListItem","position":1,"name":"Home","item":"https:\/\/www.casavio.com\/de\/"},{"@type":"ListItem","position":2,"name":"Unser Campingplatz","item":"https:\/\/www.casavio.com\/de\/unser-campingplatz\/"},{"@type":"ListItem","position":3,"name":"Unsere Philosophie"}]},{"@type":"WebSite","@id":"https:\/\/www.casavio.com\/de\/#website","url":"https:\/\/www.casavio.com\/de\/","name":"Camping Ca&#039; Savio","description":"","publisher":{"@id":"https:\/\/www.casavio.com\/de\/#organization"},"potentialAction":[{"@type":"SearchAction","target":{"@type":"EntryPoint","urlTemplate":"https:\/\/www.casavio.com\/de\/?s={search_term_string}"},"query-input":{"@type":"PropertyValueSpecification","valueRequired":true,"valueName":"search_term_string"}}],"inLanguage":"de"},{"@type":"Organization","@id":"https:\/\/www.casavio.com\/de\/#organization","name":"Camping Ca'Savio","url":"https:\/\/www.casavio.com\/de\/","logo":{"@type":"ImageObject","inLanguage":"de","@id":"https:\/\/www.casavio.com\/de\/#\/schema\/logo\/image\/","url":"https:\/\/www.casavio.com\/wp-content\/uploads\/2024\/04\/favicon.png","contentUrl":"https:\/\/www.casavio.com\/wp-content\/uploads\/2024\/04\/favicon.png","width":144,"height":144,"caption":"Camping Ca'Savio"},"image":{"@id":"https:\/\/www.casavio.com\/de\/#\/schema\/logo\/image\/"},"sameAs":["https:\/\/www.facebook.com\/campingcasavio","https:\/\/www.instagram.com\/campingcasavio","https:\/\/www.youtube.com\/user\/campingcasavio"]}]}},"_links":{"self":[{"href":"https:\/\/www.casavio.com\/de\/wp-json\/wp\/v2\/pages\/7985","targetHints":{"allow":["GET"]}}],"collection":[{"href":"https:\/\/www.casavio.com\/de\/wp-json\/wp\/v2\/pages"}],"about":[{"href":"https:\/\/www.casavio.com\/de\/wp-json\/wp\/v2\/types\/page"}],"author":[{"embeddable":true,"href":"https:\/\/www.casavio.com\/de\/wp-json\/wp\/v2\/users\/2"}],"replies":[{"embeddable":true,"href":"https:\/\/www.casavio.com\/de\/wp-json\/wp\/v2\/comments?post=7985"}],"version-history":[{"count":2,"href":"https:\/\/www.casavio.com\/de\/wp-json\/wp\/v2\/pages\/7985\/revisions"}],"predecessor-version":[{"id":25534,"href":"https:\/\/www.casavio.com\/de\/wp-json\/wp\/v2\/pages\/7985\/revisions\/25534"}],"up":[{"embeddable":true,"href":"https:\/\/www.casavio.com\/de\/wp-json\/wp\/v2\/pages\/7982"}],"wp:featuredmedia":[{"embeddable":true,"href":"https:\/\/www.casavio.com\/de\/wp-json\/wp\/v2\/media\/7849"}],"wp:attachment":[{"href":"https:\/\/www.casavio.com\/de\/wp-json\/wp\/v2\/media?parent=7985"}],"curies":[{"name":"wp","href":"https:\/\/api.w.org\/{rel}","templated":true}]}}