{"id":8002,"date":"2019-10-11T12:01:18","date_gmt":"2019-10-11T10:01:18","guid":{"rendered":"https:\/\/www.casavio.com\/camping\/"},"modified":"2023-09-29T14:02:54","modified_gmt":"2023-09-29T12:02:54","slug":"camping","status":"publish","type":"page","link":"https:\/\/www.casavio.com\/de\/camping\/","title":{"rendered":"Unterk\u00fcnfte"},"content":{"rendered":"<p>Sie verbringen Ihren Urlaub mit Ihrer Familie in Cavallino, Sie haben den Camping Ca\u2019Savio f\u00fcr den Strand, die informelle Atmosph\u00e4re, die N\u00e4he zu Venedig, die Dienstleistungen und Aktivit\u00e4ten gew\u00e4hlt. Jetzt sollen Sie nur <strong>die richtige Unterkunft<\/strong> finden.<\/p>\n","protected":false},"excerpt":{"rendered":"<p>Sie verbringen Ihren Urlaub mit Ihrer Familie in Cavallino, Sie haben den Camping Ca\u2019Savio f\u00fcr den Strand, die informelle Atmosph\u00e4re, die N\u00e4he zu Venedig, die Dienstleistungen und Aktivit\u00e4ten gew\u00e4hlt. Jetzt sollen Sie nur die richtige Unterkunft finden.<\/p>\n","protected":false},"author":2,"featured_media":0,"parent":0,"menu_order":5,"comment_status":"closed","ping_status":"closed","template":"templates\/tpl-accommodation.php","meta":{"_acf_changed":false},"class_list":["post-8002","page","type-page","status-publish","hentry"],"acf":[],"yoast_head":"<!-- This site is optimized with the Yoast SEO plugin v25.3 - https:\/\/yoast.com\/wordpress\/plugins\/seo\/ -->\n<title>Unterk\u00fcnfte auf dem Camping Ca&#039;Savio: Bungalows, Mobilheime und Glamping &#8211; Camping Ca&#039; Savio<\/title>\n<meta name=\"description\" content=\"Der Camping Ca&#039;Savio bietet eine gro\u00dfe Auswahl an Unterkunften. Bungalows, Mobilheime und Glampingzelte f\u00fcr einen perfekten Familienurlaub. Entdecken Sie unsere Unterk\u00fcnfte und buchen Sie online Ihren Urlaub in Cavallino.\" \/>\n<meta name=\"robots\" content=\"index, follow, max-snippet:-1, max-image-preview:large, max-video-preview:-1\" \/>\n<link rel=\"canonical\" href=\"https:\/\/www.casavio.com\/de\/camping\/\" \/>\n<meta property=\"og:locale\" content=\"de_DE\" \/>\n<meta property=\"og:type\" content=\"article\" \/>\n<meta property=\"og:title\" content=\"Unterk\u00fcnfte auf dem Camping Ca&#039;Savio: Bungalows, Mobilheime und Glamping &#8211; Camping Ca&#039; Savio\" \/>\n<meta property=\"og:description\" content=\"Der Camping Ca&#039;Savio bietet eine gro\u00dfe Auswahl an Unterkunften. Bungalows, Mobilheime und Glampingzelte f\u00fcr einen perfekten Familienurlaub. Entdecken Sie unsere Unterk\u00fcnfte und buchen Sie online Ihren Urlaub in Cavallino.\" \/>\n<meta property=\"og:url\" content=\"https:\/\/www.casavio.com\/de\/camping\/\" \/>\n<meta property=\"og:site_name\" content=\"Camping Ca&#039; Savio\" \/>\n<meta property=\"article:publisher\" content=\"https:\/\/www.facebook.com\/campingcasavio\" \/>\n<meta property=\"article:modified_time\" content=\"2023-09-29T12:02:54+00:00\" \/>\n<meta property=\"og:image\" content=\"https:\/\/www.casavio.com\/wp-content\/uploads\/2019\/11\/ca-savio-alloggi-header.jpg\" \/>\n\t<meta property=\"og:image:width\" content=\"1440\" \/>\n\t<meta property=\"og:image:height\" content=\"500\" \/>\n\t<meta property=\"og:image:type\" content=\"image\/jpeg\" \/>\n<meta name=\"twitter:card\" content=\"summary_large_image\" \/>\n<meta name=\"twitter:label1\" content=\"Gesch\u00e4tzte Lesezeit\" \/>\n\t<meta name=\"twitter:data1\" content=\"1\u00a0Minute\" \/>\n<script type=\"application\/ld+json\" class=\"yoast-schema-graph\">{\"@context\":\"https:\/\/schema.org\",\"@graph\":[{\"@type\":\"WebPage\",\"@id\":\"https:\/\/www.casavio.com\/de\/camping\/\",\"url\":\"https:\/\/www.casavio.com\/de\/camping\/\",\"name\":\"Unterk\u00fcnfte auf dem Camping Ca'Savio: Bungalows, Mobilheime und Glamping &#8211; Camping Ca&#039; Savio\",\"isPartOf\":{\"@id\":\"https:\/\/www.casavio.com\/de\/#website\"},\"datePublished\":\"2019-10-11T10:01:18+00:00\",\"dateModified\":\"2023-09-29T12:02:54+00:00\",\"description\":\"Der Camping Ca'Savio bietet eine gro\u00dfe Auswahl an Unterkunften. Bungalows, Mobilheime und Glampingzelte f\u00fcr einen perfekten Familienurlaub. Entdecken Sie unsere Unterk\u00fcnfte und buchen Sie online Ihren Urlaub in Cavallino.\",\"breadcrumb\":{\"@id\":\"https:\/\/www.casavio.com\/de\/camping\/#breadcrumb\"},\"inLanguage\":\"de\",\"potentialAction\":[{\"@type\":\"ReadAction\",\"target\":[\"https:\/\/www.casavio.com\/de\/camping\/\"]}]},{\"@type\":\"BreadcrumbList\",\"@id\":\"https:\/\/www.casavio.com\/de\/camping\/#breadcrumb\",\"itemListElement\":[{\"@type\":\"ListItem\",\"position\":1,\"name\":\"Home\",\"item\":\"https:\/\/www.casavio.com\/de\/\"},{\"@type\":\"ListItem\",\"position\":2,\"name\":\"Unterk\u00fcnfte\"}]},{\"@type\":\"WebSite\",\"@id\":\"https:\/\/www.casavio.com\/de\/#website\",\"url\":\"https:\/\/www.casavio.com\/de\/\",\"name\":\"Camping Ca&#039; Savio\",\"description\":\"\",\"publisher\":{\"@id\":\"https:\/\/www.casavio.com\/de\/#organization\"},\"potentialAction\":[{\"@type\":\"SearchAction\",\"target\":{\"@type\":\"EntryPoint\",\"urlTemplate\":\"https:\/\/www.casavio.com\/de\/?s={search_term_string}\"},\"query-input\":{\"@type\":\"PropertyValueSpecification\",\"valueRequired\":true,\"valueName\":\"search_term_string\"}}],\"inLanguage\":\"de\"},{\"@type\":\"Organization\",\"@id\":\"https:\/\/www.casavio.com\/de\/#organization\",\"name\":\"Camping Ca'Savio\",\"url\":\"https:\/\/www.casavio.com\/de\/\",\"logo\":{\"@type\":\"ImageObject\",\"inLanguage\":\"de\",\"@id\":\"https:\/\/www.casavio.com\/de\/#\/schema\/logo\/image\/\",\"url\":\"https:\/\/www.casavio.com\/wp-content\/uploads\/2024\/04\/favicon.png\",\"contentUrl\":\"https:\/\/www.casavio.com\/wp-content\/uploads\/2024\/04\/favicon.png\",\"width\":144,\"height\":144,\"caption\":\"Camping Ca'Savio\"},\"image\":{\"@id\":\"https:\/\/www.casavio.com\/de\/#\/schema\/logo\/image\/\"},\"sameAs\":[\"https:\/\/www.facebook.com\/campingcasavio\",\"https:\/\/www.instagram.com\/campingcasavio\",\"https:\/\/www.youtube.com\/user\/campingcasavio\"]}]}<\/script>\n<!-- \/ Yoast SEO plugin. -->","yoast_head_json":{"title":"Unterk\u00fcnfte auf dem Camping Ca'Savio: Bungalows, Mobilheime und Glamping &#8211; Camping Ca&#039; Savio","description":"Der Camping Ca'Savio bietet eine gro\u00dfe Auswahl an Unterkunften. Bungalows, Mobilheime und Glampingzelte f\u00fcr einen perfekten Familienurlaub. Entdecken Sie unsere Unterk\u00fcnfte und buchen Sie online Ihren Urlaub in Cavallino.","robots":{"index":"index","follow":"follow","max-snippet":"max-snippet:-1","max-image-preview":"max-image-preview:large","max-video-preview":"max-video-preview:-1"},"canonical":"https:\/\/www.casavio.com\/de\/camping\/","og_locale":"de_DE","og_type":"article","og_title":"Unterk\u00fcnfte auf dem Camping Ca'Savio: Bungalows, Mobilheime und Glamping &#8211; Camping Ca&#039; Savio","og_description":"Der Camping Ca'Savio bietet eine gro\u00dfe Auswahl an Unterkunften. Bungalows, Mobilheime und Glampingzelte f\u00fcr einen perfekten Familienurlaub. Entdecken Sie unsere Unterk\u00fcnfte und buchen Sie online Ihren Urlaub in Cavallino.","og_url":"https:\/\/www.casavio.com\/de\/camping\/","og_site_name":"Camping Ca&#039; Savio","article_publisher":"https:\/\/www.facebook.com\/campingcasavio","article_modified_time":"2023-09-29T12:02:54+00:00","og_image":[{"width":1440,"height":500,"url":"https:\/\/www.casavio.com\/wp-content\/uploads\/2019\/11\/ca-savio-alloggi-header.jpg","type":"image\/jpeg"}],"twitter_card":"summary_large_image","twitter_misc":{"Gesch\u00e4tzte Lesezeit":"1\u00a0Minute"},"schema":{"@context":"https:\/\/schema.org","@graph":[{"@type":"WebPage","@id":"https:\/\/www.casavio.com\/de\/camping\/","url":"https:\/\/www.casavio.com\/de\/camping\/","name":"Unterk\u00fcnfte auf dem Camping Ca'Savio: Bungalows, Mobilheime und Glamping &#8211; Camping Ca&#039; Savio","isPartOf":{"@id":"https:\/\/www.casavio.com\/de\/#website"},"datePublished":"2019-10-11T10:01:18+00:00","dateModified":"2023-09-29T12:02:54+00:00","description":"Der Camping Ca'Savio bietet eine gro\u00dfe Auswahl an Unterkunften. Bungalows, Mobilheime und Glampingzelte f\u00fcr einen perfekten Familienurlaub. Entdecken Sie unsere Unterk\u00fcnfte und buchen Sie online Ihren Urlaub in Cavallino.","breadcrumb":{"@id":"https:\/\/www.casavio.com\/de\/camping\/#breadcrumb"},"inLanguage":"de","potentialAction":[{"@type":"ReadAction","target":["https:\/\/www.casavio.com\/de\/camping\/"]}]},{"@type":"BreadcrumbList","@id":"https:\/\/www.casavio.com\/de\/camping\/#breadcrumb","itemListElement":[{"@type":"ListItem","position":1,"name":"Home","item":"https:\/\/www.casavio.com\/de\/"},{"@type":"ListItem","position":2,"name":"Unterk\u00fcnfte"}]},{"@type":"WebSite","@id":"https:\/\/www.casavio.com\/de\/#website","url":"https:\/\/www.casavio.com\/de\/","name":"Camping Ca&#039; Savio","description":"","publisher":{"@id":"https:\/\/www.casavio.com\/de\/#organization"},"potentialAction":[{"@type":"SearchAction","target":{"@type":"EntryPoint","urlTemplate":"https:\/\/www.casavio.com\/de\/?s={search_term_string}"},"query-input":{"@type":"PropertyValueSpecification","valueRequired":true,"valueName":"search_term_string"}}],"inLanguage":"de"},{"@type":"Organization","@id":"https:\/\/www.casavio.com\/de\/#organization","name":"Camping Ca'Savio","url":"https:\/\/www.casavio.com\/de\/","logo":{"@type":"ImageObject","inLanguage":"de","@id":"https:\/\/www.casavio.com\/de\/#\/schema\/logo\/image\/","url":"https:\/\/www.casavio.com\/wp-content\/uploads\/2024\/04\/favicon.png","contentUrl":"https:\/\/www.casavio.com\/wp-content\/uploads\/2024\/04\/favicon.png","width":144,"height":144,"caption":"Camping Ca'Savio"},"image":{"@id":"https:\/\/www.casavio.com\/de\/#\/schema\/logo\/image\/"},"sameAs":["https:\/\/www.facebook.com\/campingcasavio","https:\/\/www.instagram.com\/campingcasavio","https:\/\/www.youtube.com\/user\/campingcasavio"]}]}},"_links":{"self":[{"href":"https:\/\/www.casavio.com\/de\/wp-json\/wp\/v2\/pages\/8002","targetHints":{"allow":["GET"]}}],"collection":[{"href":"https:\/\/www.casavio.com\/de\/wp-json\/wp\/v2\/pages"}],"about":[{"href":"https:\/\/www.casavio.com\/de\/wp-json\/wp\/v2\/types\/page"}],"author":[{"embeddable":true,"href":"https:\/\/www.casavio.com\/de\/wp-json\/wp\/v2\/users\/2"}],"replies":[{"embeddable":true,"href":"https:\/\/www.casavio.com\/de\/wp-json\/wp\/v2\/comments?post=8002"}],"version-history":[{"count":2,"href":"https:\/\/www.casavio.com\/de\/wp-json\/wp\/v2\/pages\/8002\/revisions"}],"predecessor-version":[{"id":28817,"href":"https:\/\/www.casavio.com\/de\/wp-json\/wp\/v2\/pages\/8002\/revisions\/28817"}],"wp:attachment":[{"href":"https:\/\/www.casavio.com\/de\/wp-json\/wp\/v2\/media?parent=8002"}],"curies":[{"name":"wp","href":"https:\/\/api.w.org\/{rel}","templated":true}]}}