{"id":8022,"date":"2019-11-07T10:48:31","date_gmt":"2019-11-07T09:48:31","guid":{"rendered":"https:\/\/www.casavio.com\/dienstleistungen\/inklusivleistungen\/sorveglianza-notturna\/"},"modified":"2022-11-21T11:03:39","modified_gmt":"2022-11-21T10:03:39","slug":"nachtwaechterteam","status":"publish","type":"page","link":"https:\/\/www.casavio.com\/de\/dienstleistungen\/inklusivleistungen\/nachtwaechterteam\/","title":{"rendered":"Nachtw\u00e4chterteam"},"content":{"rendered":"<p>W\u00e4hrend der n\u00e4chtlichen Schlie\u00dfzeit der <a href=\"https:\/\/www.casavio.com\/de\/dienstleistungen\/inklusivleistungen\/rezeption\/\">Rezeption<\/a>, steht Ihnen unser freundliches und hilfsbereites Nachtw\u00e4chterteam zur Verf\u00fcgung. Von ihm erhalten Sie Hilfe und Unterst\u00fctzung w\u00e4hrend Ihres gesamten Urlaubs auf Camping Ca\u2019Savio.<\/p>\n<p>Sollten Sie nach Schlie\u00dfung der Rezeption anreisen, hei\u00dft Sie unser Personal direkt am Eingang willkommen. Der Check-in findet nach Pr\u00fcfung Ihrer Reservierung schnellstm\u00f6glich statt. Danach helfen wir Ihnen, Ihre Unterkunft zu finden.<\/p>\n","protected":false},"excerpt":{"rendered":"<p>Unser Sicherheitsteam steht w\u00e4hrend der Nachtzeiten f\u00fcr Ihren Schutz zur Verf\u00fcgung.<\/p>\n","protected":false},"author":3,"featured_media":14979,"parent":8012,"menu_order":34,"comment_status":"closed","ping_status":"closed","template":"","meta":{"_acf_changed":false},"class_list":["post-8022","page","type-page","status-publish","has-post-thumbnail","hentry"],"acf":[],"yoast_head":"<!-- This site is optimized with the Yoast SEO plugin v25.3 - https:\/\/yoast.com\/wordpress\/plugins\/seo\/ -->\n<title>Camping Nachtw\u00e4chterteam &#8211; Camping Ca&#039; Savio<\/title>\n<meta name=\"description\" content=\"Auf dem Campingplatz Ca &#039;Savio finden Sie auch nachts ein freundliches und hilfsbereites Personal, das Ihnen w\u00e4hrend Ihres Urlaubs auf dem Campingplatz Ca&#039;Savio gerne Unterst\u00fctzung und Unterst\u00fctzung bietet.\" \/>\n<meta name=\"robots\" content=\"index, follow, max-snippet:-1, max-image-preview:large, max-video-preview:-1\" \/>\n<link rel=\"canonical\" href=\"https:\/\/www.casavio.com\/de\/dienstleistungen\/inklusivleistungen\/nachtwaechterteam\/\" \/>\n<meta property=\"og:locale\" content=\"de_DE\" \/>\n<meta property=\"og:type\" content=\"article\" \/>\n<meta property=\"og:title\" content=\"Camping Nachtw\u00e4chterteam &#8211; Camping Ca&#039; Savio\" \/>\n<meta property=\"og:description\" content=\"Auf dem Campingplatz Ca &#039;Savio finden Sie auch nachts ein freundliches und hilfsbereites Personal, das Ihnen w\u00e4hrend Ihres Urlaubs auf dem Campingplatz Ca&#039;Savio gerne Unterst\u00fctzung und Unterst\u00fctzung bietet.\" \/>\n<meta property=\"og:url\" content=\"https:\/\/www.casavio.com\/de\/dienstleistungen\/inklusivleistungen\/nachtwaechterteam\/\" \/>\n<meta property=\"og:site_name\" content=\"Camping Ca&#039; Savio\" \/>\n<meta property=\"article:publisher\" content=\"https:\/\/www.facebook.com\/campingcasavio\" \/>\n<meta property=\"article:modified_time\" content=\"2022-11-21T10:03:39+00:00\" \/>\n<meta property=\"og:image\" content=\"https:\/\/www.casavio.com\/wp-content\/uploads\/2020\/10\/ca-savio-sorveglianza-notturna-box-dx.jpg\" \/>\n\t<meta property=\"og:image:width\" content=\"440\" \/>\n\t<meta property=\"og:image:height\" content=\"600\" \/>\n\t<meta property=\"og:image:type\" content=\"image\/jpeg\" \/>\n<meta name=\"twitter:card\" content=\"summary_large_image\" \/>\n<script type=\"application\/ld+json\" class=\"yoast-schema-graph\">{\"@context\":\"https:\/\/schema.org\",\"@graph\":[{\"@type\":\"WebPage\",\"@id\":\"https:\/\/www.casavio.com\/de\/dienstleistungen\/inklusivleistungen\/nachtwaechterteam\/\",\"url\":\"https:\/\/www.casavio.com\/de\/dienstleistungen\/inklusivleistungen\/nachtwaechterteam\/\",\"name\":\"Camping Nachtw\u00e4chterteam &#8211; Camping Ca&#039; Savio\",\"isPartOf\":{\"@id\":\"https:\/\/www.casavio.com\/de\/#website\"},\"primaryImageOfPage\":{\"@id\":\"https:\/\/www.casavio.com\/de\/dienstleistungen\/inklusivleistungen\/nachtwaechterteam\/#primaryimage\"},\"image\":{\"@id\":\"https:\/\/www.casavio.com\/de\/dienstleistungen\/inklusivleistungen\/nachtwaechterteam\/#primaryimage\"},\"thumbnailUrl\":\"https:\/\/www.casavio.com\/wp-content\/uploads\/2020\/10\/ca-savio-sorveglianza-notturna-box-dx.jpg\",\"datePublished\":\"2019-11-07T09:48:31+00:00\",\"dateModified\":\"2022-11-21T10:03:39+00:00\",\"description\":\"Auf dem Campingplatz Ca 'Savio finden Sie auch nachts ein freundliches und hilfsbereites Personal, das Ihnen w\u00e4hrend Ihres Urlaubs auf dem Campingplatz Ca'Savio gerne Unterst\u00fctzung und Unterst\u00fctzung bietet.\",\"breadcrumb\":{\"@id\":\"https:\/\/www.casavio.com\/de\/dienstleistungen\/inklusivleistungen\/nachtwaechterteam\/#breadcrumb\"},\"inLanguage\":\"de\",\"potentialAction\":[{\"@type\":\"ReadAction\",\"target\":[\"https:\/\/www.casavio.com\/de\/dienstleistungen\/inklusivleistungen\/nachtwaechterteam\/\"]}]},{\"@type\":\"ImageObject\",\"inLanguage\":\"de\",\"@id\":\"https:\/\/www.casavio.com\/de\/dienstleistungen\/inklusivleistungen\/nachtwaechterteam\/#primaryimage\",\"url\":\"https:\/\/www.casavio.com\/wp-content\/uploads\/2020\/10\/ca-savio-sorveglianza-notturna-box-dx.jpg\",\"contentUrl\":\"https:\/\/www.casavio.com\/wp-content\/uploads\/2020\/10\/ca-savio-sorveglianza-notturna-box-dx.jpg\",\"width\":440,\"height\":600},{\"@type\":\"BreadcrumbList\",\"@id\":\"https:\/\/www.casavio.com\/de\/dienstleistungen\/inklusivleistungen\/nachtwaechterteam\/#breadcrumb\",\"itemListElement\":[{\"@type\":\"ListItem\",\"position\":1,\"name\":\"Home\",\"item\":\"https:\/\/www.casavio.com\/de\/\"},{\"@type\":\"ListItem\",\"position\":2,\"name\":\"Dienstleistungen\",\"item\":\"https:\/\/www.casavio.com\/de\/dienstleistungen\/\"},{\"@type\":\"ListItem\",\"position\":3,\"name\":\"Inklusivleistungen\",\"item\":\"https:\/\/www.casavio.com\/de\/dienstleistungen\/inklusivleistungen\/\"},{\"@type\":\"ListItem\",\"position\":4,\"name\":\"Nachtw\u00e4chterteam\"}]},{\"@type\":\"WebSite\",\"@id\":\"https:\/\/www.casavio.com\/de\/#website\",\"url\":\"https:\/\/www.casavio.com\/de\/\",\"name\":\"Camping Ca&#039; Savio\",\"description\":\"\",\"publisher\":{\"@id\":\"https:\/\/www.casavio.com\/de\/#organization\"},\"potentialAction\":[{\"@type\":\"SearchAction\",\"target\":{\"@type\":\"EntryPoint\",\"urlTemplate\":\"https:\/\/www.casavio.com\/de\/?s={search_term_string}\"},\"query-input\":{\"@type\":\"PropertyValueSpecification\",\"valueRequired\":true,\"valueName\":\"search_term_string\"}}],\"inLanguage\":\"de\"},{\"@type\":\"Organization\",\"@id\":\"https:\/\/www.casavio.com\/de\/#organization\",\"name\":\"Camping Ca'Savio\",\"url\":\"https:\/\/www.casavio.com\/de\/\",\"logo\":{\"@type\":\"ImageObject\",\"inLanguage\":\"de\",\"@id\":\"https:\/\/www.casavio.com\/de\/#\/schema\/logo\/image\/\",\"url\":\"https:\/\/www.casavio.com\/wp-content\/uploads\/2024\/04\/favicon.png\",\"contentUrl\":\"https:\/\/www.casavio.com\/wp-content\/uploads\/2024\/04\/favicon.png\",\"width\":144,\"height\":144,\"caption\":\"Camping Ca'Savio\"},\"image\":{\"@id\":\"https:\/\/www.casavio.com\/de\/#\/schema\/logo\/image\/\"},\"sameAs\":[\"https:\/\/www.facebook.com\/campingcasavio\",\"https:\/\/www.instagram.com\/campingcasavio\",\"https:\/\/www.youtube.com\/user\/campingcasavio\"]}]}<\/script>\n<!-- \/ Yoast SEO plugin. -->","yoast_head_json":{"title":"Camping Nachtw\u00e4chterteam &#8211; Camping Ca&#039; Savio","description":"Auf dem Campingplatz Ca 'Savio finden Sie auch nachts ein freundliches und hilfsbereites Personal, das Ihnen w\u00e4hrend Ihres Urlaubs auf dem Campingplatz Ca'Savio gerne Unterst\u00fctzung und Unterst\u00fctzung bietet.","robots":{"index":"index","follow":"follow","max-snippet":"max-snippet:-1","max-image-preview":"max-image-preview:large","max-video-preview":"max-video-preview:-1"},"canonical":"https:\/\/www.casavio.com\/de\/dienstleistungen\/inklusivleistungen\/nachtwaechterteam\/","og_locale":"de_DE","og_type":"article","og_title":"Camping Nachtw\u00e4chterteam &#8211; Camping Ca&#039; Savio","og_description":"Auf dem Campingplatz Ca 'Savio finden Sie auch nachts ein freundliches und hilfsbereites Personal, das Ihnen w\u00e4hrend Ihres Urlaubs auf dem Campingplatz Ca'Savio gerne Unterst\u00fctzung und Unterst\u00fctzung bietet.","og_url":"https:\/\/www.casavio.com\/de\/dienstleistungen\/inklusivleistungen\/nachtwaechterteam\/","og_site_name":"Camping Ca&#039; Savio","article_publisher":"https:\/\/www.facebook.com\/campingcasavio","article_modified_time":"2022-11-21T10:03:39+00:00","og_image":[{"width":440,"height":600,"url":"https:\/\/www.casavio.com\/wp-content\/uploads\/2020\/10\/ca-savio-sorveglianza-notturna-box-dx.jpg","type":"image\/jpeg"}],"twitter_card":"summary_large_image","schema":{"@context":"https:\/\/schema.org","@graph":[{"@type":"WebPage","@id":"https:\/\/www.casavio.com\/de\/dienstleistungen\/inklusivleistungen\/nachtwaechterteam\/","url":"https:\/\/www.casavio.com\/de\/dienstleistungen\/inklusivleistungen\/nachtwaechterteam\/","name":"Camping Nachtw\u00e4chterteam &#8211; Camping Ca&#039; Savio","isPartOf":{"@id":"https:\/\/www.casavio.com\/de\/#website"},"primaryImageOfPage":{"@id":"https:\/\/www.casavio.com\/de\/dienstleistungen\/inklusivleistungen\/nachtwaechterteam\/#primaryimage"},"image":{"@id":"https:\/\/www.casavio.com\/de\/dienstleistungen\/inklusivleistungen\/nachtwaechterteam\/#primaryimage"},"thumbnailUrl":"https:\/\/www.casavio.com\/wp-content\/uploads\/2020\/10\/ca-savio-sorveglianza-notturna-box-dx.jpg","datePublished":"2019-11-07T09:48:31+00:00","dateModified":"2022-11-21T10:03:39+00:00","description":"Auf dem Campingplatz Ca 'Savio finden Sie auch nachts ein freundliches und hilfsbereites Personal, das Ihnen w\u00e4hrend Ihres Urlaubs auf dem Campingplatz Ca'Savio gerne Unterst\u00fctzung und Unterst\u00fctzung bietet.","breadcrumb":{"@id":"https:\/\/www.casavio.com\/de\/dienstleistungen\/inklusivleistungen\/nachtwaechterteam\/#breadcrumb"},"inLanguage":"de","potentialAction":[{"@type":"ReadAction","target":["https:\/\/www.casavio.com\/de\/dienstleistungen\/inklusivleistungen\/nachtwaechterteam\/"]}]},{"@type":"ImageObject","inLanguage":"de","@id":"https:\/\/www.casavio.com\/de\/dienstleistungen\/inklusivleistungen\/nachtwaechterteam\/#primaryimage","url":"https:\/\/www.casavio.com\/wp-content\/uploads\/2020\/10\/ca-savio-sorveglianza-notturna-box-dx.jpg","contentUrl":"https:\/\/www.casavio.com\/wp-content\/uploads\/2020\/10\/ca-savio-sorveglianza-notturna-box-dx.jpg","width":440,"height":600},{"@type":"BreadcrumbList","@id":"https:\/\/www.casavio.com\/de\/dienstleistungen\/inklusivleistungen\/nachtwaechterteam\/#breadcrumb","itemListElement":[{"@type":"ListItem","position":1,"name":"Home","item":"https:\/\/www.casavio.com\/de\/"},{"@type":"ListItem","position":2,"name":"Dienstleistungen","item":"https:\/\/www.casavio.com\/de\/dienstleistungen\/"},{"@type":"ListItem","position":3,"name":"Inklusivleistungen","item":"https:\/\/www.casavio.com\/de\/dienstleistungen\/inklusivleistungen\/"},{"@type":"ListItem","position":4,"name":"Nachtw\u00e4chterteam"}]},{"@type":"WebSite","@id":"https:\/\/www.casavio.com\/de\/#website","url":"https:\/\/www.casavio.com\/de\/","name":"Camping Ca&#039; Savio","description":"","publisher":{"@id":"https:\/\/www.casavio.com\/de\/#organization"},"potentialAction":[{"@type":"SearchAction","target":{"@type":"EntryPoint","urlTemplate":"https:\/\/www.casavio.com\/de\/?s={search_term_string}"},"query-input":{"@type":"PropertyValueSpecification","valueRequired":true,"valueName":"search_term_string"}}],"inLanguage":"de"},{"@type":"Organization","@id":"https:\/\/www.casavio.com\/de\/#organization","name":"Camping Ca'Savio","url":"https:\/\/www.casavio.com\/de\/","logo":{"@type":"ImageObject","inLanguage":"de","@id":"https:\/\/www.casavio.com\/de\/#\/schema\/logo\/image\/","url":"https:\/\/www.casavio.com\/wp-content\/uploads\/2024\/04\/favicon.png","contentUrl":"https:\/\/www.casavio.com\/wp-content\/uploads\/2024\/04\/favicon.png","width":144,"height":144,"caption":"Camping Ca'Savio"},"image":{"@id":"https:\/\/www.casavio.com\/de\/#\/schema\/logo\/image\/"},"sameAs":["https:\/\/www.facebook.com\/campingcasavio","https:\/\/www.instagram.com\/campingcasavio","https:\/\/www.youtube.com\/user\/campingcasavio"]}]}},"_links":{"self":[{"href":"https:\/\/www.casavio.com\/de\/wp-json\/wp\/v2\/pages\/8022","targetHints":{"allow":["GET"]}}],"collection":[{"href":"https:\/\/www.casavio.com\/de\/wp-json\/wp\/v2\/pages"}],"about":[{"href":"https:\/\/www.casavio.com\/de\/wp-json\/wp\/v2\/types\/page"}],"author":[{"embeddable":true,"href":"https:\/\/www.casavio.com\/de\/wp-json\/wp\/v2\/users\/3"}],"replies":[{"embeddable":true,"href":"https:\/\/www.casavio.com\/de\/wp-json\/wp\/v2\/comments?post=8022"}],"version-history":[{"count":1,"href":"https:\/\/www.casavio.com\/de\/wp-json\/wp\/v2\/pages\/8022\/revisions"}],"predecessor-version":[{"id":26010,"href":"https:\/\/www.casavio.com\/de\/wp-json\/wp\/v2\/pages\/8022\/revisions\/26010"}],"up":[{"embeddable":true,"href":"https:\/\/www.casavio.com\/de\/wp-json\/wp\/v2\/pages\/8012"}],"wp:featuredmedia":[{"embeddable":true,"href":"https:\/\/www.casavio.com\/de\/wp-json\/wp\/v2\/media\/14979"}],"wp:attachment":[{"href":"https:\/\/www.casavio.com\/de\/wp-json\/wp\/v2\/media?parent=8022"}],"curies":[{"name":"wp","href":"https:\/\/api.w.org\/{rel}","templated":true}]}}