{"id":8025,"date":"2019-11-07T10:49:01","date_gmt":"2019-11-07T09:49:01","guid":{"rendered":"https:\/\/www.casavio.com\/dienstleistungen\/inklusivleistungen\/camper-service\/"},"modified":"2020-11-02T12:42:02","modified_gmt":"2020-11-02T11:42:02","slug":"camper-service","status":"publish","type":"page","link":"https:\/\/www.casavio.com\/de\/dienstleistungen\/inklusivleistungen\/camper-service\/","title":{"rendered":"Camper service"},"content":{"rendered":"<p>Camping ist ein Synonym f\u00fcr Freiheit und Kontakt mit der Natur. \u00a0Die Wohnmobilisten sind quasi mit dem eigenen Haus unterwegs. Und wie jedes Haus sollte auch ein Wohnmobil gehegt und gepflegt werden.<\/p>\n<p>Auf dem Camping Ca\u2019Savio haben Sie die M\u00f6glichkeit, unseren Camper-Service zu nutzen, der sich in einem daf\u00fcr vorgesehenen Bereich befindet. Hier k\u00f6nnen Sie den Trinkwassertank Ihres Wohnmobils nachf\u00fcllen und das Abwasser entsorgen.<\/p>\n","protected":false},"excerpt":{"rendered":"<p>Unser Camper-Service ist ausschlie\u00dflich den Campingg\u00e4sten vorbehalten. Er befindet sich beim Parkplatz in der N\u00e4he des Eingangs.<\/p>\n","protected":false},"author":3,"featured_media":14573,"parent":8012,"menu_order":35,"comment_status":"closed","ping_status":"closed","template":"","meta":{"_acf_changed":false},"class_list":["post-8025","page","type-page","status-publish","has-post-thumbnail","hentry"],"acf":[],"yoast_head":"<!-- This site is optimized with the Yoast SEO plugin v25.3 - https:\/\/yoast.com\/wordpress\/plugins\/seo\/ -->\n<title>Camper service &#8211; Camping Ca&#039; Savio<\/title>\n<meta name=\"robots\" content=\"index, follow, max-snippet:-1, max-image-preview:large, max-video-preview:-1\" \/>\n<link rel=\"canonical\" href=\"https:\/\/www.casavio.com\/de\/dienstleistungen\/inklusivleistungen\/camper-service\/\" \/>\n<meta property=\"og:locale\" content=\"de_DE\" \/>\n<meta property=\"og:type\" content=\"article\" \/>\n<meta property=\"og:title\" content=\"Camper service &#8211; Camping Ca&#039; Savio\" \/>\n<meta property=\"og:description\" content=\"Unser Camper-Service ist ausschlie\u00dflich den Campingg\u00e4sten vorbehalten. Er befindet sich beim Parkplatz in der N\u00e4he des Eingangs.\" \/>\n<meta property=\"og:url\" content=\"https:\/\/www.casavio.com\/de\/dienstleistungen\/inklusivleistungen\/camper-service\/\" \/>\n<meta property=\"og:site_name\" content=\"Camping Ca&#039; Savio\" \/>\n<meta property=\"article:publisher\" content=\"https:\/\/www.facebook.com\/campingcasavio\" \/>\n<meta property=\"article:modified_time\" content=\"2020-11-02T11:42:02+00:00\" \/>\n<meta property=\"og:image\" content=\"https:\/\/www.casavio.com\/wp-content\/uploads\/2020\/10\/ca-savio-camper-service-anteprima.jpg\" \/>\n\t<meta property=\"og:image:width\" content=\"440\" \/>\n\t<meta property=\"og:image:height\" content=\"600\" \/>\n\t<meta property=\"og:image:type\" content=\"image\/jpeg\" \/>\n<meta name=\"twitter:card\" content=\"summary_large_image\" \/>\n<script type=\"application\/ld+json\" class=\"yoast-schema-graph\">{\"@context\":\"https:\/\/schema.org\",\"@graph\":[{\"@type\":\"WebPage\",\"@id\":\"https:\/\/www.casavio.com\/de\/dienstleistungen\/inklusivleistungen\/camper-service\/\",\"url\":\"https:\/\/www.casavio.com\/de\/dienstleistungen\/inklusivleistungen\/camper-service\/\",\"name\":\"Camper service &#8211; Camping Ca&#039; Savio\",\"isPartOf\":{\"@id\":\"https:\/\/www.casavio.com\/de\/#website\"},\"primaryImageOfPage\":{\"@id\":\"https:\/\/www.casavio.com\/de\/dienstleistungen\/inklusivleistungen\/camper-service\/#primaryimage\"},\"image\":{\"@id\":\"https:\/\/www.casavio.com\/de\/dienstleistungen\/inklusivleistungen\/camper-service\/#primaryimage\"},\"thumbnailUrl\":\"https:\/\/www.casavio.com\/wp-content\/uploads\/2020\/10\/ca-savio-camper-service-anteprima.jpg\",\"datePublished\":\"2019-11-07T09:49:01+00:00\",\"dateModified\":\"2020-11-02T11:42:02+00:00\",\"breadcrumb\":{\"@id\":\"https:\/\/www.casavio.com\/de\/dienstleistungen\/inklusivleistungen\/camper-service\/#breadcrumb\"},\"inLanguage\":\"de\",\"potentialAction\":[{\"@type\":\"ReadAction\",\"target\":[\"https:\/\/www.casavio.com\/de\/dienstleistungen\/inklusivleistungen\/camper-service\/\"]}]},{\"@type\":\"ImageObject\",\"inLanguage\":\"de\",\"@id\":\"https:\/\/www.casavio.com\/de\/dienstleistungen\/inklusivleistungen\/camper-service\/#primaryimage\",\"url\":\"https:\/\/www.casavio.com\/wp-content\/uploads\/2020\/10\/ca-savio-camper-service-anteprima.jpg\",\"contentUrl\":\"https:\/\/www.casavio.com\/wp-content\/uploads\/2020\/10\/ca-savio-camper-service-anteprima.jpg\",\"width\":440,\"height\":600},{\"@type\":\"BreadcrumbList\",\"@id\":\"https:\/\/www.casavio.com\/de\/dienstleistungen\/inklusivleistungen\/camper-service\/#breadcrumb\",\"itemListElement\":[{\"@type\":\"ListItem\",\"position\":1,\"name\":\"Home\",\"item\":\"https:\/\/www.casavio.com\/de\/\"},{\"@type\":\"ListItem\",\"position\":2,\"name\":\"Dienstleistungen\",\"item\":\"https:\/\/www.casavio.com\/de\/dienstleistungen\/\"},{\"@type\":\"ListItem\",\"position\":3,\"name\":\"Inklusivleistungen\",\"item\":\"https:\/\/www.casavio.com\/de\/dienstleistungen\/inklusivleistungen\/\"},{\"@type\":\"ListItem\",\"position\":4,\"name\":\"Camper service\"}]},{\"@type\":\"WebSite\",\"@id\":\"https:\/\/www.casavio.com\/de\/#website\",\"url\":\"https:\/\/www.casavio.com\/de\/\",\"name\":\"Camping Ca&#039; Savio\",\"description\":\"\",\"publisher\":{\"@id\":\"https:\/\/www.casavio.com\/de\/#organization\"},\"potentialAction\":[{\"@type\":\"SearchAction\",\"target\":{\"@type\":\"EntryPoint\",\"urlTemplate\":\"https:\/\/www.casavio.com\/de\/?s={search_term_string}\"},\"query-input\":{\"@type\":\"PropertyValueSpecification\",\"valueRequired\":true,\"valueName\":\"search_term_string\"}}],\"inLanguage\":\"de\"},{\"@type\":\"Organization\",\"@id\":\"https:\/\/www.casavio.com\/de\/#organization\",\"name\":\"Camping Ca'Savio\",\"url\":\"https:\/\/www.casavio.com\/de\/\",\"logo\":{\"@type\":\"ImageObject\",\"inLanguage\":\"de\",\"@id\":\"https:\/\/www.casavio.com\/de\/#\/schema\/logo\/image\/\",\"url\":\"https:\/\/www.casavio.com\/wp-content\/uploads\/2024\/04\/favicon.png\",\"contentUrl\":\"https:\/\/www.casavio.com\/wp-content\/uploads\/2024\/04\/favicon.png\",\"width\":144,\"height\":144,\"caption\":\"Camping Ca'Savio\"},\"image\":{\"@id\":\"https:\/\/www.casavio.com\/de\/#\/schema\/logo\/image\/\"},\"sameAs\":[\"https:\/\/www.facebook.com\/campingcasavio\",\"https:\/\/www.instagram.com\/campingcasavio\",\"https:\/\/www.youtube.com\/user\/campingcasavio\"]}]}<\/script>\n<!-- \/ Yoast SEO plugin. -->","yoast_head_json":{"title":"Camper service &#8211; Camping Ca&#039; Savio","robots":{"index":"index","follow":"follow","max-snippet":"max-snippet:-1","max-image-preview":"max-image-preview:large","max-video-preview":"max-video-preview:-1"},"canonical":"https:\/\/www.casavio.com\/de\/dienstleistungen\/inklusivleistungen\/camper-service\/","og_locale":"de_DE","og_type":"article","og_title":"Camper service &#8211; Camping Ca&#039; Savio","og_description":"Unser Camper-Service ist ausschlie\u00dflich den Campingg\u00e4sten vorbehalten. Er befindet sich beim Parkplatz in der N\u00e4he des Eingangs.","og_url":"https:\/\/www.casavio.com\/de\/dienstleistungen\/inklusivleistungen\/camper-service\/","og_site_name":"Camping Ca&#039; Savio","article_publisher":"https:\/\/www.facebook.com\/campingcasavio","article_modified_time":"2020-11-02T11:42:02+00:00","og_image":[{"width":440,"height":600,"url":"https:\/\/www.casavio.com\/wp-content\/uploads\/2020\/10\/ca-savio-camper-service-anteprima.jpg","type":"image\/jpeg"}],"twitter_card":"summary_large_image","schema":{"@context":"https:\/\/schema.org","@graph":[{"@type":"WebPage","@id":"https:\/\/www.casavio.com\/de\/dienstleistungen\/inklusivleistungen\/camper-service\/","url":"https:\/\/www.casavio.com\/de\/dienstleistungen\/inklusivleistungen\/camper-service\/","name":"Camper service &#8211; Camping Ca&#039; Savio","isPartOf":{"@id":"https:\/\/www.casavio.com\/de\/#website"},"primaryImageOfPage":{"@id":"https:\/\/www.casavio.com\/de\/dienstleistungen\/inklusivleistungen\/camper-service\/#primaryimage"},"image":{"@id":"https:\/\/www.casavio.com\/de\/dienstleistungen\/inklusivleistungen\/camper-service\/#primaryimage"},"thumbnailUrl":"https:\/\/www.casavio.com\/wp-content\/uploads\/2020\/10\/ca-savio-camper-service-anteprima.jpg","datePublished":"2019-11-07T09:49:01+00:00","dateModified":"2020-11-02T11:42:02+00:00","breadcrumb":{"@id":"https:\/\/www.casavio.com\/de\/dienstleistungen\/inklusivleistungen\/camper-service\/#breadcrumb"},"inLanguage":"de","potentialAction":[{"@type":"ReadAction","target":["https:\/\/www.casavio.com\/de\/dienstleistungen\/inklusivleistungen\/camper-service\/"]}]},{"@type":"ImageObject","inLanguage":"de","@id":"https:\/\/www.casavio.com\/de\/dienstleistungen\/inklusivleistungen\/camper-service\/#primaryimage","url":"https:\/\/www.casavio.com\/wp-content\/uploads\/2020\/10\/ca-savio-camper-service-anteprima.jpg","contentUrl":"https:\/\/www.casavio.com\/wp-content\/uploads\/2020\/10\/ca-savio-camper-service-anteprima.jpg","width":440,"height":600},{"@type":"BreadcrumbList","@id":"https:\/\/www.casavio.com\/de\/dienstleistungen\/inklusivleistungen\/camper-service\/#breadcrumb","itemListElement":[{"@type":"ListItem","position":1,"name":"Home","item":"https:\/\/www.casavio.com\/de\/"},{"@type":"ListItem","position":2,"name":"Dienstleistungen","item":"https:\/\/www.casavio.com\/de\/dienstleistungen\/"},{"@type":"ListItem","position":3,"name":"Inklusivleistungen","item":"https:\/\/www.casavio.com\/de\/dienstleistungen\/inklusivleistungen\/"},{"@type":"ListItem","position":4,"name":"Camper service"}]},{"@type":"WebSite","@id":"https:\/\/www.casavio.com\/de\/#website","url":"https:\/\/www.casavio.com\/de\/","name":"Camping Ca&#039; Savio","description":"","publisher":{"@id":"https:\/\/www.casavio.com\/de\/#organization"},"potentialAction":[{"@type":"SearchAction","target":{"@type":"EntryPoint","urlTemplate":"https:\/\/www.casavio.com\/de\/?s={search_term_string}"},"query-input":{"@type":"PropertyValueSpecification","valueRequired":true,"valueName":"search_term_string"}}],"inLanguage":"de"},{"@type":"Organization","@id":"https:\/\/www.casavio.com\/de\/#organization","name":"Camping Ca'Savio","url":"https:\/\/www.casavio.com\/de\/","logo":{"@type":"ImageObject","inLanguage":"de","@id":"https:\/\/www.casavio.com\/de\/#\/schema\/logo\/image\/","url":"https:\/\/www.casavio.com\/wp-content\/uploads\/2024\/04\/favicon.png","contentUrl":"https:\/\/www.casavio.com\/wp-content\/uploads\/2024\/04\/favicon.png","width":144,"height":144,"caption":"Camping Ca'Savio"},"image":{"@id":"https:\/\/www.casavio.com\/de\/#\/schema\/logo\/image\/"},"sameAs":["https:\/\/www.facebook.com\/campingcasavio","https:\/\/www.instagram.com\/campingcasavio","https:\/\/www.youtube.com\/user\/campingcasavio"]}]}},"_links":{"self":[{"href":"https:\/\/www.casavio.com\/de\/wp-json\/wp\/v2\/pages\/8025","targetHints":{"allow":["GET"]}}],"collection":[{"href":"https:\/\/www.casavio.com\/de\/wp-json\/wp\/v2\/pages"}],"about":[{"href":"https:\/\/www.casavio.com\/de\/wp-json\/wp\/v2\/types\/page"}],"author":[{"embeddable":true,"href":"https:\/\/www.casavio.com\/de\/wp-json\/wp\/v2\/users\/3"}],"replies":[{"embeddable":true,"href":"https:\/\/www.casavio.com\/de\/wp-json\/wp\/v2\/comments?post=8025"}],"version-history":[{"count":1,"href":"https:\/\/www.casavio.com\/de\/wp-json\/wp\/v2\/pages\/8025\/revisions"}],"predecessor-version":[{"id":15437,"href":"https:\/\/www.casavio.com\/de\/wp-json\/wp\/v2\/pages\/8025\/revisions\/15437"}],"up":[{"embeddable":true,"href":"https:\/\/www.casavio.com\/de\/wp-json\/wp\/v2\/pages\/8012"}],"wp:featuredmedia":[{"embeddable":true,"href":"https:\/\/www.casavio.com\/de\/wp-json\/wp\/v2\/media\/14573"}],"wp:attachment":[{"href":"https:\/\/www.casavio.com\/de\/wp-json\/wp\/v2\/media?parent=8025"}],"curies":[{"name":"wp","href":"https:\/\/api.w.org\/{rel}","templated":true}]}}