{"id":8027,"date":"2019-11-07T10:49:30","date_gmt":"2019-11-07T09:49:30","guid":{"rendered":"https:\/\/www.casavio.com\/dienstleistungen\/inklusivleistungen\/ricarica-auto-elettriche\/"},"modified":"2025-06-06T10:36:08","modified_gmt":"2025-06-06T08:36:08","slug":"e-ladesaeule","status":"publish","type":"page","link":"https:\/\/www.casavio.com\/de\/dienstleistungen\/zusatzleistungen\/e-ladesaeule\/","title":{"rendered":"E-Lades\u00e4ule"},"content":{"rendered":"<p>Zwei wichtige Themen spielen f\u00fcr den Camping Ca\u2019Savio seit L\u00e4ngerem eine wichtige Rolle: die Emissionen zu reduzieren und das Naturerbe um uns herum zu sch\u00fctzen. Aus diesem Grund haben wir uns entschieden, einige Ladestationen f\u00fcr Elektro- und Hybridautos zu installieren, die sich in zwei verschiedenen.<\/p>\n<h3><strong>Wo k\u00f6nnen Sie Ihr Elektroauto aufladen?<\/strong><\/h3>\n<p>Auf dem Campingplatz gibt es <a href=\"https:\/\/www.casavio.com\/de\/unser-campingplatz\/lageplan\/\"><strong><u>zwei Bereiche, die mit Ladestationen ausgestattet sind<\/u><\/strong><\/a>, damit Sie diesen Service einfach und sicher nutzen k\u00f6nnen. Elektrofahrzeuge d\u00fcrfen nur an den Ladestationen aufgeladen werden. Aus Sicherheitsgr\u00fcnden und um Brandgefahr zu vermeiden, ist es verboten, die Steckdosen auf den Stellpl\u00e4tzen oder in den Unterk\u00fcnften zu diesem Zweck zu benutzen.<\/p>\n","protected":false},"excerpt":{"rendered":"<p>Eine E-Lades\u00e4ule steht f\u00fcr alle G\u00e4ste zur Verf\u00fcgung, die mit einem Elektrofahrzeug fahren. Wenden Sie sich bitte ans Customer Care B\u00fcro, um weitere Informationen zu erhalten.<\/p>\n","protected":false},"author":3,"featured_media":37969,"parent":8042,"menu_order":11,"comment_status":"closed","ping_status":"closed","template":"","meta":{"_acf_changed":false},"class_list":["post-8027","page","type-page","status-publish","has-post-thumbnail","hentry"],"acf":[],"yoast_head":"<!-- This site is optimized with the Yoast SEO plugin v25.3 - https:\/\/yoast.com\/wordpress\/plugins\/seo\/ -->\n<title>Camping E-Lades\u00e4ule &#8211; Camping Ca&#039; Savio<\/title>\n<meta name=\"description\" content=\"Eine E-Lades\u00e4ule steht f\u00fcr alle G\u00e4ste zur Verf\u00fcgung, die mit einem Elektrofahrzeug fahren. Wenden Sie sich bitte ans Customer Care B\u00fcro, um weitere Informationen zu erhalten.\" \/>\n<meta name=\"robots\" content=\"index, follow, max-snippet:-1, max-image-preview:large, max-video-preview:-1\" \/>\n<link rel=\"canonical\" href=\"https:\/\/www.casavio.com\/de\/dienstleistungen\/zusatzleistungen\/e-ladesaeule\/\" \/>\n<meta property=\"og:locale\" content=\"de_DE\" \/>\n<meta property=\"og:type\" content=\"article\" \/>\n<meta property=\"og:title\" content=\"Camping E-Lades\u00e4ule &#8211; Camping Ca&#039; Savio\" \/>\n<meta property=\"og:description\" content=\"Eine E-Lades\u00e4ule steht f\u00fcr alle G\u00e4ste zur Verf\u00fcgung, die mit einem Elektrofahrzeug fahren. Wenden Sie sich bitte ans Customer Care B\u00fcro, um weitere Informationen zu erhalten.\" \/>\n<meta property=\"og:url\" content=\"https:\/\/www.casavio.com\/de\/dienstleistungen\/zusatzleistungen\/e-ladesaeule\/\" \/>\n<meta property=\"og:site_name\" content=\"Camping Ca&#039; Savio\" \/>\n<meta property=\"article:publisher\" content=\"https:\/\/www.facebook.com\/campingcasavio\" \/>\n<meta property=\"article:modified_time\" content=\"2025-06-06T08:36:08+00:00\" \/>\n<meta property=\"og:image\" content=\"https:\/\/www.casavio.com\/wp-content\/uploads\/2025\/02\/ricarica-auto-elettrica.jpg\" \/>\n\t<meta property=\"og:image:width\" content=\"440\" \/>\n\t<meta property=\"og:image:height\" content=\"600\" \/>\n\t<meta property=\"og:image:type\" content=\"image\/jpeg\" \/>\n<meta name=\"twitter:card\" content=\"summary_large_image\" \/>\n<meta name=\"twitter:label1\" content=\"Gesch\u00e4tzte Lesezeit\" \/>\n\t<meta name=\"twitter:data1\" content=\"1\u00a0Minute\" \/>\n<script type=\"application\/ld+json\" class=\"yoast-schema-graph\">{\"@context\":\"https:\/\/schema.org\",\"@graph\":[{\"@type\":\"WebPage\",\"@id\":\"https:\/\/www.casavio.com\/de\/dienstleistungen\/zusatzleistungen\/e-ladesaeule\/\",\"url\":\"https:\/\/www.casavio.com\/de\/dienstleistungen\/zusatzleistungen\/e-ladesaeule\/\",\"name\":\"Camping E-Lades\u00e4ule &#8211; Camping Ca&#039; Savio\",\"isPartOf\":{\"@id\":\"https:\/\/www.casavio.com\/de\/#website\"},\"primaryImageOfPage\":{\"@id\":\"https:\/\/www.casavio.com\/de\/dienstleistungen\/zusatzleistungen\/e-ladesaeule\/#primaryimage\"},\"image\":{\"@id\":\"https:\/\/www.casavio.com\/de\/dienstleistungen\/zusatzleistungen\/e-ladesaeule\/#primaryimage\"},\"thumbnailUrl\":\"https:\/\/www.casavio.com\/wp-content\/uploads\/2025\/02\/ricarica-auto-elettrica.jpg\",\"datePublished\":\"2019-11-07T09:49:30+00:00\",\"dateModified\":\"2025-06-06T08:36:08+00:00\",\"description\":\"Eine E-Lades\u00e4ule steht f\u00fcr alle G\u00e4ste zur Verf\u00fcgung, die mit einem Elektrofahrzeug fahren. Wenden Sie sich bitte ans Customer Care B\u00fcro, um weitere Informationen zu erhalten.\",\"breadcrumb\":{\"@id\":\"https:\/\/www.casavio.com\/de\/dienstleistungen\/zusatzleistungen\/e-ladesaeule\/#breadcrumb\"},\"inLanguage\":\"de\",\"potentialAction\":[{\"@type\":\"ReadAction\",\"target\":[\"https:\/\/www.casavio.com\/de\/dienstleistungen\/zusatzleistungen\/e-ladesaeule\/\"]}]},{\"@type\":\"ImageObject\",\"inLanguage\":\"de\",\"@id\":\"https:\/\/www.casavio.com\/de\/dienstleistungen\/zusatzleistungen\/e-ladesaeule\/#primaryimage\",\"url\":\"https:\/\/www.casavio.com\/wp-content\/uploads\/2025\/02\/ricarica-auto-elettrica.jpg\",\"contentUrl\":\"https:\/\/www.casavio.com\/wp-content\/uploads\/2025\/02\/ricarica-auto-elettrica.jpg\",\"width\":440,\"height\":600},{\"@type\":\"BreadcrumbList\",\"@id\":\"https:\/\/www.casavio.com\/de\/dienstleistungen\/zusatzleistungen\/e-ladesaeule\/#breadcrumb\",\"itemListElement\":[{\"@type\":\"ListItem\",\"position\":1,\"name\":\"Home\",\"item\":\"https:\/\/www.casavio.com\/de\/\"},{\"@type\":\"ListItem\",\"position\":2,\"name\":\"Dienstleistungen\",\"item\":\"https:\/\/www.casavio.com\/de\/dienstleistungen\/\"},{\"@type\":\"ListItem\",\"position\":3,\"name\":\"Zusatzleistungen\",\"item\":\"https:\/\/www.casavio.com\/de\/dienstleistungen\/zusatzleistungen\/\"},{\"@type\":\"ListItem\",\"position\":4,\"name\":\"E-Lades\u00e4ule\"}]},{\"@type\":\"WebSite\",\"@id\":\"https:\/\/www.casavio.com\/de\/#website\",\"url\":\"https:\/\/www.casavio.com\/de\/\",\"name\":\"Camping Ca&#039; Savio\",\"description\":\"\",\"publisher\":{\"@id\":\"https:\/\/www.casavio.com\/de\/#organization\"},\"potentialAction\":[{\"@type\":\"SearchAction\",\"target\":{\"@type\":\"EntryPoint\",\"urlTemplate\":\"https:\/\/www.casavio.com\/de\/?s={search_term_string}\"},\"query-input\":{\"@type\":\"PropertyValueSpecification\",\"valueRequired\":true,\"valueName\":\"search_term_string\"}}],\"inLanguage\":\"de\"},{\"@type\":\"Organization\",\"@id\":\"https:\/\/www.casavio.com\/de\/#organization\",\"name\":\"Camping Ca'Savio\",\"url\":\"https:\/\/www.casavio.com\/de\/\",\"logo\":{\"@type\":\"ImageObject\",\"inLanguage\":\"de\",\"@id\":\"https:\/\/www.casavio.com\/de\/#\/schema\/logo\/image\/\",\"url\":\"https:\/\/www.casavio.com\/wp-content\/uploads\/2024\/04\/favicon.png\",\"contentUrl\":\"https:\/\/www.casavio.com\/wp-content\/uploads\/2024\/04\/favicon.png\",\"width\":144,\"height\":144,\"caption\":\"Camping Ca'Savio\"},\"image\":{\"@id\":\"https:\/\/www.casavio.com\/de\/#\/schema\/logo\/image\/\"},\"sameAs\":[\"https:\/\/www.facebook.com\/campingcasavio\",\"https:\/\/www.instagram.com\/campingcasavio\",\"https:\/\/www.youtube.com\/user\/campingcasavio\"]}]}<\/script>\n<!-- \/ Yoast SEO plugin. -->","yoast_head_json":{"title":"Camping E-Lades\u00e4ule &#8211; Camping Ca&#039; Savio","description":"Eine E-Lades\u00e4ule steht f\u00fcr alle G\u00e4ste zur Verf\u00fcgung, die mit einem Elektrofahrzeug fahren. Wenden Sie sich bitte ans Customer Care B\u00fcro, um weitere Informationen zu erhalten.","robots":{"index":"index","follow":"follow","max-snippet":"max-snippet:-1","max-image-preview":"max-image-preview:large","max-video-preview":"max-video-preview:-1"},"canonical":"https:\/\/www.casavio.com\/de\/dienstleistungen\/zusatzleistungen\/e-ladesaeule\/","og_locale":"de_DE","og_type":"article","og_title":"Camping E-Lades\u00e4ule &#8211; Camping Ca&#039; Savio","og_description":"Eine E-Lades\u00e4ule steht f\u00fcr alle G\u00e4ste zur Verf\u00fcgung, die mit einem Elektrofahrzeug fahren. Wenden Sie sich bitte ans Customer Care B\u00fcro, um weitere Informationen zu erhalten.","og_url":"https:\/\/www.casavio.com\/de\/dienstleistungen\/zusatzleistungen\/e-ladesaeule\/","og_site_name":"Camping Ca&#039; Savio","article_publisher":"https:\/\/www.facebook.com\/campingcasavio","article_modified_time":"2025-06-06T08:36:08+00:00","og_image":[{"width":440,"height":600,"url":"https:\/\/www.casavio.com\/wp-content\/uploads\/2025\/02\/ricarica-auto-elettrica.jpg","type":"image\/jpeg"}],"twitter_card":"summary_large_image","twitter_misc":{"Gesch\u00e4tzte Lesezeit":"1\u00a0Minute"},"schema":{"@context":"https:\/\/schema.org","@graph":[{"@type":"WebPage","@id":"https:\/\/www.casavio.com\/de\/dienstleistungen\/zusatzleistungen\/e-ladesaeule\/","url":"https:\/\/www.casavio.com\/de\/dienstleistungen\/zusatzleistungen\/e-ladesaeule\/","name":"Camping E-Lades\u00e4ule &#8211; Camping Ca&#039; Savio","isPartOf":{"@id":"https:\/\/www.casavio.com\/de\/#website"},"primaryImageOfPage":{"@id":"https:\/\/www.casavio.com\/de\/dienstleistungen\/zusatzleistungen\/e-ladesaeule\/#primaryimage"},"image":{"@id":"https:\/\/www.casavio.com\/de\/dienstleistungen\/zusatzleistungen\/e-ladesaeule\/#primaryimage"},"thumbnailUrl":"https:\/\/www.casavio.com\/wp-content\/uploads\/2025\/02\/ricarica-auto-elettrica.jpg","datePublished":"2019-11-07T09:49:30+00:00","dateModified":"2025-06-06T08:36:08+00:00","description":"Eine E-Lades\u00e4ule steht f\u00fcr alle G\u00e4ste zur Verf\u00fcgung, die mit einem Elektrofahrzeug fahren. Wenden Sie sich bitte ans Customer Care B\u00fcro, um weitere Informationen zu erhalten.","breadcrumb":{"@id":"https:\/\/www.casavio.com\/de\/dienstleistungen\/zusatzleistungen\/e-ladesaeule\/#breadcrumb"},"inLanguage":"de","potentialAction":[{"@type":"ReadAction","target":["https:\/\/www.casavio.com\/de\/dienstleistungen\/zusatzleistungen\/e-ladesaeule\/"]}]},{"@type":"ImageObject","inLanguage":"de","@id":"https:\/\/www.casavio.com\/de\/dienstleistungen\/zusatzleistungen\/e-ladesaeule\/#primaryimage","url":"https:\/\/www.casavio.com\/wp-content\/uploads\/2025\/02\/ricarica-auto-elettrica.jpg","contentUrl":"https:\/\/www.casavio.com\/wp-content\/uploads\/2025\/02\/ricarica-auto-elettrica.jpg","width":440,"height":600},{"@type":"BreadcrumbList","@id":"https:\/\/www.casavio.com\/de\/dienstleistungen\/zusatzleistungen\/e-ladesaeule\/#breadcrumb","itemListElement":[{"@type":"ListItem","position":1,"name":"Home","item":"https:\/\/www.casavio.com\/de\/"},{"@type":"ListItem","position":2,"name":"Dienstleistungen","item":"https:\/\/www.casavio.com\/de\/dienstleistungen\/"},{"@type":"ListItem","position":3,"name":"Zusatzleistungen","item":"https:\/\/www.casavio.com\/de\/dienstleistungen\/zusatzleistungen\/"},{"@type":"ListItem","position":4,"name":"E-Lades\u00e4ule"}]},{"@type":"WebSite","@id":"https:\/\/www.casavio.com\/de\/#website","url":"https:\/\/www.casavio.com\/de\/","name":"Camping Ca&#039; Savio","description":"","publisher":{"@id":"https:\/\/www.casavio.com\/de\/#organization"},"potentialAction":[{"@type":"SearchAction","target":{"@type":"EntryPoint","urlTemplate":"https:\/\/www.casavio.com\/de\/?s={search_term_string}"},"query-input":{"@type":"PropertyValueSpecification","valueRequired":true,"valueName":"search_term_string"}}],"inLanguage":"de"},{"@type":"Organization","@id":"https:\/\/www.casavio.com\/de\/#organization","name":"Camping Ca'Savio","url":"https:\/\/www.casavio.com\/de\/","logo":{"@type":"ImageObject","inLanguage":"de","@id":"https:\/\/www.casavio.com\/de\/#\/schema\/logo\/image\/","url":"https:\/\/www.casavio.com\/wp-content\/uploads\/2024\/04\/favicon.png","contentUrl":"https:\/\/www.casavio.com\/wp-content\/uploads\/2024\/04\/favicon.png","width":144,"height":144,"caption":"Camping Ca'Savio"},"image":{"@id":"https:\/\/www.casavio.com\/de\/#\/schema\/logo\/image\/"},"sameAs":["https:\/\/www.facebook.com\/campingcasavio","https:\/\/www.instagram.com\/campingcasavio","https:\/\/www.youtube.com\/user\/campingcasavio"]}]}},"_links":{"self":[{"href":"https:\/\/www.casavio.com\/de\/wp-json\/wp\/v2\/pages\/8027","targetHints":{"allow":["GET"]}}],"collection":[{"href":"https:\/\/www.casavio.com\/de\/wp-json\/wp\/v2\/pages"}],"about":[{"href":"https:\/\/www.casavio.com\/de\/wp-json\/wp\/v2\/types\/page"}],"author":[{"embeddable":true,"href":"https:\/\/www.casavio.com\/de\/wp-json\/wp\/v2\/users\/3"}],"replies":[{"embeddable":true,"href":"https:\/\/www.casavio.com\/de\/wp-json\/wp\/v2\/comments?post=8027"}],"version-history":[{"count":2,"href":"https:\/\/www.casavio.com\/de\/wp-json\/wp\/v2\/pages\/8027\/revisions"}],"predecessor-version":[{"id":37980,"href":"https:\/\/www.casavio.com\/de\/wp-json\/wp\/v2\/pages\/8027\/revisions\/37980"}],"up":[{"embeddable":true,"href":"https:\/\/www.casavio.com\/de\/wp-json\/wp\/v2\/pages\/8042"}],"wp:featuredmedia":[{"embeddable":true,"href":"https:\/\/www.casavio.com\/de\/wp-json\/wp\/v2\/media\/37969"}],"wp:attachment":[{"href":"https:\/\/www.casavio.com\/de\/wp-json\/wp\/v2\/media?parent=8027"}],"curies":[{"name":"wp","href":"https:\/\/api.w.org\/{rel}","templated":true}]}}