{"id":8032,"date":"2019-11-07T10:49:56","date_gmt":"2019-11-07T09:49:56","guid":{"rendered":"https:\/\/www.casavio.com\/dienstleistungen\/inklusivleistungen\/reception\/"},"modified":"2024-10-03T14:01:16","modified_gmt":"2024-10-03T12:01:16","slug":"rezeption","status":"publish","type":"page","link":"https:\/\/www.casavio.com\/de\/dienstleistungen\/inklusivleistungen\/rezeption\/","title":{"rendered":"Rezeption"},"content":{"rendered":"<p>Willkommen auf Camping Ca\u2019Savio!<br \/>\nAn unserer Rezeption, einem hellen Ort mit gro\u00dfen Fensterfronten und viel Gr\u00fcn umgeben, k\u00f6nnen Sie sofort Urlaubsluft atmen. Hier werden Sie von unseren Mitarbeitern betreut, die Ihnen w\u00e4hrend Ihres gesamten Aufenthalts bei allen Fragen gerne zur Verf\u00fcgung stehen.<\/p>\n","protected":false},"excerpt":{"rendered":"<p>Der perfekte Ort, um Sie bei Ihrer Ankunft willkommen zu hei\u00dfen. Hier k\u00f6nnen Sie einchecken.<\/p>\n","protected":false},"author":3,"featured_media":35720,"parent":8012,"menu_order":37,"comment_status":"closed","ping_status":"closed","template":"","meta":{"_acf_changed":false},"class_list":["post-8032","page","type-page","status-publish","has-post-thumbnail","hentry"],"acf":[],"yoast_head":"<!-- This site is optimized with the Yoast SEO plugin v25.3 - https:\/\/yoast.com\/wordpress\/plugins\/seo\/ -->\n<title>Rezeption | Willkommen auf Camping Ca\u2019Savio!<\/title>\n<meta name=\"description\" content=\"An unserer Rezeption treffen Sie ein Team, das Ihnen zur Verf\u00fcgung steht und sich nicht nur f\u00fcr das Ein- und Auschecken, sondern w\u00e4hrend Ihres gesamten Aufenthalts engagiert.\" \/>\n<meta name=\"robots\" content=\"index, follow, max-snippet:-1, max-image-preview:large, max-video-preview:-1\" \/>\n<link rel=\"canonical\" href=\"https:\/\/www.casavio.com\/de\/dienstleistungen\/inklusivleistungen\/rezeption\/\" \/>\n<meta property=\"og:locale\" content=\"de_DE\" \/>\n<meta property=\"og:type\" content=\"article\" \/>\n<meta property=\"og:title\" content=\"Rezeption | Willkommen auf Camping Ca\u2019Savio!\" \/>\n<meta property=\"og:description\" content=\"An unserer Rezeption treffen Sie ein Team, das Ihnen zur Verf\u00fcgung steht und sich nicht nur f\u00fcr das Ein- und Auschecken, sondern w\u00e4hrend Ihres gesamten Aufenthalts engagiert.\" \/>\n<meta property=\"og:url\" content=\"https:\/\/www.casavio.com\/de\/dienstleistungen\/inklusivleistungen\/rezeption\/\" \/>\n<meta property=\"og:site_name\" content=\"Camping Ca&#039; Savio\" \/>\n<meta property=\"article:publisher\" content=\"https:\/\/www.facebook.com\/campingcasavio\" \/>\n<meta property=\"article:modified_time\" content=\"2024-10-03T12:01:16+00:00\" \/>\n<meta property=\"og:image\" content=\"https:\/\/www.casavio.com\/wp-content\/uploads\/2024\/10\/reception_ev.jpg\" \/>\n\t<meta property=\"og:image:width\" content=\"440\" \/>\n\t<meta property=\"og:image:height\" content=\"600\" \/>\n\t<meta property=\"og:image:type\" content=\"image\/jpeg\" \/>\n<meta name=\"twitter:card\" content=\"summary_large_image\" \/>\n<meta name=\"twitter:label1\" content=\"Gesch\u00e4tzte Lesezeit\" \/>\n\t<meta name=\"twitter:data1\" content=\"1\u00a0Minute\" \/>\n<script type=\"application\/ld+json\" class=\"yoast-schema-graph\">{\"@context\":\"https:\/\/schema.org\",\"@graph\":[{\"@type\":\"WebPage\",\"@id\":\"https:\/\/www.casavio.com\/de\/dienstleistungen\/inklusivleistungen\/rezeption\/\",\"url\":\"https:\/\/www.casavio.com\/de\/dienstleistungen\/inklusivleistungen\/rezeption\/\",\"name\":\"Rezeption | Willkommen auf Camping Ca\u2019Savio!\",\"isPartOf\":{\"@id\":\"https:\/\/www.casavio.com\/de\/#website\"},\"primaryImageOfPage\":{\"@id\":\"https:\/\/www.casavio.com\/de\/dienstleistungen\/inklusivleistungen\/rezeption\/#primaryimage\"},\"image\":{\"@id\":\"https:\/\/www.casavio.com\/de\/dienstleistungen\/inklusivleistungen\/rezeption\/#primaryimage\"},\"thumbnailUrl\":\"https:\/\/www.casavio.com\/wp-content\/uploads\/2024\/10\/reception_ev.jpg\",\"datePublished\":\"2019-11-07T09:49:56+00:00\",\"dateModified\":\"2024-10-03T12:01:16+00:00\",\"description\":\"An unserer Rezeption treffen Sie ein Team, das Ihnen zur Verf\u00fcgung steht und sich nicht nur f\u00fcr das Ein- und Auschecken, sondern w\u00e4hrend Ihres gesamten Aufenthalts engagiert.\",\"breadcrumb\":{\"@id\":\"https:\/\/www.casavio.com\/de\/dienstleistungen\/inklusivleistungen\/rezeption\/#breadcrumb\"},\"inLanguage\":\"de\",\"potentialAction\":[{\"@type\":\"ReadAction\",\"target\":[\"https:\/\/www.casavio.com\/de\/dienstleistungen\/inklusivleistungen\/rezeption\/\"]}]},{\"@type\":\"ImageObject\",\"inLanguage\":\"de\",\"@id\":\"https:\/\/www.casavio.com\/de\/dienstleistungen\/inklusivleistungen\/rezeption\/#primaryimage\",\"url\":\"https:\/\/www.casavio.com\/wp-content\/uploads\/2024\/10\/reception_ev.jpg\",\"contentUrl\":\"https:\/\/www.casavio.com\/wp-content\/uploads\/2024\/10\/reception_ev.jpg\",\"width\":440,\"height\":600},{\"@type\":\"BreadcrumbList\",\"@id\":\"https:\/\/www.casavio.com\/de\/dienstleistungen\/inklusivleistungen\/rezeption\/#breadcrumb\",\"itemListElement\":[{\"@type\":\"ListItem\",\"position\":1,\"name\":\"Home\",\"item\":\"https:\/\/www.casavio.com\/de\/\"},{\"@type\":\"ListItem\",\"position\":2,\"name\":\"Dienstleistungen\",\"item\":\"https:\/\/www.casavio.com\/de\/dienstleistungen\/\"},{\"@type\":\"ListItem\",\"position\":3,\"name\":\"Inklusivleistungen\",\"item\":\"https:\/\/www.casavio.com\/de\/dienstleistungen\/inklusivleistungen\/\"},{\"@type\":\"ListItem\",\"position\":4,\"name\":\"Rezeption\"}]},{\"@type\":\"WebSite\",\"@id\":\"https:\/\/www.casavio.com\/de\/#website\",\"url\":\"https:\/\/www.casavio.com\/de\/\",\"name\":\"Camping Ca&#039; Savio\",\"description\":\"\",\"publisher\":{\"@id\":\"https:\/\/www.casavio.com\/de\/#organization\"},\"potentialAction\":[{\"@type\":\"SearchAction\",\"target\":{\"@type\":\"EntryPoint\",\"urlTemplate\":\"https:\/\/www.casavio.com\/de\/?s={search_term_string}\"},\"query-input\":{\"@type\":\"PropertyValueSpecification\",\"valueRequired\":true,\"valueName\":\"search_term_string\"}}],\"inLanguage\":\"de\"},{\"@type\":\"Organization\",\"@id\":\"https:\/\/www.casavio.com\/de\/#organization\",\"name\":\"Camping Ca'Savio\",\"url\":\"https:\/\/www.casavio.com\/de\/\",\"logo\":{\"@type\":\"ImageObject\",\"inLanguage\":\"de\",\"@id\":\"https:\/\/www.casavio.com\/de\/#\/schema\/logo\/image\/\",\"url\":\"https:\/\/www.casavio.com\/wp-content\/uploads\/2024\/04\/favicon.png\",\"contentUrl\":\"https:\/\/www.casavio.com\/wp-content\/uploads\/2024\/04\/favicon.png\",\"width\":144,\"height\":144,\"caption\":\"Camping Ca'Savio\"},\"image\":{\"@id\":\"https:\/\/www.casavio.com\/de\/#\/schema\/logo\/image\/\"},\"sameAs\":[\"https:\/\/www.facebook.com\/campingcasavio\",\"https:\/\/www.instagram.com\/campingcasavio\",\"https:\/\/www.youtube.com\/user\/campingcasavio\"]}]}<\/script>\n<!-- \/ Yoast SEO plugin. -->","yoast_head_json":{"title":"Rezeption | Willkommen auf Camping Ca\u2019Savio!","description":"An unserer Rezeption treffen Sie ein Team, das Ihnen zur Verf\u00fcgung steht und sich nicht nur f\u00fcr das Ein- und Auschecken, sondern w\u00e4hrend Ihres gesamten Aufenthalts engagiert.","robots":{"index":"index","follow":"follow","max-snippet":"max-snippet:-1","max-image-preview":"max-image-preview:large","max-video-preview":"max-video-preview:-1"},"canonical":"https:\/\/www.casavio.com\/de\/dienstleistungen\/inklusivleistungen\/rezeption\/","og_locale":"de_DE","og_type":"article","og_title":"Rezeption | Willkommen auf Camping Ca\u2019Savio!","og_description":"An unserer Rezeption treffen Sie ein Team, das Ihnen zur Verf\u00fcgung steht und sich nicht nur f\u00fcr das Ein- und Auschecken, sondern w\u00e4hrend Ihres gesamten Aufenthalts engagiert.","og_url":"https:\/\/www.casavio.com\/de\/dienstleistungen\/inklusivleistungen\/rezeption\/","og_site_name":"Camping Ca&#039; Savio","article_publisher":"https:\/\/www.facebook.com\/campingcasavio","article_modified_time":"2024-10-03T12:01:16+00:00","og_image":[{"width":440,"height":600,"url":"https:\/\/www.casavio.com\/wp-content\/uploads\/2024\/10\/reception_ev.jpg","type":"image\/jpeg"}],"twitter_card":"summary_large_image","twitter_misc":{"Gesch\u00e4tzte Lesezeit":"1\u00a0Minute"},"schema":{"@context":"https:\/\/schema.org","@graph":[{"@type":"WebPage","@id":"https:\/\/www.casavio.com\/de\/dienstleistungen\/inklusivleistungen\/rezeption\/","url":"https:\/\/www.casavio.com\/de\/dienstleistungen\/inklusivleistungen\/rezeption\/","name":"Rezeption | Willkommen auf Camping Ca\u2019Savio!","isPartOf":{"@id":"https:\/\/www.casavio.com\/de\/#website"},"primaryImageOfPage":{"@id":"https:\/\/www.casavio.com\/de\/dienstleistungen\/inklusivleistungen\/rezeption\/#primaryimage"},"image":{"@id":"https:\/\/www.casavio.com\/de\/dienstleistungen\/inklusivleistungen\/rezeption\/#primaryimage"},"thumbnailUrl":"https:\/\/www.casavio.com\/wp-content\/uploads\/2024\/10\/reception_ev.jpg","datePublished":"2019-11-07T09:49:56+00:00","dateModified":"2024-10-03T12:01:16+00:00","description":"An unserer Rezeption treffen Sie ein Team, das Ihnen zur Verf\u00fcgung steht und sich nicht nur f\u00fcr das Ein- und Auschecken, sondern w\u00e4hrend Ihres gesamten Aufenthalts engagiert.","breadcrumb":{"@id":"https:\/\/www.casavio.com\/de\/dienstleistungen\/inklusivleistungen\/rezeption\/#breadcrumb"},"inLanguage":"de","potentialAction":[{"@type":"ReadAction","target":["https:\/\/www.casavio.com\/de\/dienstleistungen\/inklusivleistungen\/rezeption\/"]}]},{"@type":"ImageObject","inLanguage":"de","@id":"https:\/\/www.casavio.com\/de\/dienstleistungen\/inklusivleistungen\/rezeption\/#primaryimage","url":"https:\/\/www.casavio.com\/wp-content\/uploads\/2024\/10\/reception_ev.jpg","contentUrl":"https:\/\/www.casavio.com\/wp-content\/uploads\/2024\/10\/reception_ev.jpg","width":440,"height":600},{"@type":"BreadcrumbList","@id":"https:\/\/www.casavio.com\/de\/dienstleistungen\/inklusivleistungen\/rezeption\/#breadcrumb","itemListElement":[{"@type":"ListItem","position":1,"name":"Home","item":"https:\/\/www.casavio.com\/de\/"},{"@type":"ListItem","position":2,"name":"Dienstleistungen","item":"https:\/\/www.casavio.com\/de\/dienstleistungen\/"},{"@type":"ListItem","position":3,"name":"Inklusivleistungen","item":"https:\/\/www.casavio.com\/de\/dienstleistungen\/inklusivleistungen\/"},{"@type":"ListItem","position":4,"name":"Rezeption"}]},{"@type":"WebSite","@id":"https:\/\/www.casavio.com\/de\/#website","url":"https:\/\/www.casavio.com\/de\/","name":"Camping Ca&#039; Savio","description":"","publisher":{"@id":"https:\/\/www.casavio.com\/de\/#organization"},"potentialAction":[{"@type":"SearchAction","target":{"@type":"EntryPoint","urlTemplate":"https:\/\/www.casavio.com\/de\/?s={search_term_string}"},"query-input":{"@type":"PropertyValueSpecification","valueRequired":true,"valueName":"search_term_string"}}],"inLanguage":"de"},{"@type":"Organization","@id":"https:\/\/www.casavio.com\/de\/#organization","name":"Camping Ca'Savio","url":"https:\/\/www.casavio.com\/de\/","logo":{"@type":"ImageObject","inLanguage":"de","@id":"https:\/\/www.casavio.com\/de\/#\/schema\/logo\/image\/","url":"https:\/\/www.casavio.com\/wp-content\/uploads\/2024\/04\/favicon.png","contentUrl":"https:\/\/www.casavio.com\/wp-content\/uploads\/2024\/04\/favicon.png","width":144,"height":144,"caption":"Camping Ca'Savio"},"image":{"@id":"https:\/\/www.casavio.com\/de\/#\/schema\/logo\/image\/"},"sameAs":["https:\/\/www.facebook.com\/campingcasavio","https:\/\/www.instagram.com\/campingcasavio","https:\/\/www.youtube.com\/user\/campingcasavio"]}]}},"_links":{"self":[{"href":"https:\/\/www.casavio.com\/de\/wp-json\/wp\/v2\/pages\/8032","targetHints":{"allow":["GET"]}}],"collection":[{"href":"https:\/\/www.casavio.com\/de\/wp-json\/wp\/v2\/pages"}],"about":[{"href":"https:\/\/www.casavio.com\/de\/wp-json\/wp\/v2\/types\/page"}],"author":[{"embeddable":true,"href":"https:\/\/www.casavio.com\/de\/wp-json\/wp\/v2\/users\/3"}],"replies":[{"embeddable":true,"href":"https:\/\/www.casavio.com\/de\/wp-json\/wp\/v2\/comments?post=8032"}],"version-history":[{"count":1,"href":"https:\/\/www.casavio.com\/de\/wp-json\/wp\/v2\/pages\/8032\/revisions"}],"predecessor-version":[{"id":35725,"href":"https:\/\/www.casavio.com\/de\/wp-json\/wp\/v2\/pages\/8032\/revisions\/35725"}],"up":[{"embeddable":true,"href":"https:\/\/www.casavio.com\/de\/wp-json\/wp\/v2\/pages\/8012"}],"wp:featuredmedia":[{"embeddable":true,"href":"https:\/\/www.casavio.com\/de\/wp-json\/wp\/v2\/media\/35720"}],"wp:attachment":[{"href":"https:\/\/www.casavio.com\/de\/wp-json\/wp\/v2\/media?parent=8032"}],"curies":[{"name":"wp","href":"https:\/\/api.w.org\/{rel}","templated":true}]}}