{"id":8039,"date":"2019-11-07T10:50:48","date_gmt":"2019-11-07T09:50:48","guid":{"rendered":"https:\/\/www.casavio.com\/dienstleistungen\/inklusivleistungen\/infermeria\/"},"modified":"2020-10-19T15:10:22","modified_gmt":"2020-10-19T13:10:22","slug":"krankenstube","status":"publish","type":"page","link":"https:\/\/www.casavio.com\/de\/dienstleistungen\/inklusivleistungen\/krankenstube\/","title":{"rendered":"Krankenstube"},"content":{"rendered":"<p>Um Ihnen einen angenehmen und sorglosen Aufenthalt zu garantieren, steht Ihnen f\u00fcr kleinere gesundheitliche Probleme unsere freundliche und kompetente Krankenschwester zur Verf\u00fcgung. Sie finden Sie in der <strong>Krankenstube<\/strong> des Campingplatzes, welche sich im Hauptgeb\u00e4ude in der N\u00e4he der Rezeption befindet.<\/p>\n<p>Beruhigt k\u00f6nnen Sie sie auch nur um einen Rat kontaktieren! Sprechen Sie weder Italienisch noch Englisch?<br \/>\nKeine Sorge. Fragen Sie an der <a href=\"https:\/\/www.casavio.com\/de\/dienstleistungen\/inklusivleistungen\/rezeption\/\">Rezeption<\/a> oder dem <a href=\"https:\/\/www.casavio.com\/de\/dienstleistungen\/inklusivleistungen\/customer-care-buero\/\">Customer Care B\u00fcro<\/a>: Unser Personal hilft Ihnen jederzeit gerne weiter.<\/p>\n","protected":false},"excerpt":{"rendered":"<p>Dieser kostenlose Service steht Ihnen im Bedarfsfall zur Verf\u00fcgung, damit Sie sich auch weit weg von Zuhause wohl f\u00fchlen k\u00f6nnen.<\/p>\n","protected":false},"author":3,"featured_media":14613,"parent":8012,"menu_order":39,"comment_status":"closed","ping_status":"closed","template":"","meta":{"_acf_changed":false},"class_list":["post-8039","page","type-page","status-publish","has-post-thumbnail","hentry"],"acf":[],"yoast_head":"<!-- This site is optimized with the Yoast SEO plugin v25.3 - https:\/\/yoast.com\/wordpress\/plugins\/seo\/ -->\n<title>Camping Krankenstube&#8211; Camping Ca&#039; Savio<\/title>\n<meta name=\"description\" content=\"Um unseren G\u00e4sten einen angenehmen und unbeschwerten Aufenthalt zu garantieren, steht Ihnen unsere freundliche und kompetente Krankenschwester f\u00fcr kleinere Gesundheitsprobleme auf der Krankenstation des Campingplatzes im Hauptgeb\u00e4ude neben der Rezeption zur Verf\u00fcgung.\" \/>\n<meta name=\"robots\" content=\"index, follow, max-snippet:-1, max-image-preview:large, max-video-preview:-1\" \/>\n<link rel=\"canonical\" href=\"https:\/\/www.casavio.com\/de\/dienstleistungen\/inklusivleistungen\/krankenstube\/\" \/>\n<meta property=\"og:locale\" content=\"de_DE\" \/>\n<meta property=\"og:type\" content=\"article\" \/>\n<meta property=\"og:title\" content=\"Camping Krankenstube&#8211; Camping Ca&#039; Savio\" \/>\n<meta property=\"og:description\" content=\"Um unseren G\u00e4sten einen angenehmen und unbeschwerten Aufenthalt zu garantieren, steht Ihnen unsere freundliche und kompetente Krankenschwester f\u00fcr kleinere Gesundheitsprobleme auf der Krankenstation des Campingplatzes im Hauptgeb\u00e4ude neben der Rezeption zur Verf\u00fcgung.\" \/>\n<meta property=\"og:url\" content=\"https:\/\/www.casavio.com\/de\/dienstleistungen\/inklusivleistungen\/krankenstube\/\" \/>\n<meta property=\"og:site_name\" content=\"Camping Ca&#039; Savio\" \/>\n<meta property=\"article:publisher\" content=\"https:\/\/www.facebook.com\/campingcasavio\" \/>\n<meta property=\"article:modified_time\" content=\"2020-10-19T13:10:22+00:00\" \/>\n<meta property=\"og:image\" content=\"https:\/\/www.casavio.com\/wp-content\/uploads\/2020\/10\/ca-savio-infermeria-anteprima.jpg\" \/>\n\t<meta property=\"og:image:width\" content=\"440\" \/>\n\t<meta property=\"og:image:height\" content=\"600\" \/>\n\t<meta property=\"og:image:type\" content=\"image\/jpeg\" \/>\n<meta name=\"twitter:card\" content=\"summary_large_image\" \/>\n<script type=\"application\/ld+json\" class=\"yoast-schema-graph\">{\"@context\":\"https:\/\/schema.org\",\"@graph\":[{\"@type\":\"WebPage\",\"@id\":\"https:\/\/www.casavio.com\/de\/dienstleistungen\/inklusivleistungen\/krankenstube\/\",\"url\":\"https:\/\/www.casavio.com\/de\/dienstleistungen\/inklusivleistungen\/krankenstube\/\",\"name\":\"Camping Krankenstube&#8211; Camping Ca&#039; Savio\",\"isPartOf\":{\"@id\":\"https:\/\/www.casavio.com\/de\/#website\"},\"primaryImageOfPage\":{\"@id\":\"https:\/\/www.casavio.com\/de\/dienstleistungen\/inklusivleistungen\/krankenstube\/#primaryimage\"},\"image\":{\"@id\":\"https:\/\/www.casavio.com\/de\/dienstleistungen\/inklusivleistungen\/krankenstube\/#primaryimage\"},\"thumbnailUrl\":\"https:\/\/www.casavio.com\/wp-content\/uploads\/2020\/10\/ca-savio-infermeria-anteprima.jpg\",\"datePublished\":\"2019-11-07T09:50:48+00:00\",\"dateModified\":\"2020-10-19T13:10:22+00:00\",\"description\":\"Um unseren G\u00e4sten einen angenehmen und unbeschwerten Aufenthalt zu garantieren, steht Ihnen unsere freundliche und kompetente Krankenschwester f\u00fcr kleinere Gesundheitsprobleme auf der Krankenstation des Campingplatzes im Hauptgeb\u00e4ude neben der Rezeption zur Verf\u00fcgung.\",\"breadcrumb\":{\"@id\":\"https:\/\/www.casavio.com\/de\/dienstleistungen\/inklusivleistungen\/krankenstube\/#breadcrumb\"},\"inLanguage\":\"de\",\"potentialAction\":[{\"@type\":\"ReadAction\",\"target\":[\"https:\/\/www.casavio.com\/de\/dienstleistungen\/inklusivleistungen\/krankenstube\/\"]}]},{\"@type\":\"ImageObject\",\"inLanguage\":\"de\",\"@id\":\"https:\/\/www.casavio.com\/de\/dienstleistungen\/inklusivleistungen\/krankenstube\/#primaryimage\",\"url\":\"https:\/\/www.casavio.com\/wp-content\/uploads\/2020\/10\/ca-savio-infermeria-anteprima.jpg\",\"contentUrl\":\"https:\/\/www.casavio.com\/wp-content\/uploads\/2020\/10\/ca-savio-infermeria-anteprima.jpg\",\"width\":440,\"height\":600},{\"@type\":\"BreadcrumbList\",\"@id\":\"https:\/\/www.casavio.com\/de\/dienstleistungen\/inklusivleistungen\/krankenstube\/#breadcrumb\",\"itemListElement\":[{\"@type\":\"ListItem\",\"position\":1,\"name\":\"Home\",\"item\":\"https:\/\/www.casavio.com\/de\/\"},{\"@type\":\"ListItem\",\"position\":2,\"name\":\"Dienstleistungen\",\"item\":\"https:\/\/www.casavio.com\/de\/dienstleistungen\/\"},{\"@type\":\"ListItem\",\"position\":3,\"name\":\"Inklusivleistungen\",\"item\":\"https:\/\/www.casavio.com\/de\/dienstleistungen\/inklusivleistungen\/\"},{\"@type\":\"ListItem\",\"position\":4,\"name\":\"Krankenstube\"}]},{\"@type\":\"WebSite\",\"@id\":\"https:\/\/www.casavio.com\/de\/#website\",\"url\":\"https:\/\/www.casavio.com\/de\/\",\"name\":\"Camping Ca&#039; Savio\",\"description\":\"\",\"publisher\":{\"@id\":\"https:\/\/www.casavio.com\/de\/#organization\"},\"potentialAction\":[{\"@type\":\"SearchAction\",\"target\":{\"@type\":\"EntryPoint\",\"urlTemplate\":\"https:\/\/www.casavio.com\/de\/?s={search_term_string}\"},\"query-input\":{\"@type\":\"PropertyValueSpecification\",\"valueRequired\":true,\"valueName\":\"search_term_string\"}}],\"inLanguage\":\"de\"},{\"@type\":\"Organization\",\"@id\":\"https:\/\/www.casavio.com\/de\/#organization\",\"name\":\"Camping Ca'Savio\",\"url\":\"https:\/\/www.casavio.com\/de\/\",\"logo\":{\"@type\":\"ImageObject\",\"inLanguage\":\"de\",\"@id\":\"https:\/\/www.casavio.com\/de\/#\/schema\/logo\/image\/\",\"url\":\"https:\/\/www.casavio.com\/wp-content\/uploads\/2024\/04\/favicon.png\",\"contentUrl\":\"https:\/\/www.casavio.com\/wp-content\/uploads\/2024\/04\/favicon.png\",\"width\":144,\"height\":144,\"caption\":\"Camping Ca'Savio\"},\"image\":{\"@id\":\"https:\/\/www.casavio.com\/de\/#\/schema\/logo\/image\/\"},\"sameAs\":[\"https:\/\/www.facebook.com\/campingcasavio\",\"https:\/\/www.instagram.com\/campingcasavio\",\"https:\/\/www.youtube.com\/user\/campingcasavio\"]}]}<\/script>\n<!-- \/ Yoast SEO plugin. -->","yoast_head_json":{"title":"Camping Krankenstube&#8211; Camping Ca&#039; Savio","description":"Um unseren G\u00e4sten einen angenehmen und unbeschwerten Aufenthalt zu garantieren, steht Ihnen unsere freundliche und kompetente Krankenschwester f\u00fcr kleinere Gesundheitsprobleme auf der Krankenstation des Campingplatzes im Hauptgeb\u00e4ude neben der Rezeption zur Verf\u00fcgung.","robots":{"index":"index","follow":"follow","max-snippet":"max-snippet:-1","max-image-preview":"max-image-preview:large","max-video-preview":"max-video-preview:-1"},"canonical":"https:\/\/www.casavio.com\/de\/dienstleistungen\/inklusivleistungen\/krankenstube\/","og_locale":"de_DE","og_type":"article","og_title":"Camping Krankenstube&#8211; Camping Ca&#039; Savio","og_description":"Um unseren G\u00e4sten einen angenehmen und unbeschwerten Aufenthalt zu garantieren, steht Ihnen unsere freundliche und kompetente Krankenschwester f\u00fcr kleinere Gesundheitsprobleme auf der Krankenstation des Campingplatzes im Hauptgeb\u00e4ude neben der Rezeption zur Verf\u00fcgung.","og_url":"https:\/\/www.casavio.com\/de\/dienstleistungen\/inklusivleistungen\/krankenstube\/","og_site_name":"Camping Ca&#039; Savio","article_publisher":"https:\/\/www.facebook.com\/campingcasavio","article_modified_time":"2020-10-19T13:10:22+00:00","og_image":[{"width":440,"height":600,"url":"https:\/\/www.casavio.com\/wp-content\/uploads\/2020\/10\/ca-savio-infermeria-anteprima.jpg","type":"image\/jpeg"}],"twitter_card":"summary_large_image","schema":{"@context":"https:\/\/schema.org","@graph":[{"@type":"WebPage","@id":"https:\/\/www.casavio.com\/de\/dienstleistungen\/inklusivleistungen\/krankenstube\/","url":"https:\/\/www.casavio.com\/de\/dienstleistungen\/inklusivleistungen\/krankenstube\/","name":"Camping Krankenstube&#8211; Camping Ca&#039; Savio","isPartOf":{"@id":"https:\/\/www.casavio.com\/de\/#website"},"primaryImageOfPage":{"@id":"https:\/\/www.casavio.com\/de\/dienstleistungen\/inklusivleistungen\/krankenstube\/#primaryimage"},"image":{"@id":"https:\/\/www.casavio.com\/de\/dienstleistungen\/inklusivleistungen\/krankenstube\/#primaryimage"},"thumbnailUrl":"https:\/\/www.casavio.com\/wp-content\/uploads\/2020\/10\/ca-savio-infermeria-anteprima.jpg","datePublished":"2019-11-07T09:50:48+00:00","dateModified":"2020-10-19T13:10:22+00:00","description":"Um unseren G\u00e4sten einen angenehmen und unbeschwerten Aufenthalt zu garantieren, steht Ihnen unsere freundliche und kompetente Krankenschwester f\u00fcr kleinere Gesundheitsprobleme auf der Krankenstation des Campingplatzes im Hauptgeb\u00e4ude neben der Rezeption zur Verf\u00fcgung.","breadcrumb":{"@id":"https:\/\/www.casavio.com\/de\/dienstleistungen\/inklusivleistungen\/krankenstube\/#breadcrumb"},"inLanguage":"de","potentialAction":[{"@type":"ReadAction","target":["https:\/\/www.casavio.com\/de\/dienstleistungen\/inklusivleistungen\/krankenstube\/"]}]},{"@type":"ImageObject","inLanguage":"de","@id":"https:\/\/www.casavio.com\/de\/dienstleistungen\/inklusivleistungen\/krankenstube\/#primaryimage","url":"https:\/\/www.casavio.com\/wp-content\/uploads\/2020\/10\/ca-savio-infermeria-anteprima.jpg","contentUrl":"https:\/\/www.casavio.com\/wp-content\/uploads\/2020\/10\/ca-savio-infermeria-anteprima.jpg","width":440,"height":600},{"@type":"BreadcrumbList","@id":"https:\/\/www.casavio.com\/de\/dienstleistungen\/inklusivleistungen\/krankenstube\/#breadcrumb","itemListElement":[{"@type":"ListItem","position":1,"name":"Home","item":"https:\/\/www.casavio.com\/de\/"},{"@type":"ListItem","position":2,"name":"Dienstleistungen","item":"https:\/\/www.casavio.com\/de\/dienstleistungen\/"},{"@type":"ListItem","position":3,"name":"Inklusivleistungen","item":"https:\/\/www.casavio.com\/de\/dienstleistungen\/inklusivleistungen\/"},{"@type":"ListItem","position":4,"name":"Krankenstube"}]},{"@type":"WebSite","@id":"https:\/\/www.casavio.com\/de\/#website","url":"https:\/\/www.casavio.com\/de\/","name":"Camping Ca&#039; Savio","description":"","publisher":{"@id":"https:\/\/www.casavio.com\/de\/#organization"},"potentialAction":[{"@type":"SearchAction","target":{"@type":"EntryPoint","urlTemplate":"https:\/\/www.casavio.com\/de\/?s={search_term_string}"},"query-input":{"@type":"PropertyValueSpecification","valueRequired":true,"valueName":"search_term_string"}}],"inLanguage":"de"},{"@type":"Organization","@id":"https:\/\/www.casavio.com\/de\/#organization","name":"Camping Ca'Savio","url":"https:\/\/www.casavio.com\/de\/","logo":{"@type":"ImageObject","inLanguage":"de","@id":"https:\/\/www.casavio.com\/de\/#\/schema\/logo\/image\/","url":"https:\/\/www.casavio.com\/wp-content\/uploads\/2024\/04\/favicon.png","contentUrl":"https:\/\/www.casavio.com\/wp-content\/uploads\/2024\/04\/favicon.png","width":144,"height":144,"caption":"Camping Ca'Savio"},"image":{"@id":"https:\/\/www.casavio.com\/de\/#\/schema\/logo\/image\/"},"sameAs":["https:\/\/www.facebook.com\/campingcasavio","https:\/\/www.instagram.com\/campingcasavio","https:\/\/www.youtube.com\/user\/campingcasavio"]}]}},"_links":{"self":[{"href":"https:\/\/www.casavio.com\/de\/wp-json\/wp\/v2\/pages\/8039","targetHints":{"allow":["GET"]}}],"collection":[{"href":"https:\/\/www.casavio.com\/de\/wp-json\/wp\/v2\/pages"}],"about":[{"href":"https:\/\/www.casavio.com\/de\/wp-json\/wp\/v2\/types\/page"}],"author":[{"embeddable":true,"href":"https:\/\/www.casavio.com\/de\/wp-json\/wp\/v2\/users\/3"}],"replies":[{"embeddable":true,"href":"https:\/\/www.casavio.com\/de\/wp-json\/wp\/v2\/comments?post=8039"}],"version-history":[{"count":2,"href":"https:\/\/www.casavio.com\/de\/wp-json\/wp\/v2\/pages\/8039\/revisions"}],"predecessor-version":[{"id":14661,"href":"https:\/\/www.casavio.com\/de\/wp-json\/wp\/v2\/pages\/8039\/revisions\/14661"}],"up":[{"embeddable":true,"href":"https:\/\/www.casavio.com\/de\/wp-json\/wp\/v2\/pages\/8012"}],"wp:featuredmedia":[{"embeddable":true,"href":"https:\/\/www.casavio.com\/de\/wp-json\/wp\/v2\/media\/14613"}],"wp:attachment":[{"href":"https:\/\/www.casavio.com\/de\/wp-json\/wp\/v2\/media?parent=8039"}],"curies":[{"name":"wp","href":"https:\/\/api.w.org\/{rel}","templated":true}]}}