{"id":8046,"date":"2019-11-28T17:10:30","date_gmt":"2019-11-28T16:10:30","guid":{"rendered":"https:\/\/www.casavio.com\/dienstleistungen\/zusatzleistungen\/transfer-aeroporto\/"},"modified":"2026-01-28T11:56:21","modified_gmt":"2026-01-28T10:56:21","slug":"flughafentransfer","status":"publish","type":"page","link":"https:\/\/www.casavio.com\/de\/dienstleistungen\/zusatzleistungen\/flughafentransfer\/","title":{"rendered":"Flughafentransfer (Venedig und Treviso)"},"content":{"rendered":"<p>F\u00fcr die G\u00e4ste unseres Campingplatzes gelten Sonderpreise.<\/p>\n<p><strong>Marco Polo-Flughafen (Venedig)- Camping Ca&#8217;Savio<\/strong>, oder Camping Ca&#8217;Savio &#8211; Marco Polo-Flughafen:<\/p>\n<ul>\n<li>Taxi bis zu 4 Personen \u20ac 105,00<\/li>\n<li>Taxi f\u00fcr 5 Personen \u20ac 110,00<\/li>\n<li>Taxi f\u00fcr 6 Personen \u20ac 115,00<\/li>\n<li>Taxi f\u00fcr 7 Personen \u20ac 120,00<\/li>\n<li>Taxi f\u00fcr 8 Personen \u20ac 125,00.<\/li>\n<\/ul>\n<p><strong>Treviso Flughafen<\/strong><strong> &#8211; Camping Ca&#8217;Savio<\/strong>, oder Camping Ca\u2019Savio &#8211; Treviso Flughafen:<\/p>\n<ul>\n<li>Taxi bis zu 4 Personen \u20ac 120,00<\/li>\n<li>Taxi f\u00fcr 5 Personen \u20ac 125,00<\/li>\n<li>Taxi f\u00fcr 6 Personen \u20ac 130,00<\/li>\n<li>Taxi f\u00fcr 7 Personen \u20ac 135,00<\/li>\n<li>Taxi f\u00fcr 8 Personen \u20ac 140,00.<\/li>\n<\/ul>\n<p>Kindersitze <a href=\"https:\/\/reservierung.casavio.com\/contact\" target=\"_blank\" rel=\"noopener noreferrer\">auf Anfrage<\/a>.<\/p>\n<p>Transfer von 22.00 Uhr bis 7.00 Uhr, Sonn- und Feiertage: 20% Aufschlag.<br \/>\n1 Gep\u00e4ck pro Person ist im Preis inbegriffen. Zus\u00e4tzliches Gep\u00e4ck: 3\u20ac.<\/p>\n<p>Der Taxifahrer wartet bei der Ankunft auf Sie.<br \/>\nDie Bezahlung erfolgt vor Ort direkt beim Taxifahrer.<\/p>\n<p>Die Dienstleistung muss mindestens 3 Tage vor Ihrer Ankunft am Flughafen <strong>gebucht<\/strong> werden. Wir beantworten Ihre Anfrage innerhalb von 48 Stunden (au\u00dfer am Wochenende w\u00e4hrend der Wintermonate: Oktober-April).<\/p>\n","protected":false},"excerpt":{"rendered":"<p>Sonderpreise f\u00fcr Taxi Service vom\/zum Flughafen &#8222;Marco Polo&#8220; (Venedig) oder Flughafen &#8222;Canova&#8220; (Treviso).<\/p>\n","protected":false},"author":3,"featured_media":5342,"parent":8042,"menu_order":10,"comment_status":"closed","ping_status":"closed","template":"templates\/tpl-taxi-transfer.php","meta":{"_acf_changed":false},"class_list":["post-8046","page","type-page","status-publish","has-post-thumbnail","hentry"],"acf":[],"yoast_head":"<!-- This site is optimized with the Yoast SEO plugin v25.3 - https:\/\/yoast.com\/wordpress\/plugins\/seo\/ -->\n<title>Flughafentransfer zu Sonderkonditionen &#8211; Camping Ca&#039; Savio<\/title>\n<meta name=\"description\" content=\"Verlieren Sie nicht die f\u00fcr Sie reservierten Tarife f\u00fcr den Transfer zum und vom Flughafen von Venedig oder Treviso. Entdecken Sie die Dienstleistungen, die mit dem Campingplatz Ca &#039;Savio in Cavallino Treporti verbunden sind.\" \/>\n<meta name=\"robots\" content=\"index, follow, max-snippet:-1, max-image-preview:large, max-video-preview:-1\" \/>\n<link rel=\"canonical\" href=\"https:\/\/www.casavio.com\/de\/dienstleistungen\/zusatzleistungen\/flughafentransfer\/\" \/>\n<meta property=\"og:locale\" content=\"de_DE\" \/>\n<meta property=\"og:type\" content=\"article\" \/>\n<meta property=\"og:title\" content=\"Flughafentransfer zu Sonderkonditionen &#8211; Camping Ca&#039; Savio\" \/>\n<meta property=\"og:description\" content=\"Verlieren Sie nicht die f\u00fcr Sie reservierten Tarife f\u00fcr den Transfer zum und vom Flughafen von Venedig oder Treviso. Entdecken Sie die Dienstleistungen, die mit dem Campingplatz Ca &#039;Savio in Cavallino Treporti verbunden sind.\" \/>\n<meta property=\"og:url\" content=\"https:\/\/www.casavio.com\/de\/dienstleistungen\/zusatzleistungen\/flughafentransfer\/\" \/>\n<meta property=\"og:site_name\" content=\"Camping Ca&#039; Savio\" \/>\n<meta property=\"article:publisher\" content=\"https:\/\/www.facebook.com\/campingcasavio\" \/>\n<meta property=\"article:modified_time\" content=\"2026-01-28T10:56:21+00:00\" \/>\n<meta property=\"og:image\" content=\"https:\/\/www.casavio.com\/wp-content\/uploads\/2019\/11\/ca-savio-transfer-aeroporto.jpg\" \/>\n\t<meta property=\"og:image:width\" content=\"440\" \/>\n\t<meta property=\"og:image:height\" content=\"600\" \/>\n\t<meta property=\"og:image:type\" content=\"image\/jpeg\" \/>\n<meta name=\"twitter:card\" content=\"summary_large_image\" \/>\n<meta name=\"twitter:label1\" content=\"Gesch\u00e4tzte Lesezeit\" \/>\n\t<meta name=\"twitter:data1\" content=\"2\u00a0Minuten\" \/>\n<script type=\"application\/ld+json\" class=\"yoast-schema-graph\">{\"@context\":\"https:\/\/schema.org\",\"@graph\":[{\"@type\":\"WebPage\",\"@id\":\"https:\/\/www.casavio.com\/de\/dienstleistungen\/zusatzleistungen\/flughafentransfer\/\",\"url\":\"https:\/\/www.casavio.com\/de\/dienstleistungen\/zusatzleistungen\/flughafentransfer\/\",\"name\":\"Flughafentransfer zu Sonderkonditionen &#8211; Camping Ca&#039; Savio\",\"isPartOf\":{\"@id\":\"https:\/\/www.casavio.com\/de\/#website\"},\"primaryImageOfPage\":{\"@id\":\"https:\/\/www.casavio.com\/de\/dienstleistungen\/zusatzleistungen\/flughafentransfer\/#primaryimage\"},\"image\":{\"@id\":\"https:\/\/www.casavio.com\/de\/dienstleistungen\/zusatzleistungen\/flughafentransfer\/#primaryimage\"},\"thumbnailUrl\":\"https:\/\/www.casavio.com\/wp-content\/uploads\/2019\/11\/ca-savio-transfer-aeroporto.jpg\",\"datePublished\":\"2019-11-28T16:10:30+00:00\",\"dateModified\":\"2026-01-28T10:56:21+00:00\",\"description\":\"Verlieren Sie nicht die f\u00fcr Sie reservierten Tarife f\u00fcr den Transfer zum und vom Flughafen von Venedig oder Treviso. Entdecken Sie die Dienstleistungen, die mit dem Campingplatz Ca 'Savio in Cavallino Treporti verbunden sind.\",\"breadcrumb\":{\"@id\":\"https:\/\/www.casavio.com\/de\/dienstleistungen\/zusatzleistungen\/flughafentransfer\/#breadcrumb\"},\"inLanguage\":\"de\",\"potentialAction\":[{\"@type\":\"ReadAction\",\"target\":[\"https:\/\/www.casavio.com\/de\/dienstleistungen\/zusatzleistungen\/flughafentransfer\/\"]}]},{\"@type\":\"ImageObject\",\"inLanguage\":\"de\",\"@id\":\"https:\/\/www.casavio.com\/de\/dienstleistungen\/zusatzleistungen\/flughafentransfer\/#primaryimage\",\"url\":\"https:\/\/www.casavio.com\/wp-content\/uploads\/2019\/11\/ca-savio-transfer-aeroporto.jpg\",\"contentUrl\":\"https:\/\/www.casavio.com\/wp-content\/uploads\/2019\/11\/ca-savio-transfer-aeroporto.jpg\",\"width\":440,\"height\":600},{\"@type\":\"BreadcrumbList\",\"@id\":\"https:\/\/www.casavio.com\/de\/dienstleistungen\/zusatzleistungen\/flughafentransfer\/#breadcrumb\",\"itemListElement\":[{\"@type\":\"ListItem\",\"position\":1,\"name\":\"Home\",\"item\":\"https:\/\/www.casavio.com\/de\/\"},{\"@type\":\"ListItem\",\"position\":2,\"name\":\"Dienstleistungen\",\"item\":\"https:\/\/www.casavio.com\/de\/dienstleistungen\/\"},{\"@type\":\"ListItem\",\"position\":3,\"name\":\"Zusatzleistungen\",\"item\":\"https:\/\/www.casavio.com\/de\/dienstleistungen\/zusatzleistungen\/\"},{\"@type\":\"ListItem\",\"position\":4,\"name\":\"Flughafentransfer (Venedig und Treviso)\"}]},{\"@type\":\"WebSite\",\"@id\":\"https:\/\/www.casavio.com\/de\/#website\",\"url\":\"https:\/\/www.casavio.com\/de\/\",\"name\":\"Camping Ca&#039; Savio\",\"description\":\"\",\"publisher\":{\"@id\":\"https:\/\/www.casavio.com\/de\/#organization\"},\"potentialAction\":[{\"@type\":\"SearchAction\",\"target\":{\"@type\":\"EntryPoint\",\"urlTemplate\":\"https:\/\/www.casavio.com\/de\/?s={search_term_string}\"},\"query-input\":{\"@type\":\"PropertyValueSpecification\",\"valueRequired\":true,\"valueName\":\"search_term_string\"}}],\"inLanguage\":\"de\"},{\"@type\":\"Organization\",\"@id\":\"https:\/\/www.casavio.com\/de\/#organization\",\"name\":\"Camping Ca'Savio\",\"url\":\"https:\/\/www.casavio.com\/de\/\",\"logo\":{\"@type\":\"ImageObject\",\"inLanguage\":\"de\",\"@id\":\"https:\/\/www.casavio.com\/de\/#\/schema\/logo\/image\/\",\"url\":\"https:\/\/www.casavio.com\/wp-content\/uploads\/2024\/04\/favicon.png\",\"contentUrl\":\"https:\/\/www.casavio.com\/wp-content\/uploads\/2024\/04\/favicon.png\",\"width\":144,\"height\":144,\"caption\":\"Camping Ca'Savio\"},\"image\":{\"@id\":\"https:\/\/www.casavio.com\/de\/#\/schema\/logo\/image\/\"},\"sameAs\":[\"https:\/\/www.facebook.com\/campingcasavio\",\"https:\/\/www.instagram.com\/campingcasavio\",\"https:\/\/www.youtube.com\/user\/campingcasavio\"]}]}<\/script>\n<!-- \/ Yoast SEO plugin. -->","yoast_head_json":{"title":"Flughafentransfer zu Sonderkonditionen &#8211; Camping Ca&#039; Savio","description":"Verlieren Sie nicht die f\u00fcr Sie reservierten Tarife f\u00fcr den Transfer zum und vom Flughafen von Venedig oder Treviso. Entdecken Sie die Dienstleistungen, die mit dem Campingplatz Ca 'Savio in Cavallino Treporti verbunden sind.","robots":{"index":"index","follow":"follow","max-snippet":"max-snippet:-1","max-image-preview":"max-image-preview:large","max-video-preview":"max-video-preview:-1"},"canonical":"https:\/\/www.casavio.com\/de\/dienstleistungen\/zusatzleistungen\/flughafentransfer\/","og_locale":"de_DE","og_type":"article","og_title":"Flughafentransfer zu Sonderkonditionen &#8211; Camping Ca&#039; Savio","og_description":"Verlieren Sie nicht die f\u00fcr Sie reservierten Tarife f\u00fcr den Transfer zum und vom Flughafen von Venedig oder Treviso. Entdecken Sie die Dienstleistungen, die mit dem Campingplatz Ca 'Savio in Cavallino Treporti verbunden sind.","og_url":"https:\/\/www.casavio.com\/de\/dienstleistungen\/zusatzleistungen\/flughafentransfer\/","og_site_name":"Camping Ca&#039; Savio","article_publisher":"https:\/\/www.facebook.com\/campingcasavio","article_modified_time":"2026-01-28T10:56:21+00:00","og_image":[{"width":440,"height":600,"url":"https:\/\/www.casavio.com\/wp-content\/uploads\/2019\/11\/ca-savio-transfer-aeroporto.jpg","type":"image\/jpeg"}],"twitter_card":"summary_large_image","twitter_misc":{"Gesch\u00e4tzte Lesezeit":"2\u00a0Minuten"},"schema":{"@context":"https:\/\/schema.org","@graph":[{"@type":"WebPage","@id":"https:\/\/www.casavio.com\/de\/dienstleistungen\/zusatzleistungen\/flughafentransfer\/","url":"https:\/\/www.casavio.com\/de\/dienstleistungen\/zusatzleistungen\/flughafentransfer\/","name":"Flughafentransfer zu Sonderkonditionen &#8211; Camping Ca&#039; Savio","isPartOf":{"@id":"https:\/\/www.casavio.com\/de\/#website"},"primaryImageOfPage":{"@id":"https:\/\/www.casavio.com\/de\/dienstleistungen\/zusatzleistungen\/flughafentransfer\/#primaryimage"},"image":{"@id":"https:\/\/www.casavio.com\/de\/dienstleistungen\/zusatzleistungen\/flughafentransfer\/#primaryimage"},"thumbnailUrl":"https:\/\/www.casavio.com\/wp-content\/uploads\/2019\/11\/ca-savio-transfer-aeroporto.jpg","datePublished":"2019-11-28T16:10:30+00:00","dateModified":"2026-01-28T10:56:21+00:00","description":"Verlieren Sie nicht die f\u00fcr Sie reservierten Tarife f\u00fcr den Transfer zum und vom Flughafen von Venedig oder Treviso. Entdecken Sie die Dienstleistungen, die mit dem Campingplatz Ca 'Savio in Cavallino Treporti verbunden sind.","breadcrumb":{"@id":"https:\/\/www.casavio.com\/de\/dienstleistungen\/zusatzleistungen\/flughafentransfer\/#breadcrumb"},"inLanguage":"de","potentialAction":[{"@type":"ReadAction","target":["https:\/\/www.casavio.com\/de\/dienstleistungen\/zusatzleistungen\/flughafentransfer\/"]}]},{"@type":"ImageObject","inLanguage":"de","@id":"https:\/\/www.casavio.com\/de\/dienstleistungen\/zusatzleistungen\/flughafentransfer\/#primaryimage","url":"https:\/\/www.casavio.com\/wp-content\/uploads\/2019\/11\/ca-savio-transfer-aeroporto.jpg","contentUrl":"https:\/\/www.casavio.com\/wp-content\/uploads\/2019\/11\/ca-savio-transfer-aeroporto.jpg","width":440,"height":600},{"@type":"BreadcrumbList","@id":"https:\/\/www.casavio.com\/de\/dienstleistungen\/zusatzleistungen\/flughafentransfer\/#breadcrumb","itemListElement":[{"@type":"ListItem","position":1,"name":"Home","item":"https:\/\/www.casavio.com\/de\/"},{"@type":"ListItem","position":2,"name":"Dienstleistungen","item":"https:\/\/www.casavio.com\/de\/dienstleistungen\/"},{"@type":"ListItem","position":3,"name":"Zusatzleistungen","item":"https:\/\/www.casavio.com\/de\/dienstleistungen\/zusatzleistungen\/"},{"@type":"ListItem","position":4,"name":"Flughafentransfer (Venedig und Treviso)"}]},{"@type":"WebSite","@id":"https:\/\/www.casavio.com\/de\/#website","url":"https:\/\/www.casavio.com\/de\/","name":"Camping Ca&#039; Savio","description":"","publisher":{"@id":"https:\/\/www.casavio.com\/de\/#organization"},"potentialAction":[{"@type":"SearchAction","target":{"@type":"EntryPoint","urlTemplate":"https:\/\/www.casavio.com\/de\/?s={search_term_string}"},"query-input":{"@type":"PropertyValueSpecification","valueRequired":true,"valueName":"search_term_string"}}],"inLanguage":"de"},{"@type":"Organization","@id":"https:\/\/www.casavio.com\/de\/#organization","name":"Camping Ca'Savio","url":"https:\/\/www.casavio.com\/de\/","logo":{"@type":"ImageObject","inLanguage":"de","@id":"https:\/\/www.casavio.com\/de\/#\/schema\/logo\/image\/","url":"https:\/\/www.casavio.com\/wp-content\/uploads\/2024\/04\/favicon.png","contentUrl":"https:\/\/www.casavio.com\/wp-content\/uploads\/2024\/04\/favicon.png","width":144,"height":144,"caption":"Camping Ca'Savio"},"image":{"@id":"https:\/\/www.casavio.com\/de\/#\/schema\/logo\/image\/"},"sameAs":["https:\/\/www.facebook.com\/campingcasavio","https:\/\/www.instagram.com\/campingcasavio","https:\/\/www.youtube.com\/user\/campingcasavio"]}]}},"_links":{"self":[{"href":"https:\/\/www.casavio.com\/de\/wp-json\/wp\/v2\/pages\/8046","targetHints":{"allow":["GET"]}}],"collection":[{"href":"https:\/\/www.casavio.com\/de\/wp-json\/wp\/v2\/pages"}],"about":[{"href":"https:\/\/www.casavio.com\/de\/wp-json\/wp\/v2\/types\/page"}],"author":[{"embeddable":true,"href":"https:\/\/www.casavio.com\/de\/wp-json\/wp\/v2\/users\/3"}],"replies":[{"embeddable":true,"href":"https:\/\/www.casavio.com\/de\/wp-json\/wp\/v2\/comments?post=8046"}],"version-history":[{"count":2,"href":"https:\/\/www.casavio.com\/de\/wp-json\/wp\/v2\/pages\/8046\/revisions"}],"predecessor-version":[{"id":45614,"href":"https:\/\/www.casavio.com\/de\/wp-json\/wp\/v2\/pages\/8046\/revisions\/45614"}],"up":[{"embeddable":true,"href":"https:\/\/www.casavio.com\/de\/wp-json\/wp\/v2\/pages\/8042"}],"wp:featuredmedia":[{"embeddable":true,"href":"https:\/\/www.casavio.com\/de\/wp-json\/wp\/v2\/media\/5342"}],"wp:attachment":[{"href":"https:\/\/www.casavio.com\/de\/wp-json\/wp\/v2\/media?parent=8046"}],"curies":[{"name":"wp","href":"https:\/\/api.w.org\/{rel}","templated":true}]}}