{"id":8055,"date":"2019-11-07T10:51:15","date_gmt":"2019-11-07T09:51:15","guid":{"rendered":"https:\/\/www.casavio.com\/dienstleistungen\/zusatzleistungen\/noleggio-biciclette\/"},"modified":"2025-12-09T11:42:39","modified_gmt":"2025-12-09T10:42:39","slug":"fahrradverleih","status":"publish","type":"page","link":"https:\/\/www.casavio.com\/de\/dienstleistungen\/zusatzleistungen\/fahrradverleih\/","title":{"rendered":"Fahrradverleih"},"content":{"rendered":"<p>Der Verleih von Fahrr\u00e4dern f\u00fcr <strong>Erwachsene<\/strong> (\u201cHolland\u201d Typ in verschiedenen Gr\u00f6ssen) und f\u00fcr <strong>Kinder<\/strong> ist t\u00e4glich <strong>von 9.00 Uhr bis 13.00<\/strong> <strong>Uhr <\/strong>und <strong>von 16.00 Uhr bis 18.45<\/strong> <strong>Uhr <\/strong>verf\u00fcgbar (von Pfingsten bis Mitte September).<\/p>\n<p>Die Mindestmietdauer betr\u00e4gt 24 Stunden.<\/p>\n<p><strong>Mietpreise f\u00fcr Fahrr\u00e4der:<\/strong><\/p>\n<p><strong>Erwachsene<\/strong><\/p>\n<ul>\n<li>\u00a01 Tag: 10 \u20ac<\/li>\n<li>\u00a02 Tage: 17 \u20ac<\/li>\n<li>\u00a03 Tage: 23 \u20ac<\/li>\n<li>\u00a07 Tage: 36 \u20ac.<\/li>\n<\/ul>\n<p><strong>Kinder* <\/strong><\/p>\n<ul>\n<li>\u00a01 Tag: 9 \u20ac<\/li>\n<li>\u00a02 Tage: 14 \u20ac<\/li>\n<li>\u00a03 Tage: 17 \u20ac<\/li>\n<li>\u00a07 Tage: 29 \u20ac.<\/li>\n<\/ul>\n<p>* Kopfschutz und Kindersitz k\u00f6nnen kostenlos ausgeliehen werden (je nach Verf\u00fcgbarkeit).<\/p>\n<p><strong>Balance bike<\/strong>: 5 \u20ac pro Tag + 50 \u20ac Kaution.<\/p>\n<p><strong>Holzbollerwagen<\/strong>: 5 \u20ac pro Tag + 50 \u20ac Kaution.<strong><br \/>\n<\/strong>L\u00e4nge: 70 cm<br \/>\nGr\u00f6sse: 850 x 550 x 530 mm<br \/>\nReifen: \u00d8 250 x 85 mm.<\/p>\n","protected":false},"excerpt":{"rendered":"<p>Verleih von Fahrr\u00e4dern f\u00fcr Erwachsene und f\u00fcr Kinder und Verleih von Holzbollerwagen.<\/p>\n","protected":false},"author":3,"featured_media":14500,"parent":8042,"menu_order":3,"comment_status":"closed","ping_status":"closed","template":"","meta":{"_acf_changed":false},"class_list":["post-8055","page","type-page","status-publish","has-post-thumbnail","hentry"],"acf":[],"yoast_head":"<!-- This site is optimized with the Yoast SEO plugin v25.3 - https:\/\/yoast.com\/wordpress\/plugins\/seo\/ -->\n<title>Fahrradverleih Campingplatz Cavallino Treporti &#8211; Camping Ca&#039; Savio<\/title>\n<meta name=\"description\" content=\"Nutzen Sie den Fahrradverleih in Cavallino Treporti vom Campingplatz Ca&#039;Savio. Erreichen Sie den Strand bequem und bewegen Sie sich bequem auf dem Campingplatz!\" \/>\n<meta name=\"robots\" content=\"index, follow, max-snippet:-1, max-image-preview:large, max-video-preview:-1\" \/>\n<link rel=\"canonical\" href=\"https:\/\/www.casavio.com\/de\/dienstleistungen\/zusatzleistungen\/fahrradverleih\/\" \/>\n<meta property=\"og:locale\" content=\"de_DE\" \/>\n<meta property=\"og:type\" content=\"article\" \/>\n<meta property=\"og:title\" content=\"Fahrradverleih Campingplatz Cavallino Treporti &#8211; Camping Ca&#039; Savio\" \/>\n<meta property=\"og:description\" content=\"Nutzen Sie den Fahrradverleih in Cavallino Treporti vom Campingplatz Ca&#039;Savio. Erreichen Sie den Strand bequem und bewegen Sie sich bequem auf dem Campingplatz!\" \/>\n<meta property=\"og:url\" content=\"https:\/\/www.casavio.com\/de\/dienstleistungen\/zusatzleistungen\/fahrradverleih\/\" \/>\n<meta property=\"og:site_name\" content=\"Camping Ca&#039; Savio\" \/>\n<meta property=\"article:publisher\" content=\"https:\/\/www.facebook.com\/campingcasavio\" \/>\n<meta property=\"article:modified_time\" content=\"2025-12-09T10:42:39+00:00\" \/>\n<meta property=\"og:image\" content=\"https:\/\/www.casavio.com\/wp-content\/uploads\/2020\/10\/ca-savio-noleggio-biciclette-1.jpg\" \/>\n\t<meta property=\"og:image:width\" content=\"440\" \/>\n\t<meta property=\"og:image:height\" content=\"600\" \/>\n\t<meta property=\"og:image:type\" content=\"image\/jpeg\" \/>\n<meta name=\"twitter:card\" content=\"summary_large_image\" \/>\n<meta name=\"twitter:label1\" content=\"Gesch\u00e4tzte Lesezeit\" \/>\n\t<meta name=\"twitter:data1\" content=\"1\u00a0Minute\" \/>\n<script type=\"application\/ld+json\" class=\"yoast-schema-graph\">{\"@context\":\"https:\/\/schema.org\",\"@graph\":[{\"@type\":\"WebPage\",\"@id\":\"https:\/\/www.casavio.com\/de\/dienstleistungen\/zusatzleistungen\/fahrradverleih\/\",\"url\":\"https:\/\/www.casavio.com\/de\/dienstleistungen\/zusatzleistungen\/fahrradverleih\/\",\"name\":\"Fahrradverleih Campingplatz Cavallino Treporti &#8211; Camping Ca&#039; Savio\",\"isPartOf\":{\"@id\":\"https:\/\/www.casavio.com\/de\/#website\"},\"primaryImageOfPage\":{\"@id\":\"https:\/\/www.casavio.com\/de\/dienstleistungen\/zusatzleistungen\/fahrradverleih\/#primaryimage\"},\"image\":{\"@id\":\"https:\/\/www.casavio.com\/de\/dienstleistungen\/zusatzleistungen\/fahrradverleih\/#primaryimage\"},\"thumbnailUrl\":\"https:\/\/www.casavio.com\/wp-content\/uploads\/2020\/10\/ca-savio-noleggio-biciclette-1.jpg\",\"datePublished\":\"2019-11-07T09:51:15+00:00\",\"dateModified\":\"2025-12-09T10:42:39+00:00\",\"description\":\"Nutzen Sie den Fahrradverleih in Cavallino Treporti vom Campingplatz Ca'Savio. Erreichen Sie den Strand bequem und bewegen Sie sich bequem auf dem Campingplatz!\",\"breadcrumb\":{\"@id\":\"https:\/\/www.casavio.com\/de\/dienstleistungen\/zusatzleistungen\/fahrradverleih\/#breadcrumb\"},\"inLanguage\":\"de\",\"potentialAction\":[{\"@type\":\"ReadAction\",\"target\":[\"https:\/\/www.casavio.com\/de\/dienstleistungen\/zusatzleistungen\/fahrradverleih\/\"]}]},{\"@type\":\"ImageObject\",\"inLanguage\":\"de\",\"@id\":\"https:\/\/www.casavio.com\/de\/dienstleistungen\/zusatzleistungen\/fahrradverleih\/#primaryimage\",\"url\":\"https:\/\/www.casavio.com\/wp-content\/uploads\/2020\/10\/ca-savio-noleggio-biciclette-1.jpg\",\"contentUrl\":\"https:\/\/www.casavio.com\/wp-content\/uploads\/2020\/10\/ca-savio-noleggio-biciclette-1.jpg\",\"width\":440,\"height\":600},{\"@type\":\"BreadcrumbList\",\"@id\":\"https:\/\/www.casavio.com\/de\/dienstleistungen\/zusatzleistungen\/fahrradverleih\/#breadcrumb\",\"itemListElement\":[{\"@type\":\"ListItem\",\"position\":1,\"name\":\"Home\",\"item\":\"https:\/\/www.casavio.com\/de\/\"},{\"@type\":\"ListItem\",\"position\":2,\"name\":\"Dienstleistungen\",\"item\":\"https:\/\/www.casavio.com\/de\/dienstleistungen\/\"},{\"@type\":\"ListItem\",\"position\":3,\"name\":\"Zusatzleistungen\",\"item\":\"https:\/\/www.casavio.com\/de\/dienstleistungen\/zusatzleistungen\/\"},{\"@type\":\"ListItem\",\"position\":4,\"name\":\"Fahrradverleih\"}]},{\"@type\":\"WebSite\",\"@id\":\"https:\/\/www.casavio.com\/de\/#website\",\"url\":\"https:\/\/www.casavio.com\/de\/\",\"name\":\"Camping Ca&#039; Savio\",\"description\":\"\",\"publisher\":{\"@id\":\"https:\/\/www.casavio.com\/de\/#organization\"},\"potentialAction\":[{\"@type\":\"SearchAction\",\"target\":{\"@type\":\"EntryPoint\",\"urlTemplate\":\"https:\/\/www.casavio.com\/de\/?s={search_term_string}\"},\"query-input\":{\"@type\":\"PropertyValueSpecification\",\"valueRequired\":true,\"valueName\":\"search_term_string\"}}],\"inLanguage\":\"de\"},{\"@type\":\"Organization\",\"@id\":\"https:\/\/www.casavio.com\/de\/#organization\",\"name\":\"Camping Ca'Savio\",\"url\":\"https:\/\/www.casavio.com\/de\/\",\"logo\":{\"@type\":\"ImageObject\",\"inLanguage\":\"de\",\"@id\":\"https:\/\/www.casavio.com\/de\/#\/schema\/logo\/image\/\",\"url\":\"https:\/\/www.casavio.com\/wp-content\/uploads\/2024\/04\/favicon.png\",\"contentUrl\":\"https:\/\/www.casavio.com\/wp-content\/uploads\/2024\/04\/favicon.png\",\"width\":144,\"height\":144,\"caption\":\"Camping Ca'Savio\"},\"image\":{\"@id\":\"https:\/\/www.casavio.com\/de\/#\/schema\/logo\/image\/\"},\"sameAs\":[\"https:\/\/www.facebook.com\/campingcasavio\",\"https:\/\/www.instagram.com\/campingcasavio\",\"https:\/\/www.youtube.com\/user\/campingcasavio\"]}]}<\/script>\n<!-- \/ Yoast SEO plugin. -->","yoast_head_json":{"title":"Fahrradverleih Campingplatz Cavallino Treporti &#8211; Camping Ca&#039; Savio","description":"Nutzen Sie den Fahrradverleih in Cavallino Treporti vom Campingplatz Ca'Savio. Erreichen Sie den Strand bequem und bewegen Sie sich bequem auf dem Campingplatz!","robots":{"index":"index","follow":"follow","max-snippet":"max-snippet:-1","max-image-preview":"max-image-preview:large","max-video-preview":"max-video-preview:-1"},"canonical":"https:\/\/www.casavio.com\/de\/dienstleistungen\/zusatzleistungen\/fahrradverleih\/","og_locale":"de_DE","og_type":"article","og_title":"Fahrradverleih Campingplatz Cavallino Treporti &#8211; Camping Ca&#039; Savio","og_description":"Nutzen Sie den Fahrradverleih in Cavallino Treporti vom Campingplatz Ca'Savio. Erreichen Sie den Strand bequem und bewegen Sie sich bequem auf dem Campingplatz!","og_url":"https:\/\/www.casavio.com\/de\/dienstleistungen\/zusatzleistungen\/fahrradverleih\/","og_site_name":"Camping Ca&#039; Savio","article_publisher":"https:\/\/www.facebook.com\/campingcasavio","article_modified_time":"2025-12-09T10:42:39+00:00","og_image":[{"width":440,"height":600,"url":"https:\/\/www.casavio.com\/wp-content\/uploads\/2020\/10\/ca-savio-noleggio-biciclette-1.jpg","type":"image\/jpeg"}],"twitter_card":"summary_large_image","twitter_misc":{"Gesch\u00e4tzte Lesezeit":"1\u00a0Minute"},"schema":{"@context":"https:\/\/schema.org","@graph":[{"@type":"WebPage","@id":"https:\/\/www.casavio.com\/de\/dienstleistungen\/zusatzleistungen\/fahrradverleih\/","url":"https:\/\/www.casavio.com\/de\/dienstleistungen\/zusatzleistungen\/fahrradverleih\/","name":"Fahrradverleih Campingplatz Cavallino Treporti &#8211; Camping Ca&#039; Savio","isPartOf":{"@id":"https:\/\/www.casavio.com\/de\/#website"},"primaryImageOfPage":{"@id":"https:\/\/www.casavio.com\/de\/dienstleistungen\/zusatzleistungen\/fahrradverleih\/#primaryimage"},"image":{"@id":"https:\/\/www.casavio.com\/de\/dienstleistungen\/zusatzleistungen\/fahrradverleih\/#primaryimage"},"thumbnailUrl":"https:\/\/www.casavio.com\/wp-content\/uploads\/2020\/10\/ca-savio-noleggio-biciclette-1.jpg","datePublished":"2019-11-07T09:51:15+00:00","dateModified":"2025-12-09T10:42:39+00:00","description":"Nutzen Sie den Fahrradverleih in Cavallino Treporti vom Campingplatz Ca'Savio. Erreichen Sie den Strand bequem und bewegen Sie sich bequem auf dem Campingplatz!","breadcrumb":{"@id":"https:\/\/www.casavio.com\/de\/dienstleistungen\/zusatzleistungen\/fahrradverleih\/#breadcrumb"},"inLanguage":"de","potentialAction":[{"@type":"ReadAction","target":["https:\/\/www.casavio.com\/de\/dienstleistungen\/zusatzleistungen\/fahrradverleih\/"]}]},{"@type":"ImageObject","inLanguage":"de","@id":"https:\/\/www.casavio.com\/de\/dienstleistungen\/zusatzleistungen\/fahrradverleih\/#primaryimage","url":"https:\/\/www.casavio.com\/wp-content\/uploads\/2020\/10\/ca-savio-noleggio-biciclette-1.jpg","contentUrl":"https:\/\/www.casavio.com\/wp-content\/uploads\/2020\/10\/ca-savio-noleggio-biciclette-1.jpg","width":440,"height":600},{"@type":"BreadcrumbList","@id":"https:\/\/www.casavio.com\/de\/dienstleistungen\/zusatzleistungen\/fahrradverleih\/#breadcrumb","itemListElement":[{"@type":"ListItem","position":1,"name":"Home","item":"https:\/\/www.casavio.com\/de\/"},{"@type":"ListItem","position":2,"name":"Dienstleistungen","item":"https:\/\/www.casavio.com\/de\/dienstleistungen\/"},{"@type":"ListItem","position":3,"name":"Zusatzleistungen","item":"https:\/\/www.casavio.com\/de\/dienstleistungen\/zusatzleistungen\/"},{"@type":"ListItem","position":4,"name":"Fahrradverleih"}]},{"@type":"WebSite","@id":"https:\/\/www.casavio.com\/de\/#website","url":"https:\/\/www.casavio.com\/de\/","name":"Camping Ca&#039; Savio","description":"","publisher":{"@id":"https:\/\/www.casavio.com\/de\/#organization"},"potentialAction":[{"@type":"SearchAction","target":{"@type":"EntryPoint","urlTemplate":"https:\/\/www.casavio.com\/de\/?s={search_term_string}"},"query-input":{"@type":"PropertyValueSpecification","valueRequired":true,"valueName":"search_term_string"}}],"inLanguage":"de"},{"@type":"Organization","@id":"https:\/\/www.casavio.com\/de\/#organization","name":"Camping Ca'Savio","url":"https:\/\/www.casavio.com\/de\/","logo":{"@type":"ImageObject","inLanguage":"de","@id":"https:\/\/www.casavio.com\/de\/#\/schema\/logo\/image\/","url":"https:\/\/www.casavio.com\/wp-content\/uploads\/2024\/04\/favicon.png","contentUrl":"https:\/\/www.casavio.com\/wp-content\/uploads\/2024\/04\/favicon.png","width":144,"height":144,"caption":"Camping Ca'Savio"},"image":{"@id":"https:\/\/www.casavio.com\/de\/#\/schema\/logo\/image\/"},"sameAs":["https:\/\/www.facebook.com\/campingcasavio","https:\/\/www.instagram.com\/campingcasavio","https:\/\/www.youtube.com\/user\/campingcasavio"]}]}},"_links":{"self":[{"href":"https:\/\/www.casavio.com\/de\/wp-json\/wp\/v2\/pages\/8055","targetHints":{"allow":["GET"]}}],"collection":[{"href":"https:\/\/www.casavio.com\/de\/wp-json\/wp\/v2\/pages"}],"about":[{"href":"https:\/\/www.casavio.com\/de\/wp-json\/wp\/v2\/types\/page"}],"author":[{"embeddable":true,"href":"https:\/\/www.casavio.com\/de\/wp-json\/wp\/v2\/users\/3"}],"replies":[{"embeddable":true,"href":"https:\/\/www.casavio.com\/de\/wp-json\/wp\/v2\/comments?post=8055"}],"version-history":[{"count":2,"href":"https:\/\/www.casavio.com\/de\/wp-json\/wp\/v2\/pages\/8055\/revisions"}],"predecessor-version":[{"id":44699,"href":"https:\/\/www.casavio.com\/de\/wp-json\/wp\/v2\/pages\/8055\/revisions\/44699"}],"up":[{"embeddable":true,"href":"https:\/\/www.casavio.com\/de\/wp-json\/wp\/v2\/pages\/8042"}],"wp:featuredmedia":[{"embeddable":true,"href":"https:\/\/www.casavio.com\/de\/wp-json\/wp\/v2\/media\/14500"}],"wp:attachment":[{"href":"https:\/\/www.casavio.com\/de\/wp-json\/wp\/v2\/media?parent=8055"}],"curies":[{"name":"wp","href":"https:\/\/api.w.org\/{rel}","templated":true}]}}