{"id":8064,"date":"2019-11-07T10:52:15","date_gmt":"2019-11-07T09:52:15","guid":{"rendered":"https:\/\/www.casavio.com\/dienstleistungen\/zusatzleistungen\/noleggio-lenzuola-asciugamani\/"},"modified":"2025-01-31T10:33:39","modified_gmt":"2025-01-31T09:33:39","slug":"verleih-von-bettwaesche-bade-strandtuecher","status":"publish","type":"page","link":"https:\/\/www.casavio.com\/de\/dienstleistungen\/zusatzleistungen\/verleih-von-bettwaesche-bade-strandtuecher\/","title":{"rendered":"Verleih von Bettw\u00e4sche und Handt\u00fccher"},"content":{"rendered":"<p>Sparen Sie Platz in Ihrem Auto oder machen Sie Ihren Koffer leichter bei der Buchung der Bettw\u00e4sche und Handt\u00fccher f\u00fcr die ganze Familie! Bei Ihrer Ankunft finden Sie die gebuchten Kits in Ihrer Unterkunft. Die gebrauchten Kits werden am Ende Ihres Urlaubs von unseren Mitarbeitern wegger\u00e4umt.<\/p>\n<ul>\n<li><strong>Doppel Kit <\/strong>(22 \u20ac): 1 Paar Bettlaken f\u00fcr Doppelbetten, 2 Kissenbez\u00fcge und 2 Handt\u00fccher<\/li>\n<li><strong>Einzel Kit <\/strong>(16 \u20ac): 1 Bettlaken f\u00fcr Einzelbetten, 1 Kissenbezug, 1 Handtuch<\/li>\n<li><strong>Zus\u00e4tzliches Handtuch<\/strong> (5 \u20ac).<\/li>\n<\/ul>\n<p>Bettw\u00e4sche und Handt\u00fccher k\u00f6nnen bei der <a href=\"https:\/\/reservierung.casavio.com\/search\" target=\"_blank\" rel=\"noopener noreferrer\"><strong>Reservierung<\/strong><\/a> oder jederzeit (mindestens eine Woche vor der Ankunft) durch dieses <a href=\"https:\/\/reservierung.casavio.com\/contact\" target=\"_blank\" rel=\"noopener noreferrer\"><u>Anfrageformular<\/u><\/a> <strong>bestellt<\/strong> werden.<\/p>\n<p><strong>Decken<\/strong> k\u00f6nnen kostenlos an der Rezeption des Campingplatzes angefordert werden. Da wir nicht immer die ben\u00f6tigte Anzahl an Decken garantieren k\u00f6nnen, empfehlen wir Ihnen, Ihre eigenen Decken mitzubringen, insbesondere bei Aufenthalten im April, Mai und September oder bei Reisen mit kleinen Kindern.<\/p>\n<p>Diese Dienstleistungen sind nur f\u00fcr G\u00e4ste verf\u00fcgbar, die direkt \u00fcber den Campingplatz buchen.<\/p>\n","protected":false},"excerpt":{"rendered":"<p>Doppel Kit, Einzel Kit, Handt\u00fccher und zus\u00e4tzliche Handt\u00fccher.<br \/>\nDie Leistung muss bereits bei Reservierung oder mindestens eine Woche vor der Ankunft gebucht werden.<\/p>\n","protected":false},"author":3,"featured_media":3130,"parent":8042,"menu_order":1,"comment_status":"closed","ping_status":"closed","template":"","meta":{"_acf_changed":false},"class_list":["post-8064","page","type-page","status-publish","has-post-thumbnail","hentry"],"acf":[],"yoast_head":"<!-- This site is optimized with the Yoast SEO plugin v25.3 - https:\/\/yoast.com\/wordpress\/plugins\/seo\/ -->\n<title>Verleih von Bettw\u00e4sche und Handt\u00fcchern &#8211; Camping Ca&#039; Savio<\/title>\n<meta name=\"description\" content=\"F\u00fcr Ihren Komfort in Ihrem Urlaub in Cavallino Treporti bietet Ihnen der Campingplatz Ca &#039;Savio die M\u00f6glichkeit, Bettw\u00e4sche zu mieten. Finden Sie die Details heraus.\" \/>\n<meta name=\"robots\" content=\"index, follow, max-snippet:-1, max-image-preview:large, max-video-preview:-1\" \/>\n<link rel=\"canonical\" href=\"https:\/\/www.casavio.com\/de\/dienstleistungen\/zusatzleistungen\/verleih-von-bettwaesche-bade-strandtuecher\/\" \/>\n<meta property=\"og:locale\" content=\"de_DE\" \/>\n<meta property=\"og:type\" content=\"article\" \/>\n<meta property=\"og:title\" content=\"Verleih von Bettw\u00e4sche und Handt\u00fcchern &#8211; Camping Ca&#039; Savio\" \/>\n<meta property=\"og:description\" content=\"F\u00fcr Ihren Komfort in Ihrem Urlaub in Cavallino Treporti bietet Ihnen der Campingplatz Ca &#039;Savio die M\u00f6glichkeit, Bettw\u00e4sche zu mieten. Finden Sie die Details heraus.\" \/>\n<meta property=\"og:url\" content=\"https:\/\/www.casavio.com\/de\/dienstleistungen\/zusatzleistungen\/verleih-von-bettwaesche-bade-strandtuecher\/\" \/>\n<meta property=\"og:site_name\" content=\"Camping Ca&#039; Savio\" \/>\n<meta property=\"article:publisher\" content=\"https:\/\/www.facebook.com\/campingcasavio\" \/>\n<meta property=\"article:modified_time\" content=\"2025-01-31T09:33:39+00:00\" \/>\n<meta property=\"og:image\" content=\"https:\/\/www.casavio.com\/wp-content\/uploads\/2019\/11\/ca-savio-noleggio-lenzuola.jpg\" \/>\n\t<meta property=\"og:image:width\" content=\"440\" \/>\n\t<meta property=\"og:image:height\" content=\"600\" \/>\n\t<meta property=\"og:image:type\" content=\"image\/jpeg\" \/>\n<meta name=\"twitter:card\" content=\"summary_large_image\" \/>\n<meta name=\"twitter:label1\" content=\"Gesch\u00e4tzte Lesezeit\" \/>\n\t<meta name=\"twitter:data1\" content=\"2\u00a0Minuten\" \/>\n<script type=\"application\/ld+json\" class=\"yoast-schema-graph\">{\"@context\":\"https:\/\/schema.org\",\"@graph\":[{\"@type\":\"WebPage\",\"@id\":\"https:\/\/www.casavio.com\/de\/dienstleistungen\/zusatzleistungen\/verleih-von-bettwaesche-bade-strandtuecher\/\",\"url\":\"https:\/\/www.casavio.com\/de\/dienstleistungen\/zusatzleistungen\/verleih-von-bettwaesche-bade-strandtuecher\/\",\"name\":\"Verleih von Bettw\u00e4sche und Handt\u00fcchern &#8211; Camping Ca&#039; Savio\",\"isPartOf\":{\"@id\":\"https:\/\/www.casavio.com\/de\/#website\"},\"primaryImageOfPage\":{\"@id\":\"https:\/\/www.casavio.com\/de\/dienstleistungen\/zusatzleistungen\/verleih-von-bettwaesche-bade-strandtuecher\/#primaryimage\"},\"image\":{\"@id\":\"https:\/\/www.casavio.com\/de\/dienstleistungen\/zusatzleistungen\/verleih-von-bettwaesche-bade-strandtuecher\/#primaryimage\"},\"thumbnailUrl\":\"https:\/\/www.casavio.com\/wp-content\/uploads\/2019\/11\/ca-savio-noleggio-lenzuola.jpg\",\"datePublished\":\"2019-11-07T09:52:15+00:00\",\"dateModified\":\"2025-01-31T09:33:39+00:00\",\"description\":\"F\u00fcr Ihren Komfort in Ihrem Urlaub in Cavallino Treporti bietet Ihnen der Campingplatz Ca 'Savio die M\u00f6glichkeit, Bettw\u00e4sche zu mieten. Finden Sie die Details heraus.\",\"breadcrumb\":{\"@id\":\"https:\/\/www.casavio.com\/de\/dienstleistungen\/zusatzleistungen\/verleih-von-bettwaesche-bade-strandtuecher\/#breadcrumb\"},\"inLanguage\":\"de\",\"potentialAction\":[{\"@type\":\"ReadAction\",\"target\":[\"https:\/\/www.casavio.com\/de\/dienstleistungen\/zusatzleistungen\/verleih-von-bettwaesche-bade-strandtuecher\/\"]}]},{\"@type\":\"ImageObject\",\"inLanguage\":\"de\",\"@id\":\"https:\/\/www.casavio.com\/de\/dienstleistungen\/zusatzleistungen\/verleih-von-bettwaesche-bade-strandtuecher\/#primaryimage\",\"url\":\"https:\/\/www.casavio.com\/wp-content\/uploads\/2019\/11\/ca-savio-noleggio-lenzuola.jpg\",\"contentUrl\":\"https:\/\/www.casavio.com\/wp-content\/uploads\/2019\/11\/ca-savio-noleggio-lenzuola.jpg\",\"width\":440,\"height\":600},{\"@type\":\"BreadcrumbList\",\"@id\":\"https:\/\/www.casavio.com\/de\/dienstleistungen\/zusatzleistungen\/verleih-von-bettwaesche-bade-strandtuecher\/#breadcrumb\",\"itemListElement\":[{\"@type\":\"ListItem\",\"position\":1,\"name\":\"Home\",\"item\":\"https:\/\/www.casavio.com\/de\/\"},{\"@type\":\"ListItem\",\"position\":2,\"name\":\"Dienstleistungen\",\"item\":\"https:\/\/www.casavio.com\/de\/dienstleistungen\/\"},{\"@type\":\"ListItem\",\"position\":3,\"name\":\"Zusatzleistungen\",\"item\":\"https:\/\/www.casavio.com\/de\/dienstleistungen\/zusatzleistungen\/\"},{\"@type\":\"ListItem\",\"position\":4,\"name\":\"Verleih von Bettw\u00e4sche und Handt\u00fccher\"}]},{\"@type\":\"WebSite\",\"@id\":\"https:\/\/www.casavio.com\/de\/#website\",\"url\":\"https:\/\/www.casavio.com\/de\/\",\"name\":\"Camping Ca&#039; Savio\",\"description\":\"\",\"publisher\":{\"@id\":\"https:\/\/www.casavio.com\/de\/#organization\"},\"potentialAction\":[{\"@type\":\"SearchAction\",\"target\":{\"@type\":\"EntryPoint\",\"urlTemplate\":\"https:\/\/www.casavio.com\/de\/?s={search_term_string}\"},\"query-input\":{\"@type\":\"PropertyValueSpecification\",\"valueRequired\":true,\"valueName\":\"search_term_string\"}}],\"inLanguage\":\"de\"},{\"@type\":\"Organization\",\"@id\":\"https:\/\/www.casavio.com\/de\/#organization\",\"name\":\"Camping Ca'Savio\",\"url\":\"https:\/\/www.casavio.com\/de\/\",\"logo\":{\"@type\":\"ImageObject\",\"inLanguage\":\"de\",\"@id\":\"https:\/\/www.casavio.com\/de\/#\/schema\/logo\/image\/\",\"url\":\"https:\/\/www.casavio.com\/wp-content\/uploads\/2024\/04\/favicon.png\",\"contentUrl\":\"https:\/\/www.casavio.com\/wp-content\/uploads\/2024\/04\/favicon.png\",\"width\":144,\"height\":144,\"caption\":\"Camping Ca'Savio\"},\"image\":{\"@id\":\"https:\/\/www.casavio.com\/de\/#\/schema\/logo\/image\/\"},\"sameAs\":[\"https:\/\/www.facebook.com\/campingcasavio\",\"https:\/\/www.instagram.com\/campingcasavio\",\"https:\/\/www.youtube.com\/user\/campingcasavio\"]}]}<\/script>\n<!-- \/ Yoast SEO plugin. -->","yoast_head_json":{"title":"Verleih von Bettw\u00e4sche und Handt\u00fcchern &#8211; Camping Ca&#039; Savio","description":"F\u00fcr Ihren Komfort in Ihrem Urlaub in Cavallino Treporti bietet Ihnen der Campingplatz Ca 'Savio die M\u00f6glichkeit, Bettw\u00e4sche zu mieten. Finden Sie die Details heraus.","robots":{"index":"index","follow":"follow","max-snippet":"max-snippet:-1","max-image-preview":"max-image-preview:large","max-video-preview":"max-video-preview:-1"},"canonical":"https:\/\/www.casavio.com\/de\/dienstleistungen\/zusatzleistungen\/verleih-von-bettwaesche-bade-strandtuecher\/","og_locale":"de_DE","og_type":"article","og_title":"Verleih von Bettw\u00e4sche und Handt\u00fcchern &#8211; Camping Ca&#039; Savio","og_description":"F\u00fcr Ihren Komfort in Ihrem Urlaub in Cavallino Treporti bietet Ihnen der Campingplatz Ca 'Savio die M\u00f6glichkeit, Bettw\u00e4sche zu mieten. Finden Sie die Details heraus.","og_url":"https:\/\/www.casavio.com\/de\/dienstleistungen\/zusatzleistungen\/verleih-von-bettwaesche-bade-strandtuecher\/","og_site_name":"Camping Ca&#039; Savio","article_publisher":"https:\/\/www.facebook.com\/campingcasavio","article_modified_time":"2025-01-31T09:33:39+00:00","og_image":[{"width":440,"height":600,"url":"https:\/\/www.casavio.com\/wp-content\/uploads\/2019\/11\/ca-savio-noleggio-lenzuola.jpg","type":"image\/jpeg"}],"twitter_card":"summary_large_image","twitter_misc":{"Gesch\u00e4tzte Lesezeit":"2\u00a0Minuten"},"schema":{"@context":"https:\/\/schema.org","@graph":[{"@type":"WebPage","@id":"https:\/\/www.casavio.com\/de\/dienstleistungen\/zusatzleistungen\/verleih-von-bettwaesche-bade-strandtuecher\/","url":"https:\/\/www.casavio.com\/de\/dienstleistungen\/zusatzleistungen\/verleih-von-bettwaesche-bade-strandtuecher\/","name":"Verleih von Bettw\u00e4sche und Handt\u00fcchern &#8211; Camping Ca&#039; Savio","isPartOf":{"@id":"https:\/\/www.casavio.com\/de\/#website"},"primaryImageOfPage":{"@id":"https:\/\/www.casavio.com\/de\/dienstleistungen\/zusatzleistungen\/verleih-von-bettwaesche-bade-strandtuecher\/#primaryimage"},"image":{"@id":"https:\/\/www.casavio.com\/de\/dienstleistungen\/zusatzleistungen\/verleih-von-bettwaesche-bade-strandtuecher\/#primaryimage"},"thumbnailUrl":"https:\/\/www.casavio.com\/wp-content\/uploads\/2019\/11\/ca-savio-noleggio-lenzuola.jpg","datePublished":"2019-11-07T09:52:15+00:00","dateModified":"2025-01-31T09:33:39+00:00","description":"F\u00fcr Ihren Komfort in Ihrem Urlaub in Cavallino Treporti bietet Ihnen der Campingplatz Ca 'Savio die M\u00f6glichkeit, Bettw\u00e4sche zu mieten. Finden Sie die Details heraus.","breadcrumb":{"@id":"https:\/\/www.casavio.com\/de\/dienstleistungen\/zusatzleistungen\/verleih-von-bettwaesche-bade-strandtuecher\/#breadcrumb"},"inLanguage":"de","potentialAction":[{"@type":"ReadAction","target":["https:\/\/www.casavio.com\/de\/dienstleistungen\/zusatzleistungen\/verleih-von-bettwaesche-bade-strandtuecher\/"]}]},{"@type":"ImageObject","inLanguage":"de","@id":"https:\/\/www.casavio.com\/de\/dienstleistungen\/zusatzleistungen\/verleih-von-bettwaesche-bade-strandtuecher\/#primaryimage","url":"https:\/\/www.casavio.com\/wp-content\/uploads\/2019\/11\/ca-savio-noleggio-lenzuola.jpg","contentUrl":"https:\/\/www.casavio.com\/wp-content\/uploads\/2019\/11\/ca-savio-noleggio-lenzuola.jpg","width":440,"height":600},{"@type":"BreadcrumbList","@id":"https:\/\/www.casavio.com\/de\/dienstleistungen\/zusatzleistungen\/verleih-von-bettwaesche-bade-strandtuecher\/#breadcrumb","itemListElement":[{"@type":"ListItem","position":1,"name":"Home","item":"https:\/\/www.casavio.com\/de\/"},{"@type":"ListItem","position":2,"name":"Dienstleistungen","item":"https:\/\/www.casavio.com\/de\/dienstleistungen\/"},{"@type":"ListItem","position":3,"name":"Zusatzleistungen","item":"https:\/\/www.casavio.com\/de\/dienstleistungen\/zusatzleistungen\/"},{"@type":"ListItem","position":4,"name":"Verleih von Bettw\u00e4sche und Handt\u00fccher"}]},{"@type":"WebSite","@id":"https:\/\/www.casavio.com\/de\/#website","url":"https:\/\/www.casavio.com\/de\/","name":"Camping Ca&#039; Savio","description":"","publisher":{"@id":"https:\/\/www.casavio.com\/de\/#organization"},"potentialAction":[{"@type":"SearchAction","target":{"@type":"EntryPoint","urlTemplate":"https:\/\/www.casavio.com\/de\/?s={search_term_string}"},"query-input":{"@type":"PropertyValueSpecification","valueRequired":true,"valueName":"search_term_string"}}],"inLanguage":"de"},{"@type":"Organization","@id":"https:\/\/www.casavio.com\/de\/#organization","name":"Camping Ca'Savio","url":"https:\/\/www.casavio.com\/de\/","logo":{"@type":"ImageObject","inLanguage":"de","@id":"https:\/\/www.casavio.com\/de\/#\/schema\/logo\/image\/","url":"https:\/\/www.casavio.com\/wp-content\/uploads\/2024\/04\/favicon.png","contentUrl":"https:\/\/www.casavio.com\/wp-content\/uploads\/2024\/04\/favicon.png","width":144,"height":144,"caption":"Camping Ca'Savio"},"image":{"@id":"https:\/\/www.casavio.com\/de\/#\/schema\/logo\/image\/"},"sameAs":["https:\/\/www.facebook.com\/campingcasavio","https:\/\/www.instagram.com\/campingcasavio","https:\/\/www.youtube.com\/user\/campingcasavio"]}]}},"_links":{"self":[{"href":"https:\/\/www.casavio.com\/de\/wp-json\/wp\/v2\/pages\/8064","targetHints":{"allow":["GET"]}}],"collection":[{"href":"https:\/\/www.casavio.com\/de\/wp-json\/wp\/v2\/pages"}],"about":[{"href":"https:\/\/www.casavio.com\/de\/wp-json\/wp\/v2\/types\/page"}],"author":[{"embeddable":true,"href":"https:\/\/www.casavio.com\/de\/wp-json\/wp\/v2\/users\/3"}],"replies":[{"embeddable":true,"href":"https:\/\/www.casavio.com\/de\/wp-json\/wp\/v2\/comments?post=8064"}],"version-history":[{"count":2,"href":"https:\/\/www.casavio.com\/de\/wp-json\/wp\/v2\/pages\/8064\/revisions"}],"predecessor-version":[{"id":27768,"href":"https:\/\/www.casavio.com\/de\/wp-json\/wp\/v2\/pages\/8064\/revisions\/27768"}],"up":[{"embeddable":true,"href":"https:\/\/www.casavio.com\/de\/wp-json\/wp\/v2\/pages\/8042"}],"wp:featuredmedia":[{"embeddable":true,"href":"https:\/\/www.casavio.com\/de\/wp-json\/wp\/v2\/media\/3130"}],"wp:attachment":[{"href":"https:\/\/www.casavio.com\/de\/wp-json\/wp\/v2\/media?parent=8064"}],"curies":[{"name":"wp","href":"https:\/\/api.w.org\/{rel}","templated":true}]}}