{"id":8109,"date":"2019-11-07T11:03:46","date_gmt":"2019-11-07T10:03:46","guid":{"rendered":"https:\/\/www.casavio.com\/camping-aktivitaeten\/sport-und-fitness\/scuola-calcio\/"},"modified":"2025-03-28T12:12:08","modified_gmt":"2025-03-28T11:12:08","slug":"fussballschule","status":"publish","type":"page","link":"https:\/\/www.casavio.com\/de\/camping-aktivitaeten\/sport-und-fitness\/fussballschule\/","title":{"rendered":"Fussballschule"},"content":{"rendered":"<p>F\u00fcr unsere jungen Fu\u00dfballfans am <strong>Ca\u2019Savio Football Camp<\/strong> teilzunehmen, ist einer der sch\u00f6nsten Momente des Urlaubs und eine Gelegenheit, ihren Lieblingssport auch im Sommer mit vielen neuen Freunden zu treiben.<\/p>\n<p>Ein unvergessliches Erlebnis <strong>f\u00fcr Kinder zwischen 7 und 14 Jahren<\/strong>, Fussball eine ganze Woche lang auf einem regul\u00e4ren Fussballfeld zusammen mit qualifiezierten Trainern spielen k\u00f6nnen.<\/p>\n<p>Sind Sie neugierig auf das Programm des Ca\u2019Savio Football Camp?<\/p>\n","protected":false},"excerpt":{"rendered":"<p>F\u00fcr kleinen Fu\u00dfballfans eine einzigartige Gelegenheit, ihren Lieblingssport auch im Urlaub zu treiben.<\/p>\n","protected":false},"author":3,"featured_media":3228,"parent":8104,"menu_order":55,"comment_status":"closed","ping_status":"closed","template":"","meta":{"_acf_changed":false},"class_list":["post-8109","page","type-page","status-publish","has-post-thumbnail","hentry"],"acf":[],"yoast_head":"<!-- This site is optimized with the Yoast SEO plugin v25.3 - https:\/\/yoast.com\/wordpress\/plugins\/seo\/ -->\n<title>Fu\u00dfballschule | Sport und Fitness auf dem Campingplatz &#8211; Camping Ca&#039; Savio<\/title>\n<meta name=\"description\" content=\"Ein unvergessliches Erlebnis f\u00fcr Kinder von 7 und bis 14 Jahre, die auf einem regul\u00e4ren Fussballfeld eine ganze Woche lang zusammen mit verschiedenen Trainern Fussball spielen k\u00f6nnen. Erfahren Sie mehr.\" \/>\n<meta name=\"robots\" content=\"index, follow, max-snippet:-1, max-image-preview:large, max-video-preview:-1\" \/>\n<link rel=\"canonical\" href=\"https:\/\/www.casavio.com\/de\/camping-aktivitaeten\/sport-und-fitness\/fussballschule\/\" \/>\n<meta property=\"og:locale\" content=\"de_DE\" \/>\n<meta property=\"og:type\" content=\"article\" \/>\n<meta property=\"og:title\" content=\"Fu\u00dfballschule | Sport und Fitness auf dem Campingplatz &#8211; Camping Ca&#039; Savio\" \/>\n<meta property=\"og:description\" content=\"Ein unvergessliches Erlebnis f\u00fcr Kinder von 7 und bis 14 Jahre, die auf einem regul\u00e4ren Fussballfeld eine ganze Woche lang zusammen mit verschiedenen Trainern Fussball spielen k\u00f6nnen. Erfahren Sie mehr.\" \/>\n<meta property=\"og:url\" content=\"https:\/\/www.casavio.com\/de\/camping-aktivitaeten\/sport-und-fitness\/fussballschule\/\" \/>\n<meta property=\"og:site_name\" content=\"Camping Ca&#039; Savio\" \/>\n<meta property=\"article:publisher\" content=\"https:\/\/www.facebook.com\/campingcasavio\" \/>\n<meta property=\"article:modified_time\" content=\"2025-03-28T11:12:08+00:00\" \/>\n<meta property=\"og:image\" content=\"https:\/\/www.casavio.com\/wp-content\/uploads\/2019\/11\/ca-savio-sport-fitness-scuola-calcio.jpg\" \/>\n\t<meta property=\"og:image:width\" content=\"440\" \/>\n\t<meta property=\"og:image:height\" content=\"600\" \/>\n\t<meta property=\"og:image:type\" content=\"image\/jpeg\" \/>\n<meta name=\"twitter:card\" content=\"summary_large_image\" \/>\n<meta name=\"twitter:label1\" content=\"Gesch\u00e4tzte Lesezeit\" \/>\n\t<meta name=\"twitter:data1\" content=\"1\u00a0Minute\" \/>\n<script type=\"application\/ld+json\" class=\"yoast-schema-graph\">{\"@context\":\"https:\/\/schema.org\",\"@graph\":[{\"@type\":\"WebPage\",\"@id\":\"https:\/\/www.casavio.com\/de\/camping-aktivitaeten\/sport-und-fitness\/fussballschule\/\",\"url\":\"https:\/\/www.casavio.com\/de\/camping-aktivitaeten\/sport-und-fitness\/fussballschule\/\",\"name\":\"Fu\u00dfballschule | Sport und Fitness auf dem Campingplatz &#8211; Camping Ca&#039; Savio\",\"isPartOf\":{\"@id\":\"https:\/\/www.casavio.com\/de\/#website\"},\"primaryImageOfPage\":{\"@id\":\"https:\/\/www.casavio.com\/de\/camping-aktivitaeten\/sport-und-fitness\/fussballschule\/#primaryimage\"},\"image\":{\"@id\":\"https:\/\/www.casavio.com\/de\/camping-aktivitaeten\/sport-und-fitness\/fussballschule\/#primaryimage\"},\"thumbnailUrl\":\"https:\/\/www.casavio.com\/wp-content\/uploads\/2019\/11\/ca-savio-sport-fitness-scuola-calcio.jpg\",\"datePublished\":\"2019-11-07T10:03:46+00:00\",\"dateModified\":\"2025-03-28T11:12:08+00:00\",\"description\":\"Ein unvergessliches Erlebnis f\u00fcr Kinder von 7 und bis 14 Jahre, die auf einem regul\u00e4ren Fussballfeld eine ganze Woche lang zusammen mit verschiedenen Trainern Fussball spielen k\u00f6nnen. Erfahren Sie mehr.\",\"breadcrumb\":{\"@id\":\"https:\/\/www.casavio.com\/de\/camping-aktivitaeten\/sport-und-fitness\/fussballschule\/#breadcrumb\"},\"inLanguage\":\"de\",\"potentialAction\":[{\"@type\":\"ReadAction\",\"target\":[\"https:\/\/www.casavio.com\/de\/camping-aktivitaeten\/sport-und-fitness\/fussballschule\/\"]}]},{\"@type\":\"ImageObject\",\"inLanguage\":\"de\",\"@id\":\"https:\/\/www.casavio.com\/de\/camping-aktivitaeten\/sport-und-fitness\/fussballschule\/#primaryimage\",\"url\":\"https:\/\/www.casavio.com\/wp-content\/uploads\/2019\/11\/ca-savio-sport-fitness-scuola-calcio.jpg\",\"contentUrl\":\"https:\/\/www.casavio.com\/wp-content\/uploads\/2019\/11\/ca-savio-sport-fitness-scuola-calcio.jpg\",\"width\":440,\"height\":600},{\"@type\":\"BreadcrumbList\",\"@id\":\"https:\/\/www.casavio.com\/de\/camping-aktivitaeten\/sport-und-fitness\/fussballschule\/#breadcrumb\",\"itemListElement\":[{\"@type\":\"ListItem\",\"position\":1,\"name\":\"Home\",\"item\":\"https:\/\/www.casavio.com\/de\/\"},{\"@type\":\"ListItem\",\"position\":2,\"name\":\"Aktivit\u00e4ten\",\"item\":\"https:\/\/www.casavio.com\/de\/camping-aktivitaeten\/\"},{\"@type\":\"ListItem\",\"position\":3,\"name\":\"Sport und Fitness\",\"item\":\"https:\/\/www.casavio.com\/de\/camping-aktivitaeten\/sport-und-fitness\/\"},{\"@type\":\"ListItem\",\"position\":4,\"name\":\"Fussballschule\"}]},{\"@type\":\"WebSite\",\"@id\":\"https:\/\/www.casavio.com\/de\/#website\",\"url\":\"https:\/\/www.casavio.com\/de\/\",\"name\":\"Camping Ca&#039; Savio\",\"description\":\"\",\"publisher\":{\"@id\":\"https:\/\/www.casavio.com\/de\/#organization\"},\"potentialAction\":[{\"@type\":\"SearchAction\",\"target\":{\"@type\":\"EntryPoint\",\"urlTemplate\":\"https:\/\/www.casavio.com\/de\/?s={search_term_string}\"},\"query-input\":{\"@type\":\"PropertyValueSpecification\",\"valueRequired\":true,\"valueName\":\"search_term_string\"}}],\"inLanguage\":\"de\"},{\"@type\":\"Organization\",\"@id\":\"https:\/\/www.casavio.com\/de\/#organization\",\"name\":\"Camping Ca'Savio\",\"url\":\"https:\/\/www.casavio.com\/de\/\",\"logo\":{\"@type\":\"ImageObject\",\"inLanguage\":\"de\",\"@id\":\"https:\/\/www.casavio.com\/de\/#\/schema\/logo\/image\/\",\"url\":\"https:\/\/www.casavio.com\/wp-content\/uploads\/2024\/04\/favicon.png\",\"contentUrl\":\"https:\/\/www.casavio.com\/wp-content\/uploads\/2024\/04\/favicon.png\",\"width\":144,\"height\":144,\"caption\":\"Camping Ca'Savio\"},\"image\":{\"@id\":\"https:\/\/www.casavio.com\/de\/#\/schema\/logo\/image\/\"},\"sameAs\":[\"https:\/\/www.facebook.com\/campingcasavio\",\"https:\/\/www.instagram.com\/campingcasavio\",\"https:\/\/www.youtube.com\/user\/campingcasavio\"]}]}<\/script>\n<!-- \/ Yoast SEO plugin. -->","yoast_head_json":{"title":"Fu\u00dfballschule | Sport und Fitness auf dem Campingplatz &#8211; Camping Ca&#039; Savio","description":"Ein unvergessliches Erlebnis f\u00fcr Kinder von 7 und bis 14 Jahre, die auf einem regul\u00e4ren Fussballfeld eine ganze Woche lang zusammen mit verschiedenen Trainern Fussball spielen k\u00f6nnen. Erfahren Sie mehr.","robots":{"index":"index","follow":"follow","max-snippet":"max-snippet:-1","max-image-preview":"max-image-preview:large","max-video-preview":"max-video-preview:-1"},"canonical":"https:\/\/www.casavio.com\/de\/camping-aktivitaeten\/sport-und-fitness\/fussballschule\/","og_locale":"de_DE","og_type":"article","og_title":"Fu\u00dfballschule | Sport und Fitness auf dem Campingplatz &#8211; Camping Ca&#039; Savio","og_description":"Ein unvergessliches Erlebnis f\u00fcr Kinder von 7 und bis 14 Jahre, die auf einem regul\u00e4ren Fussballfeld eine ganze Woche lang zusammen mit verschiedenen Trainern Fussball spielen k\u00f6nnen. Erfahren Sie mehr.","og_url":"https:\/\/www.casavio.com\/de\/camping-aktivitaeten\/sport-und-fitness\/fussballschule\/","og_site_name":"Camping Ca&#039; Savio","article_publisher":"https:\/\/www.facebook.com\/campingcasavio","article_modified_time":"2025-03-28T11:12:08+00:00","og_image":[{"width":440,"height":600,"url":"https:\/\/www.casavio.com\/wp-content\/uploads\/2019\/11\/ca-savio-sport-fitness-scuola-calcio.jpg","type":"image\/jpeg"}],"twitter_card":"summary_large_image","twitter_misc":{"Gesch\u00e4tzte Lesezeit":"1\u00a0Minute"},"schema":{"@context":"https:\/\/schema.org","@graph":[{"@type":"WebPage","@id":"https:\/\/www.casavio.com\/de\/camping-aktivitaeten\/sport-und-fitness\/fussballschule\/","url":"https:\/\/www.casavio.com\/de\/camping-aktivitaeten\/sport-und-fitness\/fussballschule\/","name":"Fu\u00dfballschule | Sport und Fitness auf dem Campingplatz &#8211; Camping Ca&#039; Savio","isPartOf":{"@id":"https:\/\/www.casavio.com\/de\/#website"},"primaryImageOfPage":{"@id":"https:\/\/www.casavio.com\/de\/camping-aktivitaeten\/sport-und-fitness\/fussballschule\/#primaryimage"},"image":{"@id":"https:\/\/www.casavio.com\/de\/camping-aktivitaeten\/sport-und-fitness\/fussballschule\/#primaryimage"},"thumbnailUrl":"https:\/\/www.casavio.com\/wp-content\/uploads\/2019\/11\/ca-savio-sport-fitness-scuola-calcio.jpg","datePublished":"2019-11-07T10:03:46+00:00","dateModified":"2025-03-28T11:12:08+00:00","description":"Ein unvergessliches Erlebnis f\u00fcr Kinder von 7 und bis 14 Jahre, die auf einem regul\u00e4ren Fussballfeld eine ganze Woche lang zusammen mit verschiedenen Trainern Fussball spielen k\u00f6nnen. Erfahren Sie mehr.","breadcrumb":{"@id":"https:\/\/www.casavio.com\/de\/camping-aktivitaeten\/sport-und-fitness\/fussballschule\/#breadcrumb"},"inLanguage":"de","potentialAction":[{"@type":"ReadAction","target":["https:\/\/www.casavio.com\/de\/camping-aktivitaeten\/sport-und-fitness\/fussballschule\/"]}]},{"@type":"ImageObject","inLanguage":"de","@id":"https:\/\/www.casavio.com\/de\/camping-aktivitaeten\/sport-und-fitness\/fussballschule\/#primaryimage","url":"https:\/\/www.casavio.com\/wp-content\/uploads\/2019\/11\/ca-savio-sport-fitness-scuola-calcio.jpg","contentUrl":"https:\/\/www.casavio.com\/wp-content\/uploads\/2019\/11\/ca-savio-sport-fitness-scuola-calcio.jpg","width":440,"height":600},{"@type":"BreadcrumbList","@id":"https:\/\/www.casavio.com\/de\/camping-aktivitaeten\/sport-und-fitness\/fussballschule\/#breadcrumb","itemListElement":[{"@type":"ListItem","position":1,"name":"Home","item":"https:\/\/www.casavio.com\/de\/"},{"@type":"ListItem","position":2,"name":"Aktivit\u00e4ten","item":"https:\/\/www.casavio.com\/de\/camping-aktivitaeten\/"},{"@type":"ListItem","position":3,"name":"Sport und Fitness","item":"https:\/\/www.casavio.com\/de\/camping-aktivitaeten\/sport-und-fitness\/"},{"@type":"ListItem","position":4,"name":"Fussballschule"}]},{"@type":"WebSite","@id":"https:\/\/www.casavio.com\/de\/#website","url":"https:\/\/www.casavio.com\/de\/","name":"Camping Ca&#039; Savio","description":"","publisher":{"@id":"https:\/\/www.casavio.com\/de\/#organization"},"potentialAction":[{"@type":"SearchAction","target":{"@type":"EntryPoint","urlTemplate":"https:\/\/www.casavio.com\/de\/?s={search_term_string}"},"query-input":{"@type":"PropertyValueSpecification","valueRequired":true,"valueName":"search_term_string"}}],"inLanguage":"de"},{"@type":"Organization","@id":"https:\/\/www.casavio.com\/de\/#organization","name":"Camping Ca'Savio","url":"https:\/\/www.casavio.com\/de\/","logo":{"@type":"ImageObject","inLanguage":"de","@id":"https:\/\/www.casavio.com\/de\/#\/schema\/logo\/image\/","url":"https:\/\/www.casavio.com\/wp-content\/uploads\/2024\/04\/favicon.png","contentUrl":"https:\/\/www.casavio.com\/wp-content\/uploads\/2024\/04\/favicon.png","width":144,"height":144,"caption":"Camping Ca'Savio"},"image":{"@id":"https:\/\/www.casavio.com\/de\/#\/schema\/logo\/image\/"},"sameAs":["https:\/\/www.facebook.com\/campingcasavio","https:\/\/www.instagram.com\/campingcasavio","https:\/\/www.youtube.com\/user\/campingcasavio"]}]}},"_links":{"self":[{"href":"https:\/\/www.casavio.com\/de\/wp-json\/wp\/v2\/pages\/8109","targetHints":{"allow":["GET"]}}],"collection":[{"href":"https:\/\/www.casavio.com\/de\/wp-json\/wp\/v2\/pages"}],"about":[{"href":"https:\/\/www.casavio.com\/de\/wp-json\/wp\/v2\/types\/page"}],"author":[{"embeddable":true,"href":"https:\/\/www.casavio.com\/de\/wp-json\/wp\/v2\/users\/3"}],"replies":[{"embeddable":true,"href":"https:\/\/www.casavio.com\/de\/wp-json\/wp\/v2\/comments?post=8109"}],"version-history":[{"count":2,"href":"https:\/\/www.casavio.com\/de\/wp-json\/wp\/v2\/pages\/8109\/revisions"}],"predecessor-version":[{"id":38284,"href":"https:\/\/www.casavio.com\/de\/wp-json\/wp\/v2\/pages\/8109\/revisions\/38284"}],"up":[{"embeddable":true,"href":"https:\/\/www.casavio.com\/de\/wp-json\/wp\/v2\/pages\/8104"}],"wp:featuredmedia":[{"embeddable":true,"href":"https:\/\/www.casavio.com\/de\/wp-json\/wp\/v2\/media\/3228"}],"wp:attachment":[{"href":"https:\/\/www.casavio.com\/de\/wp-json\/wp\/v2\/media?parent=8109"}],"curies":[{"name":"wp","href":"https:\/\/api.w.org\/{rel}","templated":true}]}}