{"id":8121,"date":"2019-11-07T11:04:38","date_gmt":"2019-11-07T10:04:38","guid":{"rendered":"https:\/\/www.casavio.com\/camping-aktivitaeten\/sport-und-fitness\/yoga-stretching\/"},"modified":"2024-10-03T12:52:10","modified_gmt":"2024-10-03T10:52:10","slug":"yoga-stretching","status":"publish","type":"page","link":"https:\/\/www.casavio.com\/de\/camping-aktivitaeten\/sport-und-fitness\/yoga-stretching\/","title":{"rendered":"Yoga &#038; Stretching"},"content":{"rendered":"<p>Ein angenehmer Urlaub bedeutet auch, Zeit f\u00fcr sich selbst zu haben und um Ihren K\u00f6rper auch mit Meditation sich zu k\u00fcmmern, damit Sie wieder fit in den Alltag zur\u00fcckzukehren k\u00f6nnen.<\/p>\n<p><strong>Yoga<\/strong> und <strong>Stretching<\/strong> sind ideale Disziplinen, um K\u00f6rper und Geist zu regenerieren, und Sie k\u00f6nnen sie sogar w\u00e4hrend Ihres Urlaubs auf Ca&#8217;Savio aus\u00fcben.<\/p>\n<p>M\u00f6chten Sie an unseren Aktivit\u00e4ten teilnehmen?<\/p>\n","protected":false},"excerpt":{"rendered":"<p>Regeneration von K\u00f6rper und Geist inmitten der Natur, ein paar Schritte vom Meer entfernt.<\/p>\n","protected":false},"author":3,"featured_media":14549,"parent":8104,"menu_order":57,"comment_status":"closed","ping_status":"closed","template":"","meta":{"_acf_changed":false},"class_list":["post-8121","page","type-page","status-publish","has-post-thumbnail","hentry"],"acf":[],"yoast_head":"<!-- This site is optimized with the Yoast SEO plugin v25.3 - https:\/\/yoast.com\/wordpress\/plugins\/seo\/ -->\n<title>Yoga Camping: Yoga auf dem Campingplatz &#8211; Camping Ca&#039; Savio<\/title>\n<meta name=\"description\" content=\"Jeden Morgen organisieren unsere erfahrenen Animatoren im Garten des Hauptrestaurants kombinierte Yoga- und Dehn\u00fcbungen, die f\u00fcr jeden geeignet sind.\" \/>\n<meta name=\"robots\" content=\"index, follow, max-snippet:-1, max-image-preview:large, max-video-preview:-1\" \/>\n<link rel=\"canonical\" href=\"https:\/\/www.casavio.com\/de\/camping-aktivitaeten\/sport-und-fitness\/yoga-stretching\/\" \/>\n<meta property=\"og:locale\" content=\"de_DE\" \/>\n<meta property=\"og:type\" content=\"article\" \/>\n<meta property=\"og:title\" content=\"Yoga Camping: Yoga auf dem Campingplatz &#8211; Camping Ca&#039; Savio\" \/>\n<meta property=\"og:description\" content=\"Jeden Morgen organisieren unsere erfahrenen Animatoren im Garten des Hauptrestaurants kombinierte Yoga- und Dehn\u00fcbungen, die f\u00fcr jeden geeignet sind.\" \/>\n<meta property=\"og:url\" content=\"https:\/\/www.casavio.com\/de\/camping-aktivitaeten\/sport-und-fitness\/yoga-stretching\/\" \/>\n<meta property=\"og:site_name\" content=\"Camping Ca&#039; Savio\" \/>\n<meta property=\"article:publisher\" content=\"https:\/\/www.facebook.com\/campingcasavio\" \/>\n<meta property=\"article:modified_time\" content=\"2024-10-03T10:52:10+00:00\" \/>\n<meta property=\"og:image\" content=\"https:\/\/www.casavio.com\/wp-content\/uploads\/2020\/10\/ca-savio-sport-fitness-yoga-header.jpg\" \/>\n\t<meta property=\"og:image:width\" content=\"440\" \/>\n\t<meta property=\"og:image:height\" content=\"600\" \/>\n\t<meta property=\"og:image:type\" content=\"image\/jpeg\" \/>\n<meta name=\"twitter:card\" content=\"summary_large_image\" \/>\n<meta name=\"twitter:label1\" content=\"Gesch\u00e4tzte Lesezeit\" \/>\n\t<meta name=\"twitter:data1\" content=\"1\u00a0Minute\" \/>\n<script type=\"application\/ld+json\" class=\"yoast-schema-graph\">{\"@context\":\"https:\/\/schema.org\",\"@graph\":[{\"@type\":\"WebPage\",\"@id\":\"https:\/\/www.casavio.com\/de\/camping-aktivitaeten\/sport-und-fitness\/yoga-stretching\/\",\"url\":\"https:\/\/www.casavio.com\/de\/camping-aktivitaeten\/sport-und-fitness\/yoga-stretching\/\",\"name\":\"Yoga Camping: Yoga auf dem Campingplatz &#8211; Camping Ca&#039; Savio\",\"isPartOf\":{\"@id\":\"https:\/\/www.casavio.com\/de\/#website\"},\"primaryImageOfPage\":{\"@id\":\"https:\/\/www.casavio.com\/de\/camping-aktivitaeten\/sport-und-fitness\/yoga-stretching\/#primaryimage\"},\"image\":{\"@id\":\"https:\/\/www.casavio.com\/de\/camping-aktivitaeten\/sport-und-fitness\/yoga-stretching\/#primaryimage\"},\"thumbnailUrl\":\"https:\/\/www.casavio.com\/wp-content\/uploads\/2020\/10\/ca-savio-sport-fitness-yoga-header.jpg\",\"datePublished\":\"2019-11-07T10:04:38+00:00\",\"dateModified\":\"2024-10-03T10:52:10+00:00\",\"description\":\"Jeden Morgen organisieren unsere erfahrenen Animatoren im Garten des Hauptrestaurants kombinierte Yoga- und Dehn\u00fcbungen, die f\u00fcr jeden geeignet sind.\",\"breadcrumb\":{\"@id\":\"https:\/\/www.casavio.com\/de\/camping-aktivitaeten\/sport-und-fitness\/yoga-stretching\/#breadcrumb\"},\"inLanguage\":\"de\",\"potentialAction\":[{\"@type\":\"ReadAction\",\"target\":[\"https:\/\/www.casavio.com\/de\/camping-aktivitaeten\/sport-und-fitness\/yoga-stretching\/\"]}]},{\"@type\":\"ImageObject\",\"inLanguage\":\"de\",\"@id\":\"https:\/\/www.casavio.com\/de\/camping-aktivitaeten\/sport-und-fitness\/yoga-stretching\/#primaryimage\",\"url\":\"https:\/\/www.casavio.com\/wp-content\/uploads\/2020\/10\/ca-savio-sport-fitness-yoga-header.jpg\",\"contentUrl\":\"https:\/\/www.casavio.com\/wp-content\/uploads\/2020\/10\/ca-savio-sport-fitness-yoga-header.jpg\",\"width\":440,\"height\":600},{\"@type\":\"BreadcrumbList\",\"@id\":\"https:\/\/www.casavio.com\/de\/camping-aktivitaeten\/sport-und-fitness\/yoga-stretching\/#breadcrumb\",\"itemListElement\":[{\"@type\":\"ListItem\",\"position\":1,\"name\":\"Home\",\"item\":\"https:\/\/www.casavio.com\/de\/\"},{\"@type\":\"ListItem\",\"position\":2,\"name\":\"Aktivit\u00e4ten\",\"item\":\"https:\/\/www.casavio.com\/de\/camping-aktivitaeten\/\"},{\"@type\":\"ListItem\",\"position\":3,\"name\":\"Sport und Fitness\",\"item\":\"https:\/\/www.casavio.com\/de\/camping-aktivitaeten\/sport-und-fitness\/\"},{\"@type\":\"ListItem\",\"position\":4,\"name\":\"Yoga &#038; Stretching\"}]},{\"@type\":\"WebSite\",\"@id\":\"https:\/\/www.casavio.com\/de\/#website\",\"url\":\"https:\/\/www.casavio.com\/de\/\",\"name\":\"Camping Ca&#039; Savio\",\"description\":\"\",\"publisher\":{\"@id\":\"https:\/\/www.casavio.com\/de\/#organization\"},\"potentialAction\":[{\"@type\":\"SearchAction\",\"target\":{\"@type\":\"EntryPoint\",\"urlTemplate\":\"https:\/\/www.casavio.com\/de\/?s={search_term_string}\"},\"query-input\":{\"@type\":\"PropertyValueSpecification\",\"valueRequired\":true,\"valueName\":\"search_term_string\"}}],\"inLanguage\":\"de\"},{\"@type\":\"Organization\",\"@id\":\"https:\/\/www.casavio.com\/de\/#organization\",\"name\":\"Camping Ca'Savio\",\"url\":\"https:\/\/www.casavio.com\/de\/\",\"logo\":{\"@type\":\"ImageObject\",\"inLanguage\":\"de\",\"@id\":\"https:\/\/www.casavio.com\/de\/#\/schema\/logo\/image\/\",\"url\":\"https:\/\/www.casavio.com\/wp-content\/uploads\/2024\/04\/favicon.png\",\"contentUrl\":\"https:\/\/www.casavio.com\/wp-content\/uploads\/2024\/04\/favicon.png\",\"width\":144,\"height\":144,\"caption\":\"Camping Ca'Savio\"},\"image\":{\"@id\":\"https:\/\/www.casavio.com\/de\/#\/schema\/logo\/image\/\"},\"sameAs\":[\"https:\/\/www.facebook.com\/campingcasavio\",\"https:\/\/www.instagram.com\/campingcasavio\",\"https:\/\/www.youtube.com\/user\/campingcasavio\"]}]}<\/script>\n<!-- \/ Yoast SEO plugin. -->","yoast_head_json":{"title":"Yoga Camping: Yoga auf dem Campingplatz &#8211; Camping Ca&#039; Savio","description":"Jeden Morgen organisieren unsere erfahrenen Animatoren im Garten des Hauptrestaurants kombinierte Yoga- und Dehn\u00fcbungen, die f\u00fcr jeden geeignet sind.","robots":{"index":"index","follow":"follow","max-snippet":"max-snippet:-1","max-image-preview":"max-image-preview:large","max-video-preview":"max-video-preview:-1"},"canonical":"https:\/\/www.casavio.com\/de\/camping-aktivitaeten\/sport-und-fitness\/yoga-stretching\/","og_locale":"de_DE","og_type":"article","og_title":"Yoga Camping: Yoga auf dem Campingplatz &#8211; Camping Ca&#039; Savio","og_description":"Jeden Morgen organisieren unsere erfahrenen Animatoren im Garten des Hauptrestaurants kombinierte Yoga- und Dehn\u00fcbungen, die f\u00fcr jeden geeignet sind.","og_url":"https:\/\/www.casavio.com\/de\/camping-aktivitaeten\/sport-und-fitness\/yoga-stretching\/","og_site_name":"Camping Ca&#039; Savio","article_publisher":"https:\/\/www.facebook.com\/campingcasavio","article_modified_time":"2024-10-03T10:52:10+00:00","og_image":[{"width":440,"height":600,"url":"https:\/\/www.casavio.com\/wp-content\/uploads\/2020\/10\/ca-savio-sport-fitness-yoga-header.jpg","type":"image\/jpeg"}],"twitter_card":"summary_large_image","twitter_misc":{"Gesch\u00e4tzte Lesezeit":"1\u00a0Minute"},"schema":{"@context":"https:\/\/schema.org","@graph":[{"@type":"WebPage","@id":"https:\/\/www.casavio.com\/de\/camping-aktivitaeten\/sport-und-fitness\/yoga-stretching\/","url":"https:\/\/www.casavio.com\/de\/camping-aktivitaeten\/sport-und-fitness\/yoga-stretching\/","name":"Yoga Camping: Yoga auf dem Campingplatz &#8211; Camping Ca&#039; Savio","isPartOf":{"@id":"https:\/\/www.casavio.com\/de\/#website"},"primaryImageOfPage":{"@id":"https:\/\/www.casavio.com\/de\/camping-aktivitaeten\/sport-und-fitness\/yoga-stretching\/#primaryimage"},"image":{"@id":"https:\/\/www.casavio.com\/de\/camping-aktivitaeten\/sport-und-fitness\/yoga-stretching\/#primaryimage"},"thumbnailUrl":"https:\/\/www.casavio.com\/wp-content\/uploads\/2020\/10\/ca-savio-sport-fitness-yoga-header.jpg","datePublished":"2019-11-07T10:04:38+00:00","dateModified":"2024-10-03T10:52:10+00:00","description":"Jeden Morgen organisieren unsere erfahrenen Animatoren im Garten des Hauptrestaurants kombinierte Yoga- und Dehn\u00fcbungen, die f\u00fcr jeden geeignet sind.","breadcrumb":{"@id":"https:\/\/www.casavio.com\/de\/camping-aktivitaeten\/sport-und-fitness\/yoga-stretching\/#breadcrumb"},"inLanguage":"de","potentialAction":[{"@type":"ReadAction","target":["https:\/\/www.casavio.com\/de\/camping-aktivitaeten\/sport-und-fitness\/yoga-stretching\/"]}]},{"@type":"ImageObject","inLanguage":"de","@id":"https:\/\/www.casavio.com\/de\/camping-aktivitaeten\/sport-und-fitness\/yoga-stretching\/#primaryimage","url":"https:\/\/www.casavio.com\/wp-content\/uploads\/2020\/10\/ca-savio-sport-fitness-yoga-header.jpg","contentUrl":"https:\/\/www.casavio.com\/wp-content\/uploads\/2020\/10\/ca-savio-sport-fitness-yoga-header.jpg","width":440,"height":600},{"@type":"BreadcrumbList","@id":"https:\/\/www.casavio.com\/de\/camping-aktivitaeten\/sport-und-fitness\/yoga-stretching\/#breadcrumb","itemListElement":[{"@type":"ListItem","position":1,"name":"Home","item":"https:\/\/www.casavio.com\/de\/"},{"@type":"ListItem","position":2,"name":"Aktivit\u00e4ten","item":"https:\/\/www.casavio.com\/de\/camping-aktivitaeten\/"},{"@type":"ListItem","position":3,"name":"Sport und Fitness","item":"https:\/\/www.casavio.com\/de\/camping-aktivitaeten\/sport-und-fitness\/"},{"@type":"ListItem","position":4,"name":"Yoga &#038; Stretching"}]},{"@type":"WebSite","@id":"https:\/\/www.casavio.com\/de\/#website","url":"https:\/\/www.casavio.com\/de\/","name":"Camping Ca&#039; Savio","description":"","publisher":{"@id":"https:\/\/www.casavio.com\/de\/#organization"},"potentialAction":[{"@type":"SearchAction","target":{"@type":"EntryPoint","urlTemplate":"https:\/\/www.casavio.com\/de\/?s={search_term_string}"},"query-input":{"@type":"PropertyValueSpecification","valueRequired":true,"valueName":"search_term_string"}}],"inLanguage":"de"},{"@type":"Organization","@id":"https:\/\/www.casavio.com\/de\/#organization","name":"Camping Ca'Savio","url":"https:\/\/www.casavio.com\/de\/","logo":{"@type":"ImageObject","inLanguage":"de","@id":"https:\/\/www.casavio.com\/de\/#\/schema\/logo\/image\/","url":"https:\/\/www.casavio.com\/wp-content\/uploads\/2024\/04\/favicon.png","contentUrl":"https:\/\/www.casavio.com\/wp-content\/uploads\/2024\/04\/favicon.png","width":144,"height":144,"caption":"Camping Ca'Savio"},"image":{"@id":"https:\/\/www.casavio.com\/de\/#\/schema\/logo\/image\/"},"sameAs":["https:\/\/www.facebook.com\/campingcasavio","https:\/\/www.instagram.com\/campingcasavio","https:\/\/www.youtube.com\/user\/campingcasavio"]}]}},"_links":{"self":[{"href":"https:\/\/www.casavio.com\/de\/wp-json\/wp\/v2\/pages\/8121","targetHints":{"allow":["GET"]}}],"collection":[{"href":"https:\/\/www.casavio.com\/de\/wp-json\/wp\/v2\/pages"}],"about":[{"href":"https:\/\/www.casavio.com\/de\/wp-json\/wp\/v2\/types\/page"}],"author":[{"embeddable":true,"href":"https:\/\/www.casavio.com\/de\/wp-json\/wp\/v2\/users\/3"}],"replies":[{"embeddable":true,"href":"https:\/\/www.casavio.com\/de\/wp-json\/wp\/v2\/comments?post=8121"}],"version-history":[{"count":2,"href":"https:\/\/www.casavio.com\/de\/wp-json\/wp\/v2\/pages\/8121\/revisions"}],"predecessor-version":[{"id":35669,"href":"https:\/\/www.casavio.com\/de\/wp-json\/wp\/v2\/pages\/8121\/revisions\/35669"}],"up":[{"embeddable":true,"href":"https:\/\/www.casavio.com\/de\/wp-json\/wp\/v2\/pages\/8104"}],"wp:featuredmedia":[{"embeddable":true,"href":"https:\/\/www.casavio.com\/de\/wp-json\/wp\/v2\/media\/14549"}],"wp:attachment":[{"href":"https:\/\/www.casavio.com\/de\/wp-json\/wp\/v2\/media?parent=8121"}],"curies":[{"name":"wp","href":"https:\/\/api.w.org\/{rel}","templated":true}]}}