{"id":8153,"date":"2019-11-07T11:11:29","date_gmt":"2019-11-07T10:11:29","guid":{"rendered":"https:\/\/www.casavio.com\/camping-aktivitaeten\/ausfluege\/kayak-experience-laguna-di-venezia\/"},"modified":"2026-03-04T11:24:09","modified_gmt":"2026-03-04T10:24:09","slug":"kajak-in-der-lagune-venedig","status":"publish","type":"page","link":"https:\/\/www.casavio.com\/de\/camping-aktivitaeten\/ausfluege\/kajak-in-der-lagune-venedig\/","title":{"rendered":"Kajak Erfahrung in der Lagune"},"content":{"rendered":"<p>Leise, \u00f6kologisch und unterhaltsam: <b>Kajakfahren <\/b>ist eine ganz besondere Weise, das einzigartige \u00d6kosystem der <b>Lagune von Venedig<\/b> aus einer anderen Perspektive zu entdecken. Nur mit dem Kajak k\u00f6nnen Sie zwischen den Sandb\u00e4nken und Flachgew\u00e4ssern fahren, Wasserv\u00f6gel aus der N\u00e4he beobachten, die Farben und D\u00fcfte der Lagunengr\u00e4ser entdecken, die Sonnenunterg\u00e4nge bewundern, die sich auf dem Wasser spiegeln, w\u00e4hrend Sie durch die Lagune gleiten.<\/p>\n<p>Ein <b>unvergessliches Erlebnis<\/b>, das f\u00fcr jeden geeignet ist und das Sie je nach Ihren F\u00e4higkeiten auf unterschiedliche Weise genie\u00dfen k\u00f6nnen.<\/p>\n","protected":false},"excerpt":{"rendered":"<p>Mit dem Kajak in der Stille der Lagune, nicht weit vom Campingplatz entfernt.<\/p>\n","protected":false},"author":3,"featured_media":35141,"parent":8138,"menu_order":69,"comment_status":"closed","ping_status":"closed","template":"","meta":{"_acf_changed":false},"class_list":["post-8153","page","type-page","status-publish","has-post-thumbnail","hentry"],"acf":[],"yoast_head":"<!-- This site is optimized with the Yoast SEO plugin v25.3 - https:\/\/yoast.com\/wordpress\/plugins\/seo\/ -->\n<title>Kajakausflug in der Lagune von Venedig &#8211; Camping Ca&#039; Savio<\/title>\n<meta name=\"description\" content=\"Eine ungew\u00f6hnlichen Ausflug, um die versteckten Ecken der venezianischen Lagune mit ihrer typischen Landschaft und Tieren zu entdecken.\" \/>\n<meta name=\"robots\" content=\"index, follow, max-snippet:-1, max-image-preview:large, max-video-preview:-1\" \/>\n<link rel=\"canonical\" href=\"https:\/\/www.casavio.com\/de\/camping-aktivitaeten\/ausfluege\/kajak-in-der-lagune-venedig\/\" \/>\n<meta property=\"og:locale\" content=\"de_DE\" \/>\n<meta property=\"og:type\" content=\"article\" \/>\n<meta property=\"og:title\" content=\"Kajakausflug in der Lagune von Venedig &#8211; Camping Ca&#039; Savio\" \/>\n<meta property=\"og:description\" content=\"Eine ungew\u00f6hnlichen Ausflug, um die versteckten Ecken der venezianischen Lagune mit ihrer typischen Landschaft und Tieren zu entdecken.\" \/>\n<meta property=\"og:url\" content=\"https:\/\/www.casavio.com\/de\/camping-aktivitaeten\/ausfluege\/kajak-in-der-lagune-venedig\/\" \/>\n<meta property=\"og:site_name\" content=\"Camping Ca&#039; Savio\" \/>\n<meta property=\"article:publisher\" content=\"https:\/\/www.facebook.com\/campingcasavio\" \/>\n<meta property=\"article:modified_time\" content=\"2026-03-04T10:24:09+00:00\" \/>\n<meta property=\"og:image\" content=\"https:\/\/www.casavio.com\/wp-content\/uploads\/2024\/09\/kayak-laguna-venezia.jpg\" \/>\n\t<meta property=\"og:image:width\" content=\"440\" \/>\n\t<meta property=\"og:image:height\" content=\"600\" \/>\n\t<meta property=\"og:image:type\" content=\"image\/jpeg\" \/>\n<meta name=\"twitter:card\" content=\"summary_large_image\" \/>\n<meta name=\"twitter:label1\" content=\"Gesch\u00e4tzte Lesezeit\" \/>\n\t<meta name=\"twitter:data1\" content=\"1\u00a0Minute\" \/>\n<script type=\"application\/ld+json\" class=\"yoast-schema-graph\">{\"@context\":\"https:\/\/schema.org\",\"@graph\":[{\"@type\":\"WebPage\",\"@id\":\"https:\/\/www.casavio.com\/de\/camping-aktivitaeten\/ausfluege\/kajak-in-der-lagune-venedig\/\",\"url\":\"https:\/\/www.casavio.com\/de\/camping-aktivitaeten\/ausfluege\/kajak-in-der-lagune-venedig\/\",\"name\":\"Kajakausflug in der Lagune von Venedig &#8211; Camping Ca&#039; Savio\",\"isPartOf\":{\"@id\":\"https:\/\/www.casavio.com\/de\/#website\"},\"primaryImageOfPage\":{\"@id\":\"https:\/\/www.casavio.com\/de\/camping-aktivitaeten\/ausfluege\/kajak-in-der-lagune-venedig\/#primaryimage\"},\"image\":{\"@id\":\"https:\/\/www.casavio.com\/de\/camping-aktivitaeten\/ausfluege\/kajak-in-der-lagune-venedig\/#primaryimage\"},\"thumbnailUrl\":\"https:\/\/www.casavio.com\/wp-content\/uploads\/2024\/09\/kayak-laguna-venezia.jpg\",\"datePublished\":\"2019-11-07T10:11:29+00:00\",\"dateModified\":\"2026-03-04T10:24:09+00:00\",\"description\":\"Eine ungew\u00f6hnlichen Ausflug, um die versteckten Ecken der venezianischen Lagune mit ihrer typischen Landschaft und Tieren zu entdecken.\",\"breadcrumb\":{\"@id\":\"https:\/\/www.casavio.com\/de\/camping-aktivitaeten\/ausfluege\/kajak-in-der-lagune-venedig\/#breadcrumb\"},\"inLanguage\":\"de\",\"potentialAction\":[{\"@type\":\"ReadAction\",\"target\":[\"https:\/\/www.casavio.com\/de\/camping-aktivitaeten\/ausfluege\/kajak-in-der-lagune-venedig\/\"]}]},{\"@type\":\"ImageObject\",\"inLanguage\":\"de\",\"@id\":\"https:\/\/www.casavio.com\/de\/camping-aktivitaeten\/ausfluege\/kajak-in-der-lagune-venedig\/#primaryimage\",\"url\":\"https:\/\/www.casavio.com\/wp-content\/uploads\/2024\/09\/kayak-laguna-venezia.jpg\",\"contentUrl\":\"https:\/\/www.casavio.com\/wp-content\/uploads\/2024\/09\/kayak-laguna-venezia.jpg\",\"width\":440,\"height\":600},{\"@type\":\"BreadcrumbList\",\"@id\":\"https:\/\/www.casavio.com\/de\/camping-aktivitaeten\/ausfluege\/kajak-in-der-lagune-venedig\/#breadcrumb\",\"itemListElement\":[{\"@type\":\"ListItem\",\"position\":1,\"name\":\"Home\",\"item\":\"https:\/\/www.casavio.com\/de\/\"},{\"@type\":\"ListItem\",\"position\":2,\"name\":\"Aktivit\u00e4ten\",\"item\":\"https:\/\/www.casavio.com\/de\/camping-aktivitaeten\/\"},{\"@type\":\"ListItem\",\"position\":3,\"name\":\"Ausfl\u00fcge\",\"item\":\"https:\/\/www.casavio.com\/de\/camping-aktivitaeten\/ausfluege\/\"},{\"@type\":\"ListItem\",\"position\":4,\"name\":\"Kajak Erfahrung in der Lagune\"}]},{\"@type\":\"WebSite\",\"@id\":\"https:\/\/www.casavio.com\/de\/#website\",\"url\":\"https:\/\/www.casavio.com\/de\/\",\"name\":\"Camping Ca&#039; Savio\",\"description\":\"\",\"publisher\":{\"@id\":\"https:\/\/www.casavio.com\/de\/#organization\"},\"potentialAction\":[{\"@type\":\"SearchAction\",\"target\":{\"@type\":\"EntryPoint\",\"urlTemplate\":\"https:\/\/www.casavio.com\/de\/?s={search_term_string}\"},\"query-input\":{\"@type\":\"PropertyValueSpecification\",\"valueRequired\":true,\"valueName\":\"search_term_string\"}}],\"inLanguage\":\"de\"},{\"@type\":\"Organization\",\"@id\":\"https:\/\/www.casavio.com\/de\/#organization\",\"name\":\"Camping Ca'Savio\",\"url\":\"https:\/\/www.casavio.com\/de\/\",\"logo\":{\"@type\":\"ImageObject\",\"inLanguage\":\"de\",\"@id\":\"https:\/\/www.casavio.com\/de\/#\/schema\/logo\/image\/\",\"url\":\"https:\/\/www.casavio.com\/wp-content\/uploads\/2024\/04\/favicon.png\",\"contentUrl\":\"https:\/\/www.casavio.com\/wp-content\/uploads\/2024\/04\/favicon.png\",\"width\":144,\"height\":144,\"caption\":\"Camping Ca'Savio\"},\"image\":{\"@id\":\"https:\/\/www.casavio.com\/de\/#\/schema\/logo\/image\/\"},\"sameAs\":[\"https:\/\/www.facebook.com\/campingcasavio\",\"https:\/\/www.instagram.com\/campingcasavio\",\"https:\/\/www.youtube.com\/user\/campingcasavio\"]}]}<\/script>\n<!-- \/ Yoast SEO plugin. -->","yoast_head_json":{"title":"Kajakausflug in der Lagune von Venedig &#8211; Camping Ca&#039; Savio","description":"Eine ungew\u00f6hnlichen Ausflug, um die versteckten Ecken der venezianischen Lagune mit ihrer typischen Landschaft und Tieren zu entdecken.","robots":{"index":"index","follow":"follow","max-snippet":"max-snippet:-1","max-image-preview":"max-image-preview:large","max-video-preview":"max-video-preview:-1"},"canonical":"https:\/\/www.casavio.com\/de\/camping-aktivitaeten\/ausfluege\/kajak-in-der-lagune-venedig\/","og_locale":"de_DE","og_type":"article","og_title":"Kajakausflug in der Lagune von Venedig &#8211; Camping Ca&#039; Savio","og_description":"Eine ungew\u00f6hnlichen Ausflug, um die versteckten Ecken der venezianischen Lagune mit ihrer typischen Landschaft und Tieren zu entdecken.","og_url":"https:\/\/www.casavio.com\/de\/camping-aktivitaeten\/ausfluege\/kajak-in-der-lagune-venedig\/","og_site_name":"Camping Ca&#039; Savio","article_publisher":"https:\/\/www.facebook.com\/campingcasavio","article_modified_time":"2026-03-04T10:24:09+00:00","og_image":[{"width":440,"height":600,"url":"https:\/\/www.casavio.com\/wp-content\/uploads\/2024\/09\/kayak-laguna-venezia.jpg","type":"image\/jpeg"}],"twitter_card":"summary_large_image","twitter_misc":{"Gesch\u00e4tzte Lesezeit":"1\u00a0Minute"},"schema":{"@context":"https:\/\/schema.org","@graph":[{"@type":"WebPage","@id":"https:\/\/www.casavio.com\/de\/camping-aktivitaeten\/ausfluege\/kajak-in-der-lagune-venedig\/","url":"https:\/\/www.casavio.com\/de\/camping-aktivitaeten\/ausfluege\/kajak-in-der-lagune-venedig\/","name":"Kajakausflug in der Lagune von Venedig &#8211; Camping Ca&#039; Savio","isPartOf":{"@id":"https:\/\/www.casavio.com\/de\/#website"},"primaryImageOfPage":{"@id":"https:\/\/www.casavio.com\/de\/camping-aktivitaeten\/ausfluege\/kajak-in-der-lagune-venedig\/#primaryimage"},"image":{"@id":"https:\/\/www.casavio.com\/de\/camping-aktivitaeten\/ausfluege\/kajak-in-der-lagune-venedig\/#primaryimage"},"thumbnailUrl":"https:\/\/www.casavio.com\/wp-content\/uploads\/2024\/09\/kayak-laguna-venezia.jpg","datePublished":"2019-11-07T10:11:29+00:00","dateModified":"2026-03-04T10:24:09+00:00","description":"Eine ungew\u00f6hnlichen Ausflug, um die versteckten Ecken der venezianischen Lagune mit ihrer typischen Landschaft und Tieren zu entdecken.","breadcrumb":{"@id":"https:\/\/www.casavio.com\/de\/camping-aktivitaeten\/ausfluege\/kajak-in-der-lagune-venedig\/#breadcrumb"},"inLanguage":"de","potentialAction":[{"@type":"ReadAction","target":["https:\/\/www.casavio.com\/de\/camping-aktivitaeten\/ausfluege\/kajak-in-der-lagune-venedig\/"]}]},{"@type":"ImageObject","inLanguage":"de","@id":"https:\/\/www.casavio.com\/de\/camping-aktivitaeten\/ausfluege\/kajak-in-der-lagune-venedig\/#primaryimage","url":"https:\/\/www.casavio.com\/wp-content\/uploads\/2024\/09\/kayak-laguna-venezia.jpg","contentUrl":"https:\/\/www.casavio.com\/wp-content\/uploads\/2024\/09\/kayak-laguna-venezia.jpg","width":440,"height":600},{"@type":"BreadcrumbList","@id":"https:\/\/www.casavio.com\/de\/camping-aktivitaeten\/ausfluege\/kajak-in-der-lagune-venedig\/#breadcrumb","itemListElement":[{"@type":"ListItem","position":1,"name":"Home","item":"https:\/\/www.casavio.com\/de\/"},{"@type":"ListItem","position":2,"name":"Aktivit\u00e4ten","item":"https:\/\/www.casavio.com\/de\/camping-aktivitaeten\/"},{"@type":"ListItem","position":3,"name":"Ausfl\u00fcge","item":"https:\/\/www.casavio.com\/de\/camping-aktivitaeten\/ausfluege\/"},{"@type":"ListItem","position":4,"name":"Kajak Erfahrung in der Lagune"}]},{"@type":"WebSite","@id":"https:\/\/www.casavio.com\/de\/#website","url":"https:\/\/www.casavio.com\/de\/","name":"Camping Ca&#039; Savio","description":"","publisher":{"@id":"https:\/\/www.casavio.com\/de\/#organization"},"potentialAction":[{"@type":"SearchAction","target":{"@type":"EntryPoint","urlTemplate":"https:\/\/www.casavio.com\/de\/?s={search_term_string}"},"query-input":{"@type":"PropertyValueSpecification","valueRequired":true,"valueName":"search_term_string"}}],"inLanguage":"de"},{"@type":"Organization","@id":"https:\/\/www.casavio.com\/de\/#organization","name":"Camping Ca'Savio","url":"https:\/\/www.casavio.com\/de\/","logo":{"@type":"ImageObject","inLanguage":"de","@id":"https:\/\/www.casavio.com\/de\/#\/schema\/logo\/image\/","url":"https:\/\/www.casavio.com\/wp-content\/uploads\/2024\/04\/favicon.png","contentUrl":"https:\/\/www.casavio.com\/wp-content\/uploads\/2024\/04\/favicon.png","width":144,"height":144,"caption":"Camping Ca'Savio"},"image":{"@id":"https:\/\/www.casavio.com\/de\/#\/schema\/logo\/image\/"},"sameAs":["https:\/\/www.facebook.com\/campingcasavio","https:\/\/www.instagram.com\/campingcasavio","https:\/\/www.youtube.com\/user\/campingcasavio"]}]}},"_links":{"self":[{"href":"https:\/\/www.casavio.com\/de\/wp-json\/wp\/v2\/pages\/8153","targetHints":{"allow":["GET"]}}],"collection":[{"href":"https:\/\/www.casavio.com\/de\/wp-json\/wp\/v2\/pages"}],"about":[{"href":"https:\/\/www.casavio.com\/de\/wp-json\/wp\/v2\/types\/page"}],"author":[{"embeddable":true,"href":"https:\/\/www.casavio.com\/de\/wp-json\/wp\/v2\/users\/3"}],"replies":[{"embeddable":true,"href":"https:\/\/www.casavio.com\/de\/wp-json\/wp\/v2\/comments?post=8153"}],"version-history":[{"count":1,"href":"https:\/\/www.casavio.com\/de\/wp-json\/wp\/v2\/pages\/8153\/revisions"}],"predecessor-version":[{"id":46147,"href":"https:\/\/www.casavio.com\/de\/wp-json\/wp\/v2\/pages\/8153\/revisions\/46147"}],"up":[{"embeddable":true,"href":"https:\/\/www.casavio.com\/de\/wp-json\/wp\/v2\/pages\/8138"}],"wp:featuredmedia":[{"embeddable":true,"href":"https:\/\/www.casavio.com\/de\/wp-json\/wp\/v2\/media\/35141"}],"wp:attachment":[{"href":"https:\/\/www.casavio.com\/de\/wp-json\/wp\/v2\/media?parent=8153"}],"curies":[{"name":"wp","href":"https:\/\/api.w.org\/{rel}","templated":true}]}}