{"id":8159,"date":"2019-11-07T11:12:54","date_gmt":"2019-11-07T10:12:54","guid":{"rendered":"https:\/\/www.casavio.com\/camping-aktivitaeten\/ausfluege\/parco-acquatico-caribe-bay\/"},"modified":"2023-06-19T11:56:08","modified_gmt":"2023-06-19T09:56:08","slug":"caribe-bay-aquapark","status":"publish","type":"page","link":"https:\/\/www.casavio.com\/de\/camping-aktivitaeten\/ausfluege\/caribe-bay-aquapark\/","title":{"rendered":"Caribe Bay Aquapark"},"content":{"rendered":"<p>Der Aquapark<strong> Caribe Bay<\/strong> in Jesolo wurde mehrfach zum \u201cbesten Wasserthemenpark von ganz Italien\u201d erkl\u00e4rt und ist einer Karibikinsel ganz in der N\u00e4he Venedigs nachgebildet: eine Oase auf gut 80.000 Quadratmetern, in der Sie ein 360 \u00b0 -Unterhaltungserlebnis f\u00fcr jedes Alter geeignet (f\u00fcr Kindern, Jugendliche und Familien) genie\u00dfen k\u00f6nnen.<\/p>\n<p>Caribe Bay ist nicht der \u00fcbliche Wasserpark, aber viel mehr&#8230;<\/p>\n","protected":false},"excerpt":{"rendered":"<p>Der Aquapark wurde mehrfach zum \u201cbesten Wasserthemenpark von ganz Italien\u201d erkl\u00e4rt: eine Karibikinsel ganz in der N\u00e4he Venedigs.<\/p>\n","protected":false},"author":3,"featured_media":23827,"parent":8138,"menu_order":71,"comment_status":"closed","ping_status":"closed","template":"","meta":{"_acf_changed":false},"class_list":["post-8159","page","type-page","status-publish","has-post-thumbnail","hentry"],"acf":[],"yoast_head":"<!-- This site is optimized with the Yoast SEO plugin v25.3 - https:\/\/yoast.com\/wordpress\/plugins\/seo\/ -->\n<title>Wasserpark Caribe Bay (Aqualandia): Erm\u00e4\u00dfigte Karten &#8211; Camping Ca&#039; Savio<\/title>\n<meta name=\"description\" content=\"Caribe Bay (Aqualandia) in Jesolo Lido. Caribe Bay liegt ganz in der N\u00e4he Venedigs und des Campings Ca\u2019Savio.\" \/>\n<meta name=\"robots\" content=\"index, follow, max-snippet:-1, max-image-preview:large, max-video-preview:-1\" \/>\n<link rel=\"canonical\" href=\"https:\/\/www.casavio.com\/de\/camping-aktivitaeten\/ausfluege\/caribe-bay-aquapark\/\" \/>\n<meta property=\"og:locale\" content=\"de_DE\" \/>\n<meta property=\"og:type\" content=\"article\" \/>\n<meta property=\"og:title\" content=\"Wasserpark Caribe Bay (Aqualandia): Erm\u00e4\u00dfigte Karten &#8211; Camping Ca&#039; Savio\" \/>\n<meta property=\"og:description\" content=\"Caribe Bay (Aqualandia) in Jesolo Lido. Caribe Bay liegt ganz in der N\u00e4he Venedigs und des Campings Ca\u2019Savio.\" \/>\n<meta property=\"og:url\" content=\"https:\/\/www.casavio.com\/de\/camping-aktivitaeten\/ausfluege\/caribe-bay-aquapark\/\" \/>\n<meta property=\"og:site_name\" content=\"Camping Ca&#039; Savio\" \/>\n<meta property=\"article:publisher\" content=\"https:\/\/www.facebook.com\/campingcasavio\" \/>\n<meta property=\"article:modified_time\" content=\"2023-06-19T09:56:08+00:00\" \/>\n<meta property=\"og:image\" content=\"https:\/\/www.casavio.com\/wp-content\/uploads\/2022\/06\/caribe-bay.jpg\" \/>\n\t<meta property=\"og:image:width\" content=\"440\" \/>\n\t<meta property=\"og:image:height\" content=\"600\" \/>\n\t<meta property=\"og:image:type\" content=\"image\/jpeg\" \/>\n<meta name=\"twitter:card\" content=\"summary_large_image\" \/>\n<meta name=\"twitter:label1\" content=\"Gesch\u00e4tzte Lesezeit\" \/>\n\t<meta name=\"twitter:data1\" content=\"1\u00a0Minute\" \/>\n<script type=\"application\/ld+json\" class=\"yoast-schema-graph\">{\"@context\":\"https:\/\/schema.org\",\"@graph\":[{\"@type\":\"WebPage\",\"@id\":\"https:\/\/www.casavio.com\/de\/camping-aktivitaeten\/ausfluege\/caribe-bay-aquapark\/\",\"url\":\"https:\/\/www.casavio.com\/de\/camping-aktivitaeten\/ausfluege\/caribe-bay-aquapark\/\",\"name\":\"Wasserpark Caribe Bay (Aqualandia): Erm\u00e4\u00dfigte Karten &#8211; Camping Ca&#039; Savio\",\"isPartOf\":{\"@id\":\"https:\/\/www.casavio.com\/de\/#website\"},\"primaryImageOfPage\":{\"@id\":\"https:\/\/www.casavio.com\/de\/camping-aktivitaeten\/ausfluege\/caribe-bay-aquapark\/#primaryimage\"},\"image\":{\"@id\":\"https:\/\/www.casavio.com\/de\/camping-aktivitaeten\/ausfluege\/caribe-bay-aquapark\/#primaryimage\"},\"thumbnailUrl\":\"https:\/\/www.casavio.com\/wp-content\/uploads\/2022\/06\/caribe-bay.jpg\",\"datePublished\":\"2019-11-07T10:12:54+00:00\",\"dateModified\":\"2023-06-19T09:56:08+00:00\",\"description\":\"Caribe Bay (Aqualandia) in Jesolo Lido. Caribe Bay liegt ganz in der N\u00e4he Venedigs und des Campings Ca\u2019Savio.\",\"breadcrumb\":{\"@id\":\"https:\/\/www.casavio.com\/de\/camping-aktivitaeten\/ausfluege\/caribe-bay-aquapark\/#breadcrumb\"},\"inLanguage\":\"de\",\"potentialAction\":[{\"@type\":\"ReadAction\",\"target\":[\"https:\/\/www.casavio.com\/de\/camping-aktivitaeten\/ausfluege\/caribe-bay-aquapark\/\"]}]},{\"@type\":\"ImageObject\",\"inLanguage\":\"de\",\"@id\":\"https:\/\/www.casavio.com\/de\/camping-aktivitaeten\/ausfluege\/caribe-bay-aquapark\/#primaryimage\",\"url\":\"https:\/\/www.casavio.com\/wp-content\/uploads\/2022\/06\/caribe-bay.jpg\",\"contentUrl\":\"https:\/\/www.casavio.com\/wp-content\/uploads\/2022\/06\/caribe-bay.jpg\",\"width\":440,\"height\":600},{\"@type\":\"BreadcrumbList\",\"@id\":\"https:\/\/www.casavio.com\/de\/camping-aktivitaeten\/ausfluege\/caribe-bay-aquapark\/#breadcrumb\",\"itemListElement\":[{\"@type\":\"ListItem\",\"position\":1,\"name\":\"Home\",\"item\":\"https:\/\/www.casavio.com\/de\/\"},{\"@type\":\"ListItem\",\"position\":2,\"name\":\"Aktivit\u00e4ten\",\"item\":\"https:\/\/www.casavio.com\/de\/camping-aktivitaeten\/\"},{\"@type\":\"ListItem\",\"position\":3,\"name\":\"Ausfl\u00fcge\",\"item\":\"https:\/\/www.casavio.com\/de\/camping-aktivitaeten\/ausfluege\/\"},{\"@type\":\"ListItem\",\"position\":4,\"name\":\"Caribe Bay Aquapark\"}]},{\"@type\":\"WebSite\",\"@id\":\"https:\/\/www.casavio.com\/de\/#website\",\"url\":\"https:\/\/www.casavio.com\/de\/\",\"name\":\"Camping Ca&#039; Savio\",\"description\":\"\",\"publisher\":{\"@id\":\"https:\/\/www.casavio.com\/de\/#organization\"},\"potentialAction\":[{\"@type\":\"SearchAction\",\"target\":{\"@type\":\"EntryPoint\",\"urlTemplate\":\"https:\/\/www.casavio.com\/de\/?s={search_term_string}\"},\"query-input\":{\"@type\":\"PropertyValueSpecification\",\"valueRequired\":true,\"valueName\":\"search_term_string\"}}],\"inLanguage\":\"de\"},{\"@type\":\"Organization\",\"@id\":\"https:\/\/www.casavio.com\/de\/#organization\",\"name\":\"Camping Ca'Savio\",\"url\":\"https:\/\/www.casavio.com\/de\/\",\"logo\":{\"@type\":\"ImageObject\",\"inLanguage\":\"de\",\"@id\":\"https:\/\/www.casavio.com\/de\/#\/schema\/logo\/image\/\",\"url\":\"https:\/\/www.casavio.com\/wp-content\/uploads\/2024\/04\/favicon.png\",\"contentUrl\":\"https:\/\/www.casavio.com\/wp-content\/uploads\/2024\/04\/favicon.png\",\"width\":144,\"height\":144,\"caption\":\"Camping Ca'Savio\"},\"image\":{\"@id\":\"https:\/\/www.casavio.com\/de\/#\/schema\/logo\/image\/\"},\"sameAs\":[\"https:\/\/www.facebook.com\/campingcasavio\",\"https:\/\/www.instagram.com\/campingcasavio\",\"https:\/\/www.youtube.com\/user\/campingcasavio\"]}]}<\/script>\n<!-- \/ Yoast SEO plugin. -->","yoast_head_json":{"title":"Wasserpark Caribe Bay (Aqualandia): Erm\u00e4\u00dfigte Karten &#8211; Camping Ca&#039; Savio","description":"Caribe Bay (Aqualandia) in Jesolo Lido. Caribe Bay liegt ganz in der N\u00e4he Venedigs und des Campings Ca\u2019Savio.","robots":{"index":"index","follow":"follow","max-snippet":"max-snippet:-1","max-image-preview":"max-image-preview:large","max-video-preview":"max-video-preview:-1"},"canonical":"https:\/\/www.casavio.com\/de\/camping-aktivitaeten\/ausfluege\/caribe-bay-aquapark\/","og_locale":"de_DE","og_type":"article","og_title":"Wasserpark Caribe Bay (Aqualandia): Erm\u00e4\u00dfigte Karten &#8211; Camping Ca&#039; Savio","og_description":"Caribe Bay (Aqualandia) in Jesolo Lido. Caribe Bay liegt ganz in der N\u00e4he Venedigs und des Campings Ca\u2019Savio.","og_url":"https:\/\/www.casavio.com\/de\/camping-aktivitaeten\/ausfluege\/caribe-bay-aquapark\/","og_site_name":"Camping Ca&#039; Savio","article_publisher":"https:\/\/www.facebook.com\/campingcasavio","article_modified_time":"2023-06-19T09:56:08+00:00","og_image":[{"width":440,"height":600,"url":"https:\/\/www.casavio.com\/wp-content\/uploads\/2022\/06\/caribe-bay.jpg","type":"image\/jpeg"}],"twitter_card":"summary_large_image","twitter_misc":{"Gesch\u00e4tzte Lesezeit":"1\u00a0Minute"},"schema":{"@context":"https:\/\/schema.org","@graph":[{"@type":"WebPage","@id":"https:\/\/www.casavio.com\/de\/camping-aktivitaeten\/ausfluege\/caribe-bay-aquapark\/","url":"https:\/\/www.casavio.com\/de\/camping-aktivitaeten\/ausfluege\/caribe-bay-aquapark\/","name":"Wasserpark Caribe Bay (Aqualandia): Erm\u00e4\u00dfigte Karten &#8211; Camping Ca&#039; Savio","isPartOf":{"@id":"https:\/\/www.casavio.com\/de\/#website"},"primaryImageOfPage":{"@id":"https:\/\/www.casavio.com\/de\/camping-aktivitaeten\/ausfluege\/caribe-bay-aquapark\/#primaryimage"},"image":{"@id":"https:\/\/www.casavio.com\/de\/camping-aktivitaeten\/ausfluege\/caribe-bay-aquapark\/#primaryimage"},"thumbnailUrl":"https:\/\/www.casavio.com\/wp-content\/uploads\/2022\/06\/caribe-bay.jpg","datePublished":"2019-11-07T10:12:54+00:00","dateModified":"2023-06-19T09:56:08+00:00","description":"Caribe Bay (Aqualandia) in Jesolo Lido. Caribe Bay liegt ganz in der N\u00e4he Venedigs und des Campings Ca\u2019Savio.","breadcrumb":{"@id":"https:\/\/www.casavio.com\/de\/camping-aktivitaeten\/ausfluege\/caribe-bay-aquapark\/#breadcrumb"},"inLanguage":"de","potentialAction":[{"@type":"ReadAction","target":["https:\/\/www.casavio.com\/de\/camping-aktivitaeten\/ausfluege\/caribe-bay-aquapark\/"]}]},{"@type":"ImageObject","inLanguage":"de","@id":"https:\/\/www.casavio.com\/de\/camping-aktivitaeten\/ausfluege\/caribe-bay-aquapark\/#primaryimage","url":"https:\/\/www.casavio.com\/wp-content\/uploads\/2022\/06\/caribe-bay.jpg","contentUrl":"https:\/\/www.casavio.com\/wp-content\/uploads\/2022\/06\/caribe-bay.jpg","width":440,"height":600},{"@type":"BreadcrumbList","@id":"https:\/\/www.casavio.com\/de\/camping-aktivitaeten\/ausfluege\/caribe-bay-aquapark\/#breadcrumb","itemListElement":[{"@type":"ListItem","position":1,"name":"Home","item":"https:\/\/www.casavio.com\/de\/"},{"@type":"ListItem","position":2,"name":"Aktivit\u00e4ten","item":"https:\/\/www.casavio.com\/de\/camping-aktivitaeten\/"},{"@type":"ListItem","position":3,"name":"Ausfl\u00fcge","item":"https:\/\/www.casavio.com\/de\/camping-aktivitaeten\/ausfluege\/"},{"@type":"ListItem","position":4,"name":"Caribe Bay Aquapark"}]},{"@type":"WebSite","@id":"https:\/\/www.casavio.com\/de\/#website","url":"https:\/\/www.casavio.com\/de\/","name":"Camping Ca&#039; Savio","description":"","publisher":{"@id":"https:\/\/www.casavio.com\/de\/#organization"},"potentialAction":[{"@type":"SearchAction","target":{"@type":"EntryPoint","urlTemplate":"https:\/\/www.casavio.com\/de\/?s={search_term_string}"},"query-input":{"@type":"PropertyValueSpecification","valueRequired":true,"valueName":"search_term_string"}}],"inLanguage":"de"},{"@type":"Organization","@id":"https:\/\/www.casavio.com\/de\/#organization","name":"Camping Ca'Savio","url":"https:\/\/www.casavio.com\/de\/","logo":{"@type":"ImageObject","inLanguage":"de","@id":"https:\/\/www.casavio.com\/de\/#\/schema\/logo\/image\/","url":"https:\/\/www.casavio.com\/wp-content\/uploads\/2024\/04\/favicon.png","contentUrl":"https:\/\/www.casavio.com\/wp-content\/uploads\/2024\/04\/favicon.png","width":144,"height":144,"caption":"Camping Ca'Savio"},"image":{"@id":"https:\/\/www.casavio.com\/de\/#\/schema\/logo\/image\/"},"sameAs":["https:\/\/www.facebook.com\/campingcasavio","https:\/\/www.instagram.com\/campingcasavio","https:\/\/www.youtube.com\/user\/campingcasavio"]}]}},"_links":{"self":[{"href":"https:\/\/www.casavio.com\/de\/wp-json\/wp\/v2\/pages\/8159","targetHints":{"allow":["GET"]}}],"collection":[{"href":"https:\/\/www.casavio.com\/de\/wp-json\/wp\/v2\/pages"}],"about":[{"href":"https:\/\/www.casavio.com\/de\/wp-json\/wp\/v2\/types\/page"}],"author":[{"embeddable":true,"href":"https:\/\/www.casavio.com\/de\/wp-json\/wp\/v2\/users\/3"}],"replies":[{"embeddable":true,"href":"https:\/\/www.casavio.com\/de\/wp-json\/wp\/v2\/comments?post=8159"}],"version-history":[{"count":1,"href":"https:\/\/www.casavio.com\/de\/wp-json\/wp\/v2\/pages\/8159\/revisions"}],"predecessor-version":[{"id":27957,"href":"https:\/\/www.casavio.com\/de\/wp-json\/wp\/v2\/pages\/8159\/revisions\/27957"}],"up":[{"embeddable":true,"href":"https:\/\/www.casavio.com\/de\/wp-json\/wp\/v2\/pages\/8138"}],"wp:featuredmedia":[{"embeddable":true,"href":"https:\/\/www.casavio.com\/de\/wp-json\/wp\/v2\/media\/23827"}],"wp:attachment":[{"href":"https:\/\/www.casavio.com\/de\/wp-json\/wp\/v2\/media?parent=8159"}],"curies":[{"name":"wp","href":"https:\/\/api.w.org\/{rel}","templated":true}]}}