{"id":8182,"date":"2019-11-26T11:53:00","date_gmt":"2019-11-26T10:53:00","guid":{"rendered":"https:\/\/www.casavio.com\/umgebung\/cavallino-treporti-und-lagune\/beach-on-fire-al-ca-savio\/"},"modified":"2025-04-03T10:56:51","modified_gmt":"2025-04-03T08:56:51","slug":"beach-on-fire-auf-casavio","status":"publish","type":"page","link":"https:\/\/www.casavio.com\/de\/umgebung\/cavallino-treporti-und-lagune\/beach-on-fire-auf-casavio\/","title":{"rendered":"Beach on Fire auf Ca\u2019Savio"},"content":{"rendered":"<p>Das am meisten herbeigesehnte Ereignis des Sommers in Cavallino Treporti ist sicherlich die Veranstaltung Beach on Fire.<\/p>\n<p>Beach on Fire ist weitaus mehr als ein einfaches Feuerwerk. Es handelt sich um einen weltweit einzigartigen Event, der Tausende von Besuchern aus ganz Italien und Europa anzieht.<\/p>\n<p>Beach on Fire ist eine spannende, beeindruckende Show und h\u00e4lt den Guinness-Rekord (nicht umsonst ist sie als <strong>das l\u00e4ngste Feuerwerk der Welt<\/strong> bekannt).<br \/>\nAbertausende Feuerwerksk\u00f6rper, die perfekt aufeinander abgestimmt von etwa zehn Abschlusspl\u00e4tzen, an strategischen Stellen zwischen Punta Sabbioni und dem Leuchtturm von Cavallino verteilt, gez\u00fcndet werden, beleuchten den Himmel <strong>\u00fcber den 13 Kilometern K\u00fcste von Cavallino Treporti<\/strong>.<br \/>\nDas Ergebnis dieser unglaublichen Synchronisation ist atemberaubend. Der Himmel von Cavallino Treporti verwandelt sich in eine nachtdunkle Leinwand, auf der faszinierende Farb- und Lichtspiele erscheinen.<\/p>\n<p>Beach on Fire, inzwischen zum zehnten Mal veranstaltet, ist einer der am meisten herbeigesehnten und beliebtesten Events der K\u00fcste Venetiens: Viele Urlauber stimmen ihren Aufenthalt extra auf diese Show ab. Und gibt es denn eine bessere Art und Weise, seinen Urlaub am Meer zu kr\u00f6nen?<\/p>\n<p>Auch dieses Jahr wird Beach on Fire, wie \u00fcblich, gegen Ende August stattfinden (die Veranstaltung <strong>2025<\/strong> ist auf <strong>Samstag, den 23. August<\/strong>, festgesetzt).<br \/>\nAufgrund des besonderen, nat\u00fcrlichen Verlaufs der K\u00fcste von Cavallino-Treporti bietet jeder Ort der Lagune eine hervorragende Sicht auf das Feuerwerk.<br \/>\nViele Besucher bevorzugen den Strand, wer die Show aber aus einer ungew\u00f6hnlichen Perspektive erleben m\u00f6chte, kann sie auf einem Boot oder Schiff vom Meer aus bewundern. Von hier betrachtet ist das Feuerwerk besonders beeindruckend und romantisch: Nur schwer kann man sich diesem Triumph der Farben entziehen, die sich ins Meer st\u00fcrzen und Effekte von unbeschreiblicher Sch\u00f6nheit erzeugen.<\/p>\n<p>Der <strong>Campingplatz Ca\u2019 Savio in Cavallino ist der ideale Ort<\/strong>, um die Feuerwerk-Show zu genie\u00dfen, <strong>mit seinen weiten Fl\u00e4chen und einem Kilometer <a href=\"https:\/\/www.casavio.com\/de\/dienstleistungen\/ca-savio-strand\/\">Strand<\/a><\/strong>, die den G\u00e4sten zur Verf\u00fcgung stehen, perfekt geeignet.<\/p>\n<p>Beach on Fire wird von einigen der gr\u00f6\u00dften Experten f\u00fcr Pyrotechnik realisiert. Die Veranstaltung wird vom Parco Turistico von Cavallino-Treporti (wichtiger Verband von Beherbergungsst\u00e4tten) in Zusammenarbeit mit der Gemeinde, mit Assocamping (Vereinigung von Campingpl\u00e4tzen und Feriend\u00f6rfern) und mit verschiedenen lokalen Unternehmen gef\u00f6rdert.<\/p>\n","protected":false},"excerpt":{"rendered":"<p>Das am meisten erwartete Ereignis an der K\u00fcste.<\/p>\n","protected":false},"author":4,"featured_media":4475,"parent":8179,"menu_order":0,"comment_status":"closed","ping_status":"closed","template":"","meta":{"_acf_changed":false},"class_list":["post-8182","page","type-page","status-publish","has-post-thumbnail","hentry"],"acf":[],"yoast_head":"<!-- This site is optimized with the Yoast SEO plugin v25.3 - https:\/\/yoast.com\/wordpress\/plugins\/seo\/ -->\n<title>Beach on Fire Cavallino &#8211; Camping Ca&#039; Savio<\/title>\n<meta name=\"description\" content=\"Abertausende Feuerwerksk\u00f6rper, die perfekt aufeinander abgestimmt von etwa zehn Abschlusspl\u00e4tzen, an strategischen Stellen zwischen Punta Sabbioni und dem Leuchtturm von Cavallino verteilt, gez\u00fcndet werden, beleuchten den Himmel \u00fcber den 13 Kilometern K\u00fcste von Cavallino Treporti.\" \/>\n<meta name=\"robots\" content=\"index, follow, max-snippet:-1, max-image-preview:large, max-video-preview:-1\" \/>\n<link rel=\"canonical\" href=\"https:\/\/www.casavio.com\/de\/umgebung\/cavallino-treporti-und-lagune\/beach-on-fire-auf-casavio\/\" \/>\n<meta property=\"og:locale\" content=\"de_DE\" \/>\n<meta property=\"og:type\" content=\"article\" \/>\n<meta property=\"og:title\" content=\"Beach on Fire Cavallino &#8211; Camping Ca&#039; Savio\" \/>\n<meta property=\"og:description\" content=\"Abertausende Feuerwerksk\u00f6rper, die perfekt aufeinander abgestimmt von etwa zehn Abschlusspl\u00e4tzen, an strategischen Stellen zwischen Punta Sabbioni und dem Leuchtturm von Cavallino verteilt, gez\u00fcndet werden, beleuchten den Himmel \u00fcber den 13 Kilometern K\u00fcste von Cavallino Treporti.\" \/>\n<meta property=\"og:url\" content=\"https:\/\/www.casavio.com\/de\/umgebung\/cavallino-treporti-und-lagune\/beach-on-fire-auf-casavio\/\" \/>\n<meta property=\"og:site_name\" content=\"Camping Ca&#039; Savio\" \/>\n<meta property=\"article:publisher\" content=\"https:\/\/www.facebook.com\/campingcasavio\" \/>\n<meta property=\"article:modified_time\" content=\"2025-04-03T08:56:51+00:00\" \/>\n<meta property=\"og:image\" content=\"https:\/\/www.casavio.com\/wp-content\/uploads\/2019\/11\/ca-savio-cavallino-treporti-beach-on-fire-box-1.jpg\" \/>\n\t<meta property=\"og:image:width\" content=\"440\" \/>\n\t<meta property=\"og:image:height\" content=\"600\" \/>\n\t<meta property=\"og:image:type\" content=\"image\/jpeg\" \/>\n<meta name=\"twitter:card\" content=\"summary_large_image\" \/>\n<meta name=\"twitter:label1\" content=\"Gesch\u00e4tzte Lesezeit\" \/>\n\t<meta name=\"twitter:data1\" content=\"3\u00a0Minuten\" \/>\n<script type=\"application\/ld+json\" class=\"yoast-schema-graph\">{\"@context\":\"https:\/\/schema.org\",\"@graph\":[{\"@type\":\"WebPage\",\"@id\":\"https:\/\/www.casavio.com\/de\/umgebung\/cavallino-treporti-und-lagune\/beach-on-fire-auf-casavio\/\",\"url\":\"https:\/\/www.casavio.com\/de\/umgebung\/cavallino-treporti-und-lagune\/beach-on-fire-auf-casavio\/\",\"name\":\"Beach on Fire Cavallino &#8211; Camping Ca&#039; Savio\",\"isPartOf\":{\"@id\":\"https:\/\/www.casavio.com\/de\/#website\"},\"primaryImageOfPage\":{\"@id\":\"https:\/\/www.casavio.com\/de\/umgebung\/cavallino-treporti-und-lagune\/beach-on-fire-auf-casavio\/#primaryimage\"},\"image\":{\"@id\":\"https:\/\/www.casavio.com\/de\/umgebung\/cavallino-treporti-und-lagune\/beach-on-fire-auf-casavio\/#primaryimage\"},\"thumbnailUrl\":\"https:\/\/www.casavio.com\/wp-content\/uploads\/2019\/11\/ca-savio-cavallino-treporti-beach-on-fire-box-1.jpg\",\"datePublished\":\"2019-11-26T10:53:00+00:00\",\"dateModified\":\"2025-04-03T08:56:51+00:00\",\"description\":\"Abertausende Feuerwerksk\u00f6rper, die perfekt aufeinander abgestimmt von etwa zehn Abschlusspl\u00e4tzen, an strategischen Stellen zwischen Punta Sabbioni und dem Leuchtturm von Cavallino verteilt, gez\u00fcndet werden, beleuchten den Himmel \u00fcber den 13 Kilometern K\u00fcste von Cavallino Treporti.\",\"breadcrumb\":{\"@id\":\"https:\/\/www.casavio.com\/de\/umgebung\/cavallino-treporti-und-lagune\/beach-on-fire-auf-casavio\/#breadcrumb\"},\"inLanguage\":\"de\",\"potentialAction\":[{\"@type\":\"ReadAction\",\"target\":[\"https:\/\/www.casavio.com\/de\/umgebung\/cavallino-treporti-und-lagune\/beach-on-fire-auf-casavio\/\"]}]},{\"@type\":\"ImageObject\",\"inLanguage\":\"de\",\"@id\":\"https:\/\/www.casavio.com\/de\/umgebung\/cavallino-treporti-und-lagune\/beach-on-fire-auf-casavio\/#primaryimage\",\"url\":\"https:\/\/www.casavio.com\/wp-content\/uploads\/2019\/11\/ca-savio-cavallino-treporti-beach-on-fire-box-1.jpg\",\"contentUrl\":\"https:\/\/www.casavio.com\/wp-content\/uploads\/2019\/11\/ca-savio-cavallino-treporti-beach-on-fire-box-1.jpg\",\"width\":440,\"height\":600},{\"@type\":\"BreadcrumbList\",\"@id\":\"https:\/\/www.casavio.com\/de\/umgebung\/cavallino-treporti-und-lagune\/beach-on-fire-auf-casavio\/#breadcrumb\",\"itemListElement\":[{\"@type\":\"ListItem\",\"position\":1,\"name\":\"Home\",\"item\":\"https:\/\/www.casavio.com\/de\/\"},{\"@type\":\"ListItem\",\"position\":2,\"name\":\"Umgebung\",\"item\":\"https:\/\/www.casavio.com\/de\/umgebung\/\"},{\"@type\":\"ListItem\",\"position\":3,\"name\":\"Cavallino Treporti und die Lagune\",\"item\":\"https:\/\/www.casavio.com\/de\/umgebung\/cavallino-treporti-und-lagune\/\"},{\"@type\":\"ListItem\",\"position\":4,\"name\":\"Beach on Fire auf Ca\u2019Savio\"}]},{\"@type\":\"WebSite\",\"@id\":\"https:\/\/www.casavio.com\/de\/#website\",\"url\":\"https:\/\/www.casavio.com\/de\/\",\"name\":\"Camping Ca&#039; Savio\",\"description\":\"\",\"publisher\":{\"@id\":\"https:\/\/www.casavio.com\/de\/#organization\"},\"potentialAction\":[{\"@type\":\"SearchAction\",\"target\":{\"@type\":\"EntryPoint\",\"urlTemplate\":\"https:\/\/www.casavio.com\/de\/?s={search_term_string}\"},\"query-input\":{\"@type\":\"PropertyValueSpecification\",\"valueRequired\":true,\"valueName\":\"search_term_string\"}}],\"inLanguage\":\"de\"},{\"@type\":\"Organization\",\"@id\":\"https:\/\/www.casavio.com\/de\/#organization\",\"name\":\"Camping Ca'Savio\",\"url\":\"https:\/\/www.casavio.com\/de\/\",\"logo\":{\"@type\":\"ImageObject\",\"inLanguage\":\"de\",\"@id\":\"https:\/\/www.casavio.com\/de\/#\/schema\/logo\/image\/\",\"url\":\"https:\/\/www.casavio.com\/wp-content\/uploads\/2024\/04\/favicon.png\",\"contentUrl\":\"https:\/\/www.casavio.com\/wp-content\/uploads\/2024\/04\/favicon.png\",\"width\":144,\"height\":144,\"caption\":\"Camping Ca'Savio\"},\"image\":{\"@id\":\"https:\/\/www.casavio.com\/de\/#\/schema\/logo\/image\/\"},\"sameAs\":[\"https:\/\/www.facebook.com\/campingcasavio\",\"https:\/\/www.instagram.com\/campingcasavio\",\"https:\/\/www.youtube.com\/user\/campingcasavio\"]}]}<\/script>\n<!-- \/ Yoast SEO plugin. -->","yoast_head_json":{"title":"Beach on Fire Cavallino &#8211; Camping Ca&#039; Savio","description":"Abertausende Feuerwerksk\u00f6rper, die perfekt aufeinander abgestimmt von etwa zehn Abschlusspl\u00e4tzen, an strategischen Stellen zwischen Punta Sabbioni und dem Leuchtturm von Cavallino verteilt, gez\u00fcndet werden, beleuchten den Himmel \u00fcber den 13 Kilometern K\u00fcste von Cavallino Treporti.","robots":{"index":"index","follow":"follow","max-snippet":"max-snippet:-1","max-image-preview":"max-image-preview:large","max-video-preview":"max-video-preview:-1"},"canonical":"https:\/\/www.casavio.com\/de\/umgebung\/cavallino-treporti-und-lagune\/beach-on-fire-auf-casavio\/","og_locale":"de_DE","og_type":"article","og_title":"Beach on Fire Cavallino &#8211; Camping Ca&#039; Savio","og_description":"Abertausende Feuerwerksk\u00f6rper, die perfekt aufeinander abgestimmt von etwa zehn Abschlusspl\u00e4tzen, an strategischen Stellen zwischen Punta Sabbioni und dem Leuchtturm von Cavallino verteilt, gez\u00fcndet werden, beleuchten den Himmel \u00fcber den 13 Kilometern K\u00fcste von Cavallino Treporti.","og_url":"https:\/\/www.casavio.com\/de\/umgebung\/cavallino-treporti-und-lagune\/beach-on-fire-auf-casavio\/","og_site_name":"Camping Ca&#039; Savio","article_publisher":"https:\/\/www.facebook.com\/campingcasavio","article_modified_time":"2025-04-03T08:56:51+00:00","og_image":[{"width":440,"height":600,"url":"https:\/\/www.casavio.com\/wp-content\/uploads\/2019\/11\/ca-savio-cavallino-treporti-beach-on-fire-box-1.jpg","type":"image\/jpeg"}],"twitter_card":"summary_large_image","twitter_misc":{"Gesch\u00e4tzte Lesezeit":"3\u00a0Minuten"},"schema":{"@context":"https:\/\/schema.org","@graph":[{"@type":"WebPage","@id":"https:\/\/www.casavio.com\/de\/umgebung\/cavallino-treporti-und-lagune\/beach-on-fire-auf-casavio\/","url":"https:\/\/www.casavio.com\/de\/umgebung\/cavallino-treporti-und-lagune\/beach-on-fire-auf-casavio\/","name":"Beach on Fire Cavallino &#8211; Camping Ca&#039; Savio","isPartOf":{"@id":"https:\/\/www.casavio.com\/de\/#website"},"primaryImageOfPage":{"@id":"https:\/\/www.casavio.com\/de\/umgebung\/cavallino-treporti-und-lagune\/beach-on-fire-auf-casavio\/#primaryimage"},"image":{"@id":"https:\/\/www.casavio.com\/de\/umgebung\/cavallino-treporti-und-lagune\/beach-on-fire-auf-casavio\/#primaryimage"},"thumbnailUrl":"https:\/\/www.casavio.com\/wp-content\/uploads\/2019\/11\/ca-savio-cavallino-treporti-beach-on-fire-box-1.jpg","datePublished":"2019-11-26T10:53:00+00:00","dateModified":"2025-04-03T08:56:51+00:00","description":"Abertausende Feuerwerksk\u00f6rper, die perfekt aufeinander abgestimmt von etwa zehn Abschlusspl\u00e4tzen, an strategischen Stellen zwischen Punta Sabbioni und dem Leuchtturm von Cavallino verteilt, gez\u00fcndet werden, beleuchten den Himmel \u00fcber den 13 Kilometern K\u00fcste von Cavallino Treporti.","breadcrumb":{"@id":"https:\/\/www.casavio.com\/de\/umgebung\/cavallino-treporti-und-lagune\/beach-on-fire-auf-casavio\/#breadcrumb"},"inLanguage":"de","potentialAction":[{"@type":"ReadAction","target":["https:\/\/www.casavio.com\/de\/umgebung\/cavallino-treporti-und-lagune\/beach-on-fire-auf-casavio\/"]}]},{"@type":"ImageObject","inLanguage":"de","@id":"https:\/\/www.casavio.com\/de\/umgebung\/cavallino-treporti-und-lagune\/beach-on-fire-auf-casavio\/#primaryimage","url":"https:\/\/www.casavio.com\/wp-content\/uploads\/2019\/11\/ca-savio-cavallino-treporti-beach-on-fire-box-1.jpg","contentUrl":"https:\/\/www.casavio.com\/wp-content\/uploads\/2019\/11\/ca-savio-cavallino-treporti-beach-on-fire-box-1.jpg","width":440,"height":600},{"@type":"BreadcrumbList","@id":"https:\/\/www.casavio.com\/de\/umgebung\/cavallino-treporti-und-lagune\/beach-on-fire-auf-casavio\/#breadcrumb","itemListElement":[{"@type":"ListItem","position":1,"name":"Home","item":"https:\/\/www.casavio.com\/de\/"},{"@type":"ListItem","position":2,"name":"Umgebung","item":"https:\/\/www.casavio.com\/de\/umgebung\/"},{"@type":"ListItem","position":3,"name":"Cavallino Treporti und die Lagune","item":"https:\/\/www.casavio.com\/de\/umgebung\/cavallino-treporti-und-lagune\/"},{"@type":"ListItem","position":4,"name":"Beach on Fire auf Ca\u2019Savio"}]},{"@type":"WebSite","@id":"https:\/\/www.casavio.com\/de\/#website","url":"https:\/\/www.casavio.com\/de\/","name":"Camping Ca&#039; Savio","description":"","publisher":{"@id":"https:\/\/www.casavio.com\/de\/#organization"},"potentialAction":[{"@type":"SearchAction","target":{"@type":"EntryPoint","urlTemplate":"https:\/\/www.casavio.com\/de\/?s={search_term_string}"},"query-input":{"@type":"PropertyValueSpecification","valueRequired":true,"valueName":"search_term_string"}}],"inLanguage":"de"},{"@type":"Organization","@id":"https:\/\/www.casavio.com\/de\/#organization","name":"Camping Ca'Savio","url":"https:\/\/www.casavio.com\/de\/","logo":{"@type":"ImageObject","inLanguage":"de","@id":"https:\/\/www.casavio.com\/de\/#\/schema\/logo\/image\/","url":"https:\/\/www.casavio.com\/wp-content\/uploads\/2024\/04\/favicon.png","contentUrl":"https:\/\/www.casavio.com\/wp-content\/uploads\/2024\/04\/favicon.png","width":144,"height":144,"caption":"Camping Ca'Savio"},"image":{"@id":"https:\/\/www.casavio.com\/de\/#\/schema\/logo\/image\/"},"sameAs":["https:\/\/www.facebook.com\/campingcasavio","https:\/\/www.instagram.com\/campingcasavio","https:\/\/www.youtube.com\/user\/campingcasavio"]}]}},"_links":{"self":[{"href":"https:\/\/www.casavio.com\/de\/wp-json\/wp\/v2\/pages\/8182","targetHints":{"allow":["GET"]}}],"collection":[{"href":"https:\/\/www.casavio.com\/de\/wp-json\/wp\/v2\/pages"}],"about":[{"href":"https:\/\/www.casavio.com\/de\/wp-json\/wp\/v2\/types\/page"}],"author":[{"embeddable":true,"href":"https:\/\/www.casavio.com\/de\/wp-json\/wp\/v2\/users\/4"}],"replies":[{"embeddable":true,"href":"https:\/\/www.casavio.com\/de\/wp-json\/wp\/v2\/comments?post=8182"}],"version-history":[{"count":2,"href":"https:\/\/www.casavio.com\/de\/wp-json\/wp\/v2\/pages\/8182\/revisions"}],"predecessor-version":[{"id":38634,"href":"https:\/\/www.casavio.com\/de\/wp-json\/wp\/v2\/pages\/8182\/revisions\/38634"}],"up":[{"embeddable":true,"href":"https:\/\/www.casavio.com\/de\/wp-json\/wp\/v2\/pages\/8179"}],"wp:featuredmedia":[{"embeddable":true,"href":"https:\/\/www.casavio.com\/de\/wp-json\/wp\/v2\/media\/4475"}],"wp:attachment":[{"href":"https:\/\/www.casavio.com\/de\/wp-json\/wp\/v2\/media?parent=8182"}],"curies":[{"name":"wp","href":"https:\/\/api.w.org\/{rel}","templated":true}]}}